{"id":11560,"date":"2023-11-29T10:28:15","date_gmt":"2023-11-29T10:28:15","guid":{"rendered":"https:\/\/moverdb.com\/?page_id=11560"},"modified":"2026-01-08T15:24:13","modified_gmt":"2026-01-08T15:24:13","slug":"moving-companies-in-el-paso-usa","status":"publish","type":"page","link":"https:\/\/moverdb.com\/pt\/moving-companies\/moving-companies-in-el-paso-usa\/","title":{"rendered":"3 melhores empresas de mudan\u00e7as internacionais em El Paso"},"content":{"rendered":"<p>Est\u00e1 planejando se mudar dentro, para ou de El Paso? Ent\u00e3o, pe\u00e7a a ajuda de um <a href=\"https:\/\/moverdb.com\/pt\/moving-companies\/\" data-internallinksmanager029f6b8e52c=\"79\" title=\"As 25 maiores empresas de mudan\u00e7as internacionais on-line\">empresa de mudan\u00e7as<\/a> para embalar, providenciar o transporte e cuidar da alf\u00e2ndega para mudan\u00e7as internacionais pode reduzir o estresse. Abaixo, compilamos uma lista de empresas de El Paso <a href=\"https:\/\/moverdb.com\/pt\/international-removals\/\" data-internallinksmanager029f6b8e52c=\"27\" title=\"36 melhores empresas de mudan\u00e7as internacionais no Reino Unido\">empresas de mudan\u00e7as<\/a> que s\u00e3o membros do <a href=\"https:\/\/moverdb.com\/pt\/iam\/\" data-internallinksmanager029f6b8e52c=\"23\" title=\"Associa\u00e7\u00e3o Internacional de Remotores (IAM) Explicado\">Associa\u00e7\u00e3o Internacional de Movers<\/a> (IAM) e\/ou <a href=\"https:\/\/moverdb.com\/pt\/fidi-faim\/\" data-internallinksmanager029f6b8e52c=\"16\" title=\"FIDI &amp; FAIM (FIDI Accredited International Mover) Explicado\">FIDI<\/a> Credenciado pela International Mover (FAIM) que poderia ajud\u00e1-lo em sua mudan\u00e7a.<\/p>\n<h2><strong>1. Deseret International Forwarding<\/strong><\/h2>\n<p><img loading=\"lazy\" decoding=\"async\" class=\"alignnone size-full wp-image-11305\" src=\"https:\/\/moverdb.com\/wp-content\/uploads\/Deseret-International-Forwarding-moving-company.png\" alt=\"Empresa de mudan\u00e7as Deseret International Forwarding\" width=\"1440\" height=\"676\" data-wp-pid=\"11305\" srcset=\"https:\/\/moverdb.com\/wp-content\/uploads\/Deseret-International-Forwarding-moving-company.png 1440w, https:\/\/moverdb.com\/wp-content\/uploads\/Deseret-International-Forwarding-moving-company-300x141.png 300w, https:\/\/moverdb.com\/wp-content\/uploads\/Deseret-International-Forwarding-moving-company-1024x481.png 1024w, https:\/\/moverdb.com\/wp-content\/uploads\/Deseret-International-Forwarding-moving-company-18x8.png 18w, https:\/\/moverdb.com\/wp-content\/uploads\/Deseret-International-Forwarding-moving-company-600x282.png 600w\" sizes=\"auto, (max-width: 1440px) 100vw, 1440px\" \/><\/p>\n<ul>\n<li>Movimentos internacionais<\/li>\n<li>Mudan\u00e7as dom\u00e9sticas<\/li>\n<li>Movimentos corporativos<\/li>\n<li>Porta a porta ou <a href=\"https:\/\/moverdb.com\/pt\/top-49-container-ports\/\" data-internallinksmanager029f6b8e52c=\"80\" title=\"Os 49 maiores e mais movimentados portos de cont\u00eaineres em 2025\">porto<\/a>-Servi\u00e7o porta a porta<\/li>\n<li>Coordenador de mudan\u00e7as pessoais<\/li>\n<li>Servi\u00e7o de embalagem<\/li>\n<li>Transporte a\u00e9reo, mar\u00edtimo e terrestre<\/li>\n<li>Rastreamento de embarque on-line<\/li>\n<li>Seguro contra todos os riscos<\/li>\n<li>Armazenamento seguro<\/li>\n<\/ul>\n<p>A Deseret International Forwarding se concentra no encaminhamento internacional de bens dom\u00e9sticos e est\u00e1 sediada em El Paso. Eles t\u00eam uma rede confi\u00e1vel de relacionamentos globais com outros agentes de mudan\u00e7as para oferecer servi\u00e7os de mudan\u00e7as internacionais. Eles s\u00e3o membros da IAM com 31 anos de experi\u00eancia.<\/p>\n<p>Os coordenadores de mudan\u00e7a pessoal da Deseret International Forwarding o apoiar\u00e3o durante toda a mudan\u00e7a e o ajudar\u00e3o a selecionar a melhor maneira de se mudar para a sua nova casa. Eles oferecem um servi\u00e7o porta a porta ou servi\u00e7o porto a porta, que pode incluir a embalagem de seus pertences. Eles providenciar\u00e3o o transporte seguro de seus pertences por via a\u00e9rea, mar\u00edtima ou terrestre.<\/p>\n<p>Website: <a href=\"http:\/\/www.deseret-intl.com\/\" target=\"_blank\" rel=\"noopener\">http:\/\/www.deseret-intl.com\/<\/a><\/p>\n<h2><strong>2. ITO<\/strong><\/h2>\n<p><img loading=\"lazy\" decoding=\"async\" class=\"alignnone size-full wp-image-11355\" src=\"https:\/\/moverdb.com\/wp-content\/uploads\/ITO-El-Paso-international-moving-company.png\" alt=\"Empresa de mudan\u00e7as internacionais ITO El Paso\" width=\"1440\" height=\"683\" data-wp-pid=\"11355\" srcset=\"https:\/\/moverdb.com\/wp-content\/uploads\/ITO-El-Paso-international-moving-company.png 1440w, https:\/\/moverdb.com\/wp-content\/uploads\/ITO-El-Paso-international-moving-company-300x142.png 300w, https:\/\/moverdb.com\/wp-content\/uploads\/ITO-El-Paso-international-moving-company-1024x486.png 1024w, https:\/\/moverdb.com\/wp-content\/uploads\/ITO-El-Paso-international-moving-company-18x9.png 18w, https:\/\/moverdb.com\/wp-content\/uploads\/ITO-El-Paso-international-moving-company-600x285.png 600w\" sizes=\"auto, (max-width: 1440px) 100vw, 1440px\" \/><\/p>\n<ul>\n<li>Movimentos nacionais<\/li>\n<li>Movimentos internacionais<\/li>\n<li>Mudan\u00e7as dom\u00e9sticas<\/li>\n<li>Mudan\u00e7as de escrit\u00f3rios<\/li>\n<li>Consulta inicial<\/li>\n<li>Servi\u00e7o de embalagem<\/li>\n<li>Provid\u00eancias de transporte<\/li>\n<li>Desembara\u00e7o aduaneiro<\/li>\n<li>Servi\u00e7os para artes\u00e3os<\/li>\n<li>Armazenamento seguro<\/li>\n<\/ul>\n<p>A ITO \u00e9 uma empresa de mudan\u00e7as internacionais com filiais nos <a href=\"https:\/\/moverdb.com\/pt\/moving-to-the-united-states\/\" data-internallinksmanager029f6b8e52c=\"94\" title=\"Mudando-se para os Estados Unidos? 2026 Custos de Vida e Dicas de Reloca\u00e7\u00e3o\">EUA<\/a>, <a href=\"https:\/\/moverdb.com\/pt\/moving-to-germany\/\" data-internallinksmanager029f6b8e52c=\"321\" title=\"Est\u00e1 se mudando para a Alemanha? 2026 Custo de vida e dicas de realoca\u00e7\u00e3o\">Alemanha<\/a> e na \u00c1frica. Seus escrit\u00f3rios nos EUA est\u00e3o localizados em El Paso, Wichita Falls e Norfolk. Eles trabalham internacionalmente usando suas pr\u00f3prias filiais e uma rede de parceiros internacionais. A empresa \u00e9 membro da IAM, com 47 anos de experi\u00eancia.<\/p>\n<p>A ITO oferece uma consulta inicial e orienta\u00e7\u00e3o para que voc\u00ea esteja preparado. Eles fornecem embalagens padr\u00e3o e especializadas para proteger seus pertences, al\u00e9m de desmontar e montar m\u00f3veis. Eles tamb\u00e9m podem oferecer servi\u00e7os de artesanato, se necess\u00e1rio. Eles oferecem uma variedade de op\u00e7\u00f5es de transporte, incluindo cont\u00eaineres coletivos para algumas regi\u00f5es.<\/p>\n<p>Website: <a href=\"https:\/\/www.ito-movers.de\/?lang=en\" target=\"_blank\" rel=\"noopener\">https:\/\/www.ito-movers.de\/?lang=en<\/a><\/p>\n<h2><strong>3. TIS Mundial<\/strong><\/h2>\n<p><img loading=\"lazy\" decoding=\"async\" class=\"alignnone size-full wp-image-11456\" src=\"https:\/\/moverdb.com\/wp-content\/uploads\/TIS-Worldwide-international-moving-company.png\" alt=\"Empresa de mudan\u00e7as internacionais TIS Worldwide\" width=\"1440\" height=\"682\" data-wp-pid=\"11456\" srcset=\"https:\/\/moverdb.com\/wp-content\/uploads\/TIS-Worldwide-international-moving-company.png 1440w, https:\/\/moverdb.com\/wp-content\/uploads\/TIS-Worldwide-international-moving-company-300x142.png 300w, https:\/\/moverdb.com\/wp-content\/uploads\/TIS-Worldwide-international-moving-company-1024x485.png 1024w, https:\/\/moverdb.com\/wp-content\/uploads\/TIS-Worldwide-international-moving-company-18x9.png 18w, https:\/\/moverdb.com\/wp-content\/uploads\/TIS-Worldwide-international-moving-company-600x284.png 600w\" sizes=\"auto, (max-width: 1440px) 100vw, 1440px\" \/><\/p>\n<ul>\n<li>Servi\u00e7os de agenciamento de frete<\/li>\n<li>Transporte internacional<\/li>\n<li>Log\u00edstica gerenciada<\/li>\n<li>Servi\u00e7o sob medida<\/li>\n<li>Servi\u00e7o porta-a-porta<\/li>\n<li>Servi\u00e7o porto a porto<\/li>\n<li>Transporte por caminh\u00e3o, trem, estrada e oceano<\/li>\n<li>Cargas completas e menos que completas<\/li>\n<li>Rastreamento de carga<\/li>\n<li>Instala\u00e7\u00f5es de armazenamento<\/li>\n<\/ul>\n<p>A TIS Worldwide \u00e9 uma prestadora de servi\u00e7os de log\u00edstica premium constitu\u00edda em 1976 e sediada em El Paso. Eles t\u00eam uma rede mundial de agentes na maioria dos pa\u00edses do mundo para ajud\u00e1-los a prestar servi\u00e7os internacionais. A empresa \u00e9 membro da IAM e tem 47 anos de experi\u00eancia.<\/p>\n<p>A TIS Worldwide oferece um servi\u00e7o personalizado e buscar\u00e1 as melhores op\u00e7\u00f5es de transporte para sua remessa a fim de obter os custos mais competitivos e um servi\u00e7o de qualidade. Eles oferecem uma variedade de op\u00e7\u00f5es de transporte, incluindo servi\u00e7os porta a porta e porto a porto para cargas de cont\u00eaineres cheios e n\u00e3o cheios, bem como cargas de projeto.<\/p>\n<p>Website: <a href=\"https:\/\/www.tis-shipping.com\/\" target=\"_blank\" rel=\"noopener\">https:\/\/www.tis-shipping.com\/<\/a><\/p>","protected":false},"excerpt":{"rendered":"<p>Are you planning on moving within, to or from El Paso? Then enlisting the help of a moving company to pack, arrange transport and handle customs for international moves can reduce the stress. Below we have compiled a list of El Paso based removal companies that are members of the International Association of Movers (IAM) [&hellip;]<\/p>\n","protected":false},"author":4,"featured_media":11305,"parent":190,"menu_order":0,"comment_status":"closed","ping_status":"closed","template":"","meta":{"_genesis_hide_title":false,"_genesis_hide_breadcrumbs":false,"_genesis_hide_singular_image":false,"_genesis_hide_footer_widgets":false,"_genesis_custom_body_class":"","_genesis_custom_post_class":"","_genesis_layout":"","footnotes":""},"class_list":{"0":"post-11560","1":"page","2":"type-page","3":"status-publish","4":"has-post-thumbnail","6":"entry"},"_links":{"self":[{"href":"https:\/\/moverdb.com\/pt\/wp-json\/wp\/v2\/pages\/11560","targetHints":{"allow":["GET"]}}],"collection":[{"href":"https:\/\/moverdb.com\/pt\/wp-json\/wp\/v2\/pages"}],"about":[{"href":"https:\/\/moverdb.com\/pt\/wp-json\/wp\/v2\/types\/page"}],"author":[{"embeddable":true,"href":"https:\/\/moverdb.com\/pt\/wp-json\/wp\/v2\/users\/4"}],"replies":[{"embeddable":true,"href":"https:\/\/moverdb.com\/pt\/wp-json\/wp\/v2\/comments?post=11560"}],"version-history":[{"count":1,"href":"https:\/\/moverdb.com\/pt\/wp-json\/wp\/v2\/pages\/11560\/revisions"}],"predecessor-version":[{"id":11561,"href":"https:\/\/moverdb.com\/pt\/wp-json\/wp\/v2\/pages\/11560\/revisions\/11561"}],"up":[{"embeddable":true,"href":"https:\/\/moverdb.com\/pt\/wp-json\/wp\/v2\/pages\/190"}],"wp:featuredmedia":[{"embeddable":true,"href":"https:\/\/moverdb.com\/pt\/wp-json\/wp\/v2\/media\/11305"}],"wp:attachment":[{"href":"https:\/\/moverdb.com\/pt\/wp-json\/wp\/v2\/media?parent=11560"}],"curies":[{"name":"wp","href":"https:\/\/api.w.org\/{rel}","templated":true}]}}