{"id":11558,"date":"2023-11-29T10:29:34","date_gmt":"2023-11-29T10:29:34","guid":{"rendered":"https:\/\/moverdb.com\/?page_id=11558"},"modified":"2026-01-08T15:24:12","modified_gmt":"2026-01-08T15:24:12","slug":"moving-companies-us-danbury","status":"publish","type":"page","link":"https:\/\/moverdb.com\/pt\/moving-companies\/moving-companies-us-danbury\/","title":{"rendered":"3 melhores empresas de mudan\u00e7as internacionais em Danbury"},"content":{"rendered":"<p>Planejar e gerenciar sua mudan\u00e7a pode ser estressante, portanto, obter um <a href=\"https:\/\/moverdb.com\/pt\/moving-companies\/\" data-internallinksmanager029f6b8e52c=\"79\" title=\"As 25 maiores empresas de mudan\u00e7as internacionais on-line\">empresa de mudan\u00e7as<\/a> para embalar e transportar seus pertences pode aliviar a press\u00e3o. Abaixo, compilamos uma lista de empresas de Danbury <a href=\"https:\/\/moverdb.com\/pt\/international-removals\/\" data-internallinksmanager029f6b8e52c=\"27\" title=\"36 melhores empresas de mudan\u00e7as internacionais no Reino Unido\">empresas de mudan\u00e7as<\/a> que s\u00e3o membros do <a href=\"https:\/\/moverdb.com\/pt\/iam\/\" data-internallinksmanager029f6b8e52c=\"23\" title=\"Associa\u00e7\u00e3o Internacional de Remotores (IAM) Explicado\">Associa\u00e7\u00e3o Internacional de Movers<\/a> (IAM) e\/ou <a href=\"https:\/\/moverdb.com\/pt\/fidi-faim\/\" data-internallinksmanager029f6b8e52c=\"16\" title=\"FIDI &amp; FAIM (FIDI Accredited International Mover) Explicado\">FIDI<\/a> Credenciado pela International Mover (FAIM) que poderia ajud\u00e1-lo em sua mudan\u00e7a.<\/p>\n<h2><strong>1. Continuum Internacional<\/strong><\/h2>\n<p><img loading=\"lazy\" decoding=\"async\" class=\"alignnone size-full wp-image-11296\" src=\"https:\/\/moverdb.com\/wp-content\/uploads\/Continuum-International-moving-company.png\" alt=\"Empresa de mudan\u00e7as Continuum International\" width=\"1440\" height=\"677\" data-wp-pid=\"11296\" srcset=\"https:\/\/moverdb.com\/wp-content\/uploads\/Continuum-International-moving-company.png 1440w, https:\/\/moverdb.com\/wp-content\/uploads\/Continuum-International-moving-company-300x141.png 300w, https:\/\/moverdb.com\/wp-content\/uploads\/Continuum-International-moving-company-1024x481.png 1024w, https:\/\/moverdb.com\/wp-content\/uploads\/Continuum-International-moving-company-18x8.png 18w, https:\/\/moverdb.com\/wp-content\/uploads\/Continuum-International-moving-company-600x282.png 600w\" sizes=\"auto, (max-width: 1440px) 100vw, 1440px\" \/><\/p>\n<ul>\n<li>Mudan\u00e7as nacionais<\/li>\n<li>Mudan\u00e7as internacionais<\/li>\n<li>Mudan\u00e7as da empresa<\/li>\n<li>Servi\u00e7o porta-a-porta<\/li>\n<li>Servi\u00e7os personalizados<\/li>\n<li>Servi\u00e7o de embalagem<\/li>\n<li>Transporte a\u00e9reo, mar\u00edtimo ou por caminh\u00e3o<\/li>\n<li>Prepara\u00e7\u00e3o de documentos<\/li>\n<li>Seguro de tr\u00e2nsito<\/li>\n<li>Instala\u00e7\u00f5es de armazenamento<\/li>\n<\/ul>\n<p>A Continuum International \u00e9 uma empresa global de servi\u00e7os de gerenciamento de realoca\u00e7\u00e3o e designa\u00e7\u00e3o que opera h\u00e1 mais de 20 anos e tem unidades em Danbury e Brookfield. A empresa tem parcerias globais que lhe permitem oferecer seus servi\u00e7os internacionalmente. Eles s\u00e3o membros da IAM com 24 anos de experi\u00eancia.<\/p>\n<p>A Continuum International oferece servi\u00e7os de mudan\u00e7a e realoca\u00e7\u00e3o porta a porta personalizados com um consultor de realoca\u00e7\u00e3o alocado. Eles oferecem uma pesquisa antes da mudan\u00e7a para avaliar suas necessidades e criar um plano de mudan\u00e7a. Eles embalar\u00e3o seus pertences, garantindo que os materiais de embalagem sejam adequados para o modo de transporte e o destino.<\/p>\n<p>Website: <a href=\"https:\/\/www.continuumrelo.com\/\" target=\"_blank\" rel=\"noopener\">https:\/\/www.continuumrelo.com\/<\/a><\/p>\n<h2><strong>2. Interconex\u00e3o<\/strong><\/h2>\n<p><img loading=\"lazy\" decoding=\"async\" class=\"alignnone size-full wp-image-11345\" src=\"https:\/\/moverdb.com\/wp-content\/uploads\/Interconex-international-moving-company.png\" alt=\"Empresa de mudan\u00e7as internacionais Interconex\" width=\"1440\" height=\"678\" data-wp-pid=\"11345\" srcset=\"https:\/\/moverdb.com\/wp-content\/uploads\/Interconex-international-moving-company.png 1440w, https:\/\/moverdb.com\/wp-content\/uploads\/Interconex-international-moving-company-300x141.png 300w, https:\/\/moverdb.com\/wp-content\/uploads\/Interconex-international-moving-company-1024x482.png 1024w, https:\/\/moverdb.com\/wp-content\/uploads\/Interconex-international-moving-company-18x8.png 18w, https:\/\/moverdb.com\/wp-content\/uploads\/Interconex-international-moving-company-600x283.png 600w\" sizes=\"auto, (max-width: 1440px) 100vw, 1440px\" \/><\/p>\n<ul>\n<li>Movimentos nacionais<\/li>\n<li>Movimentos internacionais<\/li>\n<li>Mudan\u00e7as dom\u00e9sticas<\/li>\n<li>Movimentos corporativos<\/li>\n<li>Servi\u00e7o porta-a-porta<\/li>\n<li>Servi\u00e7o de embalagem<\/li>\n<li>Provid\u00eancias de transporte<\/li>\n<li>Desembara\u00e7o aduaneiro<\/li>\n<li>Realoca\u00e7\u00e3o de animais<\/li>\n<li>Servi\u00e7os de armazenamento seguro<\/li>\n<\/ul>\n<p>A Interconex \u00e9 uma empresa de mudan\u00e7a de bens dom\u00e9sticos com servi\u00e7o completo, fundada em 1969 e sediada em Danbury. A empresa trabalha com parceiros internacionais selecionados a dedo para prestar seus servi\u00e7os em todo o mundo. A empresa \u00e9 credenciada pela FIDI.<\/p>\n<p>A Interconex oferece uma pesquisa inicial para determinar suas necessidades de mudan\u00e7a. Eles fornecem um servi\u00e7o de embalagem que utiliza materiais de embalagem da melhor qualidade e embaladores treinados para proteger seus pertences. Isso pode incluir materiais de embalagem especializados e caixas feitas sob medida. Eles oferecem servi\u00e7os adicionais que incluem transporte para o aeroporto, servi\u00e7os de concierge, assist\u00eancia de faz-tudo, servi\u00e7o de limpeza, moradia tempor\u00e1ria, servi\u00e7os de destino, realoca\u00e7\u00e3o de animais de estima\u00e7\u00e3o, seguro contra todos os riscos e armazenamento.<\/p>\n<p>Website: <a href=\"https:\/\/www.interconex.com\/\" target=\"_blank\" rel=\"noopener\">https:\/\/www.interconex.com\/<\/a><\/p>\n<h2><strong>3. Intermove Ltd<\/strong><\/h2>\n<p><img loading=\"lazy\" decoding=\"async\" class=\"alignnone size-full wp-image-11346\" src=\"https:\/\/moverdb.com\/wp-content\/uploads\/Intermove-Danbury-international-moving-company.png\" alt=\"Empresa de mudan\u00e7as internacionais Intermove Danbury\" width=\"1440\" height=\"680\" data-wp-pid=\"11346\" srcset=\"https:\/\/moverdb.com\/wp-content\/uploads\/Intermove-Danbury-international-moving-company.png 1440w, https:\/\/moverdb.com\/wp-content\/uploads\/Intermove-Danbury-international-moving-company-300x142.png 300w, https:\/\/moverdb.com\/wp-content\/uploads\/Intermove-Danbury-international-moving-company-1024x484.png 1024w, https:\/\/moverdb.com\/wp-content\/uploads\/Intermove-Danbury-international-moving-company-18x9.png 18w, https:\/\/moverdb.com\/wp-content\/uploads\/Intermove-Danbury-international-moving-company-600x283.png 600w\" sizes=\"auto, (max-width: 1440px) 100vw, 1440px\" \/><\/p>\n<ul>\n<li>Mudan\u00e7as internacionais<\/li>\n<li>Mudan\u00e7as dom\u00e9sticas<\/li>\n<li>Mudan\u00e7as corporativas<\/li>\n<li>Servi\u00e7o porta-a-porta<\/li>\n<li>Estimativa gratuita<\/li>\n<li>Assist\u00eancia virtual e no local<\/li>\n<li>Transporte a\u00e9reo, mar\u00edtimo e terrestre<\/li>\n<li>Suporte de documenta\u00e7\u00e3o<\/li>\n<li>Seguros<\/li>\n<\/ul>\n<p>A Intermove Ltd \u00e9 uma empresa de mudan\u00e7as e realoca\u00e7\u00e3o internacional fundada em 1977 e sediada em Danbury. Eles t\u00eam uma rede de empresas de mudan\u00e7as internacionais confi\u00e1veis que os ajudam a prestar servi\u00e7os porta a porta em todo o mundo. A empresa \u00e9 membro da IAM e tem 46 anos de experi\u00eancia.<\/p>\n<p>A Intermove Ltd oferece um or\u00e7amento gratuito com orienta\u00e7\u00e3o e suporte de seus especialistas em mudan\u00e7as internacionais, seja virtualmente ou no local para mudan\u00e7as internacionais. Eles providenciar\u00e3o o transporte seguro de seus pertences por via a\u00e9rea, mar\u00edtima ou terrestre, com assist\u00eancia na documenta\u00e7\u00e3o. Eles oferecem cobertura de seguro para cargas embaladas profissionalmente.<\/p>\n<p>Website: <a href=\"https:\/\/www.intermove.com\/\" target=\"_blank\" rel=\"noopener\">https:\/\/www.intermove.com\/<\/a><\/p>","protected":false},"excerpt":{"rendered":"<p>Planning and managing your move can be stressful so getting a moving company in to pack and transport your belongings can ease the pressure. Below we have compiled a list of Danbury based removal companies that are members of the International Association of Movers (IAM) and\/or FIDI Accredited International Mover (FAIM) who could assist you [&hellip;]<\/p>\n","protected":false},"author":4,"featured_media":11296,"parent":190,"menu_order":0,"comment_status":"closed","ping_status":"closed","template":"","meta":{"_genesis_hide_title":false,"_genesis_hide_breadcrumbs":false,"_genesis_hide_singular_image":false,"_genesis_hide_footer_widgets":false,"_genesis_custom_body_class":"","_genesis_custom_post_class":"","_genesis_layout":"","footnotes":""},"class_list":{"0":"post-11558","1":"page","2":"type-page","3":"status-publish","4":"has-post-thumbnail","6":"entry"},"_links":{"self":[{"href":"https:\/\/moverdb.com\/pt\/wp-json\/wp\/v2\/pages\/11558","targetHints":{"allow":["GET"]}}],"collection":[{"href":"https:\/\/moverdb.com\/pt\/wp-json\/wp\/v2\/pages"}],"about":[{"href":"https:\/\/moverdb.com\/pt\/wp-json\/wp\/v2\/types\/page"}],"author":[{"embeddable":true,"href":"https:\/\/moverdb.com\/pt\/wp-json\/wp\/v2\/users\/4"}],"replies":[{"embeddable":true,"href":"https:\/\/moverdb.com\/pt\/wp-json\/wp\/v2\/comments?post=11558"}],"version-history":[{"count":1,"href":"https:\/\/moverdb.com\/pt\/wp-json\/wp\/v2\/pages\/11558\/revisions"}],"predecessor-version":[{"id":11559,"href":"https:\/\/moverdb.com\/pt\/wp-json\/wp\/v2\/pages\/11558\/revisions\/11559"}],"up":[{"embeddable":true,"href":"https:\/\/moverdb.com\/pt\/wp-json\/wp\/v2\/pages\/190"}],"wp:featuredmedia":[{"embeddable":true,"href":"https:\/\/moverdb.com\/pt\/wp-json\/wp\/v2\/media\/11296"}],"wp:attachment":[{"href":"https:\/\/moverdb.com\/pt\/wp-json\/wp\/v2\/media?parent=11558"}],"curies":[{"name":"wp","href":"https:\/\/api.w.org\/{rel}","templated":true}]}}