{"id":11556,"date":"2023-11-29T10:30:30","date_gmt":"2023-11-29T10:30:30","guid":{"rendered":"https:\/\/moverdb.com\/?page_id=11556"},"modified":"2026-01-08T15:24:11","modified_gmt":"2026-01-08T15:24:11","slug":"moving-companies-us-connecticut","status":"publish","type":"page","link":"https:\/\/moverdb.com\/pt\/moving-companies\/moving-companies-us-connecticut\/","title":{"rendered":"3 melhores empresas de mudan\u00e7as internacionais em Connecticut"},"content":{"rendered":"<p>Se voc\u00ea estiver se mudando, talvez queira contratar os servi\u00e7os de um <a href=\"https:\/\/moverdb.com\/pt\/moving-companies\/\" data-internallinksmanager029f6b8e52c=\"79\" title=\"As 25 maiores empresas de mudan\u00e7as internacionais on-line\">empresa de mudan\u00e7as<\/a> para dar suporte e diminuir a carga. Eles podem ajudar a planejar a mudan\u00e7a, embalar seus pertences, organizar o transporte e lidar com a alf\u00e2ndega para mudan\u00e7as internacionais. Abaixo, compilamos uma lista de <a href=\"https:\/\/moverdb.com\/pt\/moving-to-the-united-states\/moving-to-connecticut\/\" data-internallinksmanager029f6b8e52c=\"444\" title=\"Est\u00e1 se mudando para Connecticut? 2026 Custo de vida e dicas de realoca\u00e7\u00e3o\">Connecticut<\/a> sediada em <a href=\"https:\/\/moverdb.com\/pt\/international-removals\/\" data-internallinksmanager029f6b8e52c=\"27\" title=\"36 melhores empresas de mudan\u00e7as internacionais no Reino Unido\">empresas de mudan\u00e7as<\/a> que s\u00e3o membros do <a href=\"https:\/\/moverdb.com\/pt\/iam\/\" data-internallinksmanager029f6b8e52c=\"23\" title=\"Associa\u00e7\u00e3o Internacional de Remotores (IAM) Explicado\">Associa\u00e7\u00e3o Internacional de Movers<\/a> (IAM) e\/ou <a href=\"https:\/\/moverdb.com\/pt\/fidi-faim\/\" data-internallinksmanager029f6b8e52c=\"16\" title=\"FIDI &amp; FAIM (FIDI Accredited International Mover) Explicado\">FIDI<\/a> Credenciado pela International Mover (FAIM) que poderia ajud\u00e1-lo em sua mudan\u00e7a.<\/p>\n<h2><strong>1. Brimar Relocation<\/strong><\/h2>\n<p><img loading=\"lazy\" decoding=\"async\" class=\"alignnone size-full wp-image-11277\" src=\"https:\/\/moverdb.com\/wp-content\/uploads\/Brimar-Relocations-international-moving-company.png\" alt=\"Brimar Relocations empresa de mudan\u00e7as internacionais\" width=\"1440\" height=\"679\" data-wp-pid=\"11277\" srcset=\"https:\/\/moverdb.com\/wp-content\/uploads\/Brimar-Relocations-international-moving-company.png 1440w, https:\/\/moverdb.com\/wp-content\/uploads\/Brimar-Relocations-international-moving-company-300x141.png 300w, https:\/\/moverdb.com\/wp-content\/uploads\/Brimar-Relocations-international-moving-company-1024x483.png 1024w, https:\/\/moverdb.com\/wp-content\/uploads\/Brimar-Relocations-international-moving-company-18x8.png 18w, https:\/\/moverdb.com\/wp-content\/uploads\/Brimar-Relocations-international-moving-company-600x283.png 600w\" sizes=\"auto, (max-width: 1440px) 100vw, 1440px\" \/><\/p>\n<ul>\n<li>Movimentos nacionais<\/li>\n<li>Movimentos internacionais<\/li>\n<li>Mudan\u00e7as dom\u00e9sticas<\/li>\n<li>Mudan\u00e7as corporativas<\/li>\n<li>Servi\u00e7o porta-a-porta<\/li>\n<li>Provid\u00eancias de transporte<\/li>\n<li>Apoio alfandeg\u00e1rio<\/li>\n<li>Manuseio de belas artes<\/li>\n<li>Seguros<\/li>\n<li>Instala\u00e7\u00f5es de armazenamento<\/li>\n<\/ul>\n<p>A Brimar Relocations \u00e9 uma empresa de mudan\u00e7as internacionais fundada em 2007 e est\u00e1 sediada em Stamford e tem um escrit\u00f3rio em <a href=\"https:\/\/moverdb.com\/pt\/moving-to-france\/moving-to-paris\/\" data-internallinksmanager029f6b8e52c=\"407\" title=\"Est\u00e1 se mudando para Paris? 2026 Custo de vida e dicas de realoca\u00e7\u00e3o\">Paris<\/a>. Eles t\u00eam uma rede desenvolvida de agentes em todo o mundo que os auxiliam na execu\u00e7\u00e3o de mudan\u00e7as internacionais. Eles s\u00e3o membros da IAM com 14 anos de experi\u00eancia.<\/p>\n<p>A Brimar Relocation oferece servi\u00e7os de mudan\u00e7a e realoca\u00e7\u00e3o nacionais e internacionais e \u00e9 especializada em realoca\u00e7\u00f5es corporativas e pode lidar com obras de arte. Eles oferecem servi\u00e7os de mudan\u00e7a porta a porta, nos quais tomar\u00e3o as provid\u00eancias para transportar seus pertences at\u00e9 o destino, o que pode incluir engradamento e armazenamento, al\u00e9m de cobertura b\u00e1sica de seguro.<\/p>\n<p>Website: <a href=\"http:\/\/www.brimarrelo.com\" target=\"_blank\" rel=\"noopener\">http:\/\/www.brimarrelo.com<\/a><\/p>\n<h2><strong>2. Meyer<\/strong><\/h2>\n<p><img loading=\"lazy\" decoding=\"async\" class=\"alignnone size-full wp-image-11376\" src=\"https:\/\/moverdb.com\/wp-content\/uploads\/Meyer-international-moving-company.png\" alt=\"Empresa de mudan\u00e7as internacionais Meyer\" width=\"1440\" height=\"680\" data-wp-pid=\"11376\" srcset=\"https:\/\/moverdb.com\/wp-content\/uploads\/Meyer-international-moving-company.png 1440w, https:\/\/moverdb.com\/wp-content\/uploads\/Meyer-international-moving-company-300x142.png 300w, https:\/\/moverdb.com\/wp-content\/uploads\/Meyer-international-moving-company-1024x484.png 1024w, https:\/\/moverdb.com\/wp-content\/uploads\/Meyer-international-moving-company-18x9.png 18w, https:\/\/moverdb.com\/wp-content\/uploads\/Meyer-international-moving-company-600x283.png 600w\" sizes=\"auto, (max-width: 1440px) 100vw, 1440px\" \/><\/p>\n<ul>\n<li>Mudan\u00e7as locais e de longa dist\u00e2ncia<\/li>\n<li>Mudan\u00e7as internacionais<\/li>\n<li>Mudan\u00e7as residenciais<\/li>\n<li>Mudan\u00e7as de escrit\u00f3rios<\/li>\n<li>Mudan\u00e7as corporativas<\/li>\n<li>Servi\u00e7o porta-a-porta<\/li>\n<li>Coordenador dedicado de mudan\u00e7as<\/li>\n<li>Op\u00e7\u00f5es de embalagem<\/li>\n<li><a href=\"https:\/\/moverdb.com\/pt\/car-transport-shipping\/\" data-internallinksmanager029f6b8e52c=\"2\" title=\"2026 Cota\u00e7\u00f5es de transporte internacional de carros e envio de ve\u00edculos\">Envio de ve\u00edculos<\/a><\/li>\n<li>Solu\u00e7\u00f5es de armazenamento<\/li>\n<\/ul>\n<p>A Meyer \u00e9 uma empresa de solu\u00e7\u00f5es de log\u00edstica, realoca\u00e7\u00e3o e armazenamento fundada em 1915 e sediada em Stratford. A empresa faz parte da rede United Van Lines, o que lhe d\u00e1 acesso a empresas de mudan\u00e7a para apoi\u00e1-la na presta\u00e7\u00e3o de seus servi\u00e7os. A empresa \u00e9 membro da IAM, com 108 anos de experi\u00eancia.<\/p>\n<p>A Meyer oferece uma consulta de mudan\u00e7a para avaliar seus requisitos e volume de mudan\u00e7a. Eles fornecem um coordenador de mudan\u00e7as dedicado como um \u00fanico ponto de contato que gerenciar\u00e1 todos os aspectos da sua mudan\u00e7a. Eles buscar\u00e3o a melhor solu\u00e7\u00e3o de mudan\u00e7a para suas necessidades e fornecer\u00e3o um servi\u00e7o porta a porta com a op\u00e7\u00e3o de servi\u00e7o completo de embalagem ou auto-embalagem.<\/p>\n<p>Website: <a href=\"http:\/\/www.williambmeyer.com\" target=\"_blank\" rel=\"noopener\">http:\/\/www.williambmeyer.com<\/a><\/p>\n<h2><strong>3. WorldCare Pet Transport<\/strong><\/h2>\n<p><img loading=\"lazy\" decoding=\"async\" class=\"alignnone size-full wp-image-11481\" src=\"https:\/\/moverdb.com\/wp-content\/uploads\/WorldCare-Pet-Transport-international-moving-company.png\" alt=\"Empresa de mudan\u00e7as internacionais WorldCare Pet Transport\" width=\"1440\" height=\"683\" data-wp-pid=\"11481\" srcset=\"https:\/\/moverdb.com\/wp-content\/uploads\/WorldCare-Pet-Transport-international-moving-company.png 1440w, https:\/\/moverdb.com\/wp-content\/uploads\/WorldCare-Pet-Transport-international-moving-company-300x142.png 300w, https:\/\/moverdb.com\/wp-content\/uploads\/WorldCare-Pet-Transport-international-moving-company-1024x486.png 1024w, https:\/\/moverdb.com\/wp-content\/uploads\/WorldCare-Pet-Transport-international-moving-company-18x9.png 18w, https:\/\/moverdb.com\/wp-content\/uploads\/WorldCare-Pet-Transport-international-moving-company-600x285.png 600w\" sizes=\"auto, (max-width: 1440px) 100vw, 1440px\" \/><\/p>\n<ul>\n<li>Servi\u00e7o em todo o pa\u00eds<\/li>\n<li>Servi\u00e7o internacional<\/li>\n<li>Mudan\u00e7as particulares para animais de estima\u00e7\u00e3o<\/li>\n<li>Mudan\u00e7as corporativas de animais de estima\u00e7\u00e3o<\/li>\n<li>Servi\u00e7o abrangente<\/li>\n<li>Servi\u00e7o porta-a-porta<\/li>\n<li>Atende a todos os tipos de animais de estima\u00e7\u00e3o<\/li>\n<li>Organiza\u00e7\u00e3o de transporte eficiente<\/li>\n<li>Transportadoras a\u00e9reas<\/li>\n<li>Servi\u00e7os veterin\u00e1rios<\/li>\n<\/ul>\n<p>A WorldCare Pet Transport \u00e9 uma empresa de transporte internacional de animais de estima\u00e7\u00e3o que est\u00e1 em opera\u00e7\u00e3o h\u00e1 mais de 10 anos. Eles trabalham com transportadores de bens dom\u00e9sticos, empresas de gerenciamento de realoca\u00e7\u00e3o e funcion\u00e1rios de recursos humanos. A empresa est\u00e1 registrada no USDA como um operador imediato. A empresa \u00e9 membro da IAM e tem 22 anos de experi\u00eancia.<\/p>\n<p>A WorldCare Pet Transport oferece um servi\u00e7o abrangente de realoca\u00e7\u00e3o de animais de estima\u00e7\u00e3o, buscando e entregando seu animal em qualquer lugar do mundo. Eles realizam todos os preparativos de viagem, garantindo os voos mais diretos e econ\u00f4micos, al\u00e9m de fornecerem transportadoras a\u00e9reas aprovadas de todos os tamanhos. Eles providenciam servi\u00e7os veterin\u00e1rios, inclusive exames de sa\u00fade, amostras de sangue, certificados e microchips.<\/p>\n<p>Website: <a href=\"http:\/\/www.WorldCarePet.com\" target=\"_blank\" rel=\"noopener\">http:\/\/www.WorldCarePet.com<\/a><\/p>","protected":false},"excerpt":{"rendered":"<p>If you are moving, you may want to employ the services of a moving company to support and lessen the load. They can help with planning the move, packing your belongings, arranging transport and handling customs for international moves. Below we have compiled a list of Connecticut based removal companies that are members of the [&hellip;]<\/p>\n","protected":false},"author":4,"featured_media":11277,"parent":190,"menu_order":0,"comment_status":"closed","ping_status":"closed","template":"","meta":{"_genesis_hide_title":false,"_genesis_hide_breadcrumbs":false,"_genesis_hide_singular_image":false,"_genesis_hide_footer_widgets":false,"_genesis_custom_body_class":"","_genesis_custom_post_class":"","_genesis_layout":"","footnotes":""},"class_list":{"0":"post-11556","1":"page","2":"type-page","3":"status-publish","4":"has-post-thumbnail","6":"entry"},"_links":{"self":[{"href":"https:\/\/moverdb.com\/pt\/wp-json\/wp\/v2\/pages\/11556","targetHints":{"allow":["GET"]}}],"collection":[{"href":"https:\/\/moverdb.com\/pt\/wp-json\/wp\/v2\/pages"}],"about":[{"href":"https:\/\/moverdb.com\/pt\/wp-json\/wp\/v2\/types\/page"}],"author":[{"embeddable":true,"href":"https:\/\/moverdb.com\/pt\/wp-json\/wp\/v2\/users\/4"}],"replies":[{"embeddable":true,"href":"https:\/\/moverdb.com\/pt\/wp-json\/wp\/v2\/comments?post=11556"}],"version-history":[{"count":1,"href":"https:\/\/moverdb.com\/pt\/wp-json\/wp\/v2\/pages\/11556\/revisions"}],"predecessor-version":[{"id":11557,"href":"https:\/\/moverdb.com\/pt\/wp-json\/wp\/v2\/pages\/11556\/revisions\/11557"}],"up":[{"embeddable":true,"href":"https:\/\/moverdb.com\/pt\/wp-json\/wp\/v2\/pages\/190"}],"wp:featuredmedia":[{"embeddable":true,"href":"https:\/\/moverdb.com\/pt\/wp-json\/wp\/v2\/media\/11277"}],"wp:attachment":[{"href":"https:\/\/moverdb.com\/pt\/wp-json\/wp\/v2\/media?parent=11556"}],"curies":[{"name":"wp","href":"https:\/\/api.w.org\/{rel}","templated":true}]}}