{"id":11554,"date":"2023-11-29T10:46:40","date_gmt":"2023-11-29T10:46:40","guid":{"rendered":"https:\/\/moverdb.com\/?page_id=11554"},"modified":"2026-01-08T15:25:05","modified_gmt":"2026-01-08T15:25:05","slug":"moving-companies-us-colorado","status":"publish","type":"page","link":"https:\/\/moverdb.com\/pt\/moving-companies\/moving-companies-us-colorado\/","title":{"rendered":"5 melhores empresas de mudan\u00e7as internacionais no Colorado"},"content":{"rendered":"<p>A mudan\u00e7a pode ser um momento estressante, com tantas coisas para organizar e fazer, portanto, contratar os servi\u00e7os de um <a href=\"https:\/\/moverdb.com\/pt\/moving-companies\/\" data-internallinksmanager029f6b8e52c=\"79\" title=\"As 25 maiores empresas de mudan\u00e7as internacionais on-line\">empresa de mudan\u00e7as<\/a> podem ajudar a reduzir a carga. Eles podem ajudar no planejamento, na embalagem, nas provid\u00eancias alfandeg\u00e1rias e no transporte. Abaixo, compilamos uma lista de <a href=\"https:\/\/moverdb.com\/pt\/moving-to-the-united-states\/moving-to-colorado\/\" data-internallinksmanager029f6b8e52c=\"399\" title=\"Mudan\u00e7a para o Colorado? 2026 Custo de vida e dicas de realoca\u00e7\u00e3o\">Colorado<\/a> sediada em <a href=\"https:\/\/moverdb.com\/pt\/international-removals\/\" data-internallinksmanager029f6b8e52c=\"27\" title=\"36 melhores empresas de mudan\u00e7as internacionais no Reino Unido\">empresas de mudan\u00e7as<\/a> que s\u00e3o membros do <a href=\"https:\/\/moverdb.com\/pt\/iam\/\" data-internallinksmanager029f6b8e52c=\"23\" title=\"Associa\u00e7\u00e3o Internacional de Remotores (IAM) Explicado\">Associa\u00e7\u00e3o Internacional de Movers<\/a> (IAM) e\/ou <a href=\"https:\/\/moverdb.com\/pt\/fidi-faim\/\" data-internallinksmanager029f6b8e52c=\"16\" title=\"FIDI &amp; FAIM (FIDI Accredited International Mover) Explicado\">FIDI<\/a> Credenciado pela International Mover (FAIM) que poderia ajud\u00e1-lo em sua mudan\u00e7a.<\/p>\n<div id=\"ez-toc-container\" class=\"ez-toc-v2_0_82_2 ez-toc-wrap-left counter-hierarchy ez-toc-counter ez-toc-transparent ez-toc-container-direction\">\n<div class=\"ez-toc-title-container\">\n<p class=\"ez-toc-title\" style=\"cursor:inherit\">Se\u00e7\u00f5es<\/p>\n<span class=\"ez-toc-title-toggle\"><a href=\"#\" class=\"ez-toc-pull-right ez-toc-btn ez-toc-btn-xs ez-toc-btn-default ez-toc-toggle\" aria-label=\"Alternar tabela de conte\u00fado\"><span class=\"ez-toc-js-icon-con\"><span class=\"\"><span class=\"eztoc-hide\" style=\"display:none;\">Alternar<\/span><span class=\"ez-toc-icon-toggle-span\"><svg style=\"fill: #999;color:#999\" xmlns=\"http:\/\/www.w3.org\/2000\/svg\" class=\"list-377408\" width=\"20px\" height=\"20px\" viewbox=\"0 0 24 24\" fill=\"none\"><path d=\"M6 6H4v2h2V6zm14 0H8v2h12V6zM4 11h2v2H4v-2zm16 0H8v2h12v-2zM4 16h2v2H4v-2zm16 0H8v2h12v-2z\" fill=\"currentColor\"><\/path><\/svg><svg style=\"fill: #999;color:#999\" class=\"arrow-unsorted-368013\" xmlns=\"http:\/\/www.w3.org\/2000\/svg\" width=\"10px\" height=\"10px\" viewbox=\"0 0 24 24\" version=\"1.2\" baseprofile=\"tiny\"><path d=\"M18.2 9.3l-6.2-6.3-6.2 6.3c-.2.2-.3.4-.3.7s.1.5.3.7c.2.2.4.3.7.3h11c.3 0 .5-.1.7-.3.2-.2.3-.5.3-.7s-.1-.5-.3-.7zM5.8 14.7l6.2 6.3 6.2-6.3c.2-.2.3-.5.3-.7s-.1-.5-.3-.7c-.2-.2-.4-.3-.7-.3h-11c-.3 0-.5.1-.7.3-.2.2-.3.5-.3.7s.1.5.3.7z\"\/><\/svg><\/span><\/span><\/span><\/a><\/span><\/div>\n<nav><ul class='ez-toc-list ez-toc-list-level-1 eztoc-toggle-hide-by-default' ><li class='ez-toc-page-1 ez-toc-heading-level-2'><a class=\"ez-toc-link ez-toc-heading-1\" href=\"https:\/\/moverdb.com\/pt\/moving-companies\/moving-companies-us-colorado\/#1_Atlantic_Relocation_Systems\" >1. Atlantic Relocation Systems<\/a><\/li><li class='ez-toc-page-1 ez-toc-heading-level-2'><a class=\"ez-toc-link ez-toc-heading-2\" href=\"https:\/\/moverdb.com\/pt\/moving-companies\/moving-companies-us-colorado\/#2_Baileys_Moving_Storage\" >2. Bailey's Moving &amp; Storage<\/a><\/li><li class='ez-toc-page-1 ez-toc-heading-level-2'><a class=\"ez-toc-link ez-toc-heading-3\" href=\"https:\/\/moverdb.com\/pt\/moving-companies\/moving-companies-us-colorado\/#3_Gallagher_Transport\" >3. Gallagher Transport<\/a><\/li><li class='ez-toc-page-1 ez-toc-heading-level-2'><a class=\"ez-toc-link ez-toc-heading-4\" href=\"https:\/\/moverdb.com\/pt\/moving-companies\/moving-companies-us-colorado\/#4_Graebel\" >4. Graebel<\/a><\/li><li class='ez-toc-page-1 ez-toc-heading-level-2'><a class=\"ez-toc-link ez-toc-heading-5\" href=\"https:\/\/moverdb.com\/pt\/moving-companies\/moving-companies-us-colorado\/#5_Johnson_Storage_Moving\" >5. Johnson Storage &amp; Moving<\/a><\/li><\/ul><\/nav><\/div>\n<h2><span class=\"ez-toc-section\" id=\"1_Atlantic_Relocation_Systems\"><\/span><strong>1. Atlantic Relocation Systems<\/strong><span class=\"ez-toc-section-end\"><\/span><\/h2>\n<p><img loading=\"lazy\" decoding=\"async\" class=\"alignnone size-full wp-image-11262\" src=\"https:\/\/moverdb.com\/wp-content\/uploads\/Atlantic-Relocation-Systems-international-moving-company.png\" alt=\"Empresa de mudan\u00e7as internacionais Atlantic Relocation Systems\" width=\"1440\" height=\"677\" data-wp-pid=\"11262\" srcset=\"https:\/\/moverdb.com\/wp-content\/uploads\/Atlantic-Relocation-Systems-international-moving-company.png 1440w, https:\/\/moverdb.com\/wp-content\/uploads\/Atlantic-Relocation-Systems-international-moving-company-300x141.png 300w, https:\/\/moverdb.com\/wp-content\/uploads\/Atlantic-Relocation-Systems-international-moving-company-1024x481.png 1024w, https:\/\/moverdb.com\/wp-content\/uploads\/Atlantic-Relocation-Systems-international-moving-company-18x8.png 18w, https:\/\/moverdb.com\/wp-content\/uploads\/Atlantic-Relocation-Systems-international-moving-company-600x282.png 600w\" sizes=\"auto, (max-width: 1440px) 100vw, 1440px\" \/><\/p>\n<ul>\n<li>Mudan\u00e7as locais e de longa dist\u00e2ncia<\/li>\n<li>Movimentos internacionais<\/li>\n<li>Mudan\u00e7as residenciais<\/li>\n<li>Mudan\u00e7as comerciais e de escrit\u00f3rio<\/li>\n<li>Coordenador de mudan\u00e7as internacionais<\/li>\n<li>Servi\u00e7o de embalagem<\/li>\n<li>Transporte por terra, ar e mar<\/li>\n<li>Suporte de documenta\u00e7\u00e3o<\/li>\n<li>Manuseio de obras de arte<\/li>\n<li>Instala\u00e7\u00f5es de armazenamento<\/li>\n<\/ul>\n<p>A Atlantic Relocation Systems \u00e9 uma empresa de mudan\u00e7as residenciais e comerciais fundada em 1984 em <a href=\"https:\/\/moverdb.com\/pt\/moving-to-denver\/\" data-internallinksmanager029f6b8e52c=\"42\" title=\"Mudando-se para Denver? 2026 Custos de Vida e Dicas de Reloca\u00e7\u00e3o\">Denver<\/a> com localiza\u00e7\u00f5es em <a href=\"https:\/\/moverdb.com\/pt\/moving-to-the-united-states\/moving-to-california\/\" data-internallinksmanager029f6b8e52c=\"330\" title=\"Mudan\u00e7a para a Calif\u00f3rnia? 2026 Custo de vida e dicas de realoca\u00e7\u00e3o\">Calif\u00f3rnia<\/a>, <a href=\"https:\/\/moverdb.com\/pt\/moving-to-the-united-states\/moving-to-illinois\/\" data-internallinksmanager029f6b8e52c=\"401\" title=\"Mudan\u00e7a para Illinois? 2026 Custo de vida e dicas de realoca\u00e7\u00e3o\">Illinois<\/a>, <a href=\"https:\/\/moverdb.com\/pt\/moving-to-the-united-states\/moving-to-arizona\/\" data-internallinksmanager029f6b8e52c=\"385\" title=\"Est\u00e1 se mudando para o Arizona? 2026 Custo de vida e dicas de realoca\u00e7\u00e3o\">Arizona<\/a>, <a href=\"https:\/\/moverdb.com\/pt\/moving-to-the-united-states\/moving-to-florida\/\" data-internallinksmanager029f6b8e52c=\"331\" title=\"Mudan\u00e7a para a Fl\u00f3rida? 2026 Custo de vida e dicas de realoca\u00e7\u00e3o\">Fl\u00f3rida<\/a>, <a href=\"https:\/\/moverdb.com\/pt\/moving-to-the-united-states\/moving-to-texas\/\" data-internallinksmanager029f6b8e52c=\"397\" title=\"Mudan\u00e7a para o Texas? 2026 Custo de vida e dicas de realoca\u00e7\u00e3o\">Texas<\/a> e <a href=\"https:\/\/moverdb.com\/pt\/moving-to-the-united-states\/moving-to-georgia\/\" data-internallinksmanager029f6b8e52c=\"402\" title=\"Mudan\u00e7a para o estado da Ge\u00f3rgia? 2026 Custo de vida e dicas de realoca\u00e7\u00e3o\">Ge\u00f3rgia<\/a>. Eles s\u00e3o um agente da Atlas Van Lines e t\u00eam uma rede de agentes de mudan\u00e7as internacionais para ajud\u00e1-los com mudan\u00e7as nacionais e internacionais. Eles s\u00e3o membros da IAM com 26 anos de experi\u00eancia.<\/p>\n<p>A Atlantic Relocation Systems oferece uma estimativa gratuita em casa para mudan\u00e7as locais e aloca um coordenador de mudan\u00e7as internacionais para mudan\u00e7as internacionais. Seus coordenadores de mudan\u00e7a organizar\u00e3o toda a log\u00edstica da sua mudan\u00e7a, inclusive as provid\u00eancias de transporte e a documenta\u00e7\u00e3o de apoio.<\/p>\n<p>Website: <a href=\"http:\/\/www.atlanticrelocation.com\/denver\/\" target=\"_blank\" rel=\"noopener\">http:\/\/www.atlanticrelocation.com\/denver\/<\/a><\/p>\n<h2><span class=\"ez-toc-section\" id=\"2_Baileys_Moving_Storage\"><\/span><strong>2. Bailey's Moving &amp; Storage<\/strong><span class=\"ez-toc-section-end\"><\/span><\/h2>\n<p><img loading=\"lazy\" decoding=\"async\" class=\"alignnone size-full wp-image-11266\" src=\"https:\/\/moverdb.com\/wp-content\/uploads\/Baileys-Moving-Storage-international-moving-company.png\" alt=\"Baileys Moving &amp; Storage empresa de mudan\u00e7as internacionais\" width=\"1440\" height=\"680\" data-wp-pid=\"11266\" srcset=\"https:\/\/moverdb.com\/wp-content\/uploads\/Baileys-Moving-Storage-international-moving-company.png 1440w, https:\/\/moverdb.com\/wp-content\/uploads\/Baileys-Moving-Storage-international-moving-company-300x142.png 300w, https:\/\/moverdb.com\/wp-content\/uploads\/Baileys-Moving-Storage-international-moving-company-1024x484.png 1024w, https:\/\/moverdb.com\/wp-content\/uploads\/Baileys-Moving-Storage-international-moving-company-18x9.png 18w, https:\/\/moverdb.com\/wp-content\/uploads\/Baileys-Moving-Storage-international-moving-company-600x283.png 600w\" sizes=\"auto, (max-width: 1440px) 100vw, 1440px\" \/><\/p>\n<ul>\n<li>Mudan\u00e7as locais e de longa dist\u00e2ncia<\/li>\n<li>Movimentos internacionais<\/li>\n<li>Mudan\u00e7as dom\u00e9sticas<\/li>\n<li>Movimentos comerciais<\/li>\n<li>Gerenciamento de mudan\u00e7as<\/li>\n<li>Servi\u00e7o de embalagem<\/li>\n<li>Provid\u00eancias de transporte<\/li>\n<li>Apoio alfandeg\u00e1rio<\/li>\n<li>Seguros<\/li>\n<li>Armazenamento seguro de curto e longo prazo<\/li>\n<\/ul>\n<p>A Bailey's Moving &amp; Storage \u00e9 uma empresa de mudan\u00e7as com sede em <a href=\"https:\/\/moverdb.com\/pt\/moving-to-the-united-states\/moving-to-utah\/\" data-internallinksmanager029f6b8e52c=\"439\" title=\"Est\u00e1 se mudando para Utah? 2026 Custo de vida e dicas de realoca\u00e7\u00e3o\">Utah<\/a> e Colorado, formada em 1952. Eles t\u00eam uma rede nacional e internacional de agentes de mudan\u00e7a para apoi\u00e1-los na presta\u00e7\u00e3o de seus servi\u00e7os e s\u00e3o agentes da Allied Van Lines. Eles s\u00e3o membros da IAM com 71 anos de experi\u00eancia.<\/p>\n<p>A Bailey's Moving &amp; Storage oferece uma estimativa de mudan\u00e7a gratuita e fornecer\u00e1 a voc\u00ea a mudan\u00e7a com o melhor pre\u00e7o poss\u00edvel. Eles oferecem um servi\u00e7o de embalagem com empacotadores treinados profissionalmente que usam materiais de embalagem apropriados para proteger seus itens. Eles providenciar\u00e3o o transporte de seus pertences at\u00e9 o seu destino, seja ele local, interestadual ou internacional.<\/p>\n<p>Website: <a href=\"https:\/\/baileysallied.com\" target=\"_blank\" rel=\"noopener\">https:\/\/baileysallied.com<\/a><\/p>\n<h2><span class=\"ez-toc-section\" id=\"3_Gallagher_Transport\"><\/span><strong>3. Gallagher Transport<\/strong><span class=\"ez-toc-section-end\"><\/span><\/h2>\n<p><img loading=\"lazy\" decoding=\"async\" class=\"alignnone size-full wp-image-11324\" src=\"https:\/\/moverdb.com\/wp-content\/uploads\/Gallagher-Transport-international-moving-company.png\" alt=\"Empresa de mudan\u00e7as internacionais Gallagher Transport\" width=\"1440\" height=\"669\" data-wp-pid=\"11324\" srcset=\"https:\/\/moverdb.com\/wp-content\/uploads\/Gallagher-Transport-international-moving-company.png 1440w, https:\/\/moverdb.com\/wp-content\/uploads\/Gallagher-Transport-international-moving-company-300x139.png 300w, https:\/\/moverdb.com\/wp-content\/uploads\/Gallagher-Transport-international-moving-company-1024x476.png 1024w, https:\/\/moverdb.com\/wp-content\/uploads\/Gallagher-Transport-international-moving-company-18x8.png 18w, https:\/\/moverdb.com\/wp-content\/uploads\/Gallagher-Transport-international-moving-company-600x279.png 600w\" sizes=\"auto, (max-width: 1440px) 100vw, 1440px\" \/><\/p>\n<ul>\n<li>Frete nacional<\/li>\n<li>Frete internacional<\/li>\n<li>Gerenciamento de log\u00edstica<\/li>\n<li>Solu\u00e7\u00f5es personalizadas<\/li>\n<li>Entrega porta a porta<\/li>\n<li>Transporte a\u00e9reo, terrestre e mar\u00edtimo<\/li>\n<li>Rastreamento de embarque<\/li>\n<li>Desembara\u00e7o aduaneiro<\/li>\n<li>Seguros<\/li>\n<li>Instala\u00e7\u00f5es de armazenamento<\/li>\n<\/ul>\n<p>A Gallagher Transport \u00e9 uma corretora personalizada e <a href=\"https:\/\/moverdb.com\/pt\/freight-forwarder\/\" data-internallinksmanager029f6b8e52c=\"17\" title=\"Freight Forwarder &amp; NVOCC International Cost &amp; Companies Guide\">agente de cargas<\/a> fundada em 1990 em <a href=\"https:\/\/moverdb.com\/pt\/moving-to-the-united-states\/moving-to-oregon\/\" data-internallinksmanager029f6b8e52c=\"395\" title=\"Mudan\u00e7a para o Oregon? 2026 Custo de vida e dicas de realoca\u00e7\u00e3o\">Oregon<\/a> com escrit\u00f3rios em Denver, <a href=\"https:\/\/moverdb.com\/pt\/moving-to-houston\/\" data-internallinksmanager029f6b8e52c=\"47\" title=\"Mudando-se para Houston? 2026 Custos de Vida e Dicas de Reloca\u00e7\u00e3o\">Houston<\/a>, <a href=\"https:\/\/moverdb.com\/pt\/moving-to-los-angeles\/\" data-internallinksmanager029f6b8e52c=\"51\" title=\"Est\u00e1 se mudando para Los Angeles? 2026 Dicas de realoca\u00e7\u00e3o e custo de vida em LA\">Los Angeles<\/a>, Portland e <a href=\"https:\/\/moverdb.com\/pt\/moving-to-san-francisco\/\" data-internallinksmanager029f6b8e52c=\"63\" title=\"Mudando-se para S\u00e3o Francisco? 2026 Custos de Vida e Dicas de Reloca\u00e7\u00e3o\">S\u00e3o Francisco<\/a>. Eles s\u00e3o membros da IAM com 29 anos de experi\u00eancia, o que lhes d\u00e1 acesso a uma rede internacional de fornecedores de mudan\u00e7as para ajud\u00e1-los.<\/p>\n<p>A Gallagher Transport oferece servi\u00e7os de agenciamento de frete que incluem o despacho alfandeg\u00e1rio, mas n\u00e3o incluem servi\u00e7os de embalagem. Eles gerenciam a log\u00edstica da movimenta\u00e7\u00e3o de seus pertences de um destino para outro, de porta a porta, por terra, ar ou mar. Eles rastrear\u00e3o a remessa e garantir\u00e3o que ela seja liberada pela alf\u00e2ndega e tenha seguro.<\/p>\n<p>Website: <a href=\"http:\/\/www.gallaghertransport.com\" target=\"_blank\" rel=\"noopener\">http:\/\/www.gallaghertransport.com<\/a><\/p>\n<h2><span class=\"ez-toc-section\" id=\"4_Graebel\"><\/span><strong>4. Graebel<\/strong><span class=\"ez-toc-section-end\"><\/span><\/h2>\n<p><img loading=\"lazy\" decoding=\"async\" class=\"alignnone size-full wp-image-11333\" src=\"https:\/\/moverdb.com\/wp-content\/uploads\/Graebel-international-moving-company.png\" alt=\"Empresa de mudan\u00e7as internacionais Graebel\" width=\"1440\" height=\"678\" data-wp-pid=\"11333\" srcset=\"https:\/\/moverdb.com\/wp-content\/uploads\/Graebel-international-moving-company.png 1440w, https:\/\/moverdb.com\/wp-content\/uploads\/Graebel-international-moving-company-300x141.png 300w, https:\/\/moverdb.com\/wp-content\/uploads\/Graebel-international-moving-company-1024x482.png 1024w, https:\/\/moverdb.com\/wp-content\/uploads\/Graebel-international-moving-company-18x8.png 18w, https:\/\/moverdb.com\/wp-content\/uploads\/Graebel-international-moving-company-600x283.png 600w\" sizes=\"auto, (max-width: 1440px) 100vw, 1440px\" \/><\/p>\n<ul>\n<li>Mudan\u00e7as internacionais<\/li>\n<li>Mudan\u00e7as dom\u00e9sticas<\/li>\n<li>Mudan\u00e7as corporativas<\/li>\n<li>Servi\u00e7o personalizado<\/li>\n<li>Servi\u00e7os de embalagem<\/li>\n<li>Servi\u00e7os de partida<\/li>\n<li>Servi\u00e7os de destino<\/li>\n<li>Servi\u00e7os de assentamento<\/li>\n<li>Pesquisas em resid\u00eancias e escolas<\/li>\n<li>Servi\u00e7os de repatria\u00e7\u00e3o<\/li>\n<\/ul>\n<p>A Graebel \u00e9 uma empresa de gerenciamento de realoca\u00e7\u00e3o de servi\u00e7o completo, criada em 1950, com 16 locais em todo o mundo, incluindo sua sede em Denver. A empresa trabalha com uma s\u00e9rie de parceiros de servi\u00e7os para transportar bens dom\u00e9sticos para mais de 165 pa\u00edses em seis continentes. A empresa \u00e9 membro da IAM, com 69 anos de experi\u00eancia.<\/p>\n<p>A Graebel \u00e9 especializada na realoca\u00e7\u00e3o de funcion\u00e1rios e no apoio a empresas com seus programas de mobilidade global. A empresa oferece servi\u00e7os de partida para funcion\u00e1rios, incluindo o gerenciamento da venda da casa ou o cancelamento do contrato de aluguel, embalagem, visto e servi\u00e7os de imigra\u00e7\u00e3o. Seus servi\u00e7os de destino incluem orienta\u00e7\u00e3o, busca de casa e escola, servi\u00e7os de aluguel, servi\u00e7os de instala\u00e7\u00e3o e desempacotamento.<\/p>\n<p>Website: <a href=\"http:\/\/www.graebel.com\" target=\"_blank\" rel=\"noopener\">http:\/\/www.graebel.com<\/a><\/p>\n<h2><span class=\"ez-toc-section\" id=\"5_Johnson_Storage_Moving\"><\/span><strong>5. Johnson Storage &amp; Moving<\/strong><span class=\"ez-toc-section-end\"><\/span><\/h2>\n<p><img loading=\"lazy\" decoding=\"async\" class=\"alignnone size-full wp-image-11356\" src=\"https:\/\/moverdb.com\/wp-content\/uploads\/Johnson-Storage-Moving-international-moving-company.png\" alt=\"Johnson Storage &amp; Moving empresa de mudan\u00e7as internacionais\" width=\"1440\" height=\"677\" data-wp-pid=\"11356\" srcset=\"https:\/\/moverdb.com\/wp-content\/uploads\/Johnson-Storage-Moving-international-moving-company.png 1440w, https:\/\/moverdb.com\/wp-content\/uploads\/Johnson-Storage-Moving-international-moving-company-300x141.png 300w, https:\/\/moverdb.com\/wp-content\/uploads\/Johnson-Storage-Moving-international-moving-company-1024x481.png 1024w, https:\/\/moverdb.com\/wp-content\/uploads\/Johnson-Storage-Moving-international-moving-company-18x8.png 18w, https:\/\/moverdb.com\/wp-content\/uploads\/Johnson-Storage-Moving-international-moving-company-600x282.png 600w\" sizes=\"auto, (max-width: 1440px) 100vw, 1440px\" \/><\/p>\n<ul>\n<li>Mudan\u00e7as locais e de longa dist\u00e2ncia<\/li>\n<li>Movimentos internacionais<\/li>\n<li>Mudan\u00e7as residenciais<\/li>\n<li>Mudan\u00e7as comerciais e de escrit\u00f3rio<\/li>\n<li>Mudan\u00e7as corporativas<\/li>\n<li>Consultor de mudan\u00e7a pessoal<\/li>\n<li>Servi\u00e7o de embalagem<\/li>\n<li>Provid\u00eancias de transporte<\/li>\n<li>Desembara\u00e7o aduaneiro<\/li>\n<li>Instala\u00e7\u00f5es de armazenamento<\/li>\n<\/ul>\n<p>A Johnson Storage &amp; Moving \u00e9 uma empresa de log\u00edstica global formada em 1900 em Denver, com unidades no Colorado e na Calif\u00f3rnia, <a href=\"https:\/\/moverdb.com\/pt\/moving-to-the-united-states\/moving-to-kansas\/\" data-internallinksmanager029f6b8e52c=\"464\" title=\"Mudan\u00e7a para o Kansas? 2024 Custo de vida e dicas de realoca\u00e7\u00e3o\">Kansas<\/a>, <a href=\"https:\/\/moverdb.com\/pt\/moving-to-the-united-states\/moving-to-new-mexico\/\" data-internallinksmanager029f6b8e52c=\"455\" title=\"Est\u00e1 se mudando para o Novo M\u00e9xico? 2024 Custo de vida e dicas de realoca\u00e7\u00e3o\">Novo M\u00e9xico<\/a>Texas, <a href=\"https:\/\/moverdb.com\/pt\/moving-to-the-united-states\/moving-to-wyoming\/\" data-internallinksmanager029f6b8e52c=\"449\" title=\"Est\u00e1 se mudando para o Wyoming? 2024 Custo de vida e dicas de realoca\u00e7\u00e3o\">Wyoming<\/a> e <a href=\"https:\/\/moverdb.com\/pt\/moving-to-the-united-states\/moving-to-missouri\/\" data-internallinksmanager029f6b8e52c=\"460\" title=\"Mudan\u00e7a para o Missouri? 2024 Custo de vida e dicas de realoca\u00e7\u00e3o\">Missouri<\/a>. Eles s\u00e3o membros da United Van Lines e da Mayflower Transit, proporcionando maior cobertura em todo o mundo. <a href=\"https:\/\/moverdb.com\/pt\/moving-to-the-united-states\/\" data-internallinksmanager029f6b8e52c=\"94\" title=\"Mudando-se para os Estados Unidos? 2026 Custos de Vida e Dicas de Reloca\u00e7\u00e3o\">US<\/a>. Eles s\u00e3o membros da IAM com 123 anos de experi\u00eancia e s\u00e3o credenciados pela FIDI.<\/p>\n<p>A Johnson Storage &amp; Moving oferece uma cota\u00e7\u00e3o gratuita em casa ou virtual e fornecer\u00e1 a voc\u00ea um consultor de mudan\u00e7a pessoal para apoi\u00e1-lo em cada etapa do processo. Eles criar\u00e3o um plano de mudan\u00e7a pessoal que atenda \u00e0s suas necessidades. Eles oferecem um servi\u00e7o completo de embalagem e cuidam do desembara\u00e7o aduaneiro.<\/p>\n<p>Website: <a href=\"https:\/\/www.johnsonstorage.com\" target=\"_blank\" rel=\"noopener\">https:\/\/www.johnsonstorage.com<\/a><\/p>","protected":false},"excerpt":{"rendered":"<p>Moving can be a stressful time with so many things to organise and do, so engaging the services of a moving company could help reduce the load. They can assist with planning, packing, customs arrangements and transportation. Below we have compiled a list of Colorado based removal companies that are members of the International Association [&hellip;]<\/p>\n","protected":false},"author":4,"featured_media":11262,"parent":190,"menu_order":0,"comment_status":"closed","ping_status":"closed","template":"","meta":{"_genesis_hide_title":false,"_genesis_hide_breadcrumbs":false,"_genesis_hide_singular_image":false,"_genesis_hide_footer_widgets":false,"_genesis_custom_body_class":"","_genesis_custom_post_class":"","_genesis_layout":"","footnotes":""},"class_list":{"0":"post-11554","1":"page","2":"type-page","3":"status-publish","4":"has-post-thumbnail","6":"entry"},"_links":{"self":[{"href":"https:\/\/moverdb.com\/pt\/wp-json\/wp\/v2\/pages\/11554","targetHints":{"allow":["GET"]}}],"collection":[{"href":"https:\/\/moverdb.com\/pt\/wp-json\/wp\/v2\/pages"}],"about":[{"href":"https:\/\/moverdb.com\/pt\/wp-json\/wp\/v2\/types\/page"}],"author":[{"embeddable":true,"href":"https:\/\/moverdb.com\/pt\/wp-json\/wp\/v2\/users\/4"}],"replies":[{"embeddable":true,"href":"https:\/\/moverdb.com\/pt\/wp-json\/wp\/v2\/comments?post=11554"}],"version-history":[{"count":1,"href":"https:\/\/moverdb.com\/pt\/wp-json\/wp\/v2\/pages\/11554\/revisions"}],"predecessor-version":[{"id":11555,"href":"https:\/\/moverdb.com\/pt\/wp-json\/wp\/v2\/pages\/11554\/revisions\/11555"}],"up":[{"embeddable":true,"href":"https:\/\/moverdb.com\/pt\/wp-json\/wp\/v2\/pages\/190"}],"wp:featuredmedia":[{"embeddable":true,"href":"https:\/\/moverdb.com\/pt\/wp-json\/wp\/v2\/media\/11262"}],"wp:attachment":[{"href":"https:\/\/moverdb.com\/pt\/wp-json\/wp\/v2\/media?parent=11554"}],"curies":[{"name":"wp","href":"https:\/\/api.w.org\/{rel}","templated":true}]}}