{"id":11550,"date":"2023-11-29T10:24:26","date_gmt":"2023-11-29T10:24:26","guid":{"rendered":"https:\/\/moverdb.com\/?page_id=11550"},"modified":"2026-01-08T15:23:37","modified_gmt":"2026-01-08T15:23:37","slug":"moving-companies-us-arizona","status":"publish","type":"page","link":"https:\/\/moverdb.com\/pt\/moving-companies\/moving-companies-us-arizona\/","title":{"rendered":"2 Melhores empresas de mudan\u00e7as internacionais no Arizona"},"content":{"rendered":"<p>A mudan\u00e7a pode ser um dos momentos mais estressantes de nossas vidas, ent\u00e3o por que tentar fazer tudo sozinho? <a href=\"https:\/\/moverdb.com\/pt\/moving-companies\/\" data-internallinksmanager029f6b8e52c=\"79\" title=\"As 25 maiores empresas de mudan\u00e7as internacionais on-line\">Empresas de mudan\u00e7as<\/a> pode ajudar na organiza\u00e7\u00e3o, embalagem, transporte e alf\u00e2ndega, se necess\u00e1rio. Abaixo, compilamos uma lista de <a href=\"https:\/\/moverdb.com\/pt\/moving-to-the-united-states\/moving-to-arizona\/\" data-internallinksmanager029f6b8e52c=\"385\" title=\"Est\u00e1 se mudando para o Arizona? 2026 Custo de vida e dicas de realoca\u00e7\u00e3o\">Arizona<\/a> sediada em <a href=\"https:\/\/moverdb.com\/pt\/international-removals\/\" data-internallinksmanager029f6b8e52c=\"27\" title=\"36 melhores empresas de mudan\u00e7as internacionais no Reino Unido\">empresas de mudan\u00e7as<\/a> que s\u00e3o membros do <a href=\"https:\/\/moverdb.com\/pt\/iam\/\" data-internallinksmanager029f6b8e52c=\"23\" title=\"Associa\u00e7\u00e3o Internacional de Remotores (IAM) Explicado\">Associa\u00e7\u00e3o Internacional de Movers<\/a> (IAM) e\/ou <a href=\"https:\/\/moverdb.com\/pt\/fidi-faim\/\" data-internallinksmanager029f6b8e52c=\"16\" title=\"FIDI &amp; FAIM (FIDI Accredited International Mover) Explicado\">FIDI<\/a> Credenciado pela International Mover (FAIM) que poderia ajud\u00e1-lo em sua mudan\u00e7a.<\/p>\n<h2><strong>1. Atlantic Relocation Systems<\/strong><\/h2>\n<p><img loading=\"lazy\" decoding=\"async\" class=\"alignnone size-full wp-image-11262\" src=\"https:\/\/moverdb.com\/wp-content\/uploads\/Atlantic-Relocation-Systems-international-moving-company.png\" alt=\"Empresa de mudan\u00e7as internacionais Atlantic Relocation Systems\" width=\"1440\" height=\"677\" data-wp-pid=\"11262\" srcset=\"https:\/\/moverdb.com\/wp-content\/uploads\/Atlantic-Relocation-Systems-international-moving-company.png 1440w, https:\/\/moverdb.com\/wp-content\/uploads\/Atlantic-Relocation-Systems-international-moving-company-300x141.png 300w, https:\/\/moverdb.com\/wp-content\/uploads\/Atlantic-Relocation-Systems-international-moving-company-1024x481.png 1024w, https:\/\/moverdb.com\/wp-content\/uploads\/Atlantic-Relocation-Systems-international-moving-company-18x8.png 18w, https:\/\/moverdb.com\/wp-content\/uploads\/Atlantic-Relocation-Systems-international-moving-company-600x282.png 600w\" sizes=\"auto, (max-width: 1440px) 100vw, 1440px\" \/><\/p>\n<ul>\n<li>Mudan\u00e7as locais e de longa dist\u00e2ncia<\/li>\n<li>Movimentos internacionais<\/li>\n<li>Mudan\u00e7as residenciais<\/li>\n<li>Mudan\u00e7as comerciais e de escrit\u00f3rio<\/li>\n<li>Coordenador de realoca\u00e7\u00e3o internacional<\/li>\n<li>Servi\u00e7os de embalagem<\/li>\n<li>Transporte rodovi\u00e1rio, a\u00e9reo e mar\u00edtimo<\/li>\n<li>Apoio com documenta\u00e7\u00e3o<\/li>\n<li>Manuseio de belas artes<\/li>\n<li>Armazenamento seguro<\/li>\n<\/ul>\n<p>A Atlantic Relocation Systems \u00e9 uma empresa de mudan\u00e7as criada em 1984, com 13 unidades em <a href=\"https:\/\/moverdb.com\/pt\/moving-to-phoenix\/\" data-internallinksmanager029f6b8e52c=\"62\" title=\"Mudando-se para Phoenix? 2026 Custos de Vida e Dicas de Reloca\u00e7\u00e3o\">F\u00eanix<\/a> bem como <a href=\"https:\/\/moverdb.com\/pt\/moving-to-the-united-states\/moving-to-georgia\/\" data-internallinksmanager029f6b8e52c=\"402\" title=\"Mudan\u00e7a para o estado da Ge\u00f3rgia? 2026 Custo de vida e dicas de realoca\u00e7\u00e3o\">Ge\u00f3rgia<\/a>, <a href=\"https:\/\/moverdb.com\/pt\/moving-to-the-united-states\/moving-to-florida\/\" data-internallinksmanager029f6b8e52c=\"331\" title=\"Mudan\u00e7a para a Fl\u00f3rida? 2026 Custo de vida e dicas de realoca\u00e7\u00e3o\">Fl\u00f3rida<\/a>, <a href=\"https:\/\/moverdb.com\/pt\/moving-to-the-united-states\/moving-to-illinois\/\" data-internallinksmanager029f6b8e52c=\"401\" title=\"Mudan\u00e7a para Illinois? 2026 Custo de vida e dicas de realoca\u00e7\u00e3o\">Illinois<\/a>, <a href=\"https:\/\/moverdb.com\/pt\/moving-to-the-united-states\/moving-to-colorado\/\" data-internallinksmanager029f6b8e52c=\"399\" title=\"Mudan\u00e7a para o Colorado? 2026 Custo de vida e dicas de realoca\u00e7\u00e3o\">Colorado<\/a>, <a href=\"https:\/\/moverdb.com\/pt\/moving-to-the-united-states\/moving-to-texas\/\" data-internallinksmanager029f6b8e52c=\"397\" title=\"Mudan\u00e7a para o Texas? 2026 Custo de vida e dicas de realoca\u00e7\u00e3o\">Texas<\/a>, <a href=\"https:\/\/moverdb.com\/pt\/moving-to-the-united-states\/moving-to-indiana\/\" data-internallinksmanager029f6b8e52c=\"445\" title=\"Mudan\u00e7a para Indiana? 2026 Custo de vida e dicas de realoca\u00e7\u00e3o\">Indiana<\/a> e Washington. Eles fazem parte da Atlas Van Lines, que oferece cobertura em todo o pa\u00eds. <a href=\"https:\/\/moverdb.com\/pt\/moving-to-the-united-states\/\" data-internallinksmanager029f6b8e52c=\"94\" title=\"Mudando-se para os Estados Unidos? 2026 Custos de Vida e Dicas de Reloca\u00e7\u00e3o\">US<\/a> e t\u00eam uma rede internacional de agentes de mudan\u00e7a. Eles s\u00e3o membros da IAM com 33 anos de experi\u00eancia.<\/p>\n<p>A Atlantic Relocation Systems oferece um or\u00e7amento gratuito em casa para mudan\u00e7as locais. Eles oferecem um coordenador de realoca\u00e7\u00e3o internacional para mudan\u00e7as para o exterior, que ser\u00e1 o seu \u00fanico ponto de contato e gerenciar\u00e1 todos os aspectos da sua mudan\u00e7a. Eles organizar\u00e3o a embalagem e o carregamento dos pertences, garantindo que eles cheguem com seguran\u00e7a ao seu destino.<\/p>\n<p>Website: <a href=\"http:\/\/www.atlanticrelocation.com\/phoenix\/\" target=\"_blank\" rel=\"noopener\">http:\/\/www.atlanticrelocation.com\/phoenix\/<\/a><\/p>\n<h2><strong>2. Solu\u00e7\u00f5es de mobilidade global<\/strong><\/h2>\n<p><img loading=\"lazy\" decoding=\"async\" class=\"alignnone size-full wp-image-11326\" src=\"https:\/\/moverdb.com\/wp-content\/uploads\/Global-Mobility-Solutions-international-moving-company.png\" alt=\"Global Mobility Solutions empresa de mudan\u00e7as internacionais\" width=\"1440\" height=\"676\" data-wp-pid=\"11326\" srcset=\"https:\/\/moverdb.com\/wp-content\/uploads\/Global-Mobility-Solutions-international-moving-company.png 1440w, https:\/\/moverdb.com\/wp-content\/uploads\/Global-Mobility-Solutions-international-moving-company-300x141.png 300w, https:\/\/moverdb.com\/wp-content\/uploads\/Global-Mobility-Solutions-international-moving-company-1024x481.png 1024w, https:\/\/moverdb.com\/wp-content\/uploads\/Global-Mobility-Solutions-international-moving-company-18x8.png 18w, https:\/\/moverdb.com\/wp-content\/uploads\/Global-Mobility-Solutions-international-moving-company-600x282.png 600w\" sizes=\"auto, (max-width: 1440px) 100vw, 1440px\" \/><\/p>\n<ul>\n<li>Realoca\u00e7\u00f5es locais e interestaduais<\/li>\n<li>Mudan\u00e7as internacionais<\/li>\n<li>Mudan\u00e7as corporativas<\/li>\n<li>Programas de mobilidade global<\/li>\n<li>Servi\u00e7os sob medida<\/li>\n<li>Suporte pr\u00e9-atribui\u00e7\u00e3o<\/li>\n<li>Servi\u00e7os de mudan\u00e7a<\/li>\n<li>Servi\u00e7os de assentamento<\/li>\n<li>Transporte de animais<\/li>\n<li>Tecnologia de rastreamento<\/li>\n<\/ul>\n<p>A Global Mobility Solutions \u00e9 uma empresa de gerenciamento de realoca\u00e7\u00e3o fundada em 1987 e sediada em Scottsdale. Eles podem fornecer servi\u00e7os de realoca\u00e7\u00e3o para mais de 140 pa\u00edses em todo o mundo e s\u00e3o membros da IAM com 36 anos de experi\u00eancia.<\/p>\n<p>A Global Mobility Solutions oferece servi\u00e7os de realoca\u00e7\u00e3o abrangentes e personalizados. Os servi\u00e7os de pr\u00e9-atribui\u00e7\u00e3o incluem visto e imigra\u00e7\u00e3o, orienta\u00e7\u00e3o e busca de moradia. Os servi\u00e7os de viagem pr\u00e9-decis\u00e3o incluem treinamento cultural e de idioma, transporte de animais de estima\u00e7\u00e3o e remessa de mercadorias. Os servi\u00e7os de mudan\u00e7a incluem servi\u00e7o de acomoda\u00e7\u00e3o, suporte a parceiros e coloca\u00e7\u00e3o em escolas. Eles fornecem a tecnologia MyRelocation, que permite que os empregadores gerenciem e acompanhem as realoca\u00e7\u00f5es e ajuda a agilizar as realoca\u00e7\u00f5es da empresa.<\/p>\n<p>Website: <a href=\"https:\/\/gmsmobility.com\/\" target=\"_blank\" rel=\"noopener\">https:\/\/gmsmobility.com\/<\/a><\/p>","protected":false},"excerpt":{"rendered":"<p>Moving can be one of the most stressful times in our lives, so why try to do it all on your own? Moving companies can help with organisation, packing, transportation and customs if required. Below we have compiled a list of Arizona based removal companies that are members of the International Association of Movers (IAM) [&hellip;]<\/p>\n","protected":false},"author":4,"featured_media":11262,"parent":190,"menu_order":0,"comment_status":"closed","ping_status":"closed","template":"","meta":{"_genesis_hide_title":false,"_genesis_hide_breadcrumbs":false,"_genesis_hide_singular_image":false,"_genesis_hide_footer_widgets":false,"_genesis_custom_body_class":"","_genesis_custom_post_class":"","_genesis_layout":"","footnotes":""},"class_list":{"0":"post-11550","1":"page","2":"type-page","3":"status-publish","4":"has-post-thumbnail","6":"entry"},"_links":{"self":[{"href":"https:\/\/moverdb.com\/pt\/wp-json\/wp\/v2\/pages\/11550","targetHints":{"allow":["GET"]}}],"collection":[{"href":"https:\/\/moverdb.com\/pt\/wp-json\/wp\/v2\/pages"}],"about":[{"href":"https:\/\/moverdb.com\/pt\/wp-json\/wp\/v2\/types\/page"}],"author":[{"embeddable":true,"href":"https:\/\/moverdb.com\/pt\/wp-json\/wp\/v2\/users\/4"}],"replies":[{"embeddable":true,"href":"https:\/\/moverdb.com\/pt\/wp-json\/wp\/v2\/comments?post=11550"}],"version-history":[{"count":1,"href":"https:\/\/moverdb.com\/pt\/wp-json\/wp\/v2\/pages\/11550\/revisions"}],"predecessor-version":[{"id":11551,"href":"https:\/\/moverdb.com\/pt\/wp-json\/wp\/v2\/pages\/11550\/revisions\/11551"}],"up":[{"embeddable":true,"href":"https:\/\/moverdb.com\/pt\/wp-json\/wp\/v2\/pages\/190"}],"wp:featuredmedia":[{"embeddable":true,"href":"https:\/\/moverdb.com\/pt\/wp-json\/wp\/v2\/media\/11262"}],"wp:attachment":[{"href":"https:\/\/moverdb.com\/pt\/wp-json\/wp\/v2\/media?parent=11550"}],"curies":[{"name":"wp","href":"https:\/\/api.w.org\/{rel}","templated":true}]}}