{"id":11546,"date":"2023-11-29T10:47:36","date_gmt":"2023-11-29T10:47:36","guid":{"rendered":"https:\/\/moverdb.com\/?page_id=11546"},"modified":"2026-01-08T15:25:02","modified_gmt":"2026-01-08T15:25:02","slug":"moving-companies-us-alaska","status":"publish","type":"page","link":"https:\/\/moverdb.com\/pt\/moving-companies\/moving-companies-us-alaska\/","title":{"rendered":"5 melhores empresas de mudan\u00e7as internacionais no Alasca"},"content":{"rendered":"<p>Se voc\u00ea mora atualmente em <a href=\"https:\/\/moverdb.com\/pt\/moving-to-the-united-states\/moving-to-alaska\/\" data-internallinksmanager029f6b8e52c=\"384\" title=\"Est\u00e1 se mudando para o Alasca? 2026 Custo de vida e dicas de realoca\u00e7\u00e3o\">Alasca<\/a> e estiver planejando uma mudan\u00e7a ou estiver se mudando para o Alasca vindo do exterior, talvez seja necess\u00e1rio contratar os servi\u00e7os de uma empresa de mudan\u00e7as para ajud\u00e1-lo. <a href=\"https:\/\/moverdb.com\/pt\/moving-companies\/\" data-internallinksmanager029f6b8e52c=\"79\" title=\"As 25 maiores empresas de mudan\u00e7as internacionais on-line\">Empresas de mudan\u00e7as<\/a> podem aliviar a carga e a press\u00e3o sobre voc\u00ea embalando, carregando e transportando seus pertences. Abaixo, compilamos uma lista de empresas sediadas no Alasca <a href=\"https:\/\/moverdb.com\/pt\/international-removals\/\" data-internallinksmanager029f6b8e52c=\"27\" title=\"36 melhores empresas de mudan\u00e7as internacionais no Reino Unido\">empresas de mudan\u00e7as<\/a> que s\u00e3o membros do <a href=\"https:\/\/moverdb.com\/pt\/iam\/\" data-internallinksmanager029f6b8e52c=\"23\" title=\"Associa\u00e7\u00e3o Internacional de Remotores (IAM) Explicado\">Associa\u00e7\u00e3o Internacional de Movers<\/a> (IAM) e\/ou <a href=\"https:\/\/moverdb.com\/pt\/fidi-faim\/\" data-internallinksmanager029f6b8e52c=\"16\" title=\"FIDI &amp; FAIM (FIDI Accredited International Mover) Explicado\">FIDI<\/a> Credenciado pela International Mover (FAIM), que poderia ajud\u00e1-lo com sua mudan\u00e7a.<\/p>\n<div id=\"ez-toc-container\" class=\"ez-toc-v2_0_83 ez-toc-wrap-left counter-hierarchy ez-toc-counter ez-toc-transparent ez-toc-container-direction\">\n<div class=\"ez-toc-title-container\">\n<p class=\"ez-toc-title\" style=\"cursor:inherit\">Se\u00e7\u00f5es<\/p>\n<span class=\"ez-toc-title-toggle\"><a href=\"#\" class=\"ez-toc-pull-right ez-toc-btn ez-toc-btn-xs ez-toc-btn-default ez-toc-toggle\" aria-label=\"Alternar tabela de conte\u00fado\"><span class=\"ez-toc-js-icon-con\"><span class=\"\"><span class=\"eztoc-hide\" style=\"display:none;\">Alternar<\/span><span class=\"ez-toc-icon-toggle-span\"><svg style=\"fill: #999;color:#999\" xmlns=\"http:\/\/www.w3.org\/2000\/svg\" class=\"list-377408\" width=\"20px\" height=\"20px\" viewbox=\"0 0 24 24\" fill=\"none\"><path d=\"M6 6H4v2h2V6zm14 0H8v2h12V6zM4 11h2v2H4v-2zm16 0H8v2h12v-2zM4 16h2v2H4v-2zm16 0H8v2h12v-2z\" fill=\"currentColor\"><\/path><\/svg><svg style=\"fill: #999;color:#999\" class=\"arrow-unsorted-368013\" xmlns=\"http:\/\/www.w3.org\/2000\/svg\" width=\"10px\" height=\"10px\" viewbox=\"0 0 24 24\" version=\"1.2\" baseprofile=\"tiny\"><path d=\"M18.2 9.3l-6.2-6.3-6.2 6.3c-.2.2-.3.4-.3.7s.1.5.3.7c.2.2.4.3.7.3h11c.3 0 .5-.1.7-.3.2-.2.3-.5.3-.7s-.1-.5-.3-.7zM5.8 14.7l6.2 6.3 6.2-6.3c.2-.2.3-.5.3-.7s-.1-.5-.3-.7c-.2-.2-.4-.3-.7-.3h-11c-.3 0-.5.1-.7.3-.2.2-.3.5-.3.7s.1.5.3.7z\"\/><\/svg><\/span><\/span><\/span><\/a><\/span><\/div>\n<nav><ul class='ez-toc-list ez-toc-list-level-1 eztoc-toggle-hide-by-default' ><li class='ez-toc-page-1 ez-toc-heading-level-2'><a class=\"ez-toc-link ez-toc-heading-1\" href=\"https:\/\/moverdb.com\/pt\/moving-companies\/moving-companies-us-alaska\/#1_Alisons_Relocations\" >1. Realoca\u00e7\u00f5es da Alisons<\/a><\/li><li class='ez-toc-page-1 ez-toc-heading-level-2'><a class=\"ez-toc-link ez-toc-heading-2\" href=\"https:\/\/moverdb.com\/pt\/moving-companies\/moving-companies-us-alaska\/#2_Continental_Van_Lines\" >2. Continental Van Lines<\/a><\/li><li class='ez-toc-page-1 ez-toc-heading-level-2'><a class=\"ez-toc-link ez-toc-heading-3\" href=\"https:\/\/moverdb.com\/pt\/moving-companies\/moving-companies-us-alaska\/#3_Golden_North_Van_Lines\" >3. Golden North Van Lines<\/a><\/li><li class='ez-toc-page-1 ez-toc-heading-level-2'><a class=\"ez-toc-link ez-toc-heading-4\" href=\"https:\/\/moverdb.com\/pt\/moving-companies\/moving-companies-us-alaska\/#4_Royal_Alaskan_Movers\" >4. Royal Alaskan Movers<\/a><\/li><li class='ez-toc-page-1 ez-toc-heading-level-2'><a class=\"ez-toc-link ez-toc-heading-5\" href=\"https:\/\/moverdb.com\/pt\/moving-companies\/moving-companies-us-alaska\/#5_Sourdough_Express\" >5. Sourdough Express<\/a><\/li><\/ul><\/nav><\/div>\n<h2><span class=\"ez-toc-section\" id=\"1_Alisons_Relocations\"><\/span><strong>1. Realoca\u00e7\u00f5es da Alisons<\/strong><span class=\"ez-toc-section-end\"><\/span><\/h2>\n<p><img loading=\"lazy\" decoding=\"async\" class=\"alignnone size-full wp-image-11250\" src=\"https:\/\/moverdb.com\/wp-content\/uploads\/Alisons-Relocation-international-moving-company.png\" alt=\"Empresa de mudan\u00e7as internacionais Alisons Relocation\" width=\"1440\" height=\"678\" data-wp-pid=\"11250\" srcset=\"https:\/\/moverdb.com\/wp-content\/uploads\/Alisons-Relocation-international-moving-company.png 1440w, https:\/\/moverdb.com\/wp-content\/uploads\/Alisons-Relocation-international-moving-company-300x141.png 300w, https:\/\/moverdb.com\/wp-content\/uploads\/Alisons-Relocation-international-moving-company-1024x482.png 1024w, https:\/\/moverdb.com\/wp-content\/uploads\/Alisons-Relocation-international-moving-company-18x8.png 18w, https:\/\/moverdb.com\/wp-content\/uploads\/Alisons-Relocation-international-moving-company-600x283.png 600w\" sizes=\"auto, (max-width: 1440px) 100vw, 1440px\" \/><\/p>\n<ul>\n<li>Movimentos nacionais<\/li>\n<li>Movimentos internacionais<\/li>\n<li>Mudan\u00e7as residenciais<\/li>\n<li>Mudan\u00e7as de escrit\u00f3rios e industriais<\/li>\n<li>Mudan\u00e7a corporativa<\/li>\n<li>Servi\u00e7o porta-a-porta<\/li>\n<li>Op\u00e7\u00f5es de embalagem<\/li>\n<li>Transporte mar\u00edtimo, a\u00e9reo, rodovi\u00e1rio e ferrovi\u00e1rio<\/li>\n<li>Despachos aduaneiros<\/li>\n<li>Instala\u00e7\u00f5es de armazenamento<\/li>\n<\/ul>\n<p>A Alison's Relocations \u00e9 uma empresa de mudan\u00e7as e armazenamento fundada em 1998 em Anchorage. Eles s\u00e3o membros da IAM com 26 anos de experi\u00eancia, o que lhes proporciona uma rede internacional de agentes de mudan\u00e7a para apoi\u00e1-los.<\/p>\n<p>A Alison's Relocations oferece servi\u00e7os de mudan\u00e7a porta a porta com um \u00fanico ponto de contato. Eles oferecem uma variedade de servi\u00e7os de embalagem que incluem um servi\u00e7o completo, embalagem parcial para itens e m\u00f3veis fr\u00e1geis, auto-embalagem e op\u00e7\u00f5es de auto-embalagem e carregamento. O servi\u00e7o de empacotamento inclui acolchoar e embrulhar m\u00f3veis e embalar com seguran\u00e7a todos os bens encaixot\u00e1veis. Eles transportar\u00e3o seus pertences, acompanhando seus movimentos em seu sistema de gerenciamento de mudan\u00e7as e cuidando da alf\u00e2ndega.<\/p>\n<p>Website: <a href=\"https:\/\/alisonsrelo.com\/\" target=\"_blank\" rel=\"noopener\">https:\/\/alisonsrelo.com\/<\/a><\/p>\n<h2><span class=\"ez-toc-section\" id=\"2_Continental_Van_Lines\"><\/span><strong>2. Continental Van Lines<\/strong><span class=\"ez-toc-section-end\"><\/span><\/h2>\n<p><img loading=\"lazy\" decoding=\"async\" class=\"alignnone size-full wp-image-11295\" src=\"https:\/\/moverdb.com\/wp-content\/uploads\/Continental-Van-Lines-moving-company.png\" alt=\"Empresa de mudan\u00e7as Continental Van Lines\" width=\"1440\" height=\"680\" data-wp-pid=\"11295\" srcset=\"https:\/\/moverdb.com\/wp-content\/uploads\/Continental-Van-Lines-moving-company.png 1440w, https:\/\/moverdb.com\/wp-content\/uploads\/Continental-Van-Lines-moving-company-300x142.png 300w, https:\/\/moverdb.com\/wp-content\/uploads\/Continental-Van-Lines-moving-company-1024x484.png 1024w, https:\/\/moverdb.com\/wp-content\/uploads\/Continental-Van-Lines-moving-company-18x9.png 18w, https:\/\/moverdb.com\/wp-content\/uploads\/Continental-Van-Lines-moving-company-600x283.png 600w\" sizes=\"auto, (max-width: 1440px) 100vw, 1440px\" \/><\/p>\n<ul>\n<li>Movimentos nacionais<\/li>\n<li>Movimentos internacionais<\/li>\n<li>Mudan\u00e7as residenciais<\/li>\n<li>Movimentos comerciais<\/li>\n<li>Servi\u00e7o porta-a-porta<\/li>\n<li>Suporte de embalagem<\/li>\n<li>Arranjo de transporte<\/li>\n<li>Assist\u00eancia no desembara\u00e7o aduaneiro<\/li>\n<li>Transporte de ve\u00edculos<\/li>\n<li>Instala\u00e7\u00f5es de armazenamento<\/li>\n<\/ul>\n<p>A Continental Van Lines \u00e9 uma empresa de mudan\u00e7as com servi\u00e7o completo fundada em 1952, com unidades em Anchorage, Fife e Tacoma. A empresa \u00e9 membro da IAM, com 77 anos de experi\u00eancia, e \u00e9 credenciada pela FIDI. Eles tamb\u00e9m fazem parte de redes que incluem a Van Lines, o que lhes d\u00e1 redes internacionais de agentes de mudan\u00e7a com as quais trabalhar.<\/p>\n<p>Os coordenadores de mudan\u00e7a da Continental Van Lines criar\u00e3o um plano de mudan\u00e7a personalizado para atender \u00e0s suas necessidades e ao seu or\u00e7amento, seja uma mudan\u00e7a do tipo \"fa\u00e7a voc\u00ea mesmo\" ou uma solu\u00e7\u00e3o completa de luvas brancas. Eles oferecem servi\u00e7o completo de embalagem e desembalagem, al\u00e9m de desmontagem e remontagem de m\u00f3veis e servi\u00e7os de encaixotamento.<\/p>\n<p>Website: <a href=\"https:\/\/www.continentalvan.com\/international-mover\/\" target=\"_blank\" rel=\"noopener\">https:\/\/www.continentalvan.com\/international-mover\/<\/a><\/p>\n<h2><span class=\"ez-toc-section\" id=\"3_Golden_North_Van_Lines\"><\/span><strong>3. Golden North Van Lines<\/strong><span class=\"ez-toc-section-end\"><\/span><\/h2>\n<p><img loading=\"lazy\" decoding=\"async\" class=\"alignnone size-full wp-image-11329\" src=\"https:\/\/moverdb.com\/wp-content\/uploads\/Golden-North-Van-Lines-international-moving-company.png\" alt=\"Empresa de mudan\u00e7as internacionais Golden North Van Lines\" width=\"1440\" height=\"681\" data-wp-pid=\"11329\" srcset=\"https:\/\/moverdb.com\/wp-content\/uploads\/Golden-North-Van-Lines-international-moving-company.png 1440w, https:\/\/moverdb.com\/wp-content\/uploads\/Golden-North-Van-Lines-international-moving-company-300x142.png 300w, https:\/\/moverdb.com\/wp-content\/uploads\/Golden-North-Van-Lines-international-moving-company-1024x484.png 1024w, https:\/\/moverdb.com\/wp-content\/uploads\/Golden-North-Van-Lines-international-moving-company-18x9.png 18w, https:\/\/moverdb.com\/wp-content\/uploads\/Golden-North-Van-Lines-international-moving-company-600x284.png 600w\" sizes=\"auto, (max-width: 1440px) 100vw, 1440px\" \/><\/p>\n<ul>\n<li>Movimentos nacionais<\/li>\n<li>Movimentos internacionais<\/li>\n<li>Mudan\u00e7as residenciais<\/li>\n<li>Mudan\u00e7as comerciais e de escrit\u00f3rio<\/li>\n<li>Servi\u00e7os sob medida<\/li>\n<li>Servi\u00e7o de embalagem<\/li>\n<li>Provid\u00eancias de transporte<\/li>\n<li>Apoio alfandeg\u00e1rio<\/li>\n<li>Servi\u00e7os de concierge<\/li>\n<li>Armazenamento de curto e longo prazo<\/li>\n<\/ul>\n<p>A Golden North Van Lines \u00e9 uma empresa de mudan\u00e7as fundada em 1976, com escrit\u00f3rios em Anchorage e Fairbanks. Eles s\u00e3o agentes da Van Lines e t\u00eam acesso a uma rede internacional de empresas de mudan\u00e7as para auxili\u00e1-los em mudan\u00e7as mundiais. A empresa \u00e9 membro da IAM e tem 49 anos de experi\u00eancia.<\/p>\n<p>A Golden North Van Lines oferece servi\u00e7os personalizados de mudan\u00e7a e reloca\u00e7\u00e3o em n\u00edvel nacional e internacional. Seus servi\u00e7os de realoca\u00e7\u00e3o incluem servi\u00e7os de mudan\u00e7a no estilo concierge para resid\u00eancias e empresas. Eles oferecem um servi\u00e7o de embalagem para proteger seus itens em tr\u00e2nsito e providenciar\u00e3o o transporte seguro de seus pertences at\u00e9 o seu destino.<\/p>\n<p>Website: <a href=\"https:\/\/www.goldennorthvanlines.com\/\" target=\"_blank\" rel=\"noopener\">https:\/\/www.goldennorthvanlines.com\/<\/a><\/p>\n<h2><span class=\"ez-toc-section\" id=\"4_Royal_Alaskan_Movers\"><\/span><strong>4. Royal Alaskan Movers<\/strong><span class=\"ez-toc-section-end\"><\/span><\/h2>\n<p><img loading=\"lazy\" decoding=\"async\" class=\"alignnone size-full wp-image-11428\" src=\"https:\/\/moverdb.com\/wp-content\/uploads\/Royal-Alaskan-Movers-international-moving-company.png\" alt=\"Royal Alaskan Movers empresa de mudan\u00e7as internacionais\" width=\"1440\" height=\"680\" data-wp-pid=\"11428\" srcset=\"https:\/\/moverdb.com\/wp-content\/uploads\/Royal-Alaskan-Movers-international-moving-company.png 1440w, https:\/\/moverdb.com\/wp-content\/uploads\/Royal-Alaskan-Movers-international-moving-company-300x142.png 300w, https:\/\/moverdb.com\/wp-content\/uploads\/Royal-Alaskan-Movers-international-moving-company-1024x484.png 1024w, https:\/\/moverdb.com\/wp-content\/uploads\/Royal-Alaskan-Movers-international-moving-company-18x9.png 18w, https:\/\/moverdb.com\/wp-content\/uploads\/Royal-Alaskan-Movers-international-moving-company-600x283.png 600w\" sizes=\"auto, (max-width: 1440px) 100vw, 1440px\" \/><\/p>\n<ul>\n<li>Mudan\u00e7as locais e nacionais<\/li>\n<li>Mudan\u00e7as internacionais<\/li>\n<li>Mudan\u00e7as dom\u00e9sticas<\/li>\n<li>Mudan\u00e7as de empresas<\/li>\n<li>Servi\u00e7o personalizado<\/li>\n<li>Plano de mudan\u00e7a<\/li>\n<li>Servi\u00e7o de embalagem<\/li>\n<li>Transporte terrestre, mar\u00edtimo e a\u00e9reo<\/li>\n<li>Transporte de ve\u00edculos<\/li>\n<li>Instala\u00e7\u00f5es de armazenamento<\/li>\n<\/ul>\n<p>A Royal Alaskan Movers \u00e9 uma empresa de mudan\u00e7as fundada em 2010 e sediada em Anchorage. Fazem parte da The DeWitt Companies, o que lhes proporciona experi\u00eancia e suporte global em mudan\u00e7as. Eles s\u00e3o membros da IAM com 13 anos de experi\u00eancia.<\/p>\n<p>A Royal Alaskan Movers oferece um servi\u00e7o de mudan\u00e7a personalizado com uma pesquisa virtual para avaliar suas necessidades de mudan\u00e7a e fornecer um or\u00e7amento. Eles buscar\u00e3o a op\u00e7\u00e3o de mudan\u00e7a e armazenamento mais eficiente e econ\u00f4mica para atender \u00e0s suas necessidades. Eles oferecem servi\u00e7o completo de embalagem e embrulhar\u00e3o seus m\u00f3veis e os desembalar\u00e3o na chegada. Eles fornecem um invent\u00e1rio e providenciam o transporte para onde quer que seja o seu destino.<\/p>\n<p>Website: <a href=\"https:\/\/www.royalalaskanmovers.com\/\" target=\"_blank\" rel=\"noopener\">https:\/\/www.royalalaskanmovers.com\/<\/a><\/p>\n<h2><span class=\"ez-toc-section\" id=\"5_Sourdough_Express\"><\/span><strong>5. Sourdough Express<\/strong><span class=\"ez-toc-section-end\"><\/span><\/h2>\n<p><img loading=\"lazy\" decoding=\"async\" class=\"alignnone size-full wp-image-11447\" src=\"https:\/\/moverdb.com\/wp-content\/uploads\/Sordough-Express-international-moving-company.png\" alt=\"Empresa de mudan\u00e7as internacionais Sourdough Express\" width=\"1440\" height=\"680\" data-wp-pid=\"11447\" srcset=\"https:\/\/moverdb.com\/wp-content\/uploads\/Sordough-Express-international-moving-company.png 1440w, https:\/\/moverdb.com\/wp-content\/uploads\/Sordough-Express-international-moving-company-300x142.png 300w, https:\/\/moverdb.com\/wp-content\/uploads\/Sordough-Express-international-moving-company-1024x484.png 1024w, https:\/\/moverdb.com\/wp-content\/uploads\/Sordough-Express-international-moving-company-18x9.png 18w, https:\/\/moverdb.com\/wp-content\/uploads\/Sordough-Express-international-moving-company-600x283.png 600w\" sizes=\"auto, (max-width: 1440px) 100vw, 1440px\" \/><\/p>\n<ul>\n<li>Movimentos locais e interestaduais<\/li>\n<li>Movimentos internacionais<\/li>\n<li>Mudan\u00e7as residenciais<\/li>\n<li>Mudan\u00e7as corporativas e de escrit\u00f3rios<\/li>\n<li>Mudan\u00e7as de funcion\u00e1rios<\/li>\n<li>Pesquisa pr\u00e9-movimento<\/li>\n<li>Plano de mudan\u00e7a personalizado<\/li>\n<li>Servi\u00e7o de embalagem<\/li>\n<li>Arranjos de transporte9<\/li>\n<li>Instala\u00e7\u00f5es de armazenamento<\/li>\n<\/ul>\n<p>A Sourdough Express \u00e9 uma empresa de servi\u00e7o completo de mudan\u00e7a e armazenamento com sede em Anchorage e Fairbanks, fundada em 1898. Eles s\u00e3o membros da IAM, com 125 anos de experi\u00eancia, o que lhes d\u00e1 acesso a uma rede mundial de empresas de mudan\u00e7as que podem ajud\u00e1-los.<\/p>\n<p>A Sourdough Express realizar\u00e1 uma pesquisa antes da mudan\u00e7a para estabelecer suas necessidades de mudan\u00e7a e, em seguida, criar\u00e1 um plano personalizado de mudan\u00e7a e embalagem para cada etapa da sua realoca\u00e7\u00e3o. Eles oferecem um servi\u00e7o de embalagem que utiliza empacotadores profissionais treinados para proteger seus pertences em tr\u00e2nsito. Para mudan\u00e7as de escrit\u00f3rios, um consultor de mudan\u00e7as ser\u00e1 fornecido para ajudar a minimizar o tempo de inatividade de sua empresa.<\/p>\n<p>Website: <a href=\"https:\/\/sourdoughexpress.com\/\" target=\"_blank\" rel=\"noopener\">https:\/\/sourdoughexpress.com\/<\/a><\/p>","protected":false},"excerpt":{"rendered":"<p>If you currently live in Alaska and are planning a move or are moving to Alaska from abroad, you might want to engage the services of a moving company to assist you. Moving companies can lighten the load and pressure on you by packing, loading and transporting your belongings. Below we have compiled a list [&hellip;]<\/p>\n","protected":false},"author":4,"featured_media":11250,"parent":190,"menu_order":0,"comment_status":"closed","ping_status":"closed","template":"","meta":{"_genesis_hide_title":false,"_genesis_hide_breadcrumbs":false,"_genesis_hide_singular_image":false,"_genesis_hide_footer_widgets":false,"_genesis_custom_body_class":"","_genesis_custom_post_class":"","_genesis_layout":"","footnotes":""},"class_list":{"0":"post-11546","1":"page","2":"type-page","3":"status-publish","4":"has-post-thumbnail","6":"entry"},"_links":{"self":[{"href":"https:\/\/moverdb.com\/pt\/wp-json\/wp\/v2\/pages\/11546","targetHints":{"allow":["GET"]}}],"collection":[{"href":"https:\/\/moverdb.com\/pt\/wp-json\/wp\/v2\/pages"}],"about":[{"href":"https:\/\/moverdb.com\/pt\/wp-json\/wp\/v2\/types\/page"}],"author":[{"embeddable":true,"href":"https:\/\/moverdb.com\/pt\/wp-json\/wp\/v2\/users\/4"}],"replies":[{"embeddable":true,"href":"https:\/\/moverdb.com\/pt\/wp-json\/wp\/v2\/comments?post=11546"}],"version-history":[{"count":1,"href":"https:\/\/moverdb.com\/pt\/wp-json\/wp\/v2\/pages\/11546\/revisions"}],"predecessor-version":[{"id":11547,"href":"https:\/\/moverdb.com\/pt\/wp-json\/wp\/v2\/pages\/11546\/revisions\/11547"}],"up":[{"embeddable":true,"href":"https:\/\/moverdb.com\/pt\/wp-json\/wp\/v2\/pages\/190"}],"wp:featuredmedia":[{"embeddable":true,"href":"https:\/\/moverdb.com\/pt\/wp-json\/wp\/v2\/media\/11250"}],"wp:attachment":[{"href":"https:\/\/moverdb.com\/pt\/wp-json\/wp\/v2\/media?parent=11546"}],"curies":[{"name":"wp","href":"https:\/\/api.w.org\/{rel}","templated":true}]}}