{"id":1076,"date":"2016-08-05T14:53:04","date_gmt":"2016-08-05T14:53:04","guid":{"rendered":"http:\/\/moverdb.com\/?page_id=1076"},"modified":"2026-01-08T15:30:39","modified_gmt":"2026-01-08T15:30:39","slug":"wheaton","status":"publish","type":"page","link":"https:\/\/moverdb.com\/pt\/wheaton\/","title":{"rendered":"Wheaton World Wide Moving: Servi\u00e7os &amp; Revis\u00f5es Internacionais"},"content":{"rendered":"<p>A Wheaton World Wide Moving (antiga Wheaton Van Lines) oferece a seus clientes uma gama de servi\u00e7os desde mudan\u00e7as internacionais at\u00e9 mudan\u00e7as locais. Estes est\u00e3o listados abaixo, juntamente com o perfil da empresa e an\u00e1lises.<\/p>\n<p><strong>Assist\u00eancia a Mudan\u00e7as e Realoca\u00e7\u00f5es Internacionais<\/strong><\/p>\n<ul>\n<li> Porta a porta em movimento<\/li>\n<li> Embalagem - fa\u00e7a-o voc\u00ea mesmo, artigos fr\u00e1geis ou embalagem de servi\u00e7o completo<\/li>\n<li> Desmontagem e remontagem de m\u00f3veis<\/li>\n<li> Realoca\u00e7\u00e3o de animais<\/li>\n<li> <a href=\"https:\/\/moverdb.com\/pt\/transporte-de-carro-transporte-embarque\/\">Envio e realoca\u00e7\u00e3o de ve\u00edculos<\/a><\/li>\n<li> Servi\u00e7os de imigra\u00e7\u00e3o<\/li>\n<li> Treinamento intercultural<\/li>\n<li> Treinamento de idiomas<\/li>\n<li> Servi\u00e7os de venda ao domic\u00edlio<\/li>\n<li> Gest\u00e3o de propriedade<\/li>\n<li> Servi\u00e7os de pr\u00e9-viagem<\/li>\n<li> Assist\u00eancia na busca domiciliar<\/li>\n<li> Busca de escolas<\/li>\n<li> Orienta\u00e7\u00f5es p\u00f3s-chegada<\/li>\n<li> Apoio \u00e0 carreira do parceiro<\/li>\n<li> Servi\u00e7os de artes\u00e3os e ajuda dom\u00e9stica<\/li>\n<li> Aluguel de m\u00f3veis<\/li>\n<li> Apoio no trabalho<\/li>\n<\/ul>\n<p><strong>Mudan\u00e7as Corporativas<\/strong><\/p>\n<ul>\n<li> Os parceiros da Wheaton, Crown Relocation, ajudam nas mudan\u00e7as<\/li>\n<\/ul>\n<p><strong>Movimentos Governamentais e Militares<\/strong><\/p>\n<p><strong>Mudan\u00e7as dom\u00e9sticas<\/strong><\/p>\n<ul>\n<li> Rede de 350 agentes na <a href=\"https:\/\/moverdb.com\/pt\/moving-to-the-united-states\/\" data-internallinksmanager029f6b8e52c=\"94\" title=\"Mudando-se para os Estados Unidos? 2026 Custos de Vida e Dicas de Reloca\u00e7\u00e3o\">Estados Unidos<\/a><\/li>\n<li> Embalagem e desempacotamento<\/li>\n<li> Embalagem especial para eletr\u00f4nica sens\u00edvel<\/li>\n<li> Transporte<\/li>\n<li> Armazenamento, se necess\u00e1rio<\/li>\n<\/ul>\n<p><strong>Movimentos Especializados e Comerciais<\/strong><\/p>\n<ul>\n<li> Escrit\u00f3rios e industriais<\/li>\n<li> Hospitalidade<\/li>\n<li> Produto especial<\/li>\n<li> Mudan\u00e7as comerciais<\/li>\n<\/ul>\n<p><strong>Armazenamento<\/strong><\/p>\n<ul>\n<li> Longo prazo<\/li>\n<li> Curto prazo<\/li>\n<li> 207 armaz\u00e9ns de \u00faltima gera\u00e7\u00e3o em 58 pa\u00edses<\/li>\n<\/ul>\n<h2>Perfil da Wheaton Worldwide Moving Company<\/h2>\n<p>A Wheaton Van Lines foi iniciada em 1945 por Earnest S. Wheaton e foi originalmente chamada Clipper Van Lines. A empresa come\u00e7ou servindo 22 estados no leste dos EUA, mas durante os anos 50, a expans\u00e3o significou que n\u00e3o s\u00f3 todo o pa\u00eds foi coberto, mas tamb\u00e9m foram iniciados movimentos internacionais.<\/p>\n<p>Durante a d\u00e9cada de 1980, a Wheaton Van Lines mudou seu nome para Wheaton Worldwide Moving. A empresa est\u00e1 sediada em Indian\u00e1polis, IN. A Wheaton visa manter seus padr\u00f5es excepcionalmente altos e rastrear e analisar dados para este fim. Eles tamb\u00e9m levam muito a s\u00e9rio as an\u00e1lises de seus clientes e t\u00eam coletado feedback dos clientes nos \u00faltimos 25 anos, a fim de se manterem no topo de suas prioridades.<\/p>\n<p>Wheaton Worldwide Moving retribui \u00e0 comunidade atrav\u00e9s de v\u00e1rias institui\u00e7\u00f5es de caridade. \u00c9 tamb\u00e9m uma empresa que se esfor\u00e7a constantemente para reduzir sua pegada de carbono.<\/p>\n<p>A Wheaton Worldwide Moving possui as seguintes credencia\u00e7\u00f5es e afilia\u00e7\u00f5es:<\/p>\n<ul>\n<li> <a href=\"https:\/\/moverdb.com\/pt\/amsa\/\">Associa\u00e7\u00e3o Americana de Mudan\u00e7as e Armazenamento<\/a> (<a href=\"https:\/\/moverdb.com\/pt\/amsa\/\" data-internallinksmanager029f6b8e52c=\"5\" title=\"American Moving &amp; Storage Association (AMSA) Explicada\">AMSA<\/a>) \u2013 <a href=\"https:\/\/moverdb.com\/pt\/rim-promover\/\">ProMover<\/a><\/li>\n<li> Associa\u00e7\u00e3o Nacional de Gestores de Mudan\u00e7as S\u00eanior (NASMM)<\/li>\n<li> Better Business Bureau (BBB) Neg\u00f3cios Credenciados A+<\/li>\n<\/ul>\n<h2>Wheaton Worldwide Moving Reviews<\/h2>\n<p><strong>Positivo:<\/strong><\/p>\n<ul>\n<li> \u201c<em>Boa empresa. Bom valor. Voltaria a usar\".<\/em> - David X via <a href=\"http:\/\/www.yelp.com\/biz\/wheaton-world-wide-moving-indianapolis-5?hrid=i8pH5fVrzdWhgdFkPaCnlQ&#038;utm_campaign=www_review_share_popup&#038;utm_medium=copy_link&#038;utm_source=(direct)\" target=\"_blank\" rel=\"noopener\">Yelp<\/a><\/li>\n<li> \u201c<em>O pessoal da Wheaton em <a href=\"https:\/\/moverdb.com\/pt\/movendo-se-para-houston\/\">Houston<\/a> se tornaram meus anjos em um momento muito dif\u00edcil da minha vida\".<\/em> - Bonnie M via <a href=\"http:\/\/www.bbb.org\/indy\/business-reviews\/movers\/wheaton-world-wide-moving-in-indianapolis-in-22485\/customer-reviews\" target=\"_blank\" rel=\"noopener\">BBB<\/a> <\/li>\n<li> \u201c<em>Eles n\u00e3o eram nada al\u00e9m do melhor do in\u00edcio ao fim\".<\/em> - Judith via <a href=\"http:\/\/www.mymovingreviews.com\/movers\/wheaton-van-lines-255#54528\" target=\"_blank\" rel=\"noopener\">MyMovingReviews.com<\/a><\/li>\n<li> \u201c<em>J\u00e1 usamos o Wheaton em movimento antes e tivemos um movimento muito bom, ent\u00e3o quando chegou a hora de nos mudarmos novamente, sab\u00edamos a quem chamar\".<\/em> - Freddy Lancaster via <a href=\"http:\/\/reviewamover.com\/review\/Moving-Companies-Reviews\/WHEATON-WORLD-WIDE-53.php?PHPSESSID=a21a9bd572e803d73fcb5f1f02487590\" target=\"_blank\" rel=\"noopener\">Revis\u00e3o-A-Mover<\/a> <\/li>\n<\/ul>\n<p><strong>Negativo:<\/strong><\/p>\n<ul>\n<li> <em>\"A Wheaton se recusa novamente a aceitar a responsabilidade por itens destru\u00eddos. Eles est\u00e3o jogando fora uma desculpa ap\u00f3s a outra e cada um faz menos sentido do que a \u00faltima\".<\/em> - Amy T via <a href=\"http:\/\/www.yelp.com\/biz\/wheaton-world-wide-moving-indianapolis-5?hrid=vRowN7GuFHy3k0yM5ijpgA&#038;utm_campaign=www_review_share_popup&#038;utm_medium=copy_link&#038;utm_source=(direct)\" target=\"_blank\" rel=\"noopener\">Yelp<\/a> <\/li>\n<li> \u201c<em>Do in\u00edcio ao fim, esta empresa foi a pior <a href=\"https:\/\/moverdb.com\/pt\/moving-companies\/\" data-internallinksmanager029f6b8e52c=\"79\" title=\"As 25 maiores empresas de mudan\u00e7as internacionais on-line\">empresa de mudan\u00e7as<\/a> que j\u00e1 lidamos e j\u00e1 tivemos mais de 6 movimentos profissionais em nosso casamento\".<\/em> - Nikki F via <a href=\"http:\/\/www.bbb.org\/indy\/business-reviews\/movers\/wheaton-world-wide-moving-in-indianapolis-in-22485\/customer-reviews\" target=\"_blank\" rel=\"noopener\">BBB<\/a><\/li>\n<li> \u201c<em>Foi-nos dito que o volume de nossa casa exigia o reboque inteiro e que era para isso que eles eram pagos. Em vez disso, eles apertaram uma segunda carga com nossa carga, resultando em itens que foram deixados para tr\u00e1s e cont\u00eaineres e aparelhos foram esmagados, danificados, perdidos e destru\u00eddos...\".<\/em> - Anthony via <a href=\"http:\/\/www.mymovingreviews.com\/movers\/wheaton-van-lines-255#51475\" target=\"_blank\" rel=\"noopener\">MyMovingReviews.com<\/a> <\/li>\n<li> <em>\"Tenha cuidado, fuja antes de contratar esta empresa\".<\/em> - David Gutierrez via <a href=\"http:\/\/reviewamover.com\/review\/reviewer\/davidrafael770.php?PHPSESSID=e2ea8ab20529fed2960f446a83923af0\" target=\"_blank\" rel=\"noopener\">Revis\u00e3o-A-Mover<\/a> <\/li>\n<\/ul>\n<div itemprop=\"review\" itemscope itemtype=\"http:\/\/schema.org\/Review\">\n<span itemprop=\"author\" itemscope=\"\" itemtype=\"http:\/\/schema.org\/Organization\"><span itemprop=\"name\">MoverDB.com<\/span><\/span> Revis\u00e3o do site on-line para <span itemprop=\"itemreviewed\" itemscope=\"\" itemtype=\"http:\/\/schema.org\/Brand\"><span itemprop=\"name\">Wheaton Worldwide Moving<\/span><\/span>:<\/p>\n<ol>\n<li> Detalhes claros de contato no website (incluindo n\u00famero de telefone): <strong>Sim<\/strong><\/li>\n<li> F\u00e1cil de obter <a href=\"https:\/\/moverdb.com\/pt\/citacoes\/\">cita\u00e7\u00f5es de mudan\u00e7as internacionais<\/a>? (Formul\u00e1rio de solicita\u00e7\u00e3o de or\u00e7amento on-line): <strong>Sim<\/strong><\/li>\n<li> Informa\u00e7\u00f5es claras no site: <strong>Sim,<\/strong> h\u00e1 muitos guias e recursos no site.<\/li>\n<li> Participa\u00e7\u00e3o em organiza\u00e7\u00f5es internacionais de mudan\u00e7as reconhecidas internacionalmente: <strong>Sim<\/strong>ver acima<\/li>\n<li> Lista de clientes e\/ou depoimentos de clientes anteriores. <strong>Sim,<\/strong> As revis\u00f5es e depoimentos de clientes s\u00e3o muito importantes para a empresa.<\/li>\n<\/ol>\n<div itemprop=\"reviewRating\" itemscope itemtype=\"http:\/\/schema.org\/Rating\"><meta itemprop=\"worstRating\" content = \"0\" \/><meta itemprop=\"bestRating\" content=\"5\" \/><meta itemprop=\"ratingValue\" content=\"5\"><\/div>\n<p><strong>Nota geral: 5\/5<\/strong><br \/>\n<strong>Data de revis\u00e3o:<\/strong> <span itemprop=\"datePublished\" content=\"2016-08-05\">05\/08\/2016<\/span>\n<\/div>\n<p>Leia mais sobre <a href=\"https:\/\/moverdb.com\/pt\/mudancas-empresas\/\">empresas de mudan\u00e7as internacionais<\/a>, <a href=\"https:\/\/moverdb.com\/pt\/us-canada-movers\/\">Empresas de mudan\u00e7as americanas e canadenses<\/a> e nosso <a href=\"https:\/\/moverdb.com\/pt\/criticas\/\">processo de revis\u00e3o<\/a>.<\/p>\n<p><strong>Website:<\/strong> <a href=\"https:\/\/www.wheatonworldwide.com\/\" target=\"_blank\" rel=\"noopener\">https:\/\/www.wheatonworldwide.com<\/a><\/p>","protected":false},"excerpt":{"rendered":"<p>Wheaton World Wide Moving (formerly Wheaton Van Lines) offers its clients a range of services from international moves to local moves. These are listed below, together with a company profile and reviews. International Moves and Relocation Assistance Door to door moving Packing &#8211; do it yourself, fragile items or full service packing Disassembling and reassembling [&hellip;]<\/p>\n","protected":false},"author":1,"featured_media":0,"parent":0,"menu_order":0,"comment_status":"closed","ping_status":"closed","template":"","meta":{"_genesis_hide_title":false,"_genesis_hide_breadcrumbs":false,"_genesis_hide_singular_image":false,"_genesis_hide_footer_widgets":false,"_genesis_custom_body_class":"","_genesis_custom_post_class":"","_genesis_layout":"","footnotes":""},"class_list":{"0":"post-1076","1":"page","2":"type-page","3":"status-publish","5":"entry"},"_links":{"self":[{"href":"https:\/\/moverdb.com\/pt\/wp-json\/wp\/v2\/pages\/1076","targetHints":{"allow":["GET"]}}],"collection":[{"href":"https:\/\/moverdb.com\/pt\/wp-json\/wp\/v2\/pages"}],"about":[{"href":"https:\/\/moverdb.com\/pt\/wp-json\/wp\/v2\/types\/page"}],"author":[{"embeddable":true,"href":"https:\/\/moverdb.com\/pt\/wp-json\/wp\/v2\/users\/1"}],"replies":[{"embeddable":true,"href":"https:\/\/moverdb.com\/pt\/wp-json\/wp\/v2\/comments?post=1076"}],"version-history":[{"count":7,"href":"https:\/\/moverdb.com\/pt\/wp-json\/wp\/v2\/pages\/1076\/revisions"}],"predecessor-version":[{"id":6251,"href":"https:\/\/moverdb.com\/pt\/wp-json\/wp\/v2\/pages\/1076\/revisions\/6251"}],"wp:attachment":[{"href":"https:\/\/moverdb.com\/pt\/wp-json\/wp\/v2\/media?parent=1076"}],"curies":[{"name":"wp","href":"https:\/\/api.w.org\/{rel}","templated":true}]}}