{"id":1075,"date":"2016-08-04T14:25:42","date_gmt":"2016-08-04T14:25:42","guid":{"rendered":"http:\/\/moverdb.com\/?page_id=1075"},"modified":"2026-01-08T15:20:29","modified_gmt":"2026-01-08T15:20:29","slug":"linhas-norte-american-van-lines","status":"publish","type":"page","link":"https:\/\/moverdb.com\/pt\/north-american-van-lines\/","title":{"rendered":"Linhas de Van da Am\u00e9rica do Norte: Revis\u00f5es de Mudan\u00e7as Internacionais"},"content":{"rendered":"<p>A North American Van Lines oferece a seus clientes servi\u00e7os para mudan\u00e7as internacionais, corporativas e dom\u00e9sticas. Segue uma lista desses servi\u00e7os, juntamente com o perfil e as revis\u00f5es da empresa.<\/p>\n<p><strong>Mudan\u00e7as internacionais para pessoas f\u00edsicas e jur\u00eddicas<\/strong><\/p>\n<ul>\n<li> Servi\u00e7o porta a porta<\/li>\n<li> Embalagem, estofamento e prote\u00e7\u00e3o de pertences<\/li>\n<li> Desmontagem de m\u00f3veis<\/li>\n<li> <a href=\"https:\/\/moverdb.com\/pt\/transporte-de-conteineres\/\">Cont\u00eaineres de navios<\/a> para cada aplica\u00e7\u00e3o<\/li>\n<li> Aconselhamento sobre o que embalar e o que vender para uma melhor rela\u00e7\u00e3o custo-benef\u00edcio<\/li>\n<li> Ajuda com o desembara\u00e7o aduaneiro<\/li>\n<li> Entrega e remontagem de m\u00f3veis<\/li>\n<li> Rastreamento de remessas online 24\/7<\/li>\n<li> Programa de prote\u00e7\u00e3o de avalia\u00e7\u00e3o<\/li>\n<li> Armazenamento de curto e longo prazo organizado<\/li>\n<\/ul>\n<p><strong>Servi\u00e7os especiais de reloca\u00e7\u00e3o<\/strong><\/p>\n<ul>\n<li> Compra de casa e assist\u00eancia de moradia tempor\u00e1ria<\/li>\n<li> Assist\u00eancia financeira e de seguros<\/li>\n<li> Treinamento transcultural<\/li>\n<li> Treinamento de idiomas<\/li>\n<li> Refer\u00eancias escolares e de creches<\/li>\n<li> Cuidados m\u00e9dicos e substitui\u00e7\u00e3o de prescri\u00e7\u00f5es<\/li>\n<li> Compra e servi\u00e7os para autom\u00f3veis<\/li>\n<li> Aulas de condu\u00e7\u00e3o<\/li>\n<\/ul>\n<p><strong>Mudan\u00e7as Corporativas<\/strong><\/p>\n<ul>\n<li> Embalagem e engradamento<\/li>\n<li> Armazenamento<\/li>\n<li> Envio<\/li>\n<li> Coordenador pessoal de recoloca\u00e7\u00e3o<\/li>\n<li> Assist\u00eancia na compra e venda de casas<\/li>\n<li> Orienta\u00e7\u00e3o de \u00e1rea<\/li>\n<li> Assist\u00eancia ao c\u00f4njuge<\/li>\n<li> Servi\u00e7os hipotec\u00e1rios<\/li>\n<li> Assentamento em servi\u00e7os<\/li>\n<\/ul>\n<p><strong>Servi\u00e7os de mudan\u00e7a<\/strong><\/p>\n<ul>\n<li> Embalagem e desempacotamento - fa\u00e7a voc\u00ea mesmo, somente itens fr\u00e1geis ou embalagem completa<\/li>\n<li> Grande sele\u00e7\u00e3o de materiais de embalagem<\/li>\n<li> Desmontagem e remontagem de m\u00f3veis<\/li>\n<li> Descarga<\/li>\n<li> Desempacotar se necess\u00e1rio<\/li>\n<li> Elimina\u00e7\u00e3o de detritos<\/li>\n<li> Armazenamento a longo e curto prazo<\/li>\n<li> Mudan\u00e7as dom\u00e9sticas<\/li>\n<li> Mudan\u00e7a local<\/li>\n<li> Movimentos de longa dist\u00e2ncia<\/li>\n<li> Militares em movimento<\/li>\n<li> Mudan\u00e7a de pa\u00eds<\/li>\n<li> Mudan\u00e7as interestaduais<\/li>\n<li> Expedi\u00e7\u00e3o expressa de pequenas remessas<\/li>\n<li> Movedores nacionais<\/li>\n<\/ul>\n<p><strong>Mudan\u00e7as Especializadas<\/strong><\/p>\n<ul>\n<li> Pianos<\/li>\n<li> Arte e antiguidades<\/li>\n<li> Barcos<\/li>\n<li> <a href=\"https:\/\/moverdb.com\/pt\/transporte-de-carro-transporte-embarque\/\">Ve\u00edculos<\/a><\/li>\n<li> Cont\u00eaineres<\/li>\n<\/ul>\n<h2>Perfil da North American Van Lines Company<\/h2>\n<p>A North American Van Lines iniciou suas atividades de caminh\u00f5es em 1933 com 12 agentes. Cinco anos depois teve mais de 120 agentes. A empresa lida com mudan\u00e7as de casa e escrit\u00f3rio, tanto locais, nacionais e internacionais. A North American Van Lines se tornou uma subsidi\u00e1ria da SIRVA Inc. em 1998. <\/p>\n<p>A empresa tem quase 8.000 funcion\u00e1rios e opera <strong>1.694 caminh\u00f5es<\/strong>. Estima-se que seus ve\u00edculos tenham viajado <strong>37.256.707 milhas<\/strong>.<\/p>\n<p>A North American Van Lines tem mais de 500 agentes na Am\u00e9rica do Norte. Eles t\u00eam rastreamento via sat\u00e9lite para localizar todas as remessas em todos os momentos. Tamb\u00e9m utilizam furg\u00f5es guindastes que lhes permitem carregar e descarregar itens grandes sem um cais de carga. <\/p>\n<p>A empresa implementou um Programa de Qualidade para treinar todos os funcion\u00e1rios e agentes com o mais alto padr\u00e3o poss\u00edvel.<\/p>\n<p>Acredita\u00e7\u00f5es e filia\u00e7\u00f5es da North American Van Lines:<\/p>\n<ul>\n<li> Parceria Alf\u00e2ndega-Com\u00e9rcio contra o Terrorismo (C-TPAT)<\/li>\n<li> <a href=\"https:\/\/moverdb.com\/pt\/amsa\/\">Associa\u00e7\u00e3o Americana de Mudan\u00e7as e Armazenamento<\/a> (<a href=\"https:\/\/moverdb.com\/pt\/amsa\/\" data-internallinksmanager029f6b8e52c=\"5\" title=\"American Moving &amp; Storage Association (AMSA) Explicada\">AMSA<\/a>) \u2013 <a href=\"https:\/\/moverdb.com\/pt\/rim-promover\/\">ProMover<\/a><\/li>\n<li> Neg\u00f3cios Credenciados BBB<\/li>\n<li> <a href=\"https:\/\/moverdb.com\/pt\/canadense-associacao-de-moversores\/\">Associa\u00e7\u00e3o Canadense de Remotores<\/a> (<a href=\"https:\/\/moverdb.com\/pt\/canadian-association-of-movers\/\" data-internallinksmanager029f6b8e52c=\"11\" title=\"Associa\u00e7\u00e3o Canadense de Remotores (CAM) Explicada\">CAM<\/a>)<\/li>\n<\/ul>\n<h2>Revis\u00f5es das Linhas de Van da Am\u00e9rica do Norte<\/h2>\n<p><strong>Positivo:<\/strong><\/p>\n<ul>\n<li>  <em>\"N\u00f3s nos movemos o tempo todo e este foi o melhor movimento que j\u00e1 tivemos\". Nunca tivemos um movimento em que as coisas tivessem sido t\u00e3o grandes. Tudo era simplesmente maravilhoso\".<\/em> - Justin P cliente <a href=\"https:\/\/www.northamerican.com\/\" target=\"_blank\" rel=\"noopener\">depoimento de seu website<\/a>.<\/li>\n<li> <em>\"Sempre em tempo h\u00e1bil e eficiente, pessoalmente e realmente \u00fatil\". Ficamos agradavelmente surpresos de que depois que nossos goofs foram carregados e pesados, na verdade, fomos cobrados menos do que o valor citado! Eu definitivamente os recomendaria!<\/em>\" - Candace via <a href=\"http:\/\/www.bbb.org\/northernindiana\/business-reviews\/movers\/north-american-van-lines-in-fort-wayne-in-90077877\/customer-reviews\" target=\"_blank\" rel=\"noopener\">BBB<\/a><\/li>\n<li> <em>\"Mudar de uma casa com um caminho longo, ventoso e estreito para outra a centenas de quil\u00f4metros de dist\u00e2ncia n\u00e3o foi tarefa f\u00e1cil para qualquer mudan\u00e7a. Mas as Van Lines norte-americanas proporcionaram uma experi\u00eancia maravilhosa que tornou a mudan\u00e7a menos estressante... e ouso dizer, divertida...\".<\/em> - Phyllis via <a href=\"https:\/\/www.facebook.com\/northAmericanVL\/reviews#\" target=\"_blank\" rel=\"noopener\">Facebook<\/a><\/li>\n<\/ul>\n<p><strong>Negativo:<\/strong><\/p>\n<ul>\n<li> <em>\"Uma experi\u00eancia horr\u00edvel com esta empresa. Eu as usei para me mudar de Baltimore para <a href=\"https:\/\/moverdb.com\/pt\/moving-to-san-francisco\/\">S\u00e3o Francisco<\/a>.  Eles utilizam o <a href=\"https:\/\/moverdb.com\/pt\/moving-companies\/\" data-internallinksmanager029f6b8e52c=\"79\" title=\"As 25 maiores empresas de mudan\u00e7as internacionais on-line\">empresas de mudan\u00e7as<\/a> contratado com a norte-americana para pegar e deixar suas coisas\".<\/em> - Nick via <a href=\"http:\/\/www.mymovingreviews.com\/movers\/north-american-van-lines-287#33438\" target=\"_blank\" rel=\"noopener\">MyMovingReviews<\/a><\/li>\n<li> <em>\"Mudan\u00e7a de <a href=\"https:\/\/moverdb.com\/pt\/moving-companies\/moving-companies-peru\/\" data-internallinksmanager029f6b8e52c=\"273\" title=\"9 melhores empresas de mudan\u00e7as internacionais no Peru\">Peru<\/a> para <a href=\"https:\/\/moverdb.com\/pt\/moving-to-the-united-states\/moving-to-iowa\/\" data-internallinksmanager029f6b8e52c=\"463\" title=\"Est\u00e1 se mudando para Iowa? 2024 Custo de vida e dicas de realoca\u00e7\u00e3o\">Iowa<\/a> foi um pesadelo. A pior parte foi ter o caminh\u00e3o descarregado por \"profissionais\" da North American Van Lines.\"<\/em> - Arthur via <a href=\"https:\/\/www.consumeraffairs.com\/movers\/north_american.htm\" target=\"_blank\" rel=\"noopener\">Assuntos do consumidor<\/a><\/li>\n<li> <em>\"J\u00e1 se passaram 10 dias desde que meus pertences foram retirados da <a href=\"https:\/\/moverdb.com\/pt\/moving-to-the-united-states\/moving-to-oklahoma\/\" data-internallinksmanager029f6b8e52c=\"453\" title=\"Est\u00e1 se mudando para Oklahoma? 2024 Custo de vida e dicas de realoca\u00e7\u00e3o\">Oklahoma<\/a>Faltam apenas dois dias \u00fateis para o prazo de entrega e eles acabaram de descobrir que o MOTORISTA NUNCA PEGOU MINHAS COISAS.\"<\/em> - via <a href=\"http:\/\/north-american-van-lines.pissedconsumer.com\/left-my-stuff-behind-20160401821464.html\" target=\"_blank\" rel=\"noopener\">Consumidor chateado<\/a><\/li>\n<\/ul>\n<div itemprop=\"review\" itemscope itemtype=\"http:\/\/schema.org\/Review\">\n<span itemprop=\"author\" itemscope=\"\" itemtype=\"http:\/\/schema.org\/Organization\"><span itemprop=\"name\">MoverDB.com<\/span><\/span> Revis\u00e3o do site on-line para <span itemprop=\"itemreviewed\" itemscope=\"\" itemtype=\"http:\/\/schema.org\/Brand\"><span itemprop=\"name\">Linhas de Van da Am\u00e9rica do Norte<\/span><\/span>:<\/p>\n<ol>\n<li> Detalhes claros de contato no website (incluindo n\u00famero de telefone): <strong>Sim<\/strong><\/li>\n<li> F\u00e1cil de obter <a href=\"https:\/\/moverdb.com\/pt\/citacoes\/\">cita\u00e7\u00f5es de mudan\u00e7as internacionais<\/a>? (Formul\u00e1rio de solicita\u00e7\u00e3o de or\u00e7amento on-line): <strong>Sim<\/strong><\/li>\n<li> Informa\u00e7\u00f5es claras no site: <strong>Sim<\/strong>Muitas informa\u00e7\u00f5es sobre os movimentos nacionais e internacionais.<\/li>\n<li> Participa\u00e7\u00e3o em organiza\u00e7\u00f5es internacionais de mudan\u00e7as reconhecidas internacionalmente: <strong>Sim<\/strong>ver acima<\/li>\n<li> Lista de clientes e\/ou depoimentos de clientes anteriores. <strong>Sim,<\/strong> h\u00e1 muitos testemunhos na p\u00e1gina, mas a maioria \u00e9 bastante curta.<\/li>\n<\/ol>\n<div itemprop=\"reviewRating\" itemscope itemtype=\"http:\/\/schema.org\/Rating\"><meta itemprop=\"worstRating\" content = \"0\" \/><meta itemprop=\"bestRating\" content=\"4.5\" \/><meta itemprop=\"ratingValue\" content=\"5\"><\/div>\n<p><strong>Nota geral: 4,5\/5<\/strong><br \/>\n<strong>Data de revis\u00e3o:<\/strong> <span itemprop=\"datePublished\" content=\"2016-08-24\">04\/08\/2016<\/span>\n<\/div>\n<p>Leia mais sobre <a href=\"https:\/\/moverdb.com\/pt\/mudancas-empresas\/\">mudan\u00e7as internacionais<\/a>, <a href=\"https:\/\/moverdb.com\/pt\/us-canada-movers\/\">Mudan\u00e7as canadenses e norte-americanas<\/a> e nosso <a href=\"https:\/\/moverdb.com\/pt\/criticas\/\">processo de revis\u00e3o m\u00f3vel<\/a>.<\/p>\n<p><strong>Sites da Web:<\/strong><br \/>\n<a href=\"https:\/\/moverdb.com\/pt\/moving-to-the-united-states\/\" data-internallinksmanager029f6b8e52c=\"94\" title=\"Mudando-se para os Estados Unidos? 2026 Custos de Vida e Dicas de Reloca\u00e7\u00e3o\">US<\/a>: <a href=\"https:\/\/www.northamerican.com\/\" target=\"_blank\" rel=\"noopener\">https:\/\/www.northamerican.com\/<\/a><br \/>\n<a href=\"https:\/\/moverdb.com\/pt\/moving-to-canada\/\" data-internallinksmanager029f6b8e52c=\"265\" title=\"Mudan\u00e7a para o Canad\u00e1? 2026 Custos de Vida e Dicas de Reloca\u00e7\u00e3o\">Canad\u00e1<\/a>: <a href=\"http:\/\/www.northamericanvanlines.ca\/\" target=\"_blank\" rel=\"noopener\">http:\/\/www.northamericanvanlines.ca\/<\/a><\/p>","protected":false},"excerpt":{"rendered":"<p>North American Van Lines offer their customers services for international, corporate and domestic moves. A list of these services follows, together with a company profile and reviews. International Moving for Individuals and Companies Door to door service Packing, padding and protecting belongings Disassembling furniture Ship containers for every application Advice on what to pack and [&hellip;]<\/p>\n","protected":false},"author":1,"featured_media":0,"parent":0,"menu_order":0,"comment_status":"closed","ping_status":"closed","template":"","meta":{"_genesis_hide_title":false,"_genesis_hide_breadcrumbs":false,"_genesis_hide_singular_image":false,"_genesis_hide_footer_widgets":false,"_genesis_custom_body_class":"","_genesis_custom_post_class":"","_genesis_layout":"","footnotes":""},"class_list":{"0":"post-1075","1":"page","2":"type-page","3":"status-publish","5":"entry"},"_links":{"self":[{"href":"https:\/\/moverdb.com\/pt\/wp-json\/wp\/v2\/pages\/1075","targetHints":{"allow":["GET"]}}],"collection":[{"href":"https:\/\/moverdb.com\/pt\/wp-json\/wp\/v2\/pages"}],"about":[{"href":"https:\/\/moverdb.com\/pt\/wp-json\/wp\/v2\/types\/page"}],"author":[{"embeddable":true,"href":"https:\/\/moverdb.com\/pt\/wp-json\/wp\/v2\/users\/1"}],"replies":[{"embeddable":true,"href":"https:\/\/moverdb.com\/pt\/wp-json\/wp\/v2\/comments?post=1075"}],"version-history":[{"count":11,"href":"https:\/\/moverdb.com\/pt\/wp-json\/wp\/v2\/pages\/1075\/revisions"}],"predecessor-version":[{"id":6227,"href":"https:\/\/moverdb.com\/pt\/wp-json\/wp\/v2\/pages\/1075\/revisions\/6227"}],"wp:attachment":[{"href":"https:\/\/moverdb.com\/pt\/wp-json\/wp\/v2\/media?parent=1075"}],"curies":[{"name":"wp","href":"https:\/\/api.w.org\/{rel}","templated":true}]}}