{"id":1065,"date":"2016-08-09T14:39:24","date_gmt":"2016-08-09T14:39:24","guid":{"rendered":"http:\/\/moverdb.com\/?page_id=1065"},"modified":"2026-01-08T14:47:45","modified_gmt":"2026-01-08T14:47:45","slug":"bekins-van-lines","status":"publish","type":"page","link":"https:\/\/moverdb.com\/pt\/bekins-van-lines\/","title":{"rendered":"Bekins Van Lines: Servi\u00e7os de Mudan\u00e7as e Revis\u00f5es Internacionais"},"content":{"rendered":"<p>A Bekins Van Lines est\u00e1 sediada em Indian\u00e1polis IN. Elas oferecem a seus clientes uma variedade de servi\u00e7os que est\u00e3o listados abaixo, juntamente com um perfil e an\u00e1lises da empresa.<\/p>\n<p><strong>Mudan\u00e7as Internacionais<\/strong><\/p>\n<ul>\n<li> Servi\u00e7o personalizado junto com a Crown Relocations<\/li>\n<li> Servi\u00e7o porta a porta<\/li>\n<li> Embalagem - fa\u00e7a-o voc\u00ea mesmo, itens selecionados ou servi\u00e7o completo<\/li>\n<li> Armazenamento - curto e longo prazo<\/li>\n<li> Realoca\u00e7\u00e3o de animais<\/li>\n<li> Servi\u00e7os de imigra\u00e7\u00e3o<\/li>\n<li> Treinamento intercultural<\/li>\n<li> Treinamento de idiomas<\/li>\n<li> Servi\u00e7os de venda ao domic\u00edlio<\/li>\n<li> Gest\u00e3o de propriedade<\/li>\n<li> Servi\u00e7os de pr\u00e9-viagem<\/li>\n<li> Assist\u00eancia na busca domiciliar<\/li>\n<li> Busca de escolas<\/li>\n<li> Orienta\u00e7\u00e3o p\u00f3s-chegada<\/li>\n<li> Apoio \u00e0 carreira do parceiro<\/li>\n<li> Servi\u00e7os de artes\u00e3os e ajuda dom\u00e9stica<\/li>\n<li> Aluguel de m\u00f3veis<\/li>\n<li> Apoio no trabalho<\/li>\n<\/ul>\n<p><strong>Embalagem e armazenamento<\/strong><\/p>\n<ul>\n<li> Armazenamento a longo e curto prazo<\/li>\n<li> Instala\u00e7\u00f5es seguras<\/li>\n<li> Aviso de acesso 24 horas<\/li>\n<li> Fa\u00e7a-o voc\u00ea mesmo, itens selecionados ou embalagem de servi\u00e7o completo<\/li>\n<li> Caixas de papel\u00e3o e caixas fornecidas<\/li>\n<li> Embalagem protetora fornecida<\/li>\n<li> Fita, etiquetas e canetas marcadoras<\/li>\n<\/ul>\n<p><strong>Servi\u00e7os de Mudan\u00e7as Governamentais e Militares<\/strong><\/p>\n<ul>\n<li> Fornecedor de servi\u00e7os de transporte da GSA<\/li>\n<li> Qualificado sob e apoia CHAMP<\/li>\n<li> Porta a porta<\/li>\n<\/ul>\n<p><strong>Realoca\u00e7\u00e3o de funcion\u00e1rios<\/strong><\/p>\n<ul>\n<li> Gerente de mudan\u00e7as dedicado<\/li>\n<li> Porta a porta<\/li>\n<\/ul>\n<p><strong>Mudan\u00e7as Residenciais<\/strong><\/p>\n<ul>\n<li> Porta a porta<\/li>\n<li> In-home <a href=\"https:\/\/moverdb.com\/pt\/quotes\/\" data-internallinksmanager029f6b8e52c=\"26\" title=\"Cota\u00e7\u00f5es de Mudan\u00e7as Internacionais: 12 Perguntas a Fazer ao seu Mover\">or\u00e7amento em movimento<\/a><\/li>\n<li> Servi\u00e7o completo de embalagem, carregamento e descarregamento<\/li>\n<li> Embalagem - fa\u00e7a-o voc\u00ea mesmo, artigos fr\u00e1geis ou servi\u00e7o completo<\/li>\n<li> Materiais de embalagem fornecidos<\/li>\n<li> Armazenagem dispon\u00edvel<\/li>\n<li> Desmontagem e remontagem de m\u00f3veis<\/li>\n<li> Movimentar m\u00f3veis, utens\u00edlios e equipamentos<\/li>\n<li> Mover pianos, <a href=\"https:\/\/moverdb.com\/pt\/transporte-de-carro-transporte-embarque\/\">ve\u00edculos<\/a>barcos e muito mais<\/li>\n<li> Prote\u00e7\u00e3o m\u00f3vel<\/li>\n<\/ul>\n<p><strong>Servi\u00e7os especializados em mudan\u00e7a<\/strong><\/p>\n<ul>\n<li> Transporte de equipamentos m\u00e9dicos<\/li>\n<li> Transporte de m\u00e1quinas pesadas<\/li>\n<li> Transporte de FFE<\/li>\n<li> Equipamento de escrit\u00f3rio<\/li>\n<li> Computadores e equipamentos de TI<\/li>\n<li> Itens de m\u00f3veis exclusivos<\/li>\n<li> Aparelho em movimento<\/li>\n<li> Lojas<\/li>\n<li> Servi\u00e7os de mudan\u00e7as de hotelaria<\/li>\n<\/ul>\n<h2>Perfil da Bekins Van Lines Company<\/h2>\n<p>A Bekins Van Lines foi fundada h\u00e1 125 anos por John e Martin Bekins em Sioux City, <a href=\"https:\/\/moverdb.com\/pt\/moving-to-the-united-states\/moving-to-iowa\/\" data-internallinksmanager029f6b8e52c=\"463\" title=\"Est\u00e1 se mudando para Iowa? 2024 Custo de vida e dicas de realoca\u00e7\u00e3o\">Iowa<\/a>. A empresa tinha 3 ve\u00edculos puxados por cavalos e 12 funcion\u00e1rios. Atualmente, \u00e9 a quarta maior linha de vans do mundo. <a href=\"https:\/\/moverdb.com\/pt\/moving-to-the-united-states\/\" data-internallinksmanager029f6b8e52c=\"94\" title=\"Mudando-se para os Estados Unidos? 2026 Custos de Vida e Dicas de Reloca\u00e7\u00e3o\">Estados Unidos<\/a> e atende a mais de 95% do pa\u00eds. A Bekins Van Lines \u00e9 especializada em <a href=\"https:\/\/moverdb.com\/pt\/transporte-de-conteineres\/\" target=\"_blank\" rel=\"noopener\">transporte internacional<\/a>, relocaliza\u00e7\u00f5es e movimenta\u00e7\u00e3o de itens de alto valor.<\/p>\n<p>A Bekins Van Lines \u00e9 agora propriedade da <a href=\"https:\/\/moverdb.com\/pt\/wheaton\/\" target=\"_blank\" rel=\"noopener\">Linhas de Van de Wheaton<\/a>. Ela continua a oferecer mudan\u00e7as dom\u00e9sticas, mudan\u00e7as corporativas, mudan\u00e7as internacionais e mudan\u00e7as militares. <\/p>\n<p>A Bekins, juntamente com a Wheaton Van Lines, fez uma parceria com a Crown Relocations para auxiliar os clientes em relocaliza\u00e7\u00f5es internacionais. A Bekins tem 350 agentes e s\u00e3o esses agentes que permitem que a empresa opere como um servi\u00e7o completo <a href=\"https:\/\/moverdb.com\/pt\/moving-companies\/\" data-internallinksmanager029f6b8e52c=\"79\" title=\"As 25 maiores empresas de mudan\u00e7as internacionais on-line\">empresa de mudan\u00e7as<\/a>.<\/p>\n<p>Afilia\u00e7\u00f5es e credenciamentos da Bekins Van Lines:<\/p>\n<ul>\n<li> <a href=\"https:\/\/moverdb.com\/pt\/amsa\/\" target=\"_blank\" rel=\"noopener\">Associa\u00e7\u00e3o Americana de Mudan\u00e7as e Armazenamento<\/a> (<a href=\"https:\/\/moverdb.com\/pt\/amsa\/\" data-internallinksmanager029f6b8e52c=\"5\" title=\"American Moving &amp; Storage Association (AMSA) Explicada\">AMSA<\/a>) \u2013 <a href=\"https:\/\/moverdb.com\/pt\/rim-promover\/\" target=\"_blank\" rel=\"noopener\">ProMover<\/a><\/li>\n<li> Associa\u00e7\u00e3o Nacional de Gestores de Mudan\u00e7as S\u00eanior (NASMM)<\/li>\n<li> Better Business Bureau (BBB) Neg\u00f3cios Credenciados A+<\/li>\n<\/ul>\n<h2>Bekins Van Lines Reviews<\/h2>\n<p><strong>Positivo:<\/strong><\/p>\n<ul>\n<li> <em>\"Eu estava apavorado de usar qualquer empresa de mudan\u00e7as para minha mudan\u00e7a de <a href=\"https:\/\/moverdb.com\/pt\/moving-to-san-jose\/\">S\u00e3o Jos\u00e9<\/a> para <a href=\"https:\/\/moverdb.com\/pt\/moving-to-the-united-states\/moving-to-oregon\/\" data-internallinksmanager029f6b8e52c=\"395\" title=\"Mudan\u00e7a para o Oregon? 2026 Custo de vida e dicas de realoca\u00e7\u00e3o\">Oregon<\/a>. Fiz muitas pesquisas on-line e, no final, escolhi a Bekins por causa de duas recomenda\u00e7\u00f5es pessoais e de seu or\u00e7amento fixo. Foi um processo f\u00e1cil, os funcion\u00e1rios da transportadora tomaram muito cuidado com meus itens e fizeram a entrega quando disseram que fariam.\"<\/em> - S. N. via <a href=\"http:\/\/www.yelp.com\/biz\/bekins-van-lines-indianapolis-4?hrid=sAKPuUdvUtx9Pe5VoZlhZQ&#038;utm_campaign=www_review_share_popup&#038;utm_medium=copy_link&#038;utm_source=(direct)\" target=\"_blank\" rel=\"noopener\">Yelp<\/a><\/li>\n<li> <em>\"Obtivemos as estimativas habituais para a mudan\u00e7a de nosso escrit\u00f3rio, e a Bekins chegou com a melhor e mais detalhada estimativa\".<\/em> - Wanda de Tampa via <a href=\"https:\/\/www.consumeraffairs.com\/movers\/bekins_van_lines.htm\" target=\"_blank\" rel=\"noopener\">Assuntos do consumidor<\/a><\/li>\n<li> <em>\"Este cliente COMO recomendaria o neg\u00f3cio a um amigo, membro da fam\u00edlia, vizinho ou colega\".<\/em> - Cindy R via <a href=\"http:\/\/www.bbb.org\/indy\/business-reviews\/movers\/bekins-van-lines-inc-in-indianapolis-in-90013818\/Customer-Reviews\" target=\"_blank\" rel=\"noopener\">BBB<\/a><\/li>\n<li> <em>\"Toda a equipe de mudan\u00e7a foi fant\u00e1stica. Os estimadores e coordenadores foram muito atenciosos\".<\/em> - Paul D via <a href=\"http:\/\/www.mymovingreviews.com\/movers\/bekins-van-lines-303#54527\" target=\"_blank\" rel=\"noopener\">MyMoivingReviews.com<\/a><\/li>\n<\/ul>\n<p><strong>Negativo:<\/strong><\/p>\n<ul>\n<li> \u201c<em>Experi\u00eancia verdadeiramente horr\u00edvel - muitos bens danificados e servi\u00e7o n\u00e3o profissional\". <\/em>Kelly H via <a href=\"http:\/\/www.yelp.com\/biz\/bekins-van-lines-indianapolis-4?hrid=mPlbHKmtD2adpffBELLyBA&#038;utm_campaign=www_review_share_popup&#038;utm_medium=copy_link&#038;utm_source=(direct)\" target=\"_blank\" rel=\"noopener\">Yelp<\/a> <\/li>\n<li> <em>\"O movimento perfeito descrito pelo agente tornou-se um pesadelo\".<\/em> - Marcel of Lake Park via <a href=\"https:\/\/www.consumeraffairs.com\/movers\/bekins_van_lines.htm\" target=\"_blank\" rel=\"noopener\">Assuntos do consumidor<\/a> <\/li>\n<li> <em>\"Havia v\u00e1rias coisas negativas sobre esta experi\u00eancia\".<\/em> - David S via <a href=\"http:\/\/www.bbb.org\/indy\/business-reviews\/movers\/bekins-van-lines-inc-in-indianapolis-in-90013818\/Customer-Reviews\" target=\"_blank\" rel=\"noopener\">BBB<\/a> <\/li>\n<li> \u201c<em>Descobri que a Bekins se movimenta e o armazenamento n\u00e3o \u00e9 confi\u00e1vel\". <\/em> D Langdon via <a href=\"http:\/\/www.mymovingreviews.com\/movers\/bekins-van-lines-303#37287\" target=\"_blank\" rel=\"noopener\">MyMoivingReviews.com<\/a><\/li>\n<\/ul>\n<div itemprop=\"review\" itemscope itemtype=\"http:\/\/schema.org\/Review\">\n<span itemprop=\"author\" itemscope=\"\" itemtype=\"http:\/\/schema.org\/Organization\"><span itemprop=\"name\">MoverDB.com<\/span><\/span> Revis\u00e3o do site on-line para <span itemprop=\"itemreviewed\" itemscope=\"\" itemtype=\"http:\/\/schema.org\/Brand\"><span itemprop=\"name\">Bekins Van Lines<\/span><\/span>:<\/p>\n<ol>\n<li> Detalhes claros de contato no website (incluindo n\u00famero de telefone): <strong>Sim<\/strong><\/li>\n<li> F\u00e1cil de obter <a href=\"https:\/\/moverdb.com\/pt\/citacoes\/\">cita\u00e7\u00f5es de mudan\u00e7as internacionais<\/a>? (Formul\u00e1rio de solicita\u00e7\u00e3o de or\u00e7amento on-line): <strong>Sim<\/strong><\/li>\n<li> Informa\u00e7\u00f5es claras no site: <strong>Sim,<\/strong> h\u00e1 muitos guias, v\u00eddeos e outros recursos no site.<\/li>\n<li> Participa\u00e7\u00e3o em organiza\u00e7\u00f5es internacionais de mudan\u00e7as reconhecidas internacionalmente: <strong>Sim<\/strong>ver acima<\/li>\n<li> Lista de clientes e\/ou depoimentos de clientes anteriores. <strong>Sim,<\/strong> eles t\u00eam seu pr\u00f3prio <a href=\"https:\/\/www.bekins.com\/why-bekins\/reviews-testimonials\/\" target=\"_blank\" rel=\"noopener\">p\u00e1gina de revis\u00f5es e testemunhos.<\/a><\/li>\n<\/ol>\n<div itemprop=\"reviewRating\" itemscope itemtype=\"http:\/\/schema.org\/Rating\"><meta itemprop=\"worstRating\" content = \"0\" \/><meta itemprop=\"bestRating\" content=\"5\" \/><meta itemprop=\"ratingValue\" content=\"5\"><\/div>\n<p><strong>Nota geral: 5\/5<\/strong><br \/>\n<strong>Data de revis\u00e3o:<\/strong> <span itemprop=\"datePublished\" content=\"2016-08-08\">08\/08\/2016<\/span>\n<\/div>\n<p>Leia mais sobre <a href=\"https:\/\/moverdb.com\/pt\/mudancas-empresas\/\">empresas de mudan\u00e7as internacionais<\/a>, <a href=\"https:\/\/moverdb.com\/pt\/us-canada-movers\/\">Mudan\u00e7as nos EUA<\/a> e nosso <a href=\"https:\/\/moverdb.com\/pt\/criticas\/\">processo de revis\u00e3o<\/a>.<\/p>\n<p><strong>Website:<\/strong> <a href=\"https:\/\/www.bekins.com\/\" target=\"_blank\" rel=\"noopener\">https:\/\/www.bekins.com<\/a><\/p>","protected":false},"excerpt":{"rendered":"<p>Bekins Van Lines are based in Indianapolis IN. They offer their customers a variety of services which are listed below, together with a company profile and reviews. International Moving Personalised service together with Crown Relocations Door to door service Packing &#8211; do it yourself, selected items or full service Storage &#8211; short and long term [&hellip;]<\/p>\n","protected":false},"author":1,"featured_media":0,"parent":0,"menu_order":0,"comment_status":"closed","ping_status":"closed","template":"","meta":{"_genesis_hide_title":false,"_genesis_hide_breadcrumbs":false,"_genesis_hide_singular_image":false,"_genesis_hide_footer_widgets":false,"_genesis_custom_body_class":"","_genesis_custom_post_class":"","_genesis_layout":"","footnotes":""},"class_list":{"0":"post-1065","1":"page","2":"type-page","3":"status-publish","5":"entry"},"_links":{"self":[{"href":"https:\/\/moverdb.com\/pt\/wp-json\/wp\/v2\/pages\/1065","targetHints":{"allow":["GET"]}}],"collection":[{"href":"https:\/\/moverdb.com\/pt\/wp-json\/wp\/v2\/pages"}],"about":[{"href":"https:\/\/moverdb.com\/pt\/wp-json\/wp\/v2\/types\/page"}],"author":[{"embeddable":true,"href":"https:\/\/moverdb.com\/pt\/wp-json\/wp\/v2\/users\/1"}],"replies":[{"embeddable":true,"href":"https:\/\/moverdb.com\/pt\/wp-json\/wp\/v2\/comments?post=1065"}],"version-history":[{"count":9,"href":"https:\/\/moverdb.com\/pt\/wp-json\/wp\/v2\/pages\/1065\/revisions"}],"predecessor-version":[{"id":6181,"href":"https:\/\/moverdb.com\/pt\/wp-json\/wp\/v2\/pages\/1065\/revisions\/6181"}],"wp:attachment":[{"href":"https:\/\/moverdb.com\/pt\/wp-json\/wp\/v2\/media?parent=1065"}],"curies":[{"name":"wp","href":"https:\/\/api.w.org\/{rel}","templated":true}]}}