{"id":1064,"date":"2016-08-12T14:50:41","date_gmt":"2016-08-12T14:50:41","guid":{"rendered":"http:\/\/moverdb.com\/?page_id=1064"},"modified":"2026-01-08T13:18:24","modified_gmt":"2026-01-08T13:18:24","slug":"graebel-van-lines","status":"publish","type":"page","link":"https:\/\/moverdb.com\/pt\/graebel-van-lines\/","title":{"rendered":"Linhas Graebel Van Lines: Servi\u00e7os de Mudan\u00e7as Internacionais e Revis\u00f5es"},"content":{"rendered":"<p>A Graebel Van Lines est\u00e1 sediada em Aurora, CO. A empresa oferece a seus clientes uma ampla gama de servi\u00e7os que est\u00e3o listados abaixo. Tamb\u00e9m segue um perfil e revis\u00f5es da empresa.<\/p>\n<p><strong>Mudan\u00e7as Internacionais<\/strong><\/p>\n<ul>\n<li> Um coordenador de atendimento ao cliente dedicado \u00e9 designado<\/li>\n<li> Pesquisa detalhada dentro de casa<\/li>\n<li> Plano de mudan\u00e7a personalizado<\/li>\n<li> Porta a porta<\/li>\n<li> Empacotadores e carregadores treinados internacionalmente<\/li>\n<li> Materiais de embalagem da mais alta qualidade<\/li>\n<li> Engradado personalizado<\/li>\n<li> Coordena\u00e7\u00e3o com as principais transportadoras globais licenciadas<\/li>\n<li> Instala\u00e7\u00f5es de armazenamento - algumas controladas pelo clima<\/li>\n<li> Desembara\u00e7o aduaneiro<\/li>\n<li> Entrega e desempacotamento<\/li>\n<\/ul>\n<p><strong>Mudan\u00e7as Residenciais<\/strong><\/p>\n<ul>\n<li> Servi\u00e7o porta a porta<\/li>\n<li> Ponto \u00fanico de contato durante todo o movimento<\/li>\n<li> Embalagem e desempacotamento, se necess\u00e1rio<\/li>\n<li> Movimentos locais, de longa dist\u00e2ncia e internacionais<\/li>\n<li> Instala\u00e7\u00f5es de armazenamento de longo e curto prazo<\/li>\n<\/ul>\n<p><strong>Movimentos do espa\u00e7o de trabalho<\/strong><\/p>\n<ul>\n<li> Antes e depois da planta baixa<\/li>\n<li> Invent\u00e1rio detalhado<\/li>\n<li> Armazenamento a longo e curto prazo<\/li>\n<li> Desconex\u00e3o e reconex\u00e3o de sistemas de computador<\/li>\n<li> Desmontagem e remontagem de m\u00f3veis<\/li>\n<li> Disposi\u00e7\u00e3o respons\u00e1vel dos ativos<\/li>\n<li> Sede corporativa, escrit\u00f3rio e mudan\u00e7as \u00fanicas de escrit\u00f3rio.<\/li>\n<li> Subempreiteiro, dados, telefonia e coordena\u00e7\u00e3o el\u00e9trica.<\/li>\n<li> Estimativas precisas da movimenta\u00e7\u00e3o do escrit\u00f3rio de equipamentos, pessoas, materiais e custos totais.<\/li>\n<li> Gerenciamento do Move-Add-Change (MAC).<\/li>\n<li> Listas de verifica\u00e7\u00e3o, planejamento e processos comprovados de mudan\u00e7as de escrit\u00f3rio.<\/li>\n<li> Armazenamento e descarte de registros.<\/li>\n<li> Sistemas de arquivamento de alta densidade e solu\u00e7\u00f5es de armazenamento.<\/li>\n<li> <a href=\"https:\/\/moverdb.com\/pt\/british-association-of-removers\/\" data-internallinksmanager029f6b8e52c=\"9\" title=\"Associa\u00e7\u00e3o Brit\u00e2nica de Removers (BAR) Explicada\">Bar<\/a>-gest\u00e3o de invent\u00e1rio codificada.<\/li>\n<li> Transporte mundial, incluindo servi\u00e7os de transporte de carga inferior a um caminh\u00e3o, caminh\u00f5es e furg\u00f5es almofadados.<\/li>\n<li> Armaz\u00e9m e servi\u00e7os de distribui\u00e7\u00e3o.<\/li>\n<li> Servi\u00e7os de entrega \"just in time\".<\/li>\n<li> Servi\u00e7os de log\u00edstica e gerenciamento de fonte \u00fanica.<\/li>\n<li> Sistemas de transporte, entrega, instala\u00e7\u00e3o e reconfigura\u00e7\u00e3o de m\u00f3veis.<\/li>\n<li> Servi\u00e7os de m\u00f3veis, utens\u00edlios e equipamentos (FF&amp;E) para a ind\u00fastria hoteleira.<\/li>\n<li> Servi\u00e7os de mudan\u00e7a da ind\u00fastria da sa\u00fade.<\/li>\n<\/ul>\n<p><strong>Movimentos Corporativos, Governamentais e Militares<\/strong><\/p>\n<ul>\n<li> Departamento de Pris\u00f5es<\/li>\n<li> Servi\u00e7o de Marshals<\/li>\n<li> Administra\u00e7\u00e3o da DEA (Drug Enforcement Administration)<\/li>\n<li> Departamento de Assuntos dos Veteranos (VA)<\/li>\n<li> Bureau Federal de Investiga\u00e7\u00e3o (FBI)<\/li>\n<li> Departamento do Censo<\/li>\n<li> Centros de Controle e Preven\u00e7\u00e3o de Doen\u00e7as (CDC)<\/li>\n<li> Receita Federal (IRS)<\/li>\n<\/ul>\n<h2>Perfil da Graebel Van Lines Company<\/h2>\n<p>A Graebel Van Lines \u00e9 a maior empresa privada <a href=\"https:\/\/moverdb.com\/pt\/moving-companies\/\" data-internallinksmanager029f6b8e52c=\"79\" title=\"As 25 maiores empresas de mudan\u00e7as internacionais on-line\">empresa de mudan\u00e7as<\/a> no <a href=\"https:\/\/moverdb.com\/pt\/moving-to-the-united-states\/\" data-internallinksmanager029f6b8e52c=\"94\" title=\"Mudando-se para os Estados Unidos? 2026 Custos de Vida e Dicas de Reloca\u00e7\u00e3o\">Estados Unidos<\/a> e tem sua sede em Aurora, CO. A empresa tem movido fam\u00edlias, empresas, governo e pessoal militar ao redor do mundo e dentro dos EUA por 66 anos. <\/p>\n<p>A empresa oferece solu\u00e7\u00f5es completas de servi\u00e7o para cada necessidade do cliente, seja um pequeno trabalho como a reforma de um escrit\u00f3rio ou uma tarefa massiva, como a mudan\u00e7a de um hospital para novas instala\u00e7\u00f5es.<\/p>\n<p>A Graebel Van Lines tem 4 milh\u00f5es de metros quadrados de espa\u00e7o de armazenamento em todo o pa\u00eds e opera 828 ve\u00edculos em movimento. Todo o pessoal da empresa \u00e9 treinado de acordo com os mais altos padr\u00f5es.<\/p>\n<p>Afilia\u00e7\u00f5es e credenciamentos da Graebel Van Lines:<\/p>\n<ul>\n<li> <a href=\"https:\/\/moverdb.com\/pt\/rim-promover\/\">ProMover<\/a><\/li>\n<li> <a href=\"https:\/\/moverdb.com\/pt\/amsa\/\" target=\"_blank\" rel=\"noopener\">Associa\u00e7\u00e3o Americana de Mudan\u00e7as e Armazenamento<\/a> (<a href=\"https:\/\/moverdb.com\/pt\/amsa\/\" data-internallinksmanager029f6b8e52c=\"5\" title=\"American Moving &amp; Storage Association (AMSA) Explicada\">AMSA<\/a>)<\/li>\n<li> Instituto de Mudan\u00e7as do Escrit\u00f3rio Internacional (IOMI)<\/li>\n<\/ul>\n<h2>Revis\u00f5es das linhas Graebel Van Lines<\/h2>\n<p><strong>Positivo:<\/strong><\/p>\n<ul>\n<li> <em>\"A Graebel Van Lines fez um excelente trabalho com a minha mudan\u00e7a. Eles me mudaram em cima da hora, a tempo e tudo pousou onde eu precisava\". <\/em> - Michelle T via <a href=\"https:\/\/www.yelp.com\/biz\/graebel-van-lines-kent\" target=\"_blank\" rel=\"noopener\">Yelp<\/a><\/li>\n<li>  <em>\"Estou postando isto porque tenho visto muitas cr\u00edticas ruins da Graebel e minha experi\u00eancia foi positiva\".<\/em> - Sue Sok via <a href=\"http:\/\/www.mymovingreviews.com\/movers\/graebel-406#28293\" target=\"_blank\" rel=\"noopener\">MyMovingReviews.com<\/a><\/li>\n<\/ul>\n<p><strong>Negativo:<\/strong><\/p>\n<ul>\n<li> \u201c<em>Tenho usado o Graebel's em tr\u00eas movimentos e cada experi\u00eancia fica cada vez pior\".<\/em> - Michael C via <a href=\"http:\/\/www.yelp.com\/biz\/graebel-van-lines-san-jose?hrid=KdToWSepoqbs7wLCd4UE0A&#038;utm_campaign=www_review_share_popup&#038;utm_medium=copy_link&#038;utm_source=(direct)\" target=\"_blank\" rel=\"noopener\">Yelp<\/a> <\/li>\n<li> \u201c<em>Eu n\u00e3o recomendo esta empresa\"!!!<\/em> Don Mcnasby via <a href=\"http:\/\/www.mymovingreviews.com\/movers\/graebel-406#47223\" target=\"_blank\" rel=\"noopener\">MyMovingReviews.com<\/a><\/li>\n<\/ul>\n<div itemprop=\"review\" itemscope itemtype=\"http:\/\/schema.org\/Review\">\n<span itemprop=\"author\" itemscope=\"\" itemtype=\"http:\/\/schema.org\/Organization\"><span itemprop=\"name\">MoverDB.com<\/span><\/span> Revis\u00e3o do site on-line para <span itemprop=\"itemreviewed\" itemscope=\"\" itemtype=\"http:\/\/schema.org\/Brand\"><span itemprop=\"name\">Linhas Graebel Van Lines<\/span><\/span>:<\/p>\n<ol>\n<li> Detalhes claros de contato no website (incluindo n\u00famero de telefone): <strong>Sim<\/strong><\/li>\n<li> F\u00e1cil de obter <a href=\"https:\/\/moverdb.com\/pt\/citacoes\/\">cita\u00e7\u00f5es de mudan\u00e7as internacionais<\/a>? (Formul\u00e1rio de solicita\u00e7\u00e3o de or\u00e7amento on-line): <strong>Sim<\/strong><\/li>\n<li> Informa\u00e7\u00f5es claras no site: <strong>Alguns<\/strong>O site n\u00e3o cont\u00e9m muitas informa\u00e7\u00f5es detalhadas. Presume-se que isto ser\u00e1 fornecido com o plano personalizado.<\/li>\n<li> Participa\u00e7\u00e3o em organiza\u00e7\u00f5es internacionais de mudan\u00e7as reconhecidas internacionalmente: <strong>Sim<\/strong>(ver acima)<\/li>\n<li> Lista de clientes e\/ou depoimentos de clientes anteriores: <strong>N\u00e3o<\/strong> No entanto, o site menciona que eles s\u00e3o um dos favoritos do governo e das empresas da Fortune 500.<\/li>\n<\/ol>\n<div itemprop=\"reviewRating\" itemscope itemtype=\"http:\/\/schema.org\/Rating\"><meta itemprop=\"worstRating\" content = \"0\" \/><meta itemprop=\"bestRating\" content=\"5\" \/><meta itemprop=\"ratingValue\" content=\"3.5\"><\/div>\n<p><strong>Nota geral: 3,5\/5<\/strong><br \/>\n<strong>Data de revis\u00e3o:<\/strong> <span itemprop=\"datePublished\" content=\"2016-08-11\">11\/08\/2016<\/span>\n<\/div>\n<p>Leia mais sobre <a href=\"https:\/\/moverdb.com\/pt\/mudancas-empresas\/\">mudan\u00e7as internacionais<\/a>, <a href=\"https:\/\/moverdb.com\/pt\/us-canada-movers\/\">Empresas de mudan\u00e7as americanas<\/a> e nosso <a href=\"https:\/\/moverdb.com\/pt\/criticas\/\">processo de revis\u00e3o<\/a>.<\/p>\n<p><strong>Website:<\/strong> <a href=\"https:\/\/www.graebelmoving.com\" target=\"_blank\" rel=\"noopener\">https:\/\/www.graebelmoving.com<\/a><\/p>","protected":false},"excerpt":{"rendered":"<p>Graebel Van Lines is headquartered in Aurora, CO. The company offers its customers a wide range of services which are listed below. There also follows a company profile and reviews. International Moving A dedicated customer service coordinator is assigned Detailed in-home survey Customised move plan Door to door Internationally trained packers and loaders Finest quality [&hellip;]<\/p>\n","protected":false},"author":1,"featured_media":0,"parent":0,"menu_order":0,"comment_status":"closed","ping_status":"closed","template":"","meta":{"_genesis_hide_title":false,"_genesis_hide_breadcrumbs":false,"_genesis_hide_singular_image":false,"_genesis_hide_footer_widgets":false,"_genesis_custom_body_class":"","_genesis_custom_post_class":"","_genesis_layout":"","footnotes":""},"class_list":{"0":"post-1064","1":"page","2":"type-page","3":"status-publish","5":"entry"},"_links":{"self":[{"href":"https:\/\/moverdb.com\/pt\/wp-json\/wp\/v2\/pages\/1064","targetHints":{"allow":["GET"]}}],"collection":[{"href":"https:\/\/moverdb.com\/pt\/wp-json\/wp\/v2\/pages"}],"about":[{"href":"https:\/\/moverdb.com\/pt\/wp-json\/wp\/v2\/types\/page"}],"author":[{"embeddable":true,"href":"https:\/\/moverdb.com\/pt\/wp-json\/wp\/v2\/users\/1"}],"replies":[{"embeddable":true,"href":"https:\/\/moverdb.com\/pt\/wp-json\/wp\/v2\/comments?post=1064"}],"version-history":[{"count":6,"href":"https:\/\/moverdb.com\/pt\/wp-json\/wp\/v2\/pages\/1064\/revisions"}],"predecessor-version":[{"id":6216,"href":"https:\/\/moverdb.com\/pt\/wp-json\/wp\/v2\/pages\/1064\/revisions\/6216"}],"wp:attachment":[{"href":"https:\/\/moverdb.com\/pt\/wp-json\/wp\/v2\/media?parent=1064"}],"curies":[{"name":"wp","href":"https:\/\/api.w.org\/{rel}","templated":true}]}}