{"id":1062,"date":"2016-08-21T19:46:49","date_gmt":"2016-08-21T19:46:49","guid":{"rendered":"http:\/\/moverdb.com\/?page_id=1062"},"modified":"2026-01-08T14:47:31","modified_gmt":"2026-01-08T14:47:31","slug":"amj-campbell-van-lines","status":"publish","type":"page","link":"https:\/\/moverdb.com\/pt\/amj-campbell-van-lines\/","title":{"rendered":"AMJ Campbell Van Lines: Servi\u00e7os de Mudan\u00e7as Internacionais e Revis\u00f5es"},"content":{"rendered":"<p>AMJ Campbell Van Lines est\u00e1 sediada em <a href=\"https:\/\/moverdb.com\/pt\/moving-to-toronto\/\">Toronto<\/a>, <a href=\"https:\/\/moverdb.com\/pt\/moving-to-canada\/\" data-internallinksmanager029f6b8e52c=\"265\" title=\"Mudan\u00e7a para o Canad\u00e1? 2026 Custos de Vida e Dicas de Reloca\u00e7\u00e3o\">Canad\u00e1<\/a> e oferece a seus clientes v\u00e1rios servi\u00e7os de mudan\u00e7a e armazenamento que est\u00e3o listados abaixo. H\u00e1 tamb\u00e9m um perfil da empresa e revis\u00f5es para sua informa\u00e7\u00e3o.<\/p>\n<p><strong>Mudan\u00e7as Internacionais<\/strong><\/p>\n<ul>\n<li> Servi\u00e7o completo porta a porta<\/li>\n<li> Embalagem e desempacotamento profissional<\/li>\n<li> Materiais de embalagem da mais alta qualidade<\/li>\n<li> Gest\u00e3o de invent\u00e1rio<\/li>\n<li> <a href=\"https:\/\/moverdb.com\/pt\/transporte-de-conteineres\/\">Frete rodovi\u00e1rio, mar\u00edtimo e a\u00e9reo<\/a><\/li>\n<li> Sistemas de gerenciamento de movimentos de \u00faltima gera\u00e7\u00e3o<\/li>\n<\/ul>\n<p><strong>Servi\u00e7os de Reloca\u00e7\u00e3o Transfronteiri\u00e7a<\/strong><\/p>\n<ul>\n<li> Canad\u00e1 para o <a href=\"https:\/\/moverdb.com\/pt\/moving-to-the-united-states\/\" data-internallinksmanager029f6b8e52c=\"94\" title=\"Mudando-se para os Estados Unidos? 2026 Custos de Vida e Dicas de Reloca\u00e7\u00e3o\">US<\/a> e vice versa<\/li>\n<\/ul>\n<p><strong>Mudan\u00e7a Residencial - Local ou Longa Dist\u00e2ncia<\/strong><\/p>\n<ul>\n<li> Desempenho dentro do prazo<\/li>\n<li> Uma cita\u00e7\u00e3o por escrito<\/li>\n<li> Um telefonema na v\u00e9spera da mudan\u00e7a para confirmar detalhes<\/li>\n<li> Liquida\u00e7\u00e3o de qualquer reclama\u00e7\u00e3o de danos dentro de 30 dias<\/li>\n<li> Prote\u00e7\u00e3o para todos os seus m\u00f3veis estofados<\/li>\n<li> Remontagem de qualquer m\u00f3vel desmontado<\/li>\n<li> Prote\u00e7\u00e3o do piso e do corrim\u00e3o<\/li>\n<li> Equipes de trabalho profissionais e corteses<\/li>\n<li> Excelente atendimento ao cliente<\/li>\n<\/ul>\n<p><strong>Servi\u00e7os de Reloca\u00e7\u00e3o Corporativa<\/strong><\/p>\n<ul>\n<li> Embalagem de servi\u00e7o completo<\/li>\n<li> Descarga<\/li>\n<li> Desembalagem completa com servi\u00e7o<\/li>\n<\/ul>\n<p><strong>Mudan\u00e7a de escrit\u00f3rio<\/strong><\/p>\n<ul>\n<li> Servi\u00e7o de planejamento de mudan\u00e7a<\/li>\n<li> Rotulagem cuidadosa de todos os itens<\/li>\n<li> Embalagem especializada<\/li>\n<li> Movimenta\u00e7\u00e3o especializada de equipamentos e computadores sens\u00edveis<\/li>\n<\/ul>\n<p><strong>Servi\u00e7os especializados<\/strong><\/p>\n<ul>\n<li> Interiores de escrit\u00f3rios<\/li>\n<li> Deslocaliza\u00e7\u00e3o de armaz\u00e9ns<\/li>\n<li> Instala\u00e7\u00e3o de m\u00f3veis<\/li>\n<li> Shredding<\/li>\n<\/ul>\n<p><strong>Armazenamento<\/strong><\/p>\n<ul>\n<li> Curto prazo, at\u00e9 60 dias<\/li>\n<li> Longo prazo<\/li>\n<li> Instala\u00e7\u00f5es limpas, seguras e bem administradas<\/li>\n<li> Sofisticados dispositivos de rastreamento<\/li>\n<li> Auto-armazenamento<\/li>\n<li> Armazenamento de documentos comerciais<\/li>\n<\/ul>\n<h2>Perfil da AMJ Campbell Van Lines Company<\/h2>\n<p>AMJ Campbell Van Lines abriu suas portas em 1934 como MJ Campbell e Moving e era uma empresa familiar. A empresa concentrava-se na mudan\u00e7a de pessoas entre prov\u00edncias no Canad\u00e1 e entre os EUA e o Canad\u00e1. Desde ent\u00e3o, cresceu e se tornou a maior empresa de <a href=\"https:\/\/moverdb.com\/pt\/moving-companies\/\" data-internallinksmanager029f6b8e52c=\"79\" title=\"As 25 maiores empresas de mudan\u00e7as internacionais on-line\">empresa de mudan\u00e7as<\/a> no Canad\u00e1, movimentando pessoas local e internacionalmente.<\/p>\n<p>A Campbell's emprega mais de 2800 pessoas espalhadas por 50 locais diferentes dentro do Canad\u00e1. Atualmente \u00e9 uma empresa privada, tendo se tornado p\u00fablica nos anos 80, e \u00e9 uma empresa multimilion\u00e1ria. <\/p>\n<p>Acredita\u00e7\u00f5es e filia\u00e7\u00f5es AMJ Campbell:<\/p>\n<ul>\n<li> <a href=\"https:\/\/moverdb.com\/pt\/fidi-faim\/\">FIDI<\/a><\/li>\n<li> <a href=\"https:\/\/moverdb.com\/pt\/fidi-faim\/\" data-internallinksmanager029f6b8e52c=\"16\" title=\"FIDI &amp; FAIM (FIDI Accredited International Mover) Explicado\">FAIM<\/a><\/li>\n<li> <a href=\"https:\/\/moverdb.com\/pt\/canadense-associacao-de-moversores\/\">Associa\u00e7\u00e3o Canadense de Mudan\u00e7as do Ultramar<\/a> (COMA) <\/li>\n<li> <a href=\"https:\/\/moverdb.com\/pt\/lacma\/\">Associa\u00e7\u00e3o Latino-Americana e Caribenha de Movimentos<\/a> (<a href=\"https:\/\/moverdb.com\/pt\/lacma\/\" data-internallinksmanager029f6b8e52c=\"28\" title=\"Associa\u00e7\u00e3o Latino-Americana e Caribenha de Movimentos Internacionais (LACMA)\">LACMA<\/a>)<\/li>\n<li> Transportadores de Bens Dom\u00e9sticos da Am\u00e9rica (HAGFAA)<\/li>\n<li> Neg\u00f3cios Credenciados BBB A+<\/li>\n<\/ul>\n<h2>AMJ Campbell Van Lines Reviews<\/h2>\n<p><strong>Positivo:<\/strong><\/p>\n<ul>\n<li> <em>Ficamos muito impressionados com a atitude, a coopera\u00e7\u00e3o e o prazer geral de trabalhar com um grupo t\u00e3o grande de pessoas.<\/em> - via AMJ Campbell <a href=\"http:\/\/www.amjcampbell.com\/about-us-2\/customer-reviews\/\" target=\"_blank\" rel=\"noopener\">opini\u00f5es de clientes<\/a><\/li>\n<li> <em>\"Entrei em contato com a AMJ para a mudan\u00e7a de minha cidade para cidade e fiquei muito satisfeito com toda a experi\u00eancia\".<\/em> - Rebecca G via <a href=\"https:\/\/homestars.com\/companies\/195139-amj-campbell\/reviews\/309471\" target=\"_blank\" rel=\"noopener\">HomeStars<\/a><\/li>\n<li> <em>\"Eu escolhi AMJ Campbell para mudar meus m\u00f3veis de <a href=\"https:\/\/moverdb.com\/pt\/moving-to-toronto\/\" data-internallinksmanager029f6b8e52c=\"71\" title=\"Mudando-se para Toronto? 2026 Custos de Vida e Dicas de Reloca\u00e7\u00e3o\">Toronto<\/a> para <a href=\"https:\/\/moverdb.com\/pt\/moving-to-canada\/moving-to-montreal\/\" data-internallinksmanager029f6b8e52c=\"410\" title=\"Est\u00e1 se mudando para Montreal? 2026 Custo de vida e dicas de realoca\u00e7\u00e3o\">Montreal<\/a> em 2013. Eu n\u00e3o achava que a mudan\u00e7a seria t\u00e3o f\u00e1cil quanto eles fizeram.\"<\/em> - Reem via <a href=\"http:\/\/www.mymovingreviews.com\/movers\/amj-campbell-van-lines-1281#15661\" target=\"_blank\" rel=\"noopener\">MyMovingReviews.com<\/a> <\/li>\n<li> <em>AMJ ajudou meu marido e eu nos mudamos no Dia do Canad\u00e1 - assim, embora tenhamos pago um pr\u00eamio por nos mudarmos para o feriado estatut\u00e1rio, valeu cada centavo<\/em> - Renee M. via <a href=\"http:\/\/www.yelp.co.uk\/biz\/amj-campbell-van-lines-vancouver?hrid=g252Zt8_i0oO1eStByhl0A&#038;utm_campaign=www_review_share_popup&#038;utm_medium=copy_link&#038;utm_source=(direct)\" target=\"_blank\" rel=\"noopener\">Yelp<\/a><\/li>\n<\/ul>\n<p><strong>Negativo:<\/strong><\/p>\n<ul>\n<li> <em>\"Economize sua sanidade e seu dinheiro. Toda a equipe da AMJ Campbell \u00e9 a pior de todas\".<\/em> - Muito descontente em <a href=\"https:\/\/moverdb.com\/pt\/moving-to-canada\/moving-to-vancouver\/\" data-internallinksmanager029f6b8e52c=\"438\" title=\"Est\u00e1 se mudando para Vancouver? 2026 Custo de vida e dicas de realoca\u00e7\u00e3o\">Vancouver<\/a> via <a href=\"https:\/\/homestars.com\/companies\/195139-amj-campbell\/reviews\/450056\" target=\"_blank\" rel=\"noopener\">HomeStars<\/a><\/li>\n<li> <em>\"Foi verdadeiramente lament\u00e1vel lidar com esta empresa desonesta\".<\/em> - Maher via <a href=\"http:\/\/www.mymovingreviews.com\/movers\/amj-campbell-van-lines-1281#54125\" target=\"_blank\" rel=\"noopener\">MyMovingReviews.com<\/a> <\/li>\n<li> <em>Seu motorista era extremamente descuidado e pouco profissional.<\/em> - SA S. via <a href=\"http:\/\/www.yelp.co.uk\/biz\/amj-campbell-van-lines-vancouver?hrid=8M5PJ1TTLqQx72k6lEsKLA&#038;utm_campaign=www_review_share_popup&#038;utm_medium=copy_link&#038;utm_source=(direct)\" target=\"_blank\" rel=\"noopener\">Yelp<\/a><\/li>\n<\/ul>\n<div itemprop=\"review\" itemscope itemtype=\"http:\/\/schema.org\/Review\">\n<span itemprop=\"author\" itemscope=\"\" itemtype=\"http:\/\/schema.org\/Organization\"><span itemprop=\"name\">MoverDB.com<\/span><\/span> Revis\u00e3o do site on-line para <span itemprop=\"itemreviewed\" itemscope=\"\" itemtype=\"http:\/\/schema.org\/Brand\"><span itemprop=\"name\">AMJ Campbell Linhas de Van<\/span><\/span>:<\/p>\n<ol>\n<li> Detalhes claros de contato no website (incluindo n\u00famero de telefone): <strong>Sim<\/strong><\/li>\n<li> F\u00e1cil de obter <a href=\"https:\/\/moverdb.com\/pt\/citacoes\/\">cita\u00e7\u00f5es de mudan\u00e7as internacionais<\/a>? (Formul\u00e1rio de solicita\u00e7\u00e3o de or\u00e7amento on-line): <strong>Sim<\/strong><\/li>\n<li> Informa\u00e7\u00f5es claras no site: <strong>Sim<\/strong>embora nem sempre seja o mais f\u00e1cil de encontrar.<\/li>\n<li> Participa\u00e7\u00e3o em organiza\u00e7\u00f5es internacionais de mudan\u00e7as reconhecidas internacionalmente: <strong>Sim<\/strong>(ver acima)<\/li>\n<li> Lista de clientes e\/ou depoimentos de clientes anteriores. <strong>Sim,<\/strong> ambos os sites cont\u00eam depoimentos e revis\u00f5es de clientes.<\/li>\n<\/ol>\n<div itemprop=\"reviewRating\" itemscope itemtype=\"http:\/\/schema.org\/Rating\"><meta itemprop=\"worstRating\" content = \"0\" \/><meta itemprop=\"bestRating\" content=\"5\" \/><meta itemprop=\"ratingValue\" content=\"4.5\"><\/div>\n<p><strong>Nota geral: 4,5\/5<\/strong><br \/>\n<strong>Data de revis\u00e3o:<\/strong> <span itemprop=\"datePublished\" content=\"2016-08-21\">21\/08\/2016<\/span>\n<\/div>\n<p>Leia mais sobre <a href=\"https:\/\/moverdb.com\/pt\/mudancas-empresas\/\">empresas de mudan\u00e7as internacionais<\/a>, <a href=\"https:\/\/moverdb.com\/pt\/us-canada-movers\/\">Empresas canadenses de mudan\u00e7as<\/a> e nosso <a href=\"https:\/\/moverdb.com\/pt\/criticas\/\">processo de revis\u00e3o<\/a>.<\/p>\n<p><strong>Website:<\/strong> Dom\u00e9stico: <a href=\"http:\/\/www.amjcampbell.com\" target=\"_blank\" rel=\"noopener\">http:\/\/www.amjcampbell.com<\/a>Internacional: <a href=\"http:\/\/amj-international.com\" target=\"_blank\" rel=\"noopener\">http:\/\/amj-international.com<\/a><\/p>","protected":false},"excerpt":{"rendered":"<p>AMJ Campbell Van Lines is based in Toronto, Canada and it offers its customers various moving and storage services which are listed below. There is also a company profile and reviews for your information. International Moving Door to door full service Professional packing and unpacking Highest quality packing materials Inventory management Road, sea and air [&hellip;]<\/p>\n","protected":false},"author":1,"featured_media":0,"parent":0,"menu_order":0,"comment_status":"closed","ping_status":"closed","template":"","meta":{"_genesis_hide_title":false,"_genesis_hide_breadcrumbs":false,"_genesis_hide_singular_image":false,"_genesis_hide_footer_widgets":false,"_genesis_custom_body_class":"","_genesis_custom_post_class":"","_genesis_layout":"","footnotes":""},"class_list":{"0":"post-1062","1":"page","2":"type-page","3":"status-publish","5":"entry"},"_links":{"self":[{"href":"https:\/\/moverdb.com\/pt\/wp-json\/wp\/v2\/pages\/1062","targetHints":{"allow":["GET"]}}],"collection":[{"href":"https:\/\/moverdb.com\/pt\/wp-json\/wp\/v2\/pages"}],"about":[{"href":"https:\/\/moverdb.com\/pt\/wp-json\/wp\/v2\/types\/page"}],"author":[{"embeddable":true,"href":"https:\/\/moverdb.com\/pt\/wp-json\/wp\/v2\/users\/1"}],"replies":[{"embeddable":true,"href":"https:\/\/moverdb.com\/pt\/wp-json\/wp\/v2\/comments?post=1062"}],"version-history":[{"count":6,"href":"https:\/\/moverdb.com\/pt\/wp-json\/wp\/v2\/pages\/1062\/revisions"}],"predecessor-version":[{"id":6172,"href":"https:\/\/moverdb.com\/pt\/wp-json\/wp\/v2\/pages\/1062\/revisions\/6172"}],"wp:attachment":[{"href":"https:\/\/moverdb.com\/pt\/wp-json\/wp\/v2\/media?parent=1062"}],"curies":[{"name":"wp","href":"https:\/\/api.w.org\/{rel}","templated":true}]}}