{"id":1061,"date":"2016-07-25T20:41:24","date_gmt":"2016-07-25T20:41:24","guid":{"rendered":"http:\/\/moverdb.com\/?page_id=1061"},"modified":"2026-01-08T15:30:30","modified_gmt":"2026-01-08T15:30:30","slug":"u-pack-moving","status":"publish","type":"page","link":"https:\/\/moverdb.com\/pt\/u-pack-moving\/","title":{"rendered":"U-Pack Moving: Servi\u00e7os &amp; Revis\u00f5es de Mudan\u00e7as Internacionais"},"content":{"rendered":"<p>A ABF U-Pack Moving oferece a seus clientes uma variedade de servi\u00e7os de mudan\u00e7a, auto-embalagem e desempacotamento dentro do <a href=\"https:\/\/moverdb.com\/pt\/moving-to-the-united-states\/\" data-internallinksmanager029f6b8e52c=\"94\" title=\"Mudando-se para os Estados Unidos? 2026 Custos de Vida e Dicas de Reloca\u00e7\u00e3o\">US<\/a>, <a href=\"https:\/\/moverdb.com\/pt\/moving-to-canada\/\" data-internallinksmanager029f6b8e52c=\"265\" title=\"Mudan\u00e7a para o Canad\u00e1? 2026 Custos de Vida e Dicas de Reloca\u00e7\u00e3o\">Canad\u00e1<\/a> e Porto Rico. <\/p>\n<p>Estes servi\u00e7os est\u00e3o listados abaixo, juntamente com o perfil da empresa e as revis\u00f5es.<\/p>\n<p><strong>Tipos de mudan\u00e7as em oferta<\/strong><\/p>\n<ul>\n<li> Mudan\u00e7as entre pa\u00edses<\/li>\n<li> Mudan\u00e7as de longa dist\u00e2ncia - EUA, Canad\u00e1, Porto Rico<\/li>\n<li> Porta a porta em movimento<\/li>\n<li> Auto-movimento<\/li>\n<li> Alugue carregadores por hora <\/li>\n<li> Militares em movimento<\/li>\n<li> Mudan\u00e7a da faculdade<\/li>\n<li> Pequenos movimentos<\/li>\n<\/ul>\n<p><strong>Equipamento em movimento<\/strong><\/p>\n<ul>\n<li> Reboques m\u00f3veis<\/li>\n<li> Mudan\u00e7a &amp; <a href=\"https:\/\/moverdb.com\/pt\/transporte-de-conteineres\/\" target=\"_blank\" rel=\"noopener\">Contentores mar\u00edtimos<\/a><\/li>\n<\/ul>\n<p><strong>Armazenamento<\/strong><\/p>\n<ul>\n<li> Armazenagem de reboques<\/li>\n<li> Armazenamento ReloCube<\/li>\n<li> Armazenamento no local<\/li>\n<li> Armazenagem port\u00e1til<\/li>\n<\/ul>\n<h2>Perfil da U-Pack Moving Company<\/h2>\n<p>ABF U-Pack aberto para neg\u00f3cios em 1<sup>st<\/sup> Outubro de 1997 e faz parte da ABF Freight. O objetivo da empresa era tornar a mudan\u00e7a mais acess\u00edvel oferecendo uma op\u00e7\u00e3o \"voc\u00ea embala, n\u00f3s dirigimos\" aos clientes. Os clientes embalam seus pr\u00f3prios pertences e os carregam em um reboque ou container que \u00e9 fornecido pela empresa. <\/p>\n<p>Um motorista U-Pack ent\u00e3o leva a mercadoria at\u00e9 seu destino onde o cliente a descarrega e a desembalacia. Os clientes podem rastrear suas mercadorias atrav\u00e9s de um sistema de rastreamento on-line.<\/p>\n<p>Desde seu in\u00edcio em 1997, a ABF Moving U-Pack j\u00e1 transferiu mais de 850.000 fam\u00edlias e viajou mais de 1 bilh\u00e3o de milhas. A empresa fornece uma liga\u00e7\u00e3o direta com quase todas as cidades dos Estados, Canad\u00e1 e Porto Rico, que tem uma popula\u00e7\u00e3o de mais de 30.000 habitantes - o que equivale a 44.000 comunidades diferentes.<\/p>\n<p><strong>Acredita\u00e7\u00f5es e afilia\u00e7\u00f5es da AFB U-Pack:<\/strong><\/p>\n<ul>\n<li> Neg\u00f3cios Credenciados BBB A+<\/li>\n<\/ul>\n<h2>U-Pack Moving Reviews<\/h2>\n<p><strong>Positivo<\/strong><\/p>\n<ul>\n<li> \u201c<em>Para o cross border (EUA\/Canad\u00e1) eu recomendo altamente o U-Pack\".<\/em> - Laura J via <a href=\"http:\/\/www.yelp.com\/user_details?userid=MFsoomxJ9wmWksnuhEbsWQ\" target=\"_blank\" rel=\"noopener\">Yelp<\/a> <\/li>\n<li> \u201c<em>Ao considerar minhas op\u00e7\u00f5es de Upack vs Uhaul com o transportador de carros, sem d\u00favida Upack \u00e9 o melhor caminho a seguir\".<\/em> - Lee via <a href=\"http:\/\/www.mymovingreviews.com\/movers\/u-pack-2041#54792\" target=\"_blank\" rel=\"noopener\">MyMovingReviews.com<\/a><\/li>\n<li> \u201c<em>Grande satisfa\u00e7\u00e3o geral do cliente junto com o melhor pre\u00e7o, pontualidade e profissionalismo\".<\/em> - B Anderson via <a href=\"https:\/\/www.trustpilot.com\/users\/563a175f0000ff0001e81099\" target=\"_blank\" rel=\"noopener\">Trustpilot<\/a> <\/li>\n<li> \u201c<em>Melhor <a href=\"https:\/\/moverdb.com\/pt\/moving-companies\/\" data-internallinksmanager029f6b8e52c=\"79\" title=\"As 25 maiores empresas de mudan\u00e7as internacionais on-line\">empresa de mudan\u00e7as<\/a> Eu recomendaria a qualquer um\".<\/em> - Beatrice F via <a href=\"https:\/\/www.sitejabber.com\/reviews\/www.upack.com#6\" target=\"_blank\" rel=\"noopener\">SiteJabber<\/a> <\/li>\n<\/ul>\n<p><strong>Negativo<\/strong><\/p>\n<ul>\n<li> \u201c<em>N\u00e3o utilize esta empresa. Voc\u00ea vai se arrepender. O pior erro que cometi. Custou-me mais dinheiro do que eu deveria ter economizado\".<\/em> - Christina via <a href=\"http:\/\/www.yelp.com\/user_details?userid=h6i4pikiNvzwmw8VvAOvrw\" target=\"_blank\" rel=\"noopener\">Yelp<\/a> <\/li>\n<li> \u201c<em>Movemos toda nossa vida atrav\u00e9s dos Estados Unidos. Quando fomos buscar nossas coisas, foi t\u00e3o danificado que foi irreal\".<\/em> - Sarah via <a href=\"http:\/\/www.mymovingreviews.com\/movers\/u-pack-2041#54608\" target=\"_blank\" rel=\"noopener\">MyMovingReviews.com<\/a> <\/li>\n<li> \u201c<em>O caminh\u00e3o foi citado para vir de 14 a 18 horas em qualquer lugar. Contrataram pessoas de mudan\u00e7a para ajudar \u00e0s 17h. Caminh\u00e3o era um n\u00e3o comparecimento \u00e0s 18h\". <\/em> - Cliff Gragg via <a href=\"https:\/\/www.trustpilot.com\/users\/561008750000ff0001e06238\" target=\"_blank\" rel=\"noopener\">TrustPilot<\/a> <\/li>\n<li> \u201c<em>N\u00e3o-profissional. Ainda estamos no meio de um movimento com o U-Pack\".<\/em> - Karen W via <a href=\"https:\/\/www.sitejabber.com\/reviews\/www.upack.com#5\" target=\"_blank\" rel=\"noopener\">SiteJabber<\/a> <\/li>\n<\/ul>\n<div itemprop=\"review\" itemscope itemtype=\"http:\/\/schema.org\/Review\">\n<span itemprop=\"author\" itemscope=\"\" itemtype=\"http:\/\/schema.org\/Organization\"><span itemprop=\"name\">MoverDB.com<\/span><\/span> Revis\u00e3o do site on-line para <span itemprop=\"itemreviewed\" itemscope=\"\" itemtype=\"http:\/\/schema.org\/Brand\"><span itemprop=\"name\">U-Pack Moving<\/span><\/span>:<\/p>\n<ol>\n<li> Detalhes claros de contato no website (incluindo n\u00famero de telefone): <strong>Sim<\/strong><\/li>\n<li> F\u00e1cil de obter <a href=\"https:\/\/moverdb.com\/pt\/citacoes\/\">cita\u00e7\u00f5es de mudan\u00e7as internacionais<\/a>? (Formul\u00e1rio de solicita\u00e7\u00e3o de or\u00e7amento on-line): <strong>Sim<\/strong><\/li>\n<li> Informa\u00e7\u00f5es claras no site: <strong>Sim,<\/strong> O site d\u00e1 uma excelente vis\u00e3o geral de tudo o que a empresa tem a oferecer.<\/li>\n<li> Participa\u00e7\u00e3o em organiza\u00e7\u00f5es internacionais de mudan\u00e7as reconhecidas internacionalmente: <strong>Sim<\/strong>ver acima<\/li>\n<li> Lista de clientes e\/ou depoimentos de clientes anteriores: <strong>Sim,<\/strong> H\u00e1 muitas revis\u00f5es de clientes no site.<\/li>\n<\/ol>\n<div itemprop=\"reviewRating\" itemscope itemtype=\"http:\/\/schema.org\/Rating\"><meta itemprop=\"worstRating\" content = \"0\" \/><meta itemprop=\"bestRating\" content=\"5\" \/><meta itemprop=\"ratingValue\" content=\"5\"><\/div>\n<p><strong>Nota geral: 5\/5<\/strong><br \/>\n<strong>Data de revis\u00e3o:<\/strong> <span itemprop=\"datePublished\" content=\"2016-07-25\">25\/07\/2016<\/span>\n<\/div>\n<p>Leia mais sobre outros <a href=\"https:\/\/moverdb.com\/pt\/mudancas-empresas\/\">empresas de mudan\u00e7as internacionais<\/a>, <a href=\"https:\/\/moverdb.com\/pt\/us-canada-movers\/\">Empresas de mudan\u00e7as dos EUA<\/a> e nosso <a href=\"https:\/\/moverdb.com\/pt\/criticas\/\">explica\u00e7\u00e3o do processo de revis\u00e3o<\/a>.<\/p>\n<p><strong>Website:<\/strong> <a href=\"http:\/\/www.upack.com\" target=\"_blank\" rel=\"noopener\">http:\/\/www.upack.com<\/a><\/p>","protected":false},"excerpt":{"rendered":"<p>ABF U-Pack Moving offers its customers a variety of services for moving and self-packing and unpacking within the US, Canada and Puerto Rico. These services are listed below, together with a company profile and reviews. Types of Moves on Offer Cross-country moving Long distance moving &#8211; US, Canada, Puerto Rico Door to door moving Self-moving [&hellip;]<\/p>\n","protected":false},"author":1,"featured_media":0,"parent":0,"menu_order":0,"comment_status":"closed","ping_status":"closed","template":"","meta":{"_genesis_hide_title":false,"_genesis_hide_breadcrumbs":false,"_genesis_hide_singular_image":false,"_genesis_hide_footer_widgets":false,"_genesis_custom_body_class":"","_genesis_custom_post_class":"","_genesis_layout":"","footnotes":""},"class_list":{"0":"post-1061","1":"page","2":"type-page","3":"status-publish","5":"entry"},"_links":{"self":[{"href":"https:\/\/moverdb.com\/pt\/wp-json\/wp\/v2\/pages\/1061","targetHints":{"allow":["GET"]}}],"collection":[{"href":"https:\/\/moverdb.com\/pt\/wp-json\/wp\/v2\/pages"}],"about":[{"href":"https:\/\/moverdb.com\/pt\/wp-json\/wp\/v2\/types\/page"}],"author":[{"embeddable":true,"href":"https:\/\/moverdb.com\/pt\/wp-json\/wp\/v2\/users\/1"}],"replies":[{"embeddable":true,"href":"https:\/\/moverdb.com\/pt\/wp-json\/wp\/v2\/comments?post=1061"}],"version-history":[{"count":6,"href":"https:\/\/moverdb.com\/pt\/wp-json\/wp\/v2\/pages\/1061\/revisions"}],"predecessor-version":[{"id":6248,"href":"https:\/\/moverdb.com\/pt\/wp-json\/wp\/v2\/pages\/1061\/revisions\/6248"}],"wp:attachment":[{"href":"https:\/\/moverdb.com\/pt\/wp-json\/wp\/v2\/media?parent=1061"}],"curies":[{"name":"wp","href":"https:\/\/api.w.org\/{rel}","templated":true}]}}