{"id":1059,"date":"2016-08-21T14:56:28","date_gmt":"2016-08-21T14:56:28","guid":{"rendered":"http:\/\/moverdb.com\/?page_id=1059"},"modified":"2026-01-08T14:47:35","modified_gmt":"2026-01-08T14:47:35","slug":"arpin-van-lines","status":"publish","type":"page","link":"https:\/\/moverdb.com\/pt\/arpin-van-lines\/","title":{"rendered":"Linhas Arpin Van Lines: Moving Services &amp; Reviews"},"content":{"rendered":"<p>A Arpin Van Lines est\u00e1 sediada em West Warwick, RI e oferece a seus clientes uma ampla gama de servi\u00e7os tanto internacionais quanto locais. Estes servi\u00e7os est\u00e3o listados abaixo, juntamente com um perfil de empresa e revis\u00f5es. As mudan\u00e7as internacionais tamb\u00e9m s\u00e3o tratadas por <a href=\"https:\/\/moverdb.com\/pt\/arpin-internacional\/\">Arpin Internacional<\/a>.<\/p>\n<p><strong>Mudan\u00e7as Internacionais<\/strong><\/p>\n<ul>\n<li> Pessoal multicultural e multil\u00edng\u00fce<\/li>\n<li> Coordenador dedicado a mudan\u00e7as internacionais<\/li>\n<li> Porta a porta<\/li>\n<li> Embalagem e desempacotamento<\/li>\n<li> Desmontagem e remontagem de m\u00f3veis e\/ou mercadorias<\/li>\n<li> Assist\u00eancia com a alf\u00e2ndega<\/li>\n<li> Movimentos transfronteiri\u00e7os - <a href=\"https:\/\/moverdb.com\/pt\/moving-to-canada\/\" data-internallinksmanager029f6b8e52c=\"265\" title=\"Mudan\u00e7a para o Canad\u00e1? 2026 Custos de Vida e Dicas de Reloca\u00e7\u00e3o\">Canad\u00e1<\/a><\/li>\n<\/ul>\n<p><strong>GSA e Movimentos Militares<\/strong><\/p>\n<ul>\n<li> Militar<\/li>\n<li> Governo\/GSA<\/li>\n<li> Movimentos de veteranos<\/li>\n<li> Reforma Militar<\/li>\n<\/ul>\n<p><strong>Mudan\u00e7as dom\u00e9sticas<\/strong><\/p>\n<ul>\n<li> Mudan\u00e7as locais<\/li>\n<li> Movimentos de longa dist\u00e2ncia<\/li>\n<li> Mudan\u00e7as de n\u00edvel superior<\/li>\n<li> Solu\u00e7\u00e3o para pequenas mudan\u00e7as<\/li>\n<\/ul>\n<p><strong>Armazenamento<\/strong><\/p>\n<ul>\n<li> Longo prazo<\/li>\n<li> Curto prazo<\/li>\n<li> Algum armazenamento clim\u00e1tico controlado<\/li>\n<li> Armazenagem em cont\u00eaineres<\/li>\n<\/ul>\n<h2>Perfil da Arpin Van Lines Company<\/h2>\n<p>A Arpin Van Lines foi fundada em 1900 e, portanto, tem movido pessoas e empresas por mais de 100 anos e ainda \u00e9 uma empresa familiar. <\/p>\n<p>A empresa se orgulha de executar movimentos locais, de longa dist\u00e2ncia e internacionais quase perfeitos ou perfeitos. Ela possui 385 ag\u00eancias no <a href=\"https:\/\/moverdb.com\/pt\/moving-to-the-united-states\/\" data-internallinksmanager029f6b8e52c=\"94\" title=\"Mudando-se para os Estados Unidos? 2026 Custos de Vida e Dicas de Reloca\u00e7\u00e3o\">Estados Unidos<\/a> e fez parcerias com as melhores e mais confi\u00e1veis ag\u00eancias do mundo, a fim de oferecer a qualidade que promete.<\/p>\n<p>O foco principal da empresa \u00e9 a mudan\u00e7a. Eles fazem parcerias com empresas de realoca\u00e7\u00e3o dentro dos EUA e globalmente. A Arpin Van Lines realiza cerca de 14.000 mudan\u00e7as GSA e militares por ano.<\/p>\n<p>A Arpin Van Lines ap\u00f3ia a Save the Children, a Habitat for Humanity e a Audubon Society of <a href=\"https:\/\/moverdb.com\/pt\/moving-to-the-united-states\/moving-to-rhode-island\/\" data-internallinksmanager029f6b8e52c=\"450\" title=\"Est\u00e1 se mudando para Rhode Island? 2024 Custo de vida e dicas de realoca\u00e7\u00e3o\">Rhode Island<\/a>. A empresa opera uma pol\u00edtica verde rigorosa que a levou a receber muitos pr\u00eamios por reduzir sua pegada de carbono.<\/p>\n<p>A Arpin Van Lines tem as seguintes credencia\u00e7\u00f5es e afilia\u00e7\u00f5es:<\/p>\n<ul>\n<li> O <a href=\"https:\/\/moverdb.com\/pt\/amsa\/\">Associa\u00e7\u00e3o Americana de Mudan\u00e7as e Armazenamento<\/a> (<a href=\"https:\/\/moverdb.com\/pt\/amsa\/\" data-internallinksmanager029f6b8e52c=\"5\" title=\"American Moving &amp; Storage Association (AMSA) Explicada\">AMSA<\/a>)<\/li>\n<li> <a href=\"https:\/\/moverdb.com\/pt\/conselho-de-funcionarios-relocacao\/\">ERC mundial<\/a><\/li>\n<li> Associa\u00e7\u00e3o Nacional de Gestores de Mudan\u00e7as S\u00eanior (NASMM)<\/li>\n<li> Certificado <a href=\"https:\/\/moverdb.com\/pt\/rim-promover\/\">ProMover<\/a><\/li>\n<li> Better Business Bureau (BBB) A+<\/li>\n<li> Parceiro de transporte SmartWay<\/li>\n<li> ISSP<\/li>\n<\/ul>\n<h2>Arpin Van Lines Reviews<\/h2>\n<p><strong>Positivo:<\/strong><\/p>\n<ul>\n<li> <em>\"N\u00e3o sei bem porque h\u00e1 tantas cr\u00edticas ruins, mas eu, por outro lado, tive uma excelente experi\u00eancia! Poderia ter sido a afiliada local que cuidou da mudan\u00e7a ou da reputa\u00e7\u00e3o da empresa. De qualquer forma, minha experi\u00eancia foi fant\u00e1stica do in\u00edcio ao fim\"!<\/em> - Jay Cee via <a href=\"http:\/\/www.yelp.com\/biz\/arpin-van-lines-west-warwick-2?hrid=OS55XvTTjsx1-lntFW5mvw&#038;utm_campaign=www_review_share_popup&#038;utm_medium=copy_link&#038;utm_source=(direct)\" target=\"_blank\" rel=\"noopener\">Yelp<\/a><\/li>\n<li> \"Devo dizer que os caras da Arpin Van Lines fizeram um trabalho realmente incr\u00edvel para n\u00f3s. Chegaram na hora certa quando disseram que o fariam e fizeram a mudan\u00e7a toda muito f\u00e1cil\".<\/em> - Emmanuel P. via <a href=\"https:\/\/www.customerlobby.com\/reviews\/28943\/arpin-van-lines-inc\/review\/877013\" target=\"_blank\" rel=\"noopener\">Lobby de clientes<\/a> <\/li>\n<li> <em>\"Eu s\u00f3 queria dizer o quanto fiquei satisfeito e satisfeito com a mudan\u00e7a.  O escrit\u00f3rio estava me controlando e realmente se preocupava com como tudo estava indo para mim e para minha fam\u00edlia\".<\/em> - Yuriko Sprott via <a href=\"http:\/\/www.mymovingreviews.com\/movers\/arpin-van-lines-664#39723\" target=\"_blank\" rel=\"noopener\">MyMovingReviews.com<\/a> <\/li>\n<\/ul>\n<p><strong>Negativo:<\/strong><\/p>\n<ul>\n<li> \u201c<em>Mudamos de <a href=\"https:\/\/moverdb.com\/pt\/moving-to-the-united-states\/moving-to-illinois\/\" data-internallinksmanager029f6b8e52c=\"401\" title=\"Mudan\u00e7a para Illinois? 2026 Custo de vida e dicas de realoca\u00e7\u00e3o\">Illinois<\/a> para Sacramento e a experi\u00eancia foi HORR\u00cdVEL.\" <\/em>John W via <a href=\"http:\/\/www.yelp.com\/biz\/arpin-van-lines-west-warwick-2?hrid=_dchwV9PFPdLsH2-htD5dA&#038;utm_campaign=www_review_share_popup&#038;utm_medium=copy_link&#038;utm_source=(direct)\" target=\"_blank\" rel=\"noopener\">Yelp<\/a><\/li>\n<li> <em>\"As palavras n\u00e3o podem expressar como eu espero que voc\u00ea n\u00e3o use esta empresa. Fizemos 7 mudan\u00e7as fora do estado por causa do trabalho de meu marido e eu nunca testemunhei tal incompet\u00eancia\".<\/em> - Marci R. via <a href=\"https:\/\/www.customerlobby.com\/reviews\/28943\/arpin-van-lines-inc\/review\/854697\" target=\"_blank\" rel=\"noopener\">Lobby de clientes<\/a><\/li>\n<li> <em>\"Por onde eu come\u00e7o... Demorou 2 semanas para conseguir uma cita\u00e7\u00e3o que eles est\u00e3o atualmente 3 dias atrasados e minha esposa gr\u00e1vida e eu teremos que dormir em um colch\u00e3o insufl\u00e1vel com uma mala de terno at\u00e9 eles chegarem\".<\/em> - Mmonahan via <a href=\"http:\/\/www.mymovingreviews.com\/movers\/arpin-van-lines-664#55388\" target=\"_blank\" rel=\"noopener\">MyMovingReviews.com<\/a> <\/li>\n<\/ul>\n<div itemprop=\"review\" itemscope itemtype=\"http:\/\/schema.org\/Review\">\n<span itemprop=\"author\" itemscope=\"\" itemtype=\"http:\/\/schema.org\/Organization\"><span itemprop=\"name\">MoverDB.com<\/span><\/span> Revis\u00e3o do site on-line para <span itemprop=\"itemreviewed\" itemscope=\"\" itemtype=\"http:\/\/schema.org\/Brand\"><span itemprop=\"name\">Linhas Arpin Van Lines<\/span><\/span>:<\/p>\n<ol>\n<li> Detalhes claros de contato no website (incluindo n\u00famero de telefone): <strong>Sim<\/strong><\/li>\n<li> F\u00e1cil de obter <a href=\"https:\/\/moverdb.com\/pt\/citacoes\/\">cita\u00e7\u00f5es de mudan\u00e7as internacionais<\/a>? (Formul\u00e1rio de solicita\u00e7\u00e3o de or\u00e7amento on-line): <strong>Sim<\/strong><\/li>\n<li> Informa\u00e7\u00f5es claras no site: <strong>Sim,<\/strong> o site tem guias e v\u00eddeos.<\/li>\n<li> Participa\u00e7\u00e3o em organiza\u00e7\u00f5es internacionais de mudan\u00e7as reconhecidas internacionalmente: <strong>Sim<\/strong>(ver acima)<\/li>\n<li> Lista de clientes e\/ou depoimentos de clientes anteriores. <strong>Parcial<\/strong> Eles listam depoimentos de clientes atrav\u00e9s do Lobby de Clientes, veja acima<\/li>\n<\/ol>\n<div itemprop=\"reviewRating\" itemscope itemtype=\"http:\/\/schema.org\/Rating\"><meta itemprop=\"worstRating\" content = \"0\" \/><meta itemprop=\"bestRating\" content=\"5\" \/><meta itemprop=\"ratingValue\" content=\"4\"><\/div>\n<p><strong>Nota geral: 4\/5<\/strong><br \/>\n<strong>Data de revis\u00e3o:<\/strong> <span itemprop=\"datePublished\" content=\"2016-08-21\">21\/08\/2016<\/span>\n<\/div>\n<p>Leia mais sobre <a href=\"https:\/\/moverdb.com\/pt\/mudancas-empresas\/\">mudan\u00e7as internacionais<\/a>, <a href=\"https:\/\/moverdb.com\/pt\/us-canada-movers\/\">Mudan\u00e7as nos EUA<\/a> e nosso <a href=\"https:\/\/moverdb.com\/pt\/criticas\/\">processo de revis\u00e3o<\/a>.<\/p>\n<p><strong>Website:<\/strong> <a href=\"http:\/\/www.arpin.com\" target=\"_blank\" rel=\"noopener\">http:\/\/www.arpin.com<\/a><\/p>","protected":false},"excerpt":{"rendered":"<p>Arpin Van Lines is based in West Warwick, RI and offers its customers a wide range of services both internationally and locally. These services are listed below, together with a company profile and reviews. International moves are also handled by Arpin International. International Moves Multicultural and multilingual staff Dedicated international move coordinator Door to door [&hellip;]<\/p>\n","protected":false},"author":1,"featured_media":0,"parent":0,"menu_order":0,"comment_status":"closed","ping_status":"closed","template":"","meta":{"_genesis_hide_title":false,"_genesis_hide_breadcrumbs":false,"_genesis_hide_singular_image":false,"_genesis_hide_footer_widgets":false,"_genesis_custom_body_class":"","_genesis_custom_post_class":"","_genesis_layout":"","footnotes":""},"class_list":{"0":"post-1059","1":"page","2":"type-page","3":"status-publish","5":"entry"},"_links":{"self":[{"href":"https:\/\/moverdb.com\/pt\/wp-json\/wp\/v2\/pages\/1059","targetHints":{"allow":["GET"]}}],"collection":[{"href":"https:\/\/moverdb.com\/pt\/wp-json\/wp\/v2\/pages"}],"about":[{"href":"https:\/\/moverdb.com\/pt\/wp-json\/wp\/v2\/types\/page"}],"author":[{"embeddable":true,"href":"https:\/\/moverdb.com\/pt\/wp-json\/wp\/v2\/users\/1"}],"replies":[{"embeddable":true,"href":"https:\/\/moverdb.com\/pt\/wp-json\/wp\/v2\/comments?post=1059"}],"version-history":[{"count":7,"href":"https:\/\/moverdb.com\/pt\/wp-json\/wp\/v2\/pages\/1059\/revisions"}],"predecessor-version":[{"id":6176,"href":"https:\/\/moverdb.com\/pt\/wp-json\/wp\/v2\/pages\/1059\/revisions\/6176"}],"wp:attachment":[{"href":"https:\/\/moverdb.com\/pt\/wp-json\/wp\/v2\/media?parent=1059"}],"curies":[{"name":"wp","href":"https:\/\/api.w.org\/{rel}","templated":true}]}}