{"id":1058,"date":"2016-07-25T21:05:23","date_gmt":"2016-07-25T21:05:23","guid":{"rendered":"http:\/\/moverdb.com\/?page_id=1058"},"modified":"2026-01-08T14:40:09","modified_gmt":"2026-01-08T14:40:09","slug":"mayflower-transit","status":"publish","type":"page","link":"https:\/\/moverdb.com\/pt\/mayflower-transit\/","title":{"rendered":"Tr\u00e2nsito Mayflower: Servi\u00e7os de Mudan\u00e7as e Revis\u00f5es Internacionais"},"content":{"rendered":"<p>A Mayflower Transit oferece a seus clientes uma gama de servi\u00e7os de mudan\u00e7as nacionais e internacionais, que est\u00e3o listados abaixo. Tamb\u00e9m segue um perfil e revis\u00f5es da empresa.<\/p>\n<p><strong>Mudan\u00e7as Internacionais<\/strong><\/p>\n<p>Servi\u00e7os de pr\u00e9-atribui\u00e7\u00e3o<\/p>\n<ul>\n<li> Servi\u00e7os de vistos e imigra\u00e7\u00e3o<\/li>\n<li> Pr\u00e9-visualiza\u00e7\u00e3o da viagem e orienta\u00e7\u00e3o da \u00e1rea<\/li>\n<li> Informa\u00e7\u00f5es sobre o pa\u00eds e a cultura<\/li>\n<\/ul>\n<p>Servi\u00e7os de mudan\u00e7a<\/p>\n<ul>\n<li> Planejamento pr\u00e9-movimento<\/li>\n<li> Transporte de pertences<\/li>\n<li> Gerenciando a mudan\u00e7a<\/li>\n<li> Rastreamento de embarque<\/li>\n<\/ul>\n<p>Servi\u00e7os de Destino Internacional<\/p>\n<ul>\n<li> Treinamento cultural e lingu\u00edstico<\/li>\n<li> Assist\u00eancia escolar<\/li>\n<li> Apoio ao parceiro\/c\u00f4njuge<\/li>\n<li> Assentamento em servi\u00e7o<\/li>\n<li> Assist\u00eancia \u00e0 partida<\/li>\n<\/ul>\n<p>Servi\u00e7os de prote\u00e7\u00e3o<\/p>\n<ul>\n<li> Multiplicador de peso<\/li>\n<li> Invent\u00e1rio de alto valor<\/li>\n<li> Estoque valorizado e detalhado<\/li>\n<\/ul>\n<p>Assist\u00eancia habitacional<\/p>\n<ul>\n<li> Servi\u00e7os de busca domiciliar<\/li>\n<li> Alojamento tempor\u00e1rio<\/li>\n<li> Gest\u00e3o de propriedade e inquilinato<\/li>\n<\/ul>\n<p><strong><a href=\"https:\/\/moverdb.com\/pt\/moving-to-canada\/\" data-internallinksmanager029f6b8e52c=\"265\" title=\"Mudan\u00e7a para o Canad\u00e1? 2026 Custos de Vida e Dicas de Reloca\u00e7\u00e3o\">Mudan\u00e7a para o Canad\u00e1<\/a><\/strong><\/p>\n<ul>\n<li> Documenta\u00e7\u00e3o e regulamentos necess\u00e1rios<\/li>\n<li> Informa\u00e7\u00f5es sobre pertences de embarque<\/li>\n<li> Informa\u00e7\u00f5es sobre <a href=\"https:\/\/moverdb.com\/pt\/transporte-de-carro-transporte-embarque\/\">ve\u00edculos de transporte mar\u00edtimo<\/a><\/li>\n<\/ul>\n<p><strong>Tipos de Movimentos<\/strong><\/p>\n<ul>\n<li> Mudan\u00e7as dom\u00e9sticas - de curta e longa dist\u00e2ncia<\/li>\n<li> Mudan\u00e7as locais<\/li>\n<li> Empresas de mudan\u00e7as<\/li>\n<li> Militares e promotores do governo<\/li>\n<li> <a href=\"https:\/\/moverdb.com\/pt\/mudancas-empresas\/\" target=\"_blank\" rel=\"noopener\">Mudan\u00e7as internacionais<\/a><\/li>\n<\/ul>\n<p><strong>Servi\u00e7os de mudan\u00e7a<\/strong><\/p>\n<ul>\n<li> Embalagem e desempacotamento<\/li>\n<li> Prote\u00e7\u00e3o m\u00f3vel<\/li>\n<li> Transporte automotivo<\/li>\n<li> Armazenamento<\/li>\n<li> Servi\u00e7o de limpeza<\/li>\n<li> Cole\u00e7\u00e3o de detritos<\/li>\n<li> Instala\u00e7\u00e3o de sistema de home theatre e\/ou computadores<\/li>\n<li> Servi\u00e7o de jardinagem<\/li>\n<li> Servi\u00e7os imobili\u00e1rios<\/li>\n<\/ul>\n<h2>Perfil da Mayflower Transit Company<\/h2>\n<p>A Mayflower Transit foi fundada em 1927 por Conrad M. Gentry e Don F. Kenworthy em Indian\u00e1polis. Os membros fundadores queriam dar \u00e0s pessoas uma alternativa para mover seus pertences por ferrovia. <\/p>\n<p>No final da Segunda Guerra Mundial, a empresa havia se expandido e agora inclu\u00eda servi\u00e7os como recoloca\u00e7\u00e3o de funcion\u00e1rios da empresa e mudan\u00e7a e cria\u00e7\u00e3o de feiras comerciais. <\/p>\n<p>Em 1995, Mayflower Transit juntou-se ao UniGroup, que \u00e9 um <strong>$1,7 bilh\u00f5es<\/strong> empresa que oferece mudan\u00e7as, transporte e armazenamento em todo o mundo. A Mayflower Transit oferece uma grande variedade de servi\u00e7os, desde fazer voc\u00ea mesmo a mudan\u00e7a e o armazenamento, at\u00e9 o servi\u00e7o completo sob medida. <\/p>\n<p><strong>Afilia\u00e7\u00f5es e credenciamentos do Mayflower Transit:<\/strong><\/p>\n<ul>\n<li> Garantia Nacional de Qualidade <a href=\"https:\/\/moverdb.com\/pt\/moving-to-the-united-states\/\" data-internallinksmanager029f6b8e52c=\"94\" title=\"Mudando-se para os Estados Unidos? 2026 Custos de Vida e Dicas de Reloca\u00e7\u00e3o\">EUA<\/a> (NQA) ISO 9001:2008<\/li>\n<li> <a href=\"https:\/\/moverdb.com\/pt\/amsa\/\">Associa\u00e7\u00e3o Americana de Mudan\u00e7as e Armazenamento<\/a> (<a href=\"https:\/\/moverdb.com\/pt\/amsa\/\" data-internallinksmanager029f6b8e52c=\"5\" title=\"American Moving &amp; Storage Association (AMSA) Explicada\">AMSA<\/a>) \u2013 <a href=\"https:\/\/moverdb.com\/pt\/rim-promover\/\">ProMover<\/a><\/li>\n<\/ul>\n<h2>Revis\u00e3o do Tr\u00e2nsito Mayflower<\/h2>\n<p><strong>Positivo:<\/strong><\/p>\n<ul>\n<li> \u201c<em>Eles apareceram a tempo, chegaram ao nosso novo endere\u00e7o a tempo e o pre\u00e7o final que pagamos foi EXATAMENTE o que eles nos cotaram desde o in\u00edcio!! \u201c<\/em> - Paulo I via <a href=\"http:\/\/www.mymovingreviews.com\/movers\/mayflower-movers-181#38117\" target=\"_blank\" rel=\"noopener\">MyMovingReviews.com<\/a> <\/li>\n<li> \u201c<em>Eles fizeram um excelente trabalho para n\u00f3s, montando camas, remontando m\u00f3veis que tiveram que ser desmontados para embalagem. Minha esposa e eu ficamos ambos muito felizes com a forma como fomos movidos\".<\/em> - Jon via <a href=\"https:\/\/www.consumeraffairs.com\/movers\/mayflower.html?page=3\" target=\"_blank\" rel=\"noopener\">Assuntos do consumidor<\/a> <\/li>\n<\/ul>\n<p><strong>Negativo:<\/strong><\/p>\n<ul>\n<li> \u201c<em>Se eu pudesse dar 0 estrelas, eu absolutamente daria\".<\/em> - Projeto de lei M. via <a href=\"http:\/\/www.mymovingreviews.com\/movers\/mayflower-movers-181#41675\" target=\"_blank\" rel=\"noopener\">MyMovingReviews.com<\/a><\/li>\n<li> \u201c<em>Gostaria que tiv\u00e9ssemos lido as revis\u00f5es antes de nossa mudan\u00e7a. A experi\u00eancia foi terr\u00edvel do in\u00edcio ao fim\". <\/em> - Alison via <a href=\"https:\/\/www.consumeraffairs.com\/movers\/mayflower.html?page=3\" target=\"_blank\" rel=\"noopener\">Assuntos do consumidor<\/a><\/li>\n<\/ul>\n<div itemprop=\"review\" itemscope itemtype=\"http:\/\/schema.org\/Review\">\n<span itemprop=\"author\" itemscope=\"\" itemtype=\"http:\/\/schema.org\/Organization\"><span itemprop=\"name\">MoverDB.com<\/span><\/span> Revis\u00e3o do site on-line para <span itemprop=\"itemreviewed\" itemscope=\"\" itemtype=\"http:\/\/schema.org\/Brand\"><span itemprop=\"name\">Tr\u00e2nsito Mayflower<\/span><\/span>:<\/p>\n<ol>\n<li> Detalhes claros de contato no website (incluindo n\u00famero de telefone): <strong>Sim<\/strong><\/li>\n<li> F\u00e1cil de obter <a href=\"https:\/\/moverdb.com\/pt\/citacoes\/\">cita\u00e7\u00f5es de mudan\u00e7as internacionais<\/a>? (Formul\u00e1rio de solicita\u00e7\u00e3o de or\u00e7amento on-line): <strong>Sim<\/strong><\/li>\n<li> Informa\u00e7\u00f5es claras no site: <strong>Sim.<\/strong> O site cont\u00e9m muitas informa\u00e7\u00f5es e mais est\u00e1 dispon\u00edvel quando se pede uma cota\u00e7\u00e3o.<\/li>\n<li> Participa\u00e7\u00e3o em organiza\u00e7\u00f5es internacionais de mudan\u00e7as reconhecidas internacionalmente: <strong>Sim<\/strong>ver acima.<\/li>\n<li> Lista de clientes e\/ou depoimentos de clientes anteriores: <strong>Sim<\/strong>H\u00e1 muitos coment\u00e1rios positivos de clientes no site.<\/li>\n<\/ol>\n<div itemprop=\"reviewRating\" itemscope itemtype=\"http:\/\/schema.org\/Rating\"><meta itemprop=\"worstRating\" content = \"0\" \/><meta itemprop=\"bestRating\" content=\"5\" \/><meta itemprop=\"ratingValue\" content=\"4.5\"><\/div>\n<p><strong>Nota geral: 4,5\/5<\/strong><br \/>\n<strong>Data de revis\u00e3o:<\/strong> <span itemprop=\"datePublished\" content=\"2016-07-25\">25\/07\/2016<\/span>\n<\/div>\n<p>Leia mais sobre <a href=\"https:\/\/moverdb.com\/pt\/mudancas-empresas\/\">empresas de mudan\u00e7as internacionais<\/a>, <a href=\"https:\/\/moverdb.com\/pt\/us-canada-movers\/\">Mudan\u00e7as dom\u00e9sticas americanas<\/a> e saiba mais sobre nosso <a href=\"https:\/\/moverdb.com\/pt\/criticas\/\">processo de revis\u00e3o<\/a>.<\/p>\n<p><strong>Website:<\/strong> <a href=\"http:\/\/www.mayflower.com\/\" target=\"_blank\" rel=\"noopener\">http:\/\/www.mayflower.com<\/a><\/p>","protected":false},"excerpt":{"rendered":"<p>Mayflower Transit offers its customers a range of domestic and international moving services, which are listed below. There also follows a company profile and reviews. International Movers Pre-assignment Services Visa and immigration services Preview trip and area orientation Country and culture information Moving Services Pre-move planning Transportation of belongings Managing the move Shipment tracking International [&hellip;]<\/p>\n","protected":false},"author":1,"featured_media":0,"parent":0,"menu_order":0,"comment_status":"closed","ping_status":"closed","template":"","meta":{"_genesis_hide_title":false,"_genesis_hide_breadcrumbs":false,"_genesis_hide_singular_image":false,"_genesis_hide_footer_widgets":false,"_genesis_custom_body_class":"","_genesis_custom_post_class":"","_genesis_layout":"","footnotes":""},"class_list":{"0":"post-1058","1":"page","2":"type-page","3":"status-publish","5":"entry"},"_links":{"self":[{"href":"https:\/\/moverdb.com\/pt\/wp-json\/wp\/v2\/pages\/1058","targetHints":{"allow":["GET"]}}],"collection":[{"href":"https:\/\/moverdb.com\/pt\/wp-json\/wp\/v2\/pages"}],"about":[{"href":"https:\/\/moverdb.com\/pt\/wp-json\/wp\/v2\/types\/page"}],"author":[{"embeddable":true,"href":"https:\/\/moverdb.com\/pt\/wp-json\/wp\/v2\/users\/1"}],"replies":[{"embeddable":true,"href":"https:\/\/moverdb.com\/pt\/wp-json\/wp\/v2\/comments?post=1058"}],"version-history":[{"count":7,"href":"https:\/\/moverdb.com\/pt\/wp-json\/wp\/v2\/pages\/1058\/revisions"}],"predecessor-version":[{"id":13174,"href":"https:\/\/moverdb.com\/pt\/wp-json\/wp\/v2\/pages\/1058\/revisions\/13174"}],"wp:attachment":[{"href":"https:\/\/moverdb.com\/pt\/wp-json\/wp\/v2\/media?parent=1058"}],"curies":[{"name":"wp","href":"https:\/\/api.w.org\/{rel}","templated":true}]}}