{"id":1057,"date":"2016-08-21T14:07:37","date_gmt":"2016-08-21T14:07:37","guid":{"rendered":"http:\/\/moverdb.com\/?page_id=1057"},"modified":"2026-01-08T15:20:46","modified_gmt":"2026-01-08T15:20:46","slug":"stevens-worldwide-van-lines","status":"publish","type":"page","link":"https:\/\/moverdb.com\/pt\/stevens-worldwide-van-lines\/","title":{"rendered":"Stevens Worldwide Van Lines: Revis\u00f5es de Mudan\u00e7as Internacionais"},"content":{"rendered":"<p>A Stevens Worldwide Van Lines est\u00e1 sediada em Saginaw MI. A empresa oferece a seus clientes uma ampla gama de servi\u00e7os que est\u00e3o listados abaixo. Tamb\u00e9m segue um perfil e revis\u00f5es da empresa.<\/p>\n<p><strong>Mudan\u00e7as Internacionais<\/strong><\/p>\n<ul>\n<li> Mudan\u00e7as dom\u00e9sticas pessoais<\/li>\n<li> DOD mudan\u00e7a internacional<\/li>\n<li> Mudan\u00e7a internacional da GSA<\/li>\n<li> Mudan\u00e7a corporativa<\/li>\n<li> <a href=\"https:\/\/moverdb.com\/pt\/transitario-de-carga\/\">Encaminhamento de cargas<\/a><\/li>\n<li> Servi\u00e7o completo porta a porta<\/li>\n<li> Stevens International especialistas em realoca\u00e7\u00e3o para cada pa\u00eds.<\/li>\n<li> Ajudar a determinar as necessidades do cliente<\/li>\n<li> Explique todos os servi\u00e7os de mudan\u00e7a e realoca\u00e7\u00e3o internacional dispon\u00edveis, tais como embalagem, mudan\u00e7a, encaminhamento, <a href=\"https:\/\/moverdb.com\/pt\/transporte-de-conteineres\/\">embarque<\/a>, armazenamento e seguro<\/li>\n<li> Descrever as obriga\u00e7\u00f5es da Stevens International e as responsabilidades do cliente antes, durante e depois de uma recoloca\u00e7\u00e3o<\/li>\n<li> Fornecer um <a href=\"https:\/\/moverdb.com\/pt\/citacoes\/\">estimativa exata<\/a><\/li>\n<li> Planejar toda a log\u00edstica da mudan\u00e7a<\/li>\n<li> Negociar o <a href=\"https:\/\/moverdb.com\/pt\/custos-de-mudanca\/\">melhores tarifas<\/a><\/li>\n<li> Supervisionar os transportadores e agentes utilizados, e monitorar cada fase da recoloca\u00e7\u00e3o<\/li>\n<li> Certifique-se de que toda a documenta\u00e7\u00e3o seja completada e apresentada com precis\u00e3o e dentro do prazo<\/li>\n<li> Permanecer respons\u00e1vel pela manuten\u00e7\u00e3o do embarque de acordo com as instru\u00e7\u00f5es do consultor de embarque ou do agente no exterior<\/li>\n<li> Despachar o material, a m\u00e3o-de-obra e o equipamento adequados<\/li>\n<\/ul>\n<p><strong>Coordenadores de Deslocaliza\u00e7\u00e3o Internacional Stevens<\/strong><\/p>\n<ul>\n<li> T\u00eam experi\u00eancia em transporte internacional e na ind\u00fastria de realoca\u00e7\u00e3o<\/li>\n<li> Ter capacidades multil\u00edng\u00fces<\/li>\n<li> Est\u00e3o familiarizados com os regulamentos aduaneiros e outras informa\u00e7\u00f5es importantes e podem ajudar no manuseio e processamento de documentos<\/li>\n<li> Fornecer controle de servi\u00e7o \u00fanico<\/li>\n<li> Fornecer aconselhamento pr\u00e9-movimento e cont\u00ednuo<\/li>\n<li> Pode ajudar com informa\u00e7\u00f5es sobre o pa\u00eds de destino e a alf\u00e2ndega<\/li>\n<li> Fornecer comunica\u00e7\u00e3o cont\u00ednua e monitoramento de servi\u00e7os<\/li>\n<li> Seguir procedimentos de prepara\u00e7\u00e3o e manuseio claramente definidos<\/li>\n<li> Utilizar pr\u00e1ticas abrangentes, expeditas e justas de regulariza\u00e7\u00e3o de sinistros<\/li>\n<\/ul>\n<p><strong>Mudan\u00e7as dom\u00e9sticas<\/strong><\/p>\n<ul>\n<li> Mudan\u00e7a local<\/li>\n<li> Fora do estado em movimento<\/li>\n<li> Movimentos de longa dist\u00e2ncia<\/li>\n<li> Mudan\u00e7as interestaduais<\/li>\n<li> Mudan\u00e7a de pa\u00eds<\/li>\n<li> Programa de pequenas mudan\u00e7as<\/li>\n<li> Embalagem e desempacotamento<\/li>\n<li> Caixas e materiais de embalagem fornecidos<\/li>\n<li> Armazenagem de curto e longo prazo dispon\u00edvel<\/li>\n<\/ul>\n<p><strong>Mudan\u00e7as Corporativas<\/strong><\/p>\n<ul>\n<li> Servi\u00e7o completo dispon\u00edvel<\/li>\n<li> Consultor dedicado \u00e0 recoloca\u00e7\u00e3o<\/li>\n<li> Movimenta\u00e7\u00e3o de sistemas de computador<\/li>\n<li> Gerenciamento de projetos<\/li>\n<li> Mudan\u00e7as de escrit\u00f3rios e industriais<\/li>\n<li> Gest\u00e3o\/armazenamento de ativos<\/li>\n<li> Gest\u00e3o de mudan\u00e7as nacionais<\/li>\n<li> Servi\u00e7os MAC<\/li>\n<li> Gerenciamento de registros<\/li>\n<li> Movimentos de equipamentos<\/li>\n<li> Relocaliza\u00e7\u00e3o de arquivos<\/li>\n<li> Movimentos de laborat\u00f3rio<\/li>\n<\/ul>\n<p><strong>Mudan\u00e7as Governamentais e Militares<\/strong><\/p>\n<p><strong>Movimenta\u00e7\u00e3o do Clero<\/strong><\/p>\n<h2>Perfil da Stevens Worldwide Van Lines Company<\/h2>\n<p>Frederick H. Stevens Jr. fundou a Stevens Worldwide Van Lines em 1905. Ele usava um cavalo e uma carro\u00e7a para transportar bagagens do <a href=\"https:\/\/moverdb.com\/pt\/moving-to-the-united-states\/moving-to-michigan\/\" data-internallinksmanager029f6b8e52c=\"414\" title=\"Mudan\u00e7a para Michigan? 2026 Custo de vida e dicas de realoca\u00e7\u00e3o\">Michigan<\/a> Central Passenger Depot em Saginaw. Atualmente, a Stevens tem 125 agentes localizados em todo o pa\u00eds <a href=\"https:\/\/moverdb.com\/pt\/moving-to-the-united-states\/\" data-internallinksmanager029f6b8e52c=\"94\" title=\"Mudando-se para os Estados Unidos? 2026 Custos de Vida e Dicas de Reloca\u00e7\u00e3o\">Estados Unidos<\/a> e uma divis\u00e3o internacional abrangente. A empresa tem Stevens de quarta e quinta gera\u00e7\u00e3o com cargo executivo dentro dela.<\/p>\n<p>A Stevens Worldwide Van Lines move casas, empresas, pessoal governamental e militar e o clero dentro dos Estados Unidos e ao redor do mundo. A empresa tem implementado muitas iniciativas verdes para diminuir sua pegada de carbono. Ela tamb\u00e9m ap\u00f3ia v\u00e1rias institui\u00e7\u00f5es de caridade tanto internacionalmente quanto localmente.<\/p>\n<p>A Stevens Worldwide Van Lines tem as seguintes credencia\u00e7\u00f5es e afilia\u00e7\u00f5es:<\/p>\n<ul>\n<li> ISO 9001<\/li>\n<li> <a href=\"https:\/\/moverdb.com\/pt\/fidi-faim\/\">FIDI<\/a><\/li>\n<li> <a href=\"https:\/\/moverdb.com\/pt\/fidi-faim\/\" data-internallinksmanager029f6b8e52c=\"16\" title=\"FIDI &amp; FAIM (FIDI Accredited International Mover) Explicado\">FAIM<\/a><\/li>\n<li> <a href=\"https:\/\/moverdb.com\/pt\/iam\/\">Associa\u00e7\u00e3o Internacional de Movers<\/a> (<a href=\"https:\/\/moverdb.com\/pt\/iam\/\" data-internallinksmanager029f6b8e52c=\"23\" title=\"Associa\u00e7\u00e3o Internacional de Remotores (IAM) Explicado\">IAM<\/a>)<\/li>\n<li> <a href=\"https:\/\/moverdb.com\/pt\/lacma\/\">Associa\u00e7\u00e3o Latino-Americana e Caribenha de Movimentos Internacionais<\/a> (<a href=\"https:\/\/moverdb.com\/pt\/lacma\/\" data-internallinksmanager029f6b8e52c=\"28\" title=\"Associa\u00e7\u00e3o Latino-Americana e Caribenha de Movimentos Internacionais (LACMA)\">LACMA<\/a>)<\/li>\n<li> <a href=\"https:\/\/moverdb.com\/pt\/amsa\/\">Associa\u00e7\u00e3o Americana de Mudan\u00e7as e Armazenamento<\/a> (<a href=\"https:\/\/moverdb.com\/pt\/amsa\/\" data-internallinksmanager029f6b8e52c=\"5\" title=\"American Moving &amp; Storage Association (AMSA) Explicada\">AMSA<\/a>) \u2013 <a href=\"https:\/\/moverdb.com\/pt\/rim-promover\/\">ProMover<\/a><\/li>\n<li> BBB A+<\/li>\n<\/ul>\n<h2>Stevens Worldwide Van Lines Reviews<\/h2>\n<p><strong>Positivo:<\/strong><\/p>\n<ul>\n<li> <em>\"Do come\u00e7o ao fim, nossa experi\u00eancia com Stevens foi extraordin\u00e1ria\"!<\/em> - Martin via <a href=\"http:\/\/stevensworldwide.com\/testimonials\" target=\"_blank\" rel=\"noopener\">Depoimentos de clientes Stevens<\/a><\/li>\n<li> \u201c<em>Nossa experi\u00eancia com a Stevens Worldwide foi de alto n\u00edvel do in\u00edcio ao fim\". <\/em> - Michael via <a href=\"http:\/\/www.yelp.com\/biz\/stevens-worldwide-van-lines-saginaw-4?hrid=IQoARxOFSez8PQ9c5gUSmQ&#038;utm_campaign=www_review_share_popup&#038;utm_medium=copy_link&#038;utm_source=(direct)\" target=\"_blank\" rel=\"noopener\">Yelp<\/a><\/li>\n<li> \u201c<em>A experi\u00eancia excedeu as expectativas. Muito importante, a cota\u00e7\u00e3o de venda estava bem alinhada com o pre\u00e7o real. Em segundo lugar, est\u00e1vamos sobrecarregados com a embalagem. A empresa de mudan\u00e7as nos pediu para dizer-lhes nossas necessidades no dia anterior e eles forneceram os recursos humanos para que tudo fosse feito. \u201c<\/em> - O projeto de lei conta via <a href=\"http:\/\/www.mymovingreviews.com\/movers\/stevens-van-lines-825#49902\" target=\"_blank\" rel=\"noopener\">MyMovingReviews.com<\/a><\/li>\n<li> \u201c<em>Pessoal muito simp\u00e1tico\".<\/em> - Um usu\u00e1rio do Google via <a href=\"http:\/\/reviews.birdeye.com\/stevens-worldwide-van-lines-951509696\" target=\"_blank\" rel=\"noopener\">BirdEye<\/a> <\/li>\n<\/ul>\n<p><strong>Negativo:<\/strong><\/p>\n<ul>\n<li> <em>\"Uma estrela \u00e9 at\u00e9 demais para eles\".<\/em> - Michael M via <a href=\"http:\/\/www.yelp.com\/biz\/stevens-worldwide-van-lines-saginaw-4?hrid=7erY_4bReACOHR_0idQdUQ&#038;utm_campaign=www_review_share_popup&#038;utm_medium=copy_link&#038;utm_source=(direct)\" target=\"_blank\" rel=\"noopener\">Yelp<\/a><\/li>\n<li> <em>\"Motorista amador com 3 ajudantes in\u00fateis levou 14 horas para carregar uma casa de 2 quartos com por\u00e3o\".<\/em> - Steve via <a href=\"http:\/\/www.mymovingreviews.com\/movers\/stevens-van-lines-825#55538\" target=\"_blank\" rel=\"noopener\">MyMovingReviews.com<\/a> <\/li>\n<li> \u201c<em>N\u00e3o poder\u00edamos ter tido uma experi\u00eancia mais desagrad\u00e1vel\".<\/em> - Brian Gibson via <a href=\"http:\/\/reviews.birdeye.com\/stevens-worldwide-van-lines-951509696\" target=\"_blank\" rel=\"noopener\">BirdEye<\/a> <\/li>\n<\/ul>\n<div itemprop=\"review\" itemscope itemtype=\"http:\/\/schema.org\/Review\">\n<span itemprop=\"author\" itemscope=\"\" itemtype=\"http:\/\/schema.org\/Organization\"><span itemprop=\"name\">MoverDB.com<\/span><\/span> Revis\u00e3o do site on-line para <span itemprop=\"itemreviewed\" itemscope=\"\" itemtype=\"http:\/\/schema.org\/Brand\"><span itemprop=\"name\">Stevens Worldwide Van Lines<\/span><\/span>:<\/p>\n<ol>\n<li> Detalhes claros de contato no website (incluindo n\u00famero de telefone): <strong>Sim<\/strong><\/li>\n<li> F\u00e1cil de obter <a href=\"https:\/\/moverdb.com\/pt\/citacoes\/\">cita\u00e7\u00f5es de mudan\u00e7as internacionais<\/a>? (Formul\u00e1rio de solicita\u00e7\u00e3o de or\u00e7amento on-line): <strong>Sim<\/strong><\/li>\n<li> Informa\u00e7\u00f5es claras no site: <strong>Sim,<\/strong> uma boa quantidade de informa\u00e7\u00f5es sobre o que fazer antes de sua mudan\u00e7a.<\/li>\n<li> Participa\u00e7\u00e3o em organiza\u00e7\u00f5es internacionais de mudan\u00e7as reconhecidas internacionalmente: <strong>Sim<\/strong>muitos v\u00eaem acima<\/li>\n<li> Lista de clientes e\/ou depoimentos de clientes anteriores. <strong>Sim,<\/strong> H\u00e1 muitas revis\u00f5es e depoimentos positivos de clientes no site.<\/li>\n<\/ol>\n<div itemprop=\"reviewRating\" itemscope itemtype=\"http:\/\/schema.org\/Rating\"><meta itemprop=\"worstRating\" content = \"0\" \/><meta itemprop=\"bestRating\" content=\"5\" \/><meta itemprop=\"ratingValue\" content=\"4.5\"><\/div>\n<p><strong>Nota geral: 4,5\/5<\/strong><br \/>\n<strong>Data de revis\u00e3o:<\/strong> <span itemprop=\"datePublished\" content=\"2016-08-21\">21\/08\/2016<\/span>\n<\/div>\n<p>Leia mais sobre <a href=\"https:\/\/moverdb.com\/pt\/mudancas-empresas\/\">empresas de mudan\u00e7as internacionais<\/a>, <a href=\"https:\/\/moverdb.com\/pt\/us-canada-movers\/\">Empresas de mudan\u00e7as dos EUA<\/a> e nosso <a href=\"https:\/\/moverdb.com\/pt\/criticas\/\">processo de revis\u00e3o explicado<\/a>.<\/p>\n<p><strong>Website:<\/strong> <a href=\"http:\/\/stevensworldwide.com\/\" target=\"_blank\" rel=\"noopener\">http:\/\/stevensworldwide.com<\/a><\/p>","protected":false},"excerpt":{"rendered":"<p>Stevens Worldwide Van Lines is based in Saginaw MI. The company offers its customers a wide range of services which are listed below. There also follows a company profile and reviews. International Moving Personal household moving DOD international moving GSA international moving Corporate moving Freight forwarding Full door to door service Stevens International relocation specialists [&hellip;]<\/p>\n","protected":false},"author":1,"featured_media":0,"parent":0,"menu_order":0,"comment_status":"closed","ping_status":"closed","template":"","meta":{"_genesis_hide_title":false,"_genesis_hide_breadcrumbs":false,"_genesis_hide_singular_image":false,"_genesis_hide_footer_widgets":false,"_genesis_custom_body_class":"","_genesis_custom_post_class":"","_genesis_layout":"","footnotes":""},"class_list":{"0":"post-1057","1":"page","2":"type-page","3":"status-publish","5":"entry"},"_links":{"self":[{"href":"https:\/\/moverdb.com\/pt\/wp-json\/wp\/v2\/pages\/1057","targetHints":{"allow":["GET"]}}],"collection":[{"href":"https:\/\/moverdb.com\/pt\/wp-json\/wp\/v2\/pages"}],"about":[{"href":"https:\/\/moverdb.com\/pt\/wp-json\/wp\/v2\/types\/page"}],"author":[{"embeddable":true,"href":"https:\/\/moverdb.com\/pt\/wp-json\/wp\/v2\/users\/1"}],"replies":[{"embeddable":true,"href":"https:\/\/moverdb.com\/pt\/wp-json\/wp\/v2\/comments?post=1057"}],"version-history":[{"count":7,"href":"https:\/\/moverdb.com\/pt\/wp-json\/wp\/v2\/pages\/1057\/revisions"}],"predecessor-version":[{"id":6241,"href":"https:\/\/moverdb.com\/pt\/wp-json\/wp\/v2\/pages\/1057\/revisions\/6241"}],"wp:attachment":[{"href":"https:\/\/moverdb.com\/pt\/wp-json\/wp\/v2\/media?parent=1057"}],"curies":[{"name":"wp","href":"https:\/\/api.w.org\/{rel}","templated":true}]}}