{"id":1042,"date":"2016-10-24T05:23:18","date_gmt":"2016-10-24T05:23:18","guid":{"rendered":"http:\/\/moverdb.com\/?page_id=1042"},"modified":"2026-01-08T14:48:06","modified_gmt":"2026-01-08T14:48:06","slug":"covan-world-wide","status":"publish","type":"page","link":"https:\/\/moverdb.com\/pt\/covan-world-wide\/","title":{"rendered":"Covan Worldwide Moving: C\u00e2mbio Internacional"},"content":{"rendered":"<p>A Covan Worldwide Moving oferece a seus clientes uma ampla gama de servi\u00e7os. Estes est\u00e3o listados abaixo, juntamente com um perfil de empresa e revis\u00f5es.<\/p>\n<p><strong>Mudan\u00e7as Internacionais<\/strong><\/p>\n<ul>\n<li> Estimativa In-Home gratuita<\/li>\n<li> Embalagem de Servi\u00e7o Completo OU Embalagem Fr\u00e1gil<\/li>\n<li> Crating personalizado<\/li>\n<li> <a href=\"https:\/\/moverdb.com\/pt\/transporte-de-carro-transporte-embarque\/\">Envio de ve\u00edculos<\/a> (como parte de uma mudan\u00e7a dom\u00e9stica e\/ou independentemente de uma)<\/li>\n<li> Transporte de Piano (como parte de uma mudan\u00e7a dom\u00e9stica e\/ou independentemente de uma)<\/li>\n<li> Envolvimento livre de m\u00f3veis; Prote\u00e7\u00e3o de portas e pisos<\/li>\n<li> Transporte A\u00e9reo de Cargas<\/li>\n<li> Desembara\u00e7o aduaneiro<\/li>\n<li> Servi\u00e7os de Destino (Desmontagem\/remontagem, etc.)<\/li>\n<li> Rastreamento de embarque on-line<\/li>\n<li> Op\u00e7\u00f5es de seguro de avalia\u00e7\u00e3o<\/li>\n<li> Servi\u00e7os de armazenamento a longo ou curto prazo<\/li>\n<\/ul>\n<p><strong>Mudan\u00e7a corporativa<\/strong><\/p>\n<ul>\n<li> Estimativas gratuitas dentro de casa<\/li>\n<li> Pesquisa Pr\u00e9-Move<\/li>\n<li> Contato de fonte \u00fanica<\/li>\n<li> Embalagem de Servi\u00e7o Completo OU Embalagem Parcial<\/li>\n<li> Crating personalizado<\/li>\n<li> Desempacotar\/Despacotar<\/li>\n<li> Servi\u00e7os de desmontagem\/remontagem de eletrodom\u00e9sticos - Rel\u00f3gios de Av\u00f4, Equipamentos de Fitness, etc.<\/li>\n<li> Piano Moving (Nota: Isto tamb\u00e9m pode ser realizado independentemente de uma mudan\u00e7a dom\u00e9stica)<\/li>\n<li> Movimenta\u00e7\u00e3o de ve\u00edculos (Nota: Isto tamb\u00e9m pode ser realizado independentemente de uma mudan\u00e7a dom\u00e9stica)<\/li>\n<li> Op\u00e7\u00f5es de armazenamento a longo ou curto prazo<\/li>\n<li> Rastreamento de embarque on-line<\/li>\n<li> Gerenciamento de Mudan\u00e7as<\/li>\n<li> Op\u00e7\u00f5es de seguro de avalia\u00e7\u00e3o<\/li>\n<li> Ajuda no Desembara\u00e7o Aduaneiro para Mudan\u00e7as no Exterior<\/li>\n<li> Servi\u00e7os de destino<\/li>\n<\/ul>\n<p><strong>Governo e Militares<\/strong><\/p>\n<ul>\n<li> Estimativa In-Home gratuita<\/li>\n<li> Embalagem de servi\u00e7o completo<\/li>\n<li> Venda de Materiais de Embalagem<\/li>\n<li> <a href=\"https:\/\/moverdb.com\/pt\/car-transport-shipping\/\" data-internallinksmanager029f6b8e52c=\"2\" title=\"2026 Cota\u00e7\u00f5es de transporte internacional de carros e envio de ve\u00edculos\">Envio de ve\u00edculos<\/a><\/li>\n<li> Envio de Piano<\/li>\n<li> Servi\u00e7os de armazenamento a longo ou curto prazo<\/li>\n<li> Servi\u00e7os de terceiros (realizamos todos os tipos de montagem\/desmontagem - m\u00e1quina de lavar lou\u00e7a, geladeira, luzes, TVs, aparelhos de som, pinturas, camas, arm\u00e1rios, etc.)<\/li>\n<li> Rastreamento de remessas on-line para movimentos de longa dist\u00e2ncia<\/li>\n<li> Op\u00e7\u00f5es de seguro de avalia\u00e7\u00e3o<\/li>\n<\/ul>\n<p><strong>Movimentadores Comerciais<\/strong><\/p>\n<ul>\n<li> Mudan\u00e7as industriais<\/li>\n<li> Mudan\u00e7a de escrit\u00f3rio<\/li>\n<li> Mudan\u00e7as governamentais<\/li>\n<li> Movimenta\u00e7\u00e3o de computadores\/eletr\u00f4nicos<\/li>\n<li> Mudan\u00e7a corporativa - servi\u00e7o completo<\/li>\n<\/ul>\n<p><strong>Governantes dom\u00e9sticos<\/strong><\/p>\n<ul>\n<li> Or\u00e7amento e plano pr\u00e9-movimento<\/li>\n<li> Embalagem - servi\u00e7o completo, artigos fr\u00e1geis ou auto-embalagem<\/li>\n<li> Descarregar, desembalar e arrumar pertences<\/li>\n<li> Mova qualquer item - piano, carro, barco e muito mais<\/li>\n<\/ul>\n<h2>Perfil da Covan Worldwide Moving Company<\/h2>\n<p>A Covan Worldwide Moving come\u00e7ou em 1914 em Hutchinson, KS, sob o nome de Merchants Transfer and Storage. J.M. Coleman, o fundador da empresa, come\u00e7ou com quatro carro\u00e7as de tra\u00e7\u00e3o e oito cavalos. Hoje existem 50 escrit\u00f3rios e mais de 400 agentes em todo o mundo. <\/p>\n<p>Covan tem mais de 200 unidades operacionais interestaduais e 600 para mudan\u00e7as locais. Sua miss\u00e3o \u00e9 ser l\u00edder em servi\u00e7os de transporte internacional e alcan\u00e7ar a satisfa\u00e7\u00e3o do cliente 100%.<\/p>\n<p>A Covan World-Wide Moving tem as seguintes afilia\u00e7\u00f5es e credenciamentos:<\/p>\n<ul>\n<li> <a href=\"https:\/\/moverdb.com\/pt\/amsa\/\">Associa\u00e7\u00e3o Americana de Mudan\u00e7as e Armazenamento<\/a> (<a href=\"https:\/\/moverdb.com\/pt\/amsa\/\" data-internallinksmanager029f6b8e52c=\"5\" title=\"American Moving &amp; Storage Association (AMSA) Explicada\">AMSA<\/a>)<\/li>\n<li> <a href=\"https:\/\/moverdb.com\/pt\/rim-promover\/\">ProMover<\/a><\/li>\n<li> <a href=\"https:\/\/moverdb.com\/pt\/iam\/\">Associa\u00e7\u00e3o Internacional de Movers<\/a> (<a href=\"https:\/\/moverdb.com\/pt\/iam\/\" data-internallinksmanager029f6b8e52c=\"23\" title=\"Associa\u00e7\u00e3o Internacional de Remotores (IAM) Explicado\">IAM<\/a>)<\/li>\n<li> <a href=\"https:\/\/moverdb.com\/pt\/rim-promover\/\">Registrado Internacional Mover<\/a> (<a href=\"https:\/\/moverdb.com\/pt\/rim-promover\/\" data-internallinksmanager029f6b8e52c=\"76\" title=\"RIM International ProMover Certification Explained\">RIM<\/a>)<\/li>\n<li> Credenciado BBB<\/li>\n<\/ul>\n<p><strong>Covan Worldwide Moving Reviews<\/strong><\/p>\n<p><strong>Positivo:<\/strong><\/p>\n<ul>\n<li> <em>\"Mandamos a Covan embalar nossos itens em Norfolk VA para serem enviados ao redor do mundo para Guam\". Eu tinha ouvido hist\u00f3rias de horror de ter os transportadores empacotando itens e ter os itens chegando quebrados e\/ou desaparecidos. Todos os nossos itens foram contabilizados e em \u00f3timo estado NOTHING estava quebrado ou deformado de qualquer forma!\"!<\/em> - David S <a href=\"http:\/\/www.covan.com\/moving-reviews\/alabama-2519665061024629999\/\" target=\"_blank\" rel=\"noopener\">depoimento do cliente<\/a><\/li>\n<li> <em>\"N\u00e3o posso acreditar que agora estou chegando a este ponto, mas eu s\u00f3 queria compartilhar algumas observa\u00e7\u00f5es positivas sobre o <a href=\"https:\/\/moverdb.com\/pt\/moving-companies\/\" data-internallinksmanager029f6b8e52c=\"79\" title=\"As 25 maiores empresas de mudan\u00e7as internacionais on-line\">empresa de mudan\u00e7as<\/a> Covan Worldwide Moving. Eles foram muito respeitosos e tornaram o processo de embalagem suave, e at\u00e9 divertido\"!<\/em> - Emily S via <a href=\"https:\/\/www.yelp.com\/biz\/covan-world-wide-moving-kapolei?hrid=ehsMVfnz3q1xKBP5KHJCxg&#038;utm_campaign=www_review_share_popup&#038;utm_medium=copy_link&#038;utm_source=(direct)\" target=\"_blank\" rel=\"noopener\">Yelp<\/a><\/li>\n<\/ul>\n<p><strong>Negativo:<\/strong><\/p>\n<ul>\n<li> <em>\"Se fosse poss\u00edvel n\u00e3o dar estrelas, eu daria\". Nunca deixei uma m\u00e1 cr\u00edtica para ningu\u00e9m porque n\u00e3o sou um reclamador, mas este \u00e9 de longe o pior movimento de PCS que j\u00e1 experimentei. Por onde eu sequer come\u00e7o?\"<\/em> - Lillian H. via <a href=\"https:\/\/www.yelp.com\/biz\/covan-world-wide-moving-kapolei?hrid=rRlVAPr2uu0AYHtD7q-oBw&#038;utm_campaign=www_review_share_popup&#038;utm_medium=copy_link&#038;utm_source=(direct)\" target=\"_blank\" rel=\"noopener\">Yelp<\/a>.\n<\/ul>\n<div itemprop=\"review\" itemscope itemtype=\"http:\/\/schema.org\/Review\">\n<span itemprop=\"author\" itemscope=\"\" itemtype=\"http:\/\/schema.org\/Organization\"><span itemprop=\"name\">MoverDB.com<\/span><\/span> Revis\u00e3o do site on-line para <span itemprop=\"itemreviewed\" itemscope=\"\" itemtype=\"http:\/\/schema.org\/Brand\"><span itemprop=\"name\">Covan Worldwide Moving<\/span><\/span>:<\/p>\n<ol>\n<li> Detalhes claros de contato no website (incluindo n\u00famero de telefone): <strong>Sim<\/strong><\/li>\n<li> F\u00e1cil de obter <a href=\"https:\/\/moverdb.com\/pt\/citacoes\/\">cita\u00e7\u00f5es de mudan\u00e7as internacionais<\/a>? (Formul\u00e1rio de solicita\u00e7\u00e3o de or\u00e7amento on-line): <strong>Sim<\/strong><\/li>\n<li> Informa\u00e7\u00f5es claras no site: <strong>Sim<\/strong>O site d\u00e1 aos clientes uma boa id\u00e9ia do que esperar da empresa.<\/li>\n<li> Participa\u00e7\u00e3o em organiza\u00e7\u00f5es internacionais de mudan\u00e7as reconhecidas internacionalmente: <strong>Sim<\/strong>ver acima<\/li>\n<li> Lista de clientes e\/ou depoimentos de clientes anteriores: <strong>Sim<\/strong>H\u00e1 muitos testemunhos positivos de clientes no site, mas as cr\u00edticas no resto da web parecem em sua maioria negativas.<\/li>\n<\/ol>\n<div itemprop=\"reviewRating\" itemscope itemtype=\"http:\/\/schema.org\/Rating\"><meta itemprop=\"worstRating\" content = \"0\" \/><meta itemprop=\"bestRating\" content=\"5\" \/><meta itemprop=\"ratingValue\" content=\"4\"><\/div>\n<p><strong>Nota geral: 4\/5<\/strong><br \/>\n<strong>Data de revis\u00e3o:<\/strong> <span itemprop=\"datePublished\" content=\"2016-10-24\">24\/10\/2016<\/span>\n<\/div>\n<p>Leia mais sobre <a href=\"https:\/\/moverdb.com\/pt\/mudancas-empresas\/\">empresas de mudan\u00e7as internacionais<\/a>, <a href=\"https:\/\/moverdb.com\/pt\/us-canada-movers\/\">Mudan\u00e7as americanas<\/a> e nosso <a href=\"https:\/\/moverdb.com\/pt\/criticas\/\">processo de revis\u00e3o<\/a>.<\/p>\n<p><strong>Website:<\/strong> <a href=\"http:\/\/www.covan.com\" target=\"_blank\" rel=\"noopener\">http:\/\/www.covan.com<\/a><\/p>","protected":false},"excerpt":{"rendered":"<p>Covan Worldwide Moving offers its clients a wide range of services. These are listed below, together with a company profile and reviews. International Movers Free In-Home Estimate Full-Service Packing OR Fragile-Only Packing Custom Crating Vehicle Shipping (as part of a household move and\/or independently of one) Piano Shipping (as part of a household move and\/or [&hellip;]<\/p>\n","protected":false},"author":1,"featured_media":0,"parent":0,"menu_order":0,"comment_status":"closed","ping_status":"closed","template":"","meta":{"_genesis_hide_title":false,"_genesis_hide_breadcrumbs":false,"_genesis_hide_singular_image":false,"_genesis_hide_footer_widgets":false,"_genesis_custom_body_class":"","_genesis_custom_post_class":"","_genesis_layout":"","footnotes":""},"class_list":{"0":"post-1042","1":"page","2":"type-page","3":"status-publish","5":"entry"},"_links":{"self":[{"href":"https:\/\/moverdb.com\/pt\/wp-json\/wp\/v2\/pages\/1042","targetHints":{"allow":["GET"]}}],"collection":[{"href":"https:\/\/moverdb.com\/pt\/wp-json\/wp\/v2\/pages"}],"about":[{"href":"https:\/\/moverdb.com\/pt\/wp-json\/wp\/v2\/types\/page"}],"author":[{"embeddable":true,"href":"https:\/\/moverdb.com\/pt\/wp-json\/wp\/v2\/users\/1"}],"replies":[{"embeddable":true,"href":"https:\/\/moverdb.com\/pt\/wp-json\/wp\/v2\/comments?post=1042"}],"version-history":[{"count":5,"href":"https:\/\/moverdb.com\/pt\/wp-json\/wp\/v2\/pages\/1042\/revisions"}],"predecessor-version":[{"id":6197,"href":"https:\/\/moverdb.com\/pt\/wp-json\/wp\/v2\/pages\/1042\/revisions\/6197"}],"wp:attachment":[{"href":"https:\/\/moverdb.com\/pt\/wp-json\/wp\/v2\/media?parent=1042"}],"curies":[{"name":"wp","href":"https:\/\/api.w.org\/{rel}","templated":true}]}}