{"id":1040,"date":"2016-11-21T22:14:01","date_gmt":"2016-11-21T22:14:01","guid":{"rendered":"http:\/\/moverdb.com\/?page_id=1040"},"modified":"2026-01-08T14:40:11","modified_gmt":"2026-01-08T14:40:11","slug":"mccollisters-moving","status":"publish","type":"page","link":"https:\/\/moverdb.com\/pt\/mccollisters-moving\/","title":{"rendered":"McCollister's Transportation Group: Revis\u00f5es de Mudan\u00e7as Internacionais"},"content":{"rendered":"<p>O McCollister's Transportation Group \u00e9 um agente do UniGroup. A empresa oferece a seus clientes muitos servi\u00e7os de mudan\u00e7as que est\u00e3o listados abaixo, juntamente com um perfil e an\u00e1lises da empresa.<\/p>\n<p><strong>Mudan\u00e7as Internacionais<\/strong><\/p>\n<ul>\n<li> Coordenador de log\u00edstica dedicado<\/li>\n<li> Servi\u00e7o porta-a-porta<\/li>\n<li> Servi\u00e7o completo<\/li>\n<li> Servi\u00e7o de furg\u00e3o de passeio a\u00e9reo<\/li>\n<li> Carga a\u00e9rea e mar\u00edtima<\/li>\n<li> Armazenamento a curto e longo prazo<\/li>\n<\/ul>\n<p><strong>Movimentos comerciais<\/strong><\/p>\n<ul>\n<li> Deslocaliza\u00e7\u00e3o de escrit\u00f3rios\/facilidades<\/li>\n<li> Realoca\u00e7\u00e3o de centros de dados e servi\u00e7os de TI<\/li>\n<li> Opera\u00e7\u00f5es do espa\u00e7o interior<\/li>\n<li> M\u00f3veis de sistema<\/li>\n<li> Armazenagem comercial<\/li>\n<li> Armazenamento a curto e longo prazo<\/li>\n<\/ul>\n<p><strong>Mudan\u00e7as dom\u00e9sticas<\/strong><\/p>\n<ul>\n<li> Mudan\u00e7as residenciais<\/li>\n<li> Movimentos militares<\/li>\n<li> Movimentos de bricolage<\/li>\n<li> UPASS para estudantes<\/li>\n<li> Mudan\u00e7as corporativas<\/li>\n<li> Servi\u00e7o completo<\/li>\n<li> Porta a porta<\/li>\n<li> Armazenamento a curto e longo prazo<\/li>\n<\/ul>\n<p><strong>Transporte Especializado<\/strong><\/p>\n<ul>\n<li> Relocaliza\u00e7\u00e3o de equipamentos m\u00e9dicos<\/li>\n<li> Transporte congelado\/cryog\u00eanico<\/li>\n<li> Arte e antiguidades<\/li>\n<li> Feiras de neg\u00f3cios<\/li>\n<li> Ind\u00fastria solar<\/li>\n<li> Luva branca\/furgoneta com almofadas<\/li>\n<li> Climatizado<\/li>\n<li> Transporte militar<\/li>\n<li> Transporte automotivo<\/li>\n<li> Entretenimento<\/li>\n<\/ul>\n<h2>Perfil da empresa do McCollister's Transportation Group<\/h2>\n<p>O McCollister's Transportation Group foi fundado em 1945 por H. Daniel McCollister. A McCollister's \u00e9 uma empresa privada e \u00e9 um agente da UniGroup Inc., que inclui <a href=\"https:\/\/moverdb.com\/pt\/united-van-lines\/\">Linhas de Van United<\/a> e <a href=\"https:\/\/moverdb.com\/pt\/mayflower-transit\/\">Tr\u00e2nsito Mayflower<\/a>. <\/p>\n<p>Com sua sede em Burlington, <a href=\"https:\/\/moverdb.com\/pt\/moving-to-the-united-states\/moving-to-new-jersey\/\" data-internallinksmanager029f6b8e52c=\"417\" title=\"Mudan\u00e7a para Nova Jersey? 2026 Custo de vida e dicas de realoca\u00e7\u00e3o\">Nova Jersey<\/a>A empresa tem mais de 1.000 funcion\u00e1rios em tempo integral e opera mais de 1.000 ve\u00edculos e equipamentos de movimenta\u00e7\u00e3o.<\/p>\n<p>A McCollister's tem tr\u00eas divis\u00f5es principais - recoloca\u00e7\u00e3o de funcion\u00e1rios, servi\u00e7os comerciais e log\u00edstica de produtos de alto valor. A empresa afirma que seu sucesso \u00e9 devido a <em>\"solu\u00e7\u00f5es flex\u00edveis, servi\u00e7o de qualidade, seguran\u00e7a, efici\u00eancia e rapidez\".<\/em> <\/p>\n<p>O McCollister's Transportation Group tem as seguintes credencia\u00e7\u00f5es e afilia\u00e7\u00f5es:<\/p>\n<ul>\n<li> <a href=\"https:\/\/moverdb.com\/pt\/iam\/\">Associa\u00e7\u00e3o Internacional de Movers<\/a> (<a href=\"https:\/\/moverdb.com\/pt\/iam\/\" data-internallinksmanager029f6b8e52c=\"23\" title=\"Associa\u00e7\u00e3o Internacional de Remotores (IAM) Explicado\">IAM<\/a>)<\/li>\n<li> <a href=\"https:\/\/moverdb.com\/pt\/amsa\/\">AMSA<\/a><\/li>\n<li> Portador Certificado C-TPAT<\/li>\n<li> <a href=\"https:\/\/moverdb.com\/pt\/rim-promover\/\">ProMover certificado<\/a><\/li>\n<li> <a href=\"https:\/\/moverdb.com\/pt\/conselho-de-funcionarios-relocacao\/\">Conselho de recoloca\u00e7\u00e3o de funcion\u00e1rios<\/a><\/li>\n<li> <a href=\"https:\/\/moverdb.com\/pt\/moving-to-the-united-states\/\" data-internallinksmanager029f6b8e52c=\"94\" title=\"Mudando-se para os Estados Unidos? 2026 Custos de Vida e Dicas de Reloca\u00e7\u00e3o\">US<\/a> Ag\u00eancia de Prote\u00e7\u00e3o Ambiental - SmartWay<\/li>\n<li> New Jersey Warehouseman and Movers Association<\/li>\n<li> Better Business Bureau (BBB)<\/li>\n<\/ul>\n<h2>Revis\u00f5es do Grupo de Transporte da McCollister<\/h2>\n<p><strong>Positivo:<\/strong><\/p>\n<ul>\n<li> <em>\"Em geral fiquei muito feliz com a experi\u00eancia, mesmo com os solu\u00e7os menores, a maneira como as quest\u00f5es foram resolvidas mostra que s\u00e3o realmente uma empresa profissional\".<\/em> - Sherif via <a href=\"https:\/\/www.yelp.com\/biz\/mccollisters-transportation-group-burlington?hrid=DrSyWKiICkF8QIFDonWtLQ&#038;utm_campaign=www_review_share_popup&#038;utm_medium=copy_link&#038;utm_source=(direct)\" target=\"_blank\" rel=\"noopener\">Yelp<\/a>.<\/li>\n<li> <em>\"Grande experi\u00eancia desde o primeiro telefonema at\u00e9 a \u00faltima caixa fora do caminh\u00e3o\". Seria altamente recomend\u00e1vel\"!<\/em> - Sharon via <a href=\"https:\/\/www.facebook.com\/pg\/McCollisters\/reviews\/\" target=\"_blank\" rel=\"noopener\">Facebook<\/a><\/li>\n<\/ul>\n<p><strong>Negativo:<\/strong><\/p>\n<ul>\n<li> <em>\"Esta revis\u00e3o teria sido 5 Estrelas, mas pelo fato de que algu\u00e9m de sua tripula\u00e7\u00e3o roubou de mim e de minha fam\u00edlia\".<\/em> - Mike via <a href=\"https:\/\/www.bbb.org\/new-jersey\/business-reviews\/movers\/mccollister-s-transportation-in-burlington-nj-80001208\/reviews-and-complaints\" target=\"_blank\" rel=\"noopener\">BBB<\/a><\/li>\n<li> <em>\"Normalmente n\u00e3o posto neste site, mas tive uma experi\u00eancia HORR\u00cdVEL com esta empresa\".<\/em> - BK via <a href=\"http:\/\/www.mymovingreviews.com\/movers\/mccollister-s-5188#48089\" target=\"_blank\" rel=\"noopener\">MyMovingReviews<\/a><\/li>\n<\/ul>\n<div itemprop=\"review\" itemscope itemtype=\"http:\/\/schema.org\/Review\">\n<span itemprop=\"author\" itemscope=\"\" itemtype=\"http:\/\/schema.org\/Organization\"><span itemprop=\"name\">MoverDB.com<\/span><\/span> Revis\u00e3o do site on-line para <span itemprop=\"itemreviewed\" itemscope=\"\" itemtype=\"http:\/\/schema.org\/Brand\"><span itemprop=\"name\">Grupo de Transporte da McCollister<\/span><\/span>:<\/p>\n<ol>\n<li> Detalhes claros de contato no website (incluindo n\u00famero de telefone): <strong>Sim<\/strong><\/li>\n<li> F\u00e1cil de obter <a href=\"https:\/\/moverdb.com\/pt\/citacoes\/\">cita\u00e7\u00f5es de mudan\u00e7as internacionais<\/a>? (Formul\u00e1rio de solicita\u00e7\u00e3o de or\u00e7amento on-line): <strong>Sim<\/strong><\/li>\n<li> Informa\u00e7\u00f5es claras no site: <strong>Alguns<\/strong> O site n\u00e3o cont\u00e9m muitas informa\u00e7\u00f5es detalhadas.<\/li>\n<li> Participa\u00e7\u00e3o em organiza\u00e7\u00f5es internacionais de mudan\u00e7as reconhecidas internacionalmente: <strong>Sim<\/strong>ver acima.<\/li>\n<li> Lista de clientes e\/ou depoimentos de clientes anteriores: <strong>N\u00e3o<\/strong>Embora eles tenham uma p\u00e1gina no Facebook com algumas cr\u00edticas. As cr\u00edticas do resto da web s\u00e3o um pouco mistas, mas mais positivas do que negativas.<\/li>\n<\/ol>\n<div itemprop=\"reviewRating\" itemscope itemtype=\"http:\/\/schema.org\/Rating\"><meta itemprop=\"worstRating\" content = \"0\" \/><meta itemprop=\"bestRating\" content=\"5\" \/><meta itemprop=\"ratingValue\" content=\"3.5\"><\/div>\n<p><strong>Nota geral: 3,5\/5<\/strong><br \/>\n<strong>Data de revis\u00e3o:<\/strong> <span itemprop=\"datePublished\" content=\"2016-11-21\">21\/11\/2016<\/span>\n<\/div>\n<p>Leia mais sobre <a href=\"https:\/\/moverdb.com\/pt\/mudancas-empresas\/\">principais empresas de mudan\u00e7as internacionais<\/a>, <a href=\"https:\/\/moverdb.com\/pt\/us-canada-movers\/\">Mudan\u00e7as nos EUA<\/a> e nosso <a href=\"https:\/\/moverdb.com\/pt\/criticas\/\">processo de revis\u00e3o<\/a>.<\/p>\n<p><strong>Website:<\/strong> <a href=\"https:\/\/www.mccollisters.com\/\" target=\"_blank\" rel=\"noopener\">https:\/\/www.mccollisters.com\/<\/a><\/p>","protected":false},"excerpt":{"rendered":"<p>McCollister&#8217;s Transportation Group is an agent of the UniGroup. The company offers its clients many moving services which are listed below, together with a company profile and reviews. International Moves Dedicated logistics coordinator Door-to-door service Full service Air ride van service Air and sea freight Short and long term storage Commercial Moves Office\/facility relocation Data [&hellip;]<\/p>\n","protected":false},"author":1,"featured_media":0,"parent":0,"menu_order":0,"comment_status":"closed","ping_status":"closed","template":"","meta":{"_genesis_hide_title":false,"_genesis_hide_breadcrumbs":false,"_genesis_hide_singular_image":false,"_genesis_hide_footer_widgets":false,"_genesis_custom_body_class":"","_genesis_custom_post_class":"","_genesis_layout":"","footnotes":""},"class_list":{"0":"post-1040","1":"page","2":"type-page","3":"status-publish","5":"entry"},"_links":{"self":[{"href":"https:\/\/moverdb.com\/pt\/wp-json\/wp\/v2\/pages\/1040","targetHints":{"allow":["GET"]}}],"collection":[{"href":"https:\/\/moverdb.com\/pt\/wp-json\/wp\/v2\/pages"}],"about":[{"href":"https:\/\/moverdb.com\/pt\/wp-json\/wp\/v2\/types\/page"}],"author":[{"embeddable":true,"href":"https:\/\/moverdb.com\/pt\/wp-json\/wp\/v2\/users\/1"}],"replies":[{"embeddable":true,"href":"https:\/\/moverdb.com\/pt\/wp-json\/wp\/v2\/comments?post=1040"}],"version-history":[{"count":7,"href":"https:\/\/moverdb.com\/pt\/wp-json\/wp\/v2\/pages\/1040\/revisions"}],"predecessor-version":[{"id":13175,"href":"https:\/\/moverdb.com\/pt\/wp-json\/wp\/v2\/pages\/1040\/revisions\/13175"}],"wp:attachment":[{"href":"https:\/\/moverdb.com\/pt\/wp-json\/wp\/v2\/media?parent=1040"}],"curies":[{"name":"wp","href":"https:\/\/api.w.org\/{rel}","templated":true}]}}