{"id":1039,"date":"2016-10-26T05:36:32","date_gmt":"2016-10-26T05:36:32","guid":{"rendered":"http:\/\/moverdb.com\/?page_id=1039"},"modified":"2026-01-08T15:30:40","modified_gmt":"2026-01-08T15:30:40","slug":"williams-moving-storage","status":"publish","type":"page","link":"https:\/\/moverdb.com\/pt\/williams-moving-storage\/","title":{"rendered":"Williams Moving &amp; Storage: Revis\u00f5es de Mudan\u00e7as Internacionais"},"content":{"rendered":"<p>A Williams Moving &amp; Storage Ltd est\u00e1 localizada em Lethbridge, <a href=\"https:\/\/moverdb.com\/pt\/moving-to-canada\/\" data-internallinksmanager029f6b8e52c=\"265\" title=\"Mudan\u00e7a para o Canad\u00e1? 2026 Custos de Vida e Dicas de Reloca\u00e7\u00e3o\">Canad\u00e1<\/a>. A empresa oferece a seus clientes uma gama de servi\u00e7os de mudan\u00e7a que est\u00e3o listados abaixo, juntamente com um perfil e revis\u00f5es da empresa.<\/p>\n<p><strong>Mudan\u00e7as Internacionais<\/strong><\/p>\n<ul>\n<li> Movimentar-se por via ferrovi\u00e1ria, mar\u00edtima ou a\u00e9rea<\/li>\n<li> Gerente de mudan\u00e7a designado<\/li>\n<li> Servi\u00e7o porta-a-porta em todo o mundo<\/li>\n<li> Embalagem - servi\u00e7o completo, artigos fr\u00e1geis ou auto-embalagem<\/li>\n<li> Embalagem de suprimentos<\/li>\n<li> Desembara\u00e7o aduaneiro<\/li>\n<li> Desembalagem - servi\u00e7o completo, artigos fr\u00e1geis ou auto-embalagem<\/li>\n<li> Armazenamento a longo e curto prazo<\/li>\n<\/ul>\n<p><strong>Movimentos corporativos e comerciais<\/strong><\/p>\n<ul>\n<li> Porta a porta<\/li>\n<li> Gerente de mudan\u00e7a designado<\/li>\n<li> Equipe designada para materiais sens\u00edveis<\/li>\n<li> Equipe de instala\u00e7\u00e3o designada<\/li>\n<\/ul>\n<p><strong>Mudan\u00e7as Residenciais<\/strong><\/p>\n<ul>\n<li> Servi\u00e7o completo dispon\u00edvel<\/li>\n<li> Gerente de mudan\u00e7a designado<\/li>\n<li> Materiais de embalagem fornecidos<\/li>\n<li> Embalagem - servi\u00e7o completo, artigos fr\u00e1geis ou bricolage<\/li>\n<li> Desembalagem - servi\u00e7o completo, artigos fr\u00e1geis ou bricolage<\/li>\n<\/ul>\n<p><strong>Movimentos do tipo fa\u00e7a-voc\u00ea-mesmo<\/strong><\/p>\n<ul>\n<li> Caminh\u00f5es e materiais de embalagem fornecidos<\/li>\n<li> 8 horas para embalar e carregar<\/li>\n<li> Transferido para o dep\u00f3sito<\/li>\n<li> No destino - 8 horas para descarregar<\/li>\n<\/ul>\n<h2>Perfil da Williams Moving &amp; Storage Company<\/h2>\n<p><em><strong>Por favor, note que<\/strong> que a Williams Moving &amp; Storage <a href=\"http:\/\/globalnews.ca\/news\/1787201\/after-86-years-williams-moving-and-storage-files-for-bankruptcy\/\" target=\"_blank\" rel=\"noopener\">declarados em fal\u00eancia em 2015<\/a>. Entretanto, a Williams Moving &amp; Storage (Cranbrook) Ltd. ainda est\u00e1 no mercado e tem o perfil abaixo.<\/em><\/p>\n<p>A Williams Moving and Storage foi fundada em 1929. Ela movimenta indiv\u00edduos e empresas tanto local como internacionalmente. A empresa \u00e9 especializada em mudan\u00e7as corporativas e comerciais, residenciais e <a href=\"https:\/\/moverdb.com\/pt\/transporte-de-conteineres\/\">movimentos internacionais<\/a>. <\/p>\n<p>Um de seus servi\u00e7os inovadores \u00e9 o \"fa\u00e7a voc\u00ea mesmo\", que \u00e9 ideal para clientes com um or\u00e7amento apertado. <\/p>\n<p>A Williams Moving &amp; Storage possui equipamentos de movimenta\u00e7\u00e3o altamente especializados que garantem a movimenta\u00e7\u00e3o de seus pertences com facilidade, rapidez e sem danific\u00e1-los.<\/p>\n<p>A Williams Moving &amp; Storage tem as seguintes credencia\u00e7\u00f5es e afilia\u00e7\u00f5es:<\/p>\n<ul>\n<li> <a href=\"https:\/\/moverdb.com\/pt\/fidi-faim\/\">Federa\u00e7\u00e3o Internacional de Movimentos<\/a> (<a href=\"https:\/\/moverdb.com\/pt\/fidi-faim\/\" data-internallinksmanager029f6b8e52c=\"16\" title=\"FIDI &amp; FAIM (FIDI Accredited International Mover) Explicado\">FIDI<\/a>)<\/li>\n<li> <a href=\"https:\/\/moverdb.com\/pt\/fidi-faim\/\">FIDI Credenciados Internacionais<\/a> (FAIM)<\/li>\n<li> <a href=\"https:\/\/moverdb.com\/pt\/iam\/\">Associa\u00e7\u00e3o Internacional de Movers<\/a> (<a href=\"https:\/\/moverdb.com\/pt\/iam\/\" data-internallinksmanager029f6b8e52c=\"23\" title=\"Associa\u00e7\u00e3o Internacional de Remotores (IAM) Explicado\">IAM<\/a>)<\/li>\n<li> Overseas Moving Network International (OMNI)<\/li>\n<li> A Rede da Ind\u00fastria Hoteleira (NEWH)<\/li>\n<li> Rede de Realoca\u00e7\u00e3o Comercial (CRN)<\/li>\n<li> <a href=\"https:\/\/moverdb.com\/pt\/united-van-lines\/\">Linhas de Van United<\/a> (Canad\u00e1)<\/li>\n<\/ul>\n<h2>Williams Moving &amp; Storage Reviews<\/h2>\n<p><strong>Positivo:<\/strong><\/p>\n<ul>\n<li> \u201c<em>Foi uma grande empresa para se lidar, do in\u00edcio ao fim. O estimador foi muito profissional e muito paciente em responder a todas as minhas perguntas. As coisas correram muito bem no dia da mudan\u00e7a. A equipe de mudan\u00e7a foi eficiente e muito cuidadosa com meus pertences\".<\/em> - Shairoz via <a href=\"https:\/\/homestars.com\/companies\/229930-williams-moving-and-storage\/reviews\/61856\" target=\"_blank\" rel=\"noopener\">HomeStars<\/a> <\/li>\n<\/ul>\n<p><strong>Negativo:<\/strong><\/p>\n<ul>\n<li> <em>\"A Williams Moving and Storage deveria ter vergonha de si mesma. Eles aparecem com trabalhadores casuais que n\u00e3o poderiam se importar menos com sua paz de esp\u00edrito e n\u00e3o t\u00eam vontade de trabalhar\".<\/em> - Julie B. via <a href=\"http:\/\/www.bbb.org\/calgary\/business-reviews\/movers\/williams-moving-and-storage-lethbridge-in-lethbridge-ab-36707\/customer-reviews\" target=\"_blank\" rel=\"noopener\">BBB<\/a><\/li>\n<\/ul>\n<div itemprop=\"review\" itemscope itemtype=\"http:\/\/schema.org\/Review\">\n<span itemprop=\"author\" itemscope=\"\" itemtype=\"http:\/\/schema.org\/Organization\"><span itemprop=\"name\">MoverDB.com<\/span><\/span> Revis\u00e3o do site on-line para <span itemprop=\"itemreviewed\" itemscope=\"\" itemtype=\"http:\/\/schema.org\/Brand\"><span itemprop=\"name\">Williams Moving &amp; Storage<\/span><\/span>:<\/p>\n<ol>\n<li> Detalhes claros de contato no website (incluindo n\u00famero de telefone): <strong>Sim<\/strong><\/li>\n<li> F\u00e1cil de obter <a href=\"https:\/\/moverdb.com\/pt\/citacoes\/\">cita\u00e7\u00f5es de mudan\u00e7as internacionais<\/a>? (Formul\u00e1rio de solicita\u00e7\u00e3o de or\u00e7amento on-line): <strong>Sim<\/strong><\/li>\n<li> Informa\u00e7\u00f5es claras no site: <strong>N\u00e3o<\/strong>O site da Web lhe informa muito pouco sobre a empresa ou os servi\u00e7os oferecidos.<\/li>\n<li> Participa\u00e7\u00e3o em organiza\u00e7\u00f5es internacionais de mudan\u00e7as reconhecidas internacionalmente: <strong>Sim<\/strong>muitos, ver acima.<\/li>\n<li> Lista de clientes e\/ou depoimentos de clientes anteriores: <strong>N\u00e3o,<\/strong> e revis\u00f5es de toda a web s\u00e3o bastante mistas.<\/li>\n<\/ol>\n<div itemprop=\"reviewRating\" itemscope itemtype=\"http:\/\/schema.org\/Rating\"><meta itemprop=\"worstRating\" content = \"0\" \/><meta itemprop=\"bestRating\" content=\"5\" \/><meta itemprop=\"ratingValue\" content=\"3\"><\/div>\n<p><strong>Nota geral: 3\/5<\/strong><br \/>\n<strong>Data de revis\u00e3o:<\/strong> <span itemprop=\"datePublished\" content=\"2016-10-26\">21\/08\/2016<\/span>\n<\/div>\n<p>Leia mais sobre <a href=\"https:\/\/moverdb.com\/pt\/mudancas-empresas\/\">Principais empresas de mudan\u00e7as<\/a>, <a href=\"https:\/\/moverdb.com\/pt\/us-canada-movers\/\">Empresas canadenses de mudan\u00e7as<\/a> e nosso <a href=\"https:\/\/moverdb.com\/pt\/criticas\/\">processo de revis\u00e3o<\/a>.<\/p>\n<p><strong>Website:<\/strong> <a href=\"http:\/\/williamsmovingltd.com\/\" target=\"_blank\" rel=\"noopener\">http:\/\/williamsmovingltd.com\/<\/a><\/p>","protected":false},"excerpt":{"rendered":"<p>Williams Moving &#038; Storage Ltd is located in Lethbridge, Canada. The company offers its customers a range of moving services which are listed below, together with a company profile and reviews. International Moves Move by rail, ship or air Assigned move manager Door-to-door service worldwide Packing &#8211; full service, fragile items or self-pack Packing supplies [&hellip;]<\/p>\n","protected":false},"author":1,"featured_media":0,"parent":0,"menu_order":0,"comment_status":"closed","ping_status":"closed","template":"","meta":{"_genesis_hide_title":false,"_genesis_hide_breadcrumbs":false,"_genesis_hide_singular_image":false,"_genesis_hide_footer_widgets":false,"_genesis_custom_body_class":"","_genesis_custom_post_class":"","_genesis_layout":"","footnotes":""},"class_list":{"0":"post-1039","1":"page","2":"type-page","3":"status-publish","5":"entry"},"_links":{"self":[{"href":"https:\/\/moverdb.com\/pt\/wp-json\/wp\/v2\/pages\/1039","targetHints":{"allow":["GET"]}}],"collection":[{"href":"https:\/\/moverdb.com\/pt\/wp-json\/wp\/v2\/pages"}],"about":[{"href":"https:\/\/moverdb.com\/pt\/wp-json\/wp\/v2\/types\/page"}],"author":[{"embeddable":true,"href":"https:\/\/moverdb.com\/pt\/wp-json\/wp\/v2\/users\/1"}],"replies":[{"embeddable":true,"href":"https:\/\/moverdb.com\/pt\/wp-json\/wp\/v2\/comments?post=1039"}],"version-history":[{"count":4,"href":"https:\/\/moverdb.com\/pt\/wp-json\/wp\/v2\/pages\/1039\/revisions"}],"predecessor-version":[{"id":6252,"href":"https:\/\/moverdb.com\/pt\/wp-json\/wp\/v2\/pages\/1039\/revisions\/6252"}],"wp:attachment":[{"href":"https:\/\/moverdb.com\/pt\/wp-json\/wp\/v2\/media?parent=1039"}],"curies":[{"name":"wp","href":"https:\/\/api.w.org\/{rel}","templated":true}]}}