{"id":1038,"date":"2016-11-05T17:02:13","date_gmt":"2016-11-05T17:02:13","guid":{"rendered":"http:\/\/moverdb.com\/?page_id=1038"},"modified":"2026-01-08T15:20:27","modified_gmt":"2026-01-08T15:20:27","slug":"national-van-lines","status":"publish","type":"page","link":"https:\/\/moverdb.com\/pt\/national-van-lines\/","title":{"rendered":"Linhas Nacionais de Van Lines: Revis\u00f5es de Mudan\u00e7as Internacionais"},"content":{"rendered":"<p>A National Van Lines oferece a seus clientes uma ampla gama de servi\u00e7os de mudan\u00e7as. Estes est\u00e3o listados abaixo juntamente com o perfil da empresa e an\u00e1lises.<\/p>\n<p><strong>Mudan\u00e7as Internacionais<\/strong><\/p>\n<ul>\n<li> Individual e empresarial<\/li>\n<li> Coordenador dedicado de mudan\u00e7as<\/li>\n<li> Aconselhamento sobre todos os aspectos do processo de mudan\u00e7a<\/li>\n<li> Orienta\u00e7\u00e3o sobre requisitos de documenta\u00e7\u00e3o<\/li>\n<li> <a href=\"https:\/\/moverdb.com\/pt\/citacoes\/\">Estimativas de custos porta-a-porta<\/a> para <a href=\"https:\/\/moverdb.com\/pt\/transporte-de-conteineres\/\">embarque por via mar\u00edtima ou a\u00e9rea<\/a><\/li>\n<li> Rastreamento para garantir que o embarque chegue com seguran\u00e7a<\/li>\n<li> Coordena\u00e7\u00e3o de cada etapa da mudan\u00e7a<\/li>\n<li> Assist\u00eancia no caso improv\u00e1vel de uma reclama\u00e7\u00e3o<\/li>\n<\/ul>\n<p><strong>Movimentos de Especialidade<\/strong><\/p>\n<ul>\n<li> Lojas<\/li>\n<li> Eletr\u00f4nicos<\/li>\n<li> Feiras de neg\u00f3cios<\/li>\n<li> Equipamentos para jogos<\/li>\n<li> Ca\u00e7a-n\u00edqueis<\/li>\n<li> Transporte automotivo<\/li>\n<li> Piano em movimento<\/li>\n<li> Arte em movimento<\/li>\n<li> Rel\u00f3gio do av\u00f4 e movimentadores de antiguidades<\/li>\n<li> Movimentadores de mesa de sinuca<\/li>\n<\/ul>\n<p><strong>Mudan\u00e7a corporativa<\/strong><\/p>\n<ul>\n<li> Internacional e local<\/li>\n<li> Um funcion\u00e1rio ou escrit\u00f3rio inteiro<\/li>\n<li> Movedores de computadores e eletr\u00f4nicos<\/li>\n<li> Movimentadores de laborat\u00f3rios e equipamentos m\u00e9dicos<\/li>\n<\/ul>\n<p><strong>Mudan\u00e7as dom\u00e9sticas<\/strong><\/p>\n<ul>\n<li> Mudan\u00e7as locais<\/li>\n<li> Movimentos de longa dist\u00e2ncia<\/li>\n<li> Cruzar o pa\u00eds<\/li>\n<li> Interstate<\/li>\n<li> Intrastate<\/li>\n<li> Nacional<\/li>\n<li> Porta a porta<\/li>\n<li> Servi\u00e7o completo oferecido<\/li>\n<\/ul>\n<p><strong>Armazenamento<\/strong><\/p>\n<ul>\n<li> Longo e curto prazo<\/li>\n<li> Climatizado<\/li>\n<li> Seguran\u00e7a 24\/7<\/li>\n<\/ul>\n<h2>Perfil da Empresa Nacional de Linhas de Furg\u00f5es<\/h2>\n<p>A atual CEO da National Van Lines, Maureen Beal, \u00e9 a neta de seu fundador, F. J. McKee. McKee iniciou o neg\u00f3cio em <a href=\"https:\/\/moverdb.com\/pt\/movendo-se-para-chicago\/\">Chicago<\/a> em 1901 com um carrinho e um p\u00f4nei para entregar gelo e carv\u00e3o. <\/p>\n<p>A empresa prosperou desde ent\u00e3o e agora move pessoas, empresas e pessoal militar local e internacionalmente. Conta com mais de 400 agentes para auxiliar neste processo.<\/p>\n<p>O lema da empresa \u00e9 \"Moving Your Memories\", que \u00e9 um lembrete tanto para o pessoal quanto para o cliente que os pertences pessoais s\u00e3o preciosos e ser\u00e3o sempre tratados com cuidado.<\/p>\n<p>A National Van Lines tem as seguintes credencia\u00e7\u00f5es e filia\u00e7\u00f5es:<\/p>\n<ul>\n<li> <a href=\"https:\/\/moverdb.com\/pt\/rim-promover\/\">ProMover certificado<\/a><\/li>\n<li> Credenciado pelo Better Business Bureau Accredited (BBB)<\/li>\n<li> Movers.com Verificado Mover<\/li>\n<li> <a href=\"https:\/\/moverdb.com\/pt\/fidi-faim\/\">FIDI<\/a><\/li>\n<\/ul>\n<h2>Revis\u00f5es das Linhas Nacionais de Furg\u00f5es<\/h2>\n<p><strong>Positivo:<\/strong><\/p>\n<ul>\n<li> <em>\"Fiquei muito satisfeito com a coleta e entrega de meus m\u00f3veis. Dave tamb\u00e9m foi muito profissional e me forneceu uma estimativa justa\".<\/em> - Bari via p\u00e1gina de testemunhos da empresa<\/li>\n<li> <em>\"As Linhas Nacionais de Van Lines foram pegas a tempo, entregues a tempo, e nada foi perdido ou quebrado\".<\/em> - Gail via <a href=\"https:\/\/www.yelp.co.uk\/biz\/national-van-lines-broadview?hrid=xrO9qdjtpdZ-DKkGynhkBw&#038;utm_campaign=www_review_share_popup&#038;utm_medium=copy_link&#038;utm_source=(direct)\" target=\"_blank\" rel=\"noopener\">Yelp<\/a><\/li>\n<li> <em>\"Tenho apenas uma palavra a dizer. PRESENTE!\"<\/em> - Lori via <a href=\"http:\/\/www.mymovingreviews.com\/movers\/national-van-lines-256#59528\" target=\"_blank\" rel=\"noopener\">MyMovingReviews.com<\/a><\/li>\n<\/ul>\n<p><strong>Negativo:<\/strong><\/p>\n<ul>\n<li> <em>\"Nos \u00faltimos 8 anos, eu me mudei 5-6 vezes e nunca tive uma experi\u00eancia como esta\".<\/em> - Cindy via <a href=\"https:\/\/www.consumeraffairs.com\/movers\/national.htm\" target=\"_blank\" rel=\"noopener\">Assuntos do consumidor<\/a><\/li>\n<li> <em>\"A National Van Lines n\u00e3o entregou meus bens dom\u00e9sticos na data em que me foi dito pelo motorista. Eles me disseram que minha fatura me deu a data, mas o problema foi que eu nunca recebi uma fatura. Na entrega, mais da metade dos meus itens estavam faltando\".<\/em> - Franchon via <a href=\"http:\/\/www.bbb.org\/chicago\/business-reviews\/movers\/national-van-lines-inc-in-broadview-il-5114\/customer-reviews\" target=\"_blank\" rel=\"noopener\">BBB<\/a><\/li>\n<li> <em>\"Nossa experi\u00eancia com a National Van Lines foi um pesadelo. O representante que assinou <a href=\"https:\/\/moverdb.com\/pt\/moving-to-the-united-states\/\" data-internallinksmanager029f6b8e52c=\"94\" title=\"Mudando-se para os Estados Unidos? 2026 Custos de Vida e Dicas de Reloca\u00e7\u00e3o\">n\u00f3s<\/a> up parecia t\u00e3o profissional e eficiente quando a conhecemos. Nunca sonhamos que est\u00e1vamos nos metendo em uma terr\u00edvel confus\u00e3o\".<\/em> - via <a href=\"http:\/\/moving-companies.credio.com\/l\/21\/National-Van-Lines\" target=\"_blank\" rel=\"noopener\">Credio<\/a><\/li>\n<\/ul>\n<div itemprop=\"review\" itemscope itemtype=\"http:\/\/schema.org\/Review\">\n<span itemprop=\"author\" itemscope=\"\" itemtype=\"http:\/\/schema.org\/Organization\"><span itemprop=\"name\">MoverDB.com<\/span><\/span> Revis\u00e3o do site on-line para <span itemprop=\"itemreviewed\" itemscope=\"\" itemtype=\"http:\/\/schema.org\/Brand\"><span itemprop=\"name\">Linhas de Furg\u00f5es Nacionais<\/span><\/span>:<\/p>\n<ol>\n<li> Detalhes claros de contato no website (incluindo n\u00famero de telefone): <strong>Sim<\/strong><\/li>\n<li> F\u00e1cil de obter <a href=\"https:\/\/moverdb.com\/pt\/citacoes\/\">cita\u00e7\u00f5es de mudan\u00e7as internacionais<\/a>? (Formul\u00e1rio de solicita\u00e7\u00e3o de or\u00e7amento on-line): <strong>Sim<\/strong><\/li>\n<li> Informa\u00e7\u00f5es claras no site: <strong>Sim<\/strong> o site descreve seus servi\u00e7os e tamb\u00e9m oferece guias \u00fateis.<\/li>\n<li> Participa\u00e7\u00e3o em organiza\u00e7\u00f5es internacionais de mudan\u00e7as reconhecidas internacionalmente: <strong>Sim<\/strong><\/li>\n<li> Lista de clientes e\/ou depoimentos de clientes anteriores: <strong>Sim<\/strong> H\u00e1 testemunhos positivos de clientes no site, mas alguns negativos no resto da Internet.<\/li>\n<\/ol>\n<div itemprop=\"reviewRating\" itemscope itemtype=\"http:\/\/schema.org\/Rating\"><meta itemprop=\"worstRating\" content = \"0\" \/><meta itemprop=\"bestRating\" content=\"5\" \/><meta itemprop=\"ratingValue\" content=\"4.5\"><\/div>\n<p><strong>Nota geral: 4,5\/5<\/strong><br \/>\n<strong>Data de revis\u00e3o:<\/strong> <span itemprop=\"datePublished\" content=\"2016-11-05\">05\/11\/2016<\/span>\n<\/div>\n<p>Leia mais sobre <a href=\"https:\/\/moverdb.com\/pt\/mudancas-empresas\/\">principais empresas de mudan\u00e7as internacionais<\/a>, <a href=\"https:\/\/moverdb.com\/pt\/us-canada-movers\/\">Mudan\u00e7as nos EUA<\/a> e nosso <a href=\"https:\/\/moverdb.com\/pt\/criticas\/\">processo de revis\u00e3o<\/a>.<\/p>\n<p><strong>Website:<\/strong> <a href=\"http:\/\/www.nationalvanlines.com\/\" target=\"_blank\" rel=\"noopener\">http:\/\/www.nationalvanlines.com\/<\/a><\/p>","protected":false},"excerpt":{"rendered":"<p>National Van Lines offers its customers a wide range of moving services. These are listed below together with a company profile and reviews. International Moves Individual and corporate Dedicated move coordinator Counselling on all aspects of the moving process Guidance on documentation requirements Door-to-door cost estimates for shipping by ocean or air Tracking to ensure [&hellip;]<\/p>\n","protected":false},"author":1,"featured_media":0,"parent":0,"menu_order":0,"comment_status":"closed","ping_status":"closed","template":"","meta":{"_genesis_hide_title":false,"_genesis_hide_breadcrumbs":false,"_genesis_hide_singular_image":false,"_genesis_hide_footer_widgets":false,"_genesis_custom_body_class":"","_genesis_custom_post_class":"","_genesis_layout":"","footnotes":""},"class_list":{"0":"post-1038","1":"page","2":"type-page","3":"status-publish","5":"entry"},"_links":{"self":[{"href":"https:\/\/moverdb.com\/pt\/wp-json\/wp\/v2\/pages\/1038","targetHints":{"allow":["GET"]}}],"collection":[{"href":"https:\/\/moverdb.com\/pt\/wp-json\/wp\/v2\/pages"}],"about":[{"href":"https:\/\/moverdb.com\/pt\/wp-json\/wp\/v2\/types\/page"}],"author":[{"embeddable":true,"href":"https:\/\/moverdb.com\/pt\/wp-json\/wp\/v2\/users\/1"}],"replies":[{"embeddable":true,"href":"https:\/\/moverdb.com\/pt\/wp-json\/wp\/v2\/comments?post=1038"}],"version-history":[{"count":6,"href":"https:\/\/moverdb.com\/pt\/wp-json\/wp\/v2\/pages\/1038\/revisions"}],"predecessor-version":[{"id":6225,"href":"https:\/\/moverdb.com\/pt\/wp-json\/wp\/v2\/pages\/1038\/revisions\/6225"}],"wp:attachment":[{"href":"https:\/\/moverdb.com\/pt\/wp-json\/wp\/v2\/media?parent=1038"}],"curies":[{"name":"wp","href":"https:\/\/api.w.org\/{rel}","templated":true}]}}