{"id":1037,"date":"2016-11-21T06:45:07","date_gmt":"2016-11-21T06:45:07","guid":{"rendered":"http:\/\/moverdb.com\/?page_id=1037"},"modified":"2026-01-08T14:47:47","modified_gmt":"2026-01-08T14:47:47","slug":"berger-allied","status":"publish","type":"page","link":"https:\/\/moverdb.com\/pt\/berger-allied\/","title":{"rendered":"Berger Allied (Transfer\u00eancia e Armazenamento): Revis\u00f5es de Mudan\u00e7as Internacionais"},"content":{"rendered":"<p>Berger Allied (oficialmente Berger Transfer &amp; Storage) est\u00e1 sediada em St. Paul, MN. Ela oferece a seus clientes uma gama de servi\u00e7os de mudan\u00e7a que est\u00e3o listados abaixo, juntamente com um perfil e an\u00e1lises da empresa.<\/p>\n<p><strong>Mudan\u00e7as Internacionais<\/strong><\/p>\n<ul>\n<li> Prepara\u00e7\u00e3o da mudan\u00e7a<\/li>\n<li> Consulta e Pesquisa<\/li>\n<li> Documenta\u00e7\u00e3o<\/li>\n<li> Considera\u00e7\u00f5es de seguran\u00e7a<\/li>\n<li> Embalagem e Carregamento<\/li>\n<li> Carregue seus itens diretamente em um cont\u00eainer de embarque<\/li>\n<li> Desembara\u00e7o aduaneiro<\/li>\n<li> Entrega e desembalagem<\/li>\n<\/ul>\n<p><strong>Mudan\u00e7as Residenciais<\/strong><\/p>\n<ul>\n<li> Planejamento de Mudan\u00e7as<\/li>\n<li> Mudan\u00e7as de longa dist\u00e2ncia<\/li>\n<li> Embalagem de servi\u00e7o completo<\/li>\n<li> Auto-embalagem<\/li>\n<li> <a href=\"https:\/\/moverdb.com\/pt\/transporte-de-carro-transporte-embarque\/\">Ve\u00edculo<\/a>, navega\u00e7\u00e3o de barco e motocicletas<\/li>\n<li> Montagem\/desmontagem<\/li>\n<li> Reconex\u00e3o\/desconex\u00e3o de aparelhos<\/li>\n<li> Desempacotamento e remo\u00e7\u00e3o de detritos<\/li>\n<li> Rastreamento de embarque on-line<\/li>\n<li> Servi\u00e7os de Mudan\u00e7as S\u00eanior<\/li>\n<\/ul>\n<p><strong>Servi\u00e7os de Reloca\u00e7\u00e3o Corporativa<\/strong><\/p>\n<ul>\n<li> Consultores de reloca\u00e7\u00e3o<\/li>\n<li> Programa de realoca\u00e7\u00e3o para se adequar \u00e0 cultura, pol\u00edticas e objetivos or\u00e7ament\u00e1rios \u00fanicos de sua empresa.<\/li>\n<li> Coordenadores de mudan\u00e7a dedicados <\/li>\n<\/ul>\n<p><strong>Servi\u00e7os de Mudan\u00e7as Comerciais<\/strong><\/p>\n<ul>\n<li> Mudan\u00e7a de escrit\u00f3rio<\/li>\n<li> Armazenamento de registros<\/li>\n<li> Armazenagem<\/li>\n<li> Transporte especializado<\/li>\n<li> Gest\u00e3o de ativos<\/li>\n<li> Planejamento do espa\u00e7o CAD<\/li>\n<li> Gerenciamento de projetos no local<\/li>\n<\/ul>\n<h2>Perfil da Berger Allied Company<\/h2>\n<p>A Berger Transfer and Storage est\u00e1 operando desde 1910. Eles trabalham com indiv\u00edduos, empresas e ag\u00eancias governamentais. Eles acreditam que sua maior for\u00e7a \u00e9 o foco no atendimento de qualidade ao cliente.<\/p>\n<p>Eles t\u00eam uma frota de mais de 600 vans e caminh\u00f5es e coordenam e cerca de 24.000 movimentos familiares por ano. Eles tamb\u00e9m ajudam a levantar fundos para a United Way, Junior Achievements, Boy Scouts and Girl Scouts of America, March of Dimes, the Special Olympics e Move For Hunger.<\/p>\n<p>Berger Transfer and Storage t\u00eam as seguintes credencia\u00e7\u00f5es e afilia\u00e7\u00f5es:<\/p>\n<ul>\n<li> <a href=\"https:\/\/moverdb.com\/pt\/amsa\/\">AMSA<\/a><\/li>\n<li> AHFA<\/li>\n<li> <a href=\"https:\/\/moverdb.com\/pt\/iam\/\">IAM<\/a><\/li>\n<li> ATA<\/li>\n<li> <a href=\"https:\/\/moverdb.com\/pt\/rim-promover\/\">Promover<\/a><\/li>\n<li> <a href=\"https:\/\/moverdb.com\/pt\/conselho-de-funcionarios-relocacao\/\">ERC mundial<\/a><\/li>\n<li> PSA<\/li>\n<li> Movimento pela fome<\/li>\n<li> Neg\u00f3cios Credenciados BBB<\/li>\n<\/ul>\n<h2>Berger Allied (Transfer\u00eancia e Armazenamento) Revis\u00f5es<\/h2>\n<p><strong>Positivo:<\/strong><\/p>\n<ul>\n<li> <em>\"Nossa experi\u00eancia com a Berger Allied foi t\u00e3o boa quanto poss\u00edvel\"!<\/em> - Paul M via <a href=\"https:\/\/www.yelp.com\/biz\/berger-allied-van-lines-austin?hrid=r3MbhX4j_6c1VOPPSbKe_g&#038;utm_campaign=www_review_share_popup&#038;utm_medium=copy_link&#038;utm_source=(direct)\" target=\"_blank\" rel=\"noopener\">Yelp<\/a> <\/li>\n<li> <em>\"A equipe do Berger em Las Vegas \u00e9 simplesmente incr\u00edvel\". Eles n\u00e3o s\u00f3 s\u00e3o competentes e personaliz\u00e1veis, mas seu atendimento ao cliente \u00e9 possivelmente o melhor que j\u00e1 encontrei em TODOS os casos\".<\/em> - Viki via <a href=\"https:\/\/www.facebook.com\/pg\/bergermoving\/reviews\/\" target=\"_blank\" rel=\"noopener\">Facebook<\/a><\/li>\n<li> <em>\"Eles apareceram na hora certa. Embrulharam todos os m\u00f3veis em almofadas e demoraram um tempo extra para garantir que tudo fosse feito corretamente. Levaram tempo para garantir que nenhuma parede fosse danificada\".<\/em> - Daniel via <a href=\"http:\/\/www.movingcompanyreviews.com\/MN\/St-Paul\/berger-transfer-storage-60973\" target=\"_blank\" rel=\"noopener\">MovingCompanyReviews.com<\/a><\/li>\n<\/ul>\n<p><strong>Negativo:<\/strong><\/p>\n<ul>\n<li> <em>\"Por recomenda\u00e7\u00e3o, contratei a Berger para uma mudan\u00e7a de <a href=\"https:\/\/moverdb.com\/pt\/moving-to-the-united-states\/moving-to-minnesota\/\" data-internallinksmanager029f6b8e52c=\"443\" title=\"Mudan\u00e7a para Minnesota? 2026 Custo de vida e dicas de realoca\u00e7\u00e3o\">Minnesota<\/a> para <a href=\"https:\/\/moverdb.com\/pt\/moving-to-the-united-states\/moving-to-california\/\" data-internallinksmanager029f6b8e52c=\"330\" title=\"Mudan\u00e7a para a Calif\u00f3rnia? 2026 Custo de vida e dicas de realoca\u00e7\u00e3o\">Calif\u00f3rnia<\/a>. Eu havia procurado outras empresas e or\u00e7amentos, mas infelizmente escolhi a Berger com base na pessoa que fez o or\u00e7amento.\"<\/em> - Via <a href=\"https:\/\/www.bbb.org\/minnesota\/business-reviews\/movers\/berger-transfer-storage-inc-in-saint-paul-mn-103\/reviews-and-complaints\" target=\"_blank\" rel=\"noopener\">BBB wesbite<\/a><\/li>\n<li> <em>\"O pior servi\u00e7o ao cliente de todos os tempos. Ap\u00f3s seis meses sendo faturado incorretamente e in\u00fameros e-mails e telefonemas para tentar resolver, me disseram que meus itens est\u00e3o sendo colocados em leil\u00e3o\".<\/em> - Kyle vi <a href=\"https:\/\/www.facebook.com\/pg\/bergermoving\/reviews\/\" target=\"_blank\" rel=\"noopener\">Facebook<\/a><\/li>\n<\/li>\n<li> <em>\"A Berger Allied Van Lines fez o pior trabalho de embalagem, mudan\u00e7a e armazenamento para <a href=\"https:\/\/moverdb.com\/pt\/moving-to-the-united-states\/\" data-internallinksmanager029f6b8e52c=\"94\" title=\"Mudando-se para os Estados Unidos? 2026 Custos de Vida e Dicas de Reloca\u00e7\u00e3o\">n\u00f3s<\/a>.\u201d<\/em> - Letty via <a href=\"https:\/\/www.yelp.com\/biz\/berger-allied-van-lines-austin?hrid=AMtotqlDmWIUelyZT7YKAw&#038;utm_campaign=www_review_share_popup&#038;utm_medium=copy_link&#038;utm_source=(direct)\" target=\"_blank\" rel=\"noopener\">Yelp<\/a><\/li>\n<\/ul>\n<div itemprop=\"review\" itemscope itemtype=\"http:\/\/schema.org\/Review\">\n<span itemprop=\"author\" itemscope=\"\" itemtype=\"http:\/\/schema.org\/Organization\"><span itemprop=\"name\">MoverDB.com<\/span><\/span> Revis\u00e3o do site on-line para <span itemprop=\"itemreviewed\" itemscope=\"\" itemtype=\"http:\/\/schema.org\/Brand\"><span itemprop=\"name\">Berger Aliado<\/span><\/span>:<\/p>\n<ol>\n<li> Detalhes claros de contato no website (incluindo n\u00famero de telefone): <strong>Sim<\/strong><\/li>\n<li> F\u00e1cil de obter <a href=\"https:\/\/moverdb.com\/pt\/citacoes\/\">cita\u00e7\u00f5es de mudan\u00e7as internacionais<\/a>? (Formul\u00e1rio de solicita\u00e7\u00e3o de or\u00e7amento on-line): <strong>Sim<\/strong><\/li>\n<li> Informa\u00e7\u00f5es claras no site: <strong>Parcial<\/strong>H\u00e1 uma boa quantidade de informa\u00e7\u00f5es gerais em movimento, mas nada muito espec\u00edfico.<\/li>\n<li> Participa\u00e7\u00e3o em organiza\u00e7\u00f5es internacionais de mudan\u00e7as reconhecidas internacionalmente: <strong>Sim<\/strong>muitos, ver acima.<\/li>\n<li> Lista de clientes e\/ou depoimentos de clientes anteriores: <strong>N\u00e3o<\/strong>N\u00e3o h\u00e1 testemunhos no site, que pudemos encontrar, e as revis\u00f5es de toda a web s\u00e3o um pouco confusas. <\/li>\n<\/ol>\n<div itemprop=\"reviewRating\" itemscope itemtype=\"http:\/\/schema.org\/Rating\"><meta itemprop=\"worstRating\" content = \"0\" \/><meta itemprop=\"bestRating\" content=\"5\" \/><meta itemprop=\"ratingValue\" content=\"3.5\"><\/div>\n<p><strong>Nota geral: 3,5\/5<\/strong><br \/>\n<strong>Data de revis\u00e3o:<\/strong> <span itemprop=\"datePublished\" content=\"2016-11-21\">21\/11\/2016<\/span>\n<\/div>\n<p>Leia mais sobre <a href=\"https:\/\/moverdb.com\/pt\/mudancas-empresas\/\">empresas de mudan\u00e7as internacionais<\/a>, <a href=\"https:\/\/moverdb.com\/pt\/us-canada-movers\/\">Mudan\u00e7as nos EUA<\/a> e nosso <a href=\"https:\/\/moverdb.com\/pt\/criticas\/\">processo de revis\u00e3o<\/a>.<\/p>\n<p><strong>Website:<\/strong> <a href=\"https:\/\/www.bergerallied.com\" target=\"_blank\" rel=\"noopener\">https:\/\/www.bergerallied.com<\/a><\/p>","protected":false},"excerpt":{"rendered":"<p>Berger Allied (officially Berger Transfer &#038; Storage) is based in St. Paul, MN. It offers its customers a range of moving services which are listed below, together with a company profile and reviews. International Moving Move Preparation Consultation and Survey Documentation Safety Considerations Packing and Loading Live loads your items directly into a shipping container [&hellip;]<\/p>\n","protected":false},"author":1,"featured_media":0,"parent":0,"menu_order":0,"comment_status":"closed","ping_status":"closed","template":"","meta":{"_genesis_hide_title":false,"_genesis_hide_breadcrumbs":false,"_genesis_hide_singular_image":false,"_genesis_hide_footer_widgets":false,"_genesis_custom_body_class":"","_genesis_custom_post_class":"","_genesis_layout":"","footnotes":""},"class_list":{"0":"post-1037","1":"page","2":"type-page","3":"status-publish","5":"entry"},"_links":{"self":[{"href":"https:\/\/moverdb.com\/pt\/wp-json\/wp\/v2\/pages\/1037","targetHints":{"allow":["GET"]}}],"collection":[{"href":"https:\/\/moverdb.com\/pt\/wp-json\/wp\/v2\/pages"}],"about":[{"href":"https:\/\/moverdb.com\/pt\/wp-json\/wp\/v2\/types\/page"}],"author":[{"embeddable":true,"href":"https:\/\/moverdb.com\/pt\/wp-json\/wp\/v2\/users\/1"}],"replies":[{"embeddable":true,"href":"https:\/\/moverdb.com\/pt\/wp-json\/wp\/v2\/comments?post=1037"}],"version-history":[{"count":6,"href":"https:\/\/moverdb.com\/pt\/wp-json\/wp\/v2\/pages\/1037\/revisions"}],"predecessor-version":[{"id":6183,"href":"https:\/\/moverdb.com\/pt\/wp-json\/wp\/v2\/pages\/1037\/revisions\/6183"}],"wp:attachment":[{"href":"https:\/\/moverdb.com\/pt\/wp-json\/wp\/v2\/media?parent=1037"}],"curies":[{"name":"wp","href":"https:\/\/api.w.org\/{rel}","templated":true}]}}