{"id":10255,"date":"2023-11-22T15:17:48","date_gmt":"2023-11-22T15:17:48","guid":{"rendered":"https:\/\/moverdb.com\/?page_id=10255"},"modified":"2026-01-08T15:29:27","modified_gmt":"2026-01-08T15:29:27","slug":"moving-companies-venezuela","status":"publish","type":"page","link":"https:\/\/moverdb.com\/pt\/moving-companies\/moving-companies-venezuela\/","title":{"rendered":"6 melhores empresas de mudan\u00e7as internacionais na Venezuela"},"content":{"rendered":"<p>A mudan\u00e7a pode ser complexa, especialmente se voc\u00ea estiver mudando de pa\u00eds. Portanto, se estiver planejando se mudar dentro, para ou da Venezuela, talvez seja melhor contratar um <a href=\"https:\/\/moverdb.com\/pt\/moving-companies\/\" data-internallinksmanager029f6b8e52c=\"79\" title=\"As 25 maiores empresas de mudan\u00e7as internacionais on-line\">empresa de mudan\u00e7as<\/a> para ajud\u00e1-lo em sua mudan\u00e7a. Abaixo, compilamos uma lista de empresas sediadas na Venezuela <a href=\"https:\/\/moverdb.com\/pt\/international-removals\/\" data-internallinksmanager029f6b8e52c=\"27\" title=\"36 melhores empresas de mudan\u00e7as internacionais no Reino Unido\">empresas de mudan\u00e7as<\/a> que s\u00e3o membros do <a href=\"https:\/\/moverdb.com\/pt\/iam\/\" data-internallinksmanager029f6b8e52c=\"23\" title=\"Associa\u00e7\u00e3o Internacional de Remotores (IAM) Explicado\">Associa\u00e7\u00e3o Internacional de Movers<\/a> (IAM) e\/ou <a href=\"https:\/\/moverdb.com\/pt\/fidi-faim\/\" data-internallinksmanager029f6b8e52c=\"16\" title=\"FIDI &amp; FAIM (FIDI Accredited International Mover) Explicado\">FIDI<\/a> Credenciado pela International Mover (FAIM), que poderia ajud\u00e1-lo com sua mudan\u00e7a.<\/p>\n<div id=\"ez-toc-container\" class=\"ez-toc-v2_0_82_2 ez-toc-wrap-left counter-hierarchy ez-toc-counter ez-toc-transparent ez-toc-container-direction\">\n<div class=\"ez-toc-title-container\">\n<p class=\"ez-toc-title\" style=\"cursor:inherit\">Se\u00e7\u00f5es<\/p>\n<span class=\"ez-toc-title-toggle\"><a href=\"#\" class=\"ez-toc-pull-right ez-toc-btn ez-toc-btn-xs ez-toc-btn-default ez-toc-toggle\" aria-label=\"Alternar tabela de conte\u00fado\"><span class=\"ez-toc-js-icon-con\"><span class=\"\"><span class=\"eztoc-hide\" style=\"display:none;\">Alternar<\/span><span class=\"ez-toc-icon-toggle-span\"><svg style=\"fill: #999;color:#999\" xmlns=\"http:\/\/www.w3.org\/2000\/svg\" class=\"list-377408\" width=\"20px\" height=\"20px\" viewbox=\"0 0 24 24\" fill=\"none\"><path d=\"M6 6H4v2h2V6zm14 0H8v2h12V6zM4 11h2v2H4v-2zm16 0H8v2h12v-2zM4 16h2v2H4v-2zm16 0H8v2h12v-2z\" fill=\"currentColor\"><\/path><\/svg><svg style=\"fill: #999;color:#999\" class=\"arrow-unsorted-368013\" xmlns=\"http:\/\/www.w3.org\/2000\/svg\" width=\"10px\" height=\"10px\" viewbox=\"0 0 24 24\" version=\"1.2\" baseprofile=\"tiny\"><path d=\"M18.2 9.3l-6.2-6.3-6.2 6.3c-.2.2-.3.4-.3.7s.1.5.3.7c.2.2.4.3.7.3h11c.3 0 .5-.1.7-.3.2-.2.3-.5.3-.7s-.1-.5-.3-.7zM5.8 14.7l6.2 6.3 6.2-6.3c.2-.2.3-.5.3-.7s-.1-.5-.3-.7c-.2-.2-.4-.3-.7-.3h-11c-.3 0-.5.1-.7.3-.2.2-.3.5-.3.7s.1.5.3.7z\"\/><\/svg><\/span><\/span><\/span><\/a><\/span><\/div>\n<nav><ul class='ez-toc-list ez-toc-list-level-1 eztoc-toggle-hide-by-default' ><li class='ez-toc-page-1 ez-toc-heading-level-2'><a class=\"ez-toc-link ez-toc-heading-1\" href=\"https:\/\/moverdb.com\/pt\/moving-companies\/moving-companies-venezuela\/#1_AMP_Movers_International\" >1. AMP Movers International<\/a><\/li><li class='ez-toc-page-1 ez-toc-heading-level-2'><a class=\"ez-toc-link ez-toc-heading-2\" href=\"https:\/\/moverdb.com\/pt\/moving-companies\/moving-companies-venezuela\/#2_Clover_International\" >2. Clover International<\/a><\/li><li class='ez-toc-page-1 ez-toc-heading-level-2'><a class=\"ez-toc-link ez-toc-heading-3\" href=\"https:\/\/moverdb.com\/pt\/moving-companies\/moving-companies-venezuela\/#3_Equixpress\" >3. Equixpress<\/a><\/li><li class='ez-toc-page-1 ez-toc-heading-level-2'><a class=\"ez-toc-link ez-toc-heading-4\" href=\"https:\/\/moverdb.com\/pt\/moving-companies\/moving-companies-venezuela\/#4_JJ_Mari_International_Movers\" >4. JJ Mari International Movers<\/a><\/li><li class='ez-toc-page-1 ez-toc-heading-level-2'><a class=\"ez-toc-link ez-toc-heading-5\" href=\"https:\/\/moverdb.com\/pt\/moving-companies\/moving-companies-venezuela\/#5_Moving_Life\" >5. Vida em movimento<\/a><\/li><li class='ez-toc-page-1 ez-toc-heading-level-2'><a class=\"ez-toc-link ez-toc-heading-6\" href=\"https:\/\/moverdb.com\/pt\/moving-companies\/moving-companies-venezuela\/#6_Mudanzas_Internacionales_Global\" >6. Mudan\u00e7as internacionais globais<\/a><\/li><\/ul><\/nav><\/div>\n<h2><span class=\"ez-toc-section\" id=\"1_AMP_Movers_International\"><\/span><strong>1. AMP Movers International<\/strong><span class=\"ez-toc-section-end\"><\/span><\/h2>\n<p><img loading=\"lazy\" decoding=\"async\" class=\"alignnone size-full wp-image-10077\" src=\"https:\/\/moverdb.com\/wp-content\/uploads\/AMP-Movers-International-moving-company.png\" alt=\"AMP Movers empresa de mudan\u00e7as internacionais\" width=\"1440\" height=\"680\" data-wp-pid=\"10077\" srcset=\"https:\/\/moverdb.com\/wp-content\/uploads\/AMP-Movers-International-moving-company.png 1440w, https:\/\/moverdb.com\/wp-content\/uploads\/AMP-Movers-International-moving-company-300x142.png 300w, https:\/\/moverdb.com\/wp-content\/uploads\/AMP-Movers-International-moving-company-1024x484.png 1024w, https:\/\/moverdb.com\/wp-content\/uploads\/AMP-Movers-International-moving-company-18x9.png 18w, https:\/\/moverdb.com\/wp-content\/uploads\/AMP-Movers-International-moving-company-600x283.png 600w\" sizes=\"auto, (max-width: 1440px) 100vw, 1440px\" \/><\/p>\n<ul>\n<li>Movimentos nacionais<\/li>\n<li>Movimentos internacionais<\/li>\n<li>Mudan\u00e7as dom\u00e9sticas<\/li>\n<li>Servi\u00e7o de embalagem<\/li>\n<li>Organiza\u00e7\u00e3o do transporte<\/li>\n<li>Procedimentos aduaneiros<\/li>\n<li>Manuseio de obras de arte<\/li>\n<li>Transporte de ve\u00edculos<\/li>\n<li>Seguros<\/li>\n<li>Instala\u00e7\u00f5es de armazenamento<\/li>\n<\/ul>\n<p>A AMP Movers International \u00e9 uma empresa de mudan\u00e7as nacionais e internacionais com mais de 10 anos de experi\u00eancia e est\u00e1 sediada em Caracas. A empresa tem uma rede de agentes de mudan\u00e7as em todo o mundo que a ap\u00f3iam na presta\u00e7\u00e3o de servi\u00e7os internacionais. A empresa \u00e9 membro da IAM.<\/p>\n<p>A AMP Movers International oferece suporte personalizado para mudan\u00e7as, que come\u00e7a com uma pesquisa e uma cota\u00e7\u00e3o antes da mudan\u00e7a. Eles oferecem um servi\u00e7o de embalagem profissional que utiliza materiais de embalagem especiais projetados para o conte\u00fado, incluindo prote\u00e7\u00e3o extra para itens fr\u00e1geis. Na chegada, eles ajudar\u00e3o a desempacotar, colocar os m\u00f3veis e remover os materiais. Eles tamb\u00e9m oferecem servi\u00e7os para lidar com obras de arte e antiguidades, transfer\u00eancias de ve\u00edculos e armazenamento.<\/p>\n<p>Website: <a href=\"http:\/\/www.ampmovers.com\" target=\"_blank\" rel=\"noopener\">http:\/\/www.ampmovers.com<\/a><\/p>\n<h2><span class=\"ez-toc-section\" id=\"2_Clover_International\"><\/span><strong>2. Clover International<\/strong><span class=\"ez-toc-section-end\"><\/span><\/h2>\n<p><img loading=\"lazy\" decoding=\"async\" class=\"alignnone size-full wp-image-10094\" src=\"https:\/\/moverdb.com\/wp-content\/uploads\/Clover-International-moving-company.png\" alt=\"Empresa de mudan\u00e7as Clover International\" width=\"1440\" height=\"684\" data-wp-pid=\"10094\" srcset=\"https:\/\/moverdb.com\/wp-content\/uploads\/Clover-International-moving-company.png 1440w, https:\/\/moverdb.com\/wp-content\/uploads\/Clover-International-moving-company-300x143.png 300w, https:\/\/moverdb.com\/wp-content\/uploads\/Clover-International-moving-company-1024x486.png 1024w, https:\/\/moverdb.com\/wp-content\/uploads\/Clover-International-moving-company-18x9.png 18w, https:\/\/moverdb.com\/wp-content\/uploads\/Clover-International-moving-company-600x285.png 600w\" sizes=\"auto, (max-width: 1440px) 100vw, 1440px\" \/><\/p>\n<ul>\n<li>Movimentos nacionais<\/li>\n<li>Movimentos internacionais<\/li>\n<li>Mudan\u00e7as residenciais<\/li>\n<li>Mudan\u00e7as corporativas e de escrit\u00f3rios<\/li>\n<li>Servi\u00e7o de embalagem<\/li>\n<li>Gest\u00e3o aduaneira<\/li>\n<li>Transporte de animais de estima\u00e7\u00e3o e ve\u00edculos<\/li>\n<li>Servi\u00e7os de limpeza<\/li>\n<li>Seguros<\/li>\n<li>Instala\u00e7\u00f5es de armazenamento<\/li>\n<\/ul>\n<p>A Clover International \u00e9 uma empresa de log\u00edstica e mudan\u00e7as com quase 60 anos de experi\u00eancia e est\u00e1 sediada em Caracas. Ela \u00e9 membro da IAM, com 59 anos de experi\u00eancia, e \u00e9 credenciada pela FIDI, o que significa que trabalha com altos padr\u00f5es e tem uma rede de agentes de mudan\u00e7as que tamb\u00e9m operam nesse n\u00edvel para trabalhar.<\/p>\n<p>A Clover International oferece servi\u00e7os especializados de mudan\u00e7a para itens dom\u00e9sticos e comerciais, bem como animais de estima\u00e7\u00e3o e ve\u00edculos dentro, para e da Venezuela. Eles providenciar\u00e3o o transporte e o gerenciamento alfandeg\u00e1rio de seus itens at\u00e9 o destino, com seguro completo. Eles usam materiais de alta qualidade e padr\u00f5es de seguran\u00e7a para proteger seus itens.<\/p>\n<p>Website: <a href=\"https:\/\/www.cloverve.com\/\" target=\"_blank\" rel=\"noopener\">https:\/\/www.cloverve.com\/<\/a><\/p>\n<h2><span class=\"ez-toc-section\" id=\"3_Equixpress\"><\/span><strong>3. Equixpress<\/strong><span class=\"ez-toc-section-end\"><\/span><\/h2>\n<p><img loading=\"lazy\" decoding=\"async\" class=\"alignnone size-full wp-image-10112\" src=\"https:\/\/moverdb.com\/wp-content\/uploads\/Equixpress-international-moving-company.png\" alt=\"Empresa de mudan\u00e7as internacionais Equixpress\" width=\"1440\" height=\"680\" data-wp-pid=\"10112\" srcset=\"https:\/\/moverdb.com\/wp-content\/uploads\/Equixpress-international-moving-company.png 1440w, https:\/\/moverdb.com\/wp-content\/uploads\/Equixpress-international-moving-company-300x142.png 300w, https:\/\/moverdb.com\/wp-content\/uploads\/Equixpress-international-moving-company-1024x484.png 1024w, https:\/\/moverdb.com\/wp-content\/uploads\/Equixpress-international-moving-company-18x9.png 18w, https:\/\/moverdb.com\/wp-content\/uploads\/Equixpress-international-moving-company-600x283.png 600w\" sizes=\"auto, (max-width: 1440px) 100vw, 1440px\" \/><\/p>\n<ul>\n<li>Movimentos nacionais<\/li>\n<li>Movimentos internacionais<\/li>\n<li>Mudan\u00e7as dom\u00e9sticas<\/li>\n<li>Log\u00edstica comercial<\/li>\n<li>Servi\u00e7o de embalagem<\/li>\n<li>Transporte a\u00e9reo, mar\u00edtimo e terrestre<\/li>\n<li>Despachos aduaneiros<\/li>\n<li><a href=\"https:\/\/moverdb.com\/pt\/car-transport-shipping\/\" data-internallinksmanager029f6b8e52c=\"2\" title=\"2026 Cota\u00e7\u00f5es de transporte internacional de carros e envio de ve\u00edculos\">Envio de ve\u00edculos<\/a><\/li>\n<li>Todos os seguros de risco<\/li>\n<li>Instala\u00e7\u00f5es de armazenamento<\/li>\n<\/ul>\n<p>A Equixpress \u00e9 uma empresa de mudan\u00e7as internacionais fundada em 1963 e sediada em Caracas. Ela \u00e9 membro da IAM, com 60 anos de experi\u00eancia, o que lhe permite acessar uma rede internacional de agentes de mudan\u00e7a para prestar servi\u00e7os em qualquer lugar do mundo.<\/p>\n<p>A Equixpress oferece um servi\u00e7o de mudan\u00e7a personalizado que cuida de todos os aspectos do processo de mudan\u00e7a. Eles embalar\u00e3o seus pertences com seguran\u00e7a e providenciar\u00e3o o transporte por via a\u00e9rea, mar\u00edtima ou rodovi\u00e1ria at\u00e9 o seu destino, com o desembara\u00e7o alfandeg\u00e1rio e o seguro contra todos os riscos inclu\u00eddos. Eles utilizam materiais e caixas de embalagem da mais alta qualidade e tomam cuidado especial com itens fr\u00e1geis, inclusive fabricando caixas de madeira personalizadas.<\/p>\n<p>Website: <a href=\"http:\/\/www.equixpress.com\" target=\"_blank\" rel=\"noopener\">http:\/\/www.equixpress.com<\/a><\/p>\n<h2><span class=\"ez-toc-section\" id=\"4_JJ_Mari_International_Movers\"><\/span><strong>4. JJ Mari International Movers<\/strong><span class=\"ez-toc-section-end\"><\/span><\/h2>\n<p><img loading=\"lazy\" decoding=\"async\" class=\"alignnone size-full wp-image-10142\" src=\"https:\/\/moverdb.com\/wp-content\/uploads\/JJ-Mari-International-Movers-moving-company.png\" alt=\"Empresa de mudan\u00e7as JJ Mari International Movers\" width=\"1440\" height=\"680\" data-wp-pid=\"10142\" srcset=\"https:\/\/moverdb.com\/wp-content\/uploads\/JJ-Mari-International-Movers-moving-company.png 1440w, https:\/\/moverdb.com\/wp-content\/uploads\/JJ-Mari-International-Movers-moving-company-300x142.png 300w, https:\/\/moverdb.com\/wp-content\/uploads\/JJ-Mari-International-Movers-moving-company-1024x484.png 1024w, https:\/\/moverdb.com\/wp-content\/uploads\/JJ-Mari-International-Movers-moving-company-18x9.png 18w, https:\/\/moverdb.com\/wp-content\/uploads\/JJ-Mari-International-Movers-moving-company-600x283.png 600w\" sizes=\"auto, (max-width: 1440px) 100vw, 1440px\" \/><\/p>\n<ul>\n<li>Mudan\u00e7as locais<\/li>\n<li>Movimentos internacionais<\/li>\n<li>Mudan\u00e7as dom\u00e9sticas<\/li>\n<li>Mudan\u00e7as corporativas<\/li>\n<li>Servi\u00e7o de embalagem<\/li>\n<li>Carga a\u00e9rea e mar\u00edtima<\/li>\n<li>Despachos aduaneiros<\/li>\n<li>Manuseio de obras de arte<\/li>\n<li>Transfer\u00eancias de ve\u00edculos<\/li>\n<li>Instala\u00e7\u00f5es de armazenamento<\/li>\n<\/ul>\n<p>A JJ Mari International Movers \u00e9 uma empresa de log\u00edstica e transporte internacional com mais de 35 anos de experi\u00eancia e est\u00e1 sediada em Caracas. Ela \u00e9 membro da IAM, com 23 anos de experi\u00eancia, e \u00e9 credenciada pela FIDI, o que lhe d\u00e1 acesso a redes internacionais de agentes de mudan\u00e7a que operam com altos padr\u00f5es.<\/p>\n<p>A JJ Mari International Movers oferece servi\u00e7os de mudan\u00e7a porta a porta para resid\u00eancias, empresas e diplomatas. Eles oferecem pessoal altamente treinado para embalar e desembalar seus pertences e tomar\u00e3o cuidado extra com itens fr\u00e1geis, inclusive arte e antiguidades. Eles providenciar\u00e3o o transporte internacional por via a\u00e9rea ou mar\u00edtima com despacho aduaneiro, que tamb\u00e9m pode incluir o traslado de ve\u00edculos.<\/p>\n<p>Website: <a href=\"http:\/\/www.jjmarimovers.net\" target=\"_blank\" rel=\"noopener\">http:\/\/www.jjmarimovers.net<\/a><\/p>\n<h2><span class=\"ez-toc-section\" id=\"5_Moving_Life\"><\/span><strong>5. Vida em movimento<\/strong><span class=\"ez-toc-section-end\"><\/span><\/h2>\n<p><img loading=\"lazy\" decoding=\"async\" class=\"alignnone size-full wp-image-10160\" src=\"https:\/\/moverdb.com\/wp-content\/uploads\/Moving-Life-international-moving-company.png\" alt=\"Moving Life empresa de mudan\u00e7as internacionais\" width=\"1440\" height=\"679\" data-wp-pid=\"10160\" srcset=\"https:\/\/moverdb.com\/wp-content\/uploads\/Moving-Life-international-moving-company.png 1440w, https:\/\/moverdb.com\/wp-content\/uploads\/Moving-Life-international-moving-company-300x141.png 300w, https:\/\/moverdb.com\/wp-content\/uploads\/Moving-Life-international-moving-company-1024x483.png 1024w, https:\/\/moverdb.com\/wp-content\/uploads\/Moving-Life-international-moving-company-18x8.png 18w, https:\/\/moverdb.com\/wp-content\/uploads\/Moving-Life-international-moving-company-600x283.png 600w\" sizes=\"auto, (max-width: 1440px) 100vw, 1440px\" \/><\/p>\n<ul>\n<li>Movimentos locais e nacionais<\/li>\n<li>Movimentos internacionais<\/li>\n<li>Mudan\u00e7as dom\u00e9sticas<\/li>\n<li>Mudan\u00e7as de escrit\u00f3rio<\/li>\n<li>Servi\u00e7o porta-a-porta<\/li>\n<li>Servi\u00e7o de embalagem<\/li>\n<li>Transporte a\u00e9reo e mar\u00edtimo<\/li>\n<li>Procedimentos aduaneiros<\/li>\n<li>Manuseio de arte<\/li>\n<li>Transfer\u00eancias de ve\u00edculos<\/li>\n<\/ul>\n<p>A Moving Life \u00e9 uma empresa de mudan\u00e7as internacionais com mais de 19 anos de experi\u00eancia e est\u00e1 sediada em Caracas. A empresa conta com o apoio de uma rede de mais de 2.000 membros em 170 pa\u00edses para prestar servi\u00e7os em todo o mundo. Eles s\u00e3o membros da IAM com oito anos de experi\u00eancia.<\/p>\n<p>A Moving Life oferece servi\u00e7os de mudan\u00e7a porta a porta que come\u00e7am com uma visita antes da mudan\u00e7a para definir suas necessidades. Eles embalar\u00e3o seus pertences usando t\u00e9cnicas profissionais reconhecidas por padr\u00f5es internacionais e criar\u00e3o um invent\u00e1rio. Eles carregar\u00e3o seus itens embalados em vans de madeira personalizadas para transporte a\u00e9reo ou cont\u00eaineres de metal para embarque mar\u00edtimo e concluir\u00e3o os procedimentos alfandeg\u00e1rios.<\/p>\n<p>Website: <a href=\"http:\/\/www.movinglife.com.ve\" target=\"_blank\" rel=\"noopener\">http:\/\/www.movinglife.com.ve<\/a><\/p>\n<h2><span class=\"ez-toc-section\" id=\"6_Mudanzas_Internacionales_Global\"><\/span><strong>6. Mudan\u00e7as internacionais globais<\/strong><span class=\"ez-toc-section-end\"><\/span><\/h2>\n<p><img loading=\"lazy\" decoding=\"async\" class=\"alignnone size-full wp-image-10162\" src=\"https:\/\/moverdb.com\/wp-content\/uploads\/Mudanzas-Internacionales-Global-moving-company.png\" alt=\"Mudan\u00e7as internacionais Empresa de mudan\u00e7as globais\" width=\"1440\" height=\"682\" data-wp-pid=\"10162\" srcset=\"https:\/\/moverdb.com\/wp-content\/uploads\/Mudanzas-Internacionales-Global-moving-company.png 1440w, https:\/\/moverdb.com\/wp-content\/uploads\/Mudanzas-Internacionales-Global-moving-company-300x142.png 300w, https:\/\/moverdb.com\/wp-content\/uploads\/Mudanzas-Internacionales-Global-moving-company-1024x485.png 1024w, https:\/\/moverdb.com\/wp-content\/uploads\/Mudanzas-Internacionales-Global-moving-company-18x9.png 18w, https:\/\/moverdb.com\/wp-content\/uploads\/Mudanzas-Internacionales-Global-moving-company-600x284.png 600w\" sizes=\"auto, (max-width: 1440px) 100vw, 1440px\" \/><\/p>\n<ul>\n<li>Movimentos locais e nacionais<\/li>\n<li>Movimentos internacionais<\/li>\n<li>Mudan\u00e7as residenciais<\/li>\n<li>Pesquisa pr\u00e9-movimento<\/li>\n<li>Servi\u00e7o de embalagem<\/li>\n<li>Arranjos de transporte<\/li>\n<li>Apoio alfandeg\u00e1rio<\/li>\n<li>Rastreamento de movimenta\u00e7\u00e3o<\/li>\n<li>Atender aos padr\u00f5es internacionais<\/li>\n<li>Armazenamento tempor\u00e1rio<\/li>\n<\/ul>\n<p>A Mudanzas Internacionales Global \u00e9 uma empresa de mudan\u00e7as fundada em 1988 e sediada em Caracas. Ela \u00e9 membro da IAM, com 35 anos de experi\u00eancia, e \u00e9 credenciada pela FIDI. Essas associa\u00e7\u00f5es permitem que eles trabalhem com uma rede de empresas de mudan\u00e7as internacionais para apoi\u00e1-los em mudan\u00e7as em todo o mundo.<\/p>\n<p>A Mudanzas Internacionales Global oferece um servi\u00e7o de mudan\u00e7a personalizado que \u00e9 entregue de acordo com os padr\u00f5es internacionais. Eles oferecem uma pesquisa preliminar para avaliar suas necessidades de mudan\u00e7a e fazer recomenda\u00e7\u00f5es sobre as melhores op\u00e7\u00f5es de mudan\u00e7a. Seus experientes empacotadores usar\u00e3o os materiais de embalagem da melhor qualidade que atendem \u00e0s normas internacionais para proteger seus itens.<\/p>\n<p>Website: <a href=\"http:\/\/www.miglobal.com\" target=\"_blank\" rel=\"noopener\">http:\/\/www.miglobal.com<\/a><\/p>","protected":false},"excerpt":{"rendered":"<p>Moving can be complex especially if you are moving country. So, if you are planning on moving within, to or from Venezuela, then you may want to engage a moving company to assist you with your move. Below we have compiled a list of Venezuela based removal companies that are members of the International Association [&hellip;]<\/p>\n","protected":false},"author":4,"featured_media":10077,"parent":190,"menu_order":0,"comment_status":"closed","ping_status":"closed","template":"","meta":{"_genesis_hide_title":false,"_genesis_hide_breadcrumbs":false,"_genesis_hide_singular_image":false,"_genesis_hide_footer_widgets":false,"_genesis_custom_body_class":"","_genesis_custom_post_class":"","_genesis_layout":"","footnotes":""},"class_list":{"0":"post-10255","1":"page","2":"type-page","3":"status-publish","4":"has-post-thumbnail","6":"entry"},"_links":{"self":[{"href":"https:\/\/moverdb.com\/pt\/wp-json\/wp\/v2\/pages\/10255","targetHints":{"allow":["GET"]}}],"collection":[{"href":"https:\/\/moverdb.com\/pt\/wp-json\/wp\/v2\/pages"}],"about":[{"href":"https:\/\/moverdb.com\/pt\/wp-json\/wp\/v2\/types\/page"}],"author":[{"embeddable":true,"href":"https:\/\/moverdb.com\/pt\/wp-json\/wp\/v2\/users\/4"}],"replies":[{"embeddable":true,"href":"https:\/\/moverdb.com\/pt\/wp-json\/wp\/v2\/comments?post=10255"}],"version-history":[{"count":1,"href":"https:\/\/moverdb.com\/pt\/wp-json\/wp\/v2\/pages\/10255\/revisions"}],"predecessor-version":[{"id":10256,"href":"https:\/\/moverdb.com\/pt\/wp-json\/wp\/v2\/pages\/10255\/revisions\/10256"}],"up":[{"embeddable":true,"href":"https:\/\/moverdb.com\/pt\/wp-json\/wp\/v2\/pages\/190"}],"wp:featuredmedia":[{"embeddable":true,"href":"https:\/\/moverdb.com\/pt\/wp-json\/wp\/v2\/media\/10077"}],"wp:attachment":[{"href":"https:\/\/moverdb.com\/pt\/wp-json\/wp\/v2\/media?parent=10255"}],"curies":[{"name":"wp","href":"https:\/\/api.w.org\/{rel}","templated":true}]}}