{"id":10253,"date":"2023-06-22T15:36:35","date_gmt":"2023-06-22T15:36:35","guid":{"rendered":"https:\/\/moverdb.com\/?page_id=10253"},"modified":"2026-01-08T15:23:53","modified_gmt":"2026-01-08T15:23:53","slug":"moving-companies-uzbekistan","status":"publish","type":"page","link":"https:\/\/moverdb.com\/pt\/moving-companies\/moving-companies-uzbekistan\/","title":{"rendered":"2 melhores empresas de mudan\u00e7a internacional no Uzbequist\u00e3o"},"content":{"rendered":"<p>Voc\u00ea est\u00e1 planejando se mudar dentro, para ou do Uzbequist\u00e3o? Ent\u00e3o, contrate um <a href=\"https:\/\/moverdb.com\/pt\/moving-companies\/\" data-internallinksmanager029f6b8e52c=\"79\" title=\"As 25 maiores empresas de mudan\u00e7as internacionais on-line\">empresa de mudan\u00e7as<\/a> que podem ajud\u00e1-lo a embalar, organizar o transporte e lidar com a alf\u00e2ndega para mudan\u00e7as internacionais podem realmente facilitar sua mudan\u00e7a. Abaixo, compilamos uma lista de empresas sediadas no Uzbequist\u00e3o <a href=\"https:\/\/moverdb.com\/pt\/international-removals\/\" data-internallinksmanager029f6b8e52c=\"27\" title=\"36 melhores empresas de mudan\u00e7as internacionais no Reino Unido\">empresas de mudan\u00e7as<\/a> que s\u00e3o membros do <a href=\"https:\/\/moverdb.com\/pt\/iam\/\" data-internallinksmanager029f6b8e52c=\"23\" title=\"Associa\u00e7\u00e3o Internacional de Remotores (IAM) Explicado\">Associa\u00e7\u00e3o Internacional de Movers<\/a> (IAM) e\/ou <a href=\"https:\/\/moverdb.com\/pt\/fidi-faim\/\" data-internallinksmanager029f6b8e52c=\"16\" title=\"FIDI &amp; FAIM (FIDI Accredited International Mover) Explicado\">FIDI<\/a> Credenciado pela International Mover (FAIM), que poderia ajud\u00e1-lo com sua mudan\u00e7a.<\/p>\n<h2><strong>1. Mover um<\/strong><\/h2>\n<p><img loading=\"lazy\" decoding=\"async\" class=\"alignnone size-full wp-image-10159\" src=\"https:\/\/moverdb.com\/wp-content\/uploads\/Move-One-international-moving-company-1.png\" alt=\"Move One empresa de mudan\u00e7as internacionais\" width=\"1440\" height=\"676\" data-wp-pid=\"10159\" srcset=\"https:\/\/moverdb.com\/wp-content\/uploads\/Move-One-international-moving-company-1.png 1440w, https:\/\/moverdb.com\/wp-content\/uploads\/Move-One-international-moving-company-1-300x141.png 300w, https:\/\/moverdb.com\/wp-content\/uploads\/Move-One-international-moving-company-1-1024x481.png 1024w, https:\/\/moverdb.com\/wp-content\/uploads\/Move-One-international-moving-company-1-18x8.png 18w, https:\/\/moverdb.com\/wp-content\/uploads\/Move-One-international-moving-company-1-600x282.png 600w\" sizes=\"auto, (max-width: 1440px) 100vw, 1440px\" \/><\/p>\n<ul>\n<li>Movimentos nacionais<\/li>\n<li>Movimentos internacionais<\/li>\n<li>Mudan\u00e7as dom\u00e9sticas<\/li>\n<li>Log\u00edstica comercial<\/li>\n<li>Servi\u00e7os de reloca\u00e7\u00e3o<\/li>\n<li>Servi\u00e7o de embalagem<\/li>\n<li>Provid\u00eancias de transporte<\/li>\n<li>Apoio alfandeg\u00e1rio<\/li>\n<li>Transporte de animais de estima\u00e7\u00e3o e ve\u00edculos<\/li>\n<li>Instala\u00e7\u00f5es de armazenamento<\/li>\n<\/ul>\n<p>A Move One \u00e9 uma empresa de solu\u00e7\u00f5es de log\u00edstica, mudan\u00e7as e mobilidade global formada em 1992, com mais de 80 escrit\u00f3rios no Leste Europeu, na \u00c1frica, no Oriente M\u00e9dio, nos B\u00e1lc\u00e3s e na CEI. Seu escrit\u00f3rio no Uzbequist\u00e3o fica em Tashkent. A empresa tem uma rede de escrit\u00f3rios e agentes para prestar servi\u00e7os internacionais. A empresa \u00e9 membro da IAM, com sete anos de servi\u00e7o.<\/p>\n<p>A Move One coordenar\u00e1 sua mudan\u00e7a, garantindo que ela ocorra sem problemas, fornecendo um servi\u00e7o de embalagem, arranjos de transporte e suporte alfandeg\u00e1rio. Eles oferecem servi\u00e7os adicionais, incluindo permiss\u00f5es e vistos, transporte de animais, transporte de autom\u00f3veis, excesso de bagagem e armazenamento. Os servi\u00e7os de realoca\u00e7\u00e3o incluem busca de casas e escolas, acomoda\u00e7\u00e3o tempor\u00e1ria, orienta\u00e7\u00e3o e suporte para instala\u00e7\u00e3o.<\/p>\n<p>Website: <a href=\"https:\/\/www.moveoneinc.com\" target=\"_blank\" rel=\"noopener\">https:\/\/www.moveoneinc.com<\/a><\/p>\n<h2><strong>2. Gosselin<\/strong><\/h2>\n<p><img loading=\"lazy\" decoding=\"async\" class=\"alignnone size-full wp-image-10132\" src=\"https:\/\/moverdb.com\/wp-content\/uploads\/Gosselin-Uzbekistan-international-moving-company.png\" alt=\"Empresa de mudan\u00e7as internacionais Gosselin Uzbequist\u00e3o\" width=\"1440\" height=\"680\" data-wp-pid=\"10132\" srcset=\"https:\/\/moverdb.com\/wp-content\/uploads\/Gosselin-Uzbekistan-international-moving-company.png 1440w, https:\/\/moverdb.com\/wp-content\/uploads\/Gosselin-Uzbekistan-international-moving-company-300x142.png 300w, https:\/\/moverdb.com\/wp-content\/uploads\/Gosselin-Uzbekistan-international-moving-company-1024x484.png 1024w, https:\/\/moverdb.com\/wp-content\/uploads\/Gosselin-Uzbekistan-international-moving-company-18x9.png 18w, https:\/\/moverdb.com\/wp-content\/uploads\/Gosselin-Uzbekistan-international-moving-company-600x283.png 600w\" sizes=\"auto, (max-width: 1440px) 100vw, 1440px\" \/><\/p>\n<ul>\n<li>Movimentos nacionais<\/li>\n<li>Movimentos internacionais<\/li>\n<li>Mudan\u00e7as dom\u00e9sticas<\/li>\n<li>Mudan\u00e7as de escrit\u00f3rio<\/li>\n<li>Servi\u00e7o porta-a-porta<\/li>\n<li>Servi\u00e7o de embalagem<\/li>\n<li>Arranjos de transporte<\/li>\n<li>Movimentos de belas artes<\/li>\n<li>Mudan\u00e7as de carros e animais de estima\u00e7\u00e3o<\/li>\n<li>Solu\u00e7\u00f5es de armazenamento<\/li>\n<\/ul>\n<p>A Gosselin \u00e9 uma empresa de mudan\u00e7as internacionais fundada em 1930, com escrit\u00f3rios em 34 pa\u00edses da Europa, C\u00e1ucaso e \u00c1sia Central, incluindo Tashkent, no Uzbequist\u00e3o. A empresa utiliza seus pr\u00f3prios escrit\u00f3rios e uma rede de parceiros de mudan\u00e7as em todo o mundo para prestar servi\u00e7os internacionais. A empresa \u00e9 membro da IAM.<\/p>\n<p>A Gosselin oferece um servi\u00e7o de mudan\u00e7a porta a porta com transportadores profissionais para ajud\u00e1-lo a se mudar para qualquer lugar do mundo. Eles embalar\u00e3o seus pertences com seguran\u00e7a, desmontar\u00e3o e montar\u00e3o os m\u00f3veis e os desembalar\u00e3o na chegada. Eles usam materiais de embalagem ecologicamente corretos e incluem seguro de transporte. Eles oferecem servi\u00e7os adicionais, inclusive manuseio de obras de arte, <a href=\"https:\/\/moverdb.com\/pt\/car-transport-shipping\/\" data-internallinksmanager029f6b8e52c=\"2\" title=\"2026 Cota\u00e7\u00f5es de transporte internacional de carros e envio de ve\u00edculos\">transporte de carros<\/a>A empresa oferece solu\u00e7\u00f5es de transporte e armazenamento para animais de estima\u00e7\u00e3o.<\/p>\n<p>Website: <a href=\"https:\/\/gosselin-moving.com\/uzbekistan\" target=\"_blank\" rel=\"noopener\">https:\/\/gosselin-moving.com\/uzbekistan<\/a><\/p>","protected":false},"excerpt":{"rendered":"<p>Are you planning on moving within, to or from Uzbekistan? Then engaging a moving company who can assist you with packing, arranging transport and handling customs for international moves can really ease your move. Below we have compiled a list of Uzbekistan based removal companies that are members of the International Association of Movers (IAM) [&hellip;]<\/p>\n","protected":false},"author":4,"featured_media":10159,"parent":190,"menu_order":0,"comment_status":"closed","ping_status":"closed","template":"","meta":{"_genesis_hide_title":false,"_genesis_hide_breadcrumbs":false,"_genesis_hide_singular_image":false,"_genesis_hide_footer_widgets":false,"_genesis_custom_body_class":"","_genesis_custom_post_class":"","_genesis_layout":"","footnotes":""},"class_list":{"0":"post-10253","1":"page","2":"type-page","3":"status-publish","4":"has-post-thumbnail","6":"entry"},"_links":{"self":[{"href":"https:\/\/moverdb.com\/pt\/wp-json\/wp\/v2\/pages\/10253","targetHints":{"allow":["GET"]}}],"collection":[{"href":"https:\/\/moverdb.com\/pt\/wp-json\/wp\/v2\/pages"}],"about":[{"href":"https:\/\/moverdb.com\/pt\/wp-json\/wp\/v2\/types\/page"}],"author":[{"embeddable":true,"href":"https:\/\/moverdb.com\/pt\/wp-json\/wp\/v2\/users\/4"}],"replies":[{"embeddable":true,"href":"https:\/\/moverdb.com\/pt\/wp-json\/wp\/v2\/comments?post=10253"}],"version-history":[{"count":1,"href":"https:\/\/moverdb.com\/pt\/wp-json\/wp\/v2\/pages\/10253\/revisions"}],"predecessor-version":[{"id":10254,"href":"https:\/\/moverdb.com\/pt\/wp-json\/wp\/v2\/pages\/10253\/revisions\/10254"}],"up":[{"embeddable":true,"href":"https:\/\/moverdb.com\/pt\/wp-json\/wp\/v2\/pages\/190"}],"wp:featuredmedia":[{"embeddable":true,"href":"https:\/\/moverdb.com\/pt\/wp-json\/wp\/v2\/media\/10159"}],"wp:attachment":[{"href":"https:\/\/moverdb.com\/pt\/wp-json\/wp\/v2\/media?parent=10253"}],"curies":[{"name":"wp","href":"https:\/\/api.w.org\/{rel}","templated":true}]}}