{"id":10249,"date":"2023-06-22T15:38:39","date_gmt":"2023-06-22T15:38:39","guid":{"rendered":"https:\/\/moverdb.com\/?page_id=10249"},"modified":"2026-01-08T15:24:29","modified_gmt":"2026-01-08T15:24:29","slug":"moving-companies-uruguay","status":"publish","type":"page","link":"https:\/\/moverdb.com\/pt\/moving-companies\/moving-companies-uruguay\/","title":{"rendered":"3 melhores empresas de mudan\u00e7as internacionais no Uruguai"},"content":{"rendered":"<p>Mudar de casa ou de empresa pode ser um momento agitado e estressante, com muita coisa para fazer e organizar. \u00c9 nesse momento que uma <a href=\"https:\/\/moverdb.com\/pt\/moving-companies\/\" data-internallinksmanager029f6b8e52c=\"79\" title=\"As 25 maiores empresas de mudan\u00e7as internacionais on-line\">empresa de mudan\u00e7as<\/a> pode ajud\u00e1-lo, assumindo muitas das tarefas, como embalar, organizar o transporte e lidar com as provid\u00eancias alfandeg\u00e1rias para mudan\u00e7as entre pa\u00edses. Abaixo, compilamos uma lista de empresas sediadas no Uruguai <a href=\"https:\/\/moverdb.com\/pt\/international-removals\/\" data-internallinksmanager029f6b8e52c=\"27\" title=\"36 melhores empresas de mudan\u00e7as internacionais no Reino Unido\">empresas de mudan\u00e7as<\/a> que s\u00e3o membros do <a href=\"https:\/\/moverdb.com\/pt\/iam\/\" data-internallinksmanager029f6b8e52c=\"23\" title=\"Associa\u00e7\u00e3o Internacional de Remotores (IAM) Explicado\">Associa\u00e7\u00e3o Internacional de Movers<\/a> (IAM) e\/ou <a href=\"https:\/\/moverdb.com\/pt\/fidi-faim\/\" data-internallinksmanager029f6b8e52c=\"16\" title=\"FIDI &amp; FAIM (FIDI Accredited International Mover) Explicado\">FIDI<\/a> Credenciado pela International Mover (FAIM) que poderia ajud\u00e1-lo em sua mudan\u00e7a.<\/p>\n<h2><strong>1. AB Moving<\/strong><\/h2>\n<p><img loading=\"lazy\" decoding=\"async\" class=\"alignnone size-full wp-image-10064\" src=\"https:\/\/moverdb.com\/wp-content\/uploads\/AB-Moving-international-moving-company.png\" alt=\"AB Moving empresa de mudan\u00e7as internacionais\" width=\"1440\" height=\"679\" data-wp-pid=\"10064\" srcset=\"https:\/\/moverdb.com\/wp-content\/uploads\/AB-Moving-international-moving-company.png 1440w, https:\/\/moverdb.com\/wp-content\/uploads\/AB-Moving-international-moving-company-300x141.png 300w, https:\/\/moverdb.com\/wp-content\/uploads\/AB-Moving-international-moving-company-1024x483.png 1024w, https:\/\/moverdb.com\/wp-content\/uploads\/AB-Moving-international-moving-company-18x8.png 18w, https:\/\/moverdb.com\/wp-content\/uploads\/AB-Moving-international-moving-company-600x283.png 600w\" sizes=\"auto, (max-width: 1440px) 100vw, 1440px\" \/><\/p>\n<ul>\n<li>Movimentos nacionais<\/li>\n<li>Movimentos internacionais<\/li>\n<li>Mudan\u00e7as dom\u00e9sticas<\/li>\n<li>Movimentos comerciais<\/li>\n<li>Servi\u00e7os de reloca\u00e7\u00e3o<\/li>\n<li>Embalagem profissional<\/li>\n<li>Transporte a\u00e9reo, mar\u00edtimo e terrestre<\/li>\n<li>Manuseio de arte<\/li>\n<li>Mudan\u00e7as de animais de estima\u00e7\u00e3o<\/li>\n<li>Armazenamento seguro<\/li>\n<\/ul>\n<p>A AB Moving \u00e9 uma empresa internacional de mudan\u00e7as e realoca\u00e7\u00e3o com mais de 25 anos de experi\u00eancia e est\u00e1 sediada em Montevid\u00e9u. Eles t\u00eam uma rede de agentes em todo o mundo que lhes permite realizar mudan\u00e7as para qualquer lugar do mundo. Eles s\u00e3o membros da IAM com 15 anos de servi\u00e7o.<\/p>\n<p>A AB Moving oferece servi\u00e7os personalizados que s\u00e3o adaptados \u00e0s suas necessidades e oferecem um servi\u00e7o porta a porta. Eles oferecem um servi\u00e7o de embalagem profissional que utiliza materiais de alta qualidade e esqueletos de madeira feitos sob medida para proteger seus itens. Eles providenciar\u00e3o o transporte por via a\u00e9rea, mar\u00edtima ou rodovi\u00e1ria com toda a documenta\u00e7\u00e3o necess\u00e1ria.<\/p>\n<p>Website: <a href=\"http:\/\/www.ab.com.uy\" target=\"_blank\" rel=\"noopener\">http:\/\/www.ab.com.uy<\/a><\/p>\n<h2><strong>2. Autogiro<\/strong><\/h2>\n<p><img loading=\"lazy\" decoding=\"async\" class=\"alignnone size-full wp-image-10085\" src=\"https:\/\/moverdb.com\/wp-content\/uploads\/Autogiro-international-moving-company.png\" alt=\"Empresa de mudan\u00e7as internacionais Autogiro\" width=\"1440\" height=\"682\" data-wp-pid=\"10085\" srcset=\"https:\/\/moverdb.com\/wp-content\/uploads\/Autogiro-international-moving-company.png 1440w, https:\/\/moverdb.com\/wp-content\/uploads\/Autogiro-international-moving-company-300x142.png 300w, https:\/\/moverdb.com\/wp-content\/uploads\/Autogiro-international-moving-company-1024x485.png 1024w, https:\/\/moverdb.com\/wp-content\/uploads\/Autogiro-international-moving-company-18x9.png 18w, https:\/\/moverdb.com\/wp-content\/uploads\/Autogiro-international-moving-company-600x284.png 600w\" sizes=\"auto, (max-width: 1440px) 100vw, 1440px\" \/><\/p>\n<ul>\n<li>Movimentos nacionais<\/li>\n<li>Movimentos internacionais<\/li>\n<li>Mudan\u00e7as residenciais<\/li>\n<li>Mudan\u00e7as corporativas<\/li>\n<li>Servi\u00e7os de reloca\u00e7\u00e3o<\/li>\n<li>Servi\u00e7o de embalagem<\/li>\n<li>Provid\u00eancias de transporte<\/li>\n<li>Manuseio de obras de arte<\/li>\n<li>Transporte de animais<\/li>\n<li>Armazenamento seguro<\/li>\n<\/ul>\n<p>A Autogiro \u00e9 uma empresa de mudan\u00e7as e transporte de cargas fundada em 1925 e sediada em Montevid\u00e9u. A empresa criou la\u00e7os com agentes em todo o mundo que cumprem altos padr\u00f5es para ajud\u00e1-la a fornecer servi\u00e7os internacionais. A empresa \u00e9 membro da IAM, com 98 anos de servi\u00e7o, e \u00e9 credenciada pela FIDI.<\/p>\n<p>A Autogiro primeiro estimar\u00e1 o volume de sua mudan\u00e7a e fornecer\u00e1 uma cota\u00e7\u00e3o para uma mudan\u00e7a porta a porta com orienta\u00e7\u00e3o alfandeg\u00e1ria. Eles embalar\u00e3o seus pertences e os proteger\u00e3o em gavetas de MDF e atender\u00e3o aos padr\u00f5es internacionais para itens fr\u00e1geis. Eles carregar\u00e3o os bens em um cont\u00eainer ou em caixas de madeira e os transportar\u00e3o at\u00e9 o seu destino, fornecendo um invent\u00e1rio.<\/p>\n<p>Website: <a href=\"http:\/\/www.autogiro.com.uy\" target=\"_blank\" rel=\"noopener\">http:\/\/www.autogiro.com.uy<\/a><\/p>\n<h2><strong>3. Uruvan<\/strong><\/h2>\n<p><img loading=\"lazy\" decoding=\"async\" class=\"alignnone size-full wp-image-10251\" src=\"https:\/\/moverdb.com\/wp-content\/uploads\/Uruvan-international-moving-company-1.png\" alt=\"Empresa de mudan\u00e7as internacionais Uruvan\" width=\"1440\" height=\"709\" data-wp-pid=\"10251\" srcset=\"https:\/\/moverdb.com\/wp-content\/uploads\/Uruvan-international-moving-company-1.png 1440w, https:\/\/moverdb.com\/wp-content\/uploads\/Uruvan-international-moving-company-1-300x148.png 300w, https:\/\/moverdb.com\/wp-content\/uploads\/Uruvan-international-moving-company-1-1024x504.png 1024w, https:\/\/moverdb.com\/wp-content\/uploads\/Uruvan-international-moving-company-1-18x9.png 18w, https:\/\/moverdb.com\/wp-content\/uploads\/Uruvan-international-moving-company-1-600x295.png 600w\" sizes=\"auto, (max-width: 1440px) 100vw, 1440px\" \/><\/p>\n<ul>\n<li>Mudan\u00e7as nacionais<\/li>\n<li>Mudan\u00e7as internacionais<\/li>\n<li>Mudan\u00e7as dom\u00e9sticas<\/li>\n<li>Mudan\u00e7as corporativas<\/li>\n<li>Servi\u00e7os de reloca\u00e7\u00e3o<\/li>\n<li>Servi\u00e7o de embalagem<\/li>\n<li>Desembara\u00e7o aduaneiro<\/li>\n<li>Transporte de arte<\/li>\n<li>Transporte de animais de estima\u00e7\u00e3o<\/li>\n<li>Instala\u00e7\u00f5es de armazenamento<\/li>\n<\/ul>\n<p>A Uruvan \u00e9 uma empresa de mudan\u00e7as nacionais e internacionais que oferece servi\u00e7os de frete e armazenamento, formada em 1982 e com sede em Montevid\u00e9u e um escrit\u00f3rio em Punta del Etse. A empresa trabalha com ag\u00eancias de todo o mundo para prestar servi\u00e7os no Uruguai e internacionalmente. A empresa \u00e9 membro da IAM, com 41 anos de servi\u00e7o, e \u00e9 credenciada pela FIDI.<\/p>\n<p>A Uruvan oferece servi\u00e7os de mudan\u00e7a porta a porta, come\u00e7ando com uma pesquisa domiciliar para avaliar suas necessidades e fornecer um or\u00e7amento. Eles coordenar\u00e3o sua mudan\u00e7a e providenciar\u00e3o o transporte, a embalagem e o desembara\u00e7o aduaneiro. A equipe profissional de mudan\u00e7a embalar\u00e1 seus pertences com materiais de embalagem apropriados para proteg\u00ea-los durante o transporte at\u00e9 a nova resid\u00eancia.<\/p>\n<p>Website: <a href=\"http:\/\/www.uruvan.com.uy\" target=\"_blank\" rel=\"noopener\">http:\/\/www.uruvan.com.uy<\/a><\/p>","protected":false},"excerpt":{"rendered":"<p>Moving home or your business can be a hectic and stressful time with a lot to do and arrange. This is where a moving company can help you by taking on many of the tasks such as packing, arranging transportation and handling customs arrangements for inter-country moves. Below we have compiled a list of Uruguay [&hellip;]<\/p>\n","protected":false},"author":4,"featured_media":10064,"parent":190,"menu_order":0,"comment_status":"closed","ping_status":"closed","template":"","meta":{"_genesis_hide_title":false,"_genesis_hide_breadcrumbs":false,"_genesis_hide_singular_image":false,"_genesis_hide_footer_widgets":false,"_genesis_custom_body_class":"","_genesis_custom_post_class":"","_genesis_layout":"","footnotes":""},"class_list":{"0":"post-10249","1":"page","2":"type-page","3":"status-publish","4":"has-post-thumbnail","6":"entry"},"_links":{"self":[{"href":"https:\/\/moverdb.com\/pt\/wp-json\/wp\/v2\/pages\/10249","targetHints":{"allow":["GET"]}}],"collection":[{"href":"https:\/\/moverdb.com\/pt\/wp-json\/wp\/v2\/pages"}],"about":[{"href":"https:\/\/moverdb.com\/pt\/wp-json\/wp\/v2\/types\/page"}],"author":[{"embeddable":true,"href":"https:\/\/moverdb.com\/pt\/wp-json\/wp\/v2\/users\/4"}],"replies":[{"embeddable":true,"href":"https:\/\/moverdb.com\/pt\/wp-json\/wp\/v2\/comments?post=10249"}],"version-history":[{"count":1,"href":"https:\/\/moverdb.com\/pt\/wp-json\/wp\/v2\/pages\/10249\/revisions"}],"predecessor-version":[{"id":10252,"href":"https:\/\/moverdb.com\/pt\/wp-json\/wp\/v2\/pages\/10249\/revisions\/10252"}],"up":[{"embeddable":true,"href":"https:\/\/moverdb.com\/pt\/wp-json\/wp\/v2\/pages\/190"}],"wp:featuredmedia":[{"embeddable":true,"href":"https:\/\/moverdb.com\/pt\/wp-json\/wp\/v2\/media\/10064"}],"wp:attachment":[{"href":"https:\/\/moverdb.com\/pt\/wp-json\/wp\/v2\/media?parent=10249"}],"curies":[{"name":"wp","href":"https:\/\/api.w.org\/{rel}","templated":true}]}}