{"id":10236,"date":"2023-06-22T15:46:14","date_gmt":"2023-06-22T15:46:14","guid":{"rendered":"https:\/\/moverdb.com\/?page_id=10236"},"modified":"2026-01-08T15:23:51","modified_gmt":"2026-01-08T15:23:51","slug":"moving-companies-trinidad-and-tobago","status":"publish","type":"page","link":"https:\/\/moverdb.com\/pt\/moving-companies\/moving-companies-trinidad-and-tobago\/","title":{"rendered":"2 melhores empresas de mudan\u00e7a internacional em Trinidad e Tobago"},"content":{"rendered":"<p>Est\u00e1 planejando se mudar dentro, para ou de Trinidad e Tobago? Recorrer aos servi\u00e7os de um <a href=\"https:\/\/moverdb.com\/pt\/moving-companies\/\" data-internallinksmanager029f6b8e52c=\"79\" title=\"As 25 maiores empresas de mudan\u00e7as internacionais on-line\">empresa de mudan\u00e7as<\/a> pode facilitar o processo de mudan\u00e7a e reduzir o estresse envolvido. Abaixo, compilamos uma lista de empresas sediadas em Trinidad e Tobago <a href=\"https:\/\/moverdb.com\/pt\/international-removals\/\" data-internallinksmanager029f6b8e52c=\"27\" title=\"36 melhores empresas de mudan\u00e7as internacionais no Reino Unido\">empresas de mudan\u00e7as<\/a> que s\u00e3o membros do <a href=\"https:\/\/moverdb.com\/pt\/iam\/\" data-internallinksmanager029f6b8e52c=\"23\" title=\"Associa\u00e7\u00e3o Internacional de Remotores (IAM) Explicado\">Associa\u00e7\u00e3o Internacional de Movers<\/a> (IAM) e\/ou <a href=\"https:\/\/moverdb.com\/pt\/fidi-faim\/\" data-internallinksmanager029f6b8e52c=\"16\" title=\"FIDI &amp; FAIM (FIDI Accredited International Mover) Explicado\">FIDI<\/a> Credenciado pela International Mover (FAIM), que poderia ajud\u00e1-lo com sua mudan\u00e7a.<\/p>\n<h2><strong>1. AJ Mauritzen<\/strong><\/h2>\n<p><img loading=\"lazy\" decoding=\"async\" class=\"alignnone size-full wp-image-10072\" src=\"https:\/\/moverdb.com\/wp-content\/uploads\/AJ-Mauritzen-international-moving-company.png\" alt=\"Empresa de mudan\u00e7as internacionais AJ Mauritzen\" width=\"1440\" height=\"680\" data-wp-pid=\"10072\" srcset=\"https:\/\/moverdb.com\/wp-content\/uploads\/AJ-Mauritzen-international-moving-company.png 1440w, https:\/\/moverdb.com\/wp-content\/uploads\/AJ-Mauritzen-international-moving-company-300x142.png 300w, https:\/\/moverdb.com\/wp-content\/uploads\/AJ-Mauritzen-international-moving-company-1024x484.png 1024w, https:\/\/moverdb.com\/wp-content\/uploads\/AJ-Mauritzen-international-moving-company-18x9.png 18w, https:\/\/moverdb.com\/wp-content\/uploads\/AJ-Mauritzen-international-moving-company-600x283.png 600w\" sizes=\"auto, (max-width: 1440px) 100vw, 1440px\" \/><\/p>\n<ul>\n<li>Movimentos internacionais<\/li>\n<li>Mudan\u00e7as dom\u00e9sticas<\/li>\n<li>Movimentos comerciais<\/li>\n<li>Servi\u00e7os de reloca\u00e7\u00e3o<\/li>\n<li>Servi\u00e7o de embalagem<\/li>\n<li>Transporte terrestre, mar\u00edtimo e a\u00e9reo<\/li>\n<li>Desembara\u00e7o aduaneiro<\/li>\n<li>Seguros<\/li>\n<li>Transporte de animais<\/li>\n<li>Instala\u00e7\u00f5es de armazenamento<\/li>\n<\/ul>\n<p>A AJ Mauritzen \u00e9 uma empresa mundial de mudan\u00e7as, fundada em 1948 e sediada na Alemanha. <a href=\"https:\/\/moverdb.com\/pt\/top-49-container-ports\/\" data-internallinksmanager029f6b8e52c=\"80\" title=\"Os 49 maiores e mais movimentados portos de cont\u00eaineres em 2025\">Porto<\/a> de <a href=\"https:\/\/moverdb.com\/pt\/moving-to-spain\/\" data-internallinksmanager029f6b8e52c=\"266\" title=\"Mudando-se para a Espanha? 2026 Custos de Vida e Dicas de Reloca\u00e7\u00e3o\">Espanha<\/a>. Eles t\u00eam acesso a cerca de 600 organiza\u00e7\u00f5es internacionais de mudan\u00e7a que podem ajud\u00e1-los com servi\u00e7os de mudan\u00e7a em todo o mundo. Eles s\u00e3o membros da IAM e s\u00e3o credenciados pela FIDI.<\/p>\n<p>A AJ Mauritzen oferece um servi\u00e7o de embalagem que inclui a prote\u00e7\u00e3o de seus itens e cuidados extras para itens fr\u00e1geis, como caixas e caixotes personalizados. Eles oferecem transporte terrestre, mar\u00edtimo ou a\u00e9reo com libera\u00e7\u00e3o alfandeg\u00e1ria. Eles tamb\u00e9m oferecem realoca\u00e7\u00e3o de animais de estima\u00e7\u00e3o e gerenciamento de realoca\u00e7\u00e3o de destino, incluindo busca de casas e escolas, orienta\u00e7\u00e3o, vistos e permiss\u00f5es.<\/p>\n<p>Website: <a href=\"http:\/\/www.ajmauritzen.com\" target=\"_blank\" rel=\"noopener\">http:\/\/www.ajmauritzen.com<\/a><\/p>\n<h2><strong>2. Azee Shipping &amp; Trading<\/strong><\/h2>\n<p><img loading=\"lazy\" decoding=\"async\" class=\"alignnone size-full wp-image-10086\" src=\"https:\/\/moverdb.com\/wp-content\/uploads\/Azee-Shipping-international-moving-company.png\" alt=\"Azee Shipping empresa de mudan\u00e7as internacionais\" width=\"1440\" height=\"680\" data-wp-pid=\"10086\" srcset=\"https:\/\/moverdb.com\/wp-content\/uploads\/Azee-Shipping-international-moving-company.png 1440w, https:\/\/moverdb.com\/wp-content\/uploads\/Azee-Shipping-international-moving-company-300x142.png 300w, https:\/\/moverdb.com\/wp-content\/uploads\/Azee-Shipping-international-moving-company-1024x484.png 1024w, https:\/\/moverdb.com\/wp-content\/uploads\/Azee-Shipping-international-moving-company-18x9.png 18w, https:\/\/moverdb.com\/wp-content\/uploads\/Azee-Shipping-international-moving-company-600x283.png 600w\" sizes=\"auto, (max-width: 1440px) 100vw, 1440px\" \/><\/p>\n<ul>\n<li>Movimentos nacionais<\/li>\n<li>Movimentos internacionais<\/li>\n<li>Mudan\u00e7as dom\u00e9sticas<\/li>\n<li>Servi\u00e7o porta a porta ou porta a porta<\/li>\n<li>Embalagem especializada<\/li>\n<li>Transporte a\u00e9reo, mar\u00edtimo e terrestre<\/li>\n<li>Despachos aduaneiros<\/li>\n<li><a href=\"https:\/\/moverdb.com\/pt\/car-transport-shipping\/\" data-internallinksmanager029f6b8e52c=\"2\" title=\"2026 Cota\u00e7\u00f5es de transporte internacional de carros e envio de ve\u00edculos\">Transporte de ve\u00edculos<\/a><\/li>\n<li>Realoca\u00e7\u00e3o de animais<\/li>\n<li>Instala\u00e7\u00f5es de armazenamento<\/li>\n<\/ul>\n<p>A Azee Shipping &amp; Trading \u00e9 uma empresa <a href=\"https:\/\/moverdb.com\/pt\/freight-forwarder\/\" data-internallinksmanager029f6b8e52c=\"17\" title=\"Freight Forwarder &amp; NVOCC International Cost &amp; Companies Guide\">agente de cargas<\/a> A empresa \u00e9 uma empresa de mudan\u00e7as que atua em nome de outras empresas de mudan\u00e7as e est\u00e1 sediada em San Juan. Eles fazem parte de uma rede internacional de agentes de mudan\u00e7a que trabalham juntos para prestar servi\u00e7os em todo o mundo. Eles s\u00e3o membros da IAM.<\/p>\n<p>A Azee Shipping &amp; Trading oferece servi\u00e7os de mudan\u00e7a porta a porta ou porta a porta que incluem servi\u00e7os especializados de embalagem e encaixotamento prestados por uma equipe de embalagem treinada. Eles embalam seus pertences adequadamente para o meio de transporte escolhido, seja ele a\u00e9reo, mar\u00edtimo ou rodovi\u00e1rio. Eles oferecem servi\u00e7os de realoca\u00e7\u00e3o para funcion\u00e1rios e diplomatas.<\/p>\n<p>Website: <a href=\"http:\/\/www.azeeshipping.com\" target=\"_blank\" rel=\"noopener\">http:\/\/www.azeeshipping.com<\/a><\/p>","protected":false},"excerpt":{"rendered":"<p>Are you planning on moving within, to or from Trinidad and Tobago? Enlisting the services of a moving company can ease the moving process and reduce the stress involved. Below we have compiled a list of Trinidad and Tobago based removal companies that are members of the International Association of Movers (IAM) and\/or FIDI Accredited [&hellip;]<\/p>\n","protected":false},"author":4,"featured_media":10072,"parent":190,"menu_order":0,"comment_status":"closed","ping_status":"closed","template":"","meta":{"_genesis_hide_title":false,"_genesis_hide_breadcrumbs":false,"_genesis_hide_singular_image":false,"_genesis_hide_footer_widgets":false,"_genesis_custom_body_class":"","_genesis_custom_post_class":"","_genesis_layout":"","footnotes":""},"class_list":{"0":"post-10236","1":"page","2":"type-page","3":"status-publish","4":"has-post-thumbnail","6":"entry"},"_links":{"self":[{"href":"https:\/\/moverdb.com\/pt\/wp-json\/wp\/v2\/pages\/10236","targetHints":{"allow":["GET"]}}],"collection":[{"href":"https:\/\/moverdb.com\/pt\/wp-json\/wp\/v2\/pages"}],"about":[{"href":"https:\/\/moverdb.com\/pt\/wp-json\/wp\/v2\/types\/page"}],"author":[{"embeddable":true,"href":"https:\/\/moverdb.com\/pt\/wp-json\/wp\/v2\/users\/4"}],"replies":[{"embeddable":true,"href":"https:\/\/moverdb.com\/pt\/wp-json\/wp\/v2\/comments?post=10236"}],"version-history":[{"count":3,"href":"https:\/\/moverdb.com\/pt\/wp-json\/wp\/v2\/pages\/10236\/revisions"}],"predecessor-version":[{"id":10284,"href":"https:\/\/moverdb.com\/pt\/wp-json\/wp\/v2\/pages\/10236\/revisions\/10284"}],"up":[{"embeddable":true,"href":"https:\/\/moverdb.com\/pt\/wp-json\/wp\/v2\/pages\/190"}],"wp:featuredmedia":[{"embeddable":true,"href":"https:\/\/moverdb.com\/pt\/wp-json\/wp\/v2\/media\/10072"}],"wp:attachment":[{"href":"https:\/\/moverdb.com\/pt\/wp-json\/wp\/v2\/media?parent=10236"}],"curies":[{"name":"wp","href":"https:\/\/api.w.org\/{rel}","templated":true}]}}