{"id":10223,"date":"2023-06-22T15:50:48","date_gmt":"2023-06-22T15:50:48","guid":{"rendered":"https:\/\/moverdb.com\/?page_id=10223"},"modified":"2026-01-08T15:30:17","modified_gmt":"2026-01-08T15:30:17","slug":"moving-companies-syria","status":"publish","type":"page","link":"https:\/\/moverdb.com\/pt\/moving-companies\/moving-companies-syria\/","title":{"rendered":"Melhores empresas de mudan\u00e7a internacional na S\u00edria"},"content":{"rendered":"<p>A mudan\u00e7a pode ser estressante e complexa se voc\u00ea estiver se mudando para outro pa\u00eds, portanto, contratar um <a href=\"https:\/\/moverdb.com\/pt\/moving-companies\/\" data-internallinksmanager029f6b8e52c=\"79\" title=\"As 25 maiores empresas de mudan\u00e7as internacionais on-line\">empresa de mudan\u00e7as<\/a> para ajud\u00e1-lo a aliviar sua carga. Abaixo, compilamos uma lista de servi\u00e7os s\u00edrios <a href=\"https:\/\/moverdb.com\/pt\/international-removals\/\" data-internallinksmanager029f6b8e52c=\"27\" title=\"36 melhores empresas de mudan\u00e7as internacionais no Reino Unido\">empresas de mudan\u00e7as<\/a> que s\u00e3o membros do <a href=\"https:\/\/moverdb.com\/pt\/iam\/\" data-internallinksmanager029f6b8e52c=\"23\" title=\"Associa\u00e7\u00e3o Internacional de Remotores (IAM) Explicado\">Associa\u00e7\u00e3o Internacional de Movers<\/a> (IAM) e\/ou <a href=\"https:\/\/moverdb.com\/pt\/fidi-faim\/\" data-internallinksmanager029f6b8e52c=\"16\" title=\"FIDI &amp; FAIM (FIDI Accredited International Mover) Explicado\">FIDI<\/a> Credenciado pela International Mover (FAIM), que poderia ajud\u00e1-lo com sua mudan\u00e7a.<\/p>\n<h2><strong>Dahbar International<\/strong><\/h2>\n<p><img loading=\"lazy\" decoding=\"async\" class=\"alignnone size-full wp-image-10096\" src=\"https:\/\/moverdb.com\/wp-content\/uploads\/Dahbar-International-moving-company.png\" alt=\"Empresa de mudan\u00e7as internacionais Dahbar\" width=\"1440\" height=\"882\" data-wp-pid=\"10096\" srcset=\"https:\/\/moverdb.com\/wp-content\/uploads\/Dahbar-International-moving-company.png 1440w, https:\/\/moverdb.com\/wp-content\/uploads\/Dahbar-International-moving-company-300x184.png 300w, https:\/\/moverdb.com\/wp-content\/uploads\/Dahbar-International-moving-company-1024x627.png 1024w, https:\/\/moverdb.com\/wp-content\/uploads\/Dahbar-International-moving-company-18x12.png 18w, https:\/\/moverdb.com\/wp-content\/uploads\/Dahbar-International-moving-company-600x368.png 600w\" sizes=\"auto, (max-width: 1440px) 100vw, 1440px\" \/><\/p>\n<ul>\n<li>Movimentos nacionais<\/li>\n<li>Movimentos internacionais<\/li>\n<li>Mudan\u00e7as dom\u00e9sticas<\/li>\n<li>Coordenador de mudan\u00e7a designado<\/li>\n<li>Servi\u00e7o porta-a-porta<\/li>\n<li>Servi\u00e7o de embalagem<\/li>\n<li>Carga mar\u00edtima, a\u00e9rea e terrestre<\/li>\n<li>Desembara\u00e7o aduaneiro<\/li>\n<li>Seguros<\/li>\n<li>Instala\u00e7\u00f5es de armazenamento seguras<\/li>\n<\/ul>\n<p>A Dahbar International \u00e9 uma empresa de mudan\u00e7as internacionais fundada em 1963 e sediada em Damasco. Eles t\u00eam uma rede global de 900 parceiros de servi\u00e7os em quase todas as grandes cidades para ajud\u00e1-los. Eles s\u00e3o membros da IAM, com 60 anos de servi\u00e7o.<\/p>\n<p>A Dahbar International oferece um servi\u00e7o de mudan\u00e7a porta a porta e um Coordenador de Mudan\u00e7a designado, que fornecer\u00e1 orienta\u00e7\u00e3o de planejamento individual. Eles oferecem um servi\u00e7o de embalagem para proteger seus pertences, incluindo caixas para itens fr\u00e1geis, e etiquetam tudo com c\u00f3digo de barras. Eles oferecem transporte por frete mar\u00edtimo, a\u00e9reo ou terrestre com libera\u00e7\u00e3o alfandeg\u00e1ria para importa\u00e7\u00f5es e exporta\u00e7\u00f5es.<\/p>\n<p>Website: <a href=\"http:\/\/www.dahbar.com\" target=\"_blank\" rel=\"noopener\">http:\/\/www.dahbar.com<\/a><\/p>","protected":false},"excerpt":{"rendered":"<p>Moving can be stressful and complex if you are moving to another country so employing a moving company to assist you can help lighten your load. Below we have compiled a list of Syrian removal companies that are members of the International Association of Movers (IAM) and\/or FIDI Accredited International Mover (FAIM) who could help [&hellip;]<\/p>\n","protected":false},"author":4,"featured_media":10096,"parent":190,"menu_order":0,"comment_status":"closed","ping_status":"closed","template":"","meta":{"_genesis_hide_title":false,"_genesis_hide_breadcrumbs":false,"_genesis_hide_singular_image":false,"_genesis_hide_footer_widgets":false,"_genesis_custom_body_class":"","_genesis_custom_post_class":"","_genesis_layout":"","footnotes":""},"class_list":{"0":"post-10223","1":"page","2":"type-page","3":"status-publish","4":"has-post-thumbnail","6":"entry"},"_links":{"self":[{"href":"https:\/\/moverdb.com\/pt\/wp-json\/wp\/v2\/pages\/10223","targetHints":{"allow":["GET"]}}],"collection":[{"href":"https:\/\/moverdb.com\/pt\/wp-json\/wp\/v2\/pages"}],"about":[{"href":"https:\/\/moverdb.com\/pt\/wp-json\/wp\/v2\/types\/page"}],"author":[{"embeddable":true,"href":"https:\/\/moverdb.com\/pt\/wp-json\/wp\/v2\/users\/4"}],"replies":[{"embeddable":true,"href":"https:\/\/moverdb.com\/pt\/wp-json\/wp\/v2\/comments?post=10223"}],"version-history":[{"count":1,"href":"https:\/\/moverdb.com\/pt\/wp-json\/wp\/v2\/pages\/10223\/revisions"}],"predecessor-version":[{"id":10224,"href":"https:\/\/moverdb.com\/pt\/wp-json\/wp\/v2\/pages\/10223\/revisions\/10224"}],"up":[{"embeddable":true,"href":"https:\/\/moverdb.com\/pt\/wp-json\/wp\/v2\/pages\/190"}],"wp:featuredmedia":[{"embeddable":true,"href":"https:\/\/moverdb.com\/pt\/wp-json\/wp\/v2\/media\/10096"}],"wp:attachment":[{"href":"https:\/\/moverdb.com\/pt\/wp-json\/wp\/v2\/media?parent=10223"}],"curies":[{"name":"wp","href":"https:\/\/api.w.org\/{rel}","templated":true}]}}