{"id":10215,"date":"2023-06-22T15:54:43","date_gmt":"2023-06-22T15:54:43","guid":{"rendered":"https:\/\/moverdb.com\/?page_id=10215"},"modified":"2026-01-08T15:29:29","modified_gmt":"2026-01-08T15:29:29","slug":"moving-companies-sri-lanka","status":"publish","type":"page","link":"https:\/\/moverdb.com\/pt\/moving-companies\/moving-companies-sri-lanka\/","title":{"rendered":"7 melhores empresas de mudan\u00e7a internacional no Sri Lanka"},"content":{"rendered":"<p>Est\u00e1 planejando se mudar? Ent\u00e3o, talvez voc\u00ea queira contratar os servi\u00e7os de um <a href=\"https:\/\/moverdb.com\/pt\/moving-companies\/\" data-internallinksmanager029f6b8e52c=\"79\" title=\"As 25 maiores empresas de mudan\u00e7as internacionais on-line\">empresa de mudan\u00e7as<\/a> pois eles podem ajud\u00e1-lo a embalar, transportar e lidar com a alf\u00e2ndega ao se mudar para o exterior. Abaixo, compilamos uma lista de empresas sediadas no Sri Lanka <a href=\"https:\/\/moverdb.com\/pt\/international-removals\/\" data-internallinksmanager029f6b8e52c=\"27\" title=\"36 melhores empresas de mudan\u00e7as internacionais no Reino Unido\">empresas de mudan\u00e7as<\/a> que s\u00e3o membros do <a href=\"https:\/\/moverdb.com\/pt\/iam\/\" data-internallinksmanager029f6b8e52c=\"23\" title=\"Associa\u00e7\u00e3o Internacional de Remotores (IAM) Explicado\">Associa\u00e7\u00e3o Internacional de Movers<\/a> (IAM) e\/ou <a href=\"https:\/\/moverdb.com\/pt\/fidi-faim\/\" data-internallinksmanager029f6b8e52c=\"16\" title=\"FIDI &amp; FAIM (FIDI Accredited International Mover) Explicado\">FIDI<\/a> Credenciado pela International Mover (FAIM), que poderia ajud\u00e1-lo com sua mudan\u00e7a.<\/p>\n<div id=\"ez-toc-container\" class=\"ez-toc-v2_0_83 ez-toc-wrap-left counter-hierarchy ez-toc-counter ez-toc-transparent ez-toc-container-direction\">\n<div class=\"ez-toc-title-container\">\n<p class=\"ez-toc-title\" style=\"cursor:inherit\">Se\u00e7\u00f5es<\/p>\n<span class=\"ez-toc-title-toggle\"><a href=\"#\" class=\"ez-toc-pull-right ez-toc-btn ez-toc-btn-xs ez-toc-btn-default ez-toc-toggle\" aria-label=\"Alternar tabela de conte\u00fado\"><span class=\"ez-toc-js-icon-con\"><span class=\"\"><span class=\"eztoc-hide\" style=\"display:none;\">Alternar<\/span><span class=\"ez-toc-icon-toggle-span\"><svg style=\"fill: #999;color:#999\" xmlns=\"http:\/\/www.w3.org\/2000\/svg\" class=\"list-377408\" width=\"20px\" height=\"20px\" viewbox=\"0 0 24 24\" fill=\"none\"><path d=\"M6 6H4v2h2V6zm14 0H8v2h12V6zM4 11h2v2H4v-2zm16 0H8v2h12v-2zM4 16h2v2H4v-2zm16 0H8v2h12v-2z\" fill=\"currentColor\"><\/path><\/svg><svg style=\"fill: #999;color:#999\" class=\"arrow-unsorted-368013\" xmlns=\"http:\/\/www.w3.org\/2000\/svg\" width=\"10px\" height=\"10px\" viewbox=\"0 0 24 24\" version=\"1.2\" baseprofile=\"tiny\"><path d=\"M18.2 9.3l-6.2-6.3-6.2 6.3c-.2.2-.3.4-.3.7s.1.5.3.7c.2.2.4.3.7.3h11c.3 0 .5-.1.7-.3.2-.2.3-.5.3-.7s-.1-.5-.3-.7zM5.8 14.7l6.2 6.3 6.2-6.3c.2-.2.3-.5.3-.7s-.1-.5-.3-.7c-.2-.2-.4-.3-.7-.3h-11c-.3 0-.5.1-.7.3-.2.2-.3.5-.3.7s.1.5.3.7z\"\/><\/svg><\/span><\/span><\/span><\/a><\/span><\/div>\n<nav><ul class='ez-toc-list ez-toc-list-level-1 eztoc-toggle-hide-by-default' ><li class='ez-toc-page-1 ez-toc-heading-level-2'><a class=\"ez-toc-link ez-toc-heading-1\" href=\"https:\/\/moverdb.com\/pt\/moving-companies\/moving-companies-sri-lanka\/#1_Aitken_Spence\" >1. Aitken Spence<\/a><\/li><li class='ez-toc-page-1 ez-toc-heading-level-2'><a class=\"ez-toc-link ez-toc-heading-2\" href=\"https:\/\/moverdb.com\/pt\/moving-companies\/moving-companies-sri-lanka\/#2_Asian_Movers\" >2. Movimentadores asi\u00e1ticos<\/a><\/li><li class='ez-toc-page-1 ez-toc-heading-level-2'><a class=\"ez-toc-link ez-toc-heading-3\" href=\"https:\/\/moverdb.com\/pt\/moving-companies\/moving-companies-sri-lanka\/#3_Don_Carolis_Sons\" >3. Don Carolis &amp; Sons<\/a><\/li><li class='ez-toc-page-1 ez-toc-heading-level-2'><a class=\"ez-toc-link ez-toc-heading-4\" href=\"https:\/\/moverdb.com\/pt\/moving-companies\/moving-companies-sri-lanka\/#4_Horizon_Relocations\" >4. Realoca\u00e7\u00f5es do Horizon<\/a><\/li><li class='ez-toc-page-1 ez-toc-heading-level-2'><a class=\"ez-toc-link ez-toc-heading-5\" href=\"https:\/\/moverdb.com\/pt\/moving-companies\/moving-companies-sri-lanka\/#5_Trans_World_Movers\" >5. Trans World Movers<\/a><\/li><li class='ez-toc-page-1 ez-toc-heading-level-2'><a class=\"ez-toc-link ez-toc-heading-6\" href=\"https:\/\/moverdb.com\/pt\/moving-companies\/moving-companies-sri-lanka\/#6_Trans-Global_Relocations\" >6. Realoca\u00e7\u00f5es transglobais<\/a><\/li><li class='ez-toc-page-1 ez-toc-heading-level-2'><a class=\"ez-toc-link ez-toc-heading-7\" href=\"https:\/\/moverdb.com\/pt\/moving-companies\/moving-companies-sri-lanka\/#7_Worldwide_Movers\" >7. Mudan\u00e7as Mundiais<\/a><\/li><\/ul><\/nav><\/div>\n<h2><span class=\"ez-toc-section\" id=\"1_Aitken_Spence\"><\/span><strong>1. Aitken Spence<\/strong><span class=\"ez-toc-section-end\"><\/span><\/h2>\n<p><img loading=\"lazy\" decoding=\"async\" class=\"alignnone size-full wp-image-10071\" src=\"https:\/\/moverdb.com\/wp-content\/uploads\/Aitken-Spence-international-moving-company.png\" alt=\"Empresa de mudan\u00e7as internacionais Aitken Spence\" width=\"1440\" height=\"676\" data-wp-pid=\"10071\" srcset=\"https:\/\/moverdb.com\/wp-content\/uploads\/Aitken-Spence-international-moving-company.png 1440w, https:\/\/moverdb.com\/wp-content\/uploads\/Aitken-Spence-international-moving-company-300x141.png 300w, https:\/\/moverdb.com\/wp-content\/uploads\/Aitken-Spence-international-moving-company-1024x481.png 1024w, https:\/\/moverdb.com\/wp-content\/uploads\/Aitken-Spence-international-moving-company-18x8.png 18w, https:\/\/moverdb.com\/wp-content\/uploads\/Aitken-Spence-international-moving-company-600x282.png 600w\" sizes=\"auto, (max-width: 1440px) 100vw, 1440px\" \/><\/p>\n<ul>\n<li>Movimentos nacionais<\/li>\n<li>Movimentos internacionais<\/li>\n<li>Mudan\u00e7as dom\u00e9sticas<\/li>\n<li>Log\u00edstica da empresa<\/li>\n<li>Servi\u00e7os de exposi\u00e7\u00e3o<\/li>\n<li>Solu\u00e7\u00f5es de ponta a ponta<\/li>\n<li>Carga a\u00e9rea, mar\u00edtima e terrestre<\/li>\n<li>Desembara\u00e7o aduaneiro<\/li>\n<li>Mudan\u00e7as de animais de estima\u00e7\u00e3o<\/li>\n<li>Instala\u00e7\u00f5es de armazenamento<\/li>\n<\/ul>\n<p>A Aitken Spence \u00e9 uma empresa multissetorial que opera desde 1868 e est\u00e1 presente em oito pa\u00edses, incluindo Colombo, Sri Lanka. Suas atividades de agenciamento de frete incluem mudan\u00e7as e realoca\u00e7\u00f5es. A empresa utiliza suas pr\u00f3prias filiais e uma rede global de empresas de com\u00e9rcio e log\u00edstica para dar suporte. A empresa \u00e9 membro da IAM, com 44 anos de servi\u00e7o.<\/p>\n<p>A Aitken Spence oferece solu\u00e7\u00f5es integradas de ponta a ponta com sua presen\u00e7a global. Eles fornecem servi\u00e7os de mudan\u00e7as e realoca\u00e7\u00e3o sem complica\u00e7\u00f5es para propriet\u00e1rios de casas que se mudam para qualquer lugar do mundo. Eles podem transportar seus pertences e seus animais de estima\u00e7\u00e3o para sua nova casa. Eles providenciar\u00e3o o transporte com libera\u00e7\u00e3o alfandeg\u00e1ria.<\/p>\n<p>Website: <a href=\"http:\/\/www.acecargo.lk\" target=\"_blank\" rel=\"noopener\">http:\/\/www.acecargo.lk<\/a><\/p>\n<h2><span class=\"ez-toc-section\" id=\"2_Asian_Movers\"><\/span><strong>2. Movimentadores asi\u00e1ticos<\/strong><span class=\"ez-toc-section-end\"><\/span><\/h2>\n<p><img loading=\"lazy\" decoding=\"async\" class=\"alignnone size-full wp-image-10079\" src=\"https:\/\/moverdb.com\/wp-content\/uploads\/Asian-Movers-international-moving-company.png\" alt=\"Asian Movers empresa de mudan\u00e7as internacionais\" width=\"1440\" height=\"681\" data-wp-pid=\"10079\" srcset=\"https:\/\/moverdb.com\/wp-content\/uploads\/Asian-Movers-international-moving-company.png 1440w, https:\/\/moverdb.com\/wp-content\/uploads\/Asian-Movers-international-moving-company-300x142.png 300w, https:\/\/moverdb.com\/wp-content\/uploads\/Asian-Movers-international-moving-company-1024x484.png 1024w, https:\/\/moverdb.com\/wp-content\/uploads\/Asian-Movers-international-moving-company-18x9.png 18w, https:\/\/moverdb.com\/wp-content\/uploads\/Asian-Movers-international-moving-company-600x284.png 600w\" sizes=\"auto, (max-width: 1440px) 100vw, 1440px\" \/><\/p>\n<ul>\n<li>Movimentos locais e nacionais<\/li>\n<li>Movimentos internacionais<\/li>\n<li>Mudan\u00e7as dom\u00e9sticas<\/li>\n<li>Mudan\u00e7as corporativas e de escrit\u00f3rios<\/li>\n<li>Servi\u00e7o porta-a-porta<\/li>\n<li>Servi\u00e7o de embalagem<\/li>\n<li>Transporte rodovi\u00e1rio, mar\u00edtimo e a\u00e9reo<\/li>\n<li>Desembara\u00e7o aduaneiro<\/li>\n<li>Seguros<\/li>\n<li>Solu\u00e7\u00f5es de armazenamento<\/li>\n<\/ul>\n<p>A Asian Movers \u00e9 uma empresa de solu\u00e7\u00f5es de mudan\u00e7as personalizadas fundada no Sri Lanka e a <a href=\"https:\/\/moverdb.com\/pt\/moving-to-the-maldives\/\" data-internallinksmanager029f6b8e52c=\"387\" title=\"Est\u00e1 se mudando para as Maldivas? 2026 Custo de vida e dicas de realoca\u00e7\u00e3o\">Maldivas<\/a> em 2013. Eles t\u00eam um alcance global para seus servi\u00e7os por meio de sua participa\u00e7\u00e3o em associa\u00e7\u00f5es internacionais de mudan\u00e7as. Eles s\u00e3o membros da IAM com 10 anos de servi\u00e7o.<\/p>\n<p>A Asian Movers oferece um servi\u00e7o de mudan\u00e7a sob medida, quer voc\u00ea precise de um servi\u00e7o de mudan\u00e7a completo ou apenas de um caminh\u00e3o e carregadores. O servi\u00e7o porta a porta pode incluir a embalagem segura de todos os seus pertences e a cria\u00e7\u00e3o de um invent\u00e1rio, o carregamento, o transporte at\u00e9 o destino e o descarregamento. Eles auxiliam com a documenta\u00e7\u00e3o de carga e libera\u00e7\u00e3o alfandeg\u00e1ria, bem como com o seguro.<\/p>\n<p>Website: <a href=\"http:\/\/www.asianmovers.com\/\" target=\"_blank\" rel=\"noopener\">http:\/\/www.asianmovers.com\/<\/a><\/p>\n<h2><span class=\"ez-toc-section\" id=\"3_Don_Carolis_Sons\"><\/span><strong>3. Don Carolis &amp; Sons<\/strong><span class=\"ez-toc-section-end\"><\/span><\/h2>\n<p><em><img loading=\"lazy\" decoding=\"async\" class=\"alignnone size-full wp-image-10102\" src=\"https:\/\/moverdb.com\/wp-content\/uploads\/Don-Carolis-Sons-international-moving-company.png\" alt=\"Empresa de mudan\u00e7as internacionais Don Carolis &amp; Sons\" width=\"1440\" height=\"679\" data-wp-pid=\"10102\" srcset=\"https:\/\/moverdb.com\/wp-content\/uploads\/Don-Carolis-Sons-international-moving-company.png 1440w, https:\/\/moverdb.com\/wp-content\/uploads\/Don-Carolis-Sons-international-moving-company-300x141.png 300w, https:\/\/moverdb.com\/wp-content\/uploads\/Don-Carolis-Sons-international-moving-company-1024x483.png 1024w, https:\/\/moverdb.com\/wp-content\/uploads\/Don-Carolis-Sons-international-moving-company-18x8.png 18w, https:\/\/moverdb.com\/wp-content\/uploads\/Don-Carolis-Sons-international-moving-company-600x283.png 600w\" sizes=\"auto, (max-width: 1440px) 100vw, 1440px\" \/><\/em><\/p>\n<ul>\n<li>Movimentos nacionais<\/li>\n<li>Movimentos internacionais<\/li>\n<li>Mudan\u00e7as dom\u00e9sticas<\/li>\n<li>Mudan\u00e7as organizacionais<\/li>\n<li>Servi\u00e7o sob medida<\/li>\n<li>Coordenador de mudan\u00e7as<\/li>\n<li>Servi\u00e7o de embalagem<\/li>\n<li>Provid\u00eancias de transporte<\/li>\n<li>Op\u00e7\u00f5es de desempacotamento<\/li>\n<li>Prote\u00e7\u00e3o de valor total<\/li>\n<\/ul>\n<p>A Don Carolis &amp; Sons \u00e9 uma fabricante, varejista e exportadora de m\u00f3veis que opera h\u00e1 mais de 150 anos e est\u00e1 sediada em Colombo. Eles s\u00e3o membros da IAM, o que lhes d\u00e1 acesso a uma rede internacional de agentes de mudan\u00e7a para apoi\u00e1-los em mudan\u00e7as internacionais.<\/p>\n<p>A Don Carolis &amp; Sons oferece um servi\u00e7o de embalagem sob medida para atender \u00e0s suas necessidades em termos de cronograma, or\u00e7amento e pertences, al\u00e9m de fornecer um coordenador de mudan\u00e7as para apoi\u00e1-lo durante toda a mudan\u00e7a. Eles cuidar\u00e3o de seus pertences, incluindo carregamento, transporte e descarregamento em todos os planos. Os planos incluem desempacotamento, desempacotamento parcial e coloca\u00e7\u00e3o de m\u00f3veis, e desempacotamento completo.<\/p>\n<p>Website: <a href=\"http:\/\/www.doncarolis.com\" target=\"_blank\" rel=\"noopener\">http:\/\/www.doncarolis.com<\/a><\/p>\n<h2><span class=\"ez-toc-section\" id=\"4_Horizon_Relocations\"><\/span><strong>4. Realoca\u00e7\u00f5es do Horizon<\/strong><span class=\"ez-toc-section-end\"><\/span><\/h2>\n<p><img loading=\"lazy\" decoding=\"async\" class=\"alignnone size-full wp-image-10136\" src=\"https:\/\/moverdb.com\/wp-content\/uploads\/Horizon-Relocations-international-moving-company.png\" alt=\"Empresa de mudan\u00e7as internacionais Horizon Relocations\" width=\"1440\" height=\"626\" data-wp-pid=\"10136\" srcset=\"https:\/\/moverdb.com\/wp-content\/uploads\/Horizon-Relocations-international-moving-company.png 1440w, https:\/\/moverdb.com\/wp-content\/uploads\/Horizon-Relocations-international-moving-company-300x130.png 300w, https:\/\/moverdb.com\/wp-content\/uploads\/Horizon-Relocations-international-moving-company-1024x445.png 1024w, https:\/\/moverdb.com\/wp-content\/uploads\/Horizon-Relocations-international-moving-company-18x8.png 18w, https:\/\/moverdb.com\/wp-content\/uploads\/Horizon-Relocations-international-moving-company-600x261.png 600w\" sizes=\"auto, (max-width: 1440px) 100vw, 1440px\" \/><\/p>\n<ul>\n<li>Movimentos locais e nacionais<\/li>\n<li>Mudan\u00e7as internacionais<\/li>\n<li>Mudan\u00e7as dom\u00e9sticas<\/li>\n<li>Entrega de objetos pessoais<\/li>\n<li>Servi\u00e7o porta-a-porta<\/li>\n<li>Embalagem<\/li>\n<li>Provid\u00eancias de frete<\/li>\n<li>Desembara\u00e7o aduaneiro<\/li>\n<li>Seguros<\/li>\n<li>Instala\u00e7\u00f5es de armazenamento<\/li>\n<\/ul>\n<p>A Horizon Relocations \u00e9 uma empresa de mudan\u00e7a e realoca\u00e7\u00e3o nacional e internacional com sede em Colombo. Eles s\u00e3o membros da IAM, o que lhes d\u00e1 acesso a uma rede internacional de agentes de mudan\u00e7a que podem ajud\u00e1-los a fornecer servi\u00e7os internacionais.<\/p>\n<p>A Horizon Relocations oferece servi\u00e7os de mudan\u00e7a porta a porta para mudan\u00e7as locais, nacionais e internacionais de objetos pessoais e dom\u00e9sticos. Eles oferecem servi\u00e7os para volumes pequenos e grandes de itens, que podem incluir embalagens e inv\u00f3lucros para proteger os itens em tr\u00e2nsito, para que cheguem com seguran\u00e7a. Eles providenciar\u00e3o o tr\u00e2nsito de seus pertences por meio de transporte ou remessa para o seu destino com libera\u00e7\u00e3o alfandeg\u00e1ria.<\/p>\n<p>Website: <a href=\"http:\/\/www.horizonrelocations.lk\" target=\"_blank\" rel=\"noopener\">http:\/\/www.horizonrelocations.lk<\/a><\/p>\n<h2><span class=\"ez-toc-section\" id=\"5_Trans_World_Movers\"><\/span><strong>5. Trans World Movers<\/strong><span class=\"ez-toc-section-end\"><\/span><\/h2>\n<p><img loading=\"lazy\" decoding=\"async\" class=\"alignnone size-full wp-image-10196\" src=\"https:\/\/moverdb.com\/wp-content\/uploads\/Trans-World-Movers-international-moving-company.png\" alt=\"Trans World Movers empresa de mudan\u00e7as internacionais\" width=\"1440\" height=\"675\" data-wp-pid=\"10196\" srcset=\"https:\/\/moverdb.com\/wp-content\/uploads\/Trans-World-Movers-international-moving-company.png 1440w, https:\/\/moverdb.com\/wp-content\/uploads\/Trans-World-Movers-international-moving-company-300x141.png 300w, https:\/\/moverdb.com\/wp-content\/uploads\/Trans-World-Movers-international-moving-company-1024x480.png 1024w, https:\/\/moverdb.com\/wp-content\/uploads\/Trans-World-Movers-international-moving-company-18x8.png 18w, https:\/\/moverdb.com\/wp-content\/uploads\/Trans-World-Movers-international-moving-company-600x281.png 600w\" sizes=\"auto, (max-width: 1440px) 100vw, 1440px\" \/><\/p>\n<ul>\n<li>Mudan\u00e7as locais<\/li>\n<li>Movimentos internacionais<\/li>\n<li>Mudan\u00e7as dom\u00e9sticas<\/li>\n<li>Movimentos corporativos<\/li>\n<li>Solu\u00e7\u00f5es porta-a-porta<\/li>\n<li>Servi\u00e7o de embalagem<\/li>\n<li>Transporte a\u00e9reo, mar\u00edtimo e rodovi\u00e1rio<\/li>\n<li>Desembara\u00e7o aduaneiro<\/li>\n<li>Transporte de ve\u00edculos e animais de estima\u00e7\u00e3o<\/li>\n<li>Instala\u00e7\u00f5es de armazenamento<\/li>\n<\/ul>\n<p>A Trans World Movers \u00e9 uma empresa de solu\u00e7\u00f5es de mudan\u00e7a fundada em 1973 e sediada em Colombo, que presta servi\u00e7os a pessoas f\u00edsicas, diplomatas e corpora\u00e7\u00f5es. A empresa tem uma rede estabelecida de representantes e agentes em todo o mundo para apoi\u00e1-los em mudan\u00e7as internacionais. A empresa \u00e9 membro da IAM, com 50 anos de servi\u00e7o.<\/p>\n<p>A Trans World Movers oferece servi\u00e7os de mudan\u00e7a porta a porta em n\u00edvel local e internacional. Eles oferecem um servi\u00e7o de embalagem que atende aos padr\u00f5es internacionais para proteger os itens em tr\u00e2nsito. Eles organizar\u00e3o o tr\u00e2nsito de seus pertences por via rodovi\u00e1ria, a\u00e9rea e mar\u00edtima com libera\u00e7\u00e3o alfandeg\u00e1ria. Eles oferecem servi\u00e7os adicionais que incluem o manuseio de animais de estima\u00e7\u00e3o, <a href=\"https:\/\/moverdb.com\/pt\/car-transport-shipping\/\" data-internallinksmanager029f6b8e52c=\"2\" title=\"2026 Cota\u00e7\u00f5es de transporte internacional de carros e envio de ve\u00edculos\">transporte de ve\u00edculos<\/a> e solu\u00e7\u00f5es de armazenamento.<\/p>\n<p>Website: <a href=\"http:\/\/www.transworldmovers.com\" target=\"_blank\" rel=\"noopener\">http:\/\/www.transworldmovers.com<\/a><\/p>\n<h2><span class=\"ez-toc-section\" id=\"6_Trans-Global_Relocations\"><\/span><strong>6. Realoca\u00e7\u00f5es transglobais<\/strong><span class=\"ez-toc-section-end\"><\/span><\/h2>\n<p><img loading=\"lazy\" decoding=\"async\" class=\"alignnone size-full wp-image-10197\" src=\"https:\/\/moverdb.com\/wp-content\/uploads\/Trans-Global-Relocations-international-moving-company.png\" alt=\"Trans-Global Relocations empresa de mudan\u00e7as internacionais\" width=\"1440\" height=\"681\" data-wp-pid=\"10197\" srcset=\"https:\/\/moverdb.com\/wp-content\/uploads\/Trans-Global-Relocations-international-moving-company.png 1440w, https:\/\/moverdb.com\/wp-content\/uploads\/Trans-Global-Relocations-international-moving-company-300x142.png 300w, https:\/\/moverdb.com\/wp-content\/uploads\/Trans-Global-Relocations-international-moving-company-1024x484.png 1024w, https:\/\/moverdb.com\/wp-content\/uploads\/Trans-Global-Relocations-international-moving-company-18x9.png 18w, https:\/\/moverdb.com\/wp-content\/uploads\/Trans-Global-Relocations-international-moving-company-600x284.png 600w\" sizes=\"auto, (max-width: 1440px) 100vw, 1440px\" \/><\/p>\n<ul>\n<li>Movimentos locais e nacionais<\/li>\n<li>Movimentos internacionais<\/li>\n<li>Mudan\u00e7as dom\u00e9sticas<\/li>\n<li>Servi\u00e7o porta-a-porta<\/li>\n<li>Embalagem profissional<\/li>\n<li>Remessas mar\u00edtimas e a\u00e9reas<\/li>\n<li>Desembara\u00e7o aduaneiro<\/li>\n<li>Realoca\u00e7\u00e3o de animais<\/li>\n<li>Manuseio do carro<\/li>\n<li>Armazenamento seguro<\/li>\n<\/ul>\n<p>A Trans-Global Relocations \u00e9 uma empresa de mudan\u00e7as e realoca\u00e7\u00e3o sediada em Colombo. Ela \u00e9 membro da IAM, o que lhe proporciona uma rede internacional de agentes de mudan\u00e7a para trabalhar em mudan\u00e7as para o exterior.<\/p>\n<p>A Trans-Global Relocations oferece uma pesquisa em sua casa para avaliar suas necessidades de mudan\u00e7a e criar\u00e1 um plano de remo\u00e7\u00e3o com base em suas necessidades, que incluir\u00e1 orienta\u00e7\u00f5es sobre como se preparar e o m\u00e9todo de mudan\u00e7a mais econ\u00f4mico. Eles oferecem um servi\u00e7o porta a porta que inclui a embalagem profissional de seus pertences para garantir que eles viajem com seguran\u00e7a internacionalmente por via mar\u00edtima ou a\u00e9rea, com desembara\u00e7o aduaneiro completo. Eles tamb\u00e9m oferecem servi\u00e7os adicionais que incluem realoca\u00e7\u00e3o de animais de estima\u00e7\u00e3o, manuseio e armazenamento de carros.<\/p>\n<p>Website: <a href=\"http:\/\/www.t-grelo.com\" target=\"_blank\" rel=\"noopener\">http:\/\/www.t-grelo.com<\/a><\/p>\n<h2><span class=\"ez-toc-section\" id=\"7_Worldwide_Movers\"><\/span><strong>7. Mudan\u00e7as Mundiais<\/strong><span class=\"ez-toc-section-end\"><\/span><\/h2>\n<p><img loading=\"lazy\" decoding=\"async\" class=\"alignnone size-full wp-image-10209\" src=\"https:\/\/moverdb.com\/wp-content\/uploads\/Worldwide-Movers-international-moving-company.png\" alt=\"Worldwide Movers empresa de mudan\u00e7as internacionais\" width=\"1440\" height=\"674\" data-wp-pid=\"10209\" srcset=\"https:\/\/moverdb.com\/wp-content\/uploads\/Worldwide-Movers-international-moving-company.png 1440w, https:\/\/moverdb.com\/wp-content\/uploads\/Worldwide-Movers-international-moving-company-300x140.png 300w, https:\/\/moverdb.com\/wp-content\/uploads\/Worldwide-Movers-international-moving-company-1024x479.png 1024w, https:\/\/moverdb.com\/wp-content\/uploads\/Worldwide-Movers-international-moving-company-18x8.png 18w, https:\/\/moverdb.com\/wp-content\/uploads\/Worldwide-Movers-international-moving-company-600x281.png 600w\" sizes=\"auto, (max-width: 1440px) 100vw, 1440px\" \/><\/p>\n<ul>\n<li>Movimentos nacionais<\/li>\n<li>Movimentos internacionais<\/li>\n<li>Mudan\u00e7as dom\u00e9sticas<\/li>\n<li>Servi\u00e7os de reloca\u00e7\u00e3o<\/li>\n<li>De porta em porta ou de porta em porta<a href=\"https:\/\/moverdb.com\/pt\/top-49-container-ports\/\" data-internallinksmanager029f6b8e52c=\"80\" title=\"Os 49 maiores e mais movimentados portos de cont\u00eaineres em 2025\">porto<\/a> servi\u00e7o<\/li>\n<li>Servi\u00e7o de embalagem<\/li>\n<li>Transporte por terra, ar ou mar<\/li>\n<li>Despachos aduaneiros<\/li>\n<li>Manuseio de animais de estima\u00e7\u00e3o<\/li>\n<li>Transporte de ve\u00edculos<\/li>\n<\/ul>\n<p>A Worldwide Movers \u00e9 uma empresa de embalagem e mudan\u00e7a que foi criada em 2009 e est\u00e1 sediada em Colombo. A empresa \u00e9 membro da IAM, com 15 anos de servi\u00e7o, e tamb\u00e9m \u00e9 membro da Asian Relocation Association (Associa\u00e7\u00e3o Asi\u00e1tica de Mudan\u00e7a). Essas associa\u00e7\u00f5es permitem que ela forne\u00e7a servi\u00e7os de mudan\u00e7a em qualquer lugar do mundo.<\/p>\n<p>A Worldwide Movers oferece mudan\u00e7as porta-a-porta ou porta-a-porta em n\u00edvel nacional e internacional. Eles oferecem um servi\u00e7o de embalagem que inclui o empacotamento seguro de seus itens, a desmontagem e a remontagem de m\u00f3veis e utens\u00edlios. Eles tamb\u00e9m podem ajudar a transportar seus ve\u00edculos e animais de estima\u00e7\u00e3o com voc\u00ea. Eles oferecem servi\u00e7os de realoca\u00e7\u00e3o que incluem busca de casas e escolas, orienta\u00e7\u00e3o, passeios pela \u00e1rea e servi\u00e7os de limpeza.<\/p>\n<p>Website: <a href=\"https:\/\/w-movers.com\/\" target=\"_blank\" rel=\"noopener\">https:\/\/w-movers.com\/<\/a><\/p>","protected":false},"excerpt":{"rendered":"<p>Are you planning on moving? Then you may want to enlist the services of a moving company as they can assist you with packing, transportation and handling customs when moving abroad. Below we have compiled a list of Sri Lanka based removal companies that are members of the International Association of Movers (IAM) and\/or FIDI [&hellip;]<\/p>\n","protected":false},"author":4,"featured_media":10071,"parent":190,"menu_order":0,"comment_status":"closed","ping_status":"closed","template":"","meta":{"_genesis_hide_title":false,"_genesis_hide_breadcrumbs":false,"_genesis_hide_singular_image":false,"_genesis_hide_footer_widgets":false,"_genesis_custom_body_class":"","_genesis_custom_post_class":"","_genesis_layout":"","footnotes":""},"class_list":{"0":"post-10215","1":"page","2":"type-page","3":"status-publish","4":"has-post-thumbnail","6":"entry"},"_links":{"self":[{"href":"https:\/\/moverdb.com\/pt\/wp-json\/wp\/v2\/pages\/10215","targetHints":{"allow":["GET"]}}],"collection":[{"href":"https:\/\/moverdb.com\/pt\/wp-json\/wp\/v2\/pages"}],"about":[{"href":"https:\/\/moverdb.com\/pt\/wp-json\/wp\/v2\/types\/page"}],"author":[{"embeddable":true,"href":"https:\/\/moverdb.com\/pt\/wp-json\/wp\/v2\/users\/4"}],"replies":[{"embeddable":true,"href":"https:\/\/moverdb.com\/pt\/wp-json\/wp\/v2\/comments?post=10215"}],"version-history":[{"count":1,"href":"https:\/\/moverdb.com\/pt\/wp-json\/wp\/v2\/pages\/10215\/revisions"}],"predecessor-version":[{"id":10216,"href":"https:\/\/moverdb.com\/pt\/wp-json\/wp\/v2\/pages\/10215\/revisions\/10216"}],"up":[{"embeddable":true,"href":"https:\/\/moverdb.com\/pt\/wp-json\/wp\/v2\/pages\/190"}],"wp:featuredmedia":[{"embeddable":true,"href":"https:\/\/moverdb.com\/pt\/wp-json\/wp\/v2\/media\/10071"}],"wp:attachment":[{"href":"https:\/\/moverdb.com\/pt\/wp-json\/wp\/v2\/media?parent=10215"}],"curies":[{"name":"wp","href":"https:\/\/api.w.org\/{rel}","templated":true}]}}