{"id":955,"date":"2016-07-24T19:52:53","date_gmt":"2016-07-24T19:52:53","guid":{"rendered":"http:\/\/moverdb.com\/?page_id=955"},"modified":"2026-01-08T15:21:02","modified_gmt":"2026-01-08T15:21:02","slug":"usa-kanada-movers","status":"publish","type":"page","link":"https:\/\/moverdb.com\/pl\/us-canada-movers\/","title":{"rendered":"100 najlepszych krajowych i mi\u0119dzynarodowych firm przeprowadzkowych w USA i Kanadzie"},"content":{"rendered":"<p>Poni\u017cej znajduje si\u0119 lista 100 najwi\u0119kszych firm krajowych i zagranicznych. <a href=\"https:\/\/moverdb.com\/pl\/firmy-przeprowadzkowe\/\">firmy zajmuj\u0105ce si\u0119 przeprowadzkami mi\u0119dzynarodowymi<\/a> the <a href=\"https:\/\/moverdb.com\/pl\/moving-to-the-united-states\/\" data-internallinksmanager029f6b8e52c=\"94\" title=\"Przeprowadzasz si\u0119 do Stan\u00f3w Zjednoczonych? 2026 Koszty \u017cycia i wskaz\u00f3wki dotycz\u0105ce przeprowadzki\">Stany Zjednoczone<\/a> oraz <a href=\"https:\/\/moverdb.com\/pl\/moving-to-canada\/\" data-internallinksmanager029f6b8e52c=\"265\" title=\"Przeprowadzka do Kanady? 2026 Koszty utrzymania i wskaz\u00f3wki dotycz\u0105ce przeprowadzki\">Kanada<\/a> na podstawie liczby zarejestrowanych ci\u0119\u017car\u00f3wek w ich flocie. <\/p>\n<p>Jedna z tych firm b\u0119dzie prawdopodobnie w\u0142a\u015bciwa dla Twojej przeprowadzki mi\u0119dzynarodowej, d\u0142ugodystansowej i\/lub mi\u0119dzystanowej.<\/p>\n<p><img loading=\"lazy\" decoding=\"async\" width=\"720\" height=\"480\" src=\"https:\/\/moverdb.com\/wp-content\/uploads\/Moving-truck.jpeg\" alt=\"Ci\u0119\u017car\u00f3wka do przeprowadzek\" class=\"aligncenter size-full wp-image-1083\" srcset=\"https:\/\/moverdb.com\/wp-content\/uploads\/Moving-truck.jpeg 720w, https:\/\/moverdb.com\/wp-content\/uploads\/Moving-truck-300x200.jpeg 300w, https:\/\/moverdb.com\/wp-content\/uploads\/Moving-truck-600x400.jpeg 600w\" sizes=\"auto, (max-width: 720px) 100vw, 720px\" \/><\/p>\n<p>Dane pochodz\u0105 z <a href=\"http:\/\/www.movingcompanyreviews.com\/100-largest-moving-companies-of-the-us-and-canada\" target=\"_blank\" rel=\"noopener\">MovingCompanyReviews.com<\/a> kt\u00f3ra pokazuje najnowsz\u0105 wielko\u015b\u0107 floty oraz lokalizacj\u0119 siedziby ka\u017cdej z firm.<\/p>\n<p>Poni\u017cej mo\u017cna zapozna\u0107 si\u0119 z profilami poszczeg\u00f3lnych firm: <\/p>\n<ol>\n<li> <a href=\"https:\/\/moverdb.com\/pl\/united-van-lines\/\"><strong>Zjednoczone Linie Van Lines<\/strong><\/a> - Oferuje zar\u00f3wno przeprowadzki krajowe na terenie Stan\u00f3w Zjednoczonych i Kanady, jak i przeprowadzki mi\u0119dzynarodowe na ca\u0142ym \u015bwiecie.<\/li>\n<li> <a href=\"https:\/\/moverdb.com\/pl\/u-pack-moving\/\"><strong>U-Pack Moving<\/strong><\/a> - Firma ABF U-Pack Moving oferuje swoim klientom szereg us\u0142ug zwi\u0105zanych z przeprowadzkami oraz samodzielnym pakowaniem i rozpakowywaniem na terenie USA, Kanady i Puerto Rico. <\/li>\n<li> <a href=\"https:\/\/moverdb.com\/pl\/atlas-van-lines-international\/\"><strong>Atlas Van Lines<\/strong><\/a> - Oferuje przeprowadzki krajowe pod mark\u0105 Atlas Van Lines oraz przeprowadzki mi\u0119dzynarodowe pod mark\u0105 Atlas Van Lines International. Obie firmy nale\u017c\u0105 do Atlas World Group.<\/li>\n<li> <a href=\"https:\/\/moverdb.com\/pl\/mayflower-transit\/\"><strong>Tranzyt Mayflower<\/strong><\/a> - Mayflower Transit oferuje szeroki wachlarz us\u0142ug, od przeprowadzek i magazynowania \"zr\u00f3b to sam\" po kompleksow\u0105 obs\u0142ug\u0119 mi\u0119dzynarodow\u0105. <\/li>\n<li> <a href=\"https:\/\/moverdb.com\/pl\/allied-van-lines\/\"><strong>Allied Van Lines<\/strong><\/a> - Firma Allied Van Lines Inc ma siedzib\u0119 w Fort Wayne, IN i oferuje swoim klientom szereg us\u0142ug, w tym ca\u0142odobowe \u015bledzenie przesy\u0142ki, pomoc w odprawie celnej, personel m\u00f3wi\u0105cy po angielsku na obu ko\u0144cach przeprowadzki oraz usuwanie materia\u0142\u00f3w opakowaniowych.<\/li>\n<li> <a href=\"https:\/\/moverdb.com\/pl\/north-american-van-lines\/\"><strong>P\u00f3\u0142nocnoameryka\u0144skie Linie Van Lines<\/strong><\/a> - Firma North American Van Lines oferuje swoim klientom us\u0142ugi w zakresie przeprowadzek mi\u0119dzynarodowych, korporacyjnych i krajowych.<\/li>\n<li> <a href=\"https:\/\/moverdb.com\/pl\/wheaton\/\"><strong>Wheaton World Wide Moving<\/strong><\/a> - Wheaton World Wide Moving (dawniej Wheaton Van Lines) oferuje swoim klientom szeroki zakres us\u0142ug, od przeprowadzek mi\u0119dzynarodowych po przeprowadzki lokalne.<\/li>\n<li> <a href=\"https:\/\/moverdb.com\/pl\/bekins-van-lines\/\"><strong>Bekins Van Lines<\/strong><\/a> - Firma Bekins Van Lines ma siedzib\u0119 w Indianapolis IN. Oferuje swoim klientom szeroki zakres us\u0142ug przeprowadzkowych, w tym przeprowadzki mi\u0119dzynarodowe i przeprowadzki o du\u017cej warto\u015bci.<\/li>\n<li> <a href=\"https:\/\/moverdb.com\/pl\/graebel-van-lines\/\"><strong>Graebel Van Lines<\/strong><\/a> - Firma Graebel Van Lines ma siedzib\u0119 w Aurora, CO, a w\u015br\u00f3d jej klient\u00f3w s\u0105 firmy z listy Fortune 500 oraz agencje DEA, FBI, IRS i CDC.<\/li>\n<li> <a href=\"https:\/\/moverdb.com\/pl\/arpin-van-lines\/\"><strong>Arpin Van Lines<\/strong><\/a> - Firma Arpin Van Lines ma siedzib\u0119 w West Warwick, RI, i zajmuje si\u0119 przeprowadzkami wojskowymi i domowymi zar\u00f3wno w kraju, jak i za granic\u0105. Oferuje r\u00f3wnie\u017c us\u0142ugi magazynowania, takie jak przechowywanie w kontrolowanym klimacie i przechowywanie w kontenerach.<\/li>\n<li> <a href=\"https:\/\/moverdb.com\/pl\/stevens-worldwide-van-lines\/\">Stevens Worldwide Van Lines<\/a> - Firma Stevens Worldwide Van Lines z siedzib\u0105 w Saginaw MI oferuje przeprowadzki lokalne, przeprowadzki poza stan, przeprowadzki na du\u017ce odleg\u0142o\u015bci i przeprowadzki mi\u0119dzynarodowe dla gospodarstw domowych, firm, wojska i duchowie\u0144stwa.<\/li>\n<li> <a href=\"https:\/\/moverdb.com\/pl\/amj-campbell-van-lines\/\">AMJ Campbell Van Lines<\/a> - AMJ Campbell Van Lines ma siedzib\u0119 w <a href=\"https:\/\/moverdb.com\/pl\/przeprowadzka-do-toronto\/\">Toronto<\/a>w Kanadzie i jest jednym z najwi\u0119kszych w Kanadzie <a href=\"https:\/\/moverdb.com\/pl\/moving-companies\/\" data-internallinksmanager029f6b8e52c=\"79\" title=\"25 najlepszych firm przeprowadzek mi\u0119dzynarodowych online\">firmy przeprowadzkowe<\/a> zar\u00f3wno w przypadku przeprowadzek krajowych, jak i mi\u0119dzynarodowych.<\/li>\n<li> <a href=\"https:\/\/moverdb.com\/pl\/suddath\/\">Suddath<\/a> - Rodzina firm oferuj\u0105cych szereg us\u0142ug w zakresie przeprowadzek krajowych i mi\u0119dzynarodowych, w tym przeprowadzek mieszkaniowych, firmowych i rz\u0105dowych.<\/li>\n<li> <a href=\"https:\/\/moverdb.com\/pl\/kovan-world-wide\/\">Covan WorldWide Moving<\/a> - Covan posiada ponad 200 jednostek obs\u0142uguj\u0105cych przewozy mi\u0119dzystanowe i 600 obs\u0142uguj\u0105cych przewozy lokalne. Misj\u0105 firmy jest bycie liderem w dziedzinie us\u0142ug transportu mi\u0119dzynarodowego.<\/li>\n<li> <a href=\"https:\/\/moverdb.com\/pl\/armstrong-relokacja\/\">Armstrong Relokacja<\/a> - Firma Armstrong Relocation jest obecnie najwi\u0119kszym agentem towarowym United Van Lines i posiada 22 biura w USA.<\/li>\n<li> <a href=\"https:\/\/moverdb.com\/pl\/williams-moving-storage\/\">Williams Moving &amp; Storage<\/a> - Williams Moving and Storage jest kanadyjsk\u0105 firm\u0105 przeprowadzkow\u0105, kt\u00f3ra zajmuje si\u0119 przeprowadzkami os\u00f3b i firm, zar\u00f3wno lokalnymi jak i mi\u0119dzynarodowymi.<\/li>\n<li> <a href=\"https:\/\/moverdb.com\/pl\/beltmann-relocation\/\">Beltmann Relocation Group<\/a> - Firma zosta\u0142a za\u0142o\u017cona przez rodzin\u0119 Battina w 1955 roku i nadal jest w\u0142asno\u015bci\u0105 rodziny. Jest jednym z najwi\u0119kszych i najstarszych agent\u00f3w North American Van Lines.<\/li>\n<li> <a href=\"https:\/\/moverdb.com\/pl\/national-van-lines\/\">Krajowe Linie Van Lines<\/a> - Motto firmy brzmi \"Moving Your Memories\", co stanowi przypomnienie zar\u00f3wno dla pracownik\u00f3w, jak i klient\u00f3w, \u017ce rzeczy osobiste s\u0105 cenne i zawsze b\u0119d\u0105 traktowane z nale\u017cyt\u0105 staranno\u015bci\u0105.<\/li>\n<li> <a href=\"https:\/\/moverdb.com\/pl\/berger-allied\/\">Berger Allied (Transfer &amp; Storage)<\/a> - Firma Berger Transfer and Storage dzia\u0142a od 1910 roku. Wsp\u00f3\u0142pracuje z osobami prywatnymi, firmami i agencjami rz\u0105dowymi. <\/li>\n<li> Systemy transportowe Lawrence<\/li>\n<li> <a href=\"https:\/\/moverdb.com\/pl\/mccollisters-moving\/\">Grupa transportowa McCollister<\/a> - McCollister's jest firm\u0105 prywatn\u0105 i jest agentem UniGroup Inc, kt\u00f3ra obejmuje United Van Lines i Mayflower Transit. (patrz wy\u017cej)<\/li>\n<li> <a href=\"https:\/\/moverdb.com\/pl\/coleman-worldwide-moving\/\">Coleman Worldwide Moving<\/a> - Firma Coleman Worldwide Moving znana r\u00f3wnie\u017c jako Coleman American Moving Services &amp; Coleman Allied oferuje zar\u00f3wno przeprowadzki krajowe w USA, jak i mi\u0119dzynarodowe.<\/li>\n<li> <a href=\"https:\/\/moverdb.com\/pl\/hilldrup-moving-storage\/\">Hilldrup Moving &amp; Storage<\/a> - Oferuje us\u0142ugi takie jak pomoc w przeprowadzce, zarz\u0105dzanie przeprowadzk\u0105, magazynowanie, us\u0142ugi wyjazdowe, us\u0142ugi docelowe i inne.<\/li>\n<li> <a href=\"https:\/\/moverdb.com\/pl\/american-red-ball-transit\/\">American Red Ball Transit Company<\/a> - Ma siedzib\u0119 w Indianapolis i koncentruje si\u0119 na us\u0142ugach krajowych na terenie USA.<\/li>\n<li> New World Van Lines<\/li>\n<li> Palmer Moving &amp; Storage<\/li>\n<li> Mergenthaler Transfer i magazynowanie<\/li>\n<li> Scobey Moving and Storage LTD<\/li>\n<li> Corrigan Moving Systems<\/li>\n<li> Tri Star Freight System<\/li>\n<li> G\u0142oduj\u0105cy uczniowie<\/li>\n<li> A-1 Freeman Moving Companies<\/li>\n<li> Daryl Flood Relokacja i logistyka<\/li>\n<li> JK Moving &amp; Storage<\/li>\n<li> Ace Relocation Systems<\/li>\n<li> Ford Storage &amp; Moving Company<\/li>\n<li> Budd Van Lines<\/li>\n<li> Planes Moving and Storage<\/li>\n<li> Gentle Giant Moving Company<\/li>\n<li> <a href=\"https:\/\/moverdb.com\/pl\/island-movers\/\">Przeprowadzki na wysp\u0119<\/a> - Oferuje us\u0142ugi przeprowadzek na wyspy hawajskie i z powrotem zar\u00f3wno ze Stan\u00f3w Zjednoczonych, jak i na skal\u0119 mi\u0119dzynarodow\u0105.<\/li>\n<li> Mesa Moving &amp; Storage<\/li>\n<li> Ameryka\u0144skie przeprowadzki mi\u0119dzynarodowe<\/li>\n<li> Ameryka\u0144skie firmy przeprowadzkowe<\/li>\n<li> Arnoff Moving &amp; Storage,<\/li>\n<li> Firma Fidelity Moving &amp; Storage<\/li>\n<li> Firmy mi\u0119dzynarodowe Lile<\/li>\n<li> Carlyle Van Lines<\/li>\n<li> W\u0142a\u015bciwy przewo\u017anik<\/li>\n<li> Andrews Van Lines<\/li>\n<li> Sherwood Van Lines<\/li>\n<li> Bisson Moving &amp; Storage<\/li>\n<li> Firma Bohren's Moving &amp; Storage,<\/li>\n<li> Wybierz Van &amp; Storage<\/li>\n<li> Broadway Express<\/li>\n<li> FlatRate Moving<\/li>\n<li> Smith Dray Line &amp; Storage<\/li>\n<li> Zakwas ekspresowy<\/li>\n<li> Przeprowadzki na Po\u0142udniowe Wzg\u00f3rza<\/li>\n<li> Fisher Ameryka P\u00f3\u0142nocna<\/li>\n<li> Interstate Van Lines\/Interstate Worldwide<\/li>\n<li> Ward Ameryka P\u00f3\u0142nocna<\/li>\n<li> Wsch\u00f3d <a href=\"https:\/\/moverdb.com\/pl\/moving-to-the-united-states\/moving-to-tennessee\/\" data-internallinksmanager029f6b8e52c=\"406\" title=\"Przeprowadzka do Tennessee? 2026 Koszty utrzymania i porady dotycz\u0105ce przeprowadzki\">Tennessee<\/a> Przeprowadzka\/Dw\u00f3ch m\u0119\u017cczyzn i ci\u0119\u017car\u00f3wka<\/li>\n<li> Grupa Imlach<\/li>\n<li> Air Van Moving<\/li>\n<li> Dziedzictwo Us\u0142ugi transportowe<\/li>\n<li> Tippet-Richardson<\/li>\n<li> Atlantic Relocation Systems<\/li>\n<li> Carey Moving &amp; Storage<\/li>\n<li> A Arnold \u015awiatowa Klasa Relokacji<\/li>\n<li> William B. Meyer<\/li>\n<li> Horizon Moving Systems<\/li>\n<li> Parks Moving &amp; Storage<\/li>\n<li> Highland Moving &amp; Storage<\/li>\n<li> Delancey Street Moving &amp; Transportation<\/li>\n<li> Armstrong Relokacja<\/li>\n<li> Sp\u00f3\u0142ki federalne<\/li>\n<li> Hoyt's Moving &amp; Storage<\/li>\n<li> Johnson Storage and Moving<\/li>\n<li> Us\u0142ugi przeprowadzkowe Nor-Cal<\/li>\n<li> <a href=\"https:\/\/moverdb.com\/pl\/royal-hawaiian-movers\/\">Przeprowadzki Royal Hawaiian<\/a> - Firma Royal Hawaiian Movers jest cz\u0119\u015bci\u0105 grupy DeWitt, kt\u00f3ra oferuje swoim klientom r\u00f3\u017cne rodzaje przeprowadzek lokalnych, mi\u0119dzy wyspami, kontynentalnych i mi\u0119dzynarodowych.<\/li>\n<li> Central Van &amp; Storage,<\/li>\n<li> <a href=\"https:\/\/moverdb.com\/pl\/usuwanie-korony\/\">Crown Moving Co<\/a> - Obecnie zamkni\u0119ta, z siedzib\u0105 w <a href=\"https:\/\/moverdb.com\/pl\/moving-to-seattle\/\" data-internallinksmanager029f6b8e52c=\"65\" title=\"Przeprowadzasz si\u0119 do Seattle? 2026 Koszty utrzymania i wskaz\u00f3wki dotycz\u0105ce przeprowadzki\">Seattle<\/a>.<\/li>\n<li> Fry-Wagner Moving and Storage Co<\/li>\n<li> B. Von <a href=\"https:\/\/moverdb.com\/pl\/moving-to-france\/moving-to-paris\/\" data-internallinksmanager029f6b8e52c=\"407\" title=\"Przeprowadzka do Pary\u017ca? Koszty \u017cycia i wskaz\u00f3wki dotycz\u0105ce przeprowadzki w 2023 roku\">Pary\u017c<\/a> Przeprowadzki i magazynowanie<\/li>\n<li> O'Brien's Moving &amp; Storage<\/li>\n<li> Firma Piqua Transfer &amp; Storage<\/li>\n<li> Joyce Van Lines,<\/li>\n<li> Grupa transportowa Plycon<\/li>\n<li> AAA Moving &amp; Storage<\/li>\n<li> Aaction Moving &amp; Storage<\/li>\n<li> Alero Moving and Storage<\/li>\n<li> DMS Moving Systems<\/li>\n<li> George Moving &amp; Storage<\/li>\n<li> Glen Ellyn Storage Corporation<\/li>\n<li> Przeprowadzki i magazynowanie w Piepho<\/li>\n<li> Eagle Van Lines<\/li>\n<li> Roadrunner Moving and Storage<\/li>\n<li> Linie Van Lines<\/li>\n<li> Przeniesienie na Pacyfik<\/li>\n<li> Paxton Van Lines<\/li>\n<\/ol>","protected":false},"excerpt":{"rendered":"<p>Below you will find a list of the top 100 largest domestic and international moving companies the United States and Canada based on the number of registered trucks in their fleet. One of these companies is likely to be the right one for your international, long distance and\/or interstate move. The data comes from MovingCompanyReviews.com [&hellip;]<\/p>\n","protected":false},"author":1,"featured_media":1083,"parent":0,"menu_order":0,"comment_status":"closed","ping_status":"closed","template":"","meta":{"_genesis_hide_title":false,"_genesis_hide_breadcrumbs":false,"_genesis_hide_singular_image":false,"_genesis_hide_footer_widgets":false,"_genesis_custom_body_class":"","_genesis_custom_post_class":"","_genesis_layout":"","footnotes":""},"class_list":{"0":"post-955","1":"page","2":"type-page","3":"status-publish","4":"has-post-thumbnail","6":"entry"},"_links":{"self":[{"href":"https:\/\/moverdb.com\/pl\/wp-json\/wp\/v2\/pages\/955","targetHints":{"allow":["GET"]}}],"collection":[{"href":"https:\/\/moverdb.com\/pl\/wp-json\/wp\/v2\/pages"}],"about":[{"href":"https:\/\/moverdb.com\/pl\/wp-json\/wp\/v2\/types\/page"}],"author":[{"embeddable":true,"href":"https:\/\/moverdb.com\/pl\/wp-json\/wp\/v2\/users\/1"}],"replies":[{"embeddable":true,"href":"https:\/\/moverdb.com\/pl\/wp-json\/wp\/v2\/comments?post=955"}],"version-history":[{"count":40,"href":"https:\/\/moverdb.com\/pl\/wp-json\/wp\/v2\/pages\/955\/revisions"}],"predecessor-version":[{"id":6247,"href":"https:\/\/moverdb.com\/pl\/wp-json\/wp\/v2\/pages\/955\/revisions\/6247"}],"wp:featuredmedia":[{"embeddable":true,"href":"https:\/\/moverdb.com\/pl\/wp-json\/wp\/v2\/media\/1083"}],"wp:attachment":[{"href":"https:\/\/moverdb.com\/pl\/wp-json\/wp\/v2\/media?parent=955"}],"curies":[{"name":"wp","href":"https:\/\/api.w.org\/{rel}","templated":true}]}}