{"id":9518,"date":"2023-06-08T12:39:44","date_gmt":"2023-06-08T12:39:44","guid":{"rendered":"https:\/\/moverdb.com\/?page_id=9518"},"modified":"2026-01-08T15:24:25","modified_gmt":"2026-01-08T15:24:25","slug":"moving-companies-serbia","status":"publish","type":"page","link":"https:\/\/moverdb.com\/pl\/moving-companies\/moving-companies-serbia\/","title":{"rendered":"3 najlepsze firmy przeprowadzkowe w Serbii"},"content":{"rendered":"<p>Je\u015bli planujesz przeprowadzk\u0119 do lub z Serbii, by\u0107 mo\u017ce rozwa\u017casz skorzystanie z us\u0142ug firmy transportowej. <a href=\"https:\/\/moverdb.com\/pl\/moving-companies\/\" data-internallinksmanager029f6b8e52c=\"79\" title=\"25 najlepszych firm przeprowadzek mi\u0119dzynarodowych online\">przedsi\u0119biorstwo przeprowadzkowe<\/a> aby pom\u00f3c Ci w pakowaniu, transporcie i dokumentacji. Poni\u017cej zebrali\u015bmy list\u0119 serbskich firm <a href=\"https:\/\/moverdb.com\/pl\/international-removals\/\" data-internallinksmanager029f6b8e52c=\"27\" title=\"36 najlepszych firm zajmuj\u0105cych si\u0119 przeprowadzkami mi\u0119dzynarodowymi w Wielkiej Brytanii\">przedsi\u0119biorstwa przeprowadzkowe<\/a> kt\u00f3re s\u0105 cz\u0142onkami <a href=\"https:\/\/moverdb.com\/pl\/iam\/\" data-internallinksmanager029f6b8e52c=\"23\" title=\"Mi\u0119dzynarodowe Stowarzyszenie Przewo\u017anik\u00f3w (IAM) - obja\u015bnienia\">Mi\u0119dzynarodowe Stowarzyszenie Przewo\u017anik\u00f3w<\/a> (IAM) i\/lub <a href=\"https:\/\/moverdb.com\/pl\/fidi-faim\/\" data-internallinksmanager029f6b8e52c=\"16\" title=\"FIDI i FAIM (FIDI Accredited International Mover) - obja\u015bnienia\">FIDI<\/a> Accredited International Mover (FAIM), kt\u00f3ra mo\u017ce pom\u00f3c Ci w przeprowadzce.<\/p>\n<h2><strong>1. Relokacje na Ba\u0142kanach<\/strong><\/h2>\n<p><img loading=\"lazy\" decoding=\"async\" class=\"alignnone size-full wp-image-9337\" src=\"https:\/\/moverdb.com\/wp-content\/uploads\/Balkan-Relocations-international-moving-company.png\" alt=\"Balkan Relocations mi\u0119dzynarodowa firma przeprowadzkowa\" width=\"1440\" height=\"677\" data-wp-pid=\"9337\" srcset=\"https:\/\/moverdb.com\/wp-content\/uploads\/Balkan-Relocations-international-moving-company.png 1440w, https:\/\/moverdb.com\/wp-content\/uploads\/Balkan-Relocations-international-moving-company-300x141.png 300w, https:\/\/moverdb.com\/wp-content\/uploads\/Balkan-Relocations-international-moving-company-1024x481.png 1024w, https:\/\/moverdb.com\/wp-content\/uploads\/Balkan-Relocations-international-moving-company-18x8.png 18w, https:\/\/moverdb.com\/wp-content\/uploads\/Balkan-Relocations-international-moving-company-600x282.png 600w\" sizes=\"auto, (max-width: 1440px) 100vw, 1440px\" \/><\/p>\n<ul>\n<li>Przeprowadzki lokalne<\/li>\n<li>Przeprowadzki mi\u0119dzynarodowe<\/li>\n<li>Przeprowadzki gospodarstw domowych<\/li>\n<li>Przeprowadzki firm<\/li>\n<li>Opcje pakowania<\/li>\n<li>Transport naziemny, morski i lotniczy<\/li>\n<li>S\u0142u\u017cby celne<\/li>\n<li>Ruchy zwierz\u0105t domowych<\/li>\n<li>Ubezpieczenia<\/li>\n<li>Obiekty magazynowe<\/li>\n<\/ul>\n<p>Balkan Relocations to firma zajmuj\u0105ca si\u0119 przeprowadzkami, logistyk\u0105 i transportem, kt\u00f3ra dzia\u0142a poza Belgradem. S\u0105 cz\u0119\u015bci\u0105 globalnej sieci agent\u00f3w przeprowadzkowych i partner\u00f3w serwisowych, kt\u00f3rzy pomagaj\u0105 im \u015bwiadczy\u0107 us\u0142ugi poza Serbi\u0105. Firma jest cz\u0142onkiem IAM z sze\u015bcioletnim sta\u017cem.<\/p>\n<p>Balkan Relocations oferuje us\u0142ug\u0119 przeprowadzki od drzwi do drzwi z wyborem opcji pakowania, kt\u00f3re obejmuj\u0105 tylko delikatne pakowanie, samodzielne pakowanie z dostarczonymi materia\u0142ami do pakowania i pe\u0142n\u0105 us\u0142ug\u0119 pakowania. Zapewniaj\u0105 transport na ca\u0142ym \u015bwiecie drog\u0105 l\u0105dow\u0105, morsk\u0105 lub powietrzn\u0105 z pomoc\u0105 celn\u0105 i ubezpieczeniem. Oferuj\u0105 r\u00f3wnie\u017c us\u0142ugi instalacyjne i monta\u017cowe, przeprowadzki zwierz\u0105t domowych, us\u0142ugi relokacyjne i pomoc imigracyjn\u0105.<\/p>\n<p>Strona internetowa: <a href=\"http:\/\/www.balkanrelocations.com\" target=\"_blank\" rel=\"noopener\">http:\/\/www.balkanrelocations.com<\/a><\/p>\n<h2><strong>2. Orphee Beinoglou<\/strong><\/h2>\n<p><img loading=\"lazy\" decoding=\"async\" class=\"alignnone size-full wp-image-9408\" src=\"https:\/\/moverdb.com\/wp-content\/uploads\/Orphee-Beinoglou-Serbia-international-moving-company.png\" alt=\"Orphee Beinoglou Serbia - mi\u0119dzynarodowa firma przeprowadzkowa\" width=\"1440\" height=\"680\" data-wp-pid=\"9408\" srcset=\"https:\/\/moverdb.com\/wp-content\/uploads\/Orphee-Beinoglou-Serbia-international-moving-company.png 1440w, https:\/\/moverdb.com\/wp-content\/uploads\/Orphee-Beinoglou-Serbia-international-moving-company-300x142.png 300w, https:\/\/moverdb.com\/wp-content\/uploads\/Orphee-Beinoglou-Serbia-international-moving-company-1024x484.png 1024w, https:\/\/moverdb.com\/wp-content\/uploads\/Orphee-Beinoglou-Serbia-international-moving-company-18x9.png 18w, https:\/\/moverdb.com\/wp-content\/uploads\/Orphee-Beinoglou-Serbia-international-moving-company-600x283.png 600w\" sizes=\"auto, (max-width: 1440px) 100vw, 1440px\" \/><\/p>\n<ul>\n<li>Przeprowadzki lokalne i krajowe<\/li>\n<li>Przeprowadzki mi\u0119dzynarodowe<\/li>\n<li>Przeprowadzki gospodarstw domowych<\/li>\n<li>Przeprowadzki biurowe<\/li>\n<li>Us\u0142uga \"od drzwi do drzwi\".<\/li>\n<li>Us\u0142uga pakowania<\/li>\n<li>Transport morski, lotniczy i l\u0105dowy<\/li>\n<li>Odprawa celna<\/li>\n<li>Ubezpieczenia<\/li>\n<li>Us\u0142ugi magazynowania<\/li>\n<\/ul>\n<p>Orphee Beinoglou to firma zajmuj\u0105ca si\u0119 transportem towar\u00f3w i logistyk\u0105, za\u0142o\u017cona w 1923 r. w <a href=\"https:\/\/moverdb.com\/pl\/moving-to-greece\/\" data-internallinksmanager029f6b8e52c=\"353\" title=\"Przeprowadzka do Grecji? Koszty \u017cycia i wskaz\u00f3wki dotycz\u0105ce relokacji w 2023 r.\">Grecja<\/a> z oddzia\u0142ami na Ba\u0142kanach i we wschodniej cz\u0119\u015bci basenu Morza \u015ar\u00f3dziemnego. Biuro w Serbii znajduje si\u0119 w Belgradzie. Firma korzysta z globalnej sieci, kt\u00f3ra wspiera j\u0105 w \u015bwiadczeniu us\u0142ug w innych krajach. Firma jest cz\u0142onkiem IAM z czteroletnim sta\u017cem.<\/p>\n<p>Orphee Beinglou oferuje osobist\u0105 us\u0142ug\u0119 przeprowadzki od drzwi do drzwi z ankiet\u0105 przed przeprowadzk\u0105, kt\u00f3ra pomaga zaplanowa\u0107 przeprowadzk\u0119. Zapewnia us\u0142ug\u0119 pakowania przy u\u017cyciu specjalistycznych materia\u0142\u00f3w opakowaniowych i przeszkolonych zespo\u0142\u00f3w. Firma przetransportuje rzeczy drog\u0105 morsk\u0105, powietrzn\u0105 lub l\u0105dow\u0105 i pomo\u017ce w odprawie celnej przed dostarczeniem rzeczy i pomoc\u0105 w ich rozpakowaniu.<\/p>\n<p>Strona internetowa: <a href=\"https:\/\/orbit.rs\" target=\"_blank\" rel=\"noopener\">https:\/\/orbit.rs<\/a><\/p>\n<h2><strong>3. Wizja 4 Logistyka<\/strong><\/h2>\n<p><img loading=\"lazy\" decoding=\"async\" class=\"alignnone size-full wp-image-9444\" src=\"https:\/\/moverdb.com\/wp-content\/uploads\/Vision-4-Logistics-international-moving-company.png\" alt=\"Vision 4 Logistics mi\u0119dzynarodowa firma przeprowadzkowa\" width=\"1440\" height=\"678\" data-wp-pid=\"9444\" srcset=\"https:\/\/moverdb.com\/wp-content\/uploads\/Vision-4-Logistics-international-moving-company.png 1440w, https:\/\/moverdb.com\/wp-content\/uploads\/Vision-4-Logistics-international-moving-company-300x141.png 300w, https:\/\/moverdb.com\/wp-content\/uploads\/Vision-4-Logistics-international-moving-company-1024x482.png 1024w, https:\/\/moverdb.com\/wp-content\/uploads\/Vision-4-Logistics-international-moving-company-18x8.png 18w, https:\/\/moverdb.com\/wp-content\/uploads\/Vision-4-Logistics-international-moving-company-600x283.png 600w\" sizes=\"auto, (max-width: 1440px) 100vw, 1440px\" \/><\/p>\n<ul>\n<li>Przeprowadzki lokalne<\/li>\n<li>Przeprowadzki mi\u0119dzynarodowe<\/li>\n<li>Przeprowadzki gospodarstw domowych<\/li>\n<li>Przeprowadzki firm<\/li>\n<li>Us\u0142uga \"od drzwi do drzwi\".<\/li>\n<li>Fracht morski, drogowy, kolejowy i lotniczy<\/li>\n<li>Wyb\u00f3r opcji obci\u0105\u017cenia<\/li>\n<li>Maklerstwo celne<\/li>\n<li>Ubezpieczenie od wszystkich ryzyk<\/li>\n<li>Obiekty magazynowe<\/li>\n<\/ul>\n<p>Vision 4 Logistics to firma spedycyjna za\u0142o\u017cona w 2018 roku z siedzib\u0105 w Belgradzie. Zapewnia mi\u0119dzynarodowe przewozy za po\u015brednictwem sieci wybranych agent\u00f3w na ca\u0142ym \u015bwiecie. Firma jest cz\u0142onkiem IAM z pi\u0119cioletnim sta\u017cem.<\/p>\n<p>Vision 4 Logistics \u015bwiadczy us\u0142ugi w zakresie przeprowadzek od drzwi do drzwi, zar\u00f3wno lokalnych, jak i mi\u0119dzynarodowych. Dysponuje profesjonalnym personelem i sprz\u0119tem zaprojektowanym do pomocy w przeprowadzkach gospodarstw domowych i klient\u00f3w korporacyjnych. Oferuj\u0105 transport kolejowy, lotniczy, drogowy i morski, kt\u00f3ry obejmuje \u0142adunki pe\u0142nokontenerowe, \u0142adunki mniejsze ni\u017c kontenerowe, \u0142adunki ca\u0142opojazdowe i \u0142adunki mniejsze ni\u017c ci\u0119\u017carowe. Jako \u015brodek zapobiegawczy zapewniaj\u0105 ubezpieczenie od wszelkiego ryzyka.<\/p>\n<p>Strona internetowa: <a href=\"http:\/\/www.v4l.rs\" target=\"_blank\" rel=\"noopener\">http:\/\/www.v4l.rs<\/a><\/p>","protected":false},"excerpt":{"rendered":"<p>If you are planning a move within, to or from Serbia, you may be considering employing the services of a moving company to assist you with packing, transportation and documentation. Below we have compiled a list of Serbian removal companies that are members of the International Association of Movers (IAM) and\/or FIDI Accredited International Mover [&hellip;]<\/p>\n","protected":false},"author":4,"featured_media":9337,"parent":190,"menu_order":0,"comment_status":"closed","ping_status":"closed","template":"","meta":{"_genesis_hide_title":false,"_genesis_hide_breadcrumbs":false,"_genesis_hide_singular_image":false,"_genesis_hide_footer_widgets":false,"_genesis_custom_body_class":"","_genesis_custom_post_class":"","_genesis_layout":"","footnotes":""},"class_list":{"0":"post-9518","1":"page","2":"type-page","3":"status-publish","4":"has-post-thumbnail","6":"entry"},"_links":{"self":[{"href":"https:\/\/moverdb.com\/pl\/wp-json\/wp\/v2\/pages\/9518","targetHints":{"allow":["GET"]}}],"collection":[{"href":"https:\/\/moverdb.com\/pl\/wp-json\/wp\/v2\/pages"}],"about":[{"href":"https:\/\/moverdb.com\/pl\/wp-json\/wp\/v2\/types\/page"}],"author":[{"embeddable":true,"href":"https:\/\/moverdb.com\/pl\/wp-json\/wp\/v2\/users\/4"}],"replies":[{"embeddable":true,"href":"https:\/\/moverdb.com\/pl\/wp-json\/wp\/v2\/comments?post=9518"}],"version-history":[{"count":1,"href":"https:\/\/moverdb.com\/pl\/wp-json\/wp\/v2\/pages\/9518\/revisions"}],"predecessor-version":[{"id":9519,"href":"https:\/\/moverdb.com\/pl\/wp-json\/wp\/v2\/pages\/9518\/revisions\/9519"}],"up":[{"embeddable":true,"href":"https:\/\/moverdb.com\/pl\/wp-json\/wp\/v2\/pages\/190"}],"wp:featuredmedia":[{"embeddable":true,"href":"https:\/\/moverdb.com\/pl\/wp-json\/wp\/v2\/media\/9337"}],"wp:attachment":[{"href":"https:\/\/moverdb.com\/pl\/wp-json\/wp\/v2\/media?parent=9518"}],"curies":[{"name":"wp","href":"https:\/\/api.w.org\/{rel}","templated":true}]}}