{"id":9508,"date":"2023-06-08T12:43:53","date_gmt":"2023-06-08T12:43:53","guid":{"rendered":"https:\/\/moverdb.com\/?page_id=9508"},"modified":"2026-01-08T15:30:14","modified_gmt":"2026-01-08T15:30:14","slug":"moving-companies-puerto-rico","status":"publish","type":"page","link":"https:\/\/moverdb.com\/pl\/moving-companies\/moving-companies-puerto-rico\/","title":{"rendered":"Najlepsze mi\u0119dzynarodowe firmy przeprowadzkowe w Puerto Rico"},"content":{"rendered":"<p>Podczas przeprowadzki jest tak wiele do zorganizowania, dlatego tak wiele os\u00f3b korzysta z us\u0142ug firmy transportowej. <a href=\"https:\/\/moverdb.com\/pl\/moving-companies\/\" data-internallinksmanager029f6b8e52c=\"79\" title=\"25 najlepszych firm przeprowadzek mi\u0119dzynarodowych online\">przedsi\u0119biorstwo przeprowadzkowe<\/a> aby zmniejszy\u0107 stres zwi\u0105zany z przeprowadzk\u0105. Poni\u017cej przygotowali\u015bmy list\u0119 firm z Puerto Rico <a href=\"https:\/\/moverdb.com\/pl\/international-removals\/\" data-internallinksmanager029f6b8e52c=\"27\" title=\"36 najlepszych firm zajmuj\u0105cych si\u0119 przeprowadzkami mi\u0119dzynarodowymi w Wielkiej Brytanii\">przedsi\u0119biorstwa przeprowadzkowe<\/a> kt\u00f3re s\u0105 cz\u0142onkami <a href=\"https:\/\/moverdb.com\/pl\/iam\/\" data-internallinksmanager029f6b8e52c=\"23\" title=\"Mi\u0119dzynarodowe Stowarzyszenie Przewo\u017anik\u00f3w (IAM) - obja\u015bnienia\">Mi\u0119dzynarodowe Stowarzyszenie Przewo\u017anik\u00f3w<\/a> (IAM) i\/lub <a href=\"https:\/\/moverdb.com\/pl\/fidi-faim\/\" data-internallinksmanager029f6b8e52c=\"16\" title=\"FIDI i FAIM (FIDI Accredited International Mover) - obja\u015bnienia\">FIDI<\/a> Akredytowani przewo\u017anicy mi\u0119dzynarodowi (FAIM), kt\u00f3rzy mog\u0105 pom\u00f3c w przeprowadzce<\/p>\n<h2><strong>La Rosa del Monte<\/strong><\/h2>\n<p><img loading=\"lazy\" decoding=\"async\" class=\"alignnone size-full wp-image-9392\" src=\"https:\/\/moverdb.com\/wp-content\/uploads\/La-Rosa-del-Monte-international-moving-company.png\" alt=\"Mi\u0119dzynarodowa firma przeprowadzkowa La Rosa del Monte\" width=\"1440\" height=\"684\" data-wp-pid=\"9392\" srcset=\"https:\/\/moverdb.com\/wp-content\/uploads\/La-Rosa-del-Monte-international-moving-company.png 1440w, https:\/\/moverdb.com\/wp-content\/uploads\/La-Rosa-del-Monte-international-moving-company-300x143.png 300w, https:\/\/moverdb.com\/wp-content\/uploads\/La-Rosa-del-Monte-international-moving-company-1024x486.png 1024w, https:\/\/moverdb.com\/wp-content\/uploads\/La-Rosa-del-Monte-international-moving-company-18x9.png 18w, https:\/\/moverdb.com\/wp-content\/uploads\/La-Rosa-del-Monte-international-moving-company-600x285.png 600w\" sizes=\"auto, (max-width: 1440px) 100vw, 1440px\" \/><\/p>\n<ul>\n<li>Przeprowadzki lokalne i krajowe<\/li>\n<li>Przeprowadzki mi\u0119dzynarodowe<\/li>\n<li>Przeprowadzki mieszkaniowe<\/li>\n<li>Przeprowadzki handlowe<\/li>\n<li>Us\u0142uga \"od drzwi do drzwi\".<\/li>\n<li>Us\u0142uga pakowania<\/li>\n<li>Transport l\u0105dowy, morski i lotniczy<\/li>\n<li>Obs\u0142uga sztuk pi\u0119knych<\/li>\n<li><a href=\"https:\/\/moverdb.com\/pl\/car-transport-shipping\/\" data-internallinksmanager029f6b8e52c=\"2\" title=\"2026 Mi\u0119dzynarodowy transport samochodowy i wyceny wysy\u0142ki pojazd\u00f3w\">Spedycja pojazd\u00f3w<\/a><\/li>\n<li>Obiekty magazynowe<\/li>\n<\/ul>\n<p>La Rosa del Monte to mi\u0119dzynarodowa firma przeprowadzkowa z 50-letni\u0105 histori\u0105 i biurami w ca\u0142ej Ameryce, a tak\u017ce w Toa Baja w Puerto Rico i na Wyspach Kanaryjskich. <a href=\"https:\/\/moverdb.com\/pl\/moving-companies\/moving-companies-dominican-republic\/\" data-internallinksmanager029f6b8e52c=\"216\" title=\"6 Najlepsze firmy zajmuj\u0105ce si\u0119 przeprowadzkami mi\u0119dzynarodowymi w Republice Dominika\u0144skiej\">Republika Dominika\u0144ska<\/a>. Pracuje zgodnie z wysokimi standardami i z innymi agentami na ca\u0142ym \u015bwiecie, kt\u00f3rzy pracuj\u0105 zgodnie z podobnymi standardami, aby \u015bwiadczy\u0107 us\u0142ugi na arenie mi\u0119dzynarodowej. Jest cz\u0142onkiem IAM z 52-letnim sta\u017cem i posiada akredytacj\u0119 FIDI.<\/p>\n<p>La Rosa del Monte oferuje spersonalizowan\u0105 us\u0142ug\u0119 przeprowadzki od drzwi do drzwi lub od drzwi do drzwi<a href=\"https:\/\/moverdb.com\/pl\/top-49-container-ports\/\" data-internallinksmanager029f6b8e52c=\"80\" title=\"49 najwi\u0119kszych i najbardziej ruchliwych port\u00f3w kontenerowych w 2025 r.\">port<\/a> lub odwrotnie. Oferuj\u0105 us\u0142ug\u0119 pakowania \u015bwiadczon\u0105 przez profesjonalny i do\u015bwiadczony personel, kt\u00f3ry bezpiecznie zapakuje Twoje rzeczy do transportu drog\u0105 l\u0105dow\u0105, powietrzn\u0105 lub morsk\u0105.<\/p>\n<p>Strona internetowa: <a href=\"http:\/\/www.larosadelmonte.com\/\" target=\"_blank\" rel=\"noopener\">http:\/\/www.larosadelmonte.com\/<\/a><\/p>","protected":false},"excerpt":{"rendered":"<p>When you are moving there is so much to organise which is why so many people engage the services of a moving company to reduce the stress of moving. Below we have compiled a list of Puerto Rico based removal companies that are members of the International Association of Movers (IAM) and\/or FIDI Accredited International [&hellip;]<\/p>\n","protected":false},"author":4,"featured_media":9392,"parent":190,"menu_order":0,"comment_status":"closed","ping_status":"closed","template":"","meta":{"_genesis_hide_title":false,"_genesis_hide_breadcrumbs":false,"_genesis_hide_singular_image":false,"_genesis_hide_footer_widgets":false,"_genesis_custom_body_class":"","_genesis_custom_post_class":"","_genesis_layout":"","footnotes":""},"class_list":{"0":"post-9508","1":"page","2":"type-page","3":"status-publish","4":"has-post-thumbnail","6":"entry"},"_links":{"self":[{"href":"https:\/\/moverdb.com\/pl\/wp-json\/wp\/v2\/pages\/9508","targetHints":{"allow":["GET"]}}],"collection":[{"href":"https:\/\/moverdb.com\/pl\/wp-json\/wp\/v2\/pages"}],"about":[{"href":"https:\/\/moverdb.com\/pl\/wp-json\/wp\/v2\/types\/page"}],"author":[{"embeddable":true,"href":"https:\/\/moverdb.com\/pl\/wp-json\/wp\/v2\/users\/4"}],"replies":[{"embeddable":true,"href":"https:\/\/moverdb.com\/pl\/wp-json\/wp\/v2\/comments?post=9508"}],"version-history":[{"count":1,"href":"https:\/\/moverdb.com\/pl\/wp-json\/wp\/v2\/pages\/9508\/revisions"}],"predecessor-version":[{"id":9509,"href":"https:\/\/moverdb.com\/pl\/wp-json\/wp\/v2\/pages\/9508\/revisions\/9509"}],"up":[{"embeddable":true,"href":"https:\/\/moverdb.com\/pl\/wp-json\/wp\/v2\/pages\/190"}],"wp:featuredmedia":[{"embeddable":true,"href":"https:\/\/moverdb.com\/pl\/wp-json\/wp\/v2\/media\/9392"}],"wp:attachment":[{"href":"https:\/\/moverdb.com\/pl\/wp-json\/wp\/v2\/media?parent=9508"}],"curies":[{"name":"wp","href":"https:\/\/api.w.org\/{rel}","templated":true}]}}