{"id":945,"date":"2016-09-03T20:39:51","date_gmt":"2016-09-03T20:39:51","guid":{"rendered":"http:\/\/moverdb.com\/?page_id=945"},"modified":"2026-01-08T14:48:12","modified_gmt":"2026-01-08T14:48:12","slug":"dt-moving","status":"publish","type":"page","link":"https:\/\/moverdb.com\/pl\/dt-moving\/","title":{"rendered":"DT Moving: Mi\u0119dzynarodowe przeprowadzki i remonty"},"content":{"rendered":"<p>DT Moving to. <a href=\"https:\/\/moverdb.com\/pl\/moving-to-the-uk\/\" data-internallinksmanager029f6b8e52c=\"93\" title=\"Przeprowadzasz si\u0119 do Wielkiej Brytanii? 2026 Koszty \u017cycia i wskaz\u00f3wki dotycz\u0105ce przeprowadzki\">UK<\/a> na stronie <a href=\"https:\/\/moverdb.com\/pl\/moving-companies\/\" data-internallinksmanager029f6b8e52c=\"79\" title=\"25 najlepszych firm przeprowadzek mi\u0119dzynarodowych online\">firma zajmuj\u0105ca si\u0119 przeprowadzkami mi\u0119dzynarodowymi<\/a> kt\u00f3ra oferuje swoim klientom pe\u0142en zakres us\u0142ug, kt\u00f3re zosta\u0142y wymienione poni\u017cej wraz z profilem firmy i opiniami.<\/p>\n<p><strong><a href=\"https:\/\/moverdb.com\/pl\/international-removals\/\" data-internallinksmanager029f6b8e52c=\"27\" title=\"36 najlepszych firm zajmuj\u0105cych si\u0119 przeprowadzkami mi\u0119dzynarodowymi w Wielkiej Brytanii\">Przeprowadzki mi\u0119dzynarodowe<\/a><\/strong><\/p>\n<ul>\n<li> Badanie przed przeprowadzk\u0105, wycena i zasoby<\/li>\n<li> Pakowanie w miejscu zamieszkania<\/li>\n<li> Transport lotniczy, morski lub drogowy<\/li>\n<li> Ustalone ubezpieczenie<\/li>\n<li> Bie\u017c\u0105ca obs\u0142uga obejmuj\u0105ca mened\u017cera przeprowadzki i us\u0142ug\u0119 \u015bledzenia<\/li>\n<li> Dostawa do miejsca zamieszkania<\/li>\n<li> Wy\u0142aduj swoje towary z kontenera \/ ci\u0119\u017car\u00f3wki \/ skrzyni i umie\u015b\u0107 je w wybranym przez siebie pomieszczeniu<\/li>\n<li> W razie potrzeby umie\u015b\u0107 materia\u0142y ochronne do piel\u0119gnacji pod\u0142\u00f3g i \u015bcian.<\/li>\n<li> Sprawd\u017a, czy ka\u017cda dostarczona pozycja jest zgodna z oryginalnym spisem opakowa\u0144 (w celu uwzgl\u0119dnienia ka\u017cdej paczki)<\/li>\n<li> Rozwi\u0105\u017c wszystkie papier, wy\u015bci\u00f3\u0142k\u0119 i kartonowe materia\u0142y opakowaniowe, a nast\u0119pnie usu\u0144 je do recyklingu.<\/li>\n<li> Ponownie zmontujemy dla Ciebie wszystkie wskazane wcze\u015bniej elementy, dzi\u0119ki czemu b\u0119dziesz mia\u0142 o jedn\u0105 rzecz mniej zmartwie\u0144. W razie potrzeby mo\u017cemy r\u00f3wnie\u017c zorganizowa\u0107 pomocnika do wykonania dodatkowych prac.<\/li>\n<li> Umo\u017cliwia sprawdzenie stanu zapas\u00f3w, pozycja po pozycji, i podpisanie, gdy u\u017cytkownik jest zadowolony z dostawy.<\/li>\n<li> Odprawa celna<\/li>\n<\/ul>\n<p><strong>Us\u0142ugi dotycz\u0105ce miejsc przeznaczenia<\/strong><\/p>\n<ul>\n<li> Wyszukiwanie ofert wynajmu dom\u00f3w<\/li>\n<li> Poszukiwanie szko\u0142y<\/li>\n<li> Wycieczka orientacyjna<\/li>\n<li> Osiedlanie si\u0119<\/li>\n<li> Szkolenie kulturowe<\/li>\n<li> Alimenty dla ma\u0142\u017conk\u00f3w<\/li>\n<li> Wynajem mebli<\/li>\n<li> Zakwaterowanie tymczasowe<\/li>\n<li> Us\u0142ugi zwi\u0105zane z odjazdem<\/li>\n<li> Doradztwo podatkowe i imigracyjne<\/li>\n<\/ul>\n<p><strong>Sztuka Pi\u0119kna i Antyki<\/strong><\/p>\n<ul>\n<li> Us\u0142ugi dostosowane do potrzeb ka\u017cdego klienta<\/li>\n<li> Us\u0142ugi doradcze<\/li>\n<li> Organizowanie hoteli itp. w przypadku zakupu\/dostarczenia wycieczki<\/li>\n<li> Kolekcja antyk\u00f3w<\/li>\n<li> Us\u0142uga pakowania<\/li>\n<li> Wysy\u0142ka<\/li>\n<li> Ubezpieczenia<\/li>\n<\/ul>\n<p><strong>Przechowywanie<\/strong><\/p>\n<ul>\n<li> UK i <a href=\"https:\/\/moverdb.com\/pl\/moving-to-france\/\" data-internallinksmanager029f6b8e52c=\"315\" title=\"Przeprowadzka do Francji? Koszty \u017cycia i wskaz\u00f3wki dotycz\u0105ce przeprowadzki w 2023 r.\">Francja<\/a> - kr\u00f3tko- i d\u0142ugoterminowe przechowywanie w specjalnie zbudowanych kontenerach magazynowych<\/li>\n<li> Ca\u0142odobowa ochrona i kodowany dost\u0119p<\/li>\n<li> Regulacja temperatury<\/li>\n<li> Zapobieganie po\u017carom i uzbrojony system tryskaczowy<\/li>\n<li> Reszta \u015bwiata - partnerzy sieciowi zapewni\u0105 bezpieczne przechowywanie danych<\/li>\n<\/ul>\n<p><strong>Us\u0142ugi pomocnicze<\/strong><\/p>\n<ul>\n<li> R\u0119kodzielnik (demonta\u017c i monta\u017c mebli, sprz\u0119tu, p\u00f3\u0142ek, innych przedmiot\u00f3w)<\/li>\n<li> Wieszanie obraz\u00f3w<\/li>\n<li> Skrzyniowanie specjalne (dla przedmiot\u00f3w delikatnych lub o du\u017cej warto\u015bci)<\/li>\n<li> Sprz\u0105tanie domu<\/li>\n<li> Serwis sprz\u0105taj\u0105cy (rozpakowywanie, mycie, odk\u0142adanie <a href=\"https:\/\/moverdb.com\/pl\/moving-to-china\/\" data-internallinksmanager029f6b8e52c=\"357\" title=\"Przeprowadzka do Chin? Koszty \u017cycia i wskaz\u00f3wki dotycz\u0105ce relokacji w 2023 r.\">chiny<\/a>, wyroby ze szk\u0142a, ubrania, r\u00f3\u017cne przedmioty u\u017cytku domowego)<\/li>\n<li> Elektryk lub hydraulik<\/li>\n<li> Demonta\u017c i monta\u017c anteny telewizji satelitarnej<\/li>\n<li> Specjalistyczny \"bezpieczny\" demonta\u017c<\/li>\n<li> Demonta\u017c i ponowny monta\u017c ram okiennych i drzwiowych<\/li>\n<li> Zewn\u0119trzna winda (specjalistyczny podno\u015bnik) umo\u017cliwiaj\u0105ca dost\u0119p do mieszkania przez okno lub balkon na wy\u017cszym pi\u0119trze<\/li>\n<li> Wypo\u017cyczalnia mebli<\/li>\n<li> Renowacja i naprawa mebli<\/li>\n<li> Przechowywanie samochod\u00f3w<\/li>\n<\/ul>\n<h2>Profil firmy DT Moving<\/h2>\n<p>Firma DT Moving by\u0142a wcze\u015bniej znana jako David Turner Worldwide Movers i zajmuje si\u0119 przeprowadzkami na ca\u0142ym \u015bwiecie od 1870 roku. Rodzina za\u0142o\u017cycielska jest nadal zaanga\u017cowana w dzia\u0142alno\u015b\u0107 firmy, kt\u00f3ra zajmuje si\u0119 przeprowadzkami znanych korporacji i os\u00f3b prywatnych na ca\u0142ym \u015bwiecie. <\/p>\n<p>DT Moving posiada biura w obu <a href=\"https:\/\/moverdb.com\/pl\/moving-to-london\/\">Londyn<\/a> oraz <a href=\"https:\/\/moverdb.com\/pl\/moving-to-france\/moving-to-paris\/\" data-internallinksmanager029f6b8e52c=\"407\" title=\"Przeprowadzka do Pary\u017ca? Koszty \u017cycia i wskaz\u00f3wki dotycz\u0105ce przeprowadzki w 2023 roku\">Pary\u017c<\/a>. Firma szczyci si\u0119 swoim do\u015bwiadczeniem i uczciwo\u015bci\u0105, a \u015bredni sta\u017c pracy ka\u017cdego z jej pracownik\u00f3w wynosi oko\u0142o 15 lat. Warto\u015bci firmy obejmuj\u0105 jako\u015b\u0107 us\u0142ug, odpowiedzialno\u015b\u0107, zgodno\u015b\u0107 z przepisami i ci\u0105g\u0142e doskonalenie.<\/p>\n<p>Firma DT Moving twierdzi, \u017ce mia\u0142a <strong>97% zadowolenie klienta<\/strong> w 2015 r., co oznacza wzrost z 95% w 2014 r.<\/p>\n<p>Firma DT Moving posiada nast\u0119puj\u0105ce akredytacje i przynale\u017cno\u015bci:<\/p>\n<ul>\n<li> Akredytacja FAIMPLUS; niezale\u017cny audyt przeprowadzony przez Ernst &amp; Young<\/li>\n<li> Akredytacja ISO 9001-2008, w tym BS EN 12522\/1 BS EN 12522\/2<\/li>\n<li> Cz\u0142onek-za\u0142o\u017cyciel OMNI (The Overseas Moving Network International)<\/li>\n<li> <a href=\"https:\/\/moverdb.com\/pl\/fidi-faim\/\">FIDI<\/a> stowarzyszona od 1950 r. (F\u00e9d\u00e9ration Internationale des D\u00e9m\u00e9nageurs Internationaux)<\/li>\n<li> C-TPAT skontrolowany przez <a href=\"https:\/\/moverdb.com\/pl\/moving-to-the-united-states\/\" data-internallinksmanager029f6b8e52c=\"94\" title=\"Przeprowadzasz si\u0119 do Stan\u00f3w Zjednoczonych? 2026 Koszty \u017cycia i wskaz\u00f3wki dotycz\u0105ce przeprowadzki\">USA<\/a> c\u0142o<\/li>\n<li> Upowa\u017cniony cz\u0142onek <a href=\"https:\/\/moverdb.com\/pl\/british-association-of-removers\/\">Brytyjskie Stowarzyszenie Przeprowadzek<\/a>, DBA, the <a href=\"https:\/\/moverdb.com\/pl\/mtc\/\">Movers Trading Club<\/a> (<a href=\"https:\/\/moverdb.com\/pl\/mtc\/\" data-internallinksmanager029f6b8e52c=\"30\" title=\"Movers Trading Club (MTC) - obja\u015bnienia\">MTC<\/a>)<\/li>\n<li> Cz\u0142onek <a href=\"https:\/\/moverdb.com\/pl\/eura\/\">EuRA<\/a> (The <a href=\"https:\/\/moverdb.com\/pl\/eura\/\" data-internallinksmanager029f6b8e52c=\"13\" title=\"Europejskie Stowarzyszenie Relokacji (EuRA) - obja\u015bnienia\">Europejskie Stowarzyszenie Relokacji<\/a>)<\/li>\n<li> Cz\u0142onek <a href=\"https:\/\/moverdb.com\/pl\/stowarzyszenie-relocation-professionals\/\">ARP<\/a> (The <a href=\"https:\/\/moverdb.com\/pl\/association-relocation-professionals\/\" data-internallinksmanager029f6b8e52c=\"6\" title=\"Stowarzyszenie Profesjonalist\u00f3w w Dziedzinie Relokacji (ARP) - obja\u015bnienia\">Stowarzyszenie Profesjonalist\u00f3w ds. Relokacji<\/a>)<\/li>\n<li> Cz\u0142onek <a href=\"https:\/\/moverdb.com\/pl\/jestem\/\">IAM<\/a> (<a href=\"https:\/\/moverdb.com\/pl\/iam\/\" data-internallinksmanager029f6b8e52c=\"23\" title=\"Mi\u0119dzynarodowe Stowarzyszenie Przewo\u017anik\u00f3w (IAM) - obja\u015bnienia\">Mi\u0119dzynarodowe Stowarzyszenie Przewo\u017anik\u00f3w<\/a>)<\/li>\n<li> Cz\u0142onek <a href=\"https:\/\/moverdb.com\/pl\/lacma\/\">LACMA<\/a> (Stowarzyszenie Przewo\u017anik\u00f3w z Ameryki \u0141aci\u0144skiej i Karaib\u00f3w)<\/li>\n<li> Cz\u0142onek <a href=\"https:\/\/moverdb.com\/pl\/rada-ds-relokacji-pracownikow\/\">\u015awiatowa ERBN<\/a> (Stowarzyszenie Mobilno\u015bci Pracownik\u00f3w)<\/li>\n<li> Pierwszy raz w historii <a href=\"https:\/\/moverdb.com\/pl\/fidi-faim\/\" data-internallinksmanager029f6b8e52c=\"16\" title=\"FIDI i FAIM (FIDI Accredited International Mover) - obja\u015bnienia\">FAIM<\/a> Organizacja posiadaj\u0105ca akredytacj\u0119 ISO (obecnie FAIMPLUS)<\/li>\n<\/ul>\n<h2>DT Moving Reviews<\/h2>\n<p><strong>Pozytywne<\/strong><\/p>\n<ul>\n<li> <em>\"Byli niesamowicie profesjonalni, uprzejmi, szybcy i skuteczni. Wyja\u015bnili mi wszystko i nie mog\u0119 sobie wyobrazi\u0107, jak mogliby sprawi\u0107, by to do\u015bwiadczenie przebieg\u0142o jeszcze sprawniej.\"<\/em> - Z. COHEN przez DT Moving <a href=\"http:\/\/www.dtmoving.com\/about-us\/what-our-customers-say\" target=\"_blank\" rel=\"noopener\">Co m\u00f3wi\u0105 nasi klienci<\/a>.<\/li>\n<li> \"<em>W\u0142a\u015bnie przeprowadzi\u0142em si\u0119 z Londynu do <a href=\"https:\/\/moverdb.com\/pl\/przeprowadzka-do-nyc\/\">Nowy Jork<\/a> i by\u0142em pod du\u017cym wra\u017ceniem obs\u0142ugi przeprowadzki od pocz\u0105tku do ko\u0144ca. To, co mog\u0142o by\u0107 bardzo stresuj\u0105cym okresem, sta\u0142o si\u0119 bardzo \u0142atwe\".<\/em> - U\u017cytkownik Qype, Dan via <a href=\"https:\/\/www.yelp.co.uk\/biz\/dt-moving-london?hrid=_lnG2UpJr3NSw73UR115Pw&#038;utm_campaign=www_review_share_popup&#038;utm_medium=copy_link&#038;utm_source=(direct)\" target=\"_blank\" rel=\"noopener\">Yelp<\/a><\/li>\n<li> \"DT Moving by\u0142y doskona\u0142e od pocz\u0105tku do ko\u0144ca\". - MCalder via <a href=\"https:\/\/www.yell.com\/biz\/dt-moving-mitcham-3825953\/\" target=\"_blank\" rel=\"noopener\">Yell<\/a><\/li>\n<li> \"To ju\u017c trzeci raz, kiedy ja i m\u00f3j m\u0105\u017c przeprowadzamy si\u0119 ze wzgl\u0119du na prac\u0119 i by\u0142a to jak dot\u0105d najlepsza us\u0142uga.\" - Chris via <a href=\"http:\/\/www.allinlondon.co.uk\/directory\/1318\/74781.php\" target=\"_blank\" rel=\"noopener\">Wszystko w Londynie<\/a>.<\/li>\n<\/ul>\n<p><strong>Negatywny<\/strong><\/p>\n<p><em>Nie uda\u0142o nam si\u0119 znale\u017a\u0107 \u017cadnych negatywnych opinii w Internecie<\/em>.<\/p>\n<div itemprop=\"review\" itemscope itemtype=\"http:\/\/schema.org\/Review\">\n<span itemprop=\"author\" itemscope=\"\" itemtype=\"http:\/\/schema.org\/Organization\"><span itemprop=\"name\">MoverDB.com<\/span><\/span> Przegl\u0105d stron internetowych dla <span itemprop=\"itemreviewed\" itemscope=\"\" itemtype=\"http:\/\/schema.org\/Brand\"><span itemprop=\"name\">DT Moving<\/span><\/span>:<\/p>\n<ol>\n<li> Przejrzyste dane kontaktowe na stronie internetowej (w tym numer telefonu): <strong>Tak<\/strong><\/li>\n<li> \u0141atwe do uzyskania <a href=\"https:\/\/moverdb.com\/pl\/cytaty\/\">oferty na przeprowadzki mi\u0119dzynarodowe<\/a>? (formularz wniosku o wycen\u0119 online): <strong>Tak<\/strong><\/li>\n<li> Przejrzyste informacje na stronie internetowej: <strong>Tak,<\/strong> Strona internetowa jest do\u015b\u0107 obszerna i daje potencjalnym klientom dobre wyobra\u017cenie o tym, co firma mo\u017ce zaoferowa\u0107.<\/li>\n<li> Cz\u0142onkostwo w uznanych mi\u0119dzynarodowych organizacjach zajmuj\u0105cych si\u0119 przemieszczaniem: <strong>Tak<\/strong>patrz wy\u017cej.<\/li>\n<li> Lista klient\u00f3w i\/lub referencje poprzednich klient\u00f3w: <strong>Tak,<\/strong>Na stronie znajduje si\u0119 wiele referencji klient\u00f3w, a inne opinie w Internecie s\u0105 pozytywne.<\/li>\n<\/ol>\n<div itemprop=\"reviewRating\" itemscope itemtype=\"http:\/\/schema.org\/Rating\"><meta itemprop=\"worstRating\" content = \"0\" \/><meta itemprop=\"bestRating\" content=\"5\" \/><meta itemprop=\"ratingValue\" content=\"5\"><\/div>\n<p><strong>Og\u00f3lna ocena: 5\/5<\/strong><br \/>\n<strong>Data przegl\u0105du:<\/strong> <span itemprop=\"datePublished\" content=\"2016-09-03\">03\/09\/2016<\/span>\n<\/div>\n<p>Dowiedz si\u0119 wi\u0119cej o <a href=\"https:\/\/moverdb.com\/pl\/przeprowadzki-miedzynarodowe\/\">przeprowadzki mi\u0119dzynarodowe<\/a> i nasze <a href=\"https:\/\/moverdb.com\/pl\/recenzje\/\">proces przegl\u0105du<\/a>.<\/p>\n<p><strong>Strona internetowa:<\/strong> <a href=\"http:\/\/www.dtmoving.com\" target=\"_blank\" rel=\"noopener\">http:\/\/www.dtmoving.com<\/a><\/p>","protected":false},"excerpt":{"rendered":"<p>DT Moving is a UK based international moving company which offers its clients a full range of services which are listed below, together with a company profile and reviews. International Removals Pre-move survey, quotation and resources Packing at residence Transport by air, sea or road Insurance arranged Ongoing service including a move manager and a [&hellip;]<\/p>\n","protected":false},"author":1,"featured_media":0,"parent":0,"menu_order":0,"comment_status":"closed","ping_status":"closed","template":"","meta":{"_genesis_hide_title":false,"_genesis_hide_breadcrumbs":false,"_genesis_hide_singular_image":false,"_genesis_hide_footer_widgets":false,"_genesis_custom_body_class":"","_genesis_custom_post_class":"","_genesis_layout":"","footnotes":""},"class_list":{"0":"post-945","1":"page","2":"type-page","3":"status-publish","5":"entry"},"_links":{"self":[{"href":"https:\/\/moverdb.com\/pl\/wp-json\/wp\/v2\/pages\/945","targetHints":{"allow":["GET"]}}],"collection":[{"href":"https:\/\/moverdb.com\/pl\/wp-json\/wp\/v2\/pages"}],"about":[{"href":"https:\/\/moverdb.com\/pl\/wp-json\/wp\/v2\/types\/page"}],"author":[{"embeddable":true,"href":"https:\/\/moverdb.com\/pl\/wp-json\/wp\/v2\/users\/1"}],"replies":[{"embeddable":true,"href":"https:\/\/moverdb.com\/pl\/wp-json\/wp\/v2\/comments?post=945"}],"version-history":[{"count":8,"href":"https:\/\/moverdb.com\/pl\/wp-json\/wp\/v2\/pages\/945\/revisions"}],"predecessor-version":[{"id":6201,"href":"https:\/\/moverdb.com\/pl\/wp-json\/wp\/v2\/pages\/945\/revisions\/6201"}],"wp:attachment":[{"href":"https:\/\/moverdb.com\/pl\/wp-json\/wp\/v2\/media?parent=945"}],"curies":[{"name":"wp","href":"https:\/\/api.w.org\/{rel}","templated":true}]}}