{"id":944,"date":"2016-09-04T13:58:08","date_gmt":"2016-09-04T13:58:08","guid":{"rendered":"http:\/\/moverdb.com\/?page_id=944"},"modified":"2026-01-08T14:48:19","modified_gmt":"2026-01-08T14:48:19","slug":"nadmiar-miedzynarodowe-przeprowadzki","status":"publish","type":"page","link":"https:\/\/moverdb.com\/pl\/excess-international-movers\/","title":{"rendered":"Przeprowadzki mi\u0119dzynarodowe: Przeprowadzki mi\u0119dzynarodowe - recenzje"},"content":{"rendered":"<p>Excess International Movers oferuje klientom korporacyjnym, osobom prywatnym i rodzinom szeroki zakres us\u0142ug, kt\u00f3re wymieniono poni\u017cej. Znajduje si\u0119 tam r\u00f3wnie\u017c profil firmy oraz recenzje.<\/p>\n<p><strong><a href=\"https:\/\/moverdb.com\/pl\/international-removals\/\" data-internallinksmanager029f6b8e52c=\"27\" title=\"36 najlepszych firm zajmuj\u0105cych si\u0119 przeprowadzkami mi\u0119dzynarodowymi w Wielkiej Brytanii\">Przeprowadzki mi\u0119dzynarodowe<\/a><\/strong><\/p>\n<ul>\n<li> Transport lotniczy, morski lub drogowy<\/li>\n<li> Us\u0142uga \"od drzwi do drzwi\".<\/li>\n<li> Dedykowane us\u0142ugi w zakresie relokacji mi\u0119dzynarodowych<\/li>\n<li> Koordynator przeprowadzki, kt\u00f3ry zorganizuje przeprowadzk\u0119 od pocz\u0105tku do ko\u0144ca i odpowie na wszelkie pytania.<\/li>\n<li> Pakowanie mienia w najlepsze, zatwierdzone przez bran\u017c\u0119 materia\u0142y do pakowania - r\u00f3wnie\u017c zapewniane przez Excess International Movers<\/li>\n<li> Przeprowadzki za\u0142adowane na <a href=\"https:\/\/moverdb.com\/pl\/przeladunek-w-kontenerach\/\">pojemnik transportowy<\/a> lub do za\u0142adunku na statek powietrzny<\/li>\n<li> Towar odprawiony, dostarczony i roz\u0142adowany w nowym domu, biurze, hotelu lub innym miejscu docelowym - lub udost\u0119pniony do odbioru na wybranym lotnisku<\/li>\n<li> Op\u0142aty za przeprowadzki mi\u0119dzynarodowe, odprawy celne i op\u0142aty terminalowe<\/li>\n<\/ul>\n<p><strong>Przeprowadzki europejskie<\/strong><\/p>\n<ul>\n<li> Us\u0142uga \"od drzwi do drzwi\".<\/li>\n<li> Dedykowana us\u0142uga bezpo\u015brednia. Twoje rzeczy s\u0105 pakowane w Twoim domu, a nast\u0119pnie \u0142adowane i transportowane bezpo\u015brednio do Twojego nowego domu w Europie. Sam wybierasz dat\u0119 dostawy, aby dostosowa\u0107 j\u0105 do swoich potrzeb. <\/li>\n<li> \u0141adunek wsp\u00f3\u0142dzielony. Odpowiednie rozwi\u0105zanie, je\u015bli chcesz przewie\u017a\u0107 towary w mniejszych partiach, gdzie termin ma mniejsze znaczenie. Oferuj\u0105c klientom sta\u0142\u0105 dat\u0119 odbioru, otrzymujesz jednocze\u015bnie informacj\u0119 o terminie dostawy przed odbiorem, a data dostawy jest potwierdzana po sfinalizowaniu harmonogramu przewozu \u0142adunku dzielonego.<\/li>\n<li> Dedykowany koordynator przeprowadzki, kt\u00f3ry odpowie na pytania i zorganizuje przeprowadzk\u0119 UE od pocz\u0105tku do ko\u0144ca<\/li>\n<li> Przeprowadzki europejskie obejmuj\u0105 profesjonaln\u0105 us\u0142ug\u0119 pakowania przy u\u017cyciu zatwierdzonych w bran\u017cy materia\u0142\u00f3w do pakowania, aby zapewni\u0107 bezpiecze\u0144stwo Twoich rzeczy w transporcie.<\/li>\n<li> Przeprowadzki - odbi\u00f3r, dostarczenie i rozpakowanie do nowego domu z rozmieszczeniem ca\u0142ej zawarto\u015bci zgodnie z wymaganiami.<\/li>\n<\/ul>\n<p><strong>Us\u0142ugi magazynowania<\/strong><\/p>\n<ul>\n<li> 24-godzinna ochrona<\/li>\n<li> Dost\u0119p do towar\u00f3w wymaga powiadomienia i mo\u017ce wi\u0105za\u0107 si\u0119 z dodatkow\u0105 op\u0142at\u0105<\/li>\n<li> Zni\u017cki na przechowywanie dla student\u00f3w<\/li>\n<li> Magazynowanie w kontenerach<\/li>\n<\/ul>\n<p><strong>Us\u0142ugi dla student\u00f3w<\/strong><\/p>\n<ul>\n<li> Specjalne zni\u017cki na mini ruchy<\/li>\n<li> Specjalny rabat na 5 pude\u0142ek<\/li>\n<li> Student <a href=\"https:\/\/moverdb.com\/pl\/firmy-spedycyjne\/\">wysy\u0142ka mi\u0119dzynarodowa<\/a><\/li>\n<\/ul>\n<p><strong>Us\u0142ugi dodatkowe<\/strong><\/p>\n<ul>\n<li> Wysy\u0142ka baga\u017cu<\/li>\n<li> Baga\u017c bez w\u0142a\u015bciciela<\/li>\n<li> Nadbaga\u017c<\/li>\n<li> <a href=\"https:\/\/moverdb.com\/pl\/samochod-transport-wysylka\/\">Spedycja pojazd\u00f3w<\/a><\/li>\n<li> Przeprowadzki firm<\/li>\n<li> Wysy\u0142ka dzie\u0142 sztuki<\/li>\n<li> Import<\/li>\n<\/ul>\n<h2>Profil firmy Excess International Movers<\/h2>\n<p>Firma Excess International Movers istnieje od ponad 30 lat i obs\u0142uguje ponad 50 000 przesy\u0142ek rocznie, zar\u00f3wno mi\u0119dzynarodowych, jak i lokalnych. Firma twierdzi, \u017ce mo\u017ce obs\u0142u\u017cy\u0107 ka\u017cd\u0105 wielko\u015b\u0107 przeprowadzki i zrobi to w rozs\u0105dnych ramach czasowych. Excess International Movers twierdzi, \u017ce wysy\u0142a przesy\u0142ki do ponad 25 000 miejsc na ca\u0142ym \u015bwiecie.<\/p>\n<p>Firma zajmuje si\u0119 ka\u017cdym aspektem przeprowadzki za granic\u0119, od wst\u0119pnej wyceny po us\u0142ugi zwi\u0105zane z osiedleniem si\u0119 w kraju docelowym. Firma oferuje rozwi\u0105zania transportowe dla os\u00f3b prywatnych, rodzin i firm, w tym wielu znanych przedsi\u0119biorstw.<\/p>\n<p>Akredytacje i przynale\u017cno\u015b\u0107 do Excess International Movers:<\/p>\n<ul>\n<li> <a href=\"https:\/\/moverdb.com\/pl\/british-association-of-removers\/\">Brytyjskie Stowarzyszenie Przedsi\u0119biorc\u00f3w Przeprowadzkowych<\/a> (<a href=\"https:\/\/moverdb.com\/pl\/british-association-of-removers\/\" data-internallinksmanager029f6b8e52c=\"9\" title=\"Brytyjskie Stowarzyszenie Przeprowadzek (BAR) - obja\u015bnienia\">BAR<\/a>)<\/li>\n<li> <a href=\"https:\/\/moverdb.com\/pl\/fidi-faim\/\">Federacja Mi\u0119dzynarodowych Przewo\u017anik\u00f3w Meblowych<\/a> (<a href=\"https:\/\/moverdb.com\/pl\/fidi-faim\/\" data-internallinksmanager029f6b8e52c=\"16\" title=\"FIDI i FAIM (FIDI Accredited International Mover) - obja\u015bnienia\">FIDI<\/a>)<\/li>\n<li> <a href=\"https:\/\/moverdb.com\/pl\/hgfaa\/\">Ameryka\u0144skie Stowarzyszenie Spedytor\u00f3w Artyku\u0142\u00f3w Gospodarstwa Domowego<\/a> (HHGFAA)<\/li>\n<li> <a href=\"https:\/\/moverdb.com\/pl\/fidi-faim\/\">FAIM Plus<\/a><\/li>\n<li> <a href=\"https:\/\/moverdb.com\/pl\/mtc\/\">Movers Trading Club<\/a> (<a href=\"https:\/\/moverdb.com\/pl\/mtc\/\" data-internallinksmanager029f6b8e52c=\"30\" title=\"Movers Trading Club (MTC) - obja\u015bnienia\">MTC<\/a>)<\/li>\n<li> Strona <a href=\"https:\/\/moverdb.com\/pl\/jestem\/\">Mi\u0119dzynarodowe Stowarzyszenie Przewo\u017anik\u00f3w<\/a> (<a href=\"https:\/\/moverdb.com\/pl\/iam\/\" data-internallinksmanager029f6b8e52c=\"23\" title=\"Mi\u0119dzynarodowe Stowarzyszenie Przewo\u017anik\u00f3w (IAM) - obja\u015bnienia\">IAM<\/a>)<\/li>\n<li> ISO 9001<\/li>\n<\/ul>\n<h2>Excess International Movers Reviews<\/h2>\n<p><strong>Pozytywne<\/strong><\/p>\n<ul>\n<li> <em>\"Od pocz\u0105tku wsp\u00f3\u0142praca z Excess Internationl Movers by\u0142a przyjemno\u015bci\u0105. Ceny s\u0105 bardzo przyst\u0119pne, a firma prowadzi klienta przez ca\u0142y proces. Odbi\u00f3r i dostawa by\u0142y bezproblemowe, a ja nie m\u00f3g\u0142bym by\u0107 bardziej zadowolony z us\u0142ugi. Gor\u0105co polecam.\"<\/em> - Pani Sophie Hay przez <a href=\"http:\/\/www.excess-international.com\/reviews\" target=\"_blank\" rel=\"noopener\">strona opinii o firmie<\/a><\/li>\n<li> <em>\"Genialna obs\u0142uga od wyceny do wysy\u0142ki. Gor\u0105co polecamy t\u0119 firm\u0119.\"<\/em> - Lisa przez <a href=\"https:\/\/uk.trustpilot.com\/reviews\/57bc88a00000ff00097f3cfc\" target=\"_blank\" rel=\"noopener\">Trustpilot<\/a>.<\/li>\n<li> <em>\"Niedawno przeprowadzili\u015bmy si\u0119 z <a href=\"https:\/\/moverdb.com\/pl\/moving-to-the-uk\/\" data-internallinksmanager029f6b8e52c=\"93\" title=\"Przeprowadzasz si\u0119 do Wielkiej Brytanii? 2026 Koszty \u017cycia i wskaz\u00f3wki dotycz\u0105ce przeprowadzki\">UK<\/a> do <a href=\"https:\/\/moverdb.com\/pl\/moving-to-canada\/\" data-internallinksmanager029f6b8e52c=\"265\" title=\"Przeprowadzka do Kanady? 2026 Koszty utrzymania i wskaz\u00f3wki dotycz\u0105ce przeprowadzki\">Kanada<\/a>i Excess International sprawi\u0142, \u017ce ca\u0142y proces by\u0142 bardzo bezbolesny. Wycena do\u015b\u0107 dok\u0142adna (ostateczny koszt w rzeczywisto\u015bci wyszed\u0142 nieco mniej ni\u017c pierwotna wycena, co by\u0142o dobre - \u017cadnych nieprzyjemnych niespodzianek w ostatniej chwili), pakowacze wykonali \u015bwietn\u0105 prac\u0119, a Attila ch\u0119tnie odpowiada\u0142 na wszelkie nasze pytania.\"<\/em> - przez <a href=\"http:\/\/www.reviewcentre.com\/Removal-Companies\/Excess-International-Movers-www-excess-international-com-review_2391382\" target=\"_blank\" rel=\"noopener\">Przegl\u0105d Centrum<\/a><\/li>\n<li> <em>\"Panowie, kt\u00f3rzy przyjechali, aby przeprowadzi\u0107 przeprowadzk\u0119 i pakowanie, byli absolutnie #1 - pierwszorz\u0119dni we wszystkim, oddani ci\u0119\u017ckiej pracy i bardzo uprzejmi\".<\/em> - Anton przez <a href=\"http:\/\/www.shipping-international.com\/companies\/excess-international-movers.html\" target=\"_blank\" rel=\"noopener\">Shipping-International.com<\/a><\/li>\n<\/ul>\n<p><strong>Negatywny<\/strong><\/p>\n<ul>\n<li> <em>\"Czuli\u015bmy, \u017ce podj\u0119li\u015bmy dobr\u0105 decyzj\u0119 po otrzymaniu kilku ofert, ale niestety sprawy nie potoczy\u0142y si\u0119 tak, jak oczekiwali\u015bmy\".<\/em> - Lee\/Mrs Alexandria via <a href=\"https:\/\/uk.trustpilot.com\/reviews\/57b38afd0000ff00097cab0e\" target=\"_blank\" rel=\"noopener\">Trustpilot<\/a><\/li>\n<li> <em>\"Nadal mamy problem si\u0119gaj\u0105cy pocz\u0105tku roku (2015) z firm\u0105 EIM, kiedy nasz kontener przyby\u0142 do NZ z Wielkiej Brytanii. Pracownicy EIM z powrotem w Wielkiej Brytanii zakleili dziur\u0119 w dachu kontenera w\u0142asn\u0105 ta\u015bm\u0105 pakow\u0105.\"<\/em> - Robert Snijders via <a href=\"http:\/\/www.removalreviews.co.uk\/movingreviews\/move-from-uk-to-nz-10229\" target=\"_blank\" rel=\"noopener\">Recenzje przeprowadzek<\/a><\/li>\n<li> <em>\"\u017ba\u0142osna obs\u0142uga i brak w\u0142a\u015bciwej komunikacji. W og\u00f3le nie polecam korzystania z us\u0142ug tych ludzi. Moja wsp\u00f3\u0142praca z nimi by\u0142a bardzo rozczarowuj\u0105ca i frustruj\u0105ca.\"<\/em> - przez <a href=\"http:\/\/www.reviewcentre.com\/Removal-Companies\/Excess-International-Movers-www-excess-international-com-review_3918175\" target=\"_blank\" rel=\"noopener\">Przegl\u0105d Centrum<\/a><\/li>\n<li> <em>\"Absolutnie okropna firma, z kt\u00f3r\u0105 trzeba by\u0142o si\u0119 zmierzy\u0107, rozmawiaj\u0105c z nimi przez telefon czu\u0142em si\u0119 jak z windykatorem.\" -<br \/>\nWill B. via <a href=\"https:\/\/www.yelp.co.uk\/biz\/excess-international-movers-london-2?hrid=gh9RC6mlebc__fP5wR0Q8g&#038;utm_campaign=www_review_share_popup&#038;utm_medium=copy_link&#038;utm_source=(direct)\" target=\"_blank\" rel=\"noopener\">Yelp<\/a><\/em><\/li>\n<\/ul>\n<div itemprop=\"review\" itemscope itemtype=\"http:\/\/schema.org\/Review\">\n<span itemprop=\"author\" itemscope=\"\" itemtype=\"http:\/\/schema.org\/Organization\"><span itemprop=\"name\">MoverDB.com<\/span><\/span> Przegl\u0105d stron internetowych dla <span itemprop=\"itemreviewed\" itemscope=\"\" itemtype=\"http:\/\/schema.org\/Brand\"><span itemprop=\"name\">Nadwy\u017cka mi\u0119dzynarodowych przeprowadzek<\/span><\/span>:<\/p>\n<ol>\n<li> Przejrzyste dane kontaktowe na stronie internetowej (w tym numer telefonu): <strong>Tak<\/strong><\/li>\n<li> \u0141atwe do uzyskania <a href=\"https:\/\/moverdb.com\/pl\/cytaty\/\">oferty na przeprowadzki mi\u0119dzynarodowe<\/a>? (formularz wniosku o wycen\u0119 online): <strong>Tak<\/strong><\/li>\n<li> Przejrzyste informacje na stronie internetowej: <strong>Tak,<\/strong> Informacje na stronie internetowej s\u0105 do\u015b\u0107 szczeg\u00f3\u0142owe i daj\u0105 potencjalnym klientom dobre wyobra\u017cenie o ofercie.<\/li>\n<li> Cz\u0142onkostwo w uznanych mi\u0119dzynarodowych organizacjach zajmuj\u0105cych si\u0119 przemieszczaniem: <strong>Tak<\/strong>patrz wy\u017cej.<\/li>\n<li> Lista klient\u00f3w i\/lub referencje poprzednich klient\u00f3w: <strong>Tak,<\/strong> Na stronie internetowej firmy znajduje si\u0119 wiele pozytywnych opinii klient\u00f3w, cho\u0107 opinie w innych miejscach s\u0105 nieco bardziej zr\u00f3\u017cnicowane.<\/li>\n<\/ol>\n<div itemprop=\"reviewRating\" itemscope itemtype=\"http:\/\/schema.org\/Rating\"><meta itemprop=\"worstRating\" content = \"0\" \/><meta itemprop=\"bestRating\" content=\"5\" \/><meta itemprop=\"ratingValue\" content=\"4\"><\/div>\n<p><strong>Ocena og\u00f3lna: 4\/5<\/strong><br \/>\n<strong>Data przegl\u0105du:<\/strong> <span itemprop=\"datePublished\" content=\"2016-09-04\">04\/09\/2016<\/span>\n<\/div>\n<p>Dowiedz si\u0119 wi\u0119cej o <a href=\"https:\/\/moverdb.com\/pl\/przeprowadzki-miedzynarodowe\/\">przeprowadzki mi\u0119dzynarodowe<\/a> i nasze <a href=\"https:\/\/moverdb.com\/pl\/recenzje\/\">proces przegl\u0105du<\/a>.<\/p>\n<p><strong>Strona internetowa:<\/strong> <a href=\"http:\/\/www.excess-international.com\/\" target=\"_blank\" rel=\"noopener\">http:\/\/www.excess-international.com<\/a><\/p>","protected":false},"excerpt":{"rendered":"<p>Excess International Movers offer corporate clients, individuals and families a wide range of services which are listed below. There also follows a company profile and reviews. International Removals Air, sea or road Door to door service Dedicated service for international relocations A move co-ordinator to organise removals from start to finish and answer any queries [&hellip;]<\/p>\n","protected":false},"author":1,"featured_media":0,"parent":0,"menu_order":0,"comment_status":"closed","ping_status":"closed","template":"","meta":{"_genesis_hide_title":false,"_genesis_hide_breadcrumbs":false,"_genesis_hide_singular_image":false,"_genesis_hide_footer_widgets":false,"_genesis_custom_body_class":"","_genesis_custom_post_class":"","_genesis_layout":"","footnotes":""},"class_list":{"0":"post-944","1":"page","2":"type-page","3":"status-publish","5":"entry"},"_links":{"self":[{"href":"https:\/\/moverdb.com\/pl\/wp-json\/wp\/v2\/pages\/944","targetHints":{"allow":["GET"]}}],"collection":[{"href":"https:\/\/moverdb.com\/pl\/wp-json\/wp\/v2\/pages"}],"about":[{"href":"https:\/\/moverdb.com\/pl\/wp-json\/wp\/v2\/types\/page"}],"author":[{"embeddable":true,"href":"https:\/\/moverdb.com\/pl\/wp-json\/wp\/v2\/users\/1"}],"replies":[{"embeddable":true,"href":"https:\/\/moverdb.com\/pl\/wp-json\/wp\/v2\/comments?post=944"}],"version-history":[{"count":8,"href":"https:\/\/moverdb.com\/pl\/wp-json\/wp\/v2\/pages\/944\/revisions"}],"predecessor-version":[{"id":6207,"href":"https:\/\/moverdb.com\/pl\/wp-json\/wp\/v2\/pages\/944\/revisions\/6207"}],"wp:attachment":[{"href":"https:\/\/moverdb.com\/pl\/wp-json\/wp\/v2\/media?parent=944"}],"curies":[{"name":"wp","href":"https:\/\/api.w.org\/{rel}","templated":true}]}}