{"id":940,"date":"2016-09-04T19:16:26","date_gmt":"2016-09-04T19:16:26","guid":{"rendered":"http:\/\/moverdb.com\/?page_id=940"},"modified":"2026-01-08T14:47:53","modified_gmt":"2026-01-08T14:47:53","slug":"btr-international","status":"publish","type":"page","link":"https:\/\/moverdb.com\/pl\/btr-international\/","title":{"rendered":"BTR International: Workforce Mobility: Relocation &amp; Removals Reviews"},"content":{"rendered":"<p>BTR International oferuje firmom wiele us\u0142ug umo\u017cliwiaj\u0105cych im przeniesienie pracownik\u00f3w lub dzia\u0142alno\u015bci za granic\u0119.<\/p>\n<p><strong>Us\u0142ugi w zakresie przeprowadzek mi\u0119dzynarodowych<\/strong><\/p>\n<ul type=\"circle\">\n<li class=\"m_7262227758002368167MsoListParagraph\"><b>Us\u0142ugi konsultingowe<\/b><u><\/u><u><\/u>\n<ul type=\"square\">\n<li class=\"m_7262227758002368167MsoListParagraph\">Projektowanie i rozw\u00f3j polityki<u><\/u><u><\/u><\/li>\n<li class=\"m_7262227758002368167MsoListParagraph\">Benchmarking<u><\/u><u><\/u><\/li>\n<li class=\"m_7262227758002368167MsoListParagraph\">Doradztwo<u><\/u><u><\/u><\/li>\n<\/ul>\n<\/li>\n<li class=\"m_7262227758002368167MsoListParagraph\"><b>Us\u0142ugi przed przydzia\u0142em<u><\/u><u><\/u><\/b>\n<ul type=\"square\">\n<li class=\"m_7262227758002368167MsoListParagraph\">Doradztwo przed przydzia\u0142em<u><\/u><u><\/u><\/li>\n<li class=\"m_7262227758002368167MsoListParagraph\">Planowanie kompensacji<u><\/u><u><\/u><\/li>\n<li class=\"m_7262227758002368167MsoListParagraph\">Prognozy koszt\u00f3w przydzia\u0142u<u><\/u><u><\/u><\/li>\n<li class=\"m_7262227758002368167MsoListParagraph\">Przygotowanie listu przydzia\u0142owego<u><\/u><u><\/u><\/li>\n<li class=\"m_7262227758002368167MsoListParagraph\">Planowanie i strategia podatkowa<u><\/u><u><\/u><\/li>\n<li class=\"m_7262227758002368167MsoListParagraph\">Obliczanie arkusza kompensacji pocz\u0105tkowej<u><\/u><u><\/u><\/li>\n<li class=\"m_7262227758002368167MsoListParagraph\">Koordynacja wizowa\/imigracyjna<u><\/u><u><\/u><\/li>\n<li class=\"m_7262227758002368167MsoListParagraph\">Sprawozdawczo\u015b\u0107 dotycz\u0105ca dodatk\u00f3w na koszty utrzymania<u><\/u><u><\/u><\/li>\n<li class=\"m_7262227758002368167MsoListParagraph\">Szkolenie kulturowe i j\u0119zykowe<u><\/u><u><\/u><\/li>\n<li class=\"m_7262227758002368167MsoListParagraph\">Doradztwo edukacyjne i po\u015brednictwo pracy<u><\/u><u><\/u><\/li>\n<li class=\"m_7262227758002368167MsoListParagraph\">Pomoc w marketingu domowym<u><\/u><u><\/u><\/li>\n<\/ul>\n<\/li>\n<li class=\"m_7262227758002368167MsoListParagraph\"><b>Zarz\u0105dzanie wydatkami<\/b><u><\/u><u><\/u>\n<ul type=\"square\">\n<li class=\"m_7262227758002368167MsoListParagraph\">Kontrola wydatk\u00f3w i wydatkowanie \u015brodk\u00f3w<u><\/u><u><\/u><\/li>\n<li class=\"m_7262227758002368167MsoListParagraph\">Bezpo\u015brednia p\u0142atno\u015b\u0107 wydatk\u00f3w<u><\/u><u><\/u><\/li>\n<li class=\"m_7262227758002368167MsoListParagraph\">Szczeg\u00f3\u0142owe uzgodnienia i raporty<u><\/u><u><\/u><\/li>\n<li class=\"m_7262227758002368167MsoListParagraph\">Zgodno\u015b\u0107 z globaln\u0105 polityk\u0105 mobilno\u015bci<u><\/u><u><\/u><\/li>\n<li class=\"m_7262227758002368167MsoListParagraph\">Wyj\u0105tek od polityki Sprawozdawczo\u015b\u0107 kosztowa<u><\/u><u><\/u><\/li>\n<\/ul>\n<\/li>\n<li class=\"m_7262227758002368167MsoListParagraph\"><b>Zarz\u0105dzanie ruchem<\/b><u><\/u><u><\/u>\n<ul type=\"square\">\n<li class=\"m_7262227758002368167MsoListParagraph\">Zarz\u0105dzanie przemieszczaniem grupowym<u><\/u><u><\/u><\/li>\n<li class=\"m_7262227758002368167MsoListParagraph\">Rozwi\u0105zanie rycza\u0142towe<u><\/u><u><\/u><\/li>\n<li class=\"m_7262227758002368167MsoListParagraph\">Us\u0142ugi magazynowania<u><\/u><u><\/u><\/li>\n<li class=\"m_7262227758002368167MsoListParagraph\">Program mobilno\u015bci globalnej<u><\/u><u><\/u><\/li>\n<li class=\"m_7262227758002368167MsoListParagraph\">Spedycja mi\u0119dzynarodowa<u><\/u><u><\/u><\/li>\n<li class=\"m_7262227758002368167MsoListParagraph\">Program ubezpieczeniowy<u><\/u><u><\/u><\/li>\n<li class=\"m_7262227758002368167MsoListParagraph\">Us\u0142ugi VIP<u><\/u><u><\/u><\/li>\n<li class=\"m_7262227758002368167MsoListParagraph\">Zarz\u0105dzanie zapasami<u><\/u><u><\/u><\/li>\n<li class=\"m_7262227758002368167MsoListParagraph\">Przeprowadzki komercyjne<u><\/u><u><\/u><\/li>\n<li class=\"m_7262227758002368167MsoListParagraph\">Us\u0142ugi przeprowadzek zwierz\u0105t domowych<u><\/u><u><\/u><\/li>\n<\/ul>\n<\/li>\n<li class=\"m_7262227758002368167MsoListParagraph\"><b>Us\u0142ugi dotycz\u0105ce miejsc przeznaczenia<\/b><u><\/u><u><\/u>\n<ul type=\"square\">\n<li class=\"m_7262227758002368167MsoListParagraph\">Pomoc w szukaniu domu<u><\/u><u><\/u><\/li>\n<li class=\"m_7262227758002368167MsoListParagraph\">Pomoc w znalezieniu mieszkania<u><\/u><u><\/u><\/li>\n<li class=\"m_7262227758002368167MsoListParagraph\">Pomoc w poszukiwaniu szk\u00f3\u0142<u><\/u><u><\/u><\/li>\n<li class=\"m_7262227758002368167MsoListParagraph\">Mieszkanie tymczasowe<u><\/u><u><\/u><\/li>\n<li class=\"m_7262227758002368167MsoListParagraph\">Doradztwo zawodowe dla ma\u0142\u017conk\u00f3w<u><\/u><u><\/u><\/li>\n<li class=\"m_7262227758002368167MsoListParagraph\">Zarz\u0105dzanie najmem<u><\/u><u><\/u><\/li>\n<li class=\"m_7262227758002368167MsoListParagraph\">Zarz\u0105dzanie nieruchomo\u015bciami<u><\/u><u><\/u><\/li>\n<li class=\"m_7262227758002368167MsoListParagraph\">Us\u0142ugi w zakresie osiedlania si\u0119<u><\/u><u><\/u><\/li>\n<\/ul>\n<\/li>\n<li class=\"m_7262227758002368167MsoListParagraph\"><b>Us\u0142ugi sprawozdawcze<\/b><u><\/u><u><\/u>\n<ul type=\"square\">\n<li class=\"m_7262227758002368167MsoListParagraph\">Raporty dotycz\u0105ce zlece\u0144 na zam\u00f3wienie<u><\/u><u><\/u><\/li>\n<li class=\"m_7262227758002368167MsoListParagraph\">Zarz\u0105dzanie kosztami i podatki na koniec roku finansowego<u><\/u><u><\/u><\/li>\n<li class=\"m_7262227758002368167MsoListParagraph\">Wyj\u0105tek od polityki \u015bledzenia<u><\/u><u><\/u><\/li>\n<li class=\"m_7262227758002368167MsoListParagraph\">Monitorowanie i raportowanie podr\u00f3\u017cy s\u0142u\u017cbowych<u><\/u><u><\/u><\/li>\n<li class=\"m_7262227758002368167MsoListParagraph\">Kwartalne i roczne przegl\u0105dy klient\u00f3w<\/li>\n<\/ul>\n<\/li>\n<\/ul>\n<h2>Profil firmy BTR International<\/h2>\n<p>BTR International jest wielokrotnie nagradzan\u0105 firm\u0105 zarz\u0105dzaj\u0105c\u0105 mi\u0119dzynarodowymi relokacjami, posiadaj\u0105c\u0105 ponad 35-letnie do\u015bwiadczenie w zakresie mobilno\u015bci pracownik\u00f3w. BTR International d\u0105\u017cy do odci\u0105\u017cenia dzia\u0142u HR firmy poprzez zorganizowanie jak najwi\u0119kszej cz\u0119\u015bci przeprowadzki oraz wspieranie zar\u00f3wno firmy, jak i pracownik\u00f3w, kt\u00f3rzy si\u0119 przemieszczaj\u0105.<\/p>\n<p>BTR zosta\u0142 przej\u0119ty przez Writer Corporation w 2019 roku, globaln\u0105 organizacj\u0119 z ponad 60-letnim do\u015bwiadczeniem w bran\u017cy relokacyjnej. Wsp\u00f3lna praca wzmocni\u0142a ich globaln\u0105 sie\u0107 i jako\u015b\u0107 us\u0142ug.<\/p>\n<p>Poni\u017cej znajduje si\u0119 lista mi\u0119dzynarodowych akredytacji i stowarzysze\u0144 BTR:<\/p>\n<ul>\n<li><a href=\"https:\/\/moverdb.com\/pl\/british-association-of-removers\/\">Brytyjskie Stowarzyszenie Przedsi\u0119biorc\u00f3w Przeprowadzkowych<\/a> (<a href=\"https:\/\/moverdb.com\/pl\/british-association-of-removers\/\" data-internallinksmanager029f6b8e52c=\"9\" title=\"Brytyjskie Stowarzyszenie Przeprowadzek (BAR) - obja\u015bnienia\">BAR<\/a>)<\/li>\n<li><a href=\"https:\/\/moverdb.com\/pl\/bar-overseas\/\">Brytyjskie Stowarzyszenie Przeprowadzek za Granic\u0119<\/a><\/li>\n<li><a href=\"https:\/\/moverdb.com\/pl\/fidi-faim\/\">Federacja Mi\u0119dzynarodowych Przewo\u017anik\u00f3w Drogowych<\/a> (<a href=\"https:\/\/moverdb.com\/pl\/fidi-faim\/\" data-internallinksmanager029f6b8e52c=\"16\" title=\"FIDI i FAIM (FIDI Accredited International Mover) - obja\u015bnienia\">FIDI<\/a>)<\/li>\n<li><a href=\"https:\/\/moverdb.com\/pl\/fidi-faim\/\">FAIM Plus<\/a><\/li>\n<li><a href=\"https:\/\/moverdb.com\/pl\/jestem\/\">Mi\u0119dzynarodowe Stowarzyszenie Przewo\u017anik\u00f3w<\/a> (<a href=\"https:\/\/moverdb.com\/pl\/iam\/\" data-internallinksmanager029f6b8e52c=\"23\" title=\"Mi\u0119dzynarodowe Stowarzyszenie Przewo\u017anik\u00f3w (IAM) - obja\u015bnienia\">IAM<\/a>)<\/li>\n<li><a href=\"https:\/\/moverdb.com\/pl\/fedemac\/\">FEDEMAC<\/a><\/li>\n<li><a href=\"https:\/\/moverdb.com\/pl\/lacma\/\">LACMA<\/a><\/li>\n<li><a href=\"https:\/\/moverdb.com\/pl\/mtc\/\">Movers Trading Club<\/a> (<a href=\"https:\/\/moverdb.com\/pl\/mtc\/\" data-internallinksmanager029f6b8e52c=\"30\" title=\"Movers Trading Club (MTC) - obja\u015bnienia\">MTC<\/a>)<\/li>\n<li><a href=\"https:\/\/moverdb.com\/pl\/rada-ds-relokacji-pracownikow\/\">\u015awiatowa ERBN<\/a><\/li>\n<li><a href=\"https:\/\/moverdb.com\/pl\/stowarzyszenie-relocation-professionals\/\">Stowarzyszenie Profesjonalist\u00f3w ds. Relokacji<\/a> (<a href=\"https:\/\/moverdb.com\/pl\/association-relocation-professionals\/\" data-internallinksmanager029f6b8e52c=\"6\" title=\"Stowarzyszenie Profesjonalist\u00f3w w Dziedzinie Relokacji (ARP) - obja\u015bnienia\">ARP<\/a>)<\/li>\n<li><a href=\"https:\/\/moverdb.com\/pl\/eura\/\">Europejskie Stowarzyszenie Relokacji<\/a> (<a href=\"https:\/\/moverdb.com\/pl\/eura\/\" data-internallinksmanager029f6b8e52c=\"13\" title=\"Europejskie Stowarzyszenie Relokacji (EuRA) - obja\u015bnienia\">EuRA<\/a>)<\/li>\n<li>Forum Zarz\u0105dzania Wsp\u00f3\u0142prac\u0105 z Zagranic\u0105<\/li>\n<li>ISO 9001<\/li>\n<li>ISO 14001<\/li>\n<\/ul>\n<p><strong>Recenzje BTR International<\/strong><\/p>\n<p>Firma posiada kilka pozytywnych recenzji <a href=\"https:\/\/www.google.com\/search?q=btr+international&#038;rlz=1C1GCEU_en-GBGB955GB973&#038;oq=btr+international&#038;aqs=chrome.0.0i355i512j46i175i199i512j69i59l3j69i60l3.8906j0j7&#038;sourceid=chrome&#038;ie=UTF-8#lrd=0x48764eb31a41d6d7:0xb3d5c304f795d7ad,1,,,\" target=\"_blank\" rel=\"noopener\">mo\u017cna zobaczy\u0107 tutaj<\/a>.<\/p>\n<p><strong>Pozytywne<\/strong><\/p>\n<p><em>\"Nie mogli\u015bmy prosi\u0107 o lepsze do\u015bwiadczenie przy naszej mi\u0119dzynarodowej przeprowadzce z BTR. Specjali\u015bci od przeprowadzek po obu stronach byli skrupulatni, mili i wysoko wykwalifikowani. Wszystkie przedmioty by\u0142y starannie zapakowane, przechowywane i rozpakowane\/zmontowane w miejscu przeznaczenia zgodnie z harmonogramem, jak obiecano. Nasza koordynatorka przeprowadzki, Sarah, by\u0142a niezwykle proaktywna, responsywna i troskliwa. Gor\u0105co polecam!\"<\/em> - Tina Cachules<\/p>\n<p><em>\"U\u017cyli\u015bmy tej firmy do obu naszych przeprowadzek domu w ci\u0105gu lat. Stwierdzili\u015bmy, \u017ce ich us\u0142ugi s\u0105 doskona\u0142e. Konkurencyjne ceny w obu przypadkach. Ich obs\u0142uga klienta jest bardzo przyst\u0119pna, a ich ekipy przeprowadzkowe s\u0105 bardzo elastyczne i wydajne. Nie waham si\u0119 poleci\u0107 BTR.\"<\/em> - Geoff White<\/p>\n<p><em>\"Poniewa\u017c moja przeprowadzka by\u0142a do\u015b\u0107 kr\u00f3tka i konkretne daty nie by\u0142em w stanie zarezerwowa\u0107 go z BTR. Ale agent by\u0142 tak pomocny i pe\u0142en informacji i porad. Zdecydowanie u\u017cy\u0142by w przysz\u0142o\u015bci.\"<\/em> - Rachael<\/p>\n<p><strong>Negatywny:<\/strong><\/p>\n<ul>\n<li><em>\"Mieli\u015bmy dobre pierwsze do\u015bwiadczenia z BTR jako dor\u0119czycielem naszej przesy\u0142ki z artyku\u0142ami gospodarstwa domowego z <a href=\"https:\/\/moverdb.com\/pl\/moving-to-the-united-states\/\" data-internallinksmanager029f6b8e52c=\"94\" title=\"Przeprowadzasz si\u0119 do Stan\u00f3w Zjednoczonych? 2026 Koszty \u017cycia i wskaz\u00f3wki dotycz\u0105ce przeprowadzki\">USA<\/a> w maju 2011 roku, ale by\u0142y koszmarem na lokalnej przeprowadzce w grudniu 2012 roku.\"<\/em> - Tim Emrich via <a href=\"http:\/\/www.removalreviews.co.uk\/movingreviews\/avoid-these-movers-1874\" target=\"_blank\" rel=\"noopener\">Recenzje przeprowadzek<\/a><\/li>\n<\/ul>\n<div>\n<p>MoverDB.com Online Website Review for BTR International:<\/p>\n<ol>\n<li>Przejrzyste dane kontaktowe na stronie internetowej (w tym numer telefonu): <strong>Tak<\/strong><\/li>\n<li>\u0141atwe do uzyskania <a href=\"https:\/\/moverdb.com\/pl\/cytaty\/\">oferty na przeprowadzki mi\u0119dzynarodowe<\/a>? (formularz wniosku o wycen\u0119 online): <strong>Tak<\/strong><\/li>\n<li>Przejrzyste informacje na stronie internetowej: <strong>Niekt\u00f3rzy,<\/strong> Strona internetowa nie zawiera zbyt wielu szczeg\u00f3\u0142owych informacji i jest nieco trudna w nawigacji, ale podstawowe dane s\u0105 przedstawione w spos\u00f3b przejrzysty.<\/li>\n<li>Cz\u0142onkostwo w uznanych mi\u0119dzynarodowych organizacjach zajmuj\u0105cych si\u0119 przemieszczaniem: <strong>Tak<\/strong>patrz wy\u017cej.<\/li>\n<li>Lista klient\u00f3w i\/lub referencje poprzednich klient\u00f3w: <strong>Tak,<\/strong> Strona internetowa zawiera referencje<\/li>\n<\/ol>\n<div>&nbsp;<\/div>\n<p><strong>Ocena og\u00f3lna: 4,5\/5<\/strong><br \/>\n<strong>Data przegl\u0105du:<\/strong>03\/04\/2023<\/p>\n<\/div>\n<p>Wi\u0119cej na temat <a href=\"https:\/\/moverdb.com\/pl\/przeprowadzki-miedzynarodowe\/\">firmy zajmuj\u0105ce si\u0119 przeprowadzkami mi\u0119dzynarodowymi<\/a> i nasze <a href=\"https:\/\/moverdb.com\/pl\/recenzje\/\">proces przegl\u0105du<\/a>.<\/p>\n<p><strong>Strona internetowa:<\/strong> <a href=\"https:\/\/www.btrinternational.com\/\" target=\"_blank\" rel=\"noopener\">https:\/\/www.btrinternational.com\/<\/a><\/p>","protected":false},"excerpt":{"rendered":"<p>BTR International offers the corporate world many services in order for them to relocate their staff or their business abroad. International Moving Services Consulting Services Policy Design &amp; Development Benchmarking Counselling Pre-Assignment Services Pre-Assignment Counselling Compensation Planning Assignment Cost Projections Assignment Letter Preparation Tax Planning &amp; Strategy Initial Compensation Worksheet Calculation Visa\/Immigration Co-ordination Cost Of [&hellip;]<\/p>\n","protected":false},"author":1,"featured_media":0,"parent":0,"menu_order":0,"comment_status":"closed","ping_status":"closed","template":"","meta":{"_genesis_hide_title":false,"_genesis_hide_breadcrumbs":false,"_genesis_hide_singular_image":false,"_genesis_hide_footer_widgets":false,"_genesis_custom_body_class":"","_genesis_custom_post_class":"","_genesis_layout":"","footnotes":""},"class_list":{"0":"post-940","1":"page","2":"type-page","3":"status-publish","5":"entry"},"_links":{"self":[{"href":"https:\/\/moverdb.com\/pl\/wp-json\/wp\/v2\/pages\/940","targetHints":{"allow":["GET"]}}],"collection":[{"href":"https:\/\/moverdb.com\/pl\/wp-json\/wp\/v2\/pages"}],"about":[{"href":"https:\/\/moverdb.com\/pl\/wp-json\/wp\/v2\/types\/page"}],"author":[{"embeddable":true,"href":"https:\/\/moverdb.com\/pl\/wp-json\/wp\/v2\/users\/1"}],"replies":[{"embeddable":true,"href":"https:\/\/moverdb.com\/pl\/wp-json\/wp\/v2\/comments?post=940"}],"version-history":[{"count":8,"href":"https:\/\/moverdb.com\/pl\/wp-json\/wp\/v2\/pages\/940\/revisions"}],"predecessor-version":[{"id":8598,"href":"https:\/\/moverdb.com\/pl\/wp-json\/wp\/v2\/pages\/940\/revisions\/8598"}],"wp:attachment":[{"href":"https:\/\/moverdb.com\/pl\/wp-json\/wp\/v2\/media?parent=940"}],"curies":[{"name":"wp","href":"https:\/\/api.w.org\/{rel}","templated":true}]}}