{"id":939,"date":"2016-09-23T06:49:42","date_gmt":"2016-09-23T06:49:42","guid":{"rendered":"http:\/\/moverdb.com\/?page_id=939"},"modified":"2026-01-08T13:18:21","modified_gmt":"2026-01-08T13:18:21","slug":"gerson-relocation","status":"publish","type":"page","link":"https:\/\/moverdb.com\/pl\/gerson-relocation\/","title":{"rendered":"Gerson Relocation: Przeprowadzki mi\u0119dzynarodowe i przeprowadzki Opinie"},"content":{"rendered":"<p>Firma Gerson Relocation oferuje swoim klientom r\u00f3\u017cnorodne us\u0142ugi, zar\u00f3wno w zakresie przeprowadzek zagranicznych, jak i lokalnych. Po li\u015bcie oferowanych us\u0142ug znajduje si\u0119 profil firmy oraz recenzje.<\/p>\n<p><strong>Us\u0142ugi korporacyjne\/ wsparcie<\/strong><\/p>\n<ul>\n<li> Dedykowany mened\u017cer ds. przeprowadzki, kt\u00f3ry koordynuje przeprowadzk\u0119<\/li>\n<li> Przegl\u0105d zawodowy<\/li>\n<li> Pakowanie<\/li>\n<li> <a href=\"https:\/\/moverdb.com\/pl\/przeladunek-w-kontenerach\/\">Wysy\u0142ka drog\u0105 morsk\u0105, powietrzn\u0105 lub l\u0105dow\u0105<\/a><\/li>\n<li> W razie potrzeby rozpakowa\u0107<\/li>\n<li> Usun\u0105\u0107 materia\u0142y opakowaniowe do recyklingu<\/li>\n<li> Przechowywanie w razie potrzeby<\/li>\n<li> Ubezpieczenia<\/li>\n<\/ul>\n<p><strong>Indywidualne rozwi\u0105zania w zakresie relokacji<\/strong><\/p>\n<ul>\n<li> Pakiety informacyjne<\/li>\n<li> Szkolenie kulturowe<\/li>\n<li> Wizyty na orientacj\u0119\/wizyty kontrolne<\/li>\n<li> Porady edukacyjne<\/li>\n<li> Zakwaterowanie tymczasowe<\/li>\n<li> Wyszukiwanie w domu<\/li>\n<li> Negocjacje umowy najmu<\/li>\n<li> Zameldowanie i wymeldowanie z nieruchomo\u015bci<\/li>\n<li> Wynajem mebli<\/li>\n<li> Osiedlanie si\u0119<\/li>\n<li> Pomoc partnerska<\/li>\n<li> Szkolenia j\u0119zykowe<\/li>\n<\/ul>\n<p><strong>Przeprowadzki prywatne<\/strong><\/p>\n<ul>\n<li> Dedykowany kierownik przeprowadzki<\/li>\n<li> Ankieta<\/li>\n<li> Profesjonalne pakowanie<\/li>\n<li> Transport rzeczy drog\u0105 morsk\u0105, powietrzn\u0105 lub l\u0105dow\u0105<\/li>\n<li> Odprawa celna<\/li>\n<li> Rozpakowanie rzeczy<\/li>\n<li> Recykling materia\u0142\u00f3w opakowaniowych<\/li>\n<li> Przechowywanie, w razie potrzeby<\/li>\n<li> Ustalone ubezpieczenie<\/li>\n<\/ul>\n<p><strong>Us\u0142ugi magazynowania<\/strong><\/p>\n<ul>\n<li> Pe\u0142na obs\u0142uga magazynowa<\/li>\n<li> Magazynowanie samodzielne<\/li>\n<li> Przechowywanie dla uczni\u00f3w<\/li>\n<li> Magazyn komercyjny<\/li>\n<li> Kr\u00f3tko- lub d\u0142ugoterminowe<\/li>\n<li> 24-godzinna telewizja przemys\u0142owa<\/li>\n<\/ul>\n<h2>Profil firmy Gerson Relocation<\/h2>\n<p>Firma Gerson Relocation zosta\u0142a za\u0142o\u017cona w 1961 roku, a jej celem jest dostarczanie klientom wysoce spersonalizowanych us\u0142ug, kt\u00f3rych nie mo\u017cna znale\u017a\u0107 w innych firmach. Firma osi\u0105ga to dzi\u0119ki rygorystycznej kontroli jako\u015bci oraz profesjonalnym i dobrze wyszkolonym pracownikom, z kt\u00f3rych niekt\u00f3rzy pracuj\u0105 w firmie od dziesi\u0119cioleci.<\/p>\n<p>Firma Gerson Relocation dba r\u00f3wnie\u017c o to, aby jej dzia\u0142alno\u015b\u0107 by\u0142a prowadzona w spos\u00f3b czysty i przyjazny dla \u015brodowiska. Wspiera trzy organizacje charytatywne i daje swoim pracownikom dwa dni p\u0142atnego urlopu, aby r\u00f3wnie\u017c mogli przyczyni\u0107 si\u0119 do realizacji tych cel\u00f3w.<\/p>\n<p>Obecnie firma Gerson Relocation jest sp\u00f3\u0142k\u0105 zale\u017cn\u0105 <a href=\"https:\/\/moverdb.com\/pl\/abels-removals\/\">Abels Moving Services<\/a> Ltd., kt\u00f3ra jest odnosz\u0105c\u0105 sukcesy firm\u0105 rodzinn\u0105, posiadaj\u0105c\u0105 i prowadzon\u0105 z powodzeniem, kt\u00f3ra w 1988 r. otrzyma\u0142a Kr\u00f3lewski Nakaz Jej Kr\u00f3lewskiej Mo\u015bci. Na podstawie ankiet rozes\u0142anych do klient\u00f3w firma uzyska\u0142a w latach 2015 i 2016 ocen\u0119 satysfakcji klienta 98%.<\/p>\n<p>Akredytacje i przynale\u017cno\u015b\u0107 do firmy Gerson Relocation: <\/p>\n<ul>\n<li> <a href=\"https:\/\/moverdb.com\/pl\/british-association-of-removers\/\">Brytyjskie Stowarzyszenie Przedsi\u0119biorc\u00f3w Przeprowadzkowych<\/a> (<a href=\"https:\/\/moverdb.com\/pl\/british-association-of-removers\/\" data-internallinksmanager029f6b8e52c=\"9\" title=\"Brytyjskie Stowarzyszenie Przeprowadzek (BAR) - obja\u015bnienia\">BAR<\/a>)<\/li>\n<li> <a href=\"https:\/\/moverdb.com\/pl\/harmony-relocation-network\/\">Sie\u0107 Harmony Relocation<\/a> (<a href=\"https:\/\/moverdb.com\/pl\/harmony-relocation-network\/\" data-internallinksmanager029f6b8e52c=\"20\" title=\"Sie\u0107 Harmony Relocation (HRN) - obja\u015bnienia\">HRN<\/a>)<\/li>\n<li> <a href=\"https:\/\/moverdb.com\/pl\/eura\/\">Europejskie Stowarzyszenie Relokacji<\/a> (<a href=\"https:\/\/moverdb.com\/pl\/eura\/\" data-internallinksmanager029f6b8e52c=\"13\" title=\"Europejskie Stowarzyszenie Relokacji (EuRA) - obja\u015bnienia\">EuRA<\/a>)<\/li>\n<li> <a href=\"https:\/\/moverdb.com\/pl\/fidi-faim\/\">FIDI<\/a><\/li>\n<li> <a href=\"https:\/\/moverdb.com\/pl\/fidi-faim\/\" data-internallinksmanager029f6b8e52c=\"16\" title=\"FIDI i FAIM (FIDI Accredited International Mover) - obja\u015bnienia\">FAIM<\/a><\/li>\n<li> <a href=\"https:\/\/moverdb.com\/pl\/mtc\/\">Movers Trading Club<\/a> (<a href=\"https:\/\/moverdb.com\/pl\/mtc\/\" data-internallinksmanager029f6b8e52c=\"30\" title=\"Movers Trading Club (MTC) - obja\u015bnienia\">MTC<\/a>)<\/li>\n<\/ul>\n<h2>Opinie o firmie Gerson Relocation<\/h2>\n<p><strong>Pozytywne<\/strong><\/p>\n<ul>\n<li>  \"<em>Nie mogli\u015bmy prosi\u0107 o lepsz\u0105 obs\u0142ug\u0119 ze strony naszego zespo\u0142u relokacyjnego.\"<\/em> - Pani K. L. poprzez <a href=\"http:\/\/www.gersonrelocation.com\/voice-of-the-customer\/\" target=\"_blank\" rel=\"noopener\">Strona zadowolonych klient\u00f3w<\/a> <\/li>\n<\/ul>\n<p><strong>Negatywny<\/strong><\/p>\n<p>Nie uda\u0142o nam si\u0119 znale\u017a\u0107 w Internecie \u017cadnych negatywnych opinii na temat firmy Gerson Relocation.<\/p>\n<div itemprop=\"review\" itemscope itemtype=\"http:\/\/schema.org\/Review\">\n<span itemprop=\"author\" itemscope=\"\" itemtype=\"http:\/\/schema.org\/Organization\"><span itemprop=\"name\">MoverDB.com<\/span><\/span> Przegl\u0105d stron internetowych dla <span itemprop=\"itemreviewed\" itemscope=\"\" itemtype=\"http:\/\/schema.org\/Brand\"><span itemprop=\"name\">Gerson Przeprowadzki<\/span><\/span>:<\/p>\n<ol>\n<li> Przejrzyste dane kontaktowe na stronie internetowej (w tym numer telefonu): <strong>Tak<\/strong><\/li>\n<li> \u0141atwe do uzyskania <a href=\"https:\/\/moverdb.com\/pl\/cytaty\/\">oferty na przeprowadzki mi\u0119dzynarodowe<\/a>? (formularz wniosku o wycen\u0119 online): <strong>Tak<\/strong><\/li>\n<li> Przejrzyste informacje na stronie internetowej: <strong>Tak,<\/strong> Strona internetowa jest do\u015b\u0107 szczeg\u00f3\u0142owa, co daje potencjalnym klientom dobre wyobra\u017cenie o tym, jakich us\u0142ug mog\u0105 si\u0119 spodziewa\u0107.<\/li>\n<li> Cz\u0142onkostwo w mi\u0119dzynarodowych uznanych organizacjach zajmuj\u0105cych si\u0119 przemieszczaniem: <strong>Tak<\/strong><\/li>\n<li> Lista klient\u00f3w i\/lub referencje poprzednich klient\u00f3w: <strong>Tak<\/strong>Na stronie internetowej mo\u017cna znale\u017a\u0107 wiele pozytywnych opinii klient\u00f3w.<\/li>\n<\/ol>\n<div itemprop=\"reviewRating\" itemscope itemtype=\"http:\/\/schema.org\/Rating\"><meta itemprop=\"worstRating\" content = \"0\" \/><meta itemprop=\"bestRating\" content=\"5\" \/><meta itemprop=\"ratingValue\" content=\"5\"><\/div>\n<p><strong>Og\u00f3lna ocena: 5\/5<\/strong><br \/>\n<strong>Data przegl\u0105du:<\/strong> <span itemprop=\"datePublished\" content=\"2016-09-23\">23\/09\/16<\/span>\n<\/div>\n<p>Wi\u0119cej na temat <a href=\"https:\/\/moverdb.com\/pl\/przeprowadzki-miedzynarodowe\/\">przeprowadzki mi\u0119dzynarodowe<\/a> i nasze <a href=\"https:\/\/moverdb.com\/pl\/recenzje\/\">obja\u015bnienie procesu przegl\u0105du<\/a>.<\/p>\n<p><strong>Strona internetowa:<\/strong> <a href=\"http:\/\/www.gersonrelocation.com\" target=\"_blank\" rel=\"noopener\">http:\/\/www.gersonrelocation.com<\/a><\/p>","protected":false},"excerpt":{"rendered":"<p>Gerson Relocation offer their clients a variety of services, whether they are relocating abroad or locally. A company profile and reviews follow the list of services on offer. Corporate Services\/Support Dedicated move manager to coordinate the move Professional survey Packing Shipping by sea, air or road Unpacking if required Clear away packing material for recycling [&hellip;]<\/p>\n","protected":false},"author":1,"featured_media":0,"parent":0,"menu_order":0,"comment_status":"closed","ping_status":"closed","template":"","meta":{"_genesis_hide_title":false,"_genesis_hide_breadcrumbs":false,"_genesis_hide_singular_image":false,"_genesis_hide_footer_widgets":false,"_genesis_custom_body_class":"","_genesis_custom_post_class":"","_genesis_layout":"","footnotes":""},"class_list":{"0":"post-939","1":"page","2":"type-page","3":"status-publish","5":"entry"},"_links":{"self":[{"href":"https:\/\/moverdb.com\/pl\/wp-json\/wp\/v2\/pages\/939","targetHints":{"allow":["GET"]}}],"collection":[{"href":"https:\/\/moverdb.com\/pl\/wp-json\/wp\/v2\/pages"}],"about":[{"href":"https:\/\/moverdb.com\/pl\/wp-json\/wp\/v2\/types\/page"}],"author":[{"embeddable":true,"href":"https:\/\/moverdb.com\/pl\/wp-json\/wp\/v2\/users\/1"}],"replies":[{"embeddable":true,"href":"https:\/\/moverdb.com\/pl\/wp-json\/wp\/v2\/comments?post=939"}],"version-history":[{"count":3,"href":"https:\/\/moverdb.com\/pl\/wp-json\/wp\/v2\/pages\/939\/revisions"}],"predecessor-version":[{"id":6214,"href":"https:\/\/moverdb.com\/pl\/wp-json\/wp\/v2\/pages\/939\/revisions\/6214"}],"wp:attachment":[{"href":"https:\/\/moverdb.com\/pl\/wp-json\/wp\/v2\/media?parent=939"}],"curies":[{"name":"wp","href":"https:\/\/api.w.org\/{rel}","templated":true}]}}