{"id":927,"date":"2016-09-23T21:57:09","date_gmt":"2016-09-23T21:57:09","guid":{"rendered":"http:\/\/moverdb.com\/?page_id=927"},"modified":"2026-01-08T13:19:00","modified_gmt":"2026-01-08T13:19:00","slug":"imove-international","status":"publish","type":"page","link":"https:\/\/moverdb.com\/pl\/imove-international\/","title":{"rendered":"IMove International: Przeprowadzki i remonty"},"content":{"rendered":"<p>IMove International ma siedzib\u0119 w Surrey. Oferuje swoim klientom szereg us\u0142ug pomocnych w przeprowadzce za granic\u0119. Poni\u017cej znajduje si\u0119 lista tych us\u0142ug wraz z profilem firmy i opiniami.<\/p>\n<p><strong><a href=\"https:\/\/moverdb.com\/pl\/international-removals\/\" data-internallinksmanager029f6b8e52c=\"27\" title=\"36 najlepszych firm zajmuj\u0105cych si\u0119 przeprowadzkami mi\u0119dzynarodowymi w Wielkiej Brytanii\">Przeprowadzki mi\u0119dzynarodowe<\/a><\/strong><\/p>\n<ul>\n<li> Osobisty koordynator przeprowadzki<\/li>\n<li> Od drzwi do drzwi<\/li>\n<li> Drzwi do <a href=\"https:\/\/moverdb.com\/pl\/top-49-container-ports\/\" data-internallinksmanager029f6b8e52c=\"80\" title=\"49 najwi\u0119kszych i najbardziej ruchliwych port\u00f3w kontenerowych w 2025 r.\">port<\/a><\/li>\n<li> Transport lotniczy, morski lub drogowy<\/li>\n<li> Relokacje firm<\/li>\n<li> <a href=\"https:\/\/moverdb.com\/pl\/samochod-transport-wysylka\/\">Pojazdy silnikowe<\/a><\/li>\n<li> Pe\u0142na us\u0142uga pakowania<\/li>\n<li> Samodzielne pakowanie<\/li>\n<li> Kruche opakowanie<\/li>\n<li> Dostarczenie bezp\u0142atnych karton\u00f3w, ta\u015bmy i opakowa\u0144<\/li>\n<li> Us\u0142uga rozpakowywania<\/li>\n<li> Przechowywanie d\u0142ugo- i kr\u00f3tkoterminowe <\/li>\n<li> <a href=\"https:\/\/moverdb.com\/pl\/przeladunek-w-kontenerach\/\">Spedycja kontenerowa<\/a><\/li>\n<li> Wysy\u0142ka nadmiernego baga\u017cu<\/li>\n<li> Zapewnione ubezpieczenie<\/li>\n<li> Pomoc w za\u0142atwianiu formalno\u015bci celnych i dokumentacji<\/li>\n<\/ul>\n<p><strong>Inne us\u0142ugi<\/strong><\/p>\n<ul>\n<li> Przechowywanie d\u0142ugo- i kr\u00f3tkoterminowe<\/li>\n<li> Wysy\u0142ka i przechowywanie uczni\u00f3w<\/li>\n<li> <a href=\"https:\/\/moverdb.com\/pl\/car-transport-shipping\/\" data-internallinksmanager029f6b8e52c=\"2\" title=\"2026 Mi\u0119dzynarodowy transport samochodowy i wyceny wysy\u0142ki pojazd\u00f3w\">Spedycja samochod\u00f3w<\/a><\/li>\n<li> Wsp\u00f3lny kontener<\/li>\n<li> Us\u0142uga pakowania eksportowego<\/li>\n<li> Kratowanie i tworzenie skrzy\u0144<\/li>\n<\/ul>\n<h2>Profil firmy IMove International<\/h2>\n<p>IMove International jest m\u0142od\u0105, prywatn\u0105 firm\u0105, kt\u00f3ra zosta\u0142a za\u0142o\u017cona w maju 2011 roku. Jest to firma specjalizuj\u0105ca si\u0119 w <a href=\"https:\/\/moverdb.com\/pl\/przeprowadzki-miedzynarodowe\/\">przeprowadzka mi\u0119dzynarodowa<\/a>, firma spedycyjna i relokacyjna. <\/p>\n<p>IMove organizuje przeprowadzki dla rodzin, klient\u00f3w korporacyjnych i os\u00f3b prywatnych z <a href=\"https:\/\/moverdb.com\/pl\/moving-to-the-uk\/\" data-internallinksmanager029f6b8e52c=\"93\" title=\"Przeprowadzasz si\u0119 do Wielkiej Brytanii? 2026 Koszty \u017cycia i wskaz\u00f3wki dotycz\u0105ce przeprowadzki\">UK<\/a> do wi\u0119kszo\u015bci miejsc na ca\u0142ym \u015bwiecie.<\/p>\n<p>IMove przewozi wszystko, od najmniejszej paczki po ca\u0142y dom z meblami. Firma zapewnia ka\u017cdemu klientowi osobistego koordynatora przeprowadzki, kt\u00f3ry jest osob\u0105 kontaktow\u0105 podczas ca\u0142ego procesu przeprowadzki.<\/p>\n<p>IMove International posiada nast\u0119puj\u0105ce akredytacje i przynale\u017cno\u015bci:<\/p>\n<ul>\n<li> ISO 9001<\/li>\n<\/ul>\n<h2>IMove International Reviews<\/h2>\n<p><strong>Pozytywne:<\/strong><\/p>\n<ul>\n<li> <em>\"Wszystko przebieg\u0142o sprawnie i skutecznie. Z pewno\u015bci\u0105 poleci\u0142bym t\u0119 firm\u0119 ze wzgl\u0119du na jej us\u0142ugi i stosunek jako\u015bci do ceny\".<\/em> - H Fowler przez <a href=\"http:\/\/www.imoveintl.com\/testimonials.htm\" target=\"_blank\" rel=\"noopener\">Strona z opiniami klient\u00f3w<\/a><\/li>\n<li> \"<em>Chcia\u0142bym pogratulowa\u0107 firmie IMove punktualno\u015bci, terminowo\u015bci i profesjonalizmu, z jakim przeprowadzi\u0142a moj\u0105 przeprowadzk\u0119 z Orlando. <a href=\"https:\/\/moverdb.com\/pl\/moving-to-the-united-states\/moving-to-florida\/\" data-internallinksmanager029f6b8e52c=\"331\" title=\"Przeprowadzka na Floryd\u0119? 2026 Koszty utrzymania i porady dotycz\u0105ce przeprowadzki\">Floryda<\/a> do Kent, zosta\u0142a przeprowadzona.<\/em> - Annette <a href=\"http:\/\/www.removalreviews.co.uk\/movers\/imove-international-191#11473\" target=\"_blank\" rel=\"noopener\">RemovalReviews.com<\/a> <\/li>\n<li> \"<em>Gor\u0105co polecam t\u0119 firm\u0119 - bardzo przyst\u0119pna cena, bardzo szybka przeprowadzka i \u015bwietna obs\u0142uga\".<\/em> - Johathan via <a href=\"http:\/\/www.reviews.co.uk\/company-reviews\/store\/imove-international-removals-ltd\" target=\"_blank\" rel=\"noopener\">Reviews.co.uk<\/a> <\/li>\n<\/ul>\n<p><strong>Negatywny<\/strong><\/p>\n<ul>\n<li> \"<em>Chocia\u017c czas dostawy z <a href=\"https:\/\/moverdb.com\/pl\/moving-to-london\/\">Londyn<\/a> do <a href=\"https:\/\/moverdb.com\/pl\/moving-to-switzerland\/\" data-internallinksmanager029f6b8e52c=\"327\" title=\"Przeprowadzka do Szwajcarii? Koszty \u017cycia i wskaz\u00f3wki dotycz\u0105ce relokacji w 2023 r.\">Szwajcaria<\/a> By\u0142 szybki, zdecydowanie odradzam korzystanie z us\u0142ug tej firmy, poniewa\u017c jeden z cenniejszych przedmiot\u00f3w nigdy nie zosta\u0142 dostarczony i \"zagin\u0105\u0142\". Wydawa\u0142o si\u0119, \u017ce nie by\u0142o \u017cadnego prawdziwego zaskoczenia, zmartwienia ani przeprosin za utrat\u0119 tego przedmiotu \".<\/em> - Pani Laurens przez <a href=\"http:\/\/www.removalreviews.co.uk\/movingreviews\/stolen-item-1264\" target=\"_blank\" rel=\"noopener\">RemovalReviews.co.uk<\/a> <\/li>\n<li> \"<em>Nasze rzeczy zosta\u0142y odebrane zgodnie z terminem zbi\u00f3rki (02.11.2015), co by\u0142o \u015bwietnym rozwi\u0105zaniem, jednak teraz mamy marzec, a my nadal nie otrzymali\u015bmy naszych pude\u0142.\"<\/em> - Samantha przez <a href=\"http:\/\/www.reviews.co.uk\/company-reviews\/store\/imove-international-removals-ltd\" target=\"_blank\" rel=\"noopener\">Reviews.co.uk<\/a> <\/li>\n<\/ul>\n<div itemprop=\"review\" itemscope itemtype=\"http:\/\/schema.org\/Review\">\n<span itemprop=\"author\" itemscope=\"\" itemtype=\"http:\/\/schema.org\/Organization\"><span itemprop=\"name\">MoverDB.com<\/span><\/span> Przegl\u0105d stron internetowych dla <span itemprop=\"itemreviewed\" itemscope=\"\" itemtype=\"http:\/\/schema.org\/Brand\"><span itemprop=\"name\">IMove International<\/span><\/span>:<\/p>\n<ol>\n<li> Przejrzyste dane kontaktowe na stronie internetowej (w tym numer telefonu): <strong>Tak<\/strong><\/li>\n<li> \u0141atwe do uzyskania <a href=\"https:\/\/moverdb.com\/pl\/cytaty\/\">oferty na przeprowadzki mi\u0119dzynarodowe<\/a>? (formularz wniosku o wycen\u0119 online): <strong>Tak<\/strong><\/li>\n<li> Przejrzyste informacje na stronie internetowej: <strong>Tak<\/strong>Strona zawiera wiele informacji na temat przeprowadzki do r\u00f3\u017cnych kraj\u00f3w na ca\u0142ym \u015bwiecie, w tym na temat potrzebnych dokument\u00f3w.<\/li>\n<li> Cz\u0142onkostwo w mi\u0119dzynarodowych uznanych organizacjach zajmuj\u0105cych si\u0119 przemieszczaniem: <strong>Cz\u0119\u015bciowa<\/strong>Mimo \u017ce s\u0105 zarejestrowane w ISO, wydaje si\u0119, \u017ce nie posiadaj\u0105 innych akredytacji.<\/li>\n<li> Lista klient\u00f3w i\/lub referencje poprzednich klient\u00f3w: <strong>Tak,<\/strong> W witrynie znajduje si\u0119 wiele pozytywnych opinii klient\u00f3w.<\/li>\n<\/ol>\n<div itemprop=\"reviewRating\" itemscope itemtype=\"http:\/\/schema.org\/Rating\"><meta itemprop=\"worstRating\" content = \"0\" \/><meta itemprop=\"bestRating\" content=\"5\" \/><meta itemprop=\"ratingValue\" content=\"4\"><\/div>\n<p><strong>Ocena og\u00f3lna: 4\/5<\/strong><br \/>\n<strong>Data przegl\u0105du:<\/strong> <span itemprop=\"datePublished\" content=\"2016-09-23\">23\/09\/16<\/span>\n<\/div>\n<p>Czytaj wi\u0119cej o <a href=\"https:\/\/moverdb.com\/pl\/przeprowadzki-miedzynarodowe\/\">firmy przeprowadzkowe<\/a> i nasze <a href=\"https:\/\/moverdb.com\/pl\/recenzje\/\">proces przegl\u0105du<\/a>.<\/p>\n<p><strong>Strona internetowa:<\/strong> <a href=\"http:\/\/www.imoveintl.com\/\" target=\"_blank\" rel=\"noopener\">http:\/\/www.imoveintl.com\/<\/a><\/p>","protected":false},"excerpt":{"rendered":"<p>IMove International is based in Surrey. It offers its customers a range of services to assist with their move abroad. These are listed below, together with a company profile and reviews. International Removals Personal move coordinator Door to door Door to port Air, sea or road Company relocations Motor vehicles Full packing service Self-packing Fragile [&hellip;]<\/p>\n","protected":false},"author":1,"featured_media":0,"parent":0,"menu_order":0,"comment_status":"closed","ping_status":"closed","template":"","meta":{"_genesis_hide_title":false,"_genesis_hide_breadcrumbs":false,"_genesis_hide_singular_image":false,"_genesis_hide_footer_widgets":false,"_genesis_custom_body_class":"","_genesis_custom_post_class":"","_genesis_layout":"","footnotes":""},"class_list":{"0":"post-927","1":"page","2":"type-page","3":"status-publish","5":"entry"},"_links":{"self":[{"href":"https:\/\/moverdb.com\/pl\/wp-json\/wp\/v2\/pages\/927","targetHints":{"allow":["GET"]}}],"collection":[{"href":"https:\/\/moverdb.com\/pl\/wp-json\/wp\/v2\/pages"}],"about":[{"href":"https:\/\/moverdb.com\/pl\/wp-json\/wp\/v2\/types\/page"}],"author":[{"embeddable":true,"href":"https:\/\/moverdb.com\/pl\/wp-json\/wp\/v2\/users\/1"}],"replies":[{"embeddable":true,"href":"https:\/\/moverdb.com\/pl\/wp-json\/wp\/v2\/comments?post=927"}],"version-history":[{"count":6,"href":"https:\/\/moverdb.com\/pl\/wp-json\/wp\/v2\/pages\/927\/revisions"}],"predecessor-version":[{"id":13160,"href":"https:\/\/moverdb.com\/pl\/wp-json\/wp\/v2\/pages\/927\/revisions\/13160"}],"wp:attachment":[{"href":"https:\/\/moverdb.com\/pl\/wp-json\/wp\/v2\/media?parent=927"}],"curies":[{"name":"wp","href":"https:\/\/api.w.org\/{rel}","templated":true}]}}