{"id":926,"date":"2017-07-04T15:15:07","date_gmt":"2017-07-04T15:15:07","guid":{"rendered":"http:\/\/moverdb.com\/?page_id=926"},"modified":"2026-01-08T14:47:30","modified_gmt":"2026-01-08T14:47:30","slug":"american-red-ball-transit","status":"publish","type":"page","link":"https:\/\/moverdb.com\/pl\/american-red-ball-transit\/","title":{"rendered":"American Red Ball Transit: Przeprowadzki mi\u0119dzynarodowe"},"content":{"rendered":"<p>American Red Ball Transit oferuje swoim klientom wiele us\u0142ug krajowych w ramach <a href=\"https:\/\/moverdb.com\/pl\/moving-to-the-united-states\/\" data-internallinksmanager029f6b8e52c=\"94\" title=\"Przeprowadzasz si\u0119 do Stan\u00f3w Zjednoczonych? 2026 Koszty \u017cycia i wskaz\u00f3wki dotycz\u0105ce przeprowadzki\">USA<\/a>, s\u0105 one wymienione poni\u017cej, wraz z profilem firmy i recenzjami.<\/p>\n<p><strong>Relokacja przedsi\u0119biorstw<\/strong><\/p>\n<ul>\n<li> Indywidualny plan relokacji<\/li>\n<li> Pomoc w przeprowadzkach personelu i biura<\/li>\n<li> Pe\u0142na us\u0142uga pakowania<\/li>\n<li> Demonta\u017c i ponowny monta\u017c mebli<\/li>\n<li> Przeprowadzka IT<\/li>\n<li> Us\u0142uga rozpakowywania<\/li>\n<li> Przechowywanie d\u0142ugo- i kr\u00f3tkoterminowe<\/li>\n<\/ul>\n<p><strong>Przeprowadzki krajowe<\/strong><\/p>\n<ul>\n<li> Interaktywny kalendarz ruch\u00f3w<\/li>\n<li> Od drzwi do drzwi<\/li>\n<li> Pe\u0142na us\u0142uga pakowania, delikatne przedmioty lub majsterkowanie<\/li>\n<li> Demonta\u017c i ponowny monta\u017c mebli.<\/li>\n<li> Mo\u017cliwo\u015b\u0107 ubezpieczenia<\/li>\n<li> Oferowana us\u0142uga rozpakowywania<\/li>\n<li> Mo\u017cliwo\u015b\u0107 magazynowania d\u0142ugo- i kr\u00f3tkoterminowego<\/li>\n<\/ul>\n<h2>Profil firmy American Red Ball Transit<\/h2>\n<p>American Red Ball Transit, za\u0142o\u017cony w 1919 roku, jest najstarszym mi\u0119dzystanowym <a href=\"https:\/\/moverdb.com\/pl\/international-removals\/\" data-internallinksmanager029f6b8e52c=\"27\" title=\"36 najlepszych firm zajmuj\u0105cych si\u0119 przeprowadzkami mi\u0119dzynarodowymi w Wielkiej Brytanii\">przedsi\u0119biorstwo przeprowadzkowe<\/a> w Stanach Zjednoczonych, a jej siedziba mie\u015bci si\u0119 w Indianapolis. Firma jest znana z do\u015bwiadczenia w przeprowadzkach wojskowych, a wiele z nich przeprowadzi\u0142a ju\u017c w czasie II wojny \u015bwiatowej. W 1996 roku firma American Red Ball Transit zosta\u0142a sprzedana do <a href=\"https:\/\/moverdb.com\/pl\/atlas-van-lines-international\/\">Grupa Atlas World<\/a>. Grupa ta relokowa\u0142a ponad 13 000 rodzin wojskowych rocznie.<\/p>\n<p>W 2001 roku American Red Ball Transit, kt\u00f3ra jest krajow\u0105 fili\u0105 American Red Ball International, zosta\u0142a sprzedana kierownictwu firmy. American Red Ball International kontynuuje dzia\u0142alno\u015b\u0107 mi\u0119dzynarodow\u0105.<\/p>\n<p>American Red Ball Transit posiada nast\u0119puj\u0105ce afiliacje i akredytacje:<\/p>\n<ul>\n<li> Better Business Bureau (BBB)<\/li>\n<li> <a href=\"https:\/\/moverdb.com\/pl\/amsa\/\">Ameryka\u0144skie Stowarzyszenie Przeprowadzek i Magazynowania<\/a> (<a href=\"https:\/\/moverdb.com\/pl\/amsa\/\" data-internallinksmanager029f6b8e52c=\"5\" title=\"Ameryka\u0144skie Stowarzyszenie Przeprowadzek i Magazynowania (AMSA) - obja\u015bnienia\">AMSA<\/a>)<\/li>\n<li> <a href=\"https:\/\/moverdb.com\/pl\/obrecz-promocja\/\">ProMover<\/a><\/li>\n<\/ul>\n<h2>American Red Ball Transit Company Reviews<\/h2>\n<p><strong>Pozytywne:<\/strong><\/p>\n<ul>\n<li> <em>\"American Red Ball jest jednym z naszych najlepszych partner\u00f3w, wysokiej jako\u015bci organizacja z wysokiej jako\u015bci lud\u017ami. Gor\u0105co polecam.\"<\/em> - John via <a href=\"https:\/\/www.yelp.co.uk\/biz\/american-red-ball-transit-company-indianapolis?hrid=mQPsd2n9lj4MbWXdnRerwA&#038;utm_campaign=www_review_share_popup&#038;utm_medium=copy_link&#038;utm_source=(direct)\" target=\"_blank\" rel=\"noopener\">Yelp<\/a><\/li>\n<\/ul>\n<p><strong>Negatywny:<\/strong><\/p>\n<ul>\n<li> <em>\"Mia\u0142em absolutnie okropne do\u015bwiadczenia z t\u0105 firm\u0105\".<\/em> - R.R. via <a href=\"https:\/\/www.bbb.org\/indy\/business-reviews\/movers\/american-red-ball-transit-company-inc-in-indianapolis-in-753\/reviews-and-complaints?section=reviews&#038;reviewtype=negative\" target=\"_blank\" rel=\"noopener\">BBB.org<\/a><\/li>\n<\/ul>\n<div itemprop=\"review\" itemscope itemtype=\"http:\/\/schema.org\/Review\">\n<span itemprop=\"author\" itemscope=\"\" itemtype=\"http:\/\/schema.org\/Organization\"><span itemprop=\"name\">MoverDB.com<\/span><\/span> Przegl\u0105d stron internetowych dla <span itemprop=\"itemreviewed\" itemscope=\"\" itemtype=\"http:\/\/schema.org\/Brand\"><span itemprop=\"name\">Ameryka\u0144ska Czerwona Kula Tranzyt<\/span><\/span>:<\/p>\n<ol>\n<li> Przejrzyste dane kontaktowe na stronie internetowej (w tym numer telefonu): <strong>Tak<\/strong><\/li>\n<li> \u0141atwe do uzyskania <a href=\"https:\/\/moverdb.com\/pl\/cytaty\/\">oferty na przeprowadzki mi\u0119dzynarodowe<\/a>? (formularz wniosku o wycen\u0119 online): <strong>Tak<\/strong><\/li>\n<li> Przejrzyste informacje na stronie internetowej: <strong>Ograniczony,<\/strong> Strona internetowa niewiele m\u00f3wi na ten temat.<\/li>\n<li> Cz\u0142onkostwo w uznanych mi\u0119dzynarodowych organizacjach zajmuj\u0105cych si\u0119 przemieszczaniem: <strong>Tak<\/strong><\/li>\n<li> Lista klient\u00f3w i\/lub referencje poprzednich klient\u00f3w: <strong>Nr<\/strong>a opinie w Internecie s\u0105 mieszane.<\/li>\n<\/ol>\n<div itemprop=\"reviewRating\" itemscope itemtype=\"http:\/\/schema.org\/Rating\"><meta itemprop=\"worstRating\" content = \"0\" \/><meta itemprop=\"bestRating\" content=\"5\" \/><meta itemprop=\"ratingValue\" content=\"3\"><\/div>\n<p><strong>Ocena og\u00f3lna: 3\/5<\/strong><br \/>\n<strong>Data przegl\u0105du:<\/strong> <span itemprop=\"datePublished\" content=\"2017-07-04\">04\/07\/2016<\/span>\n<\/div>\n<p>Czytaj wi\u0119cej o <a href=\"https:\/\/moverdb.com\/pl\/firmy-przeprowadzkowe\/\">firmy zajmuj\u0105ce si\u0119 przeprowadzkami mi\u0119dzynarodowymi<\/a>, <a href=\"https:\/\/moverdb.com\/pl\/usa-kanada-movers\/\">Przeprowadzki krajowe w USA<\/a> i dowiedz si\u0119 wi\u0119cej o naszym <a href=\"https:\/\/moverdb.com\/pl\/recenzje\/\">proces przegl\u0105du<\/a>.<\/p>\n<p><strong>Strona internetowa:<\/strong> <a href=\"http:\/\/www.redball.com\/\" target=\"_blank\" rel=\"noopener\">http:\/\/www.redball.com\/<\/a><\/p>","protected":false},"excerpt":{"rendered":"<p>American Red Ball Transit offers its customers many domestic services within the US, these are listed below, together with a company profile and reviews. Corporate Relocation Personalised relocation plan Assistance with personnel and office moves Full packing service Disassembly and reassembly of furniture IT moving Unpacking service Long and short term storage Domestic Moves Interactive [&hellip;]<\/p>\n","protected":false},"author":1,"featured_media":0,"parent":0,"menu_order":0,"comment_status":"closed","ping_status":"closed","template":"","meta":{"_genesis_hide_title":false,"_genesis_hide_breadcrumbs":false,"_genesis_hide_singular_image":false,"_genesis_hide_footer_widgets":false,"_genesis_custom_body_class":"","_genesis_custom_post_class":"","_genesis_layout":"","footnotes":""},"class_list":{"0":"post-926","1":"page","2":"type-page","3":"status-publish","5":"entry"},"_links":{"self":[{"href":"https:\/\/moverdb.com\/pl\/wp-json\/wp\/v2\/pages\/926","targetHints":{"allow":["GET"]}}],"collection":[{"href":"https:\/\/moverdb.com\/pl\/wp-json\/wp\/v2\/pages"}],"about":[{"href":"https:\/\/moverdb.com\/pl\/wp-json\/wp\/v2\/types\/page"}],"author":[{"embeddable":true,"href":"https:\/\/moverdb.com\/pl\/wp-json\/wp\/v2\/users\/1"}],"replies":[{"embeddable":true,"href":"https:\/\/moverdb.com\/pl\/wp-json\/wp\/v2\/comments?post=926"}],"version-history":[{"count":4,"href":"https:\/\/moverdb.com\/pl\/wp-json\/wp\/v2\/pages\/926\/revisions"}],"predecessor-version":[{"id":6171,"href":"https:\/\/moverdb.com\/pl\/wp-json\/wp\/v2\/pages\/926\/revisions\/6171"}],"wp:attachment":[{"href":"https:\/\/moverdb.com\/pl\/wp-json\/wp\/v2\/media?parent=926"}],"curies":[{"name":"wp","href":"https:\/\/api.w.org\/{rel}","templated":true}]}}