{"id":925,"date":"2016-09-27T05:35:52","date_gmt":"2016-09-27T05:35:52","guid":{"rendered":"http:\/\/moverdb.com\/?page_id=925"},"modified":"2026-01-08T14:40:05","modified_gmt":"2026-01-08T14:40:05","slug":"lopa-removals","status":"publish","type":"page","link":"https:\/\/moverdb.com\/pl\/lopa-removals\/","title":{"rendered":"Lopa Przeprowadzki: Przeprowadzki mi\u0119dzynarodowe"},"content":{"rendered":"<p>Firma Lopa Removals ma siedzib\u0119 w Romford i oferuje swoim klientom szereg us\u0142ug, kt\u00f3re zosta\u0142y wymienione poni\u017cej wraz z profilem firmy i opiniami.<\/p>\n<p><strong>Przeprowadzki europejskie i mi\u0119dzynarodowe<\/strong><\/p>\n<ul>\n<li> Dedykowany kierownik przeprowadzki<\/li>\n<li> Przeprowadzka ca\u0142ego domu w ci\u0105gu 2-5 dni<\/li>\n<li> Ustalone ubezpieczenie<\/li>\n<li> \u015aledzenie pojazd\u00f3w GPS<\/li>\n<li> Pe\u0142ne pakowanie, pakowanie delikatne lub do samodzielnego wykonania<\/li>\n<li> Bezp\u0142atne pude\u0142ka i materia\u0142y do pakowania<\/li>\n<li> Gwarancja braku uszkodze\u0144<\/li>\n<li> Crating<\/li>\n<li> Podno\u015bniki zewn\u0119trzne dla takich przedmiot\u00f3w jak pianina<\/li>\n<li> \u0141adunki cz\u0119\u015bciowe i \u0142adunki pe\u0142ne<\/li>\n<li> Us\u0142uga rozpakowywania<\/li>\n<li> Przechowywanie kr\u00f3tko- i d\u0142ugoterminowe<\/li>\n<\/ul>\n<p><strong>Przechowywanie<\/strong><\/p>\n<ul>\n<li> Kr\u00f3tko- i d\u0142ugoterminowe<\/li>\n<li> Zabezpieczone i ogrodzone<\/li>\n<li> Ubezpieczony<\/li>\n<li> Profesjonalnie u\u0142o\u017cone<\/li>\n<li> Rzeczy odpowiednio zabezpieczone przed uszkodzeniem i zabrudzeniem<\/li>\n<\/ul>\n<p><strong>Specjalistyczne ruchy<\/strong><\/p>\n<ul>\n<li> Galerie sztuki<\/li>\n<li> Wystawy<\/li>\n<\/ul>\n<h2>Profil firmy Lopa Przeprowadzki<\/h2>\n<p>Firma Lopa Removals specjalizuje si\u0119 w przeprowadzkach mi\u0119dzynarodowych, a w szczeg\u00f3lno\u015bci tych na terenie Europy. Siedziba firmy znajduje si\u0119 w Romford. Jest to m\u0142oda firma, kt\u00f3rej g\u0142\u00f3wnym celem jest usprawnienie dotychczasowych przeprowadzek mi\u0119dzy krajami europejskimi. <\/p>\n<p>Posiada d\u0142ug\u0105 list\u0119 wybitnych zadowolonych klient\u00f3w. Firma Lopa Removals oferuje wysoki poziom obs\u0142ugi klienta zar\u00f3wno przed, w trakcie, jak i po przeprowadzce. Ze wzgl\u0119du na pozytywne opinie klient\u00f3w, obecnie firma koncentruje si\u0119 na przeprowadzkach pomi\u0119dzy <a href=\"https:\/\/moverdb.com\/pl\/moving-to-london\/\">Londyn<\/a>, <a href=\"https:\/\/moverdb.com\/pl\/moving-to-france\/moving-to-paris\/\" data-internallinksmanager029f6b8e52c=\"407\" title=\"Przeprowadzka do Pary\u017ca? Koszty \u017cycia i wskaz\u00f3wki dotycz\u0105ce przeprowadzki w 2023 roku\">Pary\u017c<\/a> i Brukseli, czyni\u0105c te ruchy najlepszymi na rynku.<\/p>\n<p>Firma Lopa Removals posiada nast\u0119puj\u0105ce akredytacje i przynale\u017cno\u015bci:<\/p>\n<ul>\n<li> Norma jako\u015bci ISO 9001<\/li>\n<li> <a href=\"https:\/\/moverdb.com\/pl\/british-association-of-removers\/\">Brytyjskie Stowarzyszenie Przeprowadzek<\/a> (<a href=\"https:\/\/moverdb.com\/pl\/british-association-of-removers\/\" data-internallinksmanager029f6b8e52c=\"9\" title=\"Brytyjskie Stowarzyszenie Przeprowadzek (BAR) - obja\u015bnienia\">BAR<\/a>)<\/li>\n<\/ul>\n<h2>Lopa Removals Reviews<\/h2>\n<p><strong>Pozytywne:<\/strong><\/p>\n<ul>\n<li> \"Firma Lopa removals zapewni\u0142a bardzo dobr\u0105 obs\u0142ug\u0119 i sprawi\u0142a, \u017ce nasza przeprowadzka z Londynu do Pary\u017ca przebieg\u0142a sprawnie i bezstresowo\". - S. Gerber via <a href=\"https:\/\/uk.trustpilot.com\/reviews\/57b199dc0000ff00097bf54d\" target=\"_blank\" rel=\"noopener\">Trustpilot<\/a><\/li>\n<\/ul>\n<p><strong>Negatywny:<\/strong><\/p>\n<ul>\n<li> \"<em>Przeprowadza\u0142em si\u0119 z <a href=\"https:\/\/moverdb.com\/pl\/moving-to-belgium\/\" data-internallinksmanager029f6b8e52c=\"323\" title=\"Przeprowadzka do Belgii? Koszty \u017cycia i wskaz\u00f3wki dotycz\u0105ce przeprowadzki w 2023 r.\">Belgia<\/a> i by\u0142 podekscytowany, aby znale\u017a\u0107 tych facet\u00f3w, rozs\u0105dnie wycenione, bardzo dobre recenzje na tutaj i reklamowane jako rodzinne i bardzo zrozumienie. Powinienem by\u0142 wiedzie\u0107 lepiej.\"<\/em> Andrzej przez <a href=\"https:\/\/uk.trustpilot.com\/reviews\/53ce415d0000640002999120\" target=\"_blank\" rel=\"noopener\">Trustpilot<\/a> <\/li>\n<\/ul>\n<div itemprop=\"review\" itemscope itemtype=\"http:\/\/schema.org\/Review\">\n<span itemprop=\"author\" itemscope=\"\" itemtype=\"http:\/\/schema.org\/Organization\"><span itemprop=\"name\">MoverDB.com<\/span><\/span> Przegl\u0105d stron internetowych dla <span itemprop=\"itemreviewed\" itemscope=\"\" itemtype=\"http:\/\/schema.org\/Brand\"><span itemprop=\"name\">Lopa Przeprowadzki<\/span><\/span>:<\/p>\n<ol>\n<li> Przejrzyste dane kontaktowe na stronie internetowej (w tym numer telefonu): <strong>Tak<\/strong><\/li>\n<li> \u0141atwe do uzyskania <a href=\"https:\/\/moverdb.com\/pl\/cytaty\/\">oferty przeprowadzek<\/a>? (formularz wniosku o wycen\u0119 online): <strong>Tak<\/strong><\/li>\n<li> Przejrzyste informacje na stronie internetowej: <strong>Niekt\u00f3rzy,<\/strong> ale og\u00f3lnie rzecz bior\u0105c, strona zawiera stosunkowo ma\u0142o informacji<\/li>\n<li> Cz\u0142onkostwo w mi\u0119dzynarodowych uznanych organizacjach zajmuj\u0105cych si\u0119 przemieszczaniem: <strong>Tak<\/strong><\/li>\n<li> Lista klient\u00f3w i\/lub referencje poprzednich klient\u00f3w: <strong>Cz\u0119\u015bciowe,<\/strong> Chocia\u017c nie s\u0105 one hostowane na miejscu, maj\u0105 pozytywn\u0105 ocen\u0119 w serwisie Trustpilot.<\/li>\n<\/ol>\n<div itemprop=\"reviewRating\" itemscope itemtype=\"http:\/\/schema.org\/Rating\"><meta itemprop=\"worstRating\" content = \"0\" \/><meta itemprop=\"bestRating\" content=\"5\" \/><meta itemprop=\"ratingValue\" content=\"4\"><\/div>\n<p><strong>Ocena og\u00f3lna: 4\/5<\/strong><br \/>\n<strong>Data przegl\u0105du:<\/strong> <span itemprop=\"datePublished\" content=\"2016-09-27\">27\/08\/16<\/span>\n<\/div>\n<p>Czytaj wi\u0119cej o <a href=\"https:\/\/moverdb.com\/pl\/przeprowadzki-miedzynarodowe\/\">przeprowadzki mi\u0119dzynarodowe<\/a> i nasze <a href=\"https:\/\/moverdb.com\/pl\/recenzje\/\">proces przegl\u0105du<\/a>.<\/p>\n<p><strong>Strona internetowa:<\/strong> <a href=\"http:\/\/new.loparemovals.com\/\" target=\"_blank\" rel=\"noopener\">http:\/\/new.loparemovals.com\/<\/a><\/p>","protected":false},"excerpt":{"rendered":"<p>Lopa Removals is based in Romford and offers its customers a range of services which are listed below, together with a company profile and reviews. European and International Moves Dedicated move manager Full house moves complete in 2-5 days Insurance arranged GPS vehicle tracking Full packing, fragile packing or do it yourself Free boxes and [&hellip;]<\/p>\n","protected":false},"author":1,"featured_media":0,"parent":0,"menu_order":0,"comment_status":"closed","ping_status":"closed","template":"","meta":{"_genesis_hide_title":false,"_genesis_hide_breadcrumbs":false,"_genesis_hide_singular_image":false,"_genesis_hide_footer_widgets":false,"_genesis_custom_body_class":"","_genesis_custom_post_class":"","_genesis_layout":"","footnotes":""},"class_list":{"0":"post-925","1":"page","2":"type-page","3":"status-publish","5":"entry"},"_links":{"self":[{"href":"https:\/\/moverdb.com\/pl\/wp-json\/wp\/v2\/pages\/925","targetHints":{"allow":["GET"]}}],"collection":[{"href":"https:\/\/moverdb.com\/pl\/wp-json\/wp\/v2\/pages"}],"about":[{"href":"https:\/\/moverdb.com\/pl\/wp-json\/wp\/v2\/types\/page"}],"author":[{"embeddable":true,"href":"https:\/\/moverdb.com\/pl\/wp-json\/wp\/v2\/users\/1"}],"replies":[{"embeddable":true,"href":"https:\/\/moverdb.com\/pl\/wp-json\/wp\/v2\/comments?post=925"}],"version-history":[{"count":7,"href":"https:\/\/moverdb.com\/pl\/wp-json\/wp\/v2\/pages\/925\/revisions"}],"predecessor-version":[{"id":13171,"href":"https:\/\/moverdb.com\/pl\/wp-json\/wp\/v2\/pages\/925\/revisions\/13171"}],"wp:attachment":[{"href":"https:\/\/moverdb.com\/pl\/wp-json\/wp\/v2\/media?parent=925"}],"curies":[{"name":"wp","href":"https:\/\/api.w.org\/{rel}","templated":true}]}}