{"id":923,"date":"2016-08-25T14:59:50","date_gmt":"2016-08-25T14:59:50","guid":{"rendered":"http:\/\/moverdb.com\/?page_id=923"},"modified":"2026-01-08T14:40:15","modified_gmt":"2026-01-08T14:40:15","slug":"movecorp","status":"publish","type":"page","link":"https:\/\/moverdb.com\/pl\/movecorp\/","title":{"rendered":"Movecorp: Przeprowadzki mi\u0119dzynarodowe i przeprowadzki Opinie"},"content":{"rendered":"<p>Movecorp ma siedzib\u0119 w West Midlands i oferuje swoim klientom r\u00f3\u017cne us\u0142ugi. <a href=\"https:\/\/moverdb.com\/pl\/international-removals\/\" data-internallinksmanager029f6b8e52c=\"27\" title=\"36 najlepszych firm zajmuj\u0105cych si\u0119 przeprowadzkami mi\u0119dzynarodowymi w Wielkiej Brytanii\">przeprowadzki mi\u0119dzynarodowe<\/a> us\u0142ugi, kt\u00f3re s\u0105 wymienione poni\u017cej, wraz z profilem firmy i opiniami.<\/p>\n<p><strong>Przeprowadzki mi\u0119dzynarodowe<\/strong><\/p>\n<ul>\n<li> Dedykowany koordynator przeprowadzki<\/li>\n<li> Od drzwi do drzwi<\/li>\n<li> Pakowanie - pe\u0142ny zakres us\u0142ug, delikatne przedmioty lub samodzielne pakowanie<\/li>\n<li> Dostarczone materia\u0142y opakowaniowe<\/li>\n<li> Pomoc w za\u0142atwianiu formalno\u015bci<\/li>\n<li> Wysy\u0142ka \u0142adunku cz\u0119\u015bciowego - wsp\u00f3lny kontener<\/li>\n<li> Dedykowana strona <a href=\"https:\/\/moverdb.com\/pl\/przeladunek-w-kontenerach\/\">mi\u0119dzynarodowa \u017cegluga kontenerowa<\/a><\/li>\n<li> Bezp\u0142atne przechowywanie danych przez okres do jednego miesi\u0105ca<\/li>\n<li> Rozpakowywanie<\/li>\n<li> Ustalone ubezpieczenie<\/li>\n<li> Us\u0142uga relokacji pracownik\u00f3w<\/li>\n<\/ul>\n<p><strong>Przeprowadzki europejskie<\/strong><\/p>\n<ul>\n<li> Us\u0142uga \"od drzwi do drzwi\".<\/li>\n<li> Dedykowany koordynator przeprowadzki<\/li>\n<li> Dost\u0119pna pe\u0142na us\u0142uga pakowania<\/li>\n<li> Dostarczone materia\u0142y opakowaniowe<\/li>\n<li> Pomoc w za\u0142atwianiu formalno\u015bci<\/li>\n<li> Wysy\u0142ka \u0142adunk\u00f3w cz\u0119\u015bciowych (LCL)<\/li>\n<li> Dedykowany kontener transportowy<\/li>\n<li> Bezp\u0142atne przechowywanie danych przez okres do jednego miesi\u0105ca<\/li>\n<li> Dost\u0119pna pe\u0142na obs\u0142uga w zakresie rozpakowywania<\/li>\n<li> Ustalone ubezpieczenie<\/li>\n<\/ul>\n<p><strong>Przeprowadzki dom\u00f3w<\/strong><\/p>\n<ul>\n<li> Us\u0142uga \"od drzwi do drzwi\".<\/li>\n<li> Pe\u0142na us\u0142uga pakowania i konfekcjonowania <\/li>\n<li> Przechowywanie - pierwszy miesi\u0105c gratis<\/li>\n<li> Ustalone ubezpieczenie<\/li>\n<li> Obci\u0105\u017cenie cz\u0119\u015bciowe (LCL)<\/li>\n<li> Pe\u0142ne obci\u0105\u017cenie (FCL)<\/li>\n<li> Us\u0142uga rozpakowania przy dostawie<\/li>\n<\/ul>\n<h2>Profil firmy Movecorp<\/h2>\n<p>Movecorp jest <a href=\"https:\/\/moverdb.com\/pl\/moving-to-the-uk\/\" data-internallinksmanager029f6b8e52c=\"93\" title=\"Przeprowadzasz si\u0119 do Wielkiej Brytanii? 2026 Koszty \u017cycia i wskaz\u00f3wki dotycz\u0105ce przeprowadzki\">UK<\/a> Firma specjalizuje si\u0119 w przeprowadzkach mi\u0119dzynarodowych i europejskich. Siedziba firmy znajduje si\u0119 w West Midlands, co daje jej dobr\u0105 pozycj\u0119 do obs\u0142ugi ca\u0142ej Wielkiej Brytanii. <\/p>\n<p>Movecorp przewozi ludzi w Wielkiej Brytanii ka\u017cdego dnia tygodnia i co tydzie\u0144 dostarcza przesy\u0142ki do wszystkich g\u0142\u00f3wnych miejsc w Europie.<\/p>\n<p>Movecorp oferuje indywidualne us\u0142ugi dla wszystkich swoich klient\u00f3w i informuje ich na bie\u017c\u0105co o ka\u017cdym podejmowanym kroku. S\u0105 dumni z przyjaznego i skutecznego podej\u015bcia do ka\u017cdej przeprowadzki.<\/p>\n<p>Movecorp posiada nast\u0119puj\u0105ce afiliacje i akredytacje:<\/p>\n<ul>\n<li> <a href=\"https:\/\/moverdb.com\/pl\/jestem\/\">Mi\u0119dzynarodowe Stowarzyszenie Przewo\u017anik\u00f3w<\/a> (<a href=\"https:\/\/moverdb.com\/pl\/iam\/\" data-internallinksmanager029f6b8e52c=\"23\" title=\"Mi\u0119dzynarodowe Stowarzyszenie Przewo\u017anik\u00f3w (IAM) - obja\u015bnienia\">IAM<\/a>)<\/li>\n<li> <a href=\"https:\/\/moverdb.com\/pl\/rios\/\">System Rzecznika Praw Obywatelskich Bran\u017cy Przeprowadzkowej<\/a><\/li>\n<li> <a href=\"https:\/\/moverdb.com\/pl\/fedemac\/\">Federacja Europejskiego Stowarzyszenia Przewo\u017anik\u00f3w<\/a> (<a href=\"https:\/\/moverdb.com\/pl\/fedemac\/\" data-internallinksmanager029f6b8e52c=\"15\" title=\"Federacja Europejskiego Stowarzyszenia Przewo\u017anik\u00f3w (FEDEMAC) - wyja\u015bnienie\">FEDEMAC<\/a>)<\/li>\n<li> <a href=\"https:\/\/moverdb.com\/pl\/stowarzyszenie-transportu-towarowego\/\">Stowarzyszenie Transportu Towarowego<\/a> (<a href=\"https:\/\/moverdb.com\/pl\/freight-transport-association\/\" data-internallinksmanager029f6b8e52c=\"18\" title=\"Stowarzyszenie Transportu Towarowego (FTA) - obja\u015bnienia\">FTA<\/a>)<\/li>\n<li> <a href=\"https:\/\/moverdb.com\/pl\/mtc\/\">Movers Trading Club<\/a> (<a href=\"https:\/\/moverdb.com\/pl\/mtc\/\" data-internallinksmanager029f6b8e52c=\"30\" title=\"Movers Trading Club (MTC) - obja\u015bnienia\">MTC<\/a>)<\/li>\n<li> <a href=\"https:\/\/moverdb.com\/pl\/eurovan-movers\/\">Eurovan<\/a><\/li>\n<li> <a href=\"https:\/\/moverdb.com\/pl\/ngrs\/\">Krajowy Cech Przedsi\u0119biorc\u00f3w Przeprowadzkowych i Magazynier\u00f3w<\/a> (<a href=\"https:\/\/moverdb.com\/pl\/ngrs\/\" data-internallinksmanager029f6b8e52c=\"74\" title=\"Krajowy Zwi\u0105zek Przedsi\u0119biorc\u00f3w Przeprowadzkowych i Magazynowych (NGRS) - wyja\u015bnienie\">NGRS<\/a>)<\/li>\n<li> Kt\u00f3ry? Trusted Trader<\/li>\n<li> Standardy jako\u015bci us\u0142ug - BS 8564<\/li>\n<li> CHAS<\/li>\n<\/ul>\n<h2>Recenzje MoveCorp<\/h2>\n<p><strong>Pozytywne:<\/strong><\/p>\n<ul>\n<li> <em>\"Gor\u0105co polecam Movecorp. Obs\u0142uga by\u0142a znakomita i przyjazna.\"<\/em> - Ella Dennett za po\u015brednictwem Movecorp <a href=\"http:\/\/www.movecorp.co.uk\/reviews\/\" target=\"_blank\" rel=\"noopener\">strona z recenzjami i raportami klient\u00f3w<\/a>.<\/li>\n<li> <em>\"Bardzo sprawnie, wszystko by\u0142o doskonale zapakowane i dotar\u0142o w dobrym stanie,\"<\/em> - Stan przez <a href=\"https:\/\/www.trustpilot.com\/reviews\/579606ae0000ff00097414e9\" target=\"_blank\" rel=\"noopener\">TrustPilot<\/a> <\/li>\n<li> <em>\"Nasze do\u015bwiadczenie by\u0142o wspania\u0142e. Nasza koordynatorka przeprowadzki, Emma, by\u0142a bardzo pomocna i terminowo zajmowa\u0142a si\u0119 naszymi zapytaniami. Wielkie podzi\u0119kowania za jej pomoc!\"<\/em> Andrea via <a href=\"http:\/\/www.removalreviews.co.uk\/movingreviews\/great-service-11241\" target=\"_blank\" rel=\"noopener\">Recenzje przeprowadzek<\/a><\/li>\n<li> <em>\"Strona Movecorp jest \u0142atwa w nawigacji i znalaz\u0142em na niej przydatne informacje, kt\u00f3re pomog\u0142y mi zorganizowa\u0107 przeprowadzk\u0119\".<\/em> - LisaM1983 via <a href=\"http:\/\/www.reviewcentre.com\/Removal-Companies\/MoveCorp-International-Removals-www-movecorp-co-uk-review_2305958\" target=\"_blank\" rel=\"noopener\">Przegl\u0105d Centrum<\/a><\/li>\n<li> <em>\"Zesp\u00f3\u0142 Movecorp by\u0142 fantastyczny od pocz\u0105tku do ko\u0144ca\".<\/em> - przez <a href=\"http:\/\/www.referenceline.com\/removers_removals-in-walsall-movecorpcouk-21956#GOTO178308\" target=\"_blank\" rel=\"noopener\">Linia referencyjna<\/a><\/li>\n<\/ul>\n<p><strong>Negatywny:<\/strong><\/p>\n<ul>\n<li> <em>\"Od ponad trzech miesi\u0119cy dysponuj\u0105 zawarto\u015bci\u0105 mojej przeprowadzki, kt\u00f3ra dopiero w zesz\u0142ym tygodniu opu\u015bci\u0142a Wielk\u0105 Brytani\u0119\".<\/em> - Chuck przez <a href=\"https:\/\/www.trustpilot.com\/reviews\/55f4a26f0000ff000907c3df\" target=\"_blank\" rel=\"noopener\">TrustPilot<\/a><\/li>\n<li> <em>\"Mimo \u017ce w Internecie widzia\u0142em kilka dobrych opinii, moje do\u015bwiadczenia by\u0142y niestety bardzo z\u0142e\".<\/em> - Steven Johnson przez <a href=\"http:\/\/www.removalreviews.co.uk\/movingreviews\/use-at-own-risk-11126\" target=\"_blank\" rel=\"noopener\">Recenzje przeprowadzek<\/a> <\/li>\n<li> <em>\"Najgorsze do\u015bwiadczenie zwi\u0105zane z przeprowadzk\u0105 - poczucie zdzierstwa i oszukania\"<\/em> - MayVisR42 via <a href=\"http:\/\/www.reviewcentre.com\/Removal-Companies\/MoveCorp-International-Removals-www-movecorp-co-uk-review_3464277\" target=\"_blank\" rel=\"noopener\">Przegl\u0105d Centrum<\/a> <\/li>\n<\/ul>\n<div itemprop=\"review\" itemscope itemtype=\"http:\/\/schema.org\/Review\">\n<span itemprop=\"author\" itemscope=\"\" itemtype=\"http:\/\/schema.org\/Organization\"><span itemprop=\"name\">MoverDB.com<\/span><\/span> Przegl\u0105d stron internetowych dla <span itemprop=\"itemreviewed\" itemscope=\"\" itemtype=\"http:\/\/schema.org\/Brand\"><span itemprop=\"name\">MoveCorp<\/span><\/span>:<\/p>\n<ol>\n<li> Przejrzyste dane kontaktowe na stronie internetowej (w tym numer telefonu)? <strong>Tak<\/strong><\/li>\n<li> \u0141atwe do uzyskania <a href=\"https:\/\/moverdb.com\/pl\/cytaty\/\">oferty na przeprowadzki mi\u0119dzynarodowe<\/a>? (formularz wniosku o wycen\u0119 online): <strong>Tak<\/strong><\/li>\n<li> Przejrzyste informacje na stronie internetowej: <strong>Nie,<\/strong> Strona internetowa zawiera bardzo niewiele informacji, poza informacjami o sposobie uzyskania wyceny i obs\u0142ugiwanych miejscowo\u015bciach.<\/li>\n<li> Cz\u0142onkostwo w uznanych mi\u0119dzynarodowych organizacjach zajmuj\u0105cych si\u0119 przemieszczaniem: <strong>Tak,<\/strong> wiele - patrz wy\u017cej<\/li>\n<li> Lista klient\u00f3w i\/lub referencje poprzednich klient\u00f3w: <strong>Tak,<\/strong> na stronie znajduje si\u0119 wiele pozytywnych opinii klient\u00f3w.<\/li>\n<\/ol>\n<div itemprop=\"reviewRating\" itemscope itemtype=\"http:\/\/schema.org\/Rating\"><meta itemprop=\"worstRating\" content = \"0\" \/><meta itemprop=\"bestRating\" content=\"5\" \/><meta itemprop=\"ratingValue\" content=\"4.5\"><\/div>\n<p><strong>Ocena og\u00f3lna: 4,5\/5<\/strong><br \/>\n<strong>Data przegl\u0105du:<\/strong> <span itemprop=\"datePublished\" content=\"2016-08-25\">25\/08\/2016<\/span>\n<\/div>\n<p>Dowiedz si\u0119 wi\u0119cej o <a href=\"https:\/\/moverdb.com\/pl\/przeprowadzki-miedzynarodowe\/\">przeprowadzki mi\u0119dzynarodowe<\/a> i nasze <a href=\"https:\/\/moverdb.com\/pl\/recenzje\/\">proces przegl\u0105du<\/a>.<\/p>\n<p><strong>Strona internetowa:<\/strong> <a href=\"http:\/\/www.movecorp.co.uk\" target=\"_blank\" rel=\"noopener\">http:\/\/www.movecorp.co.uk<\/a><\/p>","protected":false},"excerpt":{"rendered":"<p>Movecorp is based in the West Midlands and offers its customers various international removals services which are listed below, together with a company profile and reviews. International Removals Dedicated move coordinator Door to door Packing &#8211; full service, fragile items or do it yourself Packing materials supplied Assistance with paperwork Part load shipping &#8211; shared [&hellip;]<\/p>\n","protected":false},"author":1,"featured_media":0,"parent":0,"menu_order":0,"comment_status":"closed","ping_status":"closed","template":"","meta":{"_genesis_hide_title":false,"_genesis_hide_breadcrumbs":false,"_genesis_hide_singular_image":false,"_genesis_hide_footer_widgets":false,"_genesis_custom_body_class":"","_genesis_custom_post_class":"","_genesis_layout":"","footnotes":""},"class_list":{"0":"post-923","1":"page","2":"type-page","3":"status-publish","5":"entry"},"_links":{"self":[{"href":"https:\/\/moverdb.com\/pl\/wp-json\/wp\/v2\/pages\/923","targetHints":{"allow":["GET"]}}],"collection":[{"href":"https:\/\/moverdb.com\/pl\/wp-json\/wp\/v2\/pages"}],"about":[{"href":"https:\/\/moverdb.com\/pl\/wp-json\/wp\/v2\/types\/page"}],"author":[{"embeddable":true,"href":"https:\/\/moverdb.com\/pl\/wp-json\/wp\/v2\/users\/1"}],"replies":[{"embeddable":true,"href":"https:\/\/moverdb.com\/pl\/wp-json\/wp\/v2\/comments?post=923"}],"version-history":[{"count":8,"href":"https:\/\/moverdb.com\/pl\/wp-json\/wp\/v2\/pages\/923\/revisions"}],"predecessor-version":[{"id":13179,"href":"https:\/\/moverdb.com\/pl\/wp-json\/wp\/v2\/pages\/923\/revisions\/13179"}],"wp:attachment":[{"href":"https:\/\/moverdb.com\/pl\/wp-json\/wp\/v2\/media?parent=923"}],"curies":[{"name":"wp","href":"https:\/\/api.w.org\/{rel}","templated":true}]}}