{"id":921,"date":"2016-08-29T20:53:00","date_gmt":"2016-08-29T20:53:00","guid":{"rendered":"http:\/\/moverdb.com\/?page_id=921"},"modified":"2026-01-08T15:20:42","modified_gmt":"2026-01-08T15:20:42","slug":"simpsons-removals","status":"publish","type":"page","link":"https:\/\/moverdb.com\/pl\/simpsons-removals\/","title":{"rendered":"Simpsons Przeprowadzki i Magazynowanie: Przeprowadzki mi\u0119dzynarodowe"},"content":{"rendered":"<p>Simpsons Removals and Storage Ltd ma siedzib\u0119 w Kent i oferuje swoim klientom szereg us\u0142ug w zakresie <a href=\"https:\/\/moverdb.com\/pl\/international-removals\/\" data-internallinksmanager029f6b8e52c=\"27\" title=\"36 najlepszych firm zajmuj\u0105cych si\u0119 przeprowadzkami mi\u0119dzynarodowymi w Wielkiej Brytanii\">przeprowadzki mi\u0119dzynarodowe<\/a> us\u0142ugi, kt\u00f3re zosta\u0142y wymienione poni\u017cej. Znajduje si\u0119 tam r\u00f3wnie\u017c profil firmy oraz recenzje.<\/p>\n<p><strong>Przeprowadzki mi\u0119dzynarodowe<\/strong><\/p>\n<ul>\n<li> Od drzwi do drzwi lub na lotnisku w miejscu przeznaczenia<\/li>\n<li> Pe\u0142na obs\u0142uga, pakowanie delikatnych przedmiot\u00f3w lub pakowanie dla majsterkowicz\u00f3w<\/li>\n<li> Mo\u017cliwo\u015b\u0107 dostarczenia materia\u0142\u00f3w do pakowania<\/li>\n<li> Fracht lotniczy lub morski - <a href=\"https:\/\/moverdb.com\/pl\/przeladunek-w-kontenerach\/\">mi\u0119dzynarodowa \u017cegluga kontenerowa<\/a><\/li>\n<li> Nadbaga\u017c dla ma\u0142ych \u0142adunk\u00f3w<\/li>\n<li> Ustalone ubezpieczenie<\/li>\n<li> Obs\u0142uga terminalu\/.<a href=\"https:\/\/moverdb.com\/pl\/top-49-container-ports\/\" data-internallinksmanager029f6b8e52c=\"80\" title=\"49 najwi\u0119kszych i najbardziej ruchliwych port\u00f3w kontenerowych w 2025 r.\">port<\/a> op\u0142aty<\/li>\n<li> Odprawa celna<\/li>\n<li> Dostawa i rozpakowanie<\/li>\n<li> Usuwanie gruzu<\/li>\n<li> Us\u0142ugi rzemie\u015blnicze<\/li>\n<li> Serwis pokoj\u00f3wek<\/li>\n<\/ul>\n<p><strong>Materia\u0142y opakowaniowe<\/strong><\/p>\n<ul>\n<li> Pakowanie karton\u00f3w w r\u00f3\u017cnych rozmiarach<\/li>\n<li> Kartony na garderob\u0119 wisz\u0105c\u0105<\/li>\n<li> Ta\u015bma pakowa<\/li>\n<li> Papier pakowy<\/li>\n<li> Koce papierowe<\/li>\n<li> Tkaninowe koce tranzytowe<\/li>\n<li> Worki na materace<\/li>\n<li> Pud\u0142a archiwalne<\/li>\n<li> Drewniane skrzynie na zam\u00f3wienie - wymagane 7-dniowe wyprzedzenie.<\/li>\n<\/ul>\n<p><strong>Europejskie ruchy<\/strong><\/p>\n<ul>\n<li> Transport lotniczy, morski lub drogowy<\/li>\n<li> Dedykowana obs\u0142uga \u0142adunk\u00f3w<\/li>\n<li> Dost\u0119pne \u0142adunki cz\u0119\u015bciowe<\/li>\n<li> Dost\u0119pna us\u0142uga \"od drzwi do drzwi\".<\/li>\n<li> Pe\u0142na obs\u0142uga, pakowanie delikatnych przedmiot\u00f3w lub pakowanie dla majsterkowicz\u00f3w<\/li>\n<li> Mo\u017cliwo\u015b\u0107 dostarczenia materia\u0142\u00f3w do pakowania<\/li>\n<li> Ustalone ubezpieczenie<\/li>\n<li> Dost\u0119pna us\u0142uga rozpakowywania<\/li>\n<li> Usuwanie gruzu<\/li>\n<\/ul>\n<p><strong><a href=\"https:\/\/moverdb.com\/pl\/moving-to-the-uk\/\" data-internallinksmanager029f6b8e52c=\"93\" title=\"Przeprowadzasz si\u0119 do Wielkiej Brytanii? 2026 Koszty \u017cycia i wskaz\u00f3wki dotycz\u0105ce przeprowadzki\">UK<\/a> Przeprowadzki<\/strong><\/p>\n<ul>\n<li> Od drzwi do drzwi<\/li>\n<li> Przeprowadzki os\u00f3b<\/li>\n<li> Przeprowadzki firm<\/li>\n<li> Pe\u0142na obs\u0142uga, pakowanie delikatnych przedmiot\u00f3w lub pakowanie dla majsterkowicz\u00f3w<\/li>\n<li> Mo\u017cliwo\u015b\u0107 dostarczenia materia\u0142\u00f3w do pakowania<\/li>\n<li> Ustalone ubezpieczenie<\/li>\n<li> Dost\u0119pna us\u0142uga rozpakowywania<\/li>\n<li> Usuwanie gruzu<\/li>\n<\/ul>\n<p><strong>Przeprowadzki firm<\/strong><\/p>\n<ul>\n<li> Przeniesienie biura<\/li>\n<li> Przeprowadzki firm na ca\u0142ym \u015bwiecie<\/li>\n<li> Ekskluzywne przeprowadzki na ca\u0142ym \u015bwiecie<\/li>\n<li> Rozwi\u0105zania w zakresie relokacji IT<\/li>\n<li> Przeprowadzki fabryk i laboratori\u00f3w<\/li>\n<li> Sprzeda\u017c detaliczna mebli biurowych<\/li>\n<\/ul>\n<p><strong>Przechowywanie<\/strong><\/p>\n<ul>\n<li> Magazynowanie samodzielne<\/li>\n<li> Przechowywanie w gospodarstwie domowym<\/li>\n<li> Przechowywanie archiw\u00f3w<\/li>\n<li> Zewn\u0119trzna pami\u0119\u0107 masowa<\/li>\n<li> CA\u0141ODOBOWA TELEWIZJA PRZEMYS\u0141OWA<\/li>\n<\/ul>\n<h2>Simpsons Przeprowadzki i magazynowanie<\/h2>\n<p>Firma Simpsons Removals and Storage Ltd zosta\u0142a za\u0142o\u017cona w 1979 roku przez Barry'ego Simpsona. Dzi\u015b ta firma przeprowadzkowa z siedzib\u0105 w Kent nadal jest w\u0142asno\u015bci\u0105 rodziny i jest prowadzona przez syna i c\u00f3rk\u0119 Barry'ego Simpsona. <\/p>\n<p>Celem firmy jest zapewnienie profesjonalnej i skutecznej obs\u0142ugi klientom indywidualnym, korporacyjnym i handlowym, kt\u00f3rzy przeprowadzaj\u0105 si\u0119 lokalnie lub mi\u0119dzynarodowo. <\/p>\n<p>Firma Simpsons dysponuje flot\u0105 20 pojazd\u00f3w, aby sprosta\u0107 potrzebom ka\u017cdej przeprowadzki. Dysponuj\u0105 r\u00f3wnie\u017c powierzchni\u0105 magazynow\u0105 o wielko\u015bci 100 000 st\u00f3p kwadratowych i kolejn\u0105 powierzchni\u0105 o wielko\u015bci 20 000 st\u00f3p kwadratowych, kt\u00f3r\u0105 mo\u017cna wykorzysta\u0107 do sk\u0142adowania kontener\u00f3w. <\/p>\n<p>Firma posiada 36-letnie do\u015bwiadczenie w bran\u017cy przeprowadzek i jest przygotowana do podj\u0119cia si\u0119 ka\u017cdej przeprowadzki, niezale\u017cnie od jej wielko\u015bci, w dowolnym miejscu na \u015bwiecie.<\/p>\n<p>Firma Simpsons Przeprowadzki i Magazynowanie posiada nast\u0119puj\u0105ce akredytacje i przynale\u017cno\u015bci:<\/p>\n<ul>\n<li> <a href=\"https:\/\/moverdb.com\/pl\/british-association-of-removers\/\">Brytyjskie Stowarzyszenie Przeprowadzek<\/a> (<a href=\"https:\/\/moverdb.com\/pl\/british-association-of-removers\/\" data-internallinksmanager029f6b8e52c=\"9\" title=\"Brytyjskie Stowarzyszenie Przeprowadzek (BAR) - obja\u015bnienia\">BAR<\/a>)<\/li>\n<li> <a href=\"https:\/\/moverdb.com\/pl\/bar-overseas\/\">Brytyjskie Stowarzyszenie Przedsi\u0119biorc\u00f3w Przeprowadzkowych - Overseas Remover<\/a><\/li>\n<li> Brytyjskie Stowarzyszenie Przeprowadzkowicz\u00f3w - Grupa ds. przeprowadzek komercyjnych<\/li>\n<li> <a href=\"https:\/\/moverdb.com\/pl\/jestem\/\">Mi\u0119dzynarodowe Stowarzyszenie Przewo\u017anik\u00f3w<\/a> - <a href=\"https:\/\/moverdb.com\/pl\/iam\/\" data-internallinksmanager029f6b8e52c=\"23\" title=\"Mi\u0119dzynarodowe Stowarzyszenie Przewo\u017anik\u00f3w (IAM) - obja\u015bnienia\">IAM<\/a><\/li>\n<li> <a href=\"https:\/\/moverdb.com\/pl\/fedemac\/\">Federacja Europejskiego Stowarzyszenia Przewo\u017anik\u00f3w<\/a> - <a href=\"https:\/\/moverdb.com\/pl\/fedemac\/\" data-internallinksmanager029f6b8e52c=\"15\" title=\"Federacja Europejskiego Stowarzyszenia Przewo\u017anik\u00f3w (FEDEMAC) - wyja\u015bnienie\">FEDEMAC<\/a><\/li>\n<li> Standard us\u0142ug gwarantuj\u0105cych jako\u015b\u0107 BS8564<\/li>\n<li> Standard us\u0142ug gwarantuj\u0105cych jako\u015b\u0107 BS8522 - przeprowadzki komercyjne<\/li>\n<li> Stowarzyszenie Dealer\u00f3w Dzie\u0142 Sztuki i Antyk\u00f3w - LAPADA<\/li>\n<li> Movers Traders Club (<a href=\"https:\/\/moverdb.com\/pl\/mtc\/\" data-internallinksmanager029f6b8e52c=\"30\" title=\"Movers Trading Club (MTC) - obja\u015bnienia\">MTC<\/a>)<\/li>\n<\/ul>\n<h2>Simpsons Removals and Storage Reviews<\/h2>\n<p><strong>Pozytywne:<\/strong><\/p>\n<ul>\n<li> <em>\"Chcia\u0142em tylko powiedzie\u0107, \u017ce by\u0142em bardzo zadowolony z us\u0142ugi, kt\u00f3r\u0105 Simpsons dostarczy\u0142 wczoraj moje skarby! Ca\u0142y ruch moich rzeczy z <a href=\"https:\/\/moverdb.com\/pl\/moving-to-canada\/\" data-internallinksmanager029f6b8e52c=\"265\" title=\"Przeprowadzka do Kanady? 2026 Koszty utrzymania i wskaz\u00f3wki dotycz\u0105ce przeprowadzki\">Kanada<\/a> do Wielkiej Brytanii by\u0142o niesamowite\".<\/em> - Jane przez<a href=\"http:\/\/www.simpsons-uk.com\/testimonials\" target=\"_blank\" rel=\"noopener\"> \u015awiadectwo Simpson\u00f3w<\/a><\/li>\n<li> <em>\"Po utracie naszego gniazda z nasz\u0105 oryginaln\u0105 firm\u0105 przeprowadzkow\u0105 rozejrzeli\u015bmy si\u0119 za inn\u0105. Simpsons by\u0142 najbardziej uwa\u017cny i wys\u0142a\u0142 w\u0142a\u015bciciela, aby zobaczy\u0107 <a href=\"https:\/\/moverdb.com\/pl\/moving-to-the-united-states\/\" data-internallinksmanager029f6b8e52c=\"94\" title=\"Przeprowadzasz si\u0119 do Stan\u00f3w Zjednoczonych? 2026 Koszty \u017cycia i wskaz\u00f3wki dotycz\u0105ce przeprowadzki\">nas<\/a> i wycenia\u0107 prac\u0119\".<\/em> - Dan przez <a href=\"http:\/\/www.removalreviews.co.uk\/movingreviews\/surprisingly-good-2361\" target=\"_blank\" rel=\"noopener\">Recenzje przeprowadzek<\/a><\/li>\n<li> <em>\"Bardzo profesjonalny i bardzo przyjazny personel pomocny\".<\/em> - Eros przez <a href=\"https:\/\/www.reallymoving.com\/international-removals\/directory\/216\/simpsons-removals-limited\" target=\"_blank\" rel=\"noopener\">ReallyMoving.com<\/a><\/li>\n<li> <em>\"By\u0142am bardzo zadowolona z ca\u0142ego procesu. Pracownicy byli przyja\u017ani i pomocni, a ja by\u0142em na bie\u017c\u0105co informowany o statusie mojej przesy\u0142ki przez ca\u0142y czas jej trwania.\"<\/em> - K Pryce via <a href=\"http:\/\/www.reviewcentre.com\/Removal-Companies\/Simpsons-Removals-and-Storage-Ltd-www-simpsons-uk-com-review_2646331\" target=\"_blank\" rel=\"noopener\">Przegl\u0105d Centrum<\/a> <\/li>\n<\/ul>\n<p><strong>Negatywny:<\/strong><\/p>\n<ul>\n<li> \"<em>Nigdy, powtarzam NIGDY, nie korzystaj z us\u0142ug firmy Simpsons removals\".<\/em> - Ruth przez <a href=\"http:\/\/www.removalreviews.co.uk\/movingreviews\/poor-delivery-men-and-customer-service-2658\" target=\"_blank\" rel=\"noopener\">Recenzje przeprowadzek<\/a> <\/li>\n<li> \"<em>Firma ta nie wykona\u0142a prac i przekaza\u0142a zlecenie innej firmie\".<\/em> - Mistral przez <a href=\"https:\/\/www.reallymoving.com\/international-removals\/directory\/216\/simpsons-removals-limited\" target=\"_blank\" rel=\"noopener\">ReallyMoving.com<\/a> <\/li>\n<li> <em>\"Ta firma to ha\u0144ba\".<\/em> - przez <a href=\"http:\/\/www.reviewcentre.com\/Removal-Companies\/Simpsons-Removals-and-Storage-Ltd-www-simpsons-uk-com-review_4006517\" target=\"_blank\" rel=\"noopener\">Przegl\u0105d Centrum<\/a> <\/li>\n<\/ul>\n<div itemprop=\"review\" itemscope itemtype=\"http:\/\/schema.org\/Review\">\n<span itemprop=\"author\" itemscope=\"\" itemtype=\"http:\/\/schema.org\/Organization\"><span itemprop=\"name\">MoverDB.com<\/span><\/span> Przegl\u0105d stron internetowych dla <span itemprop=\"itemreviewed\" itemscope=\"\" itemtype=\"http:\/\/schema.org\/Brand\"><span itemprop=\"name\">Simpsons Przeprowadzki i magazynowanie<\/span><\/span>:<\/p>\n<ol>\n<li> Przejrzyste dane kontaktowe na stronie internetowej (w tym numer telefonu): <strong>Tak<\/strong><\/li>\n<li> \u0141atwe do uzyskania <a href=\"https:\/\/moverdb.com\/pl\/cytaty\/\">oferty na przeprowadzki mi\u0119dzynarodowe<\/a>? (formularz wniosku o wycen\u0119 online): <strong>Tak<\/strong><\/li>\n<li> Przejrzyste informacje na stronie internetowej: <strong>Tak<\/strong>, informacje kontaktowe i podstawowe przewodniki dost\u0119pne online.<\/li>\n<li> Cz\u0142onkostwo w uznanych mi\u0119dzynarodowych organizacjach zajmuj\u0105cych si\u0119 przemieszczaniem: <strong>Tak<\/strong>patrz wy\u017cej.<\/li>\n<li> Lista klient\u00f3w i\/lub referencje poprzednich klient\u00f3w: <strong>Tak<\/strong>Na stronie znajduj\u0105 si\u0119 pozytywne opinie klient\u00f3w.<\/li>\n<\/ol>\n<div itemprop=\"reviewRating\" itemscope itemtype=\"http:\/\/schema.org\/Rating\"><meta itemprop=\"worstRating\" content = \"0\" \/><meta itemprop=\"bestRating\" content=\"5\" \/><meta itemprop=\"ratingValue\" content=\"4.5\"><\/div>\n<p><strong>Ocena og\u00f3lna: 4,5\/5<\/strong><br \/>\n<strong>Data przegl\u0105du:<\/strong> <span itemprop=\"datePublished\" content=\"2016-08-29\">29\/08\/2016<\/span>\n<\/div>\n<p>Wi\u0119cej na temat <a href=\"https:\/\/moverdb.com\/pl\/przeprowadzki-miedzynarodowe\/\">przeprowadzki mi\u0119dzynarodowe<\/a> i nasze <a href=\"https:\/\/moverdb.com\/pl\/recenzje\/\">proces przegl\u0105du<\/a>.<\/p>\n<p><strong>Strona internetowa:<\/strong> <a href=\"http:\/\/www.simpsons-uk.com\/\" target=\"_blank\" rel=\"noopener\">http:\/\/www.simpsons-uk.com<\/a><\/p>","protected":false},"excerpt":{"rendered":"<p>Simpsons Removals and Storage Ltd is based in Kent and offers its customers a range of international removals services which are listed below. There also follows a company profile and reviews. International Removals Door to door or airport at destination Full service, fragile items or do-it-yourself packing Packing materials can be provided Air freight or [&hellip;]<\/p>\n","protected":false},"author":1,"featured_media":0,"parent":0,"menu_order":0,"comment_status":"closed","ping_status":"closed","template":"","meta":{"_genesis_hide_title":false,"_genesis_hide_breadcrumbs":false,"_genesis_hide_singular_image":false,"_genesis_hide_footer_widgets":false,"_genesis_custom_body_class":"","_genesis_custom_post_class":"","_genesis_layout":"","footnotes":""},"class_list":{"0":"post-921","1":"page","2":"type-page","3":"status-publish","5":"entry"},"_links":{"self":[{"href":"https:\/\/moverdb.com\/pl\/wp-json\/wp\/v2\/pages\/921","targetHints":{"allow":["GET"]}}],"collection":[{"href":"https:\/\/moverdb.com\/pl\/wp-json\/wp\/v2\/pages"}],"about":[{"href":"https:\/\/moverdb.com\/pl\/wp-json\/wp\/v2\/types\/page"}],"author":[{"embeddable":true,"href":"https:\/\/moverdb.com\/pl\/wp-json\/wp\/v2\/users\/1"}],"replies":[{"embeddable":true,"href":"https:\/\/moverdb.com\/pl\/wp-json\/wp\/v2\/comments?post=921"}],"version-history":[{"count":5,"href":"https:\/\/moverdb.com\/pl\/wp-json\/wp\/v2\/pages\/921\/revisions"}],"predecessor-version":[{"id":6238,"href":"https:\/\/moverdb.com\/pl\/wp-json\/wp\/v2\/pages\/921\/revisions\/6238"}],"wp:attachment":[{"href":"https:\/\/moverdb.com\/pl\/wp-json\/wp\/v2\/media?parent=921"}],"curies":[{"name":"wp","href":"https:\/\/api.w.org\/{rel}","templated":true}]}}