{"id":920,"date":"2016-09-03T16:04:22","date_gmt":"2016-09-03T16:04:22","guid":{"rendered":"http:\/\/moverdb.com\/?page_id=920"},"modified":"2026-01-08T14:47:54","modified_gmt":"2026-01-08T14:47:54","slug":"burke-bros","status":"publish","type":"page","link":"https:\/\/moverdb.com\/pl\/burke-bros\/","title":{"rendered":"Burke Bros Moving Group: Przeprowadzki mi\u0119dzynarodowe Opinie"},"content":{"rendered":"<p>Burke Bros to \u015bwiatowi przewo\u017anicy, magazynierzy, spedytorzy i eksperci od globalnych przeprowadzek. Poni\u017cej wymienione s\u0105 oferowane przez nich us\u0142ugi, a nast\u0119pnie profil firmy i r\u00f3\u017cne opinie.<\/p>\n<p><strong>Korporacyjne i osobiste <a href=\"https:\/\/moverdb.com\/pl\/international-removals\/\" data-internallinksmanager029f6b8e52c=\"27\" title=\"36 najlepszych firm zajmuj\u0105cych si\u0119 przeprowadzkami mi\u0119dzynarodowymi w Wielkiej Brytanii\">Przeprowadzki mi\u0119dzynarodowe<\/a><\/strong><\/p>\n<ul>\n<li> Dedykowany zesp\u00f3\u0142 korporacyjny<\/li>\n<li> Kompleksowa us\u0142uga \"od drzwi do drzwi\".<\/li>\n<li> Bezp\u0142atny przegl\u0105d przeprowadzki<\/li>\n<li> Sie\u0107 renomowanych ekspert\u00f3w ds. relokacji na ca\u0142ym \u015bwiecie<\/li>\n<li> Dedykowany zesp\u00f3\u0142 pakowania eksportowego<\/li>\n<li> Mi\u0119dzynarodowe porady dotycz\u0105ce kwarantanny<\/li>\n<li> Mi\u0119dzynarodowe informacje o c\u0142ach i akcyzie<\/li>\n<li> <a href=\"https:\/\/moverdb.com\/pl\/moving-to-the-uk\/\" data-internallinksmanager029f6b8e52c=\"93\" title=\"Przeprowadzasz si\u0119 do Wielkiej Brytanii? 2026 Koszty \u017cycia i wskaz\u00f3wki dotycz\u0105ce przeprowadzki\">UK<\/a> przechowywanie - przed wysy\u0142k\u0105<\/li>\n<li> Ustalone ubezpieczenie<\/li>\n<li> Pomoc w odprawie celnej<\/li>\n<\/ul>\n<p><strong>Europejskie ruchy<\/strong><\/p>\n<ul>\n<li> Kompleksowa us\u0142uga \"od drzwi do drzwi\".<\/li>\n<li> Dedykowany zesp\u00f3\u0142 pakuj\u0105cy<\/li>\n<li> Ustalone ubezpieczenie<\/li>\n<li> Rejsy tygodniowe<\/li>\n<li> W stosownych przypadkach pomoc w zakresie ce\u0142 i akcyzy<\/li>\n<\/ul>\n<p><strong>Przeprowadzki krajowe w Wielkiej Brytanii - firmowe i osobiste<\/strong><\/p>\n<ul>\n<li> Osobista wizyta konsultanta<\/li>\n<li> Us\u0142ugi zarz\u0105dzania projektami dla przedsi\u0119biorstw<\/li>\n<li> Kompleksowa us\u0142uga \"od drzwi do drzwi\".<\/li>\n<li> Dedykowany zesp\u00f3\u0142 pakuj\u0105cy<\/li>\n<li> Ustalone ubezpieczenie<\/li>\n<li> Opakowania specjalistyczne<\/li>\n<li> Wypo\u017cyczenie skrzynek biurowych<\/li>\n<\/ul>\n<p><strong>Przechowywanie<\/strong><\/p>\n<ul>\n<li> Magazyny samoobs\u0142ugowe - Wolverhampton <\/li>\n<li> Nieograniczony dost\u0119p w godzinach otwarcia<\/li>\n<li> Mo\u017cliwo\u015b\u0107 zakupu r\u00f3\u017cnych skrzynek<\/li>\n<li> 24-godzinna telewizja przemys\u0142owa<\/li>\n<li> Przechowywanie dokument\u00f3w i archiw\u00f3w<\/li>\n<\/ul>\n<p><strong>Us\u0142ugi specjalne podczas przeprowadzki<\/strong><\/p>\n<ul>\n<li> Niszczenie dokument\u00f3w<\/li>\n<li> Przechowywanie dokument\u00f3w<\/li>\n<li> Recykling starych mebli i sprz\u0119tu IT<\/li>\n<li> Demonta\u017c i konfiguracja system\u00f3w komputerowych<\/li>\n<li> Specjalistyczne materia\u0142y do pakowania sprz\u0119tu IT<\/li>\n<\/ul>\n<h2>Profil firmy Burke Bros Moving Group<\/h2>\n<p>Firma Burke Bros zosta\u0142a za\u0142o\u017cona w 1982 roku i w tym czasie przeprowadzi\u0142a ponad 49 000 klient\u00f3w. Firma przepracowa\u0142a prawie p\u00f3\u0142 miliona godzin przy pakowaniu, przeprowadzkach i rozpakowywaniu. Firma mie\u015bci si\u0119 w \u015brodkowej Anglii i posiada siedem biur oraz bezpieczn\u0105 powierzchni\u0119 magazynow\u0105 o wielko\u015bci 52 000 st\u00f3p kwadratowych.<\/p>\n<p>Firma Burke Bros jest prowadzona rodzinnie przez braci Burke, Gary'ego i Chrisa. Wielu pracownik\u00f3w jest z nimi zwi\u0105zanych od ponad 20 lat. Firma szczyci si\u0119 swoim troskliwym podej\u015bciem do ka\u017cdej przeprowadzki.<\/p>\n<p>Firma Burke Bros wprowadzi\u0142a recykling i zarz\u0105dzanie odpadami dla klient\u00f3w, aby zmniejszy\u0107 ich \u015blad w\u0119glowy.<\/p>\n<p>Burke Bros Afiliacje i akredytacje:<\/p>\n<ul>\n<li> <a href=\"https:\/\/moverdb.com\/pl\/british-association-of-removers\/\">Brytyjskie Stowarzyszenie Przeprowadzek<\/a> (<a href=\"https:\/\/moverdb.com\/pl\/british-association-of-removers\/\" data-internallinksmanager029f6b8e52c=\"9\" title=\"Brytyjskie Stowarzyszenie Przeprowadzek (BAR) - obja\u015bnienia\">BAR<\/a>)<\/li>\n<li> <a href=\"https:\/\/moverdb.com\/pl\/fidi-faim\/\">F\u00e9d\u00e9ration Internationale des D\u00e9m\u00e9nageurs Internationaux.<\/a> (<a href=\"https:\/\/moverdb.com\/pl\/fidi-faim\/\" data-internallinksmanager029f6b8e52c=\"16\" title=\"FIDI i FAIM (FIDI Accredited International Mover) - obja\u015bnienia\">FIDI<\/a>)<\/li>\n<li> <a href=\"https:\/\/moverdb.com\/pl\/jestem\/\">Mi\u0119dzynarodowe Stowarzyszenie Przewo\u017anik\u00f3w<\/a> (<a href=\"https:\/\/moverdb.com\/pl\/iam\/\" data-internallinksmanager029f6b8e52c=\"23\" title=\"Mi\u0119dzynarodowe Stowarzyszenie Przewo\u017anik\u00f3w (IAM) - obja\u015bnienia\">IAM<\/a>)<\/li>\n<li> Panameryka\u0144skie Stowarzyszenie Przewo\u017anik\u00f3w Mi\u0119dzynarodowych (PAIMA)<\/li>\n<li> Strona <a href=\"https:\/\/moverdb.com\/pl\/bar-overseas\/\">Brytyjskie Stowarzyszenie Przeprowadzek za Granic\u0119<\/a><\/li>\n<li> BS5750<\/li>\n<li> TSI<\/li>\n<\/ul>\n<p><strong>Burke Bros Reviews<\/strong><\/p>\n<p><strong>Pozytywne<\/strong><\/p>\n<ul>\n<li> <em>\"Chcieli\u015bmy wys\u0142a\u0107 notk\u0119 z podzi\u0119kowaniami za wspania\u0142\u0105 obs\u0142ug\u0119, kt\u00f3rej w\u0142a\u015bnie do\u015bwiadczyli\u015bmy podczas naszej przeprowadzki z Anglii do <a href=\"https:\/\/moverdb.com\/pl\/moving-to-france\/\" data-internallinksmanager029f6b8e52c=\"315\" title=\"Przeprowadzka do Francji? Koszty \u017cycia i wskaz\u00f3wki dotycz\u0105ce przeprowadzki w 2023 r.\">Francja<\/a>. Nie mogli\u015bmy sobie \u017cyczy\u0107 lepszego zestawu facet\u00f3w do pakowania i roz\u0142adowywania dla <a href=\"https:\/\/moverdb.com\/pl\/moving-to-the-united-states\/\" data-internallinksmanager029f6b8e52c=\"94\" title=\"Przeprowadzasz si\u0119 do Stan\u00f3w Zjednoczonych? 2026 Koszty \u017cycia i wskaz\u00f3wki dotycz\u0105ce przeprowadzki\">nas<\/a>.\"<\/em> - Sue &amp; David przez Burke Bros <a href=\"http:\/\/burkebros.co.uk\/about_us\/testimonials\/\" target=\"_blank\" rel=\"noopener\">strona z referencjami<\/a><\/li>\n<li> <em>\"Skorzystali\u015bmy z us\u0142ug Burke Bros, aby przenie\u015b\u0107 nas z Wielkiej Brytanii do Dordogne we Francji, nie dlatego, \u017ce byli rozs\u0105dni w swoich op\u0142atach, ale dlatego, \u017ce profesjonalnie podeszli do zadania od pocz\u0105tku do ko\u0144ca\".<\/em> - Malcolm przez <a href=\"https:\/\/www.yell.com\/biz\/burke-bros-worldwide-moving-group-wolverhampton-900810900\/\" target=\"_blank\" rel=\"noopener\">Yell<\/a><\/li>\n<\/ul>\n<p><strong>Negatywny <\/strong><\/p>\n<ul>\n<li> <em>Najgorsze do\u015bwiadczenie z przeprowadzk\u0105 od 35 lat (8 przeprowadzek)<\/em> - Pan D Neal za po\u015brednictwem <a href=\"http:\/\/www.removalreviews.co.uk\/movingreviews\/appalling-12193\" target=\"_blank\" rel=\"noopener\">Recenzje przeprowadzek<\/a><\/li>\n<li> \"Nie marnuj swoich pieni\u0119dzy\". - Thibit via <a href=\"https:\/\/www.yell.com\/biz\/burke-bros-worldwide-moving-group-wolverhampton-900810900\/\" target=\"_blank\" rel=\"noopener\">Yell<\/a><\/li>\n<\/li>\n<\/ul>\n<div itemprop=\"review\" itemscope itemtype=\"http:\/\/schema.org\/Review\">\n<span itemprop=\"author\" itemscope=\"\" itemtype=\"http:\/\/schema.org\/Organization\"><span itemprop=\"name\">MoverDB.com<\/span><\/span> Przegl\u0105d stron internetowych dla <span itemprop=\"itemreviewed\" itemscope=\"\" itemtype=\"http:\/\/schema.org\/Brand\"><span itemprop=\"name\">Burke Bros Moving Group<\/span><\/span>:<\/p>\n<ol>\n<li> Przejrzyste dane kontaktowe na stronie internetowej (w tym numer telefonu): <strong>Tak<\/strong><\/li>\n<li> \u0141atwe do uzyskania <a href=\"https:\/\/moverdb.com\/pl\/cytaty\/\">oferty na przeprowadzki mi\u0119dzynarodowe<\/a>? (formularz wniosku o wycen\u0119 online): <strong>Tak<\/strong><\/li>\n<li> Przejrzyste informacje na stronie internetowej: <strong>Tak,<\/strong> w tym przewodniki po r\u00f3\u017cnych krajach, kt\u00f3re obs\u0142uguj\u0105.<\/li>\n<li> Cz\u0142onkostwo w uznanych mi\u0119dzynarodowych organizacjach zajmuj\u0105cych si\u0119 przemieszczaniem: <strong>Tak<\/strong>patrz wy\u017cej.<\/li>\n<li> Lista klient\u00f3w i\/lub referencje poprzednich klient\u00f3w: <strong>Niekt\u00f3rzy,<\/strong> na swojej stronie internetowej posiadaj\u0105 wybrane referencje i og\u00f3lnie pozytywne opinie na innych stronach internetowych.<\/li>\n<\/ol>\n<div itemprop=\"reviewRating\" itemscope itemtype=\"http:\/\/schema.org\/Rating\"><meta itemprop=\"worstRating\" content = \"0\" \/><meta itemprop=\"bestRating\" content=\"5\" \/><meta itemprop=\"ratingValue\" content=\"4.5\"><\/div>\n<p><strong>Ocena og\u00f3lna: 4,5\/5<\/strong><br \/>\n<strong>Data przegl\u0105du:<\/strong> <span itemprop=\"datePublished\" content=\"2016-09-03\">03\/09\/2016<\/span>\n<\/div>\n<p>Czytaj wi\u0119cej o <a href=\"https:\/\/moverdb.com\/pl\/przeprowadzki-miedzynarodowe\/\">przeprowadzki mi\u0119dzynarodowe<\/a> i nasze <a href=\"https:\/\/moverdb.com\/pl\/recenzje\/\">proces przegl\u0105du.<\/a>.<\/p>\n<p><strong>Strona internetowa:<\/strong> <a href=\"http:\/\/burkebros.co.uk\/\" target=\"_blank\" rel=\"noopener\">http:\/\/burkebros.co.uk<\/a><\/p>","protected":false},"excerpt":{"rendered":"<p>Burke Bros are worldwide movers, storers, shippers and global relocation experts. Listed below are the services they offer, followed by a company profile and various reviews. Corporate and Personal International Removals Dedicated corporate team Comprehensive door to door service Free moving survey Network of reputable relocation experts world wide Dedicated export packing team International quarantine [&hellip;]<\/p>\n","protected":false},"author":1,"featured_media":0,"parent":0,"menu_order":0,"comment_status":"closed","ping_status":"closed","template":"","meta":{"_genesis_hide_title":false,"_genesis_hide_breadcrumbs":false,"_genesis_hide_singular_image":false,"_genesis_hide_footer_widgets":false,"_genesis_custom_body_class":"","_genesis_custom_post_class":"","_genesis_layout":"","footnotes":""},"class_list":{"0":"post-920","1":"page","2":"type-page","3":"status-publish","5":"entry"},"_links":{"self":[{"href":"https:\/\/moverdb.com\/pl\/wp-json\/wp\/v2\/pages\/920","targetHints":{"allow":["GET"]}}],"collection":[{"href":"https:\/\/moverdb.com\/pl\/wp-json\/wp\/v2\/pages"}],"about":[{"href":"https:\/\/moverdb.com\/pl\/wp-json\/wp\/v2\/types\/page"}],"author":[{"embeddable":true,"href":"https:\/\/moverdb.com\/pl\/wp-json\/wp\/v2\/users\/1"}],"replies":[{"embeddable":true,"href":"https:\/\/moverdb.com\/pl\/wp-json\/wp\/v2\/comments?post=920"}],"version-history":[{"count":5,"href":"https:\/\/moverdb.com\/pl\/wp-json\/wp\/v2\/pages\/920\/revisions"}],"predecessor-version":[{"id":6189,"href":"https:\/\/moverdb.com\/pl\/wp-json\/wp\/v2\/pages\/920\/revisions\/6189"}],"wp:attachment":[{"href":"https:\/\/moverdb.com\/pl\/wp-json\/wp\/v2\/media?parent=920"}],"curies":[{"name":"wp","href":"https:\/\/api.w.org\/{rel}","templated":true}]}}