{"id":908,"date":"2016-10-12T05:28:52","date_gmt":"2016-10-12T05:28:52","guid":{"rendered":"http:\/\/moverdb.com\/?page_id=908"},"modified":"2026-01-08T14:47:34","modified_gmt":"2026-01-08T14:47:34","slug":"arpin-international","status":"publish","type":"page","link":"https:\/\/moverdb.com\/pl\/arpin-international\/","title":{"rendered":"Arpin International: Przeprowadzki i remonty"},"content":{"rendered":"<p>Arpin International jest firm\u0105 o zasi\u0119gu globalnym <a href=\"https:\/\/moverdb.com\/pl\/international-removals\/\" data-internallinksmanager029f6b8e52c=\"27\" title=\"36 najlepszych firm zajmuj\u0105cych si\u0119 przeprowadzkami mi\u0119dzynarodowymi w Wielkiej Brytanii\">przedsi\u0119biorstwo przeprowadzkowe<\/a> oraz z wieloma us\u0142ugami, kt\u00f3re wymieniono poni\u017cej. Zapoznaj si\u0119 tak\u017ce z profilem firmy i jej opiniami. Nale\u017cy pami\u0119ta\u0107, \u017ce jest to mi\u0119dzynarodowy oddzia\u0142 firmy American <a href=\"https:\/\/moverdb.com\/pl\/moving-companies\/\" data-internallinksmanager029f6b8e52c=\"79\" title=\"25 najlepszych firm przeprowadzek mi\u0119dzynarodowych online\">przedsi\u0119biorstwo przeprowadzkowe<\/a> <a href=\"https:\/\/moverdb.com\/pl\/arpin-van-lines\/\">Arpin Van Lines<\/a>.<\/p>\n<p><strong>Przeprowadzki mi\u0119dzynarodowe<\/strong><\/p>\n<ul>\n<li> Us\u0142uga \"od drzwi do drzwi\".<\/li>\n<li> Pakowanie i rozpakowywanie<\/li>\n<li> Dedykowany koordynator ds. przeprowadzek mi\u0119dzynarodowych (IMC)<\/li>\n<li> IMC dost\u0119pny przez ca\u0142y czas pod telefonem, faksem lub poczt\u0105 elektroniczn\u0105<\/li>\n<li> IMC to wszystkie <a href=\"https:\/\/moverdb.com\/pl\/fidi-faim\/\" data-internallinksmanager029f6b8e52c=\"16\" title=\"FIDI i FAIM (FIDI Accredited International Mover) - obja\u015bnienia\">FIDI<\/a> przeszkolony<\/li>\n<li> ArpinTRAC umo\u017cliwia klientom \u015bledzenie przesy\u0142ki 24 godziny na dob\u0119, 7 dni w tygodniu<\/li>\n<li> Przeprowadzki korporacyjne, prywatne, rz\u0105dowe i wojskowe<\/li>\n<li> Odprawa celna<\/li>\n<li> Przenoszenie zwierz\u0105t domowych<\/li>\n<li> Transport samochodowy<\/li>\n<li> Pomoc w znalezieniu domu<\/li>\n<li> Pomoc dla szk\u00f3\u0142<\/li>\n<li> Pomoc medyczna<\/li>\n<\/ul>\n<p><strong>Przechowywanie<\/strong><\/p>\n<ul>\n<li> Mo\u017cliwo\u015b\u0107 magazynowania d\u0142ugo- i kr\u00f3tkoterminowego na ca\u0142ym \u015bwiecie<\/li>\n<li> Monitoring CCTV<\/li>\n<\/ul>\n<h2>Profil firmy Arpin International<\/h2>\n<p>Arpin International jest cz\u0119\u015bci\u0105 Arpin International Group, kt\u00f3rej pocz\u0105tki si\u0119gaj\u0105 1900 roku. Dzisiejszy wiceprezes wykonawczy, Peter Arpin, jest czwartym pokoleniem kieruj\u0105cym t\u0105 firm\u0105. Sama firma Arpin International zosta\u0142a za\u0142o\u017cona w 1989 roku, a jej siedziba znajduje si\u0119 w <a href=\"https:\/\/moverdb.com\/pl\/moving-to-the-united-states\/moving-to-rhode-island\/\" data-internallinksmanager029f6b8e52c=\"450\" title=\"Przeprowadzka na Rhode Island? 2024 Koszty utrzymania i wskaz\u00f3wki dotycz\u0105ce przeprowadzki\">Rhode Island<\/a>, <a href=\"https:\/\/moverdb.com\/pl\/moving-to-the-united-states\/\" data-internallinksmanager029f6b8e52c=\"94\" title=\"Przeprowadzasz si\u0119 do Stan\u00f3w Zjednoczonych? 2026 Koszty \u017cycia i wskaz\u00f3wki dotycz\u0105ce przeprowadzki\">USA<\/a>. <\/p>\n<p>Firma ma 385 agent\u00f3w w USA oraz biura w regionie EMEA i APAC. Kadra kierownicza firmy ma ponad 25-letnie do\u015bwiadczenie w przemieszczaniu os\u00f3b na ca\u0142ym \u015bwiecie.<\/p>\n<p>Wizj\u0105 firmy Arpin International jest zapewnienie klientom najlepszego po\u0142\u0105czenia us\u0142ug i ceny. Wielu pracownik\u00f3w firmy w pewnym okresie swojego \u017cycia by\u0142o emigrantami, dlatego rozumiej\u0105 oni wyzwania, przed jakimi staj\u0105 rodziny przenosz\u0105ce si\u0119 do innego kraju. <\/p>\n<p>Pracownicy Arpin International staraj\u0105 si\u0119 uczyni\u0107 przeprowadzk\u0119 jak najmniej bolesn\u0105, dbaj\u0105c o ma\u0142e i du\u017ce problemy, kt\u00f3re mog\u0105 si\u0119 pojawi\u0107.<\/p>\n<p>Firma utworzy\u0142a Komitet ds. Zr\u00f3wnowa\u017conego Rozwoju, kt\u00f3rego celem jest \"budowanie bardziej ekologicznej przysz\u0142o\u015bci\" dla przysz\u0142ych pokole\u0144. Firma chce odda\u0107 spo\u0142eczno\u015bciom lokalnym, przemys\u0142owi i \u015bwiatu znacznie wi\u0119cej, ni\u017c sama wzi\u0119\u0142a.<\/p>\n<p>Arpin International posiada nast\u0119puj\u0105ce akredytacje i przynale\u017cno\u015bci:<\/p>\n<ul>\n<li> <a href=\"https:\/\/moverdb.com\/pl\/fidi-faim\/\">FIDI<\/a><\/li>\n<li> <a href=\"https:\/\/moverdb.com\/pl\/fidi-faim\/\">FAIM<\/a><\/li>\n<li> <a href=\"https:\/\/moverdb.com\/pl\/british-association-of-removers\/\">Brytyjskie Stowarzyszenie Przeprowadzek<\/a> (<a href=\"https:\/\/moverdb.com\/pl\/british-association-of-removers\/\" data-internallinksmanager029f6b8e52c=\"9\" title=\"Brytyjskie Stowarzyszenie Przeprowadzek (BAR) - obja\u015bnienia\">BAR<\/a>)<\/li>\n<li> <a href=\"https:\/\/moverdb.com\/pl\/jestem\/\">Stowarzyszenie Mi\u0119dzynarodowych Przewo\u017anik\u00f3w Drogowych<\/a> (IMA)<\/li>\n<li> Partnerstwo celno-handlowe na rzecz walki z terroryzmem<\/li>\n<li> <a href=\"https:\/\/moverdb.com\/pl\/lacma\/\">LACMA<\/a><\/li>\n<li> <a href=\"https:\/\/moverdb.com\/pl\/rada-ds-relokacji-pracownikow\/\">\u015awiatowa ERBN<\/a><\/li>\n<li> <a href=\"https:\/\/moverdb.com\/pl\/eura\/\">EuRA<\/a><\/li>\n<\/ul>\n<h2>Arpin International Reviews<\/h2>\n<p><em>W Internecie nie ma \u017cadnych opinii na temat Arpin International, ale mo\u017cna przeczyta\u0107 <a href=\"https:\/\/moverdb.com\/pl\/arpin-van-lines\/\">opinie o Arpin Van Lines tutaj<\/a>.<\/em><\/p>\n<div itemprop=\"review\" itemscope itemtype=\"http:\/\/schema.org\/Review\">\n<span itemprop=\"author\" itemscope=\"\" itemtype=\"http:\/\/schema.org\/Organization\"><span itemprop=\"name\">MoverDB.com<\/span><\/span> Przegl\u0105d stron internetowych dla <span itemprop=\"itemreviewed\" itemscope=\"\" itemtype=\"http:\/\/schema.org\/Brand\"><span itemprop=\"name\">Arpin International<\/span><\/span>:<\/p>\n<ol>\n<li> Przejrzyste dane kontaktowe na stronie internetowej (w tym numer telefonu): <strong>Tak<\/strong><\/li>\n<li> \u0141atwe do uzyskania <a href=\"https:\/\/moverdb.com\/pl\/cytaty\/\">oferty na przeprowadzki mi\u0119dzynarodowe<\/a>? (formularz wniosku o wycen\u0119 online): <strong>Nr<\/strong><\/li>\n<li> Przejrzyste informacje na stronie internetowej: <strong>Nie bardzo<\/strong>Strona internetowa jest powolna i zawiera niewiele informacji.<\/li>\n<li> Cz\u0142onkostwo w uznanych mi\u0119dzynarodowych organizacjach zajmuj\u0105cych si\u0119 przemieszczaniem: <strong>Tak<\/strong><\/li>\n<li> Lista klient\u00f3w i\/lub referencje poprzednich klient\u00f3w: <strong>Nie,<\/strong> i nie znale\u017ali\u015bmy \u017cadnych opinii w Internecie.<\/li>\n<\/ol>\n<div itemprop=\"reviewRating\" itemscope itemtype=\"http:\/\/schema.org\/Rating\"><meta itemprop=\"worstRating\" content = \"0\" \/><meta itemprop=\"bestRating\" content=\"5\" \/><meta itemprop=\"ratingValue\" content=\"4\"><\/div>\n<p><strong>Ocena og\u00f3lna: 4\/5<\/strong> - <em>Nale\u017cy pami\u0119ta\u0107, \u017ce ten wynik odnosi si\u0119 do Arpin Van Lines, poniewa\u017c jest zbyt ma\u0142o informacji, aby dokona\u0107 oddzielnej oceny dla Arpin International. <\/em><br \/>\n<strong>Data przegl\u0105du:<\/strong> <span itemprop=\"datePublished\" content=\"2016-10-12\">12\/10\/16<\/span>\n<\/div>\n<p>Czytaj wi\u0119cej o <a href=\"https:\/\/moverdb.com\/pl\/firmy-przeprowadzkowe\/\" target=\"_blank\" rel=\"noopener\">firmy zajmuj\u0105ce si\u0119 przeprowadzkami mi\u0119dzynarodowymi<\/a>, <a href=\"https:\/\/moverdb.com\/pl\/przeprowadzki-miedzynarodowe\/\">firmy przeprowadzkowe<\/a> i nasze <a href=\"https:\/\/moverdb.com\/pl\/recenzje\/\">proces przegl\u0105du<\/a>.<\/p>\n<p><strong>Strona internetowa:<\/strong> <a href=\"http:\/\/www.arpinintl.com\/\" target=\"_blank\" rel=\"noopener\">http:\/\/www.arpinintl.com\/<\/a><\/p>","protected":false},"excerpt":{"rendered":"<p>Arpin International is a global removals company and with many services which are listed below. Also read their company profile and reviews. Please note that it&#8217;s the international branch of American moving company Arpin Van Lines. International Moves Door to door service Packing and unpacking Dedicated International Move Coordinator (IMC) IMC available by telephone, fax [&hellip;]<\/p>\n","protected":false},"author":1,"featured_media":0,"parent":0,"menu_order":0,"comment_status":"closed","ping_status":"closed","template":"","meta":{"_genesis_hide_title":false,"_genesis_hide_breadcrumbs":false,"_genesis_hide_singular_image":false,"_genesis_hide_footer_widgets":false,"_genesis_custom_body_class":"","_genesis_custom_post_class":"","_genesis_layout":"","footnotes":""},"class_list":{"0":"post-908","1":"page","2":"type-page","3":"status-publish","5":"entry"},"_links":{"self":[{"href":"https:\/\/moverdb.com\/pl\/wp-json\/wp\/v2\/pages\/908","targetHints":{"allow":["GET"]}}],"collection":[{"href":"https:\/\/moverdb.com\/pl\/wp-json\/wp\/v2\/pages"}],"about":[{"href":"https:\/\/moverdb.com\/pl\/wp-json\/wp\/v2\/types\/page"}],"author":[{"embeddable":true,"href":"https:\/\/moverdb.com\/pl\/wp-json\/wp\/v2\/users\/1"}],"replies":[{"embeddable":true,"href":"https:\/\/moverdb.com\/pl\/wp-json\/wp\/v2\/comments?post=908"}],"version-history":[{"count":4,"href":"https:\/\/moverdb.com\/pl\/wp-json\/wp\/v2\/pages\/908\/revisions"}],"predecessor-version":[{"id":6175,"href":"https:\/\/moverdb.com\/pl\/wp-json\/wp\/v2\/pages\/908\/revisions\/6175"}],"wp:attachment":[{"href":"https:\/\/moverdb.com\/pl\/wp-json\/wp\/v2\/media?parent=908"}],"curies":[{"name":"wp","href":"https:\/\/api.w.org\/{rel}","templated":true}]}}