{"id":895,"date":"2016-10-11T05:16:54","date_gmt":"2016-10-11T05:16:54","guid":{"rendered":"http:\/\/moverdb.com\/?page_id=895"},"modified":"2026-01-08T14:48:03","modified_gmt":"2026-01-08T14:48:03","slug":"constantine-moving","status":"publish","type":"page","link":"https:\/\/moverdb.com\/pl\/constantine-moving\/","title":{"rendered":"Constantine Moving: Przeprowadzki mi\u0119dzynarodowe"},"content":{"rendered":"<p>Us\u0142ugi firmy Constantine Moving s\u0105 wymienione poni\u017cej, po czym nast\u0119puje profil firmy i recenzje.<\/p>\n<p><strong>Mi\u0119dzynarodowe przeprowadzki mieszka\u0144<\/strong><\/p>\n<ul>\n<li> Spotkanie przed przeprowadzk\u0105<\/li>\n<li> Bezp\u0142atna wycena, plan i harmonogram przeprowadzki<\/li>\n<li> Wysoce do\u015bwiadczona, profesjonalnie przeszkolona ekipa pakuj\u0105ca<\/li>\n<li> Mo\u017cliwo\u015b\u0107 przechowywania<\/li>\n<li> Transport morski<\/li>\n<li> Wysy\u0142ka drog\u0105 powietrzn\u0105<\/li>\n<li> Transport drogowy<\/li>\n<li> Odprawa celna<\/li>\n<li> Dostawa do nowego miejsca zamieszkania<\/li>\n<li> Rozpakowanie i ponowny monta\u017c mebli<\/li>\n<li> Usuni\u0119cie wszystkich opakowa\u0144 w celu recyklingu<\/li>\n<\/ul>\n<p><strong>Fine Art Moving<\/strong><\/p>\n<ul>\n<li> Projektowanie i wykonywanie futera\u0142\u00f3w na przedmioty o dowolnych wymiarach<\/li>\n<li> Dedykowany koordynator projektu<\/li>\n<li> Specjalistyczne materia\u0142y do pakowania<\/li>\n<li> Profesjonalnie wyszkoleni, do\u015bwiadczeni technicy pakowania<\/li>\n<li> Transport drogowy, lotniczy lub morski<\/li>\n<li> Instaluj wszystko - od ma\u0142ych, delikatnych przedmiot\u00f3w po du\u017ce eksponaty muzealne<\/li>\n<li> Technicy nosz\u0105 sprz\u0119t do przenoszenia, taki jak rusztowania, drabiny itp.<\/li>\n<li> Przechowywanie w \u015brodowisku o kontrolowanej wilgotno\u015bci z ca\u0142odobowym monitoringiem.<\/li>\n<li> Dekanty muzealne<\/li>\n<li> Instalacje w galerii<\/li>\n<li> Przenoszenie ca\u0142ych zbior\u00f3w<\/li>\n<\/ul>\n<p><strong>Przechowywanie<\/strong><\/p>\n<ul>\n<li> Magazyny chronione przez szeroko zakrojone \u015brodki bezpiecze\u0144stwa<\/li>\n<li> \u015arodowisko o kontrolowanej wilgotno\u015bci, chroni\u0105ce przechowywane skarby<\/li>\n<\/ul>\n<p><strong>Us\u0142ugi pomocnicze<\/strong><\/p>\n<ul>\n<li> <a href=\"https:\/\/moverdb.com\/pl\/car-transport-shipping\/\" data-internallinksmanager029f6b8e52c=\"2\" title=\"2026 Mi\u0119dzynarodowy transport samochodowy i wyceny wysy\u0142ki pojazd\u00f3w\">Spedycja samochod\u00f3w<\/a> &amp; Przechowywanie<\/li>\n<li> Transport zwierz\u0105t domowych<\/li>\n<li> z\u0142ota r\u0105czka (demonta\u017c i ponowny monta\u017c specjalistycznych mebli, sprz\u0119tu itp.)<\/li>\n<li> Wieszanie obraz\u00f3w\/instalacja dzie\u0142 sztuki<\/li>\n<li> Skrzyniowanie specjalne (dla przedmiot\u00f3w delikatnych lub o du\u017cej warto\u015bci)<\/li>\n<li> Sprz\u0105tanie domu<\/li>\n<li> Serwis sprz\u0105taj\u0105cy (mycie, odk\u0142adanie <a href=\"https:\/\/moverdb.com\/pl\/moving-to-china\/\" data-internallinksmanager029f6b8e52c=\"357\" title=\"Przeprowadzka do Chin? Koszty \u017cycia i wskaz\u00f3wki dotycz\u0105ce relokacji w 2023 r.\">chiny<\/a>, szk\u0142o, ubrania itp.)<\/li>\n<li> Elektryk lub hydraulik<\/li>\n<li> Od\u0142\u0105czenie i ponowna instalacja anteny telewizji satelitarnej<\/li>\n<li> Specjalistyczny \"bezpieczny\" demonta\u017c<\/li>\n<li> Demonta\u017c i ponowny monta\u017c ram okiennych i drzwiowych<\/li>\n<li> Zewn\u0119trzna winda (specjalistyczny podno\u015bnik) umo\u017cliwiaj\u0105ca dost\u0119p do rezydencji przez g\u00f3rne pi\u0119tra<\/li>\n<li> Wypo\u017cyczalnia mebli<\/li>\n<li> Renowacja i naprawa mebli<\/li>\n<\/ul>\n<h2>Profil firmy Constantine Moving Company<\/h2>\n<p>Grupa Constantine rozpocz\u0119\u0142a dzia\u0142alno\u015b\u0107 w po\u0142owie XIX wieku, kiedy to Joseph Constantine i inni cz\u0142onkowie rodziny kupili firm\u0119 b\u0119d\u0105c\u0105 w\u0142a\u015bcicielem \u017caglowc\u00f3w. Do czasu, gdy para wodna zast\u0105pi\u0142a \u017cagle, Grupa Constantine rozros\u0142a si\u0119 do tego stopnia, \u017ce sta\u0142a si\u0119 jednym z najwi\u0119kszych armator\u00f3w na \u015bwiecie. <a href=\"https:\/\/moverdb.com\/pl\/moving-to-the-uk\/\" data-internallinksmanager029f6b8e52c=\"93\" title=\"Przeprowadzasz si\u0119 do Wielkiej Brytanii? 2026 Koszty \u017cycia i wskaz\u00f3wki dotycz\u0105ce przeprowadzki\">UK<\/a>.<\/p>\n<p>Pierwsza i druga wojna \u015bwiatowa niestety zabra\u0142a ich statki, wi\u0119c grupa zwr\u00f3ci\u0142a si\u0119 w stron\u0119 podr\u00f3\u017cy, <a href=\"https:\/\/moverdb.com\/pl\/spedytor\/\">spedycja<\/a> i inwestowanie w nieruchomo\u015bci. Obecnie Constantine Moving koncentruje si\u0119 na przemieszczaniu ludzi i dzie\u0142 sztuki na ca\u0142ym \u015bwiecie. Firma jest dumna z posiadania Kr\u00f3lewskiego Warrantu Powo\u0142ania w uznaniu zas\u0142ug dla Kr\u00f3lowej El\u017cbiety II.<\/p>\n<p>Afiliacje i akredytacje Constantine Moving:<\/p>\n<ul>\n<li> <a href=\"https:\/\/moverdb.com\/pl\/british-association-of-removers\/\">Brytyjskie Stowarzyszenie Przedsi\u0119biorc\u00f3w Przeprowadzkowych<\/a> (<a href=\"https:\/\/moverdb.com\/pl\/british-association-of-removers\/\" data-internallinksmanager029f6b8e52c=\"9\" title=\"Brytyjskie Stowarzyszenie Przeprowadzek (BAR) - obja\u015bnienia\">BAR<\/a>)<\/li>\n<li> <a href=\"https:\/\/moverdb.com\/pl\/fidi-faim\/\">FIDI<\/a><\/li>\n<li> <a href=\"https:\/\/moverdb.com\/pl\/fidi-faim\/\">FAIM<\/a><\/li>\n<li> Instytut Standard\u00f3w Handlu (TSI)<\/li>\n<li> <a href=\"https:\/\/moverdb.com\/pl\/jestem\/\">Mi\u0119dzynarodowe Stowarzyszenie Przewo\u017anik\u00f3w<\/a> (<a href=\"https:\/\/moverdb.com\/pl\/iam\/\" data-internallinksmanager029f6b8e52c=\"23\" title=\"Mi\u0119dzynarodowe Stowarzyszenie Przewo\u017anik\u00f3w (IAM) - obja\u015bnienia\">IAM<\/a>)<\/li>\n<li> Mi\u0119dzynarodowe Spotkanie Artyst\u00f3w Przewo\u017anik\u00f3w (ARTIM)<\/li>\n<li> Z nominacji Jej Kr\u00f3lewskiej Mo\u015bci<\/li>\n<\/ul>\n<h2>Constantine Moving Reviews<\/h2>\n<p><em>Obecnie nie ma \u017cadnych pozytywnych ani negatywnych opinii na temat Constantine Moving online.<\/em><\/p>\n<div itemprop=\"review\" itemscope itemtype=\"http:\/\/schema.org\/Review\">\n<span itemprop=\"author\" itemscope=\"\" itemtype=\"http:\/\/schema.org\/Organization\"><span itemprop=\"name\">MoverDB.com<\/span><\/span> Przegl\u0105d stron internetowych dla <span itemprop=\"itemreviewed\" itemscope=\"\" itemtype=\"http:\/\/schema.org\/Brand\"><span itemprop=\"name\">Przeprowadzki w Konstancinie<\/span><\/span>:<\/p>\n<ol>\n<li> Przejrzyste dane kontaktowe na stronie internetowej (w tym numer telefonu): <strong>Tak<\/strong><\/li>\n<li> \u0141atwe do uzyskania <a href=\"https:\/\/moverdb.com\/pl\/cytaty\/\">oferty na przeprowadzki mi\u0119dzynarodowe<\/a>? (formularz wniosku o wycen\u0119 online): <strong>Nr<\/strong><\/li>\n<li> Przejrzyste informacje na stronie internetowej: <strong>Niekt\u00f3rzy,<\/strong> Strona internetowa nie zawiera zbyt wielu szczeg\u00f3\u0142owych informacji. Jest ona dostarczana na etapie planowania.<\/li>\n<li> Cz\u0142onkostwo w uznanych mi\u0119dzynarodowych organizacjach zajmuj\u0105cych si\u0119 przemieszczaniem: <strong>Tak<\/strong>patrz wy\u017cej.<\/li>\n<li> Lista klient\u00f3w i\/lub referencje poprzednich klient\u00f3w: <strong>Nr<\/strong>W\u015br\u00f3d ich klient\u00f3w s\u0105 kr\u00f3lowa El\u017cbieta II i rodzina kr\u00f3lewska.<\/li>\n<\/ol>\n<div itemprop=\"reviewRating\" itemscope itemtype=\"http:\/\/schema.org\/Rating\"><meta itemprop=\"worstRating\" content = \"0\" \/><meta itemprop=\"bestRating\" content=\"5\" \/><meta itemprop=\"ratingValue\" content=\"4\"><\/div>\n<p><strong>Ocena og\u00f3lna: 4\/5<\/strong><br \/>\n<strong>Data przegl\u0105du:<\/strong> <span itemprop=\"datePublished\" content=\"2016-10-11\">11\/10\/16<\/span>\n<\/div>\n<p>Przeczytaj wi\u0119cej o <a href=\"https:\/\/moverdb.com\/pl\/przeprowadzki-miedzynarodowe\/\">firmy zajmuj\u0105ce si\u0119 przeprowadzkami mi\u0119dzynarodowymi<\/a> i nasze <a href=\"https:\/\/moverdb.com\/pl\/recenzje\/\">proces przegl\u0105du<\/a>.<\/p>\n<p><strong>Strona internetowa:<\/strong> <a href=\"http:\/\/www.constantinemoving.com\/\" target=\"_blank\" rel=\"noopener\">http:\/\/www.constantinemoving.com\/<\/a><\/p>","protected":false},"excerpt":{"rendered":"<p>The services of Constantine Moving are listed below, following by a company profile and reviews. International Home Moving Pre-move appointment Free quote, move plan and timetable Highly experienced professionally trained packing crew Storage available Sea shipment Air shipment Road transportation Customs clearance Delivery to new home Unpacking and reassembling of furniture Removal of all packing [&hellip;]<\/p>\n","protected":false},"author":1,"featured_media":0,"parent":0,"menu_order":0,"comment_status":"closed","ping_status":"closed","template":"","meta":{"_genesis_hide_title":false,"_genesis_hide_breadcrumbs":false,"_genesis_hide_singular_image":false,"_genesis_hide_footer_widgets":false,"_genesis_custom_body_class":"","_genesis_custom_post_class":"","_genesis_layout":"","footnotes":""},"class_list":{"0":"post-895","1":"page","2":"type-page","3":"status-publish","5":"entry"},"_links":{"self":[{"href":"https:\/\/moverdb.com\/pl\/wp-json\/wp\/v2\/pages\/895","targetHints":{"allow":["GET"]}}],"collection":[{"href":"https:\/\/moverdb.com\/pl\/wp-json\/wp\/v2\/pages"}],"about":[{"href":"https:\/\/moverdb.com\/pl\/wp-json\/wp\/v2\/types\/page"}],"author":[{"embeddable":true,"href":"https:\/\/moverdb.com\/pl\/wp-json\/wp\/v2\/users\/1"}],"replies":[{"embeddable":true,"href":"https:\/\/moverdb.com\/pl\/wp-json\/wp\/v2\/comments?post=895"}],"version-history":[{"count":3,"href":"https:\/\/moverdb.com\/pl\/wp-json\/wp\/v2\/pages\/895\/revisions"}],"predecessor-version":[{"id":6195,"href":"https:\/\/moverdb.com\/pl\/wp-json\/wp\/v2\/pages\/895\/revisions\/6195"}],"wp:attachment":[{"href":"https:\/\/moverdb.com\/pl\/wp-json\/wp\/v2\/media?parent=895"}],"curies":[{"name":"wp","href":"https:\/\/api.w.org\/{rel}","templated":true}]}}