{"id":893,"date":"2016-09-28T05:29:53","date_gmt":"2016-09-28T05:29:53","guid":{"rendered":"http:\/\/moverdb.com\/?page_id=893"},"modified":"2026-01-08T14:40:01","modified_gmt":"2026-01-08T14:40:01","slug":"john-mason","status":"publish","type":"page","link":"https:\/\/moverdb.com\/pl\/john-mason\/","title":{"rendered":"John Mason International Movers: Przeprowadzki Opinie"},"content":{"rendered":"<p>John Mason International Movers oferuje klientom r\u00f3\u017cne us\u0142ugi przeprowadzkowe, kt\u00f3re zosta\u0142y wymienione poni\u017cej. Znajduje si\u0119 tam r\u00f3wnie\u017c profil firmy i recenzje.<\/p>\n<p><strong><a href=\"https:\/\/moverdb.com\/pl\/container-shipping\/\" data-internallinksmanager029f6b8e52c=\"3\" title=\"Wykres stawek mi\u0119dzynarodowego transportu kontenerowego: Kwiecie\u0144 2026 r.\">Wysy\u0142ka mi\u0119dzynarodowa<\/a> Us\u0142ugi - do i z <a href=\"https:\/\/moverdb.com\/pl\/moving-to-the-uk\/\" data-internallinksmanager029f6b8e52c=\"93\" title=\"Przeprowadzasz si\u0119 do Wielkiej Brytanii? 2026 Koszty \u017cycia i wskaz\u00f3wki dotycz\u0105ce przeprowadzki\">UK<\/a><\/strong><\/p>\n<ul>\n<li> Us\u0142uga \"od drzwi do drzwi\".<\/li>\n<li> Dedykowany kierownik przeprowadzki<\/li>\n<li> Profesjonalne pakowanie eksportowe w domu<\/li>\n<li> Wysy\u0142ka drog\u0105 lotnicz\u0105 lub morsk\u0105<\/li>\n<li> <a href=\"https:\/\/moverdb.com\/pl\/przeladunek-w-kontenerach\/\">Za\u0142adunek ca\u0142ego kontenera lub kontenera dzielonego<\/a><\/li>\n<li> Us\u0142uga baga\u017cowa dla pojedynczych sztuk<\/li>\n<li> Sie\u0107 profesjonalnych agent\u00f3w na ca\u0142ym \u015bwiecie<\/li>\n<li> Odprawa celna<\/li>\n<li> Dostawa i rozpakowanie w nowym domu<\/li>\n<li> Sk\u0142adowanie w miejscu pochodzenia i przeznaczenia<\/li>\n<li> Ubezpieczenie morskie od wszelkiego ryzyka<\/li>\n<li> Us\u0142ugi pokoj\u00f3wek i z\u0142ota r\u0105czka<\/li>\n<\/ul>\n<p><strong>Us\u0142ugi w zakresie relokacji mi\u0119dzynarodowej<\/strong><\/p>\n<ul>\n<li> Pomoc w sprzeda\u017cy domu<\/li>\n<li> Us\u0142uga wyjazdowa - uporz\u0105dkowanie wszelkich spraw, np. drobnych napraw i sprz\u0105tania<\/li>\n<li> Zarz\u0105dzanie przeniesieniem<\/li>\n<li> Wycieczki orientacyjne - w tym ogl\u0105danie nieruchomo\u015bci i szk\u00f3\u0142<\/li>\n<li> Szkolenia kulturowe i j\u0119zykowe<\/li>\n<li> Osiedlenie si\u0119 - otwarcie kont bankowych, rejestracja u lekarza i dentysty oraz wiele innych zada\u0144 u\u0142atwiaj\u0105cych \u017cycie<\/li>\n<li> Przenoszenie zwierz\u0105t domowych<\/li>\n<\/ul>\n<p><strong>Europejski transport i przeprowadzki<\/strong><\/p>\n<ul>\n<li> Specjalnie skonstruowana europejska flota pojazd\u00f3w<\/li>\n<li> Dedykowani kierownicy przeprowadzek<\/li>\n<li> Us\u0142uga \"od drzwi do drzwi\".<\/li>\n<li> Us\u0142uga dedykowana - pojazd b\u0119dzie zawiera\u0142 towary jednej osoby\/firmy<\/li>\n<li> Obs\u0142uga przy obci\u0105\u017ceniu cz\u0119\u015bciowym<\/li>\n<li> Opcje pakowania - w\u0142a\u015bciciel zapakowany, wybrane przedmioty profesjonalnie zapakowane, pe\u0142ne profesjonalne pakowanie<\/li>\n<li> W stosownych przypadkach pomoc w zakresie ce\u0142 i akcyzy<\/li>\n<li> Przechowywanie <\/li>\n<li> Ubezpieczenia<\/li>\n<li> Mo\u017cliwo\u015b\u0107 zorganizowania frachtu lotniczego<\/li>\n<\/ul>\n<p><strong>Us\u0142ugi spedycji handlowej<\/strong><\/p>\n<ul>\n<li> Fracht lotniczy<\/li>\n<li> FCL<\/li>\n<li> LCL<\/li>\n<li> Groupage<\/li>\n<li> Europejskie us\u0142ugi drogowe<\/li>\n<\/ul>\n<p><strong>Us\u0142ugi magazynowania<\/strong><\/p>\n<ul>\n<li> Przechowywanie archiw\u00f3w<\/li>\n<li> Przechowywanie \u0142odzi<\/li>\n<li> Przechowywanie przyczep kempingowych<\/li>\n<li> Magazyn komercyjny<\/li>\n<li> Przechowywanie w gospodarstwie domowym<\/li>\n<li> Przechowywanie motocykli<\/li>\n<li> Magazynowanie samodzielne<\/li>\n<li> Przechowywanie uczni\u00f3w<\/li>\n<li> Przechowywanie pojazd\u00f3w<\/li>\n<\/ul>\n<h2>Profil firmy John Mason International Movers<\/h2>\n<p>Firma John Mason International Movers zosta\u0142a za\u0142o\u017cona przez Mary Mason w 1884 roku. W 1887 roku do\u0142\u0105czy\u0142 do niej syn, John Mason, kiedy ich g\u0142\u00f3wnym zaj\u0119ciem by\u0142o przenoszenie w\u0119gla. John Mason przej\u0105\u0142 firm\u0119 od swojej matki w 1890 r. i rozpocz\u0105\u0142 dzia\u0142alno\u015b\u0107 w zakresie og\u00f3lnego przewozu i transportu. <a href=\"https:\/\/moverdb.com\/pl\/moving-companies\/\" data-internallinksmanager029f6b8e52c=\"79\" title=\"25 najlepszych firm przeprowadzek mi\u0119dzynarodowych online\">przedsi\u0119biorstwo przeprowadzkowe<\/a>. Firma nadal si\u0119 rozwija\u0142a i prosperowa\u0142a, a w 1955 roku rozpocz\u0119\u0142a codzienn\u0105 us\u0142ug\u0119 przeprowadzek do <a href=\"https:\/\/moverdb.com\/pl\/moving-to-ireland\/\" data-internallinksmanager029f6b8e52c=\"320\" title=\"Przeprowadzka do Irlandii? Koszty \u017cycia i wskaz\u00f3wki dotycz\u0105ce relokacji w 2023 r.\">Irlandia<\/a>. <\/p>\n<p>Firma John Mason stale si\u0119 rozwija i obecnie wykonuje rocznie \u015brednio 8000 przeprowadzek na ca\u0142ym \u015bwiecie. Przeprowadzki mi\u0119dzynarodowe, przeprowadzki firm i przedsi\u0119biorstw oraz przeprowadzki domowe i magazynowanie stanowi\u0105 podstaw\u0119 tej rodzinnej firmy. Wizj\u0105 firmy jest oferowanie w pe\u0142ni elastycznych us\u0142ug przeprowadzkowych z naciskiem na warto\u015bci rodzinne i uczciwo\u015b\u0107.<\/p>\n<p>Przynale\u017cno\u015b\u0107 i akredytacje Johna Masona:<\/p>\n<ul>\n<li> <a href=\"https:\/\/moverdb.com\/pl\/british-association-of-removers\/\">Brytyjskie Stowarzyszenie Przedsi\u0119biorc\u00f3w Przeprowadzkowych<\/a> (<a href=\"https:\/\/moverdb.com\/pl\/british-association-of-removers\/\" data-internallinksmanager029f6b8e52c=\"9\" title=\"Brytyjskie Stowarzyszenie Przeprowadzek (BAR) - obja\u015bnienia\">BAR<\/a>)<\/li>\n<li> <a href=\"https:\/\/moverdb.com\/pl\/bar-overseas\/\">Brytyjskie Stowarzyszenie Przedsi\u0119biorstw Przeprowadzkowych Overseas Remover<\/a><\/li>\n<li> Mi\u0119dzynarodowa Sie\u0107 Przemieszcze\u0144 Zamorskich (OMNI)<\/li>\n<li> <a href=\"https:\/\/moverdb.com\/pl\/fidi-faim\/\">Mi\u0119dzynarodowa Federacja Mi\u0119dzynarodowych Przewo\u017anik\u00f3w Drogowych<\/a> (<a href=\"https:\/\/moverdb.com\/pl\/fidi-faim\/\" data-internallinksmanager029f6b8e52c=\"16\" title=\"FIDI i FAIM (FIDI Accredited International Mover) - obja\u015bnienia\">FIDI<\/a>)<\/li>\n<li> <a href=\"https:\/\/moverdb.com\/pl\/fidi-faim\/\">FAIM<\/a><\/li>\n<li> <a href=\"https:\/\/moverdb.com\/pl\/mtc\/\">Movers Trading Club<\/a> (<a href=\"https:\/\/moverdb.com\/pl\/mtc\/\" data-internallinksmanager029f6b8e52c=\"30\" title=\"Movers Trading Club (MTC) - obja\u015bnienia\">MTC<\/a>)<\/li>\n<li> Instytut Standard\u00f3w Handlu<\/li>\n<li> <a href=\"https:\/\/moverdb.com\/pl\/lacma\/\">Stowarzyszenie Przewo\u017anik\u00f3w Mi\u0119dzynarodowych Ameryki \u0141aci\u0144skiej i Karaib\u00f3w<\/a> (<a href=\"https:\/\/moverdb.com\/pl\/lacma\/\" data-internallinksmanager029f6b8e52c=\"28\" title=\"Stowarzyszenie Przewo\u017anik\u00f3w Mi\u0119dzynarodowych Ameryki \u0141aci\u0144skiej i Karaib\u00f3w (LACMA)\">LACMA<\/a>)<\/li>\n<\/ul>\n<h2>John Mason International Movers Reviews<\/h2>\n<p><strong>Pozytywne<\/strong><\/p>\n<ul>\n<li> <em>\"Ca\u0142e moje do\u015bwiadczenie z firm\u0105 John Mason by\u0142o bardzo dobre, od zlecenia Tony'emu przegl\u0105du do dzisiaj, kiedy kontener jest pakowany, zdecydowanie polec\u0119 firm\u0119 John Mason do \u015bwiadczenia us\u0142ug przeprowadzkowych\".<\/em> - M.H. South Shields od <a href=\"http:\/\/www.johnmason.com\/about-us\/\" target=\"_blank\" rel=\"noopener\">Strona internetowa Johna Masona<\/a>.<\/li>\n<li> <em>\"Zesp\u00f3\u0142 John Masons by\u0142 dla mnie wyj\u0105tkowy. Pocz\u0105wszy od wizyty w domu, cz\u0119stych aktualizacji, po pracownik\u00f3w przeprowadzki - wszyscy byli fantastyczni.\"<\/em> - Jaclyn via <a href=\"https:\/\/www.facebook.com\/johnmasoninternational\/reviews\/\" target=\"_blank\" rel=\"noopener\">Recenzja na Facebooku<\/a><\/li>\n<li><em>\"Przeprowadzali\u015bmy tak\u0105 sam\u0105 przeprowadzk\u0119 3 miesi\u0105ce temu, korzystali\u015bmy z us\u0142ug firmy John Masons, kt\u00f3ra zajmowa\u0142a si\u0119 przeprowadzkami mi\u0119dzynarodowymi. Oni r\u00f3wnie\u017c zaj\u0119li si\u0119 pakowaniem i rozpakowywaniem. Nie mog\u0119 ich poleci\u0107 wystarczaj\u0105co wysoko, ani jedna rzecz nie zosta\u0142a uszkodzona lub zgubiona.\"<\/em> - przez <a href=\"http:\/\/www.mumsnet.com\/Talk\/living_overseas\/1535416-Shipping-to-Australia\" target=\"_blank\" rel=\"noopener\">Mumsnet<\/a><\/li>\n<\/ul>\n<p><strong>Negatywny<\/strong><\/p>\n<p>Tylko <strong>6%<\/strong> ich recenzje na Trustpilot maj\u0105 1 lub 2 gwiazdki w por\u00f3wnaniu z <strong>93%<\/strong> kt\u00f3re maj\u0105 4 lub 5 gwiazdek. Mo\u017cesz przeczyta\u0107 wszystkie te recenzje <a href=\"https:\/\/uk.trustpilot.com\/review\/www.johnmason.com\" rel=\"noopener\" target=\"_blank\">tutaj<\/a>.  <\/p>\n<div itemprop=\"review\" itemscope itemtype=\"http:\/\/schema.org\/Review\">\n<span itemprop=\"author\" itemscope=\"\" itemtype=\"http:\/\/schema.org\/Organization\"><span itemprop=\"name\">MoverDB.com<\/span><\/span> Przegl\u0105d stron internetowych dla <span itemprop=\"itemreviewed\" itemscope=\"\" itemtype=\"http:\/\/schema.org\/Brand\"><span itemprop=\"name\">John Mason Przeprowadzki mi\u0119dzynarodowe<\/span><\/span>:<\/p>\n<ol>\n<li> Przejrzyste dane kontaktowe na stronie internetowej (w tym numer telefonu): <strong>Tak<\/strong><\/li>\n<li> \u0141atwe do uzyskania <a href=\"https:\/\/moverdb.com\/pl\/cytaty\/\">oferty na przeprowadzki mi\u0119dzynarodowe<\/a>? (formularz wniosku o wycen\u0119 online): <strong>Tak<\/strong><\/li>\n<li> Przejrzyste informacje na stronie internetowej: <strong>Tak,<\/strong> Strona internetowa jest do\u015b\u0107 obszerna, jednak bardziej szczeg\u00f3\u0142owe informacje b\u0119d\u0105 udzielane na \u017cyczenie.<\/li>\n<li> Cz\u0142onkostwo w mi\u0119dzynarodowych uznanych organizacjach zajmuj\u0105cych si\u0119 przemieszczaniem: <strong>Tak<\/strong>patrz wy\u017cej.<\/li>\n<li> Lista klient\u00f3w i\/lub referencje poprzednich klient\u00f3w: <strong>Niekt\u00f3rzy,<\/strong> Na dole ka\u017cdej strony znajduj\u0105 si\u0119 opinie klient\u00f3w, ale nie ma dla nich dedykowanej strony. Co wi\u0119cej, cho\u0107 w sieci mo\u017cna znale\u017a\u0107 g\u0142\u00f3wnie pozytywne opinie, jest te\u017c kilka negatywnych.<\/li>\n<\/ol>\n<div itemprop=\"reviewRating\" itemscope itemtype=\"http:\/\/schema.org\/Rating\"><meta itemprop=\"worstRating\" content = \"0\" \/><meta itemprop=\"bestRating\" content=\"5\" \/><meta itemprop=\"ratingValue\" content=\"4\"><\/div>\n<p><strong>Ocena og\u00f3lna: 4\/5<\/strong><br \/>\n<strong>Data przegl\u0105du:<\/strong> <span itemprop=\"datePublished\" content=\"2019-01-18\">18\/01\/2019<\/span>\n<\/div>\n<p>Czytaj wi\u0119cej o <a href=\"https:\/\/moverdb.com\/pl\/przeprowadzki-miedzynarodowe\/\">firmy zajmuj\u0105ce si\u0119 przeprowadzkami mi\u0119dzynarodowymi<\/a> i nasze <a href=\"https:\/\/moverdb.com\/pl\/recenzje\/\">proces przegl\u0105du<\/a>.<\/p>\n<p><strong>Strona internetowa:<\/strong> <a href=\"http:\/\/www.johnmason.com\/\" target=\"_blank\" rel=\"noopener\">http:\/\/www.johnmason.com\/<\/a><\/p>","protected":false},"excerpt":{"rendered":"<p>John Mason International Movers offers clients various removal services which are listed below. There also follows a company profile and reviews. International Shipping Services &#8211; To and From the UK Door to door service Dedicated move manager Professional export packing at home Shipping by air or sea Full container load or shared container Baggage service [&hellip;]<\/p>\n","protected":false},"author":1,"featured_media":0,"parent":0,"menu_order":0,"comment_status":"closed","ping_status":"closed","template":"","meta":{"_genesis_hide_title":false,"_genesis_hide_breadcrumbs":false,"_genesis_hide_singular_image":false,"_genesis_hide_footer_widgets":false,"_genesis_custom_body_class":"","_genesis_custom_post_class":"","_genesis_layout":"","footnotes":""},"class_list":{"0":"post-893","1":"page","2":"type-page","3":"status-publish","5":"entry"},"_links":{"self":[{"href":"https:\/\/moverdb.com\/pl\/wp-json\/wp\/v2\/pages\/893","targetHints":{"allow":["GET"]}}],"collection":[{"href":"https:\/\/moverdb.com\/pl\/wp-json\/wp\/v2\/pages"}],"about":[{"href":"https:\/\/moverdb.com\/pl\/wp-json\/wp\/v2\/types\/page"}],"author":[{"embeddable":true,"href":"https:\/\/moverdb.com\/pl\/wp-json\/wp\/v2\/users\/1"}],"replies":[{"embeddable":true,"href":"https:\/\/moverdb.com\/pl\/wp-json\/wp\/v2\/comments?post=893"}],"version-history":[{"count":8,"href":"https:\/\/moverdb.com\/pl\/wp-json\/wp\/v2\/pages\/893\/revisions"}],"predecessor-version":[{"id":13168,"href":"https:\/\/moverdb.com\/pl\/wp-json\/wp\/v2\/pages\/893\/revisions\/13168"}],"wp:attachment":[{"href":"https:\/\/moverdb.com\/pl\/wp-json\/wp\/v2\/media?parent=893"}],"curies":[{"name":"wp","href":"https:\/\/api.w.org\/{rel}","templated":true}]}}