{"id":892,"date":"2016-10-03T05:36:50","date_gmt":"2016-10-03T05:36:50","guid":{"rendered":"http:\/\/moverdb.com\/?page_id=892"},"modified":"2026-01-08T14:48:20","modified_gmt":"2026-01-08T14:48:20","slug":"fn-removals","status":"publish","type":"page","link":"https:\/\/moverdb.com\/pl\/fn-removals\/","title":{"rendered":"F&amp;N Og\u00f3lno\u015bwiatowe Przeprowadzki: Przeprowadzki mi\u0119dzynarodowe"},"content":{"rendered":"<p>Poni\u017cej wymieniono us\u0142ugi firmy F&amp;N Worldwide Removals wraz z jej profilem i opiniami.<\/p>\n<p><strong>Przeprowadzki mi\u0119dzynarodowe i europejskie<\/strong><\/p>\n<ul>\n<li> Us\u0142uga \"od drzwi do drzwi\".<\/li>\n<li> Fachowe pakowanie<\/li>\n<li> W razie potrzeby skrzynie wykonane na zam\u00f3wienie<\/li>\n<li> Przechowywanie w razie potrzeby<\/li>\n<li> Organizowanie transportu drog\u0105 l\u0105dow\u0105, morsk\u0105 lub powietrzn\u0105<\/li>\n<li> Uporz\u0105dkuj stron\u0119 <a href=\"https:\/\/moverdb.com\/pl\/samochod-transport-wysylka\/\">wysy\u0142ka pojazd\u00f3w<\/a><\/li>\n<li> Rozpakowanie po przybyciu do miejsca przeznaczenia<\/li>\n<li> Eksperci dost\u0119pni w. <a href=\"https:\/\/moverdb.com\/pl\/moving-to-the-uk\/\" data-internallinksmanager029f6b8e52c=\"93\" title=\"Przeprowadzasz si\u0119 do Wielkiej Brytanii? 2026 Koszty \u017cycia i wskaz\u00f3wki dotycz\u0105ce przeprowadzki\">UK<\/a> i kraj przeznaczenia<\/li>\n<li> Wsp\u00f3\u0142praca z urz\u0119dami celnymi i firmami spedycyjnymi<\/li>\n<li> Ubezpieczenie zorganizowane<\/li>\n<li> Zorganizuj transport z miejsca przeznaczenia <a href=\"https:\/\/moverdb.com\/pl\/top-49-container-ports\/\" data-internallinksmanager029f6b8e52c=\"80\" title=\"49 najwi\u0119kszych i najbardziej ruchliwych port\u00f3w kontenerowych w 2025 r.\">port<\/a><\/li>\n<\/ul>\n<p><strong>Mi\u0119dzynarodowe przenoszenie firm<\/strong><\/p>\n<ul>\n<li> Wizyta kontrolna w celu om\u00f3wienia logistyki<\/li>\n<li> Us\u0142uga \"od drzwi do drzwi\".<\/li>\n<li> Profesjonalne pakowanie i rozpakowywanie<\/li>\n<li> <a href=\"https:\/\/moverdb.com\/pl\/car-transport-shipping\/\" data-internallinksmanager029f6b8e52c=\"2\" title=\"2026 Mi\u0119dzynarodowy transport samochodowy i wyceny wysy\u0142ki pojazd\u00f3w\">Spedycja pojazd\u00f3w<\/a><\/li>\n<li> Us\u0142ugi informatyczne w zakresie demonta\u017cu i ponownego monta\u017cu sieci komputerowych<\/li>\n<li> Organizowanie poszukiwa\u0144 szk\u00f3\u0142 i dom\u00f3w dla pracownik\u00f3w<\/li>\n<li> Wynajem mebli<\/li>\n<li> Imprezy w klubach dla ekspat\u00f3w<\/li>\n<li> Spotkania z aklimatyzacj\u0105 kulturow\u0105<\/li>\n<li> za\u0142atwianie spraw celnych i <a href=\"https:\/\/moverdb.com\/pl\/firmy-spedycyjne\/\">przedsi\u0119biorstwa \u017ceglugowe<\/a><\/li>\n<li> Ustalone ubezpieczenie<\/li>\n<li> Transport z portu docelowego<\/li>\n<\/ul>\n<p><strong>Przeprowadzki w Wielkiej Brytanii<\/strong><\/p>\n<ul>\n<li> 25 nowoczesnych pojazd\u00f3w ruchomych<\/li>\n<li> Us\u0142uga \"od drzwi do drzwi\".<\/li>\n<li> Profesjonalne pakowanie i rozpakowywanie w razie potrzeby<\/li>\n<li> Dost\u0119pne s\u0105 pude\u0142ka i materia\u0142y do pakowania<\/li>\n<li> Przechowywanie w razie potrzeby<\/li>\n<li> Ubezpieczenie<\/li>\n<\/ul>\n<p><strong>Przechowywanie<\/strong><\/p>\n<ul>\n<li> Magazyn samoobs\u0142ugowy z ca\u0142odobowym dost\u0119pem i monitoringiem CCTV<\/li>\n<li> Przechowywanie dokument\u00f3w i archiw\u00f3w<\/li>\n<li> D\u0142ugoterminowe sk\u0142adowanie w kontenerach<\/li>\n<\/ul>\n<h2>Profil firmy F&amp;N Worldwide Removals<\/h2>\n<p>Firma F&amp;N Worldwide Removals rozpocz\u0119\u0142a dzia\u0142alno\u015b\u0107 w 1980 roku w Berlinie, a wkr\u00f3tce potem przenios\u0142a si\u0119 do Anglii. Pocz\u0105tkowo F&amp;N zajmowa\u0142a si\u0119 przeprowadzkami wojskowymi, a nast\u0119pnie stopniowo wesz\u0142a na rynek przeprowadzek w Wielkiej Brytanii. Firma rozszerzy\u0142a swoj\u0105 dzia\u0142alno\u015b\u0107 i zaj\u0119\u0142a si\u0119 przeprowadzkami prywatnymi i handlowymi w Europie. Firma nadal si\u0119 rozwija\u0142a, wprowadzaj\u0105c do swojej oferty magazyny samoobs\u0142ugowe, przeprowadzki biur i dzia\u0142 importu.<\/p>\n<p>Firma F&amp;N Worldwide Removals zajmuje si\u0119 obecnie przeprowadzkami os\u00f3b, firm i towar\u00f3w na ca\u0142ym \u015bwiecie. Firma jest bardzo zaanga\u017cowana w ochron\u0119 \u015brodowiska poprzez wdra\u017canie wielu ekologicznych inicjatyw. Mocno wierzy w doskona\u0142\u0105 obs\u0142ug\u0119 klienta i jego zadowolenie.<\/p>\n<p>F&amp;N Worldwide Removals Afiliacje i akredytacje:<\/p>\n<ul>\n<li> <a href=\"https:\/\/moverdb.com\/pl\/british-association-of-removers\/\">Brytyjskie Stowarzyszenie Przedsi\u0119biorc\u00f3w Przeprowadzkowych<\/a> (<a href=\"https:\/\/moverdb.com\/pl\/british-association-of-removers\/\" data-internallinksmanager029f6b8e52c=\"9\" title=\"Brytyjskie Stowarzyszenie Przeprowadzek (BAR) - obja\u015bnienia\">BAR<\/a>)<\/li>\n<li> <a href=\"https:\/\/moverdb.com\/pl\/fidi-faim\/\">FIDI<\/a><\/li>\n<li> <a href=\"https:\/\/moverdb.com\/pl\/fidi-faim\/\">FAIM<\/a><\/li>\n<li> <a href=\"https:\/\/moverdb.com\/pl\/jestem\/\">Mi\u0119dzynarodowe Stowarzyszenie Przewo\u017anik\u00f3w<\/a> (<a href=\"https:\/\/moverdb.com\/pl\/iam\/\" data-internallinksmanager029f6b8e52c=\"23\" title=\"Mi\u0119dzynarodowe Stowarzyszenie Przewo\u017anik\u00f3w (IAM) - obja\u015bnienia\">IAM<\/a>)<\/li>\n<li> <a href=\"https:\/\/moverdb.com\/pl\/fedemac\/\">Federacja Europejskiego Stowarzyszenia Przewo\u017anik\u00f3w<\/a> (<a href=\"https:\/\/moverdb.com\/pl\/fedemac\/\" data-internallinksmanager029f6b8e52c=\"15\" title=\"Federacja Europejskiego Stowarzyszenia Przewo\u017anik\u00f3w (FEDEMAC) - wyja\u015bnienie\">FEDEMAC<\/a>)<\/li>\n<li> Eurovan<\/li>\n<li> Instytut Standard\u00f3w Handlu<\/li>\n<li> <a href=\"https:\/\/moverdb.com\/pl\/hgfaa\/\">Ameryka\u0144skie Stowarzyszenie Spedytor\u00f3w Artyku\u0142\u00f3w Gospodarstwa Domowego<\/a> (HHGFAA)<\/li>\n<li> Standard us\u0142ug gwarantowanej jako\u015bci - przeprowadzki mebli domowych<\/li>\n<\/ul>\n<p><strong>F&amp;N Worldwide Removals Reviews<\/strong><\/p>\n<p><strong>Pozytywne<\/strong><\/p>\n<ul>\n<li> <em>\"Chcia\u0142bym tylko powiedzie\u0107, jak\u0105 pierwszorz\u0119dn\u0105 prac\u0119 wykonali\u015bcie dla <a href=\"https:\/\/moverdb.com\/pl\/moving-to-the-united-states\/\" data-internallinksmanager029f6b8e52c=\"94\" title=\"Przeprowadzasz si\u0119 do Stan\u00f3w Zjednoczonych? 2026 Koszty \u017cycia i wskaz\u00f3wki dotycz\u0105ce przeprowadzki\">nas<\/a> od pocz\u0105tku do ko\u0144ca. Prosz\u0119 podzi\u0119kowa\u0107 wszystkim zainteresowanym...\"<\/em> - Peter Hollingsworth via <a href=\"http:\/\/www.fnworldwide.com\/testimonials\/\" target=\"_blank\" rel=\"noopener\">strona z opiniami klient\u00f3w<\/a><\/li>\n<li> <em>\"Szuka\u0142em <a href=\"https:\/\/moverdb.com\/pl\/international-removals\/\" data-internallinksmanager029f6b8e52c=\"27\" title=\"36 najlepszych firm zajmuj\u0105cych si\u0119 przeprowadzkami mi\u0119dzynarodowymi w Wielkiej Brytanii\">przedsi\u0119biorstwo przeprowadzkowe<\/a> kt\u00f3re mog\u0119 wykorzysta\u0107 do pracy, kt\u00f3r\u0105 mam w najbli\u017cszym czasie i znalaz\u0142em FN Worldwide Logistics Ltd. Ich strona internetowa jest \u015bwietna i na pewno wezm\u0119 ich pod uwag\u0119 przy mojej nadchodz\u0105cej przeprowadzce. By\u0142am r\u00f3wnie\u017c pod wra\u017ceniem ich szybkiej odpowiedzi na m\u00f3j e-mail.\"<\/em> - przez <a href=\"http:\/\/removal-company-reviews.com\/view-removal-company-review.php?c=F+N%20Worldwide%20Logistics%20Ltd&#038;id=532\" target=\"_blank\" rel=\"noopener\">Removal-Company-Reviews.com<\/a><\/li>\n<\/ul>\n<p><strong>Negatywny<\/strong><\/p>\n<ul>\n<li> <em>\"Firma F&amp;N pobra\u0142a ode mnie zap\u0142at\u0119 za mi\u0119dzynarodow\u0105 przeprowadzk\u0119 z Wielkiej Brytanii do <a href=\"https:\/\/moverdb.com\/pl\/moving-to-bermuda\/\" data-internallinksmanager029f6b8e52c=\"421\" title=\"Przeprowadzka na Bermudy? Koszty \u017cycia i wskaz\u00f3wki dotycz\u0105ce przeprowadzki w 2023 r.\">Bermudy<\/a>. Firma, dla kt\u00f3rej pracuj\u0119, r\u00f3wnie\u017c nieumy\u015blnie zap\u0142aci\u0142a. F&amp;N wielokrotnie przyznawa\u0142a si\u0119 do winy i obiecywa\u0142a zwrot pieni\u0119dzy. Nie zrobili tego.\"<\/em> - przez <a href=\"http:\/\/removal-company-reviews.com\/view-removal-company-review.php?c=F+N%20Worldwide%20Logistics%20Ltd&#038;id=532\" target=\"_blank\" rel=\"noopener\">Removal-Company-Reviews.com<\/a>\n<\/ul>\n<div itemprop=\"review\" itemscope itemtype=\"http:\/\/schema.org\/Review\">\n<span itemprop=\"author\" itemscope=\"\" itemtype=\"http:\/\/schema.org\/Organization\"><span itemprop=\"name\">MoverDB.com<\/span><\/span> Przegl\u0105d stron internetowych dla <span itemprop=\"itemreviewed\" itemscope=\"\" itemtype=\"http:\/\/schema.org\/Brand\"><span itemprop=\"name\">F&amp;N Przeprowadzki na ca\u0142ym \u015bwiecie<\/span><\/span>:<\/p>\n<ol>\n<li> Przejrzyste dane kontaktowe na stronie internetowej (w tym numer telefonu): <strong>Tak<\/strong><\/li>\n<li> \u0141atwe do uzyskania <a href=\"https:\/\/moverdb.com\/pl\/cytaty\/\">oferty na przeprowadzki mi\u0119dzynarodowe<\/a>? (formularz wniosku o wycen\u0119 online): <strong>Tak<\/strong><\/li>\n<li> Przejrzyste informacje na stronie internetowej: <strong>Niekt\u00f3re<\/strong>Strona internetowa nie zawiera zbyt wielu szczeg\u00f3\u0142owych informacji.<\/li>\n<li> Cz\u0142onkostwo w uznanych mi\u0119dzynarodowych organizacjach zajmuj\u0105cych si\u0119 przemieszczaniem: <strong>Tak<\/strong>, patrz wy\u017cej<\/li>\n<li> Lista klient\u00f3w i\/lub referencje poprzednich klient\u00f3w: <strong>Niekt\u00f3re<\/strong> Na stronie znajduj\u0105 si\u0119 referencje klient\u00f3w, ale w innych miejscach w sieci jest ich niewiele.<\/li>\n<\/ol>\n<div itemprop=\"reviewRating\" itemscope itemtype=\"http:\/\/schema.org\/Rating\"><meta itemprop=\"worstRating\" content = \"0\" \/><meta itemprop=\"bestRating\" content=\"5\" \/><meta itemprop=\"ratingValue\" content=\"4\"><\/div>\n<p><strong>Ocena og\u00f3lna: 4\/5<\/strong><br \/>\n<strong>Data przegl\u0105du:<\/strong> <span itemprop=\"datePublished\" content=\"2016-10-03\">03\/10\/16<\/span>\n<\/div>\n<p>Czytaj wi\u0119cej o <a href=\"https:\/\/moverdb.com\/pl\/przeprowadzki-miedzynarodowe\/\">przeprowadzki mi\u0119dzynarodowe<\/a> i nasze <a href=\"https:\/\/moverdb.com\/pl\/recenzje\/\">proces przegl\u0105du w ruchu<\/a>.<\/p>\n<p><strong>Strona internetowa:<\/strong> <a href=\"http:\/\/www.fnworldwide.com\" target=\"_blank\" rel=\"noopener\">http:\/\/www.fnworldwide.com<\/a><\/p>","protected":false},"excerpt":{"rendered":"<p>F&#038;N Worldwide Removals services are listed below, together with their company profile and reviews. International and European Removals Door to door service Expert packing Custom made crates if applicable Storage if needed Organise transport by land, sea or air Arrange shipping of vehicles Unpacking on arrival at destination Experts available in the UK and country [&hellip;]<\/p>\n","protected":false},"author":1,"featured_media":0,"parent":0,"menu_order":0,"comment_status":"closed","ping_status":"closed","template":"","meta":{"_genesis_hide_title":false,"_genesis_hide_breadcrumbs":false,"_genesis_hide_singular_image":false,"_genesis_hide_footer_widgets":false,"_genesis_custom_body_class":"","_genesis_custom_post_class":"","_genesis_layout":"","footnotes":""},"class_list":{"0":"post-892","1":"page","2":"type-page","3":"status-publish","5":"entry"},"_links":{"self":[{"href":"https:\/\/moverdb.com\/pl\/wp-json\/wp\/v2\/pages\/892","targetHints":{"allow":["GET"]}}],"collection":[{"href":"https:\/\/moverdb.com\/pl\/wp-json\/wp\/v2\/pages"}],"about":[{"href":"https:\/\/moverdb.com\/pl\/wp-json\/wp\/v2\/types\/page"}],"author":[{"embeddable":true,"href":"https:\/\/moverdb.com\/pl\/wp-json\/wp\/v2\/users\/1"}],"replies":[{"embeddable":true,"href":"https:\/\/moverdb.com\/pl\/wp-json\/wp\/v2\/comments?post=892"}],"version-history":[{"count":5,"href":"https:\/\/moverdb.com\/pl\/wp-json\/wp\/v2\/pages\/892\/revisions"}],"predecessor-version":[{"id":6208,"href":"https:\/\/moverdb.com\/pl\/wp-json\/wp\/v2\/pages\/892\/revisions\/6208"}],"wp:attachment":[{"href":"https:\/\/moverdb.com\/pl\/wp-json\/wp\/v2\/media?parent=892"}],"curies":[{"name":"wp","href":"https:\/\/api.w.org\/{rel}","templated":true}]}}