{"id":8912,"date":"2023-04-27T14:28:23","date_gmt":"2023-04-27T14:28:23","guid":{"rendered":"https:\/\/moverdb.com\/?page_id=8912"},"modified":"2026-01-08T15:29:31","modified_gmt":"2026-01-08T15:29:31","slug":"moving-companies-philippines","status":"publish","type":"page","link":"https:\/\/moverdb.com\/pl\/moving-companies\/moving-companies-philippines\/","title":{"rendered":"7 Najlepszych firm zajmuj\u0105cych si\u0119 przeprowadzkami mi\u0119dzynarodowymi na Filipinach"},"content":{"rendered":"<p>Je\u015bli przeprowadzasz si\u0119 do domu lub firmy w ramach, do lub z <a href=\"https:\/\/moverdb.com\/pl\/moving-to-the-philippines\/\" data-internallinksmanager029f6b8e52c=\"376\" title=\"Przeprowadzka na Filipiny? Koszty \u017cycia i wskaz\u00f3wki dotycz\u0105ce relokacji w 2023 r.\">Filipiny<\/a>Mo\u017cesz szuka\u0107 wsparcia, kt\u00f3re pomo\u017ce Ci zmniejszy\u0107 obci\u0105\u017cenie. <a href=\"https:\/\/moverdb.com\/pl\/moving-companies\/\" data-internallinksmanager029f6b8e52c=\"79\" title=\"25 najlepszych firm przeprowadzek mi\u0119dzynarodowych online\">Firmy przeprowadzkowe<\/a> mo\u017ce pom\u00f3c w pakowaniu, organizacji transportu i pomocy w dokumentacji. Poni\u017cej przedstawiamy list\u0119 firm z siedzib\u0105 na Filipinach <a href=\"https:\/\/moverdb.com\/pl\/international-removals\/\" data-internallinksmanager029f6b8e52c=\"27\" title=\"36 najlepszych firm zajmuj\u0105cych si\u0119 przeprowadzkami mi\u0119dzynarodowymi w Wielkiej Brytanii\">przedsi\u0119biorstwa przeprowadzkowe<\/a> kt\u00f3re s\u0105 cz\u0142onkami <a href=\"https:\/\/moverdb.com\/pl\/iam\/\" data-internallinksmanager029f6b8e52c=\"23\" title=\"Mi\u0119dzynarodowe Stowarzyszenie Przewo\u017anik\u00f3w (IAM) - obja\u015bnienia\">Mi\u0119dzynarodowe Stowarzyszenie Przewo\u017anik\u00f3w<\/a> (IAM) i\/lub <a href=\"https:\/\/moverdb.com\/pl\/fidi-faim\/\" data-internallinksmanager029f6b8e52c=\"16\" title=\"FIDI i FAIM (FIDI Accredited International Mover) - obja\u015bnienia\">FIDI<\/a> Accredited International Mover (FAIM), kt\u00f3ra mo\u017ce pom\u00f3c Ci w przeprowadzce.<\/p>\n<div id=\"ez-toc-container\" class=\"ez-toc-v2_0_82_2 ez-toc-wrap-left counter-hierarchy ez-toc-counter ez-toc-transparent ez-toc-container-direction\">\n<div class=\"ez-toc-title-container\">\n<p class=\"ez-toc-title\" style=\"cursor:inherit\">Sekcje<\/p>\n<span class=\"ez-toc-title-toggle\"><a href=\"#\" class=\"ez-toc-pull-right ez-toc-btn ez-toc-btn-xs ez-toc-btn-default ez-toc-toggle\" aria-label=\"Prze\u0142\u0105cznik Spisu Tre\u015bci\"><span class=\"ez-toc-js-icon-con\"><span class=\"\"><span class=\"eztoc-hide\" style=\"display:none;\">Toggle<\/span><span class=\"ez-toc-icon-toggle-span\"><svg style=\"fill: #999;color:#999\" xmlns=\"http:\/\/www.w3.org\/2000\/svg\" class=\"list-377408\" width=\"20px\" height=\"20px\" viewbox=\"0 0 24 24\" fill=\"none\"><path d=\"M6 6H4v2h2V6zm14 0H8v2h12V6zM4 11h2v2H4v-2zm16 0H8v2h12v-2zM4 16h2v2H4v-2zm16 0H8v2h12v-2z\" fill=\"currentColor\"><\/path><\/svg><svg style=\"fill: #999;color:#999\" class=\"arrow-unsorted-368013\" xmlns=\"http:\/\/www.w3.org\/2000\/svg\" width=\"10px\" height=\"10px\" viewbox=\"0 0 24 24\" version=\"1.2\" baseprofile=\"tiny\"><path d=\"M18.2 9.3l-6.2-6.3-6.2 6.3c-.2.2-.3.4-.3.7s.1.5.3.7c.2.2.4.3.7.3h11c.3 0 .5-.1.7-.3.2-.2.3-.5.3-.7s-.1-.5-.3-.7zM5.8 14.7l6.2 6.3 6.2-6.3c.2-.2.3-.5.3-.7s-.1-.5-.3-.7c-.2-.2-.4-.3-.7-.3h-11c-.3 0-.5.1-.7.3-.2.2-.3.5-.3.7s.1.5.3.7z\"\/><\/svg><\/span><\/span><\/span><\/a><\/span><\/div>\n<nav><ul class='ez-toc-list ez-toc-list-level-1 eztoc-toggle-hide-by-default' ><li class='ez-toc-page-1 ez-toc-heading-level-2'><a class=\"ez-toc-link ez-toc-heading-1\" href=\"https:\/\/moverdb.com\/pl\/moving-companies\/moving-companies-philippines\/#1_Asia_Relocation\" >1. Przeniesienie do Azji<\/a><\/li><li class='ez-toc-page-1 ez-toc-heading-level-2'><a class=\"ez-toc-link ez-toc-heading-2\" href=\"https:\/\/moverdb.com\/pl\/moving-companies\/moving-companies-philippines\/#2_Consolidated_Strategies_Solutions\" >2. Skonsolidowane strategie i rozwi\u0105zania<\/a><\/li><li class='ez-toc-page-1 ez-toc-heading-level-2'><a class=\"ez-toc-link ez-toc-heading-3\" href=\"https:\/\/moverdb.com\/pl\/moving-companies\/moving-companies-philippines\/#3_Dads_Moving_Storage\" >3. Dad's Moving &amp; Storage<\/a><\/li><li class='ez-toc-page-1 ez-toc-heading-level-2'><a class=\"ez-toc-link ez-toc-heading-4\" href=\"https:\/\/moverdb.com\/pl\/moving-companies\/moving-companies-philippines\/#4_Global_Logistics_Services\" >4. Globalne us\u0142ugi logistyczne<\/a><\/li><li class='ez-toc-page-1 ez-toc-heading-level-2'><a class=\"ez-toc-link ez-toc-heading-5\" href=\"https:\/\/moverdb.com\/pl\/moving-companies\/moving-companies-philippines\/#5_Goetz_Moving_Storage\" >5. Goetz Moving &amp; Storage<\/a><\/li><li class='ez-toc-page-1 ez-toc-heading-level-2'><a class=\"ez-toc-link ez-toc-heading-6\" href=\"https:\/\/moverdb.com\/pl\/moving-companies\/moving-companies-philippines\/#6_Melcon_Worldwide_Logistics\" >6. Melcon Worldwide Logistics<\/a><\/li><li class='ez-toc-page-1 ez-toc-heading-level-2'><a class=\"ez-toc-link ez-toc-heading-7\" href=\"https:\/\/moverdb.com\/pl\/moving-companies\/moving-companies-philippines\/#7_Santa_Fe_Relocation\" >7. Przeniesienie Santa Fe<\/a><\/li><li class='ez-toc-page-1 ez-toc-heading-level-2'><a class=\"ez-toc-link ez-toc-heading-8\" href=\"https:\/\/moverdb.com\/pl\/moving-companies\/moving-companies-philippines\/#Other_Useful_Guides_to_the_Philippines\" >Inne przydatne przewodniki po Filipinach<\/a><\/li><\/ul><\/nav><\/div>\n<h2><span class=\"ez-toc-section\" id=\"1_Asia_Relocation\"><\/span><strong>1. Przeniesienie do Azji<\/strong><span class=\"ez-toc-section-end\"><\/span><\/h2>\n<p><img loading=\"lazy\" decoding=\"async\" class=\"alignnone size-full wp-image-8759\" src=\"https:\/\/moverdb.com\/wp-content\/uploads\/Asia-Relocation-international-moving-company.png\" alt=\"Asia Relocation mi\u0119dzynarodowa firma przeprowadzkowa\" width=\"1440\" height=\"677\" data-wp-pid=\"8759\" srcset=\"https:\/\/moverdb.com\/wp-content\/uploads\/Asia-Relocation-international-moving-company.png 1440w, https:\/\/moverdb.com\/wp-content\/uploads\/Asia-Relocation-international-moving-company-300x141.png 300w, https:\/\/moverdb.com\/wp-content\/uploads\/Asia-Relocation-international-moving-company-1024x481.png 1024w, https:\/\/moverdb.com\/wp-content\/uploads\/Asia-Relocation-international-moving-company-18x8.png 18w, https:\/\/moverdb.com\/wp-content\/uploads\/Asia-Relocation-international-moving-company-600x282.png 600w\" sizes=\"auto, (max-width: 1440px) 100vw, 1440px\" \/><\/p>\n<ul>\n<li>Przeprowadzki lokalne<\/li>\n<li>Przeprowadzki mi\u0119dzynarodowe<\/li>\n<li>Przeprowadzki gospodarstw domowych<\/li>\n<li>Przeniesienie biura<\/li>\n<li>Us\u0142uga pakowania<\/li>\n<li>Organizacja transportu<\/li>\n<li>Wizy i imigracja<\/li>\n<li>Transport pojazd\u00f3w i zwierz\u0105t domowych<\/li>\n<li>Ubezpieczenia<\/li>\n<li>Przechowywanie kr\u00f3tko i d\u0142ugoterminowe<\/li>\n<\/ul>\n<p>Asia Relocation oferuje zarz\u0105dzane rozwi\u0105zania w zakresie przeprowadzek mi\u0119dzynarodowych i ma siedzib\u0119 w Makati City. Wsp\u00f3\u0142pracuj\u0105 z dostawcami i agentami, kt\u00f3rzy spe\u0142niaj\u0105 ich standardy jako\u015bci, aby pom\u00f3c im w \u015bwiadczeniu us\u0142ug mi\u0119dzynarodowych. Jest cz\u0142onkiem IAM z 12-letnim sta\u017cem.<\/p>\n<p>Asia Relocation oferuje szereg us\u0142ug w zakresie przeprowadzek i relokacji, kt\u00f3re obejmuj\u0105 przeprowadzki krajowe i mi\u0119dzynarodowe, us\u0142ugi wizowe i imigracyjne, <a href=\"https:\/\/moverdb.com\/pl\/car-transport-shipping\/\" data-internallinksmanager029f6b8e52c=\"2\" title=\"2026 Mi\u0119dzynarodowy transport samochodowy i wyceny wysy\u0142ki pojazd\u00f3w\">wysy\u0142ka pojazd\u00f3w<\/a>, relokacja zwierz\u0105t domowych i opcje przechowywania. Zapewni\u0105 oni spersonalizowany plan przeprowadzki, kompletn\u0105 us\u0142ug\u0119 pakowania i aran\u017cacj\u0119 transportu. Oferuj\u0105 us\u0142ugi relokacyjne, w tym wyszukiwanie dom\u00f3w i szk\u00f3\u0142, zakwaterowanie tymczasowe, orientacj\u0119 i leasing pojazd\u00f3w.<\/p>\n<p>Strona internetowa: <a href=\"https:\/\/asia-relocation.com\/\" target=\"_blank\" rel=\"noopener\">https:\/\/asia-relocation.com\/<\/a><\/p>\n<h2><span class=\"ez-toc-section\" id=\"2_Consolidated_Strategies_Solutions\"><\/span><strong>2. Skonsolidowane strategie i rozwi\u0105zania<\/strong><span class=\"ez-toc-section-end\"><\/span><\/h2>\n<p><img loading=\"lazy\" decoding=\"async\" class=\"alignnone size-full wp-image-8778\" src=\"https:\/\/moverdb.com\/wp-content\/uploads\/Consolidated-Strategies-Solutions-international-moving-company.png\" alt=\"Consolidated Strategies &amp; Solutions mi\u0119dzynarodowa firma przeprowadzkowa\" width=\"1440\" height=\"679\" data-wp-pid=\"8778\" srcset=\"https:\/\/moverdb.com\/wp-content\/uploads\/Consolidated-Strategies-Solutions-international-moving-company.png 1440w, https:\/\/moverdb.com\/wp-content\/uploads\/Consolidated-Strategies-Solutions-international-moving-company-300x141.png 300w, https:\/\/moverdb.com\/wp-content\/uploads\/Consolidated-Strategies-Solutions-international-moving-company-1024x483.png 1024w, https:\/\/moverdb.com\/wp-content\/uploads\/Consolidated-Strategies-Solutions-international-moving-company-18x8.png 18w, https:\/\/moverdb.com\/wp-content\/uploads\/Consolidated-Strategies-Solutions-international-moving-company-600x283.png 600w\" sizes=\"auto, (max-width: 1440px) 100vw, 1440px\" \/><\/p>\n<ul>\n<li>Przeprowadzki lokalne<\/li>\n<li>Przeprowadzki mi\u0119dzynarodowe<\/li>\n<li>Przeprowadzki gospodarstw domowych<\/li>\n<li>Us\u0142ugi relokacyjne<\/li>\n<li>Mo\u017cliwo\u015b\u0107 konsultacji<\/li>\n<li>Zindywidualizowana obs\u0142uga<\/li>\n<li>Us\u0142uga pakowania<\/li>\n<li>Pude\u0142ka bezpiecznie zapiecz\u0119towane<\/li>\n<li>Organizacja transportu<\/li>\n<li>Bezpieczne magazyny<\/li>\n<\/ul>\n<p>Consolidated Strategies &amp; Solutions to mi\u0119dzynarodowa firma przeprowadzkowa z ponad 15-letnim do\u015bwiadczeniem, z siedzib\u0105 w Quezon City. Jest cz\u0142onkiem IAM, co daje jej dost\u0119p do mi\u0119dzynarodowej sieci agent\u00f3w przeprowadzkowych, kt\u00f3rzy wspieraj\u0105 j\u0105 w \u015bwiadczeniu us\u0142ug na ca\u0142ym \u015bwiecie.<\/p>\n<p>Consolidated Strategies &amp; Solutions oferuje lokalne i krajowe przeprowadzki na terenie Filipin oraz mi\u0119dzynarodowe przeprowadzki do i z Filipin. Zapewniaj\u0105 us\u0142ugi pakowania, aby pom\u00f3c chroni\u0107 swoje rzeczy w tranzycie i przechowywaniu. Oferuj\u0105 bezpieczne magazyny, w kt\u00f3rych Twoje pud\u0142a mog\u0105 by\u0107 zapiecz\u0119towane w Twoim domu, a nast\u0119pnie przetransportowane do ich magazyn\u00f3w.<\/p>\n<p>Strona internetowa: <a href=\"http:\/\/www.csandsolutions.com\" target=\"_blank\" rel=\"noopener\">http:\/\/www.csandsolutions.com<\/a><\/p>\n<h2><span class=\"ez-toc-section\" id=\"3_Dads_Moving_Storage\"><\/span><strong>3. Dad's Moving &amp; Storage<\/strong><span class=\"ez-toc-section-end\"><\/span><\/h2>\n<p><img loading=\"lazy\" decoding=\"async\" class=\"alignnone size-full wp-image-8782\" src=\"https:\/\/moverdb.com\/wp-content\/uploads\/Dads-Moving-Storage-international-moving-company.png\" alt=\"\" width=\"1440\" height=\"683\" data-wp-pid=\"8782\" srcset=\"https:\/\/moverdb.com\/wp-content\/uploads\/Dads-Moving-Storage-international-moving-company.png 1440w, https:\/\/moverdb.com\/wp-content\/uploads\/Dads-Moving-Storage-international-moving-company-300x142.png 300w, https:\/\/moverdb.com\/wp-content\/uploads\/Dads-Moving-Storage-international-moving-company-1024x486.png 1024w, https:\/\/moverdb.com\/wp-content\/uploads\/Dads-Moving-Storage-international-moving-company-18x9.png 18w, https:\/\/moverdb.com\/wp-content\/uploads\/Dads-Moving-Storage-international-moving-company-600x285.png 600w\" sizes=\"auto, (max-width: 1440px) 100vw, 1440px\" \/><\/p>\n<ul>\n<li>Ruchy krajowe<\/li>\n<li>Przeprowadzki mi\u0119dzynarodowe<\/li>\n<li>Przeprowadzki gospodarstw domowych<\/li>\n<li>Przesuni\u0119cia organizacyjne<\/li>\n<li>Cena all inclusive<\/li>\n<li>Us\u0142uga pakowania<\/li>\n<li>Materia\u0142y przyjazne dla \u015brodowiska<\/li>\n<li>Organizacja transportu<\/li>\n<li>Porady i wskaz\u00f3wki<\/li>\n<li>Obiekty magazynowe<\/li>\n<\/ul>\n<p>Dad's Moving &amp; Storage jest firm\u0105 przeprowadzkow\u0105 i magazynow\u0105 za\u0142o\u017con\u0105 przez kilku do\u015bwiadczonych weteran\u00f3w przeprowadzek i ma siedzib\u0119 w Muntinlupa City. Wsp\u00f3\u0142pracuj\u0105 z agentami przeprowadzkowymi na ca\u0142ym \u015bwiecie w 196 krajach, aby wspiera\u0107 ich w \u015bwiadczeniu us\u0142ug poza Filipinami. S\u0105 cz\u0142onkiem IAM z sze\u015bcioletnim sta\u017cem.<\/p>\n<p>Dad's Moving &amp; Storage oferuje us\u0142ugi przeprowadzkowe w obr\u0119bie, do i z Filipin dla gospodarstw domowych i pracownik\u00f3w organizacji zmieniaj\u0105cych miejsce zamieszkania. Wspieraj\u0105 i prowadz\u0105 Ci\u0119 przez Twoj\u0105 przeprowadzk\u0119 i pomagaj\u0105 w bezpiecznym pakowaniu Twoich rzeczy, u\u017cywaj\u0105c najbardziej odpowiednich materia\u0142\u00f3w i karton\u00f3w do ich ochrony.<\/p>\n<p>Strona internetowa: <a href=\"http:\/\/dadsmoving.com\" target=\"_blank\" rel=\"noopener\">http:\/\/dadsmoving.com<\/a><\/p>\n<h2><span class=\"ez-toc-section\" id=\"4_Global_Logistics_Services\"><\/span><strong>4. Globalne us\u0142ugi logistyczne<\/strong><span class=\"ez-toc-section-end\"><\/span><\/h2>\n<p><img loading=\"lazy\" decoding=\"async\" class=\"alignnone size-full wp-image-8805\" src=\"https:\/\/moverdb.com\/wp-content\/uploads\/Global-Logistics-Services-international-moving-company.png\" alt=\"Global Logistics Services firma zajmuj\u0105ca si\u0119 przeprowadzkami mi\u0119dzynarodowymi\" width=\"1440\" height=\"680\" data-wp-pid=\"8805\" srcset=\"https:\/\/moverdb.com\/wp-content\/uploads\/Global-Logistics-Services-international-moving-company.png 1440w, https:\/\/moverdb.com\/wp-content\/uploads\/Global-Logistics-Services-international-moving-company-300x142.png 300w, https:\/\/moverdb.com\/wp-content\/uploads\/Global-Logistics-Services-international-moving-company-1024x484.png 1024w, https:\/\/moverdb.com\/wp-content\/uploads\/Global-Logistics-Services-international-moving-company-18x9.png 18w, https:\/\/moverdb.com\/wp-content\/uploads\/Global-Logistics-Services-international-moving-company-600x283.png 600w\" sizes=\"auto, (max-width: 1440px) 100vw, 1440px\" \/><\/p>\n<ul>\n<li>Ruchy krajowe<\/li>\n<li>Przeniesienia mi\u0119dzynarodowe<\/li>\n<li>Przeniesienia budynk\u00f3w mieszkalnych<\/li>\n<li>Przeprowadzki biurowe<\/li>\n<li>Us\u0142uga pakowania<\/li>\n<li>Organizacja transportu<\/li>\n<li>\u015aledzenie przesy\u0142ek<\/li>\n<li>Transport pojazd\u00f3w<\/li>\n<li>Przenoszenie zwierz\u0105t domowych<\/li>\n<li>Us\u0142ugi magazynowania<\/li>\n<\/ul>\n<p>Global Logistics Services to mi\u0119dzynarodowa firma zajmuj\u0105ca si\u0119 przeprowadzkami i relokacj\u0105, za\u0142o\u017cona w 2013 roku i maj\u0105ca siedzib\u0119 w Paranaque, z biurami r\u00f3wnie\u017c w <a href=\"https:\/\/moverdb.com\/pl\/moving-to-the-united-states\/moving-to-new-york\/\" data-internallinksmanager029f6b8e52c=\"332\" title=\"Przeprowadzka do Nowego Jorku (stan)? Koszty utrzymania i porady dotycz\u0105ce relokacji w 2023 r.\">Nowy Jork<\/a> i Wyspy Marshalla. Posiada rozleg\u0142\u0105 globaln\u0105 sie\u0107 partner\u00f3w, kt\u00f3rzy pomagaj\u0105 jej w \u015bwiadczeniu us\u0142ug mi\u0119dzynarodowych. Firma jest cz\u0142onkiem IAM z 16-letnim sta\u017cem.<\/p>\n<p>Global Logistics Services oferuje kompleksowe rozwi\u0105zanie w zakresie przeprowadzek, niezale\u017cnie od tego, czy jest to dom czy biuro. Zapewniaj\u0105 us\u0142ug\u0119 pakowania przy u\u017cyciu trwa\u0142ych pude\u0142ek, aby chroni\u0107 Twoje rzeczy i zorganizuj\u0105 bezpieczny transport do miejsca przeznaczenia. Oferuj\u0105 specjalistyczne us\u0142ugi w zakresie przenoszenia pianin, samochod\u00f3w i zwierz\u0105t domowych.<\/p>\n<p>Strona internetowa: <a href=\"http:\/\/www.a1global-logistics.com\" target=\"_blank\" rel=\"noopener\">http:\/\/www.a1global-logistics.com<\/a><\/p>\n<h2><span class=\"ez-toc-section\" id=\"5_Goetz_Moving_Storage\"><\/span><strong>5. Goetz Moving &amp; Storage<\/strong><span class=\"ez-toc-section-end\"><\/span><\/h2>\n<p><img loading=\"lazy\" decoding=\"async\" class=\"alignnone size-full wp-image-8809\" src=\"https:\/\/moverdb.com\/wp-content\/uploads\/Goetz-Moving-Storage-international-moving-company.png\" alt=\"Goetz Moving &amp; Storage firma zajmuj\u0105ca si\u0119 przeprowadzkami mi\u0119dzynarodowymi\" width=\"1440\" height=\"680\" data-wp-pid=\"8809\" srcset=\"https:\/\/moverdb.com\/wp-content\/uploads\/Goetz-Moving-Storage-international-moving-company.png 1440w, https:\/\/moverdb.com\/wp-content\/uploads\/Goetz-Moving-Storage-international-moving-company-300x142.png 300w, https:\/\/moverdb.com\/wp-content\/uploads\/Goetz-Moving-Storage-international-moving-company-1024x484.png 1024w, https:\/\/moverdb.com\/wp-content\/uploads\/Goetz-Moving-Storage-international-moving-company-18x9.png 18w, https:\/\/moverdb.com\/wp-content\/uploads\/Goetz-Moving-Storage-international-moving-company-600x283.png 600w\" sizes=\"auto, (max-width: 1440px) 100vw, 1440px\" \/><\/p>\n<ul>\n<li>Przeprowadzki lokalne<\/li>\n<li>Przeprowadzki mi\u0119dzynarodowe<\/li>\n<li>Przeprowadzki mieszkaniowe<\/li>\n<li>Przeprowadzki biurowe<\/li>\n<li>Us\u0142uga \"od drzwi do drzwi\".<\/li>\n<li>Fracht lotniczy i morski<\/li>\n<li>Odprawa celna<\/li>\n<li>Us\u0142ugi wizowe i imigracyjne<\/li>\n<li>Ubezpieczenia<\/li>\n<li>Obiekty magazynowe<\/li>\n<\/ul>\n<p>Firma Goetz Moving &amp; Storage oferuje us\u0142ugi przeprowadzek mi\u0119dzynarodowych \"od drzwi do drzwi\", zosta\u0142a za\u0142o\u017cona w 1984 roku i ma siedzib\u0119 w Paranaque. Maj\u0105 sie\u0107 lokalnych i mi\u0119dzynarodowych agent\u00f3w przeprowadzkowych w strategicznych miejscach na ca\u0142ym \u015bwiecie, aby je wspiera\u0107. S\u0105 cz\u0142onkiem IAM z 39-letnim sta\u017cem.<\/p>\n<p>Goetz Moving &amp; Storage oferuje us\u0142ugi przeprowadzki od drzwi do drzwi, kt\u00f3re obejmuj\u0105 organizacj\u0119 transportu i odpraw\u0119 celn\u0105 oraz ubezpieczenie. Oferuje us\u0142ugi relokacyjne, kt\u00f3re obejmuj\u0105 orientacj\u0119 w terenie, poszukiwanie domu i szko\u0142y, us\u0142ugi zwi\u0105zane z osiedlaniem si\u0119, us\u0142ugi zwi\u0105zane z wyjazdem, szkolenia kulturowe oraz wsparcie wizowe i imigracyjne.<\/p>\n<p>Strona internetowa: <a href=\"http:\/\/www.goetzmoving.com\" target=\"_blank\" rel=\"noopener\">http:\/\/www.goetzmoving.com<\/a><\/p>\n<h2><span class=\"ez-toc-section\" id=\"6_Melcon_Worldwide_Logistics\"><\/span><strong>6. Melcon Worldwide Logistics<\/strong><span class=\"ez-toc-section-end\"><\/span><\/h2>\n<p><img loading=\"lazy\" decoding=\"async\" class=\"alignnone size-full wp-image-8824\" src=\"https:\/\/moverdb.com\/wp-content\/uploads\/Melcon-Worldwide-Logistics-international-moving-company.png\" alt=\"Melcon Worldwide Logistics firma zajmuj\u0105ca si\u0119 przeprowadzkami mi\u0119dzynarodowymi\" width=\"1440\" height=\"678\" data-wp-pid=\"8824\" srcset=\"https:\/\/moverdb.com\/wp-content\/uploads\/Melcon-Worldwide-Logistics-international-moving-company.png 1440w, https:\/\/moverdb.com\/wp-content\/uploads\/Melcon-Worldwide-Logistics-international-moving-company-300x141.png 300w, https:\/\/moverdb.com\/wp-content\/uploads\/Melcon-Worldwide-Logistics-international-moving-company-1024x482.png 1024w, https:\/\/moverdb.com\/wp-content\/uploads\/Melcon-Worldwide-Logistics-international-moving-company-18x8.png 18w, https:\/\/moverdb.com\/wp-content\/uploads\/Melcon-Worldwide-Logistics-international-moving-company-600x283.png 600w\" sizes=\"auto, (max-width: 1440px) 100vw, 1440px\" \/><\/p>\n<ul>\n<li>Przeprowadzki lokalne<\/li>\n<li>Przeprowadzki mi\u0119dzynarodowe<\/li>\n<li>Przeprowadzki mieszkaniowe<\/li>\n<li>Przeprowadzki biur i fabryk<\/li>\n<li>Us\u0142uga \"od drzwi do drzwi\".<\/li>\n<li>Fracht lotniczy i morski<\/li>\n<li>Us\u0142ugi maklerskie<\/li>\n<li>Transport zwierz\u0105t<\/li>\n<li>Ubezpieczenie tranzytowe<\/li>\n<li>Obiekty magazynowe<\/li>\n<\/ul>\n<p>Melcon Worldwide Logistics jest firm\u0105 logistyczn\u0105 oferuj\u0105c\u0105 spedycj\u0119, dystrybucj\u0119 i magazynowanie. Maj\u0105 biura w Taguig City i Davao City. S\u0105 cz\u0142onkiem IAM z 20-letnim sta\u017cem, co daje im dost\u0119p do mi\u0119dzynarodowej sieci agent\u00f3w przeprowadzkowych, kt\u00f3rzy ich wspieraj\u0105.<\/p>\n<p>Melcon Worldwide Logistics oferuje spersonalizowane us\u0142ugi logistyczne, kt\u00f3re obejmuj\u0105 us\u0142ug\u0119 przeprowadzki od drzwi do drzwi oraz transfery lokalne. Zabezpiecz\u0105 Twoje rzeczy osobiste i zorganizuj\u0105 transport drog\u0105 lotnicz\u0105 lub morsk\u0105 z ubezpieczeniem tranzytowym. Oferuj\u0105 us\u0142ug\u0119 przeprowadzki zwierz\u0105t domowych, aby pom\u00f3c Ci zabra\u0107 ze sob\u0105 Twoje zwierz\u0119ta. Oferuj\u0105 r\u00f3wnie\u017c opcje przechowywania z kontrol\u0105 wilgotno\u015bci i przechowywania w ch\u0142odni.<\/p>\n<p>Strona internetowa: <a href=\"http:\/\/www.melconlogistics.com\" target=\"_blank\" rel=\"noopener\">http:\/\/www.melconlogistics.com<\/a><\/p>\n<h2><span class=\"ez-toc-section\" id=\"7_Santa_Fe_Relocation\"><\/span><strong>7. Przeniesienie Santa Fe<\/strong><span class=\"ez-toc-section-end\"><\/span><\/h2>\n<p><img loading=\"lazy\" decoding=\"async\" class=\"alignnone size-full wp-image-8850\" src=\"https:\/\/moverdb.com\/wp-content\/uploads\/Santa-Fe-Relocation-Philippines-international-moving-company.png\" alt=\"Santa Fe Relocation Filipiny mi\u0119dzynarodowa firma przeprowadzkowa\" width=\"1440\" height=\"676\" data-wp-pid=\"8850\" srcset=\"https:\/\/moverdb.com\/wp-content\/uploads\/Santa-Fe-Relocation-Philippines-international-moving-company.png 1440w, https:\/\/moverdb.com\/wp-content\/uploads\/Santa-Fe-Relocation-Philippines-international-moving-company-300x141.png 300w, https:\/\/moverdb.com\/wp-content\/uploads\/Santa-Fe-Relocation-Philippines-international-moving-company-1024x481.png 1024w, https:\/\/moverdb.com\/wp-content\/uploads\/Santa-Fe-Relocation-Philippines-international-moving-company-18x8.png 18w, https:\/\/moverdb.com\/wp-content\/uploads\/Santa-Fe-Relocation-Philippines-international-moving-company-600x282.png 600w\" sizes=\"auto, (max-width: 1440px) 100vw, 1440px\" \/><\/p>\n<ul>\n<li>Ruchy krajowe<\/li>\n<li>Przeprowadzki mi\u0119dzynarodowe<\/li>\n<li>Przeprowadzki mieszkaniowe<\/li>\n<li>Konsultacja przed przeprowadzk\u0105<\/li>\n<li>Us\u0142uga pakowania<\/li>\n<li>Transport l\u0105dowy, lotniczy i morski<\/li>\n<li>Odprawa celna<\/li>\n<li>Spedycja pojazd\u00f3w<\/li>\n<li>Przenoszenie zwierz\u0105t domowych<\/li>\n<li>Magazyny kr\u00f3tko i d\u0142ugoterminowe<\/li>\n<\/ul>\n<p>Santa Fe Relocation jest mi\u0119dzynarodow\u0105 firm\u0105 przeprowadzkow\u0105 posiadaj\u0105c\u0105 96 biur w 47 krajach, a ich filipi\u0144ski oddzia\u0142 znajduje si\u0119 w Calamba City. Pomagaj\u0105 ludziom w przeprowadzkach od ponad 120 lat. Jest cz\u0142onkiem IAM i posiada akredytacj\u0119 FIDI.<\/p>\n<p>Santa Fe Relocation zapewnia konsultant\u00f3w do spraw przeprowadzek, kt\u00f3rzy wespr\u0105 Ci\u0119 w przeprowadzce. Zorganizuj\u0105 oni pakowanie Twoich rzeczy i transport l\u0105dowy, lotniczy lub morski z odpraw\u0105 celn\u0105. Oferuj\u0105 szereg us\u0142ug dodatkowych i relokacyjnych, w tym sprz\u0105tanie, wynajem kr\u00f3tkoterminowy, transport pojazd\u00f3w, relokacj\u0119 zwierz\u0105t, wizy i imigracj\u0119, us\u0142ugi wyjazdowe, szkolenia kulturowe, orientacj\u0119 oraz wyszukiwanie dom\u00f3w i szk\u00f3\u0142.<\/p>\n<p>Strona internetowa: <a href=\"https:\/\/www.santaferelo.com\/en\/contact\/our-offices\/philippines-manila\/\" target=\"_blank\" rel=\"noopener\">https:\/\/www.santaferelo.com\/en\/contact\/our-offices\/philippines-manila\/<\/a><\/p>\n<h2><span class=\"ez-toc-section\" id=\"Other_Useful_Guides_to_the_Philippines\"><\/span>Inne przydatne przewodniki po Filipinach<span class=\"ez-toc-section-end\"><\/span><\/h2>\n<ul>\n<li> <a href=\"https:\/\/moverdb.com\/pl\/przeladunek-w-kontenerach\/filipiny\/\">2024 Stawki frachtu morskiego kontener\u00f3w do iz Filipin<\/a><\/li>\n<li> <a href=\"https:\/\/moverdb.com\/pl\/moving-to-the-philippines\/\">Przeprowadzka na Filipiny? Koszty \u017cycia i wskaz\u00f3wki dotycz\u0105ce relokacji w 2023 r.<\/a><\/li>\n<li> <a href=\"https:\/\/moverdb.com\/pl\/moving-to-the-philippines\/best-places-to-live-philippines\/\">12 najlepszych miejsc do \u017cycia na Filipinach<\/a><\/li>\n<li> <a href=\"https:\/\/moverdb.com\/pl\/moving-to-the-philippines\/living-in-the-philippines\/\">21 sekret\u00f3w \u017cycia na Filipinach, kt\u00f3re warto pozna\u0107 przed przeprowadzk\u0105<\/a><\/li>\n<li> <a href=\"https:\/\/moverdb.com\/pl\/moving-to-the-philippines\/philippines-from-us\/\">Przeprowadzka na Filipiny ze Stan\u00f3w Zjednoczonych<\/a><\/li>\n<\/ul>","protected":false},"excerpt":{"rendered":"<p>If you are moving home or business within, to or from the Philippines, you may be looking for some support to help lighten the load. Moving companies can assist with packing, organising transportation and documentation support. Below we have compiled a list of Philippines based removal companies that are members of the International Association of [&hellip;]<\/p>\n","protected":false},"author":4,"featured_media":0,"parent":190,"menu_order":0,"comment_status":"closed","ping_status":"closed","template":"","meta":{"_genesis_hide_title":false,"_genesis_hide_breadcrumbs":false,"_genesis_hide_singular_image":false,"_genesis_hide_footer_widgets":false,"_genesis_custom_body_class":"","_genesis_custom_post_class":"","_genesis_layout":"","footnotes":""},"class_list":{"0":"post-8912","1":"page","2":"type-page","3":"status-publish","5":"entry","6":"has-post-thumbnail"},"_links":{"self":[{"href":"https:\/\/moverdb.com\/pl\/wp-json\/wp\/v2\/pages\/8912","targetHints":{"allow":["GET"]}}],"collection":[{"href":"https:\/\/moverdb.com\/pl\/wp-json\/wp\/v2\/pages"}],"about":[{"href":"https:\/\/moverdb.com\/pl\/wp-json\/wp\/v2\/types\/page"}],"author":[{"embeddable":true,"href":"https:\/\/moverdb.com\/pl\/wp-json\/wp\/v2\/users\/4"}],"replies":[{"embeddable":true,"href":"https:\/\/moverdb.com\/pl\/wp-json\/wp\/v2\/comments?post=8912"}],"version-history":[{"count":4,"href":"https:\/\/moverdb.com\/pl\/wp-json\/wp\/v2\/pages\/8912\/revisions"}],"predecessor-version":[{"id":16985,"href":"https:\/\/moverdb.com\/pl\/wp-json\/wp\/v2\/pages\/8912\/revisions\/16985"}],"up":[{"embeddable":true,"href":"https:\/\/moverdb.com\/pl\/wp-json\/wp\/v2\/pages\/190"}],"wp:attachment":[{"href":"https:\/\/moverdb.com\/pl\/wp-json\/wp\/v2\/media?parent=8912"}],"curies":[{"name":"wp","href":"https:\/\/api.w.org\/{rel}","templated":true}]}}