{"id":891,"date":"2016-09-03T21:06:56","date_gmt":"2016-09-03T21:06:56","guid":{"rendered":"http:\/\/moverdb.com\/?page_id=891"},"modified":"2026-01-08T14:47:50","modified_gmt":"2026-01-08T14:47:50","slug":"bournes","status":"publish","type":"page","link":"https:\/\/moverdb.com\/pl\/bournes\/","title":{"rendered":"Bournes Moves: Przeprowadzki mi\u0119dzynarodowe i przeprowadzki"},"content":{"rendered":"<p>Bournes oferuje swoim klientom wyb\u00f3r <a href=\"https:\/\/moverdb.com\/pl\/international-removals\/\" data-internallinksmanager029f6b8e52c=\"27\" title=\"36 najlepszych firm zajmuj\u0105cych si\u0119 przeprowadzkami mi\u0119dzynarodowymi w Wielkiej Brytanii\">przeprowadzki mi\u0119dzynarodowe<\/a> us\u0142ugi w zakresie przeprowadzek zagranicznych, kt\u00f3re zosta\u0142y wymienione poni\u017cej. Znajduje si\u0119 tam r\u00f3wnie\u017c profil firmy oraz recenzje.<\/p>\n<p><strong>Przeprowadzki mi\u0119dzynarodowe<\/strong><\/p>\n<ul>\n<li> Pe\u0142na us\u0142uga pakowania<\/li>\n<li> Us\u0142uga pakowania cz\u0119\u015bci<\/li>\n<li> Samodzielne pakowanie<\/li>\n<li> Specjalne opakowania eksportowe na meble<\/li>\n<li> Pomoc w sporz\u0105dzaniu dokumentacji<\/li>\n<li> Kolekcja<\/li>\n<li> Transport statkiem - <a href=\"https:\/\/moverdb.com\/pl\/przeladunek-w-kontenerach\/\">spedycja pe\u0142nokontenerowa<\/a>\u0142adunek cz\u0119\u015bciowy, kontener drewniany<\/li>\n<li> Fracht lotniczy<\/li>\n<li> Przenoszenie zwierz\u0105t domowych<\/li>\n<li> <a href=\"https:\/\/moverdb.com\/pl\/samochod-transport-wysylka\/\">Przenoszenie pojazd\u00f3w<\/a><\/li>\n<li> Serwis pokoj\u00f3wek<\/li>\n<li> Us\u0142ugi r\u0119kodzielnicze<\/li>\n<li> Ustalone ubezpieczenie<\/li>\n<\/ul>\n<p><strong>Pomoc w przeniesieniu<\/strong><\/p>\n<ul>\n<li> Planowanie przed wyjazdem obejmuje ocen\u0119 potrzeb (szko\u0142y itp.)<\/li>\n<li> Szkolenie mi\u0119dzykulturowe\".<\/li>\n<li> Program Look-see<\/li>\n<li> Us\u0142ugi poszukiwania domu i orientacji w terenie<\/li>\n<li> Poszukiwanie szko\u0142y<\/li>\n<li> Przyj\u0119cie do s\u0142u\u017cby<\/li>\n<li> Praktyki biznesowe<\/li>\n<li> Pomoc w repatriacji<\/li>\n<\/ul>\n<p><strong>Przeprowadzki komercyjne<\/strong><\/p>\n<ul>\n<li> Zarz\u0105dzanie projektami<\/li>\n<li> Planowanie przed przeprowadzk\u0105<\/li>\n<li> Us\u0142ugi pakowania i rozpakowywania<\/li>\n<li> Magazynowanie<\/li>\n<li> Transport na ca\u0142ym \u015bwiecie<\/li>\n<li> Dostawa wewn\u0119trzna<\/li>\n<li> Instalacja i monta\u017c<\/li>\n<li> Logistyka zwrotna i likwidacja<\/li>\n<\/ul>\n<p><strong>Przechowywanie<\/strong><\/p>\n<ul>\n<li> Ponad 1200 lokalizacji na 6 kontynentach<\/li>\n<li> D\u0142ugoterminowe i kr\u00f3tkoterminowe<\/li>\n<li> Ca\u0142odobowa telewizja przemys\u0142owa lub zespo\u0142y ochrony<\/li>\n<li> Wszystkie bezpieczne lokalizacje<\/li>\n<\/ul>\n<h2>Profil firmy Bournes<\/h2>\n<p>Firma Bournes zosta\u0142a za\u0142o\u017cona w 1875 r. przez Thomasa Bourne'a jako og\u00f3lna firma przewozowa, dostarczaj\u0105ca towary i w\u0119giel. Po II wojnie \u015bwiatowej firma rozszerzy\u0142a swoj\u0105 dzia\u0142alno\u015b\u0107 o przeprowadzki i magazynowanie. W latach 60. i 70. firma znacznie si\u0119 rozros\u0142a, wykupuj\u0105c mniejsze firmy i buduj\u0105c specjalne obiekty magazynowe.<\/p>\n<p>W 1993 r. Bournes rozpocz\u0105\u0142 dzia\u0142alno\u015b\u0107 w Europie, a w 2001 r. rozpocz\u0105\u0142 <a href=\"https:\/\/moverdb.com\/pl\/firmy-przeprowadzkowe\/\">przeprowadzka mi\u0119dzynarodowa<\/a>. Obecnie firma mo\u017ce przenosi\u0107 ludzi i firmy do 1500 lokalizacji w ponad 120 krajach.<\/p>\n<p>Firma jest do dzi\u015b prowadzona rodzinnie przez pi\u0105te pokolenie Bournes\u00f3w, kt\u00f3rych warto\u015bciami rodzinnymi i biznesowymi s\u0105 uczciwo\u015b\u0107, rzetelno\u015b\u0107 i przejrzysto\u015b\u0107. Bournes ma oddanych, dobrze wyszkolonych pracownik\u00f3w, kt\u00f3rzy wsp\u00f3\u0142pracuj\u0105 z setkami ekspert\u00f3w od globalnych przeprowadzek na ca\u0142ym \u015bwiecie.<\/p>\n<p>Firma Bournes posiada nast\u0119puj\u0105ce akredytacje i przynale\u017cno\u015bci:<\/p>\n<ul>\n<li> <a href=\"https:\/\/moverdb.com\/pl\/harmony-relocation-network\/\">Sie\u0107 Harmony Relocation<\/a><\/li>\n<li> Firma przeprowadzkowa spe\u0142niaj\u0105ca brytyjsk\u0105 norm\u0119 ISO 9001:2008<\/li>\n<li> <a href=\"https:\/\/moverdb.com\/pl\/british-association-of-removers\/\">Brytyjskie Stowarzyszenie Przedsi\u0119biorc\u00f3w Przeprowadzkowych<\/a> (<a href=\"https:\/\/moverdb.com\/pl\/british-association-of-removers\/\" data-internallinksmanager029f6b8e52c=\"9\" title=\"Brytyjskie Stowarzyszenie Przeprowadzek (BAR) - obja\u015bnienia\">BAR<\/a>)<\/li>\n<li> <a href=\"https:\/\/moverdb.com\/pl\/bar-overseas\/\">Grupa zagraniczna Brytyjskiego Stowarzyszenia Przeprowadzek<\/a><\/li>\n<li> Kt\u00f3ry? Trusted Trader<\/li>\n<li> <a href=\"https:\/\/moverdb.com\/pl\/fidi-faim\/\">FIDI<\/a><\/li>\n<li> <a href=\"https:\/\/moverdb.com\/pl\/fidi-faim\/\" data-internallinksmanager029f6b8e52c=\"16\" title=\"FIDI i FAIM (FIDI Accredited International Mover) - obja\u015bnienia\">FAIM<\/a><\/li>\n<li> Strona <a href=\"https:\/\/moverdb.com\/pl\/jestem\/\">Mi\u0119dzynarodowe Stowarzyszenie Przewo\u017anik\u00f3w<\/a> (<a href=\"https:\/\/moverdb.com\/pl\/iam\/\" data-internallinksmanager029f6b8e52c=\"23\" title=\"Mi\u0119dzynarodowe Stowarzyszenie Przewo\u017anik\u00f3w (IAM) - obja\u015bnienia\">IAM<\/a>)<\/li>\n<li> <a href=\"https:\/\/moverdb.com\/pl\/eura\/\">Europejskie Stowarzyszenie Relokacji<\/a> (<a href=\"https:\/\/moverdb.com\/pl\/eura\/\" data-internallinksmanager029f6b8e52c=\"13\" title=\"Europejskie Stowarzyszenie Relokacji (EuRA) - obja\u015bnienia\">EuRA<\/a>)<\/li>\n<li> <a href=\"https:\/\/moverdb.com\/pl\/mtc\/\">Movers Trading Club<\/a> (<a href=\"https:\/\/moverdb.com\/pl\/mtc\/\" data-internallinksmanager029f6b8e52c=\"30\" title=\"Movers Trading Club (MTC) - obja\u015bnienia\">MTC<\/a>)<\/li>\n<\/ul>\n<h2>Bournes Moves Reviews<\/h2>\n<p><strong>Pozytywne<\/strong><\/p>\n<ul>\n<li> <em>\"Bournes by\u0142y niesamowite od pierwotnej oceny tego, co powinienem i nie powinienem wys\u0142a\u0107 do <a href=\"https:\/\/moverdb.com\/pl\/moving-to-australia\/living-in-australia\/\" data-internallinksmanager029f6b8e52c=\"240\" title=\"21 sekret\u00f3w o \u017cyciu w Australii, kt\u00f3re warto pozna\u0107 przed przeprowadzk\u0105\">Australia<\/a>, pakowanie i rozpakowywanie w Australii. Us\u0142uga sprawi\u0142a, \u017ce przeprowadzka by\u0142a tak bezstresowa, jak tylko taka przeprowadzka mo\u017ce by\u0107 i nie mog\u0119 ich wystarczaj\u0105co gor\u0105co poleci\u0107.\"<\/em> - przez <a href=\"http:\/\/bournesmoves.com\/international-removals\/international-customer-reviews.htm\" target=\"_blank\" rel=\"noopener\">Strona przegl\u0105du Bournes<\/a><\/li>\n<li> <em>\"Szybka us\u0142uga i konkurencyjne stawki. Zesp\u00f3\u0142 by\u0142 bardzo uprzejmy, pomocny i dobrze poradzi\u0142 sobie ze zmianami w terminach zako\u0144czenia budowy. Z \u0142atwo\u015bci\u0105 zapewniono nam dodatkowe miejsce do przechowywania na noc, aby\u015bmy mogli posprz\u0105ta\u0107 now\u0105 nieruchomo\u015b\u0107 przed wprowadzeniem si\u0119. Og\u00f3lnie rzecz bior\u0105c, dobra obs\u0142uga.\"<\/em> - przez <a href=\"https:\/\/www.trustedmover.org\/questionnaire\/4587\" target=\"_blank\" rel=\"noopener\">Strona przegl\u0105du BAR<\/a><\/li>\n<li> <em>\"Doskona\u0142a obs\u0142uga od wiedzy i uspokajaj\u0105cej wyceny poprzez pomocny i przyjazny zesp\u00f3\u0142, kt\u00f3ry pom\u00f3g\u0142 <a href=\"https:\/\/moverdb.com\/pl\/moving-to-the-united-states\/\" data-internallinksmanager029f6b8e52c=\"94\" title=\"Przeprowadzasz si\u0119 do Stan\u00f3w Zjednoczonych? 2026 Koszty \u017cycia i wskaz\u00f3wki dotycz\u0105ce przeprowadzki\">nas<\/a> z ruchem\"<\/em> - Zuzanna via <a href=\"http:\/\/trustedtraders.which.co.uk\/businesses\/bournes-moves\/#reviews\" target=\"_blank\" rel=\"noopener\">Jakie?<\/a><\/li>\n<li> <em>\"By\u0142am bardzo zadowolona. Szczeg\u00f3lnie, gdy moja przesy\u0142ka dotar\u0142a bezpiecznie do mojego domu w <a href=\"https:\/\/moverdb.com\/pl\/moving-to-the-uk\/\" data-internallinksmanager029f6b8e52c=\"93\" title=\"Przeprowadzasz si\u0119 do Wielkiej Brytanii? 2026 Koszty \u017cycia i wskaz\u00f3wki dotycz\u0105ce przeprowadzki\">UK<\/a> jako za\u0142oga byli niezwykle uprzejmi i bardzo pomocni.\"<\/em> - Susan via <a href=\"https:\/\/www.facebook.com\/BournesRemovals\/reviews\/\" target=\"_blank\" rel=\"noopener\">Facebook<\/a><\/li>\n<\/ul>\n<p><strong>Negatywny<\/strong><\/p>\n<ul>\n<li> \"Mieli\u015bmy nieszcz\u0119\u015bcie wybra\u0107 firm\u0119 Bournes, kt\u00f3ra by\u0142a nasz\u0105 pierwsz\u0105 przeprowadzk\u0105 od 19 lat, wi\u0119c by\u0142o to du\u017ce wydarzenie dla ca\u0142ej rodziny. Prosz\u0119 by\u0107 bardzo \u015bwiadomym przy wyborze tej firmy\". - Ali via <a href=\"http:\/\/www.removalreviews.co.uk\/movingreviews\/miserable-move-12090\" target=\"_blank\" rel=\"noopener\">Recenzje przeprowadzek<\/a><\/li>\n<\/ul>\n<div itemprop=\"review\" itemscope itemtype=\"http:\/\/schema.org\/Review\">\n<span itemprop=\"author\" itemscope=\"\" itemtype=\"http:\/\/schema.org\/Organization\"><span itemprop=\"name\">MoverDB.com<\/span><\/span> Przegl\u0105d stron internetowych dla <span itemprop=\"itemreviewed\" itemscope=\"\" itemtype=\"http:\/\/schema.org\/Brand\"><span itemprop=\"name\">Bournes Moves<\/span><\/span>:<\/p>\n<ol>\n<li> Przejrzyste dane kontaktowe na stronie internetowej (w tym numer telefonu): <strong>Tak<\/strong><\/li>\n<li> \u0141atwe do uzyskania <a href=\"https:\/\/moverdb.com\/pl\/cytaty\/\">oferty na przeprowadzki mi\u0119dzynarodowe<\/a>? (formularz wniosku o wycen\u0119 online): <strong>Tak<\/strong><\/li>\n<li> Przejrzyste informacje na stronie internetowej: <strong>Tak,<\/strong> Strona zawiera wiele przydatnych informacji.<\/li>\n<li> Cz\u0142onkostwo w uznanych mi\u0119dzynarodowych organizacjach zajmuj\u0105cych si\u0119 przemieszczaniem: <strong>Tak<\/strong>patrz wy\u017cej.<\/li>\n<li> Lista klient\u00f3w i\/lub referencje poprzednich klient\u00f3w: <strong>Niekt\u00f3rzy,<\/strong> na stronie internetowej znajduj\u0105 si\u0119 opinie klient\u00f3w, ale nie s\u0105 one naj\u0142atwiejsze do znalezienia, co jest dziwne, poniewa\u017c s\u0105 one bardzo pozytywne.<\/li>\n<\/ol>\n<div itemprop=\"reviewRating\" itemscope itemtype=\"http:\/\/schema.org\/Rating\"><meta itemprop=\"worstRating\" content = \"0\" \/><meta itemprop=\"bestRating\" content=\"5\" \/><meta itemprop=\"ratingValue\" content=\"4.5\"><\/div>\n<p><strong>Ocena og\u00f3lna: 4,5\/5<\/strong><br \/>\n<strong>Data przegl\u0105du:<\/strong> <span itemprop=\"datePublished\" content=\"2016-09-03\">03\/09\/2016<\/span>\n<\/div>\n<p>Przeczytaj o innych <a href=\"https:\/\/moverdb.com\/pl\/przeprowadzki-miedzynarodowe\/\">firmy przeprowadzkowe<\/a> i wi\u0119cej na naszej stronie <a href=\"https:\/\/moverdb.com\/pl\/recenzje\/\">proces przegl\u0105du<\/a>.<\/p>\n<p><strong>Strona internetowa:<\/strong> <a href=\"http:\/\/bournesmoves.com\" target=\"_blank\" rel=\"noopener\">http:\/\/bournesmoves.com<\/a><\/p>","protected":false},"excerpt":{"rendered":"<p>Bournes offers its clients a selection of international removals services for moving overseas which are listed below. There also follows a company profile and reviews. International Moving Full packing service Part packing service Self-packing Special care furniture export wrapping Assistance with documentation Collection Transport by ship &#8211; full container shipping, part load, wooden container Airfreight [&hellip;]<\/p>\n","protected":false},"author":1,"featured_media":0,"parent":0,"menu_order":0,"comment_status":"closed","ping_status":"closed","template":"","meta":{"_genesis_hide_title":false,"_genesis_hide_breadcrumbs":false,"_genesis_hide_singular_image":false,"_genesis_hide_footer_widgets":false,"_genesis_custom_body_class":"","_genesis_custom_post_class":"","_genesis_layout":"","footnotes":""},"class_list":{"0":"post-891","1":"page","2":"type-page","3":"status-publish","5":"entry"},"_links":{"self":[{"href":"https:\/\/moverdb.com\/pl\/wp-json\/wp\/v2\/pages\/891","targetHints":{"allow":["GET"]}}],"collection":[{"href":"https:\/\/moverdb.com\/pl\/wp-json\/wp\/v2\/pages"}],"about":[{"href":"https:\/\/moverdb.com\/pl\/wp-json\/wp\/v2\/types\/page"}],"author":[{"embeddable":true,"href":"https:\/\/moverdb.com\/pl\/wp-json\/wp\/v2\/users\/1"}],"replies":[{"embeddable":true,"href":"https:\/\/moverdb.com\/pl\/wp-json\/wp\/v2\/comments?post=891"}],"version-history":[{"count":6,"href":"https:\/\/moverdb.com\/pl\/wp-json\/wp\/v2\/pages\/891\/revisions"}],"predecessor-version":[{"id":6185,"href":"https:\/\/moverdb.com\/pl\/wp-json\/wp\/v2\/pages\/891\/revisions\/6185"}],"wp:attachment":[{"href":"https:\/\/moverdb.com\/pl\/wp-json\/wp\/v2\/media?parent=891"}],"curies":[{"name":"wp","href":"https:\/\/api.w.org\/{rel}","templated":true}]}}