{"id":8908,"date":"2023-04-27T14:29:46","date_gmt":"2023-04-27T14:29:46","guid":{"rendered":"https:\/\/moverdb.com\/?page_id=8908"},"modified":"2026-01-08T15:29:02","modified_gmt":"2026-01-08T15:29:02","slug":"moving-companies-panama","status":"publish","type":"page","link":"https:\/\/moverdb.com\/pl\/moving-companies\/moving-companies-panama\/","title":{"rendered":"5 Najlepszych firm zajmuj\u0105cych si\u0119 przeprowadzkami mi\u0119dzynarodowymi w Panamie"},"content":{"rendered":"<p>Przeprowadzasz si\u0119 do domu lub biura w obr\u0119bie, do lub z <a href=\"https:\/\/moverdb.com\/pl\/moving-to-panama\/\" data-internallinksmanager029f6b8e52c=\"432\" title=\"Przeprowadzka do Panamy? Koszty \u017cycia i wskaz\u00f3wki dotycz\u0105ce relokacji w 2023 r.\">Panama<\/a>? W takim razie mo\u017cesz chcie\u0107 skorzysta\u0107 z us\u0142ug <a href=\"https:\/\/moverdb.com\/pl\/moving-companies\/\" data-internallinksmanager029f6b8e52c=\"79\" title=\"25 najlepszych firm przeprowadzek mi\u0119dzynarodowych online\">przedsi\u0119biorstwo przeprowadzkowe<\/a> aby pom\u00f3c Ci w pakowaniu, organizowaniu transportu i za\u0142atwianiu dokumentacji przy przeprowadzkach mi\u0119dzynarodowych. Poni\u017cej przedstawiamy list\u0119 firm z siedzib\u0105 w Panamie <a href=\"https:\/\/moverdb.com\/pl\/international-removals\/\" data-internallinksmanager029f6b8e52c=\"27\" title=\"36 najlepszych firm zajmuj\u0105cych si\u0119 przeprowadzkami mi\u0119dzynarodowymi w Wielkiej Brytanii\">przedsi\u0119biorstwa przeprowadzkowe<\/a> kt\u00f3re s\u0105 cz\u0142onkami <a href=\"https:\/\/moverdb.com\/pl\/iam\/\" data-internallinksmanager029f6b8e52c=\"23\" title=\"Mi\u0119dzynarodowe Stowarzyszenie Przewo\u017anik\u00f3w (IAM) - obja\u015bnienia\">Mi\u0119dzynarodowe Stowarzyszenie Przewo\u017anik\u00f3w<\/a> (IAM) i\/lub <a href=\"https:\/\/moverdb.com\/pl\/fidi-faim\/\" data-internallinksmanager029f6b8e52c=\"16\" title=\"FIDI i FAIM (FIDI Accredited International Mover) - obja\u015bnienia\">FIDI<\/a> Accredited International Mover (FAIM), kt\u00f3ra mo\u017ce pom\u00f3c Ci w przeprowadzce.<\/p>\n<div id=\"ez-toc-container\" class=\"ez-toc-v2_0_82_2 ez-toc-wrap-left counter-hierarchy ez-toc-counter ez-toc-transparent ez-toc-container-direction\">\n<div class=\"ez-toc-title-container\">\n<p class=\"ez-toc-title\" style=\"cursor:inherit\">Sekcje<\/p>\n<span class=\"ez-toc-title-toggle\"><a href=\"#\" class=\"ez-toc-pull-right ez-toc-btn ez-toc-btn-xs ez-toc-btn-default ez-toc-toggle\" aria-label=\"Prze\u0142\u0105cznik Spisu Tre\u015bci\"><span class=\"ez-toc-js-icon-con\"><span class=\"\"><span class=\"eztoc-hide\" style=\"display:none;\">Toggle<\/span><span class=\"ez-toc-icon-toggle-span\"><svg style=\"fill: #999;color:#999\" xmlns=\"http:\/\/www.w3.org\/2000\/svg\" class=\"list-377408\" width=\"20px\" height=\"20px\" viewbox=\"0 0 24 24\" fill=\"none\"><path d=\"M6 6H4v2h2V6zm14 0H8v2h12V6zM4 11h2v2H4v-2zm16 0H8v2h12v-2zM4 16h2v2H4v-2zm16 0H8v2h12v-2z\" fill=\"currentColor\"><\/path><\/svg><svg style=\"fill: #999;color:#999\" class=\"arrow-unsorted-368013\" xmlns=\"http:\/\/www.w3.org\/2000\/svg\" width=\"10px\" height=\"10px\" viewbox=\"0 0 24 24\" version=\"1.2\" baseprofile=\"tiny\"><path d=\"M18.2 9.3l-6.2-6.3-6.2 6.3c-.2.2-.3.4-.3.7s.1.5.3.7c.2.2.4.3.7.3h11c.3 0 .5-.1.7-.3.2-.2.3-.5.3-.7s-.1-.5-.3-.7zM5.8 14.7l6.2 6.3 6.2-6.3c.2-.2.3-.5.3-.7s-.1-.5-.3-.7c-.2-.2-.4-.3-.7-.3h-11c-.3 0-.5.1-.7.3-.2.2-.3.5-.3.7s.1.5.3.7z\"\/><\/svg><\/span><\/span><\/span><\/a><\/span><\/div>\n<nav><ul class='ez-toc-list ez-toc-list-level-1 eztoc-toggle-hide-by-default' ><li class='ez-toc-page-1 ez-toc-heading-level-2'><a class=\"ez-toc-link ez-toc-heading-1\" href=\"https:\/\/moverdb.com\/pl\/moving-companies\/moving-companies-panama\/#1_Canal_Movers_Logistics\" >1. Canal Movers &amp; Logistics<\/a><\/li><li class='ez-toc-page-1 ez-toc-heading-level-2'><a class=\"ez-toc-link ez-toc-heading-2\" href=\"https:\/\/moverdb.com\/pl\/moving-companies\/moving-companies-panama\/#2_Logisfashion\" >2. Logisfashion<\/a><\/li><li class='ez-toc-page-1 ez-toc-heading-level-2'><a class=\"ez-toc-link ez-toc-heading-3\" href=\"https:\/\/moverdb.com\/pl\/moving-companies\/moving-companies-panama\/#3_Mudanzas_Express\" >3. Mudanzas Express<\/a><\/li><li class='ez-toc-page-1 ez-toc-heading-level-2'><a class=\"ez-toc-link ez-toc-heading-4\" href=\"https:\/\/moverdb.com\/pl\/moving-companies\/moving-companies-panama\/#4_Panama_Moving_Solutions\" >4. Panama Moving Solutions<\/a><\/li><li class='ez-toc-page-1 ez-toc-heading-level-2'><a class=\"ez-toc-link ez-toc-heading-5\" href=\"https:\/\/moverdb.com\/pl\/moving-companies\/moving-companies-panama\/#5_Panama_Packing_Storage\" >5. Panama Packing &amp; Storage<\/a><\/li><\/ul><\/nav><\/div>\n<h2><span class=\"ez-toc-section\" id=\"1_Canal_Movers_Logistics\"><\/span><strong>1. Canal Movers &amp; Logistics<\/strong><span class=\"ez-toc-section-end\"><\/span><\/h2>\n<p><img loading=\"lazy\" decoding=\"async\" class=\"alignnone size-full wp-image-8770\" src=\"https:\/\/moverdb.com\/wp-content\/uploads\/Canal-Movers-Logistics-international-moving-company.png\" alt=\"Canal Movers &amp; Logistics firma zajmuj\u0105ca si\u0119 przeprowadzkami mi\u0119dzynarodowymi\" width=\"1440\" height=\"679\" data-wp-pid=\"8770\" srcset=\"https:\/\/moverdb.com\/wp-content\/uploads\/Canal-Movers-Logistics-international-moving-company.png 1440w, https:\/\/moverdb.com\/wp-content\/uploads\/Canal-Movers-Logistics-international-moving-company-300x141.png 300w, https:\/\/moverdb.com\/wp-content\/uploads\/Canal-Movers-Logistics-international-moving-company-1024x483.png 1024w, https:\/\/moverdb.com\/wp-content\/uploads\/Canal-Movers-Logistics-international-moving-company-18x8.png 18w, https:\/\/moverdb.com\/wp-content\/uploads\/Canal-Movers-Logistics-international-moving-company-600x283.png 600w\" sizes=\"auto, (max-width: 1440px) 100vw, 1440px\" \/><\/p>\n<ul>\n<li>Przeprowadzki lokalne i krajowe<\/li>\n<li>Przeprowadzki mi\u0119dzynarodowe<\/li>\n<li>Przeprowadzki gospodarstw domowych<\/li>\n<li>Przeprowadzki biurowe<\/li>\n<li>Us\u0142ugi dostosowane do potrzeb klienta<\/li>\n<li>Profesjonalna us\u0142uga pakowania<\/li>\n<li>Obs\u0142uga dzie\u0142 sztuki<\/li>\n<li>Transport pojazd\u00f3w i zwierz\u0105t domowych<\/li>\n<li>Ubezpieczenia<\/li>\n<li>Obiekty magazynowe<\/li>\n<\/ul>\n<p>Canal Movers &amp; Logistics to firma zajmuj\u0105ca si\u0119 przeprowadzkami i logistyk\u0105, kt\u00f3ra obs\u0142uguje mi\u0119dzynarodowe firmy i osoby prywatne. Wsp\u00f3\u0142pracuje z globaln\u0105 sieci\u0105 agent\u00f3w logistycznych i przeprowadzkowych. S\u0105 cz\u0142onkiem IAM z 22-letnim sta\u017cem i posiadaj\u0105 akredytacj\u0119 FIDI.<\/p>\n<p>Canal Movers &amp; Logistics oferuje koordynacj\u0119 przeprowadzki, aby pom\u00f3c Ci w przeprowadzce lokalnej, krajowej i mi\u0119dzynarodowej, niezale\u017cnie od tego, czy przeprowadzasz sw\u00f3j dom czy firm\u0119. Oferuj\u0105 profesjonaln\u0105 us\u0142ug\u0119 pakowania, aby chroni\u0107 Twoje rzeczy w transporcie i zapewni\u0107 ochron\u0119 ubezpieczeniow\u0105. Oferuj\u0105 r\u00f3wnie\u017c dodatkowe us\u0142ugi, kt\u00f3re obejmuj\u0105 wynajem mebli, transport samochod\u00f3w, motocykli i \u0142odzi, transport zwierz\u0105t domowych oraz obs\u0142ug\u0119 dzie\u0142 sztuki.<\/p>\n<p>Strona internetowa: <a href=\"http:\/\/www.canalmovers.com\" target=\"_blank\" rel=\"noopener\">http:\/\/www.canalmovers.com<\/a><\/p>\n<h2><span class=\"ez-toc-section\" id=\"2_Logisfashion\"><\/span><strong>2. Logisfashion<\/strong><span class=\"ez-toc-section-end\"><\/span><\/h2>\n<p><img loading=\"lazy\" decoding=\"async\" class=\"alignnone size-full wp-image-8822\" src=\"https:\/\/moverdb.com\/wp-content\/uploads\/Logisfashion-international-moving-company.png\" alt=\"Mi\u0119dzynarodowa firma przeprowadzkowa Logisfashion\" width=\"1440\" height=\"680\" data-wp-pid=\"8822\" srcset=\"https:\/\/moverdb.com\/wp-content\/uploads\/Logisfashion-international-moving-company.png 1440w, https:\/\/moverdb.com\/wp-content\/uploads\/Logisfashion-international-moving-company-300x142.png 300w, https:\/\/moverdb.com\/wp-content\/uploads\/Logisfashion-international-moving-company-1024x484.png 1024w, https:\/\/moverdb.com\/wp-content\/uploads\/Logisfashion-international-moving-company-18x9.png 18w, https:\/\/moverdb.com\/wp-content\/uploads\/Logisfashion-international-moving-company-600x283.png 600w\" sizes=\"auto, (max-width: 1440px) 100vw, 1440px\" \/><\/p>\n<ul>\n<li>Transport krajowy<\/li>\n<li>Transport mi\u0119dzynarodowy<\/li>\n<li>Prywatny transport<\/li>\n<li>Transport komercyjny<\/li>\n<li>Dostosowana do potrzeb us\u0142uga \"od drzwi do drzwi<\/li>\n<li>R\u00f3\u017cne rozmiary przesy\u0142ek<\/li>\n<li>Transport lotniczy, morski i l\u0105dowy<\/li>\n<li>Wsparcie celne<\/li>\n<li>Ubezpieczenia<\/li>\n<li>Obiekty magazynowe<\/li>\n<\/ul>\n<p>Logisfashion to mi\u0119dzynarodowa firma logistyczna, kt\u00f3ra zosta\u0142a za\u0142o\u017cona w 1997 roku i posiada oddzia\u0142y w dziewi\u0119ciu krajach \u015bwiata z biurem w Panama City. Jest cz\u0142onkiem IAM z 42-letnim sta\u017cem, co daje jej dost\u0119p do mi\u0119dzynarodowej sieci agent\u00f3w przeprowadzkowych.<\/p>\n<p>Logisfashion oferuje transport mi\u0119dzynarodowy drog\u0105 powietrzn\u0105, morsk\u0105 i l\u0105dow\u0105, kt\u00f3ry obejmuje \u0142adunki pe\u0142nokontenerowe i mniej ni\u017c kontenerowe. Zapewniaj\u0105 dostosowan\u0105 do potrzeb us\u0142ug\u0119 door-to-door z mo\u017cliwo\u015bci\u0105 \u015bledzenia przesy\u0142ki, odpraw\u0105 celn\u0105 i obejmuj\u0105 ubezpieczenie towar\u00f3w. Oferuje r\u00f3wnie\u017c magazyny i obiekty do przechowywania, aby wspiera\u0107 dystrybucj\u0119 i dzia\u0142alno\u015b\u0107 importow\u0105 lub eksportow\u0105.<\/p>\n<p>Strona internetowa: <a href=\"http:\/\/www.logisfashion.com\" target=\"_blank\" rel=\"noopener\">http:\/\/www.logisfashion.com<\/a><\/p>\n<h2><span class=\"ez-toc-section\" id=\"3_Mudanzas_Express\"><\/span><strong>3. Mudanzas Express<\/strong><span class=\"ez-toc-section-end\"><\/span><\/h2>\n<p><img loading=\"lazy\" decoding=\"async\" class=\"alignnone size-full wp-image-8833\" src=\"https:\/\/moverdb.com\/wp-content\/uploads\/Mudanzas-Express-international-moving-company.png\" alt=\"Firma przeprowadzkowa Mudanzas Express\" width=\"1440\" height=\"686\" data-wp-pid=\"8833\" srcset=\"https:\/\/moverdb.com\/wp-content\/uploads\/Mudanzas-Express-international-moving-company.png 1440w, https:\/\/moverdb.com\/wp-content\/uploads\/Mudanzas-Express-international-moving-company-300x143.png 300w, https:\/\/moverdb.com\/wp-content\/uploads\/Mudanzas-Express-international-moving-company-1024x488.png 1024w, https:\/\/moverdb.com\/wp-content\/uploads\/Mudanzas-Express-international-moving-company-18x9.png 18w, https:\/\/moverdb.com\/wp-content\/uploads\/Mudanzas-Express-international-moving-company-600x286.png 600w\" sizes=\"auto, (max-width: 1440px) 100vw, 1440px\" \/><\/p>\n<ul>\n<li>Przeprowadzki lokalne<\/li>\n<li>Przeprowadzki mi\u0119dzynarodowe<\/li>\n<li>Przeprowadzki gospodarstw domowych<\/li>\n<li>Przeprowadzki handlowe i biurowe<\/li>\n<li>Us\u0142uga \"od drzwi do drzwi\".<\/li>\n<li>Nadzorowany proces zarz\u0105dzania<\/li>\n<li>Us\u0142uga pakowania<\/li>\n<li>Transport lotniczy i morski<\/li>\n<li>Maklerstwo celne<\/li>\n<li>Transport samochodowy<\/li>\n<\/ul>\n<p>Mudanzas Express to mi\u0119dzynarodowa firma przeprowadzkowa, kt\u00f3ra ma siedzib\u0119 w Tocumen i posiada ponad 12 lat do\u015bwiadczenia. S\u0105 cz\u0142onkiem IAM z 15-letnim sta\u017cem, co zapewnia im mi\u0119dzynarodow\u0105 sie\u0107 agent\u00f3w przeprowadzkowych, kt\u00f3rzy wspieraj\u0105 ich w us\u0142ugach poza Panam\u0105.<\/p>\n<p>Mudanzas Express oferuje us\u0142ugi przeprowadzkowe dla os\u00f3b przenosz\u0105cych si\u0119 do lub z Panamy, kt\u00f3re zapewniaj\u0105 us\u0142ug\u0119 door-to-door. Zapewniaj\u0105 us\u0142ug\u0119 pakowania w celu ochrony rzeczy podczas transportu, rozk\u0142adania i monta\u017cu mebli oraz przenoszenia delikatnych przedmiot\u00f3w i pianin.  Organizuj\u0105 transport i zarz\u0105dzaj\u0105 procesem, w\u0142\u0105czaj\u0105c w to po\u015brednictwo celne.<\/p>\n<p>Strona internetowa: <a href=\"http:\/\/www.mudanzasexpresspanama.com\" target=\"_blank\" rel=\"noopener\">http:\/\/www.mudanzasexpresspanama.com<\/a><\/p>\n<h2><span class=\"ez-toc-section\" id=\"4_Panama_Moving_Solutions\"><\/span><strong>4. Panama Moving Solutions<\/strong><span class=\"ez-toc-section-end\"><\/span><\/h2>\n<p><img loading=\"lazy\" decoding=\"async\" class=\"alignnone size-full wp-image-8843\" src=\"https:\/\/moverdb.com\/wp-content\/uploads\/Panama-Moving-Solutions-international-moving-company.png\" alt=\"Panama Moving Solutions firma zajmuj\u0105ca si\u0119 przeprowadzkami mi\u0119dzynarodowymi\" width=\"1440\" height=\"681\" data-wp-pid=\"8843\" srcset=\"https:\/\/moverdb.com\/wp-content\/uploads\/Panama-Moving-Solutions-international-moving-company.png 1440w, https:\/\/moverdb.com\/wp-content\/uploads\/Panama-Moving-Solutions-international-moving-company-300x142.png 300w, https:\/\/moverdb.com\/wp-content\/uploads\/Panama-Moving-Solutions-international-moving-company-1024x484.png 1024w, https:\/\/moverdb.com\/wp-content\/uploads\/Panama-Moving-Solutions-international-moving-company-18x9.png 18w, https:\/\/moverdb.com\/wp-content\/uploads\/Panama-Moving-Solutions-international-moving-company-600x284.png 600w\" sizes=\"auto, (max-width: 1440px) 100vw, 1440px\" \/><\/p>\n<ul>\n<li>Przeprowadzki lokalne i krajowe<\/li>\n<li>Przeprowadzki mi\u0119dzynarodowe<\/li>\n<li>Przeprowadzki gospodarstw domowych<\/li>\n<li>Przeprowadzki korporacyjne<\/li>\n<li>Od drzwi do drzwi i od drzwi do drzwi<a href=\"https:\/\/moverdb.com\/pl\/top-49-container-ports\/\" data-internallinksmanager029f6b8e52c=\"80\" title=\"49 najwi\u0119kszych i najbardziej ruchliwych port\u00f3w kontenerowych w 2025 r.\">port<\/a> us\u0142ugi<\/li>\n<li>Us\u0142ugi pakowania<\/li>\n<li>Organizacja transportu<\/li>\n<li>Transport zwierz\u0105t<\/li>\n<li>Transport pojazd\u00f3w<\/li>\n<li>Obiekty magazynowe<\/li>\n<\/ul>\n<p>Panama Moving Solutions oferuje przeprowadzki mi\u0119dzynarodowe i transport \u0142adunk\u00f3w z ponad 20-letnim do\u015bwiadczeniem i ma siedzib\u0119 w Panama City. Wsp\u00f3\u0142pracuj\u0105 z uznanymi na \u015bwiecie agentami przeprowadzkowymi, kt\u00f3rzy wspieraj\u0105 ich w \u015bwiadczeniu us\u0142ug i s\u0105 cz\u0142onkiem IAM z sze\u015bcioletnim sta\u017cem.<\/p>\n<p>Panama Moving Solutions oferuje dostosowane do potrzeb klienta przeprowadzki w obr\u0119bie, do i z Panamy, kt\u00f3re mog\u0105 by\u0107 us\u0142ugami typu door-to-door lub door-to-port. Zapewniaj\u0105 us\u0142ug\u0119 pakowania, kt\u00f3ra wykorzystuje najlepsze produkty do pakowania i najnowsze techniki pakowania, aby zmniejszy\u0107 uszkodzenia i wilgo\u0107. Oferuj\u0105 dodatkowe us\u0142ugi, kt\u00f3re obejmuj\u0105 transport zwierz\u0105t domowych i pojazd\u00f3w oraz przechowywanie.<\/p>\n<p>Strona internetowa: <a href=\"http:\/\/www.pmovings.com\" target=\"_blank\" rel=\"noopener\">http:\/\/www.pmovings.com<\/a><\/p>\n<h2><span class=\"ez-toc-section\" id=\"5_Panama_Packing_Storage\"><\/span><strong>5. Panama Packing &amp; Storage<\/strong><span class=\"ez-toc-section-end\"><\/span><\/h2>\n<p><img loading=\"lazy\" decoding=\"async\" class=\"alignnone size-full wp-image-8844\" src=\"https:\/\/moverdb.com\/wp-content\/uploads\/Panama-Packing-Storage-international-moving-company.png\" alt=\"Panama Packing &amp; Storage mi\u0119dzynarodowa firma przeprowadzkowa\" width=\"1440\" height=\"682\" data-wp-pid=\"8844\" srcset=\"https:\/\/moverdb.com\/wp-content\/uploads\/Panama-Packing-Storage-international-moving-company.png 1440w, https:\/\/moverdb.com\/wp-content\/uploads\/Panama-Packing-Storage-international-moving-company-300x142.png 300w, https:\/\/moverdb.com\/wp-content\/uploads\/Panama-Packing-Storage-international-moving-company-1024x485.png 1024w, https:\/\/moverdb.com\/wp-content\/uploads\/Panama-Packing-Storage-international-moving-company-18x9.png 18w, https:\/\/moverdb.com\/wp-content\/uploads\/Panama-Packing-Storage-international-moving-company-600x284.png 600w\" sizes=\"auto, (max-width: 1440px) 100vw, 1440px\" \/><\/p>\n<ul>\n<li>Przeprowadzki lokalne<\/li>\n<li>Przeprowadzki mi\u0119dzynarodowe<\/li>\n<li>Przeprowadzki gospodarstw domowych<\/li>\n<li>Us\u0142ugi biurowe<\/li>\n<li>Us\u0142ugi \"od drzwi do drzwi\" lub \"od drzwi do portu<\/li>\n<li>Us\u0142uga pakowania<\/li>\n<li>Transport drogowy, morski i lotniczy<\/li>\n<li>Obs\u0142uga importu i eksportu<\/li>\n<li>Obr\u00f3bka dzie\u0142 sztuki<\/li>\n<li>Urz\u0105dzenia do kr\u00f3tkiego i d\u0142ugiego sk\u0142adowania<\/li>\n<\/ul>\n<p>Panama Packing &amp; Storage to latynoska firma przeprowadzkowa, kt\u00f3ra powsta\u0142a w 1971 roku i ma siedzib\u0119 w Panama City. Posiadaj\u0105 globaln\u0105 sie\u0107 agent\u00f3w przeprowadzkowych, kt\u00f3rzy mog\u0105 wspiera\u0107 ich us\u0142ugami poza obszarami ich dzia\u0142ania. Jest cz\u0142onkiem IAM i posiada akredytacj\u0119 FIDI.<\/p>\n<p>Panama Packing &amp; Storage oferuje przeprowadzki mi\u0119dzynarodowe i lokalne, kt\u00f3re obejmuj\u0105 us\u0142ug\u0119 obs\u0142ugi dzie\u0142 sztuki. Zapewniaj\u0105 us\u0142ug\u0119 pakowania i rozpakowywania, kt\u00f3ra obejmuje owijanie i kraterowanie delikatnych przedmiot\u00f3w. Oferuj\u0105 bezpieczne miejsca do przechowywania, kt\u00f3re s\u0105 odpowiednie dla kr\u00f3tko- lub d\u0142ugoterminowych rozwi\u0105za\u0144.<\/p>\n<p>Strona internetowa: <a href=\"http:\/\/www.panamapacking.com\" target=\"_blank\" rel=\"noopener\">http:\/\/www.panamapacking.com<\/a><\/p>","protected":false},"excerpt":{"rendered":"<p>Are you moving home or office within, to or from Panama? Then you may want to employ the services of a moving company to assist you with packing, organising transportation and arrangement of documentation for international moves. Below we have compiled a list of Panama based removal companies that are members of the International Association [&hellip;]<\/p>\n","protected":false},"author":4,"featured_media":0,"parent":190,"menu_order":0,"comment_status":"closed","ping_status":"closed","template":"","meta":{"_genesis_hide_title":false,"_genesis_hide_breadcrumbs":false,"_genesis_hide_singular_image":false,"_genesis_hide_footer_widgets":false,"_genesis_custom_body_class":"","_genesis_custom_post_class":"","_genesis_layout":"","footnotes":""},"class_list":{"0":"post-8908","1":"page","2":"type-page","3":"status-publish","5":"entry","6":"has-post-thumbnail"},"_links":{"self":[{"href":"https:\/\/moverdb.com\/pl\/wp-json\/wp\/v2\/pages\/8908","targetHints":{"allow":["GET"]}}],"collection":[{"href":"https:\/\/moverdb.com\/pl\/wp-json\/wp\/v2\/pages"}],"about":[{"href":"https:\/\/moverdb.com\/pl\/wp-json\/wp\/v2\/types\/page"}],"author":[{"embeddable":true,"href":"https:\/\/moverdb.com\/pl\/wp-json\/wp\/v2\/users\/4"}],"replies":[{"embeddable":true,"href":"https:\/\/moverdb.com\/pl\/wp-json\/wp\/v2\/comments?post=8908"}],"version-history":[{"count":1,"href":"https:\/\/moverdb.com\/pl\/wp-json\/wp\/v2\/pages\/8908\/revisions"}],"predecessor-version":[{"id":8909,"href":"https:\/\/moverdb.com\/pl\/wp-json\/wp\/v2\/pages\/8908\/revisions\/8909"}],"up":[{"embeddable":true,"href":"https:\/\/moverdb.com\/pl\/wp-json\/wp\/v2\/pages\/190"}],"wp:attachment":[{"href":"https:\/\/moverdb.com\/pl\/wp-json\/wp\/v2\/media?parent=8908"}],"curies":[{"name":"wp","href":"https:\/\/api.w.org\/{rel}","templated":true}]}}