{"id":890,"date":"2016-08-29T10:10:27","date_gmt":"2016-08-29T10:10:27","guid":{"rendered":"http:\/\/moverdb.com\/?page_id=890"},"modified":"2026-01-08T15:20:31","modified_gmt":"2026-01-08T15:20:31","slug":"pearson","status":"publish","type":"page","link":"https:\/\/moverdb.com\/pl\/pearson\/","title":{"rendered":"Pearson Home Moving: Przeprowadzki mi\u0119dzynarodowe"},"content":{"rendered":"<p>Pearson Home Moving to firma zajmuj\u0105ca si\u0119 przeprowadzkami i relokacjami, kt\u00f3ra oferuje swoim klientom nast\u0119puj\u0105ce us\u0142ugi. Po li\u015bcie us\u0142ug znajduje si\u0119 profil firmy i jej opinie.<\/p>\n<p><strong>Us\u0142ugi w zakresie mi\u0119dzynarodowych przeprowadzek dom\u00f3w<\/strong><\/p>\n<ul>\n<li> Dedykowany kierownik przeprowadzki<\/li>\n<li> Us\u0142uga \"od drzwi do drzwi\".<\/li>\n<li> Dedykowana flota pojazd\u00f3w<\/li>\n<li> Profesjonalni pakowacze - demonta\u017c i pakowanie<\/li>\n<li> Dostarczane materia\u0142y opakowaniowe<\/li>\n<li> <a href=\"https:\/\/moverdb.com\/pl\/przeladunek-w-kontenerach\/\">Fracht lotniczy lub morski<\/a><\/li>\n<li> Pomoc celna<\/li>\n<li> Rozpakowanie i ponowny monta\u017c<\/li>\n<li> Przenoszenie zwierz\u0105t domowych<\/li>\n<li> <a href=\"https:\/\/moverdb.com\/pl\/samochod-transport-wysylka\/\">Przenoszenie pojazd\u00f3w<\/a><\/li>\n<li> Serwis sprz\u0105taj\u0105cy<\/li>\n<li> Ustalone ubezpieczenie<\/li>\n<li> Mo\u017cliwo\u015b\u0107 przechowywania<\/li>\n<\/ul>\n<h2>Profil firmy Pearson Home Moving<\/h2>\n<p>Firma Pearson Home Moving zosta\u0142a za\u0142o\u017cona w 1917 roku przez Edwarda Pearsona i do tej pory wykona\u0142a ponad 250 000 udanych przeprowadzek na wszystkich kontynentach, nawet na Antarktydzie. Celem Edwarda Pearsona by\u0142o sta\u0107 si\u0119 najlepszym <a href=\"https:\/\/moverdb.com\/pl\/international-removals\/\" data-internallinksmanager029f6b8e52c=\"27\" title=\"36 najlepszych firm zajmuj\u0105cych si\u0119 przeprowadzkami mi\u0119dzynarodowymi w Wielkiej Brytanii\">przedsi\u0119biorstwo przeprowadzkowe<\/a> w bran\u017cy.<\/p>\n<p>Firma twierdzi, \u017ce wykorzysta\u0142a ostatnie 100 lat, aby zbudowa\u0107 jedn\u0105 z najlepszych na \u015bwiecie globalnych sieci profesjonalist\u00f3w w dziedzinie przeprowadzek. Pearson Home Moving stawia swoich klient\u00f3w na pierwszym miejscu, niezale\u017cnie od tego, jak ma\u0142a jest przeprowadzka.<\/p>\n<p>Polityka Pearson Home Moving w zakresie ochrony \u015brodowiska obejmuje stosowanie produkt\u00f3w przyjaznych dla \u015brodowiska i recyklingu wsz\u0119dzie tam, gdzie jest to mo\u017cliwe, a tak\u017ce staranie si\u0119, aby zawsze u\u017cywa\u0107 w pe\u0142ni za\u0142adowanych pojazd\u00f3w w celu zmniejszenia \u015bladu w\u0119glowego.<\/p>\n<p>Posiadaj\u0105 nast\u0119puj\u0105ce akredytacje i przynale\u017cno\u015bci:<\/p>\n<ul>\n<li> <a href=\"https:\/\/moverdb.com\/pl\/british-association-of-removers\/\">Brytyjskie Stowarzyszenie Przedsi\u0119biorc\u00f3w Przeprowadzkowych<\/a> (<a href=\"https:\/\/moverdb.com\/pl\/british-association-of-removers\/\" data-internallinksmanager029f6b8e52c=\"9\" title=\"Brytyjskie Stowarzyszenie Przeprowadzek (BAR) - obja\u015bnienia\">BAR<\/a>)<\/li>\n<li> <a href=\"https:\/\/moverdb.com\/pl\/harmony-relocation-network\/\">Sie\u0107 Harmony Relocation<\/a><\/li>\n<li> DNV ISO9001<\/li>\n<li> <a href=\"https:\/\/moverdb.com\/pl\/fedemac\/\">Federacja Europejskiego Stowarzyszenia Przewo\u017anik\u00f3w<\/a> (<a href=\"https:\/\/moverdb.com\/pl\/fedemac\/\" data-internallinksmanager029f6b8e52c=\"15\" title=\"Federacja Europejskiego Stowarzyszenia Przewo\u017anik\u00f3w (FEDEMAC) - wyja\u015bnienie\">FEDEMAC<\/a>)<\/li>\n<li> <a href=\"https:\/\/moverdb.com\/pl\/fidi-faim\/\">FIDI<\/a><\/li>\n<\/ul>\n<h2>Pearson Home Moving Reviews<\/h2>\n<p><strong>Pozytywne:<\/strong><\/p>\n<ul>\n<li> \"To by\u0142a nasza 19. przeprowadzka w ci\u0105gu 40 lat. Najlepsza w historii, bardzo profesjonalny personel biura, a pracownicy przeprowadzki byli pierwszorz\u0119dni. Dobra robota! Z ca\u0142ego serca polecamy Pearson ka\u017cdemu\". - Peter via <a href=\"http:\/\/www.pearsonhomemoving.com\/\" target=\"_blank\" rel=\"noopener\">Pearson Home Moving Website<\/a><\/li>\n<li> <em>\"Ta firma by\u0142a fantastyczna od pocz\u0105tku do ko\u0144ca. Ich cena by\u0142a naprawd\u0119 konkurencyjna i dali <a href=\"https:\/\/moverdb.com\/pl\/moving-to-the-united-states\/\" data-internallinksmanager029f6b8e52c=\"94\" title=\"Przeprowadzasz si\u0119 do Stan\u00f3w Zjednoczonych? 2026 Koszty \u017cycia i wskaz\u00f3wki dotycz\u0105ce przeprowadzki\">nas<\/a> doskona\u0142a us\u0142uga\".<\/em> - Steve poprzez <a href=\"http:\/\/www.mymovingreviews.com\/movers\/pearson-home-moving-2276#56936\" target=\"_blank\" rel=\"noopener\">MyMovingReviews.com<\/a><\/li>\n<li> <em>\"Otrzymali\u015bmy bardzo profesjonaln\u0105 us\u0142ug\u0119 przy naszej przeprowadzce z <a href=\"https:\/\/moverdb.com\/pl\/moving-to-germany\/\" data-internallinksmanager029f6b8e52c=\"321\" title=\"Przeprowadzka do Niemiec? Koszty \u017cycia i wskaz\u00f3wki dotycz\u0105ce przeprowadzki w 2023 r.\">Niemcy<\/a> do <a href=\"https:\/\/moverdb.com\/pl\/moving-to-the-uk\/\" data-internallinksmanager029f6b8e52c=\"93\" title=\"Przeprowadzasz si\u0119 do Wielkiej Brytanii? 2026 Koszty \u017cycia i wskaz\u00f3wki dotycz\u0105ce przeprowadzki\">UK<\/a>.\"<\/em> - Kerry przez <a href=\"http:\/\/www.removalreviews.co.uk\/movingreviews\/home-move-to-uk-10941\" target=\"_blank\" rel=\"noopener\">Recenzje przeprowadzek<\/a><\/li>\n<li> \"<em>Wspania\u0142a obs\u0142uga klienta \/ wspania\u0142a obs\u0142uga og\u00f3lna .\"<\/em> - Bruce przez <a href=\"http:\/\/www.ciao.co.uk\/Pearson_Home_Moving__Review_6008009\" target=\"_blank\" rel=\"noopener\">Ciao!<\/a> <\/li>\n<\/ul>\n<p><strong>Negatywny:<\/strong><\/p>\n<ul>\n<li> <em>\"Dostawa przysz\u0142a z dwudniowym op\u00f3\u017anieniem. Mo\u017cemy zrozumie\u0107, \u017ce by\u0142y k\u0142opoty i op\u00f3\u017anienia na granicy, na kt\u00f3re nie mieli wp\u0142ywu, ale nie to, \u017ce nigdy nie poinformowano nas o statusie dostawy\".<\/em> - Christoph via <a href=\"http:\/\/www.mymovingreviews.com\/movers\/pearson-home-moving-2276#57516\" target=\"_blank\" rel=\"noopener\">MyMovingReviews.com<\/a> <\/li>\n<li> <em>\"W momencie dostawy moje pude\u0142ka by\u0142y brudne i mokre. W zwi\u0105zku z tym by\u0142y r\u00f3wnie\u017c uszkodzone\".<\/em> - Harald w Glos via <a href=\"http:\/\/www.removalreviews.co.uk\/movingreviews\/never-again-10123\" target=\"_blank\" rel=\"noopener\">Recenzje przeprowadzek<\/a><\/li>\n<li> <em>\"W ko\u0144cu moje rzeczy zosta\u0142y dostarczone w po\u0142owie wrze\u015bnia, 81 dni po ich odebraniu\".<\/em> - Imoena via <a href=\"http:\/\/www.ciao.co.uk\/Pearson_Home_Moving__Review_6113468\" target=\"_blank\" rel=\"noopener\">Ciao!<\/a> <\/li>\n<\/ul>\n<div itemprop=\"review\" itemscope itemtype=\"http:\/\/schema.org\/Review\">\n<span itemprop=\"author\" itemscope=\"\" itemtype=\"http:\/\/schema.org\/Organization\"><span itemprop=\"name\">MoverDB.com<\/span><\/span> Przegl\u0105d stron internetowych dla <span itemprop=\"itemreviewed\" itemscope=\"\" itemtype=\"http:\/\/schema.org\/Brand\"><span itemprop=\"name\">Pearson Home Moving<\/span><\/span>:<\/p>\n<ol>\n<li> Przejrzyste dane kontaktowe na stronie internetowej (w tym numer telefonu): <strong>Tak<\/strong><\/li>\n<li> \u0141atwe do uzyskania <a href=\"https:\/\/moverdb.com\/pl\/cytaty\/\">oferty na przeprowadzki mi\u0119dzynarodowe<\/a>? (formularz wniosku o wycen\u0119 online): <strong>Tak<\/strong><\/li>\n<li> Przejrzyste informacje na stronie internetowej: <strong>Niekt\u00f3re<\/strong>Chocia\u017c na stronie internetowej znajduj\u0105 si\u0119 przejrzyste informacje kontaktowe i przegl\u0105d us\u0142ug, brakuje na niej szczeg\u00f3\u0142owych informacji na temat planowania przeprowadzki.<\/li>\n<li> Cz\u0142onkostwo w mi\u0119dzynarodowych uznanych organizacjach zajmuj\u0105cych si\u0119 przemieszczaniem: <strong>Tak<\/strong>patrz wy\u017cej.<\/li>\n<li> Lista klient\u00f3w i\/lub referencje poprzednich klient\u00f3w: <strong>Tak,<\/strong> Na stronie mo\u017cna znale\u017a\u0107 kilka referencji klient\u00f3w.<\/li>\n<\/ol>\n<div itemprop=\"reviewRating\" itemscope itemtype=\"http:\/\/schema.org\/Rating\"><meta itemprop=\"worstRating\" content = \"0\" \/><meta itemprop=\"bestRating\" content=\"5\" \/><meta itemprop=\"ratingValue\" content=\"4.5\"><\/div>\n<p><strong>Ocena og\u00f3lna: 4,5\/5<\/strong><br \/>\n<strong>Data przegl\u0105du:<\/strong> <span itemprop=\"datePublished\" content=\"2016-08-29\">29\/08\/2016<\/span>\n<\/div>\n<p>Wi\u0119cej na temat <a href=\"https:\/\/moverdb.com\/pl\/przeprowadzki-miedzynarodowe\/\">przeprowadzki mi\u0119dzynarodowe<\/a> i nasze <a href=\"https:\/\/moverdb.com\/pl\/recenzje\/\">proces przegl\u0105du<\/a>.<\/p>\n<p><strong>Strona internetowa:<\/strong> <a href=\"http:\/\/www.pearsonhomemoving.com\" target=\"_blank\" rel=\"noopener\">http:\/\/www.pearsonhomemoving.com<\/a><\/p>","protected":false},"excerpt":{"rendered":"<p>Pearson Home Moving are a removal and relocation company which offer the following services to their clients. The service list is followed by their company profile and reviews. International Home Moving Services Dedicated move manager Door to door service Dedicated vehicle fleet Professional packers &#8211; disassemble and pack Packing materials suppled Air freight or sea [&hellip;]<\/p>\n","protected":false},"author":1,"featured_media":0,"parent":0,"menu_order":0,"comment_status":"closed","ping_status":"closed","template":"","meta":{"_genesis_hide_title":false,"_genesis_hide_breadcrumbs":false,"_genesis_hide_singular_image":false,"_genesis_hide_footer_widgets":false,"_genesis_custom_body_class":"","_genesis_custom_post_class":"","_genesis_layout":"","footnotes":""},"class_list":{"0":"post-890","1":"page","2":"type-page","3":"status-publish","5":"entry"},"_links":{"self":[{"href":"https:\/\/moverdb.com\/pl\/wp-json\/wp\/v2\/pages\/890","targetHints":{"allow":["GET"]}}],"collection":[{"href":"https:\/\/moverdb.com\/pl\/wp-json\/wp\/v2\/pages"}],"about":[{"href":"https:\/\/moverdb.com\/pl\/wp-json\/wp\/v2\/types\/page"}],"author":[{"embeddable":true,"href":"https:\/\/moverdb.com\/pl\/wp-json\/wp\/v2\/users\/1"}],"replies":[{"embeddable":true,"href":"https:\/\/moverdb.com\/pl\/wp-json\/wp\/v2\/comments?post=890"}],"version-history":[{"count":6,"href":"https:\/\/moverdb.com\/pl\/wp-json\/wp\/v2\/pages\/890\/revisions"}],"predecessor-version":[{"id":6229,"href":"https:\/\/moverdb.com\/pl\/wp-json\/wp\/v2\/pages\/890\/revisions\/6229"}],"wp:attachment":[{"href":"https:\/\/moverdb.com\/pl\/wp-json\/wp\/v2\/media?parent=890"}],"curies":[{"name":"wp","href":"https:\/\/api.w.org\/{rel}","templated":true}]}}