{"id":8899,"date":"2023-04-27T14:32:24","date_gmt":"2023-04-27T14:32:24","guid":{"rendered":"https:\/\/moverdb.com\/?page_id=8899"},"modified":"2026-01-08T15:30:13","modified_gmt":"2026-01-08T15:30:13","slug":"moving-companies-nicaragua","status":"publish","type":"page","link":"https:\/\/moverdb.com\/pl\/moving-companies\/moving-companies-nicaragua\/","title":{"rendered":"Najlepsze firmy zajmuj\u0105ce si\u0119 przeprowadzkami mi\u0119dzynarodowymi w Nikaragui"},"content":{"rendered":"<p>Czy planujesz przeprowadzk\u0119 do Nikaragui, z Nikaragui lub w obr\u0119bie kraju? W takim razie organizacja i formalno\u015bci mog\u0105 by\u0107 zniech\u0119caj\u0105ce i mo\u017cesz potrzebowa\u0107 wsparcia. <a href=\"https:\/\/moverdb.com\/pl\/moving-companies\/\" data-internallinksmanager029f6b8e52c=\"79\" title=\"25 najlepszych firm przeprowadzek mi\u0119dzynarodowych online\">przedsi\u0119biorstwo przeprowadzkowe<\/a> mo\u017ce pom\u00f3c w zmniejszeniu nak\u0142adu pracy. Poni\u017cej zebrali\u015bmy list\u0119 <a href=\"https:\/\/moverdb.com\/pl\/moving-companies\/moving-companies-mauritius\/\" data-internallinksmanager029f6b8e52c=\"291\" title=\"6 Najlepsze firmy zajmuj\u0105ce si\u0119 przeprowadzkami mi\u0119dzynarodowymi na Mauritiusie\">Mauritius<\/a> na stronie <a href=\"https:\/\/moverdb.com\/pl\/international-removals\/\" data-internallinksmanager029f6b8e52c=\"27\" title=\"36 najlepszych firm zajmuj\u0105cych si\u0119 przeprowadzkami mi\u0119dzynarodowymi w Wielkiej Brytanii\">przedsi\u0119biorstwa przeprowadzkowe<\/a> kt\u00f3re s\u0105 cz\u0142onkami <a href=\"https:\/\/moverdb.com\/pl\/iam\/\" data-internallinksmanager029f6b8e52c=\"23\" title=\"Mi\u0119dzynarodowe Stowarzyszenie Przewo\u017anik\u00f3w (IAM) - obja\u015bnienia\">Mi\u0119dzynarodowe Stowarzyszenie Przewo\u017anik\u00f3w<\/a> (IAM) i\/lub <a href=\"https:\/\/moverdb.com\/pl\/fidi-faim\/\" data-internallinksmanager029f6b8e52c=\"16\" title=\"FIDI i FAIM (FIDI Accredited International Mover) - obja\u015bnienia\">FIDI<\/a> Accredited International Mover (FAIM), kt\u00f3ry mo\u017ce pom\u00f3c w przeprowadzce.<\/p>\n<h2><strong>Mudanzas Mundiales<\/strong><\/h2>\n<p><img loading=\"lazy\" decoding=\"async\" class=\"alignnone size-full wp-image-8834\" src=\"https:\/\/moverdb.com\/wp-content\/uploads\/Mudanzas-Mundiales-international-moving-company-1.png\" alt=\"Mudanzas Mundiales - mi\u0119dzynarodowa firma przeprowadzkowa\" width=\"1440\" height=\"681\" data-wp-pid=\"8834\" srcset=\"https:\/\/moverdb.com\/wp-content\/uploads\/Mudanzas-Mundiales-international-moving-company-1.png 1440w, https:\/\/moverdb.com\/wp-content\/uploads\/Mudanzas-Mundiales-international-moving-company-1-300x142.png 300w, https:\/\/moverdb.com\/wp-content\/uploads\/Mudanzas-Mundiales-international-moving-company-1-1024x484.png 1024w, https:\/\/moverdb.com\/wp-content\/uploads\/Mudanzas-Mundiales-international-moving-company-1-18x9.png 18w, https:\/\/moverdb.com\/wp-content\/uploads\/Mudanzas-Mundiales-international-moving-company-1-600x284.png 600w\" sizes=\"auto, (max-width: 1440px) 100vw, 1440px\" \/><\/p>\n<ul>\n<li>Przeprowadzki lokalne i krajowe<\/li>\n<li>Przeprowadzki mi\u0119dzynarodowe<\/li>\n<li>Przeprowadzki mieszkaniowe<\/li>\n<li>Przeprowadzki handlowe<\/li>\n<li>Us\u0142ugi \"od drzwi do drzwi<\/li>\n<li>Us\u0142uga pakowania<\/li>\n<li>Maklerstwo celne<\/li>\n<li>Obs\u0142uga dzie\u0142 sztuki<\/li>\n<li>Przeniesienie zwierz\u0105t domowych<\/li>\n<li>Obiekty magazynowe<\/li>\n<\/ul>\n<p>Mudanzas Mundiales jest firm\u0105 zajmuj\u0105c\u0105 si\u0119 przeprowadzkami, logistyk\u0105 i magazynowaniem z ponad 60-letnim do\u015bwiadczeniem, z siedzib\u0105 w Barrio Altagracia, a tak\u017ce z lokalizacj\u0105 w <a href=\"https:\/\/moverdb.com\/pl\/moving-to-costa-rica\/\" data-internallinksmanager029f6b8e52c=\"427\" title=\"Przeprowadzka do Kostaryki? 2026 Koszty \u017cycia i wskaz\u00f3wki dotycz\u0105ce relokacji\">Kostaryka<\/a>. Maj\u0105 relacje z partnerami biznesowymi na ca\u0142ym \u015bwiecie, aby pom\u00f3c im w dostarczaniu us\u0142ug w innych krajach i s\u0105 cz\u0142onkiem IAM.<\/p>\n<p>Mudanzas Mundiales oferuje jeden punkt kontaktowy do przeprowadzek od drzwi do drzwi, aby pom\u00f3c Ci. Oferuje us\u0142ug\u0119 pakowania przy u\u017cyciu najwy\u017cszej jako\u015bci materia\u0142\u00f3w, aby chroni\u0107 Twoje rzeczy, a po przyje\u017adzie rozpakowuje i uk\u0142ada meble. Organizuj\u0105 transport lotniczy, morski i l\u0105dowy z monitorowaniem \u0142adunku i po\u015brednictwem celnym.<\/p>\n<p>Strona internetowa: <a href=\"http:\/\/www.mudanzasmundiales.com\" target=\"_blank\" rel=\"noopener\">http:\/\/www.mudanzasmundiales.com<\/a><\/p>","protected":false},"excerpt":{"rendered":"<p>Are you planning a move to or from Nicaragua or within the country? Then the organisation and paperwork might be daunting, and you may want some support, this is where a moving company can help reduce the workload. Below we have compiled a list of Mauritius based removal companies that are members of the International [&hellip;]<\/p>\n","protected":false},"author":4,"featured_media":0,"parent":190,"menu_order":0,"comment_status":"closed","ping_status":"closed","template":"","meta":{"_genesis_hide_title":false,"_genesis_hide_breadcrumbs":false,"_genesis_hide_singular_image":false,"_genesis_hide_footer_widgets":false,"_genesis_custom_body_class":"","_genesis_custom_post_class":"","_genesis_layout":"","footnotes":""},"class_list":{"0":"post-8899","1":"page","2":"type-page","3":"status-publish","5":"entry","6":"has-post-thumbnail"},"_links":{"self":[{"href":"https:\/\/moverdb.com\/pl\/wp-json\/wp\/v2\/pages\/8899","targetHints":{"allow":["GET"]}}],"collection":[{"href":"https:\/\/moverdb.com\/pl\/wp-json\/wp\/v2\/pages"}],"about":[{"href":"https:\/\/moverdb.com\/pl\/wp-json\/wp\/v2\/types\/page"}],"author":[{"embeddable":true,"href":"https:\/\/moverdb.com\/pl\/wp-json\/wp\/v2\/users\/4"}],"replies":[{"embeddable":true,"href":"https:\/\/moverdb.com\/pl\/wp-json\/wp\/v2\/comments?post=8899"}],"version-history":[{"count":1,"href":"https:\/\/moverdb.com\/pl\/wp-json\/wp\/v2\/pages\/8899\/revisions"}],"predecessor-version":[{"id":8900,"href":"https:\/\/moverdb.com\/pl\/wp-json\/wp\/v2\/pages\/8899\/revisions\/8900"}],"up":[{"embeddable":true,"href":"https:\/\/moverdb.com\/pl\/wp-json\/wp\/v2\/pages\/190"}],"wp:attachment":[{"href":"https:\/\/moverdb.com\/pl\/wp-json\/wp\/v2\/media?parent=8899"}],"curies":[{"name":"wp","href":"https:\/\/api.w.org\/{rel}","templated":true}]}}