{"id":8897,"date":"2023-04-27T14:33:01","date_gmt":"2023-04-27T14:33:01","guid":{"rendered":"https:\/\/moverdb.com\/?page_id=8897"},"modified":"2026-01-08T15:29:01","modified_gmt":"2026-01-08T15:29:01","slug":"moving-companies-norway","status":"publish","type":"page","link":"https:\/\/moverdb.com\/pl\/moving-companies\/moving-companies-norway\/","title":{"rendered":"5 Najlepszych firm zajmuj\u0105cych si\u0119 przeprowadzkami mi\u0119dzynarodowymi w Norwegii"},"content":{"rendered":"<p>Je\u015bli przenosisz dom lub firm\u0119 w obr\u0119bie, do lub z <a href=\"https:\/\/moverdb.com\/pl\/moving-to-norway\/\" data-internallinksmanager029f6b8e52c=\"325\" title=\"Przeprowadzka do Norwegii? Koszty utrzymania i porady dotycz\u0105ce przeprowadzki w 2023 r.\">Norwegia<\/a> wtedy mo\u017cesz chcie\u0107 zatrudni\u0107 us\u0142ugi <a href=\"https:\/\/moverdb.com\/pl\/moving-companies\/\" data-internallinksmanager029f6b8e52c=\"79\" title=\"25 najlepszych firm przeprowadzek mi\u0119dzynarodowych online\">przedsi\u0119biorstwo przeprowadzkowe<\/a> do pomocy. Mog\u0105 oni pom\u00f3c Ci w pakowaniu, zorganizowaniu transportu i za\u0142atwieniu formalno\u015bci. Poni\u017cej przedstawiamy list\u0119 firm z siedzib\u0105 w Norwegii <a href=\"https:\/\/moverdb.com\/pl\/international-removals\/\" data-internallinksmanager029f6b8e52c=\"27\" title=\"36 najlepszych firm zajmuj\u0105cych si\u0119 przeprowadzkami mi\u0119dzynarodowymi w Wielkiej Brytanii\">przedsi\u0119biorstwa przeprowadzkowe<\/a> kt\u00f3re s\u0105 cz\u0142onkami <a href=\"https:\/\/moverdb.com\/pl\/iam\/\" data-internallinksmanager029f6b8e52c=\"23\" title=\"Mi\u0119dzynarodowe Stowarzyszenie Przewo\u017anik\u00f3w (IAM) - obja\u015bnienia\">Mi\u0119dzynarodowe Stowarzyszenie Przewo\u017anik\u00f3w<\/a> (IAM) i\/lub <a href=\"https:\/\/moverdb.com\/pl\/fidi-faim\/\" data-internallinksmanager029f6b8e52c=\"16\" title=\"FIDI i FAIM (FIDI Accredited International Mover) - obja\u015bnienia\">FIDI<\/a> Accredited International Mover (FAIM), kt\u00f3ry mo\u017ce pom\u00f3c w przeprowadzce.<\/p>\n<div id=\"ez-toc-container\" class=\"ez-toc-v2_0_83 ez-toc-wrap-left counter-hierarchy ez-toc-counter ez-toc-transparent ez-toc-container-direction\">\n<div class=\"ez-toc-title-container\">\n<p class=\"ez-toc-title\" style=\"cursor:inherit\">Sekcje<\/p>\n<span class=\"ez-toc-title-toggle\"><a href=\"#\" class=\"ez-toc-pull-right ez-toc-btn ez-toc-btn-xs ez-toc-btn-default ez-toc-toggle\" aria-label=\"Prze\u0142\u0105cznik Spisu Tre\u015bci\"><span class=\"ez-toc-js-icon-con\"><span class=\"\"><span class=\"eztoc-hide\" style=\"display:none;\">Toggle<\/span><span class=\"ez-toc-icon-toggle-span\"><svg style=\"fill: #999;color:#999\" xmlns=\"http:\/\/www.w3.org\/2000\/svg\" class=\"list-377408\" width=\"20px\" height=\"20px\" viewbox=\"0 0 24 24\" fill=\"none\"><path d=\"M6 6H4v2h2V6zm14 0H8v2h12V6zM4 11h2v2H4v-2zm16 0H8v2h12v-2zM4 16h2v2H4v-2zm16 0H8v2h12v-2z\" fill=\"currentColor\"><\/path><\/svg><svg style=\"fill: #999;color:#999\" class=\"arrow-unsorted-368013\" xmlns=\"http:\/\/www.w3.org\/2000\/svg\" width=\"10px\" height=\"10px\" viewbox=\"0 0 24 24\" version=\"1.2\" baseprofile=\"tiny\"><path d=\"M18.2 9.3l-6.2-6.3-6.2 6.3c-.2.2-.3.4-.3.7s.1.5.3.7c.2.2.4.3.7.3h11c.3 0 .5-.1.7-.3.2-.2.3-.5.3-.7s-.1-.5-.3-.7zM5.8 14.7l6.2 6.3 6.2-6.3c.2-.2.3-.5.3-.7s-.1-.5-.3-.7c-.2-.2-.4-.3-.7-.3h-11c-.3 0-.5.1-.7.3-.2.2-.3.5-.3.7s.1.5.3.7z\"\/><\/svg><\/span><\/span><\/span><\/a><\/span><\/div>\n<nav><ul class='ez-toc-list ez-toc-list-level-1 eztoc-toggle-hide-by-default' ><li class='ez-toc-page-1 ez-toc-heading-level-2'><a class=\"ez-toc-link ez-toc-heading-1\" href=\"https:\/\/moverdb.com\/pl\/moving-companies\/moving-companies-norway\/#1_Adams_Express\" >1. Adams Express<\/a><\/li><li class='ez-toc-page-1 ez-toc-heading-level-2'><a class=\"ez-toc-link ez-toc-heading-2\" href=\"https:\/\/moverdb.com\/pl\/moving-companies\/moving-companies-norway\/#2_Hakull\" >2. Hakull<\/a><\/li><li class='ez-toc-page-1 ez-toc-heading-level-2'><a class=\"ez-toc-link ez-toc-heading-3\" href=\"https:\/\/moverdb.com\/pl\/moving-companies\/moving-companies-norway\/#3_NFB_International_Relocations\" >3. Mi\u0119dzynarodowe przemieszczenia NFB<\/a><\/li><li class='ez-toc-page-1 ez-toc-heading-level-2'><a class=\"ez-toc-link ez-toc-heading-4\" href=\"https:\/\/moverdb.com\/pl\/moving-companies\/moving-companies-norway\/#4_SIRVA\" >4. SIRVA<\/a><\/li><li class='ez-toc-page-1 ez-toc-heading-level-2'><a class=\"ez-toc-link ez-toc-heading-5\" href=\"https:\/\/moverdb.com\/pl\/moving-companies\/moving-companies-norway\/#5_Vinjes\" >5. Vinjes<\/a><\/li><li class='ez-toc-page-1 ez-toc-heading-level-2'><a class=\"ez-toc-link ez-toc-heading-6\" href=\"https:\/\/moverdb.com\/pl\/moving-companies\/moving-companies-norway\/#Other_Useful_Guides_to_Norway\" >Inne przydatne przewodniki po Norwegii<\/a><\/li><\/ul><\/nav><\/div>\n<h2><span class=\"ez-toc-section\" id=\"1_Adams_Express\"><\/span><strong>1. Adams Express<\/strong><span class=\"ez-toc-section-end\"><\/span><\/h2>\n<p><img loading=\"lazy\" decoding=\"async\" class=\"alignnone size-full wp-image-8750\" src=\"https:\/\/moverdb.com\/wp-content\/uploads\/Adams-Express-international-moving-company.png\" alt=\"Firma Adams Express zajmuj\u0105ca si\u0119 przeprowadzkami mi\u0119dzynarodowymi\" width=\"1440\" height=\"674\" data-wp-pid=\"8750\" srcset=\"https:\/\/moverdb.com\/wp-content\/uploads\/Adams-Express-international-moving-company.png 1440w, https:\/\/moverdb.com\/wp-content\/uploads\/Adams-Express-international-moving-company-300x140.png 300w, https:\/\/moverdb.com\/wp-content\/uploads\/Adams-Express-international-moving-company-1024x479.png 1024w, https:\/\/moverdb.com\/wp-content\/uploads\/Adams-Express-international-moving-company-18x8.png 18w, https:\/\/moverdb.com\/wp-content\/uploads\/Adams-Express-international-moving-company-600x281.png 600w\" sizes=\"auto, (max-width: 1440px) 100vw, 1440px\" \/><\/p>\n<ul>\n<li>Ruchy krajowe<\/li>\n<li>Przeprowadzki mi\u0119dzynarodowe<\/li>\n<li>Przeprowadzki gospodarstw domowych<\/li>\n<li>Przeprowadzki biurowe<\/li>\n<li>Us\u0142uga pakowania<\/li>\n<li>Organizacja transportu<\/li>\n<li>Odprawa celna<\/li>\n<li>Obr\u00f3bka dzie\u0142 sztuki<\/li>\n<li>Ubezpieczenia<\/li>\n<li>Przechowywanie kr\u00f3tko i d\u0142ugoterminowe<\/li>\n<\/ul>\n<p>Adams Express to firma zajmuj\u0105ca si\u0119 przeprowadzkami, magazynowaniem i logistyk\u0105, kt\u00f3ra ma swoje siedziby w Bergen, Oslo i Stavanger. Maj\u0105 rozleg\u0142\u0105 sie\u0107 agent\u00f3w na ca\u0142ym \u015bwiecie, kt\u00f3rzy mog\u0105 pom\u00f3c im w us\u0142ugach mi\u0119dzynarodowych. Jest cz\u0142onkiem IAM z 125-letni\u0105 tradycj\u0105 i posiada akredytacj\u0119 FIDI.<\/p>\n<p>Adams Express oferuje us\u0142ugi przeprowadzkowe od ma\u0142ych przesy\u0142ek po du\u017ce kontrakty. Zapewniaj\u0105 us\u0142ug\u0119 \"od drzwi do drzwi\", kt\u00f3ra obejmuje sprawdzenie przedmiot\u00f3w i zaplanowanie przeprowadzki. Oferuj\u0105 us\u0142ug\u0119 pakowania, aby chroni\u0107 Twoje rzeczy i rozpakowuj\u0105 je po przyje\u017adzie. Transportuje rzeczy do miejsca przeznaczenia i pomaga w odprawie celnej i ubezpieczeniu.<\/p>\n<p>Strona internetowa: <a href=\"http:\/\/www.adamsexpress.no\" target=\"_blank\" rel=\"noopener\">http:\/\/www.adamsexpress.no<\/a><\/p>\n<h2><span class=\"ez-toc-section\" id=\"2_Hakull\"><\/span><strong>2. Hakull<\/strong><span class=\"ez-toc-section-end\"><\/span><\/h2>\n<p><img loading=\"lazy\" decoding=\"async\" class=\"alignnone size-full wp-image-8812\" src=\"https:\/\/moverdb.com\/wp-content\/uploads\/Hakull-international-moving-company.png\" alt=\"Firma zajmuj\u0105ca si\u0119 przeprowadzkami mi\u0119dzynarodowymi Hakull\" width=\"1440\" height=\"680\" data-wp-pid=\"8812\" srcset=\"https:\/\/moverdb.com\/wp-content\/uploads\/Hakull-international-moving-company.png 1440w, https:\/\/moverdb.com\/wp-content\/uploads\/Hakull-international-moving-company-300x142.png 300w, https:\/\/moverdb.com\/wp-content\/uploads\/Hakull-international-moving-company-1024x484.png 1024w, https:\/\/moverdb.com\/wp-content\/uploads\/Hakull-international-moving-company-18x9.png 18w, https:\/\/moverdb.com\/wp-content\/uploads\/Hakull-international-moving-company-600x283.png 600w\" sizes=\"auto, (max-width: 1440px) 100vw, 1440px\" \/><\/p>\n<ul>\n<li>Przeprowadzki lokalne i krajowe<\/li>\n<li>Przeprowadzki mi\u0119dzynarodowe<\/li>\n<li>Przeprowadzki gospodarstw domowych<\/li>\n<li>Przeprowadzki biur<\/li>\n<li>Us\u0142ugi relokacyjne<\/li>\n<li>Us\u0142uga \"od drzwi do drzwi\".<\/li>\n<li>Us\u0142uga pakowania<\/li>\n<li>Fracht drogowy, morski i lotniczy<\/li>\n<li>Odprawa celna<\/li>\n<li>Obiekty magazynowe<\/li>\n<\/ul>\n<p>Hakull jest firm\u0105 \u015bwiadcz\u0105c\u0105 us\u0142ugi transportu mi\u0119dzynarodowego i przeprowadzek, za\u0142o\u017con\u0105 w 1946 roku, z siedzibami w Sandes, Kristiansand, Oslo i Norresundby. Jest cz\u0142onkiem IAM z 77-letnim sta\u017cem i posiada akredytacj\u0119 FIDI.<\/p>\n<p>Hakull oferuje us\u0142ugi przeprowadzkowe dla r\u00f3\u017cnych towar\u00f3w, w tym mebli i wszystkiego innego w Twoim domu z us\u0142ug\u0105 od drzwi do drzwi. Zapewniaj\u0105 us\u0142ug\u0119 pakowania, aby chroni\u0107 swoje rzeczy w transporcie. Zapewniaj\u0105 transport drogowy, morski lub lotniczy, kt\u00f3ry obejmuje wyb\u00f3r kontener\u00f3w, takich jak pe\u0142ne i niepe\u0142ne \u0142adunki kontenerowe. Pomagaj\u0105 w odprawie celnej i mog\u0105 zapewni\u0107 przechowywanie w razie potrzeby z ubezpieczeniem.<\/p>\n<p>Strona internetowa: <a href=\"http:\/\/www.haakull.no\" target=\"_blank\" rel=\"noopener\">http:\/\/www.haakull.no<\/a><\/p>\n<h2><span class=\"ez-toc-section\" id=\"3_NFB_International_Relocations\"><\/span><strong>3. Mi\u0119dzynarodowe przemieszczenia NFB<\/strong><span class=\"ez-toc-section-end\"><\/span><\/h2>\n<p><img loading=\"lazy\" decoding=\"async\" class=\"alignnone size-full wp-image-8837\" src=\"https:\/\/moverdb.com\/wp-content\/uploads\/NFB-International-Relocations-company.png\" alt=\"Firma NFB International Relocations\" width=\"1440\" height=\"677\" data-wp-pid=\"8837\" srcset=\"https:\/\/moverdb.com\/wp-content\/uploads\/NFB-International-Relocations-company.png 1440w, https:\/\/moverdb.com\/wp-content\/uploads\/NFB-International-Relocations-company-300x141.png 300w, https:\/\/moverdb.com\/wp-content\/uploads\/NFB-International-Relocations-company-1024x481.png 1024w, https:\/\/moverdb.com\/wp-content\/uploads\/NFB-International-Relocations-company-18x8.png 18w, https:\/\/moverdb.com\/wp-content\/uploads\/NFB-International-Relocations-company-600x282.png 600w\" sizes=\"auto, (max-width: 1440px) 100vw, 1440px\" \/><\/p>\n<ul>\n<li>Ruchy krajowe<\/li>\n<li>Przeprowadzki mi\u0119dzynarodowe<\/li>\n<li>Przeprowadzki gospodarstw domowych<\/li>\n<li>Przeprowadzki firm<\/li>\n<li>Us\u0142uga pakowania<\/li>\n<li>Transport drogowy, morski i lotniczy<\/li>\n<li>Us\u0142ugi r\u0119kodzielnicze i pokojowe<\/li>\n<li>Wyszukiwanie w domu i szkole<\/li>\n<li>Ubezpieczenie tranzytowe<\/li>\n<li>Przechowywanie kr\u00f3tko i d\u0142ugoterminowe<\/li>\n<\/ul>\n<p>NFB International Relocations to mi\u0119dzynarodowa firma przeprowadzkowa z siedzib\u0105 w Skui. Wsp\u00f3\u0142pracuj\u0105 z globaln\u0105 sieci\u0105 profesjonalnych firm przeprowadzkowych na ca\u0142ym \u015bwiecie w 150 krajach, aby zapewni\u0107 us\u0142ugi mi\u0119dzynarodowe. S\u0105 cz\u0142onkiem IAM z 15-letnim sta\u017cem i posiadaj\u0105 akredytacj\u0119 FIDI.<\/p>\n<p>NFB International Relocations oferuje us\u0142ugi przeprowadzkowe \"od drzwi do drzwi\", kt\u00f3re rozpoczynaj\u0105 si\u0119 od ankiety przed przeprowadzk\u0105. Oferuje szeroki zakres us\u0142ug przeprowadzkowych, w tym pakowanie, transport na terenie Norwegii, Europy i na skal\u0119 mi\u0119dzynarodow\u0105, us\u0142ugi zarz\u0105dzania przeprowadzk\u0105, us\u0142ugi r\u0119kodzielnicze i pokoj\u00f3wki, przechowywanie i ubezpieczenie. Oferuj\u0105 us\u0142ugi relokacyjne, kt\u00f3re obejmuj\u0105 poszukiwanie domu i szko\u0142y, imigracj\u0119 i wizy, orientacj\u0119 i pomoc w rejestracji w lokalnych us\u0142ugach.<\/p>\n<p>Strona internetowa: <a href=\"http:\/\/www.nfbir.com\" target=\"_blank\" rel=\"noopener\">http:\/\/www.nfbir.com<\/a><\/p>\n<h2><span class=\"ez-toc-section\" id=\"4_SIRVA\"><\/span><strong>4. SIRVA<\/strong><span class=\"ez-toc-section-end\"><\/span><\/h2>\n<p><img loading=\"lazy\" decoding=\"async\" class=\"alignnone size-full wp-image-8859\" src=\"https:\/\/moverdb.com\/wp-content\/uploads\/SIRVA-Norway-international-moving-company.png\" alt=\"SIRVA Norwegia firma zajmuj\u0105ca si\u0119 przeprowadzkami mi\u0119dzynarodowymi\" width=\"1440\" height=\"681\" data-wp-pid=\"8859\" srcset=\"https:\/\/moverdb.com\/wp-content\/uploads\/SIRVA-Norway-international-moving-company.png 1440w, https:\/\/moverdb.com\/wp-content\/uploads\/SIRVA-Norway-international-moving-company-300x142.png 300w, https:\/\/moverdb.com\/wp-content\/uploads\/SIRVA-Norway-international-moving-company-1024x484.png 1024w, https:\/\/moverdb.com\/wp-content\/uploads\/SIRVA-Norway-international-moving-company-18x9.png 18w, https:\/\/moverdb.com\/wp-content\/uploads\/SIRVA-Norway-international-moving-company-600x284.png 600w\" sizes=\"auto, (max-width: 1440px) 100vw, 1440px\" \/><\/p>\n<ul>\n<li>Ruchy krajowe<\/li>\n<li>Przeprowadzki mi\u0119dzynarodowe<\/li>\n<li>Przeprowadzki gospodarstw domowych<\/li>\n<li>Przeprowadzki handlowe<\/li>\n<li>Zarz\u0105dzanie kompleksowe<\/li>\n<li>Eksperci od przeprowadzek, kt\u00f3rzy Ci\u0119 poprowadz\u0105<\/li>\n<li>Pojedynczy punkt kontaktowy<\/li>\n<li>Wyb\u00f3r opcji pakowania<\/li>\n<li>Organizacja transportu<\/li>\n<li>Obiekty magazynowe<\/li>\n<\/ul>\n<p>SIRVA to globalny dostawca us\u0142ug przeprowadzkowych i relokacyjnych, kt\u00f3ry posiada 77 lokalizacji obs\u0142uguj\u0105cych ponad 190 kraj\u00f3w z biurami w Oslo i Stavanger. Ich marki to SIRVA, Allied, North American Van Lines, SMARTBOX i inne. S\u0105 cz\u0142onkiem IAM z 46-letnim sta\u017cem i posiadaj\u0105 akredytacj\u0119 FIDI.<\/p>\n<p>SIRVA korzysta z najnowocze\u015bniejszych narz\u0119dzi i rozwi\u0105za\u0144, aby \u015bwiadczy\u0107 swoje us\u0142ugi. Oferuje kompleksowe us\u0142ugi przeprowadzkowe lub us\u0142ugi typu \"zr\u00f3b to sam\". Specjalizuj\u0105 si\u0119 w obs\u0142udze firm przenosz\u0105cych pracownik\u00f3w indywidualnie lub grupowo. Zapewniaj\u0105 ekspert\u00f3w od przeprowadzek, kt\u00f3rzy poprowadz\u0105 Ci\u0119 przez ca\u0142y proces i b\u0119d\u0105 jednym punktem kontaktowym.<\/p>\n<p>Strona internetowa: <a href=\"http:\/\/www.teamrelocations.com\" target=\"_blank\" rel=\"noopener\">http:\/\/www.teamrelocations.com<\/a><\/p>\n<h2><span class=\"ez-toc-section\" id=\"5_Vinjes\"><\/span><strong>5. Vinjes<\/strong><span class=\"ez-toc-section-end\"><\/span><\/h2>\n<p><img loading=\"lazy\" decoding=\"async\" class=\"alignnone size-full wp-image-8874\" src=\"https:\/\/moverdb.com\/wp-content\/uploads\/Vinjes-international-moving-company.png\" alt=\"Mi\u0119dzynarodowa firma przeprowadzkowa Vinjes\" width=\"1440\" height=\"681\" data-wp-pid=\"8874\" srcset=\"https:\/\/moverdb.com\/wp-content\/uploads\/Vinjes-international-moving-company.png 1440w, https:\/\/moverdb.com\/wp-content\/uploads\/Vinjes-international-moving-company-300x142.png 300w, https:\/\/moverdb.com\/wp-content\/uploads\/Vinjes-international-moving-company-1024x484.png 1024w, https:\/\/moverdb.com\/wp-content\/uploads\/Vinjes-international-moving-company-18x9.png 18w, https:\/\/moverdb.com\/wp-content\/uploads\/Vinjes-international-moving-company-600x284.png 600w\" sizes=\"auto, (max-width: 1440px) 100vw, 1440px\" \/><\/p>\n<ul>\n<li>Ruchy krajowe<\/li>\n<li>Przeprowadzki mi\u0119dzynarodowe<\/li>\n<li>Przeprowadzki gospodarstw domowych<\/li>\n<li>Przeniesienie biura<\/li>\n<li>Wyb\u00f3r opcji pakowania<\/li>\n<li>Us\u0142uga pakowania<\/li>\n<li>Organizacja transportu<\/li>\n<li>Wynajem przyczep<\/li>\n<li>Ubezpieczenia<\/li>\n<li>Obiekty magazynowe<\/li>\n<\/ul>\n<p>Vinjes to firma transportowa za\u0142o\u017cona w 1889 roku, kt\u00f3ra oferuje us\u0142ugi przeprowadzkowe i magazynowe, kt\u00f3ra ma siedzib\u0119 w Tiller. Wsp\u00f3\u0142pracuj\u0105 z innymi rzetelnymi firmami przeprowadzkowymi, kt\u00f3re pomagaj\u0105 im w \u015bwiadczeniu us\u0142ug mi\u0119dzynarodowych. S\u0105 cz\u0142onkiem IAM z 134-letnim sta\u017cem.<\/p>\n<p>Firma Vinjes oferuje wyb\u00f3r opcji przeprowadzki, kt\u00f3re obejmuj\u0105 pakowanie we w\u0142asnym zakresie i wynajem przyczep, pakowanie cz\u0119\u015bciowe i pe\u0142n\u0105 us\u0142ug\u0119 pakowania. Us\u0142uga pakowania obejmuje bezpieczne zapakowanie rzeczy w odpowiednie materia\u0142y pakowe i rozpakowanie ich pod nowym adresem. Zapewniaj\u0105 r\u00f3wnie\u017c ubezpieczenie zawarto\u015bci podczas przeprowadzki oraz w razie potrzeby przechowalni\u0119.<\/p>\n<p>Strona internetowa: <a href=\"http:\/\/www.vinjes.no\" target=\"_blank\" rel=\"noopener\">http:\/\/www.vinjes.no<\/a><\/p>\n<h2><span class=\"ez-toc-section\" id=\"Other_Useful_Guides_to_Norway\"><\/span>Inne przydatne przewodniki po Norwegii<span class=\"ez-toc-section-end\"><\/span><\/h2>\n<ul>\n<li> <a href=\"https:\/\/moverdb.com\/pl\/przeladunek-w-kontenerach\/norwegia\/\">2024 Stawki frachtu morskiego kontener\u00f3w do iz Norwegii<\/a><\/li>\n<li> <a href=\"https:\/\/moverdb.com\/pl\/moving-to-norway\/\">Przeprowadzka do Norwegii? Koszty utrzymania i porady dotycz\u0105ce przeprowadzki w 2023 r.<\/a><\/li>\n<li> <a href=\"https:\/\/moverdb.com\/pl\/moving-to-norway\/best-places-to-live-norway\/\">13 najlepszych miejsc do \u017cycia w Norwegii\/a&gt;<\/li>\n<li> <a href=\"https:\/\/moverdb.com\/pl\/moving-to-norway\/living-in-norway\/\">21 sekret\u00f3w dotycz\u0105cych \u017cycia w Norwegii, kt\u00f3re warto pozna\u0107 przed przeprowadzk\u0105<\/a><\/li>\n<\/ul>","protected":false},"excerpt":{"rendered":"<p>If you are moving home or business within, to or from Norway then you may want to employ the services of a moving company to assist you. They can help you with packing, organising transportation and sorting out paperwork. Below we have compiled a list of Norway based removal companies that are members of the [&hellip;]<\/p>\n","protected":false},"author":4,"featured_media":0,"parent":190,"menu_order":0,"comment_status":"closed","ping_status":"closed","template":"","meta":{"_genesis_hide_title":false,"_genesis_hide_breadcrumbs":false,"_genesis_hide_singular_image":false,"_genesis_hide_footer_widgets":false,"_genesis_custom_body_class":"","_genesis_custom_post_class":"","_genesis_layout":"","footnotes":""},"class_list":{"0":"post-8897","1":"page","2":"type-page","3":"status-publish","5":"entry","6":"has-post-thumbnail"},"_links":{"self":[{"href":"https:\/\/moverdb.com\/pl\/wp-json\/wp\/v2\/pages\/8897","targetHints":{"allow":["GET"]}}],"collection":[{"href":"https:\/\/moverdb.com\/pl\/wp-json\/wp\/v2\/pages"}],"about":[{"href":"https:\/\/moverdb.com\/pl\/wp-json\/wp\/v2\/types\/page"}],"author":[{"embeddable":true,"href":"https:\/\/moverdb.com\/pl\/wp-json\/wp\/v2\/users\/4"}],"replies":[{"embeddable":true,"href":"https:\/\/moverdb.com\/pl\/wp-json\/wp\/v2\/comments?post=8897"}],"version-history":[{"count":2,"href":"https:\/\/moverdb.com\/pl\/wp-json\/wp\/v2\/pages\/8897\/revisions"}],"predecessor-version":[{"id":17049,"href":"https:\/\/moverdb.com\/pl\/wp-json\/wp\/v2\/pages\/8897\/revisions\/17049"}],"up":[{"embeddable":true,"href":"https:\/\/moverdb.com\/pl\/wp-json\/wp\/v2\/pages\/190"}],"wp:attachment":[{"href":"https:\/\/moverdb.com\/pl\/wp-json\/wp\/v2\/media?parent=8897"}],"curies":[{"name":"wp","href":"https:\/\/api.w.org\/{rel}","templated":true}]}}