{"id":889,"date":"2016-09-03T15:17:39","date_gmt":"2016-09-03T15:17:39","guid":{"rendered":"http:\/\/moverdb.com\/?page_id=889"},"modified":"2026-01-08T15:20:33","modified_gmt":"2026-01-08T15:20:33","slug":"pss-removals","status":"publish","type":"page","link":"https:\/\/moverdb.com\/pl\/pss-removals\/","title":{"rendered":"PSS Przeprowadzki Mi\u0119dzynarodowe: Us\u0142ugi przeprowadzkowe i recenzje"},"content":{"rendered":"<p>PSS <a href=\"https:\/\/moverdb.com\/pl\/international-removals\/\" data-internallinksmanager029f6b8e52c=\"27\" title=\"36 najlepszych firm zajmuj\u0105cych si\u0119 przeprowadzkami mi\u0119dzynarodowymi w Wielkiej Brytanii\">Przeprowadzki mi\u0119dzynarodowe<\/a> od ponad 34 lat zajmuje si\u0119 przewozem os\u00f3b za granic\u0119. Poni\u017cej przedstawiamy r\u00f3\u017cne us\u0142ugi, kt\u00f3re oferuje.<\/p>\n<p><strong>Przeprowadzki mi\u0119dzynarodowe<\/strong><\/p>\n<ul>\n<li> Us\u0142ugi na zam\u00f3wienie do wi\u0119kszo\u015bci kraj\u00f3w<\/li>\n<li> Wyznaczony koordynator ds. przeprowadzek mi\u0119dzynarodowych<\/li>\n<li> Profesjonalni pakowacze lub opcja samodzielnego pakowania<\/li>\n<li> Us\u0142uga \"od drzwi do drzwi\".<\/li>\n<li> Ustalone ubezpieczenie<\/li>\n<li> Porady dotycz\u0105ce ka\u017cdego aspektu kraju docelowego<\/li>\n<\/ul>\n<p><strong>Us\u0142ugi migracyjne<\/strong><br \/>\n<strong>Informacje\/dokumentacja celna<\/strong><\/p>\n<p><strong><a href=\"https:\/\/moverdb.com\/pl\/przeladunek-w-kontenerach\/\">Wysy\u0142ka mi\u0119dzynarodowa<\/a><\/strong><\/p>\n<ul>\n<li> Fracht morski lub ekspresowy fracht lotniczy<\/li>\n<li> Ustalone ubezpieczenie<\/li>\n<\/ul>\n<p><strong>Ekspresowa przesy\u0142ka zagraniczna<\/strong><\/p>\n<ul>\n<li> Ekspresowa dostawa paczek od drzwi do drzwi w przypadku pilnie potrzebnych artyku\u0142\u00f3w.<\/li>\n<\/ul>\n<p><strong>Nadbaga\u017c<\/strong><\/p>\n<ul>\n<li> Fracht drogowy (na terenie Europy) Fracht morski lub ekspresowy fracht lotniczy<\/li>\n<li> Samodzielne pakowanie<\/li>\n<li> Zapakowane dla Ciebie<\/li>\n<li> Ustalone ubezpieczenie<\/li>\n<\/ul>\n<p><strong><a href=\"https:\/\/moverdb.com\/pl\/car-transport-shipping\/\" data-internallinksmanager029f6b8e52c=\"2\" title=\"2026 Mi\u0119dzynarodowy transport samochodowy i wyceny wysy\u0142ki pojazd\u00f3w\">Spedycja samochod\u00f3w<\/a><\/strong><\/p>\n<ul>\n<li> Wysy\u0142aj samoch\u00f3d osobno<\/li>\n<li> Wysy\u0142aj samoch\u00f3d w tym samym kontenerze co rzeczy<\/li>\n<li> Ustalone ubezpieczenie<\/li>\n<\/ul>\n<h2>Profil firmy PSS Przeprowadzki Mi\u0119dzynarodowe<\/h2>\n<p>Firma PSS International Removals od ponad 34 lat zajmuje si\u0119 przeprowadzkami zagranicznymi. Firma koncentruje si\u0119 na przeprowadzkach zagranicznych i nie obs\u0142uguje przeprowadzek w obr\u0119bie <a href=\"https:\/\/moverdb.com\/pl\/moving-to-the-uk\/\" data-internallinksmanager029f6b8e52c=\"93\" title=\"Przeprowadzasz si\u0119 do Wielkiej Brytanii? 2026 Koszty \u017cycia i wskaz\u00f3wki dotycz\u0105ce przeprowadzki\">UK<\/a>. <\/p>\n<p>PSS przeprowadzki mi\u0119dzynarodowe przewozi przedmioty od pojedynczego kartonu po du\u017ce gospodarstwa domowe, a nawet du\u017ce przeprowadzki firm. \u017badna przeprowadzka nie jest zbyt skomplikowana, zbyt du\u017ca lub ma\u0142a.<\/p>\n<p>Ka\u017cdy cz\u0142onek personelu jest przeszkolony w zakresie procedur eksportowych i wsp\u00f3\u0142pracuje tylko z najlepszymi profesjonalnymi firmami przeprowadzkowymi za granic\u0105, aby zapewni\u0107 us\u0142ugi dostosowane do potrzeb klienta. Firma jest jedn\u0105 z najwi\u0119kszych w Wielkiej Brytanii <a href=\"https:\/\/moverdb.com\/pl\/przeprowadzki-miedzynarodowe\/\">firmy zajmuj\u0105ce si\u0119 przeprowadzkami mi\u0119dzynarodowymi<\/a> i przenios\u0142a 4 536 klient\u00f3w za granic\u0119 w 2015 r.<\/p>\n<p>PSS International posiada nast\u0119puj\u0105ce akredytacje i przynale\u017cno\u015bci:<\/p>\n<ul>\n<li> <a href=\"https:\/\/moverdb.com\/pl\/british-association-of-removers\/\">Brytyjskie Stowarzyszenie Przedsi\u0119biorc\u00f3w Przeprowadzkowych<\/a> (<a href=\"https:\/\/moverdb.com\/pl\/british-association-of-removers\/\" data-internallinksmanager029f6b8e52c=\"9\" title=\"Brytyjskie Stowarzyszenie Przeprowadzek (BAR) - obja\u015bnienia\">BAR<\/a>)<\/li>\n<li> <a href=\"https:\/\/moverdb.com\/pl\/bar-overseas\/\">Brytyjskie Stowarzyszenie Przeprowadzek za Granic\u0119<\/a><\/li>\n<li> <a href=\"https:\/\/moverdb.com\/pl\/fidi-faim\/\">FIDI<\/a><\/li>\n<li> <a href=\"https:\/\/moverdb.com\/pl\/fidi-faim\/\" data-internallinksmanager029f6b8e52c=\"16\" title=\"FIDI i FAIM (FIDI Accredited International Mover) - obja\u015bnienia\">FAIM<\/a><\/li>\n<\/ul>\n<p><strong>PSS International Removals Reviews<\/strong><\/p>\n<p><strong>Pozytywne<\/strong><\/p>\n<ul>\n<li> <em>\"Ka\u017cdy by\u0142 tak pomocny i naprawd\u0119 profesjonalny. Nie mog\u0142em sobie wyobrazi\u0107, \u017ce ten dzie\u0144 mo\u017ce p\u00f3j\u015b\u0107 lepiej i p\u0142ynniej. By\u0142am tak zestresowana, a oni zdo\u0142ali mnie pocieszy\u0107 <a href=\"https:\/\/moverdb.com\/pl\/moving-to-the-united-states\/\" data-internallinksmanager029f6b8e52c=\"94\" title=\"Przeprowadzasz si\u0119 do Stan\u00f3w Zjednoczonych? 2026 Koszty \u017cycia i wskaz\u00f3wki dotycz\u0105ce przeprowadzki\">nas<\/a> do g\u00f3ry. Naprawd\u0119 profesjonalni i mili, sympatyczni ludzie.Jestem pod wielkim wra\u017ceniem.\"<\/em> - Ania przez <a href=\"https:\/\/www.pssremovals.com\/reviews\" target=\"_blank\" rel=\"noopener\">Opinie klient\u00f3w PSS Przeprowadzki<\/a><\/li>\n<li> <em>\"Korzystali\u015bmy z us\u0142ug PSS po rekomendacji znajomych. Mieli\u015bmy do wy\u0142\u0105cznego u\u017cytku 20-stopowy kontener do <a href=\"https:\/\/moverdb.com\/pl\/moving-to-australia\/living-in-australia\/\" data-internallinksmanager029f6b8e52c=\"240\" title=\"21 sekret\u00f3w o \u017cyciu w Australii, kt\u00f3re warto pozna\u0107 przed przeprowadzk\u0105\">Australia<\/a>. Zesp\u00f3\u0142, kt\u00f3ry przyjecha\u0142 i spakowa\u0142 nasz dom by\u0142 niesamowity - pracowali tak szybko. By\u0142y momenty, gdy nasze rzeczy by\u0142y ju\u017c w drodze, \u017ce panikowa\u0142am na my\u015bl o tym, co b\u0119dzie zepsute lub uszkodzone, ale nasze rzeczy dotar\u0142y w zesz\u0142ym tygodniu i wszystko wygl\u0105da tak samo, jak po spakowaniu.\"<\/em> - Zoe via <a href=\"http:\/\/www.mymovingreviews.com\/movers\/pss-international-removals-1788#57593\" target=\"_blank\" rel=\"noopener\">MyMovingReviews.com<\/a> <\/li>\n<li> <em>\"Od pocz\u0105tku do ko\u0144ca nie m\u00f3g\u0142bym by\u0107 bardziej zadowolony z ich us\u0142ug, poniewa\u017c przygotowali doskona\u0142\u0105 konfiguracj\u0119 i przez ca\u0142y czas byli pomocni i przyja\u017ani, co jest bardzo wa\u017cne, bior\u0105c pod uwag\u0119, \u017ce byli\u015bmy prawdopodobnie najbardziej zdezorganizowanymi i zestresowanymi lud\u017ami, jacy kiedykolwiek si\u0119 przeprowadzali\".<\/em> - Michelle via <a href=\"http:\/\/www.removalreviews.co.uk\/movingreviews\/good-company-8764\" target=\"_blank\" rel=\"noopener\">Recenzje przeprowadzek<\/a> <\/li>\n<\/ul>\n<p><strong>Negatywny<\/strong><\/p>\n<ul>\n<li> <em>\"Z\u0142o\u017cy\u0142em wniosek o przew\u00f3z artyku\u0142\u00f3w gospodarstwa domowego z Wielkiej Brytanii do USA. Mimo \u017ce z\u0142o\u017cy\u0142em wniosek z bardzo kr\u00f3tkim wyprzedzeniem i nie wype\u0142ni\u0142em formularzy na czas, NIE JESTEM ZADOWOLONY, \u017ce w miejscu docelowym obci\u0105\u017cono mnie dodatkowymi kosztami w wysoko\u015bci 400 dolar\u00f3w ameryka\u0144skich za losowe skanowanie rentgenowskie w urz\u0119dzie celnym i op\u00f3\u017anienie przyjazdu po 4 miesi\u0105cach, kt\u00f3re obejmuje okres przechowywania\".<\/em> - Sanjay via <a href=\"http:\/\/www.mymovingreviews.com\/movers\/pss-international-removals-1788#57002\" target=\"_blank\" rel=\"noopener\">MyMovingReviews.com<\/a><\/li>\n<li> \"<em>Firma jest po to, by okrada\u0107 ludzi z ich pieni\u0119dzy!!!!!!\".<\/em> - Amir przez <a href=\"http:\/\/www.removalreviews.co.uk\/movingreviews\/straight-up-con-6619\" target=\"_blank\" rel=\"noopener\">Recenzje przeprowadzek<\/a> <\/li>\n<\/ul>\n<div itemprop=\"review\" itemscope itemtype=\"http:\/\/schema.org\/Review\">\n<span itemprop=\"author\" itemscope=\"\" itemtype=\"http:\/\/schema.org\/Organization\"><span itemprop=\"name\">MoverDB.com<\/span><\/span> Przegl\u0105d stron internetowych dla <span itemprop=\"itemreviewed\" itemscope=\"\" itemtype=\"http:\/\/schema.org\/Brand\"><span itemprop=\"name\">PSS Przeprowadzki mi\u0119dzynarodowe<\/span><\/span>:<\/p>\n<ol>\n<li> Przejrzyste dane kontaktowe na stronie internetowej (w tym numer telefonu): <strong>Tak<\/strong><\/li>\n<li> \u0141atwe do uzyskania <a href=\"https:\/\/moverdb.com\/pl\/cytaty\/\">oferty na przeprowadzki mi\u0119dzynarodowe<\/a>? (formularz wniosku o wycen\u0119 online): <strong>Tak<\/strong><\/li>\n<li> Przejrzyste informacje na stronie internetowej: <strong>Tak,<\/strong> wiele szczeg\u00f3\u0142owych informacji o ka\u017cdym miejscu docelowym.<\/li>\n<li> Cz\u0142onkostwo w uznanych mi\u0119dzynarodowych organizacjach zajmuj\u0105cych si\u0119 przemieszczaniem: <strong>Tak<\/strong>patrz wy\u017cej.<\/li>\n<li> Lista klient\u00f3w i\/lub referencje poprzednich klient\u00f3w: <strong>Tak,<\/strong> maj\u0105 stron\u0119 z opiniami klient\u00f3w i generalnie zbieraj\u0105 pozytywne recenzje na innych stronach internetowych.<\/li>\n<\/ol>\n<div itemprop=\"reviewRating\" itemscope itemtype=\"http:\/\/schema.org\/Rating\"><meta itemprop=\"worstRating\" content = \"0\" \/><meta itemprop=\"bestRating\" content=\"5\" \/><meta itemprop=\"ratingValue\" content=\"5\"><\/div>\n<p><strong>Og\u00f3lna ocena: 5\/5<\/strong><br \/>\n<strong>Data przegl\u0105du:<\/strong> <span itemprop=\"datePublished\" content=\"2016-09-03\">03\/09\/2016<\/span>\n<\/div>\n<p>Wi\u0119cej na temat <a href=\"https:\/\/moverdb.com\/pl\/firmy-przeprowadzkowe\/\">firmy zajmuj\u0105ce si\u0119 przeprowadzkami mi\u0119dzynarodowymi<\/a> i nasze <a href=\"https:\/\/moverdb.com\/pl\/recenzje\/\">proces przegl\u0105du<\/a>.<\/p>\n<p><strong>Strona internetowa:<\/strong> <a href=\"https:\/\/www.pssremovals.com\" target=\"_blank\" rel=\"noopener\">https:\/\/www.pssremovals.com<\/a>.<\/p>","protected":false},"excerpt":{"rendered":"<p>PSS International Removals has been moving people abroad for over 34 years. Listed below are the various services they offer. International Removals Bespoke service to most countries Designated international move co-ordinator Professional packers or self-pack option Door to door service Insurance arranged Advice on every aspect of destination country Migration Services Customs Information\/Documentation International Shipping [&hellip;]<\/p>\n","protected":false},"author":1,"featured_media":0,"parent":0,"menu_order":0,"comment_status":"closed","ping_status":"closed","template":"","meta":{"_genesis_hide_title":false,"_genesis_hide_breadcrumbs":false,"_genesis_hide_singular_image":false,"_genesis_hide_footer_widgets":false,"_genesis_custom_body_class":"","_genesis_custom_post_class":"","_genesis_layout":"","footnotes":""},"class_list":{"0":"post-889","1":"page","2":"type-page","3":"status-publish","5":"entry"},"_links":{"self":[{"href":"https:\/\/moverdb.com\/pl\/wp-json\/wp\/v2\/pages\/889","targetHints":{"allow":["GET"]}}],"collection":[{"href":"https:\/\/moverdb.com\/pl\/wp-json\/wp\/v2\/pages"}],"about":[{"href":"https:\/\/moverdb.com\/pl\/wp-json\/wp\/v2\/types\/page"}],"author":[{"embeddable":true,"href":"https:\/\/moverdb.com\/pl\/wp-json\/wp\/v2\/users\/1"}],"replies":[{"embeddable":true,"href":"https:\/\/moverdb.com\/pl\/wp-json\/wp\/v2\/comments?post=889"}],"version-history":[{"count":4,"href":"https:\/\/moverdb.com\/pl\/wp-json\/wp\/v2\/pages\/889\/revisions"}],"predecessor-version":[{"id":6230,"href":"https:\/\/moverdb.com\/pl\/wp-json\/wp\/v2\/pages\/889\/revisions\/6230"}],"wp:attachment":[{"href":"https:\/\/moverdb.com\/pl\/wp-json\/wp\/v2\/media?parent=889"}],"curies":[{"name":"wp","href":"https:\/\/api.w.org\/{rel}","templated":true}]}}